{"id":330,"date":"2022-08-19T17:36:00","date_gmt":"2022-08-19T16:36:00","guid":{"rendered":"http:\/\/mamasjerkstation.com\/basta-dejtingsappar-2022-for-singlar\/"},"modified":"2022-08-19T17:36:00","modified_gmt":"2022-08-19T16:36:00","slug":"basta-dejtingsappar-2022-for-singlar","status":"publish","type":"page","link":"https:\/\/mamasjerkstation.com\/sv\/basta-dejtingsappar-2022-for-singlar\/","title":{"rendered":"B\u00e4sta dejtingsappar 2022 f\u00f6r singlar"},"content":{"rendered":"<p>Om du letar efter k\u00e4rlek online kan det vara sv\u00e5rt att ta reda p\u00e5 var du ska b\u00f6rja. Med hundratals dejtingappar d\u00e4r ute, hur vet du vilken som passar dig? H\u00e4r \u00e4r n\u00e5gra tips som hj\u00e4lper dig att g\u00f6ra r\u00e4tt val.<\/p>\n<h2>Skaffa r\u00e4tt app<\/h2>\n<p>Naturligtvis, eftersom det h\u00e4r \u00e4r en dejtingsapp, inneh\u00e5ller den ett avsnitt f\u00f6r <a href=\"http:\/\/mamasjerkstation.com\/sv\/hbt-dejting\/\">flirta och chatta<\/a>, men det \u00e4r fr\u00e4mst inriktat p\u00e5 att tr\u00e4ffa m\u00e4nniskor f\u00f6r faktiska datum. Och om du letar efter n\u00e5gon som vill ta saker vidare, vill du f\u00f6rmodligen leta n\u00e5gon annanstans.<\/p>\n<p>S\u00e5 om du vill hitta ett trevligt datum online, oavsett om det \u00e4r f\u00f6r ett one night stand eller ett f\u00f6rh\u00e5llande, kommer du definitivt inte att g\u00e5 fel med en av v\u00e5ra rekommendationer<\/p>\n<h3>Mingel2<\/h3>\n<p>Mingle2 \u00e4r en av de mest popul\u00e4ra gratis online dating webbplatser d\u00e4r ute. Med \u00f6ver 40 miljoner registrerade anv\u00e4ndare \u00e4r det ingen \u00f6verraskning att appen har blivit ett m\u00e5ste f\u00f6r alla som letar efter k\u00e4rlek. Du kan anv\u00e4nda webbplatsen f\u00f6r att tr\u00e4ffa m\u00e4nniskor i n\u00e4rheten, chatta och flirta via textmeddelanden.<\/p>\n<p>Appen ansluter dig till singlar baserat p\u00e5 din plats, \u00e5lder och relationspreferenser. Du kan bl\u00e4ddra bland profiler och skicka virtuella g\u00e5vor f\u00f6r att uttrycka intresse. N\u00e4r n\u00e5gon gillar din profil f\u00e5r de en avisering och du kan b\u00f6rja chatta. Om b\u00e5da parter \u00e4r intresserade kan ni ordna att tr\u00e4ffas.<\/p>\n<p>Du beh\u00f6ver inte ens betala n\u00e5gonting; webbplatsen \u00e4r helt gratis att g\u00e5 med. Och eftersom det \u00e4gs av Match Group kan du vara s\u00e4ker p\u00e5 att din personliga information \u00e4r s\u00e4ker.<\/p>\n<h3>Silversinglar<\/h3>\n<p>SilverSingles \u00e4r en online dejtingsajt d\u00e4r seniorer tr\u00e4ffar m\u00e4nniskor som letar efter k\u00e4rlek. De tror att det \u00e4r viktigt att h\u00e5lla saker enkla och l\u00e4tta att anv\u00e4nda. Det \u00e4r d\u00e4rf\u00f6r de inte kr\u00e4ver medlemsavgifter, verifieringssteg eller till och med e-postmeddelanden. Du registrerar dig bara och b\u00f6rjar surfa.<\/p>\n<h3>eHarmony<\/h3>\n<p>eHarmony \u00e4r en av de \u00e4ldsta online dating webbplatser runt. Grundades 2000 och erbjuder kompatibilitetstestning och matchningar baserat p\u00e5 personlighetsdrag. Anv\u00e4ndare st\u00e4lls fr\u00e5gor om sina intressen, v\u00e4rderingar, hobbyer, karri\u00e4rm\u00e5l etc. och f\u00e5r feedback om hur bra de passar ihop. Om du vill hitta k\u00e4rlek kan eHarmony bara tr\u00e4na f\u00f6r dig.<\/p>\n<h3>S\u00f6ker<\/h3>\n<p>Letar du efter n\u00e5got allvarligt? Seek.com \u00e4r utformad f\u00f6r att hj\u00e4lpa dig att f\u00e5 kontakt med m\u00e4nniskor som letar efter l\u00e5ngsiktiga relationer. Du kan bl\u00e4ddra bland profiler baserat p\u00e5 \u00e5lder, plats, relationsstatus och till och med religion. Webbplatsen l\u00e5ter dig st\u00e4lla in varningar f\u00f6r att meddela dig n\u00e4r n\u00e5gon skickar en v\u00e4nf\u00f6rfr\u00e5gan eller skriver ett meddelande till dig. Det \u00e4r gratis att registrera sig och bl\u00e4ddra, men du m\u00e5ste betala f\u00f6r att skicka meddelanden till potentiella kompisar.<\/p>\n<h3>Ashley Madison<\/h3>\n<p>Ashley Madison anses vara den fr\u00e4msta destinationen f\u00f6r gifta m\u00e4nniskor som s\u00f6ker aff\u00e4rer. Som den mest popul\u00e4ra kontaktannonsersidan f\u00f6r vuxna har Ashley Madison \u00f6ver 27 miljoner aktiva medlemmar. Anv\u00e4ndare kan registrera sig gratis och b\u00f6rja bl\u00e4ddra igenom profiler av lokala m\u00e4n och kvinnor. N\u00e4r du har hittat n\u00e5gon du vill tr\u00e4ffa kan du b\u00f6rja chatta och ordna att tr\u00e4ffas. Medlemmar kan betala extra f\u00f6r att f\u00e5 speciella f\u00f6rm\u00e5ner som VIP-status, f\u00f6rb\u00e4ttrade s\u00e4kerhets\u00e5tg\u00e4rder och 24\/7 kundsupport.<\/p>\n","protected":false},"excerpt":{"rendered":"<p>Om du letar efter k\u00e4rlek online kan det vara sv\u00e5rt att ta reda p\u00e5 var du ska b\u00f6rja. Med hundratals dejtingappar d\u00e4r ute, hur vet &hellip; <\/p>\n","protected":false},"author":1,"featured_media":137,"parent":0,"menu_order":0,"comment_status":"closed","ping_status":"closed","template":"","meta":[],"yoast_head":"<!-- This site is optimized with the Yoast SEO plugin v17.7.1 - https:\/\/yoast.com\/wordpress\/plugins\/seo\/ -->\n<title>B\u00e4sta dejtingsappar 2022 f\u00f6r singlar - Jerk Dating<\/title>\n<meta name=\"robots\" content=\"index, follow, max-snippet:-1, max-image-preview:large, max-video-preview:-1\" \/>\n<link rel=\"canonical\" href=\"https:\/\/mamasjerkstation.com\/sv\/basta-dejtingsappar-2022-for-singlar\/\" \/>\n<meta property=\"og:locale\" content=\"sv_SE\" \/>\n<meta property=\"og:type\" content=\"article\" \/>\n<meta property=\"og:title\" content=\"B\u00e4sta dejtingsappar 2022 f\u00f6r singlar - Jerk Dating\" \/>\n<meta property=\"og:description\" content=\"Om du letar efter k\u00e4rlek online kan det vara sv\u00e5rt att ta reda p\u00e5 var du ska b\u00f6rja. Med hundratals dejtingappar d\u00e4r ute, hur vet &hellip;\" \/>\n<meta property=\"og:url\" content=\"https:\/\/mamasjerkstation.com\/sv\/basta-dejtingsappar-2022-for-singlar\/\" \/>\n<meta property=\"og:site_name\" content=\"Jerk Dating\" \/>\n<meta property=\"og:image\" content=\"http:\/\/mamasjerkstation.com\/wp-content\/uploads\/2022\/08\/dating.jpeg\" \/>\n\t<meta property=\"og:image:width\" content=\"2000\" \/>\n\t<meta property=\"og:image:height\" content=\"1500\" \/>\n<meta name=\"twitter:card\" content=\"summary_large_image\" \/>\n<meta name=\"twitter:label1\" content=\"Ber\u00e4knad l\u00e4stid\" \/>\n\t<meta name=\"twitter:data1\" content=\"3 minuter\" \/>\n<script type=\"application\/ld+json\" class=\"yoast-schema-graph\">{\"@context\":\"https:\/\/schema.org\",\"@graph\":[{\"@type\":\"WebSite\",\"@id\":\"https:\/\/mamasjerkstation.com\/#website\",\"url\":\"https:\/\/mamasjerkstation.com\/\",\"name\":\"Jerk Dating\",\"description\":\"Online Sex Websites\",\"potentialAction\":[{\"@type\":\"SearchAction\",\"target\":{\"@type\":\"EntryPoint\",\"urlTemplate\":\"https:\/\/mamasjerkstation.com\/?s={search_term_string}\"},\"query-input\":\"required name=search_term_string\"}],\"inLanguage\":\"sv-SE\"},{\"@type\":\"ImageObject\",\"@id\":\"https:\/\/mamasjerkstation.com\/sv\/basta-dejtingsappar-2022-for-singlar\/#primaryimage\",\"inLanguage\":\"sv-SE\",\"url\":\"https:\/\/mamasjerkstation.com\/wp-content\/uploads\/2022\/08\/dating.jpeg\",\"contentUrl\":\"https:\/\/mamasjerkstation.com\/wp-content\/uploads\/2022\/08\/dating.jpeg\",\"width\":2000,\"height\":1500},{\"@type\":\"WebPage\",\"@id\":\"https:\/\/mamasjerkstation.com\/sv\/basta-dejtingsappar-2022-for-singlar\/#webpage\",\"url\":\"https:\/\/mamasjerkstation.com\/sv\/basta-dejtingsappar-2022-for-singlar\/\",\"name\":\"B\\u00e4sta dejtingsappar 2022 f\\u00f6r singlar - Jerk Dating\",\"isPartOf\":{\"@id\":\"https:\/\/mamasjerkstation.com\/#website\"},\"primaryImageOfPage\":{\"@id\":\"https:\/\/mamasjerkstation.com\/sv\/basta-dejtingsappar-2022-for-singlar\/#primaryimage\"},\"datePublished\":\"2022-08-19T16:36:00+00:00\",\"dateModified\":\"2022-08-19T16:36:00+00:00\",\"breadcrumb\":{\"@id\":\"https:\/\/mamasjerkstation.com\/sv\/basta-dejtingsappar-2022-for-singlar\/#breadcrumb\"},\"inLanguage\":\"sv-SE\",\"potentialAction\":[{\"@type\":\"ReadAction\",\"target\":[\"https:\/\/mamasjerkstation.com\/sv\/basta-dejtingsappar-2022-for-singlar\/\"]}]},{\"@type\":\"BreadcrumbList\",\"@id\":\"https:\/\/mamasjerkstation.com\/sv\/basta-dejtingsappar-2022-for-singlar\/#breadcrumb\",\"itemListElement\":[{\"@type\":\"ListItem\",\"position\":1,\"name\":\"Home\",\"item\":\"https:\/\/mamasjerkstation.com\/sv\/\"},{\"@type\":\"ListItem\",\"position\":2,\"name\":\"B\\u00e4sta dejtingsappar 2022 f\\u00f6r singlar\"}]}]}<\/script>\n<!-- \/ Yoast SEO plugin. -->","yoast_head_json":{"title":"B\u00e4sta dejtingsappar 2022 f\u00f6r singlar - Jerk Dating","robots":{"index":"index","follow":"follow","max-snippet":"max-snippet:-1","max-image-preview":"max-image-preview:large","max-video-preview":"max-video-preview:-1"},"canonical":"https:\/\/mamasjerkstation.com\/sv\/basta-dejtingsappar-2022-for-singlar\/","og_locale":"sv_SE","og_type":"article","og_title":"B\u00e4sta dejtingsappar 2022 f\u00f6r singlar - Jerk Dating","og_description":"Om du letar efter k\u00e4rlek online kan det vara sv\u00e5rt att ta reda p\u00e5 var du ska b\u00f6rja. Med hundratals dejtingappar d\u00e4r ute, hur vet &hellip;","og_url":"https:\/\/mamasjerkstation.com\/sv\/basta-dejtingsappar-2022-for-singlar\/","og_site_name":"Jerk Dating","og_image":[{"width":2000,"height":1500,"url":"http:\/\/mamasjerkstation.com\/wp-content\/uploads\/2022\/08\/dating.jpeg","type":"image\/jpeg"}],"twitter_card":"summary_large_image","twitter_misc":{"Ber\u00e4knad l\u00e4stid":"3 minuter"},"schema":{"@context":"https:\/\/schema.org","@graph":[{"@type":"WebSite","@id":"https:\/\/mamasjerkstation.com\/#website","url":"https:\/\/mamasjerkstation.com\/","name":"Jerk Dating","description":"Online Sex Websites","potentialAction":[{"@type":"SearchAction","target":{"@type":"EntryPoint","urlTemplate":"https:\/\/mamasjerkstation.com\/?s={search_term_string}"},"query-input":"required name=search_term_string"}],"inLanguage":"sv-SE"},{"@type":"ImageObject","@id":"https:\/\/mamasjerkstation.com\/sv\/basta-dejtingsappar-2022-for-singlar\/#primaryimage","inLanguage":"sv-SE","url":"https:\/\/mamasjerkstation.com\/wp-content\/uploads\/2022\/08\/dating.jpeg","contentUrl":"https:\/\/mamasjerkstation.com\/wp-content\/uploads\/2022\/08\/dating.jpeg","width":2000,"height":1500},{"@type":"WebPage","@id":"https:\/\/mamasjerkstation.com\/sv\/basta-dejtingsappar-2022-for-singlar\/#webpage","url":"https:\/\/mamasjerkstation.com\/sv\/basta-dejtingsappar-2022-for-singlar\/","name":"B\u00e4sta dejtingsappar 2022 f\u00f6r singlar - Jerk Dating","isPartOf":{"@id":"https:\/\/mamasjerkstation.com\/#website"},"primaryImageOfPage":{"@id":"https:\/\/mamasjerkstation.com\/sv\/basta-dejtingsappar-2022-for-singlar\/#primaryimage"},"datePublished":"2022-08-19T16:36:00+00:00","dateModified":"2022-08-19T16:36:00+00:00","breadcrumb":{"@id":"https:\/\/mamasjerkstation.com\/sv\/basta-dejtingsappar-2022-for-singlar\/#breadcrumb"},"inLanguage":"sv-SE","potentialAction":[{"@type":"ReadAction","target":["https:\/\/mamasjerkstation.com\/sv\/basta-dejtingsappar-2022-for-singlar\/"]}]},{"@type":"BreadcrumbList","@id":"https:\/\/mamasjerkstation.com\/sv\/basta-dejtingsappar-2022-for-singlar\/#breadcrumb","itemListElement":[{"@type":"ListItem","position":1,"name":"Home","item":"https:\/\/mamasjerkstation.com\/sv\/"},{"@type":"ListItem","position":2,"name":"B\u00e4sta dejtingsappar 2022 f\u00f6r singlar"}]}]}},"_links":{"self":[{"href":"https:\/\/mamasjerkstation.com\/sv\/wp-json\/wp\/v2\/pages\/330"}],"collection":[{"href":"https:\/\/mamasjerkstation.com\/sv\/wp-json\/wp\/v2\/pages"}],"about":[{"href":"https:\/\/mamasjerkstation.com\/sv\/wp-json\/wp\/v2\/types\/page"}],"author":[{"embeddable":true,"href":"https:\/\/mamasjerkstation.com\/sv\/wp-json\/wp\/v2\/users\/1"}],"replies":[{"embeddable":true,"href":"https:\/\/mamasjerkstation.com\/sv\/wp-json\/wp\/v2\/comments?post=330"}],"version-history":[{"count":0,"href":"https:\/\/mamasjerkstation.com\/sv\/wp-json\/wp\/v2\/pages\/330\/revisions"}],"wp:featuredmedia":[{"embeddable":true,"href":"https:\/\/mamasjerkstation.com\/sv\/wp-json\/wp\/v2\/media\/137"}],"wp:attachment":[{"href":"https:\/\/mamasjerkstation.com\/sv\/wp-json\/wp\/v2\/media?parent=330"}],"curies":[{"name":"wp","href":"https:\/\/api.w.org\/{rel}","templated":true}]}}