{"id":325,"date":"2022-08-19T16:45:46","date_gmt":"2022-08-19T15:45:46","guid":{"rendered":"http:\/\/mamasjerkstation.com\/hitta-ratt-jerk-off-webbplats-for-dig-sexting-online\/"},"modified":"2022-08-19T16:45:46","modified_gmt":"2022-08-19T15:45:46","slug":"hitta-ratt-jerk-off-webbplats-for-dig-sexting-online","status":"publish","type":"page","link":"https:\/\/mamasjerkstation.com\/sv\/","title":{"rendered":"Hitta r\u00e4tt Jerk Off-webbplats f\u00f6r dig: Sexting online"},"content":{"rendered":"<p>Sexchatt \u00e4r en typ av onlinekommunikation d\u00e4r m\u00e4nniskor deltar i sexuella aktiviteter medan de kommunicerar via textmeddelanden, snabbmeddelandeappar, sociala medieplattformar etc. Denna form av kommunikation kallas ofta sexting, \u00e4ven om den tekniskt skiljer sig fr\u00e5n sexting eftersom det inneb\u00e4r att chatta om sex snarare \u00e4n att skicka explicita bilder eller videor av sig sj\u00e4lv.<\/p>\n<h2>Hitta r\u00e4tt Jerk Cam-webbplatser<\/h2>\n<p>Det finns inget b\u00e4ttre s\u00e4tt att <a href=\"http:\/\/mamasjerkstation.com\/sv\/hbt-dejting\/\">tr\u00e4ffa likasinnade individer<\/a> och diskutera \u00e4mnen som BDSM, fetischer, kink, rollspel, fetischkl\u00e4der och mycket mer. V\u00e5r live videochattfunktion l\u00e5ter dig se hur andra ser ut, s\u00e5 att du kan best\u00e4mma om du vill interagera med dem. Om du hellre bara vill l\u00e4sa har vi massor av artiklar skrivna av riktiga m\u00e4nniskor som diskuterar allt fr\u00e5n hur man plockar upp tjejer till hur man g\u00f6r sig oemotst\u00e5ndlig.<\/p>\n<h3>Dejtingappar eller sexchattwebbplatser?<\/h3>\n<p>V\u00e4rlden \u00e4r full av m\u00e4nniskor som letar efter k\u00e4rlek online. Oavsett om de s\u00f6ker n\u00e5gon speciell hittills, eller bara vill ansluta, finns det m\u00e5nga s\u00e4tt att hitta romantik. Ett s\u00e4tt att g\u00f6ra det \u00e4r via en dejtingapp som Tinder. Men medan appar som Tinder \u00e4r bra f\u00f6r att tr\u00e4ffa potentiella datum, ger de inte alltid den b\u00e4sta upplevelsen f\u00f6r dem som vill tr\u00e4ffa andra i verkligheten.<\/p>\n<p>Det \u00e4r d\u00e4rf\u00f6r det finns m\u00e5nga olika typer av sociala n\u00e4tverk som \u00e4r utformade f\u00f6r att hj\u00e4lpa dig att f\u00e5 kontakt med m\u00e4nniskor personligen. Vissa l\u00e5ter dig g\u00e5 med i grupper baserat p\u00e5 intressen, hobbyer och mer. Andra l\u00e5ter dig g\u00f6ra v\u00e4nner med fr\u00e4mlingar, eller helt enkelt prata med m\u00e4nniskor i n\u00e4rheten. Och ytterligare andra erbjuder m\u00f6jligheter till avslappnade m\u00f6ten &#8211; som en snabbis i en park eller ett nattduksbord p\u00e5 ett hotellrum.<\/p>\n<p><img loading=\"lazy\" class=\"aligncenter wp-image-53\" src=\"http:\/\/mamasjerkstation.com\/wp-content\/uploads\/2022\/08\/adult-cams-1024x683.jpeg\" alt=\"\" width=\"705\" height=\"470\" srcset=\"https:\/\/mamasjerkstation.com\/wp-content\/uploads\/2022\/08\/adult-cams-1024x683.jpeg 1024w, https:\/\/mamasjerkstation.com\/wp-content\/uploads\/2022\/08\/adult-cams-300x200.jpeg 300w, https:\/\/mamasjerkstation.com\/wp-content\/uploads\/2022\/08\/adult-cams-768x512.jpeg 768w, https:\/\/mamasjerkstation.com\/wp-content\/uploads\/2022\/08\/adult-cams.jpeg 1125w\" sizes=\"(max-width: 705px) 100vw, 705px\" \/><\/p>\n<h3>Vad s\u00e4gs om att anv\u00e4nda cam-webbplatser?<\/h3>\n<p>Dessa webbplatser till\u00e5ter individer att se andra delta i sexuella handlingar utan att beh\u00f6va betala. N\u00e5gra av de mest k\u00e4nda live sex cam-webbplatserna inkluderar Chaturbate, LiveJasmin, Cam4, MyFreeCams och Streamberry.<\/p>\n<p>Medan vissa m\u00e4nniskor kan anta att porrstj\u00e4rnor tj\u00e4nar huvuddelen av pengarna p\u00e5 webbkamera, visar det sig att m\u00e5nga modeller faktiskt tj\u00e4nar mindre \u00e4n $ 100 per m\u00e5nad. Och \u00e4ven om det verkligen finns undantag, tj\u00e4nar de flesta modeller inte tillr\u00e4ckligt med pengar f\u00f6r att f\u00f6rs\u00f6rja sig helt utanf\u00f6r webbkamera. Men hur \u00e4r det med de tillf\u00e4llen d\u00e5 du inte k\u00e4nner f\u00f6r att titta p\u00e5 porr? Eller kanske du bara vill se hur sexig en annan person ser naken ut? Det finns m\u00e5nga s\u00e4tt att g\u00f6ra det ocks\u00e5. Till exempel str\u00f6mmar vissa sexchattwebbplatser livevideofl\u00f6den fr\u00e5n sina medlemmars webbkameror. Dessa livestreamar kommer vanligtvis med en kostnad, men ibland \u00e4r de helt gratis.<\/p>\n<h2>V\u00e5rt heta val: Dirty Roulette<\/h2>\n<p>Dirty Roulette \u00e4r en av de \u00e4ldsta webbkamerasidorna online, den lanserades 2005. Denna videochattwebbplats f\u00f6r vuxna erbjuder gratis live sexkameror med tusentals modeller fr\u00e5n hela v\u00e4rlden. Du beh\u00f6ver inte ens registrera dig. V\u00e4lj bara en modell du gillar och b\u00f6rja chatta. Om du vill se mer, tipsa henne bara &#8211; hon g\u00f6r vad som helst f\u00f6r pengar. Kolla in listan \u00f6ver b\u00e4sta kamflickor h\u00e4r. Dirtyroulette \u00e4r en av de mest popul\u00e4ra live cam-webbplatserna online. Du kan se hundratals sexiga tjejer utf\u00f6ra levande sexhandlingar som onani, avsugningar och mer. Denna webbplats \u00e4r mycket l\u00e4tt att anv\u00e4nda. Registrera dig bara s\u00e5 kan du b\u00f6rja titta direkt. Det kr\u00e4vs inga nedladdningar, bara registrera dig och b\u00f6rja chatta.<\/p>\n<h2>Cam4<\/h2>\n<p>Cam4 \u00e4r en av de mest popul\u00e4ra webbplatserna f\u00f6r att titta p\u00e5 live webbkameraflickor online. Det finns tusentals och \u00e5ter tusentals vackra kvinnor som v\u00e4ntar p\u00e5 att tr\u00e4ffa dig online. Allt du beh\u00f6ver g\u00f6ra \u00e4r att registrera dig f\u00f6r ett gratis konto och b\u00f6rja surfa p\u00e5 deras webbkameraflickor.<\/p>\n<p>Du kommer att m\u00e4rka att vi har olika kategorier baserat p\u00e5 vad du \u00e4r intresserad av att hitta. Oavsett om det \u00e4r ton\u00e5rswebbkameraflickor, MILF-webbkameraflickor eller till och med bara amat\u00f6rwebbkameraflickor, finns det n\u00e5got f\u00f6r alla h\u00e4r. Bl\u00e4ddra runt p\u00e5 deras webbplats och se hur m\u00e5nga heta webbkameraflickor du kan hitta. N\u00e4r du har hittat modellen som du vill prata med g\u00e5r du bara in i hennes chattrum s\u00e5 \u00e4r hon redo att ta dina fr\u00e5gor. Om du inte vet var du ska b\u00f6rja \u00e4r du v\u00e4lkommen att fr\u00e5ga oss n\u00e5got om webbkameraflickorna du vill prata med. Deras kundsupportteam hj\u00e4lper dig alltid g\u00e4rna.<\/p>\n<p>Den fr\u00e4msta anledningen till att CAM4 sticker ut fr\u00e5n resten av t\u00e4vlingen \u00e4r p\u00e5 grund av det faktum att de ger sina anv\u00e4ndare m\u00f6jlighet att interagera med varje modell under sin liveshow. Med den h\u00e4r funktionen kan du njuta av \u00e5tg\u00e4rden medan du chattar direkt med modellerna. Dessutom kan du skicka obegr\u00e4nsade textmeddelanden under hela sessionen, st\u00e4lla fr\u00e5gor om artistens utseende, kroppstyp, etnicitet, h\u00e5rf\u00e4rg, \u00e5lder och m\u00e5nga<\/p>\n<h2>V\u00e5ra r\u00e5d<\/h2>\n<p>Ge f\u00f6rst de tv\u00e5 apparna vi rekommenderade ovan ett f\u00f6rs\u00f6k, om de inte \u00e4r f\u00f6r dig, prova ett annat popul\u00e4rt val som Chaturbate.<\/p>\n<p>Detta \u00e4r f\u00f6rmodligen det st\u00f6rsta namnet inom vuxenunderh\u00e5llning idag. Med \u00f6ver 5 miljoner m\u00e5natliga bes\u00f6k \u00e4r Chaturbate v\u00e4rldens st\u00f6rsta live camming-plattform. De erbjuder ett stort utbud av funktioner inklusive sexiga videochattar, stygga fotogallerier och till och med gruppsexsessioner.<\/p>\n","protected":false},"excerpt":{"rendered":"<p>Sexchatt \u00e4r en typ av onlinekommunikation d\u00e4r m\u00e4nniskor deltar i sexuella aktiviteter medan de kommunicerar via textmeddelanden, snabbmeddelandeappar, sociala medieplattformar etc. Denna form av kommunikation &hellip; <\/p>\n","protected":false},"author":1,"featured_media":107,"parent":0,"menu_order":0,"comment_status":"closed","ping_status":"closed","template":"","meta":[],"yoast_head":"<!-- This site is optimized with the Yoast SEO plugin v17.7.1 - https:\/\/yoast.com\/wordpress\/plugins\/seo\/ -->\n<title>Hitta r\u00e4tt Jerk Off-webbplats f\u00f6r dig: Sexting online - Jerk Dating<\/title>\n<meta name=\"robots\" content=\"index, follow, max-snippet:-1, max-image-preview:large, max-video-preview:-1\" \/>\n<link rel=\"canonical\" href=\"https:\/\/mamasjerkstation.com\/sv\/\" \/>\n<meta property=\"og:locale\" content=\"sv_SE\" \/>\n<meta property=\"og:type\" content=\"article\" \/>\n<meta property=\"og:title\" content=\"Hitta r\u00e4tt Jerk Off-webbplats f\u00f6r dig: Sexting online - Jerk Dating\" \/>\n<meta property=\"og:description\" content=\"Sexchatt \u00e4r en typ av onlinekommunikation d\u00e4r m\u00e4nniskor deltar i sexuella aktiviteter medan de kommunicerar via textmeddelanden, snabbmeddelandeappar, sociala medieplattformar etc. Denna form av kommunikation &hellip;\" \/>\n<meta property=\"og:url\" content=\"https:\/\/mamasjerkstation.com\/sv\/\" \/>\n<meta property=\"og:site_name\" content=\"Jerk Dating\" \/>\n<meta property=\"og:image\" content=\"http:\/\/mamasjerkstation.com\/wp-content\/uploads\/2022\/08\/sexting-cam-rooms.jpeg\" \/>\n\t<meta property=\"og:image:width\" content=\"1125\" \/>\n\t<meta property=\"og:image:height\" content=\"750\" \/>\n<meta name=\"twitter:card\" content=\"summary_large_image\" \/>\n<meta name=\"twitter:label1\" content=\"Ber\u00e4knad l\u00e4stid\" \/>\n\t<meta name=\"twitter:data1\" content=\"5 minuter\" \/>\n<script type=\"application\/ld+json\" class=\"yoast-schema-graph\">{\"@context\":\"https:\/\/schema.org\",\"@graph\":[{\"@type\":\"WebSite\",\"@id\":\"https:\/\/mamasjerkstation.com\/#website\",\"url\":\"https:\/\/mamasjerkstation.com\/\",\"name\":\"Jerk Dating\",\"description\":\"Online Sex Websites\",\"potentialAction\":[{\"@type\":\"SearchAction\",\"target\":{\"@type\":\"EntryPoint\",\"urlTemplate\":\"https:\/\/mamasjerkstation.com\/?s={search_term_string}\"},\"query-input\":\"required name=search_term_string\"}],\"inLanguage\":\"sv-SE\"},{\"@type\":\"ImageObject\",\"@id\":\"https:\/\/mamasjerkstation.com\/sv\/#primaryimage\",\"inLanguage\":\"sv-SE\",\"url\":\"https:\/\/mamasjerkstation.com\/wp-content\/uploads\/2022\/08\/sexting-cam-rooms.jpeg\",\"contentUrl\":\"https:\/\/mamasjerkstation.com\/wp-content\/uploads\/2022\/08\/sexting-cam-rooms.jpeg\",\"width\":1125,\"height\":750},{\"@type\":\"WebPage\",\"@id\":\"https:\/\/mamasjerkstation.com\/sv\/#webpage\",\"url\":\"https:\/\/mamasjerkstation.com\/sv\/\",\"name\":\"Hitta r\\u00e4tt Jerk Off-webbplats f\\u00f6r dig: Sexting online - Jerk Dating\",\"isPartOf\":{\"@id\":\"https:\/\/mamasjerkstation.com\/#website\"},\"primaryImageOfPage\":{\"@id\":\"https:\/\/mamasjerkstation.com\/sv\/#primaryimage\"},\"datePublished\":\"2022-08-19T15:45:46+00:00\",\"dateModified\":\"2022-08-19T15:45:46+00:00\",\"breadcrumb\":{\"@id\":\"https:\/\/mamasjerkstation.com\/sv\/#breadcrumb\"},\"inLanguage\":\"sv-SE\",\"potentialAction\":[{\"@type\":\"ReadAction\",\"target\":[\"https:\/\/mamasjerkstation.com\/sv\/\"]}]},{\"@type\":\"BreadcrumbList\",\"@id\":\"https:\/\/mamasjerkstation.com\/sv\/#breadcrumb\",\"itemListElement\":[{\"@type\":\"ListItem\",\"position\":1,\"name\":\"Home\",\"item\":\"http:\/\/mamasjerkstation.com\/sv\/\"},{\"@type\":\"ListItem\",\"position\":2,\"name\":\"Hitta r\\u00e4tt Jerk Off-webbplats f\\u00f6r dig: Sexting online\"}]}]}<\/script>\n<!-- \/ Yoast SEO plugin. -->","yoast_head_json":{"title":"Hitta r\u00e4tt Jerk Off-webbplats f\u00f6r dig: Sexting online - Jerk Dating","robots":{"index":"index","follow":"follow","max-snippet":"max-snippet:-1","max-image-preview":"max-image-preview:large","max-video-preview":"max-video-preview:-1"},"canonical":"https:\/\/mamasjerkstation.com\/sv\/","og_locale":"sv_SE","og_type":"article","og_title":"Hitta r\u00e4tt Jerk Off-webbplats f\u00f6r dig: Sexting online - Jerk Dating","og_description":"Sexchatt \u00e4r en typ av onlinekommunikation d\u00e4r m\u00e4nniskor deltar i sexuella aktiviteter medan de kommunicerar via textmeddelanden, snabbmeddelandeappar, sociala medieplattformar etc. Denna form av kommunikation &hellip;","og_url":"https:\/\/mamasjerkstation.com\/sv\/","og_site_name":"Jerk Dating","og_image":[{"width":1125,"height":750,"url":"http:\/\/mamasjerkstation.com\/wp-content\/uploads\/2022\/08\/sexting-cam-rooms.jpeg","type":"image\/jpeg"}],"twitter_card":"summary_large_image","twitter_misc":{"Ber\u00e4knad l\u00e4stid":"5 minuter"},"schema":{"@context":"https:\/\/schema.org","@graph":[{"@type":"WebSite","@id":"https:\/\/mamasjerkstation.com\/#website","url":"https:\/\/mamasjerkstation.com\/","name":"Jerk Dating","description":"Online Sex Websites","potentialAction":[{"@type":"SearchAction","target":{"@type":"EntryPoint","urlTemplate":"https:\/\/mamasjerkstation.com\/?s={search_term_string}"},"query-input":"required name=search_term_string"}],"inLanguage":"sv-SE"},{"@type":"ImageObject","@id":"https:\/\/mamasjerkstation.com\/sv\/#primaryimage","inLanguage":"sv-SE","url":"https:\/\/mamasjerkstation.com\/wp-content\/uploads\/2022\/08\/sexting-cam-rooms.jpeg","contentUrl":"https:\/\/mamasjerkstation.com\/wp-content\/uploads\/2022\/08\/sexting-cam-rooms.jpeg","width":1125,"height":750},{"@type":"WebPage","@id":"https:\/\/mamasjerkstation.com\/sv\/#webpage","url":"https:\/\/mamasjerkstation.com\/sv\/","name":"Hitta r\u00e4tt Jerk Off-webbplats f\u00f6r dig: Sexting online - Jerk Dating","isPartOf":{"@id":"https:\/\/mamasjerkstation.com\/#website"},"primaryImageOfPage":{"@id":"https:\/\/mamasjerkstation.com\/sv\/#primaryimage"},"datePublished":"2022-08-19T15:45:46+00:00","dateModified":"2022-08-19T15:45:46+00:00","breadcrumb":{"@id":"https:\/\/mamasjerkstation.com\/sv\/#breadcrumb"},"inLanguage":"sv-SE","potentialAction":[{"@type":"ReadAction","target":["https:\/\/mamasjerkstation.com\/sv\/"]}]},{"@type":"BreadcrumbList","@id":"https:\/\/mamasjerkstation.com\/sv\/#breadcrumb","itemListElement":[{"@type":"ListItem","position":1,"name":"Home","item":"http:\/\/mamasjerkstation.com\/sv\/"},{"@type":"ListItem","position":2,"name":"Hitta r\u00e4tt Jerk Off-webbplats f\u00f6r dig: Sexting online"}]}]}},"_links":{"self":[{"href":"https:\/\/mamasjerkstation.com\/sv\/wp-json\/wp\/v2\/pages\/325"}],"collection":[{"href":"https:\/\/mamasjerkstation.com\/sv\/wp-json\/wp\/v2\/pages"}],"about":[{"href":"https:\/\/mamasjerkstation.com\/sv\/wp-json\/wp\/v2\/types\/page"}],"author":[{"embeddable":true,"href":"https:\/\/mamasjerkstation.com\/sv\/wp-json\/wp\/v2\/users\/1"}],"replies":[{"embeddable":true,"href":"https:\/\/mamasjerkstation.com\/sv\/wp-json\/wp\/v2\/comments?post=325"}],"version-history":[{"count":0,"href":"https:\/\/mamasjerkstation.com\/sv\/wp-json\/wp\/v2\/pages\/325\/revisions"}],"wp:featuredmedia":[{"embeddable":true,"href":"https:\/\/mamasjerkstation.com\/sv\/wp-json\/wp\/v2\/media\/107"}],"wp:attachment":[{"href":"https:\/\/mamasjerkstation.com\/sv\/wp-json\/wp\/v2\/media?parent=325"}],"curies":[{"name":"wp","href":"https:\/\/api.w.org\/{rel}","templated":true}]}}