{"id":319,"date":"2022-08-19T18:41:19","date_gmt":"2022-08-19T17:41:19","guid":{"rendered":"http:\/\/mamasjerkstation.com\/sexchattrum\/"},"modified":"2022-08-19T18:41:19","modified_gmt":"2022-08-19T17:41:19","slug":"sexchattrum","status":"publish","type":"page","link":"https:\/\/mamasjerkstation.com\/sv\/sexchattrum\/","title":{"rendered":"Sexchattrum"},"content":{"rendered":"<p>M\u00f6t i chatten \u00e4r det b\u00e4sta st\u00e4llet att hitta riktiga m\u00e4nniskor att prata smutsigt med online! Du kommer inte tro hur l\u00e4tt det \u00e4r att f\u00e5 nya v\u00e4nner h\u00e4r och hur roligt det \u00e4r att flirta med fr\u00e4mlingar. Vi har hundratals sexiga tjejer som v\u00e4ntar p\u00e5 att ta dina samtal!<\/p>\n<p>Du \u00e4r aldrig f\u00f6r gammal eller f\u00f6r ung f\u00f6r att prova v\u00e5ra helt <a href=\"http:\/\/mamasjerkstation.com\/sv\/basta-dejtingsappar-2022-for-singlar\/\">gratis chattrum f\u00f6r vuxna<\/a>. V\u00e4lj bara en av kategorierna ovan, logga in i rummet och b\u00f6rja chatta bort!<\/p>\n<p>Det finns inga gr\u00e4nser f\u00f6r vad du kan g\u00f6ra i v\u00e5ra rum &#8211; fr\u00e5ga oss bara vad som helst! Vill du veta mer om sexleksaker kan vi hj\u00e4lpa till d\u00e4r ocks\u00e5. Vill du l\u00e4ra dig mer om oralsextekniker? Fr\u00e5ga oss! Vill du veta mer om BDSM? L\u00e5t oss veta! Vi \u00e4lskar att prata om allt kinky!<\/p>\n<h2>Vad \u00e4r den b\u00e4sta webbplatsen att anv\u00e4nda?<\/h2>\n<p>Jag \u00e4r s\u00e4ker p\u00e5 att m\u00e5nga av oss ser fram emot en b\u00e4ttre framtid d\u00e4r vi inte l\u00e4ngre beh\u00f6ver betala f\u00f6r porr online. Men bara f\u00f6r att det finns gott om bra gratis porrsajter d\u00e4r ute betyder det inte att det alltid \u00e4r l\u00e4tt att hitta en som fungerar bra. N\u00e4r du letar efter en premiumwebbplats som erbjuder h\u00f6gkvalitativ video, kamflickor och live webbkamerachattar vill du se till att du v\u00e4ljer en ansedd k\u00e4lla.<\/p>\n<h3>Chaturbate<\/h3>\n<p>Chaturbate \u00e4r en av de mest popul\u00e4ra webbkamerasidorna online. Om du vill se n\u00e5gra heta live sexvideor \u00e4r du f\u00f6rmodligen redan bekant med det. Men visste du att det finns m\u00e5nga olika s\u00e4tt att bl\u00e4ddra bland kamflickor? H\u00e4r \u00e4r tre enkla metoder.<\/p>\n<p>Det finns tusentals kamflickor p\u00e5 Chaturbate, och varje modell har vanligtvis flera videoklipp d\u00e4r hon utf\u00f6r vissa sexuella handlingar. Om du till exempel vill se henne onanera kan du titta under fliken &#8221;onani&#8221;. Vissa modeller har flera onanivideor, medan andra bara har en eller tv\u00e5.<\/p>\n<h2>M\u00e5ste du betala?<\/h2>\n<p>Alla webbplatser \/ tjejer som anges ovan \u00e4r helt gratis att bl\u00e4ddra, s\u00e5 du beh\u00f6ver inte oroa dig f\u00f6r att spendera pengar p\u00e5 deras inneh\u00e5ll. Men om du f\u00f6redrar att st\u00f6dja de kamflickor som du gillar, accepterar m\u00e5nga av dem tips via PayPal. Detta g\u00f6r det l\u00e4ttare att skicka dem pengar direkt fr\u00e5n din webbl\u00e4sare. Dessutom erbjuder m\u00e5nga av webbplatserna rabatter f\u00f6r att registrera dig f\u00f6r premiummedlemskap. Du kan till exempel registrera dig f\u00f6r ett m\u00e5nadsl\u00e5ngt provmedlemskap f\u00f6r $ 1.99 per dag, eller s\u00e5 kan du bli VIP-medlem f\u00f6r $ 29.95 per m\u00e5nad.<\/p>\n<p>Det mesta av detta sker p\u00e5 webbplatser f\u00f6r vuxna. Vuxenkamning \u00e4r praxis att delta i webbkamerachattar via livevideofl\u00f6den. Dessa typer av webbkameror g\u00f6r att m\u00e4nniskor kan se varandra medan de pratar ansikte mot ansikte. Faktum \u00e4r att de flesta anv\u00e4nder cam-webbplatser eftersom de inte vill beh\u00f6va betala f\u00f6r telefonsamtal. Den st\u00f6rsta skillnaden mellan vanliga chattrum och cam-webbplatser \u00e4r dock att cam-webbplatser kr\u00e4ver registrering. F\u00f6rutom att tillhandah\u00e5lla gratis videochatt erbjuder cam-webbplatser ofta ytterligare funktioner som snabbmeddelanden, textchatt och e-post. Chaturbate erbjuder till exempel gratis videochatt, direkts\u00e4ndning och snabbmeddelanden. En annan popul\u00e4r webbplats, My Free Cams, erbjuder gratis videochatt, ljudchatt och snabbmeddelanden.<\/p>\n","protected":false},"excerpt":{"rendered":"<p>M\u00f6t i chatten \u00e4r det b\u00e4sta st\u00e4llet att hitta riktiga m\u00e4nniskor att prata smutsigt med online! Du kommer inte tro hur l\u00e4tt det \u00e4r att &hellip; <\/p>\n","protected":false},"author":1,"featured_media":152,"parent":0,"menu_order":0,"comment_status":"closed","ping_status":"closed","template":"","meta":[],"yoast_head":"<!-- This site is optimized with the Yoast SEO plugin v17.7.1 - https:\/\/yoast.com\/wordpress\/plugins\/seo\/ -->\n<title>Sexchattrum - Jerk Dating<\/title>\n<meta name=\"robots\" content=\"index, follow, max-snippet:-1, max-image-preview:large, max-video-preview:-1\" \/>\n<link rel=\"canonical\" href=\"https:\/\/mamasjerkstation.com\/sv\/sexchattrum\/\" \/>\n<meta property=\"og:locale\" content=\"sv_SE\" \/>\n<meta property=\"og:type\" content=\"article\" \/>\n<meta property=\"og:title\" content=\"Sexchattrum - Jerk Dating\" \/>\n<meta property=\"og:description\" content=\"M\u00f6t i chatten \u00e4r det b\u00e4sta st\u00e4llet att hitta riktiga m\u00e4nniskor att prata smutsigt med online! Du kommer inte tro hur l\u00e4tt det \u00e4r att &hellip;\" \/>\n<meta property=\"og:url\" content=\"https:\/\/mamasjerkstation.com\/sv\/sexchattrum\/\" \/>\n<meta property=\"og:site_name\" content=\"Jerk Dating\" \/>\n<meta property=\"og:image\" content=\"https:\/\/mamasjerkstation.com\/wp-content\/uploads\/2022\/08\/online-sex-sites.jpeg\" \/>\n\t<meta property=\"og:image:width\" content=\"2250\" \/>\n\t<meta property=\"og:image:height\" content=\"1500\" \/>\n<meta name=\"twitter:card\" content=\"summary_large_image\" \/>\n<meta name=\"twitter:label1\" content=\"Ber\u00e4knad l\u00e4stid\" \/>\n\t<meta name=\"twitter:data1\" content=\"3 minuter\" \/>\n<script type=\"application\/ld+json\" class=\"yoast-schema-graph\">{\"@context\":\"https:\/\/schema.org\",\"@graph\":[{\"@type\":\"WebSite\",\"@id\":\"http:\/\/mamasjerkstation.com\/#website\",\"url\":\"http:\/\/mamasjerkstation.com\/\",\"name\":\"Jerk Dating\",\"description\":\"Online Sex Websites\",\"potentialAction\":[{\"@type\":\"SearchAction\",\"target\":{\"@type\":\"EntryPoint\",\"urlTemplate\":\"http:\/\/mamasjerkstation.com\/?s={search_term_string}\"},\"query-input\":\"required name=search_term_string\"}],\"inLanguage\":\"sv-SE\"},{\"@type\":\"ImageObject\",\"@id\":\"https:\/\/mamasjerkstation.com\/sv\/sexchattrum\/#primaryimage\",\"inLanguage\":\"sv-SE\",\"url\":\"https:\/\/mamasjerkstation.com\/wp-content\/uploads\/2022\/08\/online-sex-sites.jpeg\",\"contentUrl\":\"https:\/\/mamasjerkstation.com\/wp-content\/uploads\/2022\/08\/online-sex-sites.jpeg\",\"width\":2250,\"height\":1500},{\"@type\":\"WebPage\",\"@id\":\"https:\/\/mamasjerkstation.com\/sv\/sexchattrum\/#webpage\",\"url\":\"https:\/\/mamasjerkstation.com\/sv\/sexchattrum\/\",\"name\":\"Sexchattrum - Jerk Dating\",\"isPartOf\":{\"@id\":\"http:\/\/mamasjerkstation.com\/#website\"},\"primaryImageOfPage\":{\"@id\":\"https:\/\/mamasjerkstation.com\/sv\/sexchattrum\/#primaryimage\"},\"datePublished\":\"2022-08-19T17:41:19+00:00\",\"dateModified\":\"2022-08-19T17:41:19+00:00\",\"breadcrumb\":{\"@id\":\"https:\/\/mamasjerkstation.com\/sv\/sexchattrum\/#breadcrumb\"},\"inLanguage\":\"sv-SE\",\"potentialAction\":[{\"@type\":\"ReadAction\",\"target\":[\"https:\/\/mamasjerkstation.com\/sv\/sexchattrum\/\"]}]},{\"@type\":\"BreadcrumbList\",\"@id\":\"https:\/\/mamasjerkstation.com\/sv\/sexchattrum\/#breadcrumb\",\"itemListElement\":[{\"@type\":\"ListItem\",\"position\":1,\"name\":\"Home\",\"item\":\"http:\/\/mamasjerkstation.com\/sv\/\"},{\"@type\":\"ListItem\",\"position\":2,\"name\":\"Sexchattrum\"}]}]}<\/script>\n<!-- \/ Yoast SEO plugin. -->","yoast_head_json":{"title":"Sexchattrum - Jerk Dating","robots":{"index":"index","follow":"follow","max-snippet":"max-snippet:-1","max-image-preview":"max-image-preview:large","max-video-preview":"max-video-preview:-1"},"canonical":"https:\/\/mamasjerkstation.com\/sv\/sexchattrum\/","og_locale":"sv_SE","og_type":"article","og_title":"Sexchattrum - Jerk Dating","og_description":"M\u00f6t i chatten \u00e4r det b\u00e4sta st\u00e4llet att hitta riktiga m\u00e4nniskor att prata smutsigt med online! Du kommer inte tro hur l\u00e4tt det \u00e4r att &hellip;","og_url":"https:\/\/mamasjerkstation.com\/sv\/sexchattrum\/","og_site_name":"Jerk Dating","og_image":[{"width":2250,"height":1500,"url":"https:\/\/mamasjerkstation.com\/wp-content\/uploads\/2022\/08\/online-sex-sites.jpeg","type":"image\/jpeg"}],"twitter_card":"summary_large_image","twitter_misc":{"Ber\u00e4knad l\u00e4stid":"3 minuter"},"schema":{"@context":"https:\/\/schema.org","@graph":[{"@type":"WebSite","@id":"http:\/\/mamasjerkstation.com\/#website","url":"http:\/\/mamasjerkstation.com\/","name":"Jerk Dating","description":"Online Sex Websites","potentialAction":[{"@type":"SearchAction","target":{"@type":"EntryPoint","urlTemplate":"http:\/\/mamasjerkstation.com\/?s={search_term_string}"},"query-input":"required name=search_term_string"}],"inLanguage":"sv-SE"},{"@type":"ImageObject","@id":"https:\/\/mamasjerkstation.com\/sv\/sexchattrum\/#primaryimage","inLanguage":"sv-SE","url":"https:\/\/mamasjerkstation.com\/wp-content\/uploads\/2022\/08\/online-sex-sites.jpeg","contentUrl":"https:\/\/mamasjerkstation.com\/wp-content\/uploads\/2022\/08\/online-sex-sites.jpeg","width":2250,"height":1500},{"@type":"WebPage","@id":"https:\/\/mamasjerkstation.com\/sv\/sexchattrum\/#webpage","url":"https:\/\/mamasjerkstation.com\/sv\/sexchattrum\/","name":"Sexchattrum - Jerk Dating","isPartOf":{"@id":"http:\/\/mamasjerkstation.com\/#website"},"primaryImageOfPage":{"@id":"https:\/\/mamasjerkstation.com\/sv\/sexchattrum\/#primaryimage"},"datePublished":"2022-08-19T17:41:19+00:00","dateModified":"2022-08-19T17:41:19+00:00","breadcrumb":{"@id":"https:\/\/mamasjerkstation.com\/sv\/sexchattrum\/#breadcrumb"},"inLanguage":"sv-SE","potentialAction":[{"@type":"ReadAction","target":["https:\/\/mamasjerkstation.com\/sv\/sexchattrum\/"]}]},{"@type":"BreadcrumbList","@id":"https:\/\/mamasjerkstation.com\/sv\/sexchattrum\/#breadcrumb","itemListElement":[{"@type":"ListItem","position":1,"name":"Home","item":"http:\/\/mamasjerkstation.com\/sv\/"},{"@type":"ListItem","position":2,"name":"Sexchattrum"}]}]}},"_links":{"self":[{"href":"https:\/\/mamasjerkstation.com\/sv\/wp-json\/wp\/v2\/pages\/319"}],"collection":[{"href":"https:\/\/mamasjerkstation.com\/sv\/wp-json\/wp\/v2\/pages"}],"about":[{"href":"https:\/\/mamasjerkstation.com\/sv\/wp-json\/wp\/v2\/types\/page"}],"author":[{"embeddable":true,"href":"https:\/\/mamasjerkstation.com\/sv\/wp-json\/wp\/v2\/users\/1"}],"replies":[{"embeddable":true,"href":"https:\/\/mamasjerkstation.com\/sv\/wp-json\/wp\/v2\/comments?post=319"}],"version-history":[{"count":0,"href":"https:\/\/mamasjerkstation.com\/sv\/wp-json\/wp\/v2\/pages\/319\/revisions"}],"wp:featuredmedia":[{"embeddable":true,"href":"https:\/\/mamasjerkstation.com\/sv\/wp-json\/wp\/v2\/media\/152"}],"wp:attachment":[{"href":"https:\/\/mamasjerkstation.com\/sv\/wp-json\/wp\/v2\/media?parent=319"}],"curies":[{"name":"wp","href":"https:\/\/api.w.org\/{rel}","templated":true}]}}