{"id":303,"date":"2022-08-19T18:51:33","date_gmt":"2022-08-19T17:51:33","guid":{"rendered":"http:\/\/mamasjerkstation.com\/hbt-dejting\/"},"modified":"2022-08-19T18:51:33","modified_gmt":"2022-08-19T17:51:33","slug":"hbt-dejting","status":"publish","type":"page","link":"https:\/\/mamasjerkstation.com\/sv\/hbt-dejting\/","title":{"rendered":"HBT + Dejting"},"content":{"rendered":"<p>N\u00e4r du letar efter en bra anslutningsapp vill du ha n\u00e5got som ger dig tillg\u00e5ng till m\u00e5nga olika m\u00e4nniskor. Du vill inte n\u00f6dv\u00e4ndigtvis betala f\u00f6r varje enskild person du tr\u00e4ffar.<\/p>\n<h2>H\u00e4r \u00e4r v\u00e5ra 3 b\u00e4sta tips f\u00f6r att anv\u00e4nda HBT-dejtingappar:<\/h2>\n<h3>Mobil support<\/h3>\n<p>Du kommer f\u00f6rmodligen att anv\u00e4nda din telefon oftast n\u00e4r <a href=\"http:\/\/mamasjerkstation.com\/sv\/hitta-avslappnad-sex-nara-dig\/\">du s\u00f6ker efter ett datum<\/a>, s\u00e4rskilt eftersom m\u00e5nga anslutningsappar erbjuder en gratisversion som l\u00e5ter dig bl\u00e4ddra bland profiler och skicka meddelanden. Men se till att appen fungerar bra p\u00e5 b\u00e5de iOS- och Android-enheter. Inte alla anv\u00e4nder iPhones eller Androids, s\u00e5 kompatibilitet \u00e4r viktigt. Om du best\u00e4mmer dig f\u00f6r att ladda ner hela appen, leta efter recensioner som n\u00e4mner hur l\u00e4tt det \u00e4r att navigera och om folk hade problem med att logga in.<\/p>\n<h3>Ux<\/h3>\n<p>Utformningen av sj\u00e4lva appen \u00e4r inte viktig, men du kanske vill prova n\u00e5gra olika innan du best\u00e4mmer dig f\u00f6r en. Vissa appar fokuserar p\u00e5 att matcha personer baserat p\u00e5 plats, medan andra l\u00e5ter dig filtrera efter \u00e5ldersintervall eller k\u00f6n. Se till att du gillar hur appen ser ut och k\u00e4nns. Det finns inget v\u00e4rre \u00e4n att ha en bra match som v\u00e4ntar p\u00e5 dig, bara f\u00f6r att uppt\u00e4cka att han faktiskt inte finns.<\/p>\n<h3>Matchande system<\/h3>\n<p>Hur avg\u00f6r appen vilka personer som liknar varandra? \u00c4r det baserat p\u00e5 gemensamma v\u00e4nner? Ett gemensamt intresse f\u00f6r musik eller b\u00f6cker? Eller kanske hittar den bara m\u00e4nniskor som bor n\u00e4ra varandra? Hur mycket vikt ges till varje faktor? Dessa faktorer p\u00e5verkar hur m\u00e5nga personer som dyker upp i ditt fl\u00f6de och hur troligt det \u00e4r att du f\u00e5r kontakt med dem.<\/p>\n<h2>K\u00e4nde<\/h2>\n<p>Feeld \u00e4r en av de b\u00e4sta anslutningsapparna som finns. Med \u00f6ver 10 miljoner nedladdningar v\u00e4nder den sig till m\u00e4nniskor som letar efter avslappnad sex och \/ eller bara lite kul. Denna app \u00e4r utm\u00e4rkt f\u00f6r dem som \u00e4r singel, rak, gay, bi, trans, lesbisk, queer, pansexuell, polyamor\u00f6s, etc.<\/p>\n<p>Appen fungerar som Tinder d\u00e4r du sveper \u00e5t v\u00e4nster f\u00f6r att passera och h\u00f6ger f\u00f6r att matcha. Du kan v\u00e4lja om du vill se foton eller inte. Om du best\u00e4mmer dig f\u00f6r att se bilder finns det filter som k\u00f6n, \u00e5lder, etnicitet, kroppstyp, sexuell l\u00e4ggning, relationsstatus, r\u00f6kpreferenser, h\u00f6jd, h\u00e5rf\u00e4rg, \u00f6gonf\u00e4rg, religion, politiska \u00e5sikter, yrke, utbildningsniv\u00e5, inkomst och till och med tatueringar och piercingar. Du kan ocks\u00e5 l\u00e4gga till intressen och hobbyer. Jag \u00e4r till exempel intresserad av sport, mat, musik, konst, resor och fitness. N\u00e4r n\u00e5gon skickar en f\u00f6rfr\u00e5gan till mig kan jag antingen acceptera eller avvisa den. Om vi b\u00e5da \u00e4r \u00f6verens om att tr\u00e4ffas kan vi st\u00e4lla in datum och plats.<\/p>\n<p>Om du best\u00e4mmer dig f\u00f6r att g\u00e5 ut med n\u00e5gon kan du chatta med honom eller henne via textmeddelanden eller videosamtal. Det finns ingen press att tr\u00e4ffas. Du kan ocks\u00e5 skicka presenter, blommor, choklad och mycket mer. Det finns m\u00e5nga funktioner i den h\u00e4r appen, inklusive m\u00f6jligheten att f\u00e5 v\u00e4nner, hitta datum, bl\u00e4ddra bland profiler och se \u00f6msesidiga matchningar. Du kan ocks\u00e5 blockera vissa anv\u00e4ndare.<\/p>\n<h2>Hennes<\/h2>\n<p>HER \u00e4r v\u00e4rldens st\u00f6rsta gratis dejtingapp f\u00f6r lesbiska och bisexuella kvinnor. Med \u00f6ver 50 miljoner medlemmar \u00f6ver hela v\u00e4rlden finns det ingen brist p\u00e5 alternativ. Men vad \u00e4r det som g\u00f6r att HON sticker ut fr\u00e5n m\u00e4ngden? H\u00e4r \u00e4r tre anledningar till varf\u00f6r vi \u00e4lskar det.<\/p>\n<h3>Lokala evenemang &amp;Nyheter<\/h3>\n<p>Appen delar LGBTQ + -nyheter, inklusive lokala evenemang och s\u00e4kra utrymmen d\u00e4r du kan tr\u00e4ffa m\u00e4nniskor i n\u00e4rheten. Du kan till och med hitta evenemang n\u00e4ra platser som barer och klubbar, vilket g\u00f6r det l\u00e4ttare att hitta ett datum.<\/p>\n<h3>S\u00e4kra utrymmen<\/h3>\n<p>Om du vill g\u00e5 p\u00e5 dejt utan att oroa dig f\u00f6r att bli trakasserad, \u00f6verfallen eller diskriminerad, ger HER ett s\u00e4kert utrymme f\u00f6r alla. Precis som det verkliga livet beh\u00f6ver du inte oroa dig f\u00f6r att beh\u00f6va &#8221;komma ut&#8221; till n\u00e5gon. Om du k\u00e4nner dig nerv\u00f6s f\u00f6r att tr\u00e4ffa n\u00e5gon ny, prata bara med andra online eller be en v\u00e4n att presentera dig.<\/p>\n<h3>Trekant Finder<\/h3>\n<p>Du vet hur du ibland k\u00e4nner att du verkligen skulle vilja prova n\u00e5got annat? Tja, du kan g\u00f6ra det h\u00e4r. Medan de flesta appar kr\u00e4ver att du uttryckligen anger att du vill ansluta, l\u00e5ter HER dig st\u00e4lla in datum med andra m\u00e4nniskor baserat p\u00e5 \u00f6msesidiga intressen. P\u00e5 s\u00e5 s\u00e4tt blir ingen utel\u00e4mnad.<\/p>\n","protected":false},"excerpt":{"rendered":"<p>N\u00e4r du letar efter en bra anslutningsapp vill du ha n\u00e5got som ger dig tillg\u00e5ng till m\u00e5nga olika m\u00e4nniskor. Du vill inte n\u00f6dv\u00e4ndigtvis betala f\u00f6r &hellip; <\/p>\n","protected":false},"author":1,"featured_media":92,"parent":0,"menu_order":0,"comment_status":"closed","ping_status":"closed","template":"","meta":[],"yoast_head":"<!-- This site is optimized with the Yoast SEO plugin v17.7.1 - https:\/\/yoast.com\/wordpress\/plugins\/seo\/ -->\n<title>HBT + Dejting - Jerk Dating<\/title>\n<meta name=\"robots\" content=\"index, follow, max-snippet:-1, max-image-preview:large, max-video-preview:-1\" \/>\n<link rel=\"canonical\" href=\"https:\/\/mamasjerkstation.com\/sv\/hbt-dejting\/\" \/>\n<meta property=\"og:locale\" content=\"sv_SE\" \/>\n<meta property=\"og:type\" content=\"article\" \/>\n<meta property=\"og:title\" content=\"HBT + Dejting - Jerk Dating\" \/>\n<meta property=\"og:description\" content=\"N\u00e4r du letar efter en bra anslutningsapp vill du ha n\u00e5got som ger dig tillg\u00e5ng till m\u00e5nga olika m\u00e4nniskor. Du vill inte n\u00f6dv\u00e4ndigtvis betala f\u00f6r &hellip;\" \/>\n<meta property=\"og:url\" content=\"https:\/\/mamasjerkstation.com\/sv\/hbt-dejting\/\" \/>\n<meta property=\"og:site_name\" content=\"Jerk Dating\" \/>\n<meta property=\"og:image\" content=\"http:\/\/mamasjerkstation.com\/wp-content\/uploads\/2022\/08\/cam-sites.jpeg\" \/>\n\t<meta property=\"og:image:width\" content=\"1125\" \/>\n\t<meta property=\"og:image:height\" content=\"750\" \/>\n<meta name=\"twitter:card\" content=\"summary_large_image\" \/>\n<meta name=\"twitter:label1\" content=\"Ber\u00e4knad l\u00e4stid\" \/>\n\t<meta name=\"twitter:data1\" content=\"4 minuter\" \/>\n<script type=\"application\/ld+json\" class=\"yoast-schema-graph\">{\"@context\":\"https:\/\/schema.org\",\"@graph\":[{\"@type\":\"WebSite\",\"@id\":\"https:\/\/mamasjerkstation.com\/#website\",\"url\":\"https:\/\/mamasjerkstation.com\/\",\"name\":\"Jerk Dating\",\"description\":\"Online Sex Websites\",\"potentialAction\":[{\"@type\":\"SearchAction\",\"target\":{\"@type\":\"EntryPoint\",\"urlTemplate\":\"https:\/\/mamasjerkstation.com\/?s={search_term_string}\"},\"query-input\":\"required name=search_term_string\"}],\"inLanguage\":\"sv-SE\"},{\"@type\":\"ImageObject\",\"@id\":\"https:\/\/mamasjerkstation.com\/sv\/hbt-dejting\/#primaryimage\",\"inLanguage\":\"sv-SE\",\"url\":\"https:\/\/mamasjerkstation.com\/wp-content\/uploads\/2022\/08\/cam-sites.jpeg\",\"contentUrl\":\"https:\/\/mamasjerkstation.com\/wp-content\/uploads\/2022\/08\/cam-sites.jpeg\",\"width\":1125,\"height\":750},{\"@type\":\"WebPage\",\"@id\":\"https:\/\/mamasjerkstation.com\/sv\/hbt-dejting\/#webpage\",\"url\":\"https:\/\/mamasjerkstation.com\/sv\/hbt-dejting\/\",\"name\":\"HBT + Dejting - Jerk Dating\",\"isPartOf\":{\"@id\":\"https:\/\/mamasjerkstation.com\/#website\"},\"primaryImageOfPage\":{\"@id\":\"https:\/\/mamasjerkstation.com\/sv\/hbt-dejting\/#primaryimage\"},\"datePublished\":\"2022-08-19T17:51:33+00:00\",\"dateModified\":\"2022-08-19T17:51:33+00:00\",\"breadcrumb\":{\"@id\":\"https:\/\/mamasjerkstation.com\/sv\/hbt-dejting\/#breadcrumb\"},\"inLanguage\":\"sv-SE\",\"potentialAction\":[{\"@type\":\"ReadAction\",\"target\":[\"https:\/\/mamasjerkstation.com\/sv\/hbt-dejting\/\"]}]},{\"@type\":\"BreadcrumbList\",\"@id\":\"https:\/\/mamasjerkstation.com\/sv\/hbt-dejting\/#breadcrumb\",\"itemListElement\":[{\"@type\":\"ListItem\",\"position\":1,\"name\":\"Home\",\"item\":\"https:\/\/mamasjerkstation.com\/sv\/\"},{\"@type\":\"ListItem\",\"position\":2,\"name\":\"HBT + Dejting\"}]}]}<\/script>\n<!-- \/ Yoast SEO plugin. -->","yoast_head_json":{"title":"HBT + Dejting - Jerk Dating","robots":{"index":"index","follow":"follow","max-snippet":"max-snippet:-1","max-image-preview":"max-image-preview:large","max-video-preview":"max-video-preview:-1"},"canonical":"https:\/\/mamasjerkstation.com\/sv\/hbt-dejting\/","og_locale":"sv_SE","og_type":"article","og_title":"HBT + Dejting - Jerk Dating","og_description":"N\u00e4r du letar efter en bra anslutningsapp vill du ha n\u00e5got som ger dig tillg\u00e5ng till m\u00e5nga olika m\u00e4nniskor. Du vill inte n\u00f6dv\u00e4ndigtvis betala f\u00f6r &hellip;","og_url":"https:\/\/mamasjerkstation.com\/sv\/hbt-dejting\/","og_site_name":"Jerk Dating","og_image":[{"width":1125,"height":750,"url":"http:\/\/mamasjerkstation.com\/wp-content\/uploads\/2022\/08\/cam-sites.jpeg","type":"image\/jpeg"}],"twitter_card":"summary_large_image","twitter_misc":{"Ber\u00e4knad l\u00e4stid":"4 minuter"},"schema":{"@context":"https:\/\/schema.org","@graph":[{"@type":"WebSite","@id":"https:\/\/mamasjerkstation.com\/#website","url":"https:\/\/mamasjerkstation.com\/","name":"Jerk Dating","description":"Online Sex Websites","potentialAction":[{"@type":"SearchAction","target":{"@type":"EntryPoint","urlTemplate":"https:\/\/mamasjerkstation.com\/?s={search_term_string}"},"query-input":"required name=search_term_string"}],"inLanguage":"sv-SE"},{"@type":"ImageObject","@id":"https:\/\/mamasjerkstation.com\/sv\/hbt-dejting\/#primaryimage","inLanguage":"sv-SE","url":"https:\/\/mamasjerkstation.com\/wp-content\/uploads\/2022\/08\/cam-sites.jpeg","contentUrl":"https:\/\/mamasjerkstation.com\/wp-content\/uploads\/2022\/08\/cam-sites.jpeg","width":1125,"height":750},{"@type":"WebPage","@id":"https:\/\/mamasjerkstation.com\/sv\/hbt-dejting\/#webpage","url":"https:\/\/mamasjerkstation.com\/sv\/hbt-dejting\/","name":"HBT + Dejting - Jerk Dating","isPartOf":{"@id":"https:\/\/mamasjerkstation.com\/#website"},"primaryImageOfPage":{"@id":"https:\/\/mamasjerkstation.com\/sv\/hbt-dejting\/#primaryimage"},"datePublished":"2022-08-19T17:51:33+00:00","dateModified":"2022-08-19T17:51:33+00:00","breadcrumb":{"@id":"https:\/\/mamasjerkstation.com\/sv\/hbt-dejting\/#breadcrumb"},"inLanguage":"sv-SE","potentialAction":[{"@type":"ReadAction","target":["https:\/\/mamasjerkstation.com\/sv\/hbt-dejting\/"]}]},{"@type":"BreadcrumbList","@id":"https:\/\/mamasjerkstation.com\/sv\/hbt-dejting\/#breadcrumb","itemListElement":[{"@type":"ListItem","position":1,"name":"Home","item":"https:\/\/mamasjerkstation.com\/sv\/"},{"@type":"ListItem","position":2,"name":"HBT + Dejting"}]}]}},"_links":{"self":[{"href":"https:\/\/mamasjerkstation.com\/sv\/wp-json\/wp\/v2\/pages\/303"}],"collection":[{"href":"https:\/\/mamasjerkstation.com\/sv\/wp-json\/wp\/v2\/pages"}],"about":[{"href":"https:\/\/mamasjerkstation.com\/sv\/wp-json\/wp\/v2\/types\/page"}],"author":[{"embeddable":true,"href":"https:\/\/mamasjerkstation.com\/sv\/wp-json\/wp\/v2\/users\/1"}],"replies":[{"embeddable":true,"href":"https:\/\/mamasjerkstation.com\/sv\/wp-json\/wp\/v2\/comments?post=303"}],"version-history":[{"count":0,"href":"https:\/\/mamasjerkstation.com\/sv\/wp-json\/wp\/v2\/pages\/303\/revisions"}],"wp:featuredmedia":[{"embeddable":true,"href":"https:\/\/mamasjerkstation.com\/sv\/wp-json\/wp\/v2\/media\/92"}],"wp:attachment":[{"href":"https:\/\/mamasjerkstation.com\/sv\/wp-json\/wp\/v2\/media?parent=303"}],"curies":[{"name":"wp","href":"https:\/\/api.w.org\/{rel}","templated":true}]}}