{"id":292,"date":"2022-08-19T18:48:22","date_gmt":"2022-08-19T17:48:22","guid":{"rendered":"http:\/\/mamasjerkstation.com\/chatta-med-framlingar-online\/"},"modified":"2022-08-19T18:48:22","modified_gmt":"2022-08-19T17:48:22","slug":"chatta-med-framlingar-online","status":"publish","type":"page","link":"https:\/\/mamasjerkstation.com\/sv\/chatta-med-framlingar-online\/","title":{"rendered":"Chatta med fr\u00e4mlingar online"},"content":{"rendered":"<p>Inte alla tjejer p\u00e5 dessa webbplatser letar efter sex. Vissa \u00e4r bara uttr\u00e5kade och vill prata med fr\u00e4mlingar. Andra letar efter v\u00e4nner. Men \u00e4ven om du inte kommer att tr\u00e4ffa n\u00e5gon p\u00e5 n\u00e5gon av webbplatserna kan du fortfarande se n\u00e5got du inte f\u00f6rv\u00e4ntade dig.<\/p>\n<h2>Cam-webbplatser eller chattrum<\/h2>\n<p>Om du letar efter en plats d\u00e4r du kan tr\u00e4ffa riktiga tjejer online \u00e4r chansen stor att du har blivit besviken \u00f6ver alternativen d\u00e4r ute. Problemet \u00e4r att hitta en bra webbplats \u00e4r inte l\u00e4tt. Det finns massor av gratis porrchattrum d\u00e4r ute, men de flesta av dem \u00e4r fyllda med bots snarare \u00e4n m\u00e4nniskor. Och \u00e4ven om det \u00e4r sant att betalda webbplatser som MyFreeCams erbjuder \u00e4kta kamflickor, \u00e4r dessa modeller inte alltid aktiva eller villiga att interagera med bes\u00f6kare.<\/p>\n<p>Vi letade p\u00e5 n\u00e4tet efter de allra b\u00e4sta sexchattwebbplatserna runt, och vi hittade dem alla. S\u00e5 oavsett om du vill chatta med MILFs, ton\u00e5ringar, BDSM eller till och med par, har v\u00e5r lista allt du kan t\u00e4nkas beh\u00f6va. Det finns m\u00e5nga olika typer av rum att v\u00e4lja mellan, var och en tillgodoser specifika behov och \u00f6nskem\u00e5l. Vissa m\u00e4nniskor f\u00f6redrar att chatta med fr\u00e4mlingar medan andra tycker om att tr\u00e4ffa n\u00e5gon de redan k\u00e4nner. Vissa m\u00e4nniskor \u00e4lskar att prata smutsigt, medan andra helt enkelt vill prata om n\u00e5got annat \u00e4n sex.<\/p>\n<h2>Dejting Appar<\/h2>\n<p>Det finns gott om <a href=\"http:\/\/mamasjerkstation.com\/sv\/hbt-dejting\/\">online-datingplattformar<\/a> d\u00e4r ute, men n\u00e4r du v\u00e4l har hittat en som fungerar f\u00f6r dig kommer du f\u00f6rmodligen att h\u00e5lla fast vid den ett tag. Men vad h\u00e4nder n\u00e4r du \u00e4r redo att g\u00e5 vidare och prova n\u00e5got annat? Om du letar efter en bra anslutningsapp, h\u00e4r \u00e4r allt du beh\u00f6ver veta. Det finns bokstavligen tusentals olika dejtingappar och webbplatser d\u00e4r ute, och \u00e4ven om du kanske tror att du vet vad du g\u00f6r, \u00e4r chansen stor att du l\u00e4tt kan sluta sl\u00f6sa bort timmar efter timmar av ditt liv p\u00e5 att leta efter n\u00e5got som inte ens finns d\u00e4r. S\u00e5 oavsett om du letar efter avslappnade anslutningar, l\u00e5ngsiktiga relationer eller kanske till och med \u00e4ktenskap, har vi t\u00e4ckt dig. Faktum \u00e4r att vi har sammanst\u00e4llt en lista \u00f6ver de allra b\u00e4sta sexchattrummen idag, s\u00e5 att du \u00e4ntligen kan sluta oroa dig f\u00f6r att inte ha n\u00e5gon tur med online-dejting.<\/p>\n<p><strong>Vad du ska se upp f\u00f6r p\u00e5 dejtingsajter:<\/strong><\/p>\n<h3>S\u00e4kerhetsfunktioner<\/h3>\n<p>Anslutningswebbplatser erbjuder vanligtvis s\u00e4kerhetsfunktioner f\u00f6r att skydda mot bedragare, hackare och identitetstjuvar. Dessa inkluderar verifieringsmetoder som e-postadressbekr\u00e4ftelse och verifiering av telefonnummer. De kommer ocks\u00e5 ofta att be om ytterligare information om dig sj\u00e4lv, inklusive din \u00e5lder och plats, innan de ger dig \u00e5tkomst. Om du ser n\u00e5got skumt \u00e4r chansen stor att webbplatsen inte \u00e4r v\u00e4rt din tid.<\/p>\n<h3>Verifierade profiler<\/h3>\n<p>N\u00e4r du registrerar dig f\u00f6r en anslutningsapp eller webbplats, se till att du verifierar din profil. Detta s\u00e4kerst\u00e4ller att det du l\u00e4gger ner p\u00e5 papper matchar det som finns registrerat p\u00e5 webbplatsen. De flesta anslutningswebbplatser l\u00e5ter dig ladda upp ett foto av dig sj\u00e4lv, vilket hj\u00e4lper till att bekr\u00e4fta att du \u00e4r riktig. Du ska inte beh\u00f6va betala f\u00f6r att verifiera ditt konto, men vissa webbplatser tar ut extra avgifter f\u00f6r verifiering.<\/p>\n<h3>Skydd mot bedr\u00e4gerier<\/h3>\n<p>De flesta anslutningswebbplatser har s\u00e4tt att f\u00f6rhindra bedr\u00e4glig aktivitet. Till exempel f\u00f6rbjuder m\u00e5nga webbplatser vissa typer av konton, till exempel de som anv\u00e4nds av bots och bedragare. Andra begr\u00e4nsar hur mycket kreditkortsinformation du kan anv\u00e4nda f\u00f6r att finansiera ditt konto. Ytterligare andra l\u00e5ter dig veta om n\u00e5gon f\u00f6rs\u00f6ker lura dig. Leta efter tecken p\u00e5 bedr\u00e4geri och undvik att ge ut personlig information om du inte k\u00e4nner dig bekv\u00e4m med att g\u00f6ra det.<\/p>\n","protected":false},"excerpt":{"rendered":"<p>Inte alla tjejer p\u00e5 dessa webbplatser letar efter sex. Vissa \u00e4r bara uttr\u00e5kade och vill prata med fr\u00e4mlingar. Andra letar efter v\u00e4nner. Men \u00e4ven om &hellip; <\/p>\n","protected":false},"author":1,"featured_media":167,"parent":0,"menu_order":0,"comment_status":"closed","ping_status":"closed","template":"","meta":[],"yoast_head":"<!-- This site is optimized with the Yoast SEO plugin v17.7.1 - https:\/\/yoast.com\/wordpress\/plugins\/seo\/ -->\n<title>Chatta med fr\u00e4mlingar online - Jerk Dating<\/title>\n<meta name=\"robots\" content=\"index, follow, max-snippet:-1, max-image-preview:large, max-video-preview:-1\" \/>\n<link rel=\"canonical\" href=\"https:\/\/mamasjerkstation.com\/sv\/chatta-med-framlingar-online\/\" \/>\n<meta property=\"og:locale\" content=\"sv_SE\" \/>\n<meta property=\"og:type\" content=\"article\" \/>\n<meta property=\"og:title\" content=\"Chatta med fr\u00e4mlingar online - Jerk Dating\" \/>\n<meta property=\"og:description\" content=\"Inte alla tjejer p\u00e5 dessa webbplatser letar efter sex. Vissa \u00e4r bara uttr\u00e5kade och vill prata med fr\u00e4mlingar. Andra letar efter v\u00e4nner. Men \u00e4ven om &hellip;\" \/>\n<meta property=\"og:url\" content=\"https:\/\/mamasjerkstation.com\/sv\/chatta-med-framlingar-online\/\" \/>\n<meta property=\"og:site_name\" content=\"Jerk Dating\" \/>\n<meta property=\"og:image\" content=\"http:\/\/mamasjerkstation.com\/wp-content\/uploads\/2022\/08\/hookups.jpeg\" \/>\n\t<meta property=\"og:image:width\" content=\"500\" \/>\n\t<meta property=\"og:image:height\" content=\"333\" \/>\n<meta name=\"twitter:card\" content=\"summary_large_image\" \/>\n<meta name=\"twitter:label1\" content=\"Ber\u00e4knad l\u00e4stid\" \/>\n\t<meta name=\"twitter:data1\" content=\"3 minuter\" \/>\n<script type=\"application\/ld+json\" class=\"yoast-schema-graph\">{\"@context\":\"https:\/\/schema.org\",\"@graph\":[{\"@type\":\"WebSite\",\"@id\":\"https:\/\/mamasjerkstation.com\/#website\",\"url\":\"https:\/\/mamasjerkstation.com\/\",\"name\":\"Jerk Dating\",\"description\":\"Online Sex Websites\",\"potentialAction\":[{\"@type\":\"SearchAction\",\"target\":{\"@type\":\"EntryPoint\",\"urlTemplate\":\"https:\/\/mamasjerkstation.com\/?s={search_term_string}\"},\"query-input\":\"required name=search_term_string\"}],\"inLanguage\":\"sv-SE\"},{\"@type\":\"ImageObject\",\"@id\":\"https:\/\/mamasjerkstation.com\/sv\/chatta-med-framlingar-online\/#primaryimage\",\"inLanguage\":\"sv-SE\",\"url\":\"https:\/\/mamasjerkstation.com\/wp-content\/uploads\/2022\/08\/hookups.jpeg\",\"contentUrl\":\"https:\/\/mamasjerkstation.com\/wp-content\/uploads\/2022\/08\/hookups.jpeg\",\"width\":500,\"height\":333},{\"@type\":\"WebPage\",\"@id\":\"https:\/\/mamasjerkstation.com\/sv\/chatta-med-framlingar-online\/#webpage\",\"url\":\"https:\/\/mamasjerkstation.com\/sv\/chatta-med-framlingar-online\/\",\"name\":\"Chatta med fr\\u00e4mlingar online - Jerk Dating\",\"isPartOf\":{\"@id\":\"https:\/\/mamasjerkstation.com\/#website\"},\"primaryImageOfPage\":{\"@id\":\"https:\/\/mamasjerkstation.com\/sv\/chatta-med-framlingar-online\/#primaryimage\"},\"datePublished\":\"2022-08-19T17:48:22+00:00\",\"dateModified\":\"2022-08-19T17:48:22+00:00\",\"breadcrumb\":{\"@id\":\"https:\/\/mamasjerkstation.com\/sv\/chatta-med-framlingar-online\/#breadcrumb\"},\"inLanguage\":\"sv-SE\",\"potentialAction\":[{\"@type\":\"ReadAction\",\"target\":[\"https:\/\/mamasjerkstation.com\/sv\/chatta-med-framlingar-online\/\"]}]},{\"@type\":\"BreadcrumbList\",\"@id\":\"https:\/\/mamasjerkstation.com\/sv\/chatta-med-framlingar-online\/#breadcrumb\",\"itemListElement\":[{\"@type\":\"ListItem\",\"position\":1,\"name\":\"Home\",\"item\":\"https:\/\/mamasjerkstation.com\/sv\/\"},{\"@type\":\"ListItem\",\"position\":2,\"name\":\"Chatta med fr\\u00e4mlingar online\"}]}]}<\/script>\n<!-- \/ Yoast SEO plugin. -->","yoast_head_json":{"title":"Chatta med fr\u00e4mlingar online - Jerk Dating","robots":{"index":"index","follow":"follow","max-snippet":"max-snippet:-1","max-image-preview":"max-image-preview:large","max-video-preview":"max-video-preview:-1"},"canonical":"https:\/\/mamasjerkstation.com\/sv\/chatta-med-framlingar-online\/","og_locale":"sv_SE","og_type":"article","og_title":"Chatta med fr\u00e4mlingar online - Jerk Dating","og_description":"Inte alla tjejer p\u00e5 dessa webbplatser letar efter sex. Vissa \u00e4r bara uttr\u00e5kade och vill prata med fr\u00e4mlingar. Andra letar efter v\u00e4nner. Men \u00e4ven om &hellip;","og_url":"https:\/\/mamasjerkstation.com\/sv\/chatta-med-framlingar-online\/","og_site_name":"Jerk Dating","og_image":[{"width":500,"height":333,"url":"http:\/\/mamasjerkstation.com\/wp-content\/uploads\/2022\/08\/hookups.jpeg","type":"image\/jpeg"}],"twitter_card":"summary_large_image","twitter_misc":{"Ber\u00e4knad l\u00e4stid":"3 minuter"},"schema":{"@context":"https:\/\/schema.org","@graph":[{"@type":"WebSite","@id":"https:\/\/mamasjerkstation.com\/#website","url":"https:\/\/mamasjerkstation.com\/","name":"Jerk Dating","description":"Online Sex Websites","potentialAction":[{"@type":"SearchAction","target":{"@type":"EntryPoint","urlTemplate":"https:\/\/mamasjerkstation.com\/?s={search_term_string}"},"query-input":"required name=search_term_string"}],"inLanguage":"sv-SE"},{"@type":"ImageObject","@id":"https:\/\/mamasjerkstation.com\/sv\/chatta-med-framlingar-online\/#primaryimage","inLanguage":"sv-SE","url":"https:\/\/mamasjerkstation.com\/wp-content\/uploads\/2022\/08\/hookups.jpeg","contentUrl":"https:\/\/mamasjerkstation.com\/wp-content\/uploads\/2022\/08\/hookups.jpeg","width":500,"height":333},{"@type":"WebPage","@id":"https:\/\/mamasjerkstation.com\/sv\/chatta-med-framlingar-online\/#webpage","url":"https:\/\/mamasjerkstation.com\/sv\/chatta-med-framlingar-online\/","name":"Chatta med fr\u00e4mlingar online - Jerk Dating","isPartOf":{"@id":"https:\/\/mamasjerkstation.com\/#website"},"primaryImageOfPage":{"@id":"https:\/\/mamasjerkstation.com\/sv\/chatta-med-framlingar-online\/#primaryimage"},"datePublished":"2022-08-19T17:48:22+00:00","dateModified":"2022-08-19T17:48:22+00:00","breadcrumb":{"@id":"https:\/\/mamasjerkstation.com\/sv\/chatta-med-framlingar-online\/#breadcrumb"},"inLanguage":"sv-SE","potentialAction":[{"@type":"ReadAction","target":["https:\/\/mamasjerkstation.com\/sv\/chatta-med-framlingar-online\/"]}]},{"@type":"BreadcrumbList","@id":"https:\/\/mamasjerkstation.com\/sv\/chatta-med-framlingar-online\/#breadcrumb","itemListElement":[{"@type":"ListItem","position":1,"name":"Home","item":"https:\/\/mamasjerkstation.com\/sv\/"},{"@type":"ListItem","position":2,"name":"Chatta med fr\u00e4mlingar online"}]}]}},"_links":{"self":[{"href":"https:\/\/mamasjerkstation.com\/sv\/wp-json\/wp\/v2\/pages\/292"}],"collection":[{"href":"https:\/\/mamasjerkstation.com\/sv\/wp-json\/wp\/v2\/pages"}],"about":[{"href":"https:\/\/mamasjerkstation.com\/sv\/wp-json\/wp\/v2\/types\/page"}],"author":[{"embeddable":true,"href":"https:\/\/mamasjerkstation.com\/sv\/wp-json\/wp\/v2\/users\/1"}],"replies":[{"embeddable":true,"href":"https:\/\/mamasjerkstation.com\/sv\/wp-json\/wp\/v2\/comments?post=292"}],"version-history":[{"count":0,"href":"https:\/\/mamasjerkstation.com\/sv\/wp-json\/wp\/v2\/pages\/292\/revisions"}],"wp:featuredmedia":[{"embeddable":true,"href":"https:\/\/mamasjerkstation.com\/sv\/wp-json\/wp\/v2\/media\/167"}],"wp:attachment":[{"href":"https:\/\/mamasjerkstation.com\/sv\/wp-json\/wp\/v2\/media?parent=292"}],"curies":[{"name":"wp","href":"https:\/\/api.w.org\/{rel}","templated":true}]}}