{"id":279,"date":"2022-08-19T19:01:00","date_gmt":"2022-08-19T18:01:00","guid":{"rendered":"http:\/\/mamasjerkstation.com\/hitta-avslappnad-sex-nara-dig\/"},"modified":"2022-08-19T19:01:00","modified_gmt":"2022-08-19T18:01:00","slug":"hitta-avslappnad-sex-nara-dig","status":"publish","type":"page","link":"https:\/\/mamasjerkstation.com\/sv\/hitta-avslappnad-sex-nara-dig\/","title":{"rendered":"Hitta avslappnad sex n\u00e4ra dig"},"content":{"rendered":"<p>Om du vill hitta avslappnad sex i ditt omr\u00e5de finns det n\u00e5gra saker du f\u00f6rmodligen vill t\u00e4nka p\u00e5. F\u00f6rst och fr\u00e4mst, se till att du vet vilken typ av upplevelse du letar efter. Om du bara vill tr\u00e4ffa en knullkompis, g\u00e5 till en av de m\u00e5nga dejtingapparna d\u00e4r ute.<\/p>\n<p>Vi rekommenderar att du provar n\u00e5gra olika webbplatser fr\u00e5n v\u00e5r lista och ser vilken som fungerar f\u00f6r dig. Ingen vill spendera timmar p\u00e5 att svepa genom o\u00e4ndliga profiler bara f\u00f6r att tr\u00e4ffa en fr\u00e4mling. S\u00e5 vi har sammanst\u00e4llt n\u00e5gra tips som hj\u00e4lper dig att navigera i v\u00e4rlden av online dating s\u00e4kert.<\/p>\n<h2>V\u00e5ra toppval f\u00f6r avslappnad sex<\/h2>\n<p>Om du vill sk\u00e4ra igenom allt skr\u00e4p online med <a href=\"http:\/\/mamasjerkstation.com\/sv\/rad-om-sugar-dating\/\">dejtingsappar<\/a> f\u00f6resl\u00e5r vi att du ger n\u00e5gra p\u00e5 v\u00e5r lista ett f\u00f6rs\u00f6k. De hj\u00e4lper dig att hitta den typ av relation du vill ha.<\/p>\n<p>Vi har tagit h\u00e4nsyn till personlig erfarenhet, anv\u00e4ndarrecensioner, s\u00e4kerhets- \/ sekretessfunktioner och mycket mer n\u00e4r vi g\u00f6r den h\u00e4r listan.<\/p>\n<h3>Aff<\/h3>\n<p>AdultFriendFinder \u00e4r den mest popul\u00e4ra dejtingsajten f\u00f6r att hitta avslappnade sexpartners. Webbplatsen har funnits sedan 1995 och har \u00f6ver 40 miljoner medlemmar \u00f6ver hela v\u00e4rlden. Webbplatsen erbjuder gratis medlemskap, men du vill uppgradera till premium\u00e5tkomst f\u00f6r att se fler profiler och anv\u00e4nda fler verktyg som meddelanden, chattrum och webbkameravideor. F\u00f6rutom standardprofilinformationen kan du ladda upp foton och videor, l\u00e4gga till v\u00e4nner, skicka blinkningar och bl\u00e4ddra bland lokala listor.<\/p>\n<p>Oavsett om du vill tr\u00e4ffa n\u00e5gon som letar efter k\u00e4rlek, swingers, par eller bara lite gammaldags kul, kommer AFF s\u00e4kert att hj\u00e4lpa dig.<\/p>\n<h3>S\u00f6ker<\/h3>\n<p>SeekingArrangement grundades 2004 och har nu \u00f6ver 20 miljoner registrerade anv\u00e4ndare. Dess tagline \u00e4r &#8221;Hitta k\u00e4rlek online.&#8221; Det \u00e4r inriktat p\u00e5 rika ensamst\u00e5ende som s\u00f6ker l\u00e5ngsiktiga relationer. Du betalar en m\u00e5nadsavgift f\u00f6r att g\u00e5 med p\u00e5 webbplatsen och kan v\u00e4lja om du letar efter v\u00e4nskap, romantik, \u00e4ktenskap eller n\u00e5got helt annat.<\/p>\n<p>Denna dejtingsapp \u00e4r utformad speciellt f\u00f6r dem som gillar lyxdejting. Om du \u00e4r intresserad av att tr\u00e4ffa vackra kvinnor som \u00e4r redo att spendera pengar p\u00e5 dig, \u00e4r detta det b\u00e4sta st\u00e4llet att hitta dem.<\/p>\n<p>Bra med den h\u00e4r webbplatsen \u00e4r s\u00e4kerhet, alla medlemmar m\u00e5ste visa ID f\u00f6r att g\u00e5 med. Det betyder att du har f\u00e4rre bedragare som anv\u00e4nder plattformen.<\/p>\n<h3>Grindr<\/h3>\n<p>Detta \u00e4r ett socialt n\u00e4tverk utformat speciellt f\u00f6r homosexuella och bisexuella m\u00e4n. Det \u00e4r lite annorlunda \u00e4n andra webbplatser eftersom det inte till\u00e5ter anv\u00e4ndare att hitta datum; ist\u00e4llet fokuserar det p\u00e5 att hj\u00e4lpa dem att tr\u00e4ffa potentiella romantiska partners. Medlemmarna kan se varandras bilder och prata om sig sj\u00e4lva, sina hobbyer och vad de \u00e4r intresserade av.<\/p>\n<h3>K\u00e4nde<\/h3>\n<p>Detta \u00e4r en queer dejtingsapp som fokuserar p\u00e5 att ansluta homosexuella m\u00e4n \u00f6ver hela v\u00e4rlden. Det liknar Grindr, f\u00f6rutom att det \u00e4r inriktat p\u00e5 dem som s\u00f6ker avslappnade anslutningar snarare \u00e4n l\u00e5ngsiktiga relationer. Feeld \u00e4r helt gratis att ladda ner och anv\u00e4nda, men du m\u00e5ste betala $ 9.99 per m\u00e5nad f\u00f6r att l\u00e5sa upp ytterligare funktioner som gruppchattar, evenemang och exklusiva klubbar.<\/p>\n<h3>HornySingles<\/h3>\n<p>HornySingles \u00e4r en gratis online dating app d\u00e4r m\u00e4nniskor kan ansluta baserat p\u00e5 \u00f6msesidiga intressen. Medlemmar kan bl\u00e4ddra bland profiler, skicka meddelanden och skapa kontakter med andra i n\u00e4rheten. Anv\u00e4ndare kan st\u00e4lla in sin profil f\u00f6r att inkludera foton, videor och ytterligare information om sig sj\u00e4lva. Det finns inga avgifter i samband med medlemskap, vilket g\u00f6r det idealiskt f\u00f6r dem som vill tr\u00e4ffa n\u00e5gon utan att beh\u00f6va spendera pengar i f\u00f6rv\u00e4g.<\/p>\n<h2>V\u00e5rt r\u00e5d till dig?<\/h2>\n<p>Du vill komma ih\u00e5g att vissa webbplatser \u00e4r helt gratis, medan andra har en liten m\u00e4ngd premiumfunktioner. M\u00e5nga av de popul\u00e4ra webbplatserna, som Tinder, OKCupid och Bumble, erbjuder b\u00e5de gratis och betalda versioner. Vissa \u00e4r dock helt gratis (och andra \u00e4r mer exklusiva som Seeking). Du m\u00e5ste hitta r\u00e4tt f\u00f6r dig, vi rekommenderar att du testar n\u00e5gra och ser hur du gillar dem.<\/p>\n","protected":false},"excerpt":{"rendered":"<p>Om du vill hitta avslappnad sex i ditt omr\u00e5de finns det n\u00e5gra saker du f\u00f6rmodligen vill t\u00e4nka p\u00e5. F\u00f6rst och fr\u00e4mst, se till att du &hellip; <\/p>\n","protected":false},"author":1,"featured_media":197,"parent":0,"menu_order":0,"comment_status":"closed","ping_status":"closed","template":"","meta":[],"yoast_head":"<!-- This site is optimized with the Yoast SEO plugin v17.7.1 - https:\/\/yoast.com\/wordpress\/plugins\/seo\/ -->\n<title>Hitta avslappnad sex n\u00e4ra dig - Jerk Dating<\/title>\n<meta name=\"robots\" content=\"index, follow, max-snippet:-1, max-image-preview:large, max-video-preview:-1\" \/>\n<link rel=\"canonical\" href=\"https:\/\/mamasjerkstation.com\/sv\/hitta-avslappnad-sex-nara-dig\/\" \/>\n<meta property=\"og:locale\" content=\"sv_SE\" \/>\n<meta property=\"og:type\" content=\"article\" \/>\n<meta property=\"og:title\" content=\"Hitta avslappnad sex n\u00e4ra dig - Jerk Dating\" \/>\n<meta property=\"og:description\" content=\"Om du vill hitta avslappnad sex i ditt omr\u00e5de finns det n\u00e5gra saker du f\u00f6rmodligen vill t\u00e4nka p\u00e5. F\u00f6rst och fr\u00e4mst, se till att du &hellip;\" \/>\n<meta property=\"og:url\" content=\"https:\/\/mamasjerkstation.com\/sv\/hitta-avslappnad-sex-nara-dig\/\" \/>\n<meta property=\"og:site_name\" content=\"Jerk Dating\" \/>\n<meta property=\"og:image\" content=\"http:\/\/mamasjerkstation.com\/wp-content\/uploads\/2022\/08\/casual-sex-dating-websites.jpeg\" \/>\n\t<meta property=\"og:image:width\" content=\"2094\" \/>\n\t<meta property=\"og:image:height\" content=\"1500\" \/>\n<meta name=\"twitter:card\" content=\"summary_large_image\" \/>\n<meta name=\"twitter:label1\" content=\"Ber\u00e4knad l\u00e4stid\" \/>\n\t<meta name=\"twitter:data1\" content=\"4 minuter\" \/>\n<script type=\"application\/ld+json\" class=\"yoast-schema-graph\">{\"@context\":\"https:\/\/schema.org\",\"@graph\":[{\"@type\":\"WebSite\",\"@id\":\"https:\/\/mamasjerkstation.com\/#website\",\"url\":\"https:\/\/mamasjerkstation.com\/\",\"name\":\"Jerk Dating\",\"description\":\"Online Sex Websites\",\"potentialAction\":[{\"@type\":\"SearchAction\",\"target\":{\"@type\":\"EntryPoint\",\"urlTemplate\":\"https:\/\/mamasjerkstation.com\/?s={search_term_string}\"},\"query-input\":\"required name=search_term_string\"}],\"inLanguage\":\"sv-SE\"},{\"@type\":\"ImageObject\",\"@id\":\"https:\/\/mamasjerkstation.com\/sv\/hitta-avslappnad-sex-nara-dig\/#primaryimage\",\"inLanguage\":\"sv-SE\",\"url\":\"https:\/\/mamasjerkstation.com\/wp-content\/uploads\/2022\/08\/casual-sex-dating-websites.jpeg\",\"contentUrl\":\"https:\/\/mamasjerkstation.com\/wp-content\/uploads\/2022\/08\/casual-sex-dating-websites.jpeg\",\"width\":2094,\"height\":1500},{\"@type\":\"WebPage\",\"@id\":\"https:\/\/mamasjerkstation.com\/sv\/hitta-avslappnad-sex-nara-dig\/#webpage\",\"url\":\"https:\/\/mamasjerkstation.com\/sv\/hitta-avslappnad-sex-nara-dig\/\",\"name\":\"Hitta avslappnad sex n\\u00e4ra dig - Jerk Dating\",\"isPartOf\":{\"@id\":\"https:\/\/mamasjerkstation.com\/#website\"},\"primaryImageOfPage\":{\"@id\":\"https:\/\/mamasjerkstation.com\/sv\/hitta-avslappnad-sex-nara-dig\/#primaryimage\"},\"datePublished\":\"2022-08-19T18:01:00+00:00\",\"dateModified\":\"2022-08-19T18:01:00+00:00\",\"breadcrumb\":{\"@id\":\"https:\/\/mamasjerkstation.com\/sv\/hitta-avslappnad-sex-nara-dig\/#breadcrumb\"},\"inLanguage\":\"sv-SE\",\"potentialAction\":[{\"@type\":\"ReadAction\",\"target\":[\"https:\/\/mamasjerkstation.com\/sv\/hitta-avslappnad-sex-nara-dig\/\"]}]},{\"@type\":\"BreadcrumbList\",\"@id\":\"https:\/\/mamasjerkstation.com\/sv\/hitta-avslappnad-sex-nara-dig\/#breadcrumb\",\"itemListElement\":[{\"@type\":\"ListItem\",\"position\":1,\"name\":\"Home\",\"item\":\"https:\/\/mamasjerkstation.com\/sv\/\"},{\"@type\":\"ListItem\",\"position\":2,\"name\":\"Hitta avslappnad sex n\\u00e4ra dig\"}]}]}<\/script>\n<!-- \/ Yoast SEO plugin. -->","yoast_head_json":{"title":"Hitta avslappnad sex n\u00e4ra dig - Jerk Dating","robots":{"index":"index","follow":"follow","max-snippet":"max-snippet:-1","max-image-preview":"max-image-preview:large","max-video-preview":"max-video-preview:-1"},"canonical":"https:\/\/mamasjerkstation.com\/sv\/hitta-avslappnad-sex-nara-dig\/","og_locale":"sv_SE","og_type":"article","og_title":"Hitta avslappnad sex n\u00e4ra dig - Jerk Dating","og_description":"Om du vill hitta avslappnad sex i ditt omr\u00e5de finns det n\u00e5gra saker du f\u00f6rmodligen vill t\u00e4nka p\u00e5. F\u00f6rst och fr\u00e4mst, se till att du &hellip;","og_url":"https:\/\/mamasjerkstation.com\/sv\/hitta-avslappnad-sex-nara-dig\/","og_site_name":"Jerk Dating","og_image":[{"width":2094,"height":1500,"url":"http:\/\/mamasjerkstation.com\/wp-content\/uploads\/2022\/08\/casual-sex-dating-websites.jpeg","type":"image\/jpeg"}],"twitter_card":"summary_large_image","twitter_misc":{"Ber\u00e4knad l\u00e4stid":"4 minuter"},"schema":{"@context":"https:\/\/schema.org","@graph":[{"@type":"WebSite","@id":"https:\/\/mamasjerkstation.com\/#website","url":"https:\/\/mamasjerkstation.com\/","name":"Jerk Dating","description":"Online Sex Websites","potentialAction":[{"@type":"SearchAction","target":{"@type":"EntryPoint","urlTemplate":"https:\/\/mamasjerkstation.com\/?s={search_term_string}"},"query-input":"required name=search_term_string"}],"inLanguage":"sv-SE"},{"@type":"ImageObject","@id":"https:\/\/mamasjerkstation.com\/sv\/hitta-avslappnad-sex-nara-dig\/#primaryimage","inLanguage":"sv-SE","url":"https:\/\/mamasjerkstation.com\/wp-content\/uploads\/2022\/08\/casual-sex-dating-websites.jpeg","contentUrl":"https:\/\/mamasjerkstation.com\/wp-content\/uploads\/2022\/08\/casual-sex-dating-websites.jpeg","width":2094,"height":1500},{"@type":"WebPage","@id":"https:\/\/mamasjerkstation.com\/sv\/hitta-avslappnad-sex-nara-dig\/#webpage","url":"https:\/\/mamasjerkstation.com\/sv\/hitta-avslappnad-sex-nara-dig\/","name":"Hitta avslappnad sex n\u00e4ra dig - Jerk Dating","isPartOf":{"@id":"https:\/\/mamasjerkstation.com\/#website"},"primaryImageOfPage":{"@id":"https:\/\/mamasjerkstation.com\/sv\/hitta-avslappnad-sex-nara-dig\/#primaryimage"},"datePublished":"2022-08-19T18:01:00+00:00","dateModified":"2022-08-19T18:01:00+00:00","breadcrumb":{"@id":"https:\/\/mamasjerkstation.com\/sv\/hitta-avslappnad-sex-nara-dig\/#breadcrumb"},"inLanguage":"sv-SE","potentialAction":[{"@type":"ReadAction","target":["https:\/\/mamasjerkstation.com\/sv\/hitta-avslappnad-sex-nara-dig\/"]}]},{"@type":"BreadcrumbList","@id":"https:\/\/mamasjerkstation.com\/sv\/hitta-avslappnad-sex-nara-dig\/#breadcrumb","itemListElement":[{"@type":"ListItem","position":1,"name":"Home","item":"https:\/\/mamasjerkstation.com\/sv\/"},{"@type":"ListItem","position":2,"name":"Hitta avslappnad sex n\u00e4ra dig"}]}]}},"_links":{"self":[{"href":"https:\/\/mamasjerkstation.com\/sv\/wp-json\/wp\/v2\/pages\/279"}],"collection":[{"href":"https:\/\/mamasjerkstation.com\/sv\/wp-json\/wp\/v2\/pages"}],"about":[{"href":"https:\/\/mamasjerkstation.com\/sv\/wp-json\/wp\/v2\/types\/page"}],"author":[{"embeddable":true,"href":"https:\/\/mamasjerkstation.com\/sv\/wp-json\/wp\/v2\/users\/1"}],"replies":[{"embeddable":true,"href":"https:\/\/mamasjerkstation.com\/sv\/wp-json\/wp\/v2\/comments?post=279"}],"version-history":[{"count":0,"href":"https:\/\/mamasjerkstation.com\/sv\/wp-json\/wp\/v2\/pages\/279\/revisions"}],"wp:featuredmedia":[{"embeddable":true,"href":"https:\/\/mamasjerkstation.com\/sv\/wp-json\/wp\/v2\/media\/197"}],"wp:attachment":[{"href":"https:\/\/mamasjerkstation.com\/sv\/wp-json\/wp\/v2\/media?parent=279"}],"curies":[{"name":"wp","href":"https:\/\/api.w.org\/{rel}","templated":true}]}}