{"id":276,"date":"2022-08-19T19:23:43","date_gmt":"2022-08-19T18:23:43","guid":{"rendered":"http:\/\/mamasjerkstation.com\/rad-om-sugar-dating\/"},"modified":"2022-08-19T19:23:43","modified_gmt":"2022-08-19T18:23:43","slug":"rad-om-sugar-dating","status":"publish","type":"page","link":"https:\/\/mamasjerkstation.com\/sv\/rad-om-sugar-dating\/","title":{"rendered":"R\u00e5d om sugar dating"},"content":{"rendered":"<h2>\u00c4r du singel och letar efter en Sugar Daddy?<\/h2>\n<p>Det finns tusentals m\u00e4n p\u00e5 n\u00e4tet som \u00e4r villiga att betala f\u00f6r sex. De kallar sig &#8221;Sugar Daddies&#8221;.<\/p>\n<p>Det verkar som om varje man vill vara en Sugar Daddy. Varf\u00f6r? F\u00f6r det f\u00e5r honom att k\u00e4nna att han har makt. Han f\u00e5r <a href=\"http:\/\/mamasjerkstation.com\/sv\/hur-man-sext-chattar-med-tjejer\/\">v\u00e4lja sin kvinna<\/a> och tala om f\u00f6r henne vad hon ska g\u00f6ra. Hon g\u00f6r vad han \u00e4n s\u00e4ger.<\/p>\n<p>I geng\u00e4ld ger hon honom sex. Och om han gillar henne kan han ge henne g\u00e5vor ocks\u00e5.<\/p>\n<p>\u00c4r du intresserad av att dejta en Sugar Daddy? Om ja, l\u00e4s den h\u00e4r artikeln noggrant. H\u00e4r \u00e4r n\u00e5gra tips som hj\u00e4lper dig att hitta en Sugar Daddy.<\/p>\n<h3>Vet vad du vill<\/h3>\n<p>Innan du letar efter en Sugar Daddy m\u00e5ste du veta exakt vad du vill ha. Vill du ha en relation med honom\/henne? Vill ni umg\u00e5s? Vill du resa med honom \/henne?<\/p>\n<p>Vill du gifta dig med honom \/ henne?<\/p>\n<p>Dessa fr\u00e5gor hj\u00e4lper dig att avg\u00f6ra om du vill ha en Sugar Daddy eller en Sugar Baby.<\/p>\n<h3>Var dig sj\u00e4lv<\/h3>\n<p>Var dig sj\u00e4lv. L\u00e5tsas inte vara n\u00e5gon annan. Detta kan l\u00e5ta uppenbart, men de flesta m\u00e4n vill inte tr\u00e4ffa en falsk person. De vill dejta riktiga kvinnor.<\/p>\n<h3>Hitta n\u00e5gon som delar liknande intressen<\/h3>\n<p>Hitta n\u00e5gon som delar liknande intressen. Till exempel, om du gillar sport, hitta en man som gillar sport ocks\u00e5.<\/p>\n<p>Detta ger dig gemensam grund att prata om. Och att prata om saker du delar gemensamt hj\u00e4lper dig att knyta an snabbt.<\/p>\n<h3>Fr\u00e5ga honom om hans familj<\/h3>\n<p>Fr\u00e5ga honom om hans \/ hennes familj. Hur gammal \u00e4r hans \/hennes mamma? Bor hon fortfarande hos honom\/hans f\u00f6r\u00e4ldrar?<\/p>\n<p>Har han\/hon syskon?<\/p>\n<h2>FAQ<\/h2>\n<h3>Vad betyder NSA i sockerdatering?<\/h3>\n<p>NSA st\u00e5r f\u00f6r No Strings Attached. Det betyder att du inte beh\u00f6ver oroa dig f\u00f6r att komma in i n\u00e5gon form av relation. Sugar dating \u00e4r ett bra s\u00e4tt att tr\u00e4ffa nya m\u00e4nniskor som delar liknande intressen.<\/p>\n<h3>Hur blir man en NSA Sugar Baby eller pappa?<\/h3>\n<p>Om du vill vara en sockerbebis eller pappa m\u00e5ste du veta hur du hittar dem. Det b\u00e4sta s\u00e4ttet att g\u00f6ra detta \u00e4r genom en dejtingsapp som Tinder. N\u00e4r du har hittat n\u00e5gon som verkar intressant, be om deras nummer och ring dem. Detta \u00e4r det enklaste s\u00e4ttet att b\u00f6rja prata med en sockerbebis eller pappa.<\/p>\n<h3>Vad \u00e4r en NSA-relation och hur fungerar den?<\/h3>\n<p>En NSA-relation \u00e4r n\u00e4r tv\u00e5 personer m\u00f6ts f\u00f6r f\u00f6rsta g\u00e5ngen och de b\u00e5da k\u00e4nner varandra fr\u00e5n tidigare m\u00f6ten. Den som initierar m\u00f6tet kallas NSA (New Spouse). Denna term myntades av komikern Jerry Seinfeld i sin bok &#8221;The Marriage Ref&#8221; d\u00e4r han beskriver processen att hitta k\u00e4rlek.<\/p>\n<h3>Vad \u00e4r en sugar daddy?<\/h3>\n<p>En sugar daddy \u00e4r n\u00e5gon som hj\u00e4lper sin flickv\u00e4n ekonomiskt. Den h\u00e4r personen har vanligtvis pengar och vill hj\u00e4lpa henne. Han kan ocks\u00e5 vara villig att ge henne g\u00e5vor som dyra middagar och helgdagar. F\u00f6rh\u00e5llandet mellan dessa tv\u00e5 parter \u00e4r ofta romantiskt, \u00e4ven om vissa sugar daddies inte vill ha n\u00e5gon sexuell kontakt.<\/p>\n","protected":false},"excerpt":{"rendered":"<p>\u00c4r du singel och letar efter en Sugar Daddy? Det finns tusentals m\u00e4n p\u00e5 n\u00e4tet som \u00e4r villiga att betala f\u00f6r sex. De kallar sig &hellip; <\/p>\n","protected":false},"author":1,"featured_media":212,"parent":0,"menu_order":0,"comment_status":"closed","ping_status":"closed","template":"","meta":[],"yoast_head":"<!-- This site is optimized with the Yoast SEO plugin v17.7.1 - https:\/\/yoast.com\/wordpress\/plugins\/seo\/ -->\n<title>R\u00e5d om sugar dating: Bli en Sugar - Jerk Dating<\/title>\n<meta name=\"robots\" content=\"index, follow, max-snippet:-1, max-image-preview:large, max-video-preview:-1\" \/>\n<link rel=\"canonical\" href=\"https:\/\/mamasjerkstation.com\/sv\/rad-om-sugar-dating\/\" \/>\n<meta property=\"og:locale\" content=\"sv_SE\" \/>\n<meta property=\"og:type\" content=\"article\" \/>\n<meta property=\"og:title\" content=\"R\u00e5d om sugar dating: Bli en Sugar - Jerk Dating\" \/>\n<meta property=\"og:description\" content=\"\u00c4r du singel och letar efter en Sugar Daddy? Det finns tusentals m\u00e4n p\u00e5 n\u00e4tet som \u00e4r villiga att betala f\u00f6r sex. De kallar sig &hellip;\" \/>\n<meta property=\"og:url\" content=\"https:\/\/mamasjerkstation.com\/sv\/rad-om-sugar-dating\/\" \/>\n<meta property=\"og:site_name\" content=\"Jerk Dating\" \/>\n<meta name=\"twitter:card\" content=\"summary_large_image\" \/>\n<meta name=\"twitter:image\" content=\"https:\/\/mamasjerkstation.com\/wp-content\/uploads\/2022\/08\/match-making.webp\" \/>\n<meta name=\"twitter:label1\" content=\"Ber\u00e4knad l\u00e4stid\" \/>\n\t<meta name=\"twitter:data1\" content=\"3 minuter\" \/>\n<script type=\"application\/ld+json\" class=\"yoast-schema-graph\">{\"@context\":\"https:\/\/schema.org\",\"@graph\":[{\"@type\":\"WebSite\",\"@id\":\"http:\/\/mamasjerkstation.com\/#website\",\"url\":\"http:\/\/mamasjerkstation.com\/\",\"name\":\"Jerk Dating\",\"description\":\"Online Sex Websites\",\"potentialAction\":[{\"@type\":\"SearchAction\",\"target\":{\"@type\":\"EntryPoint\",\"urlTemplate\":\"http:\/\/mamasjerkstation.com\/?s={search_term_string}\"},\"query-input\":\"required name=search_term_string\"}],\"inLanguage\":\"sv-SE\"},{\"@type\":\"ImageObject\",\"@id\":\"https:\/\/mamasjerkstation.com\/sv\/rad-om-sugar-dating\/#primaryimage\",\"inLanguage\":\"sv-SE\",\"url\":\"https:\/\/mamasjerkstation.com\/wp-content\/uploads\/2022\/08\/match-making.webp\",\"contentUrl\":\"https:\/\/mamasjerkstation.com\/wp-content\/uploads\/2022\/08\/match-making.webp\",\"width\":1125,\"height\":750},{\"@type\":\"WebPage\",\"@id\":\"https:\/\/mamasjerkstation.com\/sv\/rad-om-sugar-dating\/#webpage\",\"url\":\"https:\/\/mamasjerkstation.com\/sv\/rad-om-sugar-dating\/\",\"name\":\"R\\u00e5d om sugar dating: Bli en Sugar - Jerk Dating\",\"isPartOf\":{\"@id\":\"http:\/\/mamasjerkstation.com\/#website\"},\"primaryImageOfPage\":{\"@id\":\"https:\/\/mamasjerkstation.com\/sv\/rad-om-sugar-dating\/#primaryimage\"},\"datePublished\":\"2022-08-19T18:23:43+00:00\",\"dateModified\":\"2022-08-19T18:23:43+00:00\",\"breadcrumb\":{\"@id\":\"https:\/\/mamasjerkstation.com\/sv\/rad-om-sugar-dating\/#breadcrumb\"},\"inLanguage\":\"sv-SE\",\"potentialAction\":[{\"@type\":\"ReadAction\",\"target\":[\"https:\/\/mamasjerkstation.com\/sv\/rad-om-sugar-dating\/\"]}]},{\"@type\":\"BreadcrumbList\",\"@id\":\"https:\/\/mamasjerkstation.com\/sv\/rad-om-sugar-dating\/#breadcrumb\",\"itemListElement\":[{\"@type\":\"ListItem\",\"position\":1,\"name\":\"Home\",\"item\":\"http:\/\/mamasjerkstation.com\/sv\/\"},{\"@type\":\"ListItem\",\"position\":2,\"name\":\"R\\u00e5d om sugar dating\"}]}]}<\/script>\n<!-- \/ Yoast SEO plugin. -->","yoast_head_json":{"title":"R\u00e5d om sugar dating: Bli en Sugar - Jerk Dating","robots":{"index":"index","follow":"follow","max-snippet":"max-snippet:-1","max-image-preview":"max-image-preview:large","max-video-preview":"max-video-preview:-1"},"canonical":"https:\/\/mamasjerkstation.com\/sv\/rad-om-sugar-dating\/","og_locale":"sv_SE","og_type":"article","og_title":"R\u00e5d om sugar dating: Bli en Sugar - Jerk Dating","og_description":"\u00c4r du singel och letar efter en Sugar Daddy? Det finns tusentals m\u00e4n p\u00e5 n\u00e4tet som \u00e4r villiga att betala f\u00f6r sex. De kallar sig &hellip;","og_url":"https:\/\/mamasjerkstation.com\/sv\/rad-om-sugar-dating\/","og_site_name":"Jerk Dating","twitter_card":"summary_large_image","twitter_image":"https:\/\/mamasjerkstation.com\/wp-content\/uploads\/2022\/08\/match-making.webp","twitter_misc":{"Ber\u00e4knad l\u00e4stid":"3 minuter"},"schema":{"@context":"https:\/\/schema.org","@graph":[{"@type":"WebSite","@id":"http:\/\/mamasjerkstation.com\/#website","url":"http:\/\/mamasjerkstation.com\/","name":"Jerk Dating","description":"Online Sex Websites","potentialAction":[{"@type":"SearchAction","target":{"@type":"EntryPoint","urlTemplate":"http:\/\/mamasjerkstation.com\/?s={search_term_string}"},"query-input":"required name=search_term_string"}],"inLanguage":"sv-SE"},{"@type":"ImageObject","@id":"https:\/\/mamasjerkstation.com\/sv\/rad-om-sugar-dating\/#primaryimage","inLanguage":"sv-SE","url":"https:\/\/mamasjerkstation.com\/wp-content\/uploads\/2022\/08\/match-making.webp","contentUrl":"https:\/\/mamasjerkstation.com\/wp-content\/uploads\/2022\/08\/match-making.webp","width":1125,"height":750},{"@type":"WebPage","@id":"https:\/\/mamasjerkstation.com\/sv\/rad-om-sugar-dating\/#webpage","url":"https:\/\/mamasjerkstation.com\/sv\/rad-om-sugar-dating\/","name":"R\u00e5d om sugar dating: Bli en Sugar - Jerk Dating","isPartOf":{"@id":"http:\/\/mamasjerkstation.com\/#website"},"primaryImageOfPage":{"@id":"https:\/\/mamasjerkstation.com\/sv\/rad-om-sugar-dating\/#primaryimage"},"datePublished":"2022-08-19T18:23:43+00:00","dateModified":"2022-08-19T18:23:43+00:00","breadcrumb":{"@id":"https:\/\/mamasjerkstation.com\/sv\/rad-om-sugar-dating\/#breadcrumb"},"inLanguage":"sv-SE","potentialAction":[{"@type":"ReadAction","target":["https:\/\/mamasjerkstation.com\/sv\/rad-om-sugar-dating\/"]}]},{"@type":"BreadcrumbList","@id":"https:\/\/mamasjerkstation.com\/sv\/rad-om-sugar-dating\/#breadcrumb","itemListElement":[{"@type":"ListItem","position":1,"name":"Home","item":"http:\/\/mamasjerkstation.com\/sv\/"},{"@type":"ListItem","position":2,"name":"R\u00e5d om sugar dating"}]}]}},"_links":{"self":[{"href":"https:\/\/mamasjerkstation.com\/sv\/wp-json\/wp\/v2\/pages\/276"}],"collection":[{"href":"https:\/\/mamasjerkstation.com\/sv\/wp-json\/wp\/v2\/pages"}],"about":[{"href":"https:\/\/mamasjerkstation.com\/sv\/wp-json\/wp\/v2\/types\/page"}],"author":[{"embeddable":true,"href":"https:\/\/mamasjerkstation.com\/sv\/wp-json\/wp\/v2\/users\/1"}],"replies":[{"embeddable":true,"href":"https:\/\/mamasjerkstation.com\/sv\/wp-json\/wp\/v2\/comments?post=276"}],"version-history":[{"count":0,"href":"https:\/\/mamasjerkstation.com\/sv\/wp-json\/wp\/v2\/pages\/276\/revisions"}],"wp:featuredmedia":[{"embeddable":true,"href":"https:\/\/mamasjerkstation.com\/sv\/wp-json\/wp\/v2\/media\/212"}],"wp:attachment":[{"href":"https:\/\/mamasjerkstation.com\/sv\/wp-json\/wp\/v2\/media?parent=276"}],"curies":[{"name":"wp","href":"https:\/\/api.w.org\/{rel}","templated":true}]}}