{"id":322,"date":"2022-08-19T17:36:00","date_gmt":"2022-08-19T16:36:00","guid":{"rendered":"http:\/\/mamasjerkstation.com\/melhores-aplicativos-de-namoro-em-2022-para-solteiros\/"},"modified":"2022-08-19T17:36:00","modified_gmt":"2022-08-19T16:36:00","slug":"melhores-aplicativos-de-namoro-em-2022-para-solteiros","status":"publish","type":"page","link":"https:\/\/mamasjerkstation.com\/pt-br\/melhores-aplicativos-de-namoro-em-2022-para-solteiros\/","title":{"rendered":"Melhores aplicativos de namoro em 2022 para solteiros"},"content":{"rendered":"<p>Se voc\u00ea est\u00e1 procurando por amor online, pode ser dif\u00edcil descobrir por onde come\u00e7ar. Com centenas de aplicativos de namoro por a\u00ed, como voc\u00ea sabe qual \u00e9 o certo para voc\u00ea? Aqui est\u00e3o algumas dicas para ajud\u00e1-lo a fazer a escolha certa.<\/p>\n<h2>Obtendo o aplicativo certo<\/h2>\n<p>Claro, como este \u00e9 um aplicativo de namoro, ele inclui uma se\u00e7\u00e3o para <a href=\"http:\/\/mamasjerkstation.com\/pt-br\/namoro-lgbt\/\">flertar e conversar<\/a>, mas \u00e9 principalmente focado em conhecer pessoas para encontros reais. E se voc\u00ea est\u00e1 procurando algu\u00e9m que quer levar as coisas adiante, ent\u00e3o voc\u00ea provavelmente vai querer procurar em outro lugar.<\/p>\n<p>Ent\u00e3o, se voc\u00ea est\u00e1 procurando encontrar um bom encontro on-line, seja para um caso de uma noite ou um relacionamento, voc\u00ea definitivamente n\u00e3o vai errar com uma de nossas recomenda\u00e7\u00f5es<\/p>\n<h3>Mingle2<\/h3>\n<p>O Mingle2 \u00e9 um dos sites de namoro online gratuitos mais populares por a\u00ed. Com mais de 40 milh\u00f5es de usu\u00e1rios registrados, n\u00e3o \u00e9 surpresa que o aplicativo tenha se tornado imperd\u00edvel para quem procura amor. Voc\u00ea pode usar o site para conhecer pessoas pr\u00f3ximas, conversar e flertar atrav\u00e9s de mensagens de texto.<\/p>\n<p>O aplicativo conecta voc\u00ea com solteiros com base em suas prefer\u00eancias de localiza\u00e7\u00e3o, idade e relacionamento. Voc\u00ea pode navegar em perfis e enviar presentes virtuais para expressar interesse. Quando algu\u00e9m gosta do seu perfil, ele receber\u00e1 uma notifica\u00e7\u00e3o e voc\u00ea pode come\u00e7ar a conversar. Se ambas as partes estiverem interessadas, voc\u00ea pode se encontrar.<\/p>\n<p>Voc\u00ea nem precisa pagar nada. o site \u00e9 completamente livre para participar. E como \u00e9 propriedade do Match Group, voc\u00ea pode ter certeza de que suas informa\u00e7\u00f5es pessoais s\u00e3o seguras.<\/p>\n<h3>Silversingles<\/h3>\n<p>SilverSingles \u00e9 um site de encontros online onde idosos conhecem pessoas em busca de amor. Eles acreditam que \u00e9 importante manter as coisas simples e f\u00e1ceis de usar. \u00c9 por isso que eles n\u00e3o exigem taxas de ades\u00e3o, etapas de verifica\u00e7\u00e3o ou mesmo e-mails. Voc\u00ea apenas se inscreve e come\u00e7a a navegar.<\/p>\n<h3>eHarmony<\/h3>\n<p>O eHarmony \u00e9 um dos sites de namoro online mais antigos. Fundada em 2000, oferece testes de compatibilidade e correspond\u00eancias baseadas em tra\u00e7os de personalidade. Os usu\u00e1rios s\u00e3o questionados sobre seus interesses, valores, hobbies, objetivos de carreira, etc., e recebem coment\u00e1rios sobre o qu\u00e3o bem eles se encaixam. Se voc\u00ea quer encontrar o amor, eHarmony pode apenas trabalhar para voc\u00ea.<\/p>\n<h3>Procurando<\/h3>\n<p>Procurando algo s\u00e9rio? Seek.com foi projetado para ajud\u00e1-lo a se conectar com pessoas que procuram relacionamentos de longo prazo. Voc\u00ea pode navegar por perfis com base na idade, localiza\u00e7\u00e3o, status de relacionamento e at\u00e9 religi\u00e3o. O site permite que voc\u00ea configure alertas para notific\u00e1-lo sempre que algu\u00e9m lhe enviar uma solicita\u00e7\u00e3o de amigo ou escrever uma mensagem. \u00c9 gratuito se inscrever e navegar, mas voc\u00ea tem que pagar para enviar mensagens para potenciais companheiros.<\/p>\n<h3>Ashley Madison<\/h3>\n<p>Ashley Madison \u00e9 considerada o principal destino para pessoas casadas que procuram casos. Como o site pessoal adulto mais popular, Ashley Madison possui mais de 27 milh\u00f5es de membros ativos. Os usu\u00e1rios podem se inscrever gratuitamente e come\u00e7ar a navegar atrav\u00e9s de perfis de homens e mulheres locais. Uma vez que voc\u00ea encontrou algu\u00e9m que voc\u00ea gostaria de conhecer, voc\u00ea pode come\u00e7ar a conversar e organizar para se encontrar. Os membros podem pagar extra para receber vantagens especiais, como status VIP, medidas de seguran\u00e7a aprimoradas e suporte ao cliente 24 horas por dia, 7 dias por semana.<\/p>\n","protected":false},"excerpt":{"rendered":"<p>Se voc\u00ea est\u00e1 procurando por amor online, pode ser dif\u00edcil descobrir por onde come\u00e7ar. Com centenas de aplicativos de namoro por a\u00ed, como voc\u00ea sabe &hellip; <\/p>\n","protected":false},"author":1,"featured_media":134,"parent":0,"menu_order":0,"comment_status":"closed","ping_status":"closed","template":"","meta":[],"yoast_head":"<!-- This site is optimized with the Yoast SEO plugin v17.7.1 - https:\/\/yoast.com\/wordpress\/plugins\/seo\/ -->\n<title>Melhores aplicativos de namoro em 2022 para solteiros - Jerk Dating<\/title>\n<meta name=\"robots\" content=\"index, follow, max-snippet:-1, max-image-preview:large, max-video-preview:-1\" \/>\n<link rel=\"canonical\" href=\"https:\/\/mamasjerkstation.com\/pt-br\/melhores-aplicativos-de-namoro-em-2022-para-solteiros\/\" \/>\n<meta property=\"og:locale\" content=\"pt_BR\" \/>\n<meta property=\"og:type\" content=\"article\" \/>\n<meta property=\"og:title\" content=\"Melhores aplicativos de namoro em 2022 para solteiros - Jerk Dating\" \/>\n<meta property=\"og:description\" content=\"Se voc\u00ea est\u00e1 procurando por amor online, pode ser dif\u00edcil descobrir por onde come\u00e7ar. Com centenas de aplicativos de namoro por a\u00ed, como voc\u00ea sabe &hellip;\" \/>\n<meta property=\"og:url\" content=\"https:\/\/mamasjerkstation.com\/pt-br\/melhores-aplicativos-de-namoro-em-2022-para-solteiros\/\" \/>\n<meta property=\"og:site_name\" content=\"Jerk Dating\" \/>\n<meta property=\"og:image\" content=\"http:\/\/mamasjerkstation.com\/wp-content\/uploads\/2022\/08\/dating.jpeg\" \/>\n\t<meta property=\"og:image:width\" content=\"2000\" \/>\n\t<meta property=\"og:image:height\" content=\"1500\" \/>\n<meta name=\"twitter:card\" content=\"summary_large_image\" \/>\n<meta name=\"twitter:label1\" content=\"Est. tempo de leitura\" \/>\n\t<meta name=\"twitter:data1\" content=\"3 minutos\" \/>\n<script type=\"application\/ld+json\" class=\"yoast-schema-graph\">{\"@context\":\"https:\/\/schema.org\",\"@graph\":[{\"@type\":\"WebSite\",\"@id\":\"https:\/\/mamasjerkstation.com\/#website\",\"url\":\"https:\/\/mamasjerkstation.com\/\",\"name\":\"Jerk Dating\",\"description\":\"Online Sex Websites\",\"potentialAction\":[{\"@type\":\"SearchAction\",\"target\":{\"@type\":\"EntryPoint\",\"urlTemplate\":\"https:\/\/mamasjerkstation.com\/?s={search_term_string}\"},\"query-input\":\"required name=search_term_string\"}],\"inLanguage\":\"pt-BR\"},{\"@type\":\"ImageObject\",\"@id\":\"https:\/\/mamasjerkstation.com\/pt-br\/melhores-aplicativos-de-namoro-em-2022-para-solteiros\/#primaryimage\",\"inLanguage\":\"pt-BR\",\"url\":\"https:\/\/mamasjerkstation.com\/wp-content\/uploads\/2022\/08\/dating.jpeg\",\"contentUrl\":\"https:\/\/mamasjerkstation.com\/wp-content\/uploads\/2022\/08\/dating.jpeg\",\"width\":2000,\"height\":1500},{\"@type\":\"WebPage\",\"@id\":\"https:\/\/mamasjerkstation.com\/pt-br\/melhores-aplicativos-de-namoro-em-2022-para-solteiros\/#webpage\",\"url\":\"https:\/\/mamasjerkstation.com\/pt-br\/melhores-aplicativos-de-namoro-em-2022-para-solteiros\/\",\"name\":\"Melhores aplicativos de namoro em 2022 para solteiros - Jerk Dating\",\"isPartOf\":{\"@id\":\"https:\/\/mamasjerkstation.com\/#website\"},\"primaryImageOfPage\":{\"@id\":\"https:\/\/mamasjerkstation.com\/pt-br\/melhores-aplicativos-de-namoro-em-2022-para-solteiros\/#primaryimage\"},\"datePublished\":\"2022-08-19T16:36:00+00:00\",\"dateModified\":\"2022-08-19T16:36:00+00:00\",\"breadcrumb\":{\"@id\":\"https:\/\/mamasjerkstation.com\/pt-br\/melhores-aplicativos-de-namoro-em-2022-para-solteiros\/#breadcrumb\"},\"inLanguage\":\"pt-BR\",\"potentialAction\":[{\"@type\":\"ReadAction\",\"target\":[\"https:\/\/mamasjerkstation.com\/pt-br\/melhores-aplicativos-de-namoro-em-2022-para-solteiros\/\"]}]},{\"@type\":\"BreadcrumbList\",\"@id\":\"https:\/\/mamasjerkstation.com\/pt-br\/melhores-aplicativos-de-namoro-em-2022-para-solteiros\/#breadcrumb\",\"itemListElement\":[{\"@type\":\"ListItem\",\"position\":1,\"name\":\"Home\",\"item\":\"http:\/\/mamasjerkstation.com\/pt-br\/\"},{\"@type\":\"ListItem\",\"position\":2,\"name\":\"Melhores aplicativos de namoro em 2022 para solteiros\"}]}]}<\/script>\n<!-- \/ Yoast SEO plugin. -->","yoast_head_json":{"title":"Melhores aplicativos de namoro em 2022 para solteiros - Jerk Dating","robots":{"index":"index","follow":"follow","max-snippet":"max-snippet:-1","max-image-preview":"max-image-preview:large","max-video-preview":"max-video-preview:-1"},"canonical":"https:\/\/mamasjerkstation.com\/pt-br\/melhores-aplicativos-de-namoro-em-2022-para-solteiros\/","og_locale":"pt_BR","og_type":"article","og_title":"Melhores aplicativos de namoro em 2022 para solteiros - Jerk Dating","og_description":"Se voc\u00ea est\u00e1 procurando por amor online, pode ser dif\u00edcil descobrir por onde come\u00e7ar. Com centenas de aplicativos de namoro por a\u00ed, como voc\u00ea sabe &hellip;","og_url":"https:\/\/mamasjerkstation.com\/pt-br\/melhores-aplicativos-de-namoro-em-2022-para-solteiros\/","og_site_name":"Jerk Dating","og_image":[{"width":2000,"height":1500,"url":"http:\/\/mamasjerkstation.com\/wp-content\/uploads\/2022\/08\/dating.jpeg","type":"image\/jpeg"}],"twitter_card":"summary_large_image","twitter_misc":{"Est. tempo de leitura":"3 minutos"},"schema":{"@context":"https:\/\/schema.org","@graph":[{"@type":"WebSite","@id":"https:\/\/mamasjerkstation.com\/#website","url":"https:\/\/mamasjerkstation.com\/","name":"Jerk Dating","description":"Online Sex Websites","potentialAction":[{"@type":"SearchAction","target":{"@type":"EntryPoint","urlTemplate":"https:\/\/mamasjerkstation.com\/?s={search_term_string}"},"query-input":"required name=search_term_string"}],"inLanguage":"pt-BR"},{"@type":"ImageObject","@id":"https:\/\/mamasjerkstation.com\/pt-br\/melhores-aplicativos-de-namoro-em-2022-para-solteiros\/#primaryimage","inLanguage":"pt-BR","url":"https:\/\/mamasjerkstation.com\/wp-content\/uploads\/2022\/08\/dating.jpeg","contentUrl":"https:\/\/mamasjerkstation.com\/wp-content\/uploads\/2022\/08\/dating.jpeg","width":2000,"height":1500},{"@type":"WebPage","@id":"https:\/\/mamasjerkstation.com\/pt-br\/melhores-aplicativos-de-namoro-em-2022-para-solteiros\/#webpage","url":"https:\/\/mamasjerkstation.com\/pt-br\/melhores-aplicativos-de-namoro-em-2022-para-solteiros\/","name":"Melhores aplicativos de namoro em 2022 para solteiros - Jerk Dating","isPartOf":{"@id":"https:\/\/mamasjerkstation.com\/#website"},"primaryImageOfPage":{"@id":"https:\/\/mamasjerkstation.com\/pt-br\/melhores-aplicativos-de-namoro-em-2022-para-solteiros\/#primaryimage"},"datePublished":"2022-08-19T16:36:00+00:00","dateModified":"2022-08-19T16:36:00+00:00","breadcrumb":{"@id":"https:\/\/mamasjerkstation.com\/pt-br\/melhores-aplicativos-de-namoro-em-2022-para-solteiros\/#breadcrumb"},"inLanguage":"pt-BR","potentialAction":[{"@type":"ReadAction","target":["https:\/\/mamasjerkstation.com\/pt-br\/melhores-aplicativos-de-namoro-em-2022-para-solteiros\/"]}]},{"@type":"BreadcrumbList","@id":"https:\/\/mamasjerkstation.com\/pt-br\/melhores-aplicativos-de-namoro-em-2022-para-solteiros\/#breadcrumb","itemListElement":[{"@type":"ListItem","position":1,"name":"Home","item":"http:\/\/mamasjerkstation.com\/pt-br\/"},{"@type":"ListItem","position":2,"name":"Melhores aplicativos de namoro em 2022 para solteiros"}]}]}},"_links":{"self":[{"href":"https:\/\/mamasjerkstation.com\/pt-br\/wp-json\/wp\/v2\/pages\/322"}],"collection":[{"href":"https:\/\/mamasjerkstation.com\/pt-br\/wp-json\/wp\/v2\/pages"}],"about":[{"href":"https:\/\/mamasjerkstation.com\/pt-br\/wp-json\/wp\/v2\/types\/page"}],"author":[{"embeddable":true,"href":"https:\/\/mamasjerkstation.com\/pt-br\/wp-json\/wp\/v2\/users\/1"}],"replies":[{"embeddable":true,"href":"https:\/\/mamasjerkstation.com\/pt-br\/wp-json\/wp\/v2\/comments?post=322"}],"version-history":[{"count":0,"href":"https:\/\/mamasjerkstation.com\/pt-br\/wp-json\/wp\/v2\/pages\/322\/revisions"}],"wp:featuredmedia":[{"embeddable":true,"href":"https:\/\/mamasjerkstation.com\/pt-br\/wp-json\/wp\/v2\/media\/134"}],"wp:attachment":[{"href":"https:\/\/mamasjerkstation.com\/pt-br\/wp-json\/wp\/v2\/media?parent=322"}],"curies":[{"name":"wp","href":"https:\/\/api.w.org\/{rel}","templated":true}]}}