{"id":313,"date":"2022-08-19T18:41:19","date_gmt":"2022-08-19T17:41:19","guid":{"rendered":"http:\/\/mamasjerkstation.com\/salas-de-bate-papo-de-sexo\/"},"modified":"2022-08-19T18:41:19","modified_gmt":"2022-08-19T17:41:19","slug":"salas-de-bate-papo-de-sexo","status":"publish","type":"page","link":"https:\/\/mamasjerkstation.com\/pt-br\/salas-de-bate-papo-de-sexo\/","title":{"rendered":"Salas de bate-papo de sexo"},"content":{"rendered":"<p>Meet in Chat \u00e9 o melhor lugar para encontrar pessoas reais para falar sujo online! Voc\u00ea n\u00e3o vai acreditar como \u00e9 f\u00e1cil fazer novos amigos aqui, e como \u00e9 divertido flertar com estranhos. Temos centenas de garotas sensuais esperando para atender suas liga\u00e7\u00f5es!<\/p>\n<p>Voc\u00ea nunca \u00e9 muito velho ou muito jovem para experimentar nossas <a href=\"http:\/\/mamasjerkstation.com\/pt-br\/melhores-aplicativos-de-namoro-em-2022-para-solteiros\/\">salas de bate-papo para adultos completamente livres<\/a>. Basta escolher uma das categorias acima, entrar na sala e come\u00e7ar a conversar!<\/p>\n<p>N\u00e3o h\u00e1 limites para o que voc\u00ea pode fazer em nossos quartos &#8211; basta nos perguntar qualquer coisa! Se voc\u00ea quiser saber mais sobre brinquedos sexuais, n\u00f3s podemos ajudar l\u00e1, tamb\u00e9m. Quer saber mais sobre t\u00e9cnicas de sexo oral? Pergunte a n\u00f3s! Quer saber mais sobre o BDSM? Deixe-nos saber! Adoramos falar sobre tudo exc\u00eantrico!<\/p>\n<h2>Qual \u00e9 o melhor site para usar?<\/h2>\n<p>Tenho certeza que muitos de n\u00f3s estamos ansiosos por um futuro melhor onde n\u00e3o temos mais que pagar por pornografia online. Mas s\u00f3 porque h\u00e1 muitos \u00f3timos sites pornogr\u00e1ficos gratuitos por a\u00ed n\u00e3o significa que encontrar um que funcione bem \u00e9 sempre f\u00e1cil. Quando voc\u00ea est\u00e1 procurando um site premium que ofere\u00e7a v\u00eddeo de alta qualidade, cam girls e chats de webcam ao vivo, voc\u00ea quer ter certeza de que est\u00e1 escolhendo uma fonte respeit\u00e1vel.<\/p>\n<h3>Chaturbate<\/h3>\n<p>Chaturbate \u00e9 um dos sites de webcam mais populares online. Se voc\u00ea quer ver alguns v\u00eddeos de sexo ao vivo quentes, ent\u00e3o voc\u00ea provavelmente j\u00e1 est\u00e1 familiarizado com ele. Mas voc\u00ea sabia que h\u00e1 muitas maneiras diferentes de procurar cam girls? Aqui est\u00e3o tr\u00eas m\u00e9todos f\u00e1ceis.<\/p>\n<p>H\u00e1 milhares de cam girls no Chaturbate, e cada modelo geralmente tem v\u00e1rios videoclipes onde ela realiza certos atos sexuais. Por exemplo, se voc\u00ea quiser v\u00ea-la se masturbar, voc\u00ea pode olhar sob a aba &#8220;masturba\u00e7\u00e3o&#8221;. Alguns modelos t\u00eam v\u00e1rios v\u00eddeos de masturba\u00e7\u00e3o, enquanto outros t\u00eam apenas um ou dois.<\/p>\n<h2>Voc\u00ea tem que pagar?<\/h2>\n<p>Todos os sites\/meninas listados acima s\u00e3o completamente livres para navegar, assim voc\u00ea n\u00e3o ter\u00e1 que se preocupar em gastar dinheiro em seu conte\u00fado. No entanto, se voc\u00ea prefere apoiar as cam girls que voc\u00ea gosta, muitas delas aceitam dicas via PayPal. Isso facilita o envio de dinheiro diretamente do seu navegador. Al\u00e9m disso, muitos dos sites oferecem descontos para se inscrever em ades\u00f5es premium. Por exemplo, voc\u00ea pode se inscrever para uma assinatura de teste de um m\u00eas por US$ 1,99 por dia, ou pode se tornar um membro VIP por US$ 29,95 por m\u00eas.<\/p>\n<p>A maior parte disso acontece em locais de c\u00e2meras para adultos. Camming adulto \u00e9 a pr\u00e1tica de se envolver em chats de webcam atrav\u00e9s de feeds de v\u00eddeo ao vivo. Esses tipos de webcams permitem que as pessoas se vejam enquanto falam cara a cara. Na verdade, a maioria das pessoas usa sites de c\u00e2meras porque n\u00e3o querem ter que pagar por telefonemas. No entanto, a maior diferen\u00e7a entre salas de bate-papo normais e sites de c\u00e2meras \u00e9 que os sites de c\u00e2meras exigem registro. Al\u00e9m de fornecer chat de v\u00eddeo gratuito, os sites de c\u00e2meras geralmente oferecem recursos adicionais, como mensagens instant\u00e2neas, chat de texto e e-mail. Por exemplo, o Chaturbate oferece chat de v\u00eddeo gratuito, transmiss\u00e3o ao vivo e mensagens instant\u00e2neas. Outro site popular, My Free Cams, fornece chat de v\u00eddeo gratuito, bate-papo de \u00e1udio e mensagens instant\u00e2neas.<\/p>\n","protected":false},"excerpt":{"rendered":"<p>Meet in Chat \u00e9 o melhor lugar para encontrar pessoas reais para falar sujo online! Voc\u00ea n\u00e3o vai acreditar como \u00e9 f\u00e1cil fazer novos amigos &hellip; <\/p>\n","protected":false},"author":1,"featured_media":149,"parent":0,"menu_order":0,"comment_status":"closed","ping_status":"closed","template":"","meta":[],"yoast_head":"<!-- This site is optimized with the Yoast SEO plugin v17.7.1 - https:\/\/yoast.com\/wordpress\/plugins\/seo\/ -->\n<title>Salas de bate-papo de sexo - Jerk Dating<\/title>\n<meta name=\"robots\" content=\"index, follow, max-snippet:-1, max-image-preview:large, max-video-preview:-1\" \/>\n<link rel=\"canonical\" href=\"https:\/\/mamasjerkstation.com\/pt-br\/salas-de-bate-papo-de-sexo\/\" \/>\n<meta property=\"og:locale\" content=\"pt_BR\" \/>\n<meta property=\"og:type\" content=\"article\" \/>\n<meta property=\"og:title\" content=\"Salas de bate-papo de sexo - Jerk Dating\" \/>\n<meta property=\"og:description\" content=\"Meet in Chat \u00e9 o melhor lugar para encontrar pessoas reais para falar sujo online! Voc\u00ea n\u00e3o vai acreditar como \u00e9 f\u00e1cil fazer novos amigos &hellip;\" \/>\n<meta property=\"og:url\" content=\"https:\/\/mamasjerkstation.com\/pt-br\/salas-de-bate-papo-de-sexo\/\" \/>\n<meta property=\"og:site_name\" content=\"Jerk Dating\" \/>\n<meta property=\"og:image\" content=\"https:\/\/mamasjerkstation.com\/wp-content\/uploads\/2022\/08\/online-sex-sites.jpeg\" \/>\n\t<meta property=\"og:image:width\" content=\"2250\" \/>\n\t<meta property=\"og:image:height\" content=\"1500\" \/>\n<meta name=\"twitter:card\" content=\"summary_large_image\" \/>\n<meta name=\"twitter:label1\" content=\"Est. tempo de leitura\" \/>\n\t<meta name=\"twitter:data1\" content=\"3 minutos\" \/>\n<script type=\"application\/ld+json\" class=\"yoast-schema-graph\">{\"@context\":\"https:\/\/schema.org\",\"@graph\":[{\"@type\":\"WebSite\",\"@id\":\"http:\/\/mamasjerkstation.com\/#website\",\"url\":\"http:\/\/mamasjerkstation.com\/\",\"name\":\"Jerk Dating\",\"description\":\"Online Sex Websites\",\"potentialAction\":[{\"@type\":\"SearchAction\",\"target\":{\"@type\":\"EntryPoint\",\"urlTemplate\":\"http:\/\/mamasjerkstation.com\/?s={search_term_string}\"},\"query-input\":\"required name=search_term_string\"}],\"inLanguage\":\"pt-BR\"},{\"@type\":\"ImageObject\",\"@id\":\"https:\/\/mamasjerkstation.com\/pt-br\/salas-de-bate-papo-de-sexo\/#primaryimage\",\"inLanguage\":\"pt-BR\",\"url\":\"https:\/\/mamasjerkstation.com\/wp-content\/uploads\/2022\/08\/online-sex-sites.jpeg\",\"contentUrl\":\"https:\/\/mamasjerkstation.com\/wp-content\/uploads\/2022\/08\/online-sex-sites.jpeg\",\"width\":2250,\"height\":1500},{\"@type\":\"WebPage\",\"@id\":\"https:\/\/mamasjerkstation.com\/pt-br\/salas-de-bate-papo-de-sexo\/#webpage\",\"url\":\"https:\/\/mamasjerkstation.com\/pt-br\/salas-de-bate-papo-de-sexo\/\",\"name\":\"Salas de bate-papo de sexo - Jerk Dating\",\"isPartOf\":{\"@id\":\"http:\/\/mamasjerkstation.com\/#website\"},\"primaryImageOfPage\":{\"@id\":\"https:\/\/mamasjerkstation.com\/pt-br\/salas-de-bate-papo-de-sexo\/#primaryimage\"},\"datePublished\":\"2022-08-19T17:41:19+00:00\",\"dateModified\":\"2022-08-19T17:41:19+00:00\",\"breadcrumb\":{\"@id\":\"https:\/\/mamasjerkstation.com\/pt-br\/salas-de-bate-papo-de-sexo\/#breadcrumb\"},\"inLanguage\":\"pt-BR\",\"potentialAction\":[{\"@type\":\"ReadAction\",\"target\":[\"https:\/\/mamasjerkstation.com\/pt-br\/salas-de-bate-papo-de-sexo\/\"]}]},{\"@type\":\"BreadcrumbList\",\"@id\":\"https:\/\/mamasjerkstation.com\/pt-br\/salas-de-bate-papo-de-sexo\/#breadcrumb\",\"itemListElement\":[{\"@type\":\"ListItem\",\"position\":1,\"name\":\"Home\",\"item\":\"https:\/\/mamasjerkstation.com\/pt-br\/\"},{\"@type\":\"ListItem\",\"position\":2,\"name\":\"Salas de bate-papo de sexo\"}]}]}<\/script>\n<!-- \/ Yoast SEO plugin. -->","yoast_head_json":{"title":"Salas de bate-papo de sexo - Jerk Dating","robots":{"index":"index","follow":"follow","max-snippet":"max-snippet:-1","max-image-preview":"max-image-preview:large","max-video-preview":"max-video-preview:-1"},"canonical":"https:\/\/mamasjerkstation.com\/pt-br\/salas-de-bate-papo-de-sexo\/","og_locale":"pt_BR","og_type":"article","og_title":"Salas de bate-papo de sexo - Jerk Dating","og_description":"Meet in Chat \u00e9 o melhor lugar para encontrar pessoas reais para falar sujo online! Voc\u00ea n\u00e3o vai acreditar como \u00e9 f\u00e1cil fazer novos amigos &hellip;","og_url":"https:\/\/mamasjerkstation.com\/pt-br\/salas-de-bate-papo-de-sexo\/","og_site_name":"Jerk Dating","og_image":[{"width":2250,"height":1500,"url":"https:\/\/mamasjerkstation.com\/wp-content\/uploads\/2022\/08\/online-sex-sites.jpeg","type":"image\/jpeg"}],"twitter_card":"summary_large_image","twitter_misc":{"Est. tempo de leitura":"3 minutos"},"schema":{"@context":"https:\/\/schema.org","@graph":[{"@type":"WebSite","@id":"http:\/\/mamasjerkstation.com\/#website","url":"http:\/\/mamasjerkstation.com\/","name":"Jerk Dating","description":"Online Sex Websites","potentialAction":[{"@type":"SearchAction","target":{"@type":"EntryPoint","urlTemplate":"http:\/\/mamasjerkstation.com\/?s={search_term_string}"},"query-input":"required name=search_term_string"}],"inLanguage":"pt-BR"},{"@type":"ImageObject","@id":"https:\/\/mamasjerkstation.com\/pt-br\/salas-de-bate-papo-de-sexo\/#primaryimage","inLanguage":"pt-BR","url":"https:\/\/mamasjerkstation.com\/wp-content\/uploads\/2022\/08\/online-sex-sites.jpeg","contentUrl":"https:\/\/mamasjerkstation.com\/wp-content\/uploads\/2022\/08\/online-sex-sites.jpeg","width":2250,"height":1500},{"@type":"WebPage","@id":"https:\/\/mamasjerkstation.com\/pt-br\/salas-de-bate-papo-de-sexo\/#webpage","url":"https:\/\/mamasjerkstation.com\/pt-br\/salas-de-bate-papo-de-sexo\/","name":"Salas de bate-papo de sexo - Jerk Dating","isPartOf":{"@id":"http:\/\/mamasjerkstation.com\/#website"},"primaryImageOfPage":{"@id":"https:\/\/mamasjerkstation.com\/pt-br\/salas-de-bate-papo-de-sexo\/#primaryimage"},"datePublished":"2022-08-19T17:41:19+00:00","dateModified":"2022-08-19T17:41:19+00:00","breadcrumb":{"@id":"https:\/\/mamasjerkstation.com\/pt-br\/salas-de-bate-papo-de-sexo\/#breadcrumb"},"inLanguage":"pt-BR","potentialAction":[{"@type":"ReadAction","target":["https:\/\/mamasjerkstation.com\/pt-br\/salas-de-bate-papo-de-sexo\/"]}]},{"@type":"BreadcrumbList","@id":"https:\/\/mamasjerkstation.com\/pt-br\/salas-de-bate-papo-de-sexo\/#breadcrumb","itemListElement":[{"@type":"ListItem","position":1,"name":"Home","item":"https:\/\/mamasjerkstation.com\/pt-br\/"},{"@type":"ListItem","position":2,"name":"Salas de bate-papo de sexo"}]}]}},"_links":{"self":[{"href":"https:\/\/mamasjerkstation.com\/pt-br\/wp-json\/wp\/v2\/pages\/313"}],"collection":[{"href":"https:\/\/mamasjerkstation.com\/pt-br\/wp-json\/wp\/v2\/pages"}],"about":[{"href":"https:\/\/mamasjerkstation.com\/pt-br\/wp-json\/wp\/v2\/types\/page"}],"author":[{"embeddable":true,"href":"https:\/\/mamasjerkstation.com\/pt-br\/wp-json\/wp\/v2\/users\/1"}],"replies":[{"embeddable":true,"href":"https:\/\/mamasjerkstation.com\/pt-br\/wp-json\/wp\/v2\/comments?post=313"}],"version-history":[{"count":0,"href":"https:\/\/mamasjerkstation.com\/pt-br\/wp-json\/wp\/v2\/pages\/313\/revisions"}],"wp:featuredmedia":[{"embeddable":true,"href":"https:\/\/mamasjerkstation.com\/pt-br\/wp-json\/wp\/v2\/media\/149"}],"wp:attachment":[{"href":"https:\/\/mamasjerkstation.com\/pt-br\/wp-json\/wp\/v2\/media?parent=313"}],"curies":[{"name":"wp","href":"https:\/\/api.w.org\/{rel}","templated":true}]}}