{"id":294,"date":"2022-08-19T18:48:22","date_gmt":"2022-08-19T17:48:22","guid":{"rendered":"http:\/\/mamasjerkstation.com\/bate-papo-com-estranhos-online\/"},"modified":"2022-08-19T18:48:22","modified_gmt":"2022-08-19T17:48:22","slug":"bate-papo-com-estranhos-online","status":"publish","type":"page","link":"https:\/\/mamasjerkstation.com\/pt-br\/bate-papo-com-estranhos-online\/","title":{"rendered":"Bate-papo com estranhos online"},"content":{"rendered":"<p>Nem todas as garotas desses sites est\u00e3o procurando sexo. Alguns est\u00e3o entediados e querem falar com estranhos. Outros est\u00e3o procurando amigos. Mas mesmo que voc\u00ea n\u00e3o conhe\u00e7a ningu\u00e9m em nenhum dos sites, voc\u00ea ainda pode acabar vendo algo que voc\u00ea n\u00e3o estava esperando.<\/p>\n<h2>Sites de c\u00e2mara ou salas de bate-papo<\/h2>\n<p>Se voc\u00ea est\u00e1 procurando um lugar onde voc\u00ea pode conhecer garotas reais online, \u00e9 prov\u00e1vel que voc\u00ea tenha se decepcionado com as op\u00e7\u00f5es l\u00e1 fora. O problema \u00e9 encontrar um bom local n\u00e3o \u00e9 f\u00e1cil. H\u00e1 toneladas de salas de bate-papo porn\u00f4 gr\u00e1tis l\u00e1 fora, mas a maioria deles est\u00e3o cheios de rob\u00f4s em vez de humanos. E embora seja verdade que sites pagos como myFreeCams oferecem garotas de c\u00e2mera genu\u00ednas, esses modelos nem sempre est\u00e3o ativos ou dispostos a interagir com os visitantes.<\/p>\n<p>Vasculhamos a web pelos melhores sites de bate-papo sexual, e encontramos todos eles. Ent\u00e3o, se voc\u00ea quer conversar com MILFs, adolescentes, BDSM ou at\u00e9 mesmo casais, nossa lista tem tudo o que voc\u00ea poderia precisar. Existem muitos tipos diferentes de quartos para escolher, cada um atendendo a necessidades e desejos espec\u00edficos. Algumas pessoas preferem conversar com estranhos, enquanto outras gostam de conhecer algu\u00e9m que j\u00e1 conhecem. Algumas pessoas adoram falar sujo, enquanto outras simplesmente querem falar sobre qualquer outra coisa al\u00e9m de sexo.<\/p>\n<h2>Aplicativos de namoro<\/h2>\n<p>H\u00e1 muitas <a href=\"http:\/\/mamasjerkstation.com\/pt-br\/namoro-lgbt\/\">plataformas de namoro online<\/a> por a\u00ed, mas uma vez que voc\u00ea encontrou uma que funcione para voc\u00ea, voc\u00ea provavelmente vai ficar com ele por um tempo. Mas o que acontece quando voc\u00ea est\u00e1 pronto para seguir em frente e tentar outra coisa? Se voc\u00ea est\u00e1 procurando um bom aplicativo de conex\u00e3o, aqui est\u00e1 tudo que voc\u00ea precisa saber. Existem literalmente milhares de aplicativos de namoro e sites diferentes por a\u00ed, e mesmo que voc\u00ea possa pensar que sabe o que est\u00e1 fazendo, as chances s\u00e3o de que voc\u00ea poderia facilmente acabar perdendo horas ap\u00f3s horas de sua vida procurando por algo que nem est\u00e1 l\u00e1. Ent\u00e3o, se voc\u00ea est\u00e1 procurando por encontros casuais, relacionamentos de longo prazo, ou talvez at\u00e9 mesmo casamento, n\u00f3s temos voc\u00ea coberto. Na verdade, n\u00f3s compilamos uma lista das melhores salas de bate-papo sexual por hoje, para que voc\u00ea possa finalmente parar de se preocupar em n\u00e3o ter sorte com encontros online.<\/p>\n<p><strong>O que procurar em sites de namoro:<\/strong><\/p>\n<h3>Recursos de seguran\u00e7a<\/h3>\n<p>Sites de conex\u00e3o geralmente oferecem recursos de seguran\u00e7a para proteger contra golpistas, hackers e ladr\u00f5es de identidade. Estes incluem m\u00e9todos de verifica\u00e7\u00e3o, como confirma\u00e7\u00e3o de endere\u00e7o de e-mail e verifica\u00e7\u00e3o de n\u00famero de telefone. Eles tamb\u00e9m muitas vezes pedir\u00e3o informa\u00e7\u00f5es adicionais sobre si mesmo, incluindo sua idade e localiza\u00e7\u00e3o, antes de permitir que voc\u00ea acesse. Se voc\u00ea v\u00ea algo suspeito, as chances s\u00e3o boas de que o site n\u00e3o valha o seu tempo.<\/p>\n<h3>Perfis verificados<\/h3>\n<p>Ao se inscrever em um aplicativo ou site de conex\u00e3o, certifique-se de verificar seu perfil. Isso garante que o que voc\u00ea coloca no papel corresponda ao que est\u00e1 no arquivo com o site. A maioria dos sites de conex\u00e3o permitem que voc\u00ea carregue uma foto sua, o que ajuda a confirmar que voc\u00ea \u00e9 real. Voc\u00ea n\u00e3o deve ter que pagar para verificar sua conta, mas alguns sites cobram taxas extras para verifica\u00e7\u00e3o.<\/p>\n<h3>Prote\u00e7\u00e3o contra golpes<\/h3>\n<p>A maioria dos sites de conex\u00e3o tem maneiras de prevenir atividades fraudulentas. Por exemplo, muitos sites pro\u00edbem certos tipos de contas, como as usadas por bots e golpistas. Outros limitam a quantidade de informa\u00e7\u00f5es de cart\u00e3o de cr\u00e9dito que voc\u00ea pode usar para financiar sua conta. Outros ainda te avisam se algu\u00e9m tentar engan\u00e1-lo. Procure sinais de fraude e evite dar informa\u00e7\u00f5es pessoais a menos que voc\u00ea se sinta confort\u00e1vel fazendo isso.<\/p>\n","protected":false},"excerpt":{"rendered":"<p>Nem todas as garotas desses sites est\u00e3o procurando sexo. Alguns est\u00e3o entediados e querem falar com estranhos. Outros est\u00e3o procurando amigos. Mas mesmo que voc\u00ea &hellip; <\/p>\n","protected":false},"author":1,"featured_media":164,"parent":0,"menu_order":0,"comment_status":"closed","ping_status":"closed","template":"","meta":[],"yoast_head":"<!-- This site is optimized with the Yoast SEO plugin v17.7.1 - https:\/\/yoast.com\/wordpress\/plugins\/seo\/ -->\n<title>Bate-papo com estranhos online - Jerk Dating<\/title>\n<meta name=\"robots\" content=\"index, follow, max-snippet:-1, max-image-preview:large, max-video-preview:-1\" \/>\n<link rel=\"canonical\" href=\"https:\/\/mamasjerkstation.com\/pt-br\/bate-papo-com-estranhos-online\/\" \/>\n<meta property=\"og:locale\" content=\"pt_BR\" \/>\n<meta property=\"og:type\" content=\"article\" \/>\n<meta property=\"og:title\" content=\"Bate-papo com estranhos online - Jerk Dating\" \/>\n<meta property=\"og:description\" content=\"Nem todas as garotas desses sites est\u00e3o procurando sexo. Alguns est\u00e3o entediados e querem falar com estranhos. Outros est\u00e3o procurando amigos. Mas mesmo que voc\u00ea &hellip;\" \/>\n<meta property=\"og:url\" content=\"https:\/\/mamasjerkstation.com\/pt-br\/bate-papo-com-estranhos-online\/\" \/>\n<meta property=\"og:site_name\" content=\"Jerk Dating\" \/>\n<meta property=\"og:image\" content=\"http:\/\/mamasjerkstation.com\/wp-content\/uploads\/2022\/08\/hookups.jpeg\" \/>\n\t<meta property=\"og:image:width\" content=\"500\" \/>\n\t<meta property=\"og:image:height\" content=\"333\" \/>\n<meta name=\"twitter:card\" content=\"summary_large_image\" \/>\n<meta name=\"twitter:label1\" content=\"Est. tempo de leitura\" \/>\n\t<meta name=\"twitter:data1\" content=\"3 minutos\" \/>\n<script type=\"application\/ld+json\" class=\"yoast-schema-graph\">{\"@context\":\"https:\/\/schema.org\",\"@graph\":[{\"@type\":\"WebSite\",\"@id\":\"https:\/\/mamasjerkstation.com\/#website\",\"url\":\"https:\/\/mamasjerkstation.com\/\",\"name\":\"Jerk Dating\",\"description\":\"Online Sex Websites\",\"potentialAction\":[{\"@type\":\"SearchAction\",\"target\":{\"@type\":\"EntryPoint\",\"urlTemplate\":\"https:\/\/mamasjerkstation.com\/?s={search_term_string}\"},\"query-input\":\"required name=search_term_string\"}],\"inLanguage\":\"pt-BR\"},{\"@type\":\"ImageObject\",\"@id\":\"https:\/\/mamasjerkstation.com\/pt-br\/bate-papo-com-estranhos-online\/#primaryimage\",\"inLanguage\":\"pt-BR\",\"url\":\"https:\/\/mamasjerkstation.com\/wp-content\/uploads\/2022\/08\/hookups.jpeg\",\"contentUrl\":\"https:\/\/mamasjerkstation.com\/wp-content\/uploads\/2022\/08\/hookups.jpeg\",\"width\":500,\"height\":333},{\"@type\":\"WebPage\",\"@id\":\"https:\/\/mamasjerkstation.com\/pt-br\/bate-papo-com-estranhos-online\/#webpage\",\"url\":\"https:\/\/mamasjerkstation.com\/pt-br\/bate-papo-com-estranhos-online\/\",\"name\":\"Bate-papo com estranhos online - Jerk Dating\",\"isPartOf\":{\"@id\":\"https:\/\/mamasjerkstation.com\/#website\"},\"primaryImageOfPage\":{\"@id\":\"https:\/\/mamasjerkstation.com\/pt-br\/bate-papo-com-estranhos-online\/#primaryimage\"},\"datePublished\":\"2022-08-19T17:48:22+00:00\",\"dateModified\":\"2022-08-19T17:48:22+00:00\",\"breadcrumb\":{\"@id\":\"https:\/\/mamasjerkstation.com\/pt-br\/bate-papo-com-estranhos-online\/#breadcrumb\"},\"inLanguage\":\"pt-BR\",\"potentialAction\":[{\"@type\":\"ReadAction\",\"target\":[\"https:\/\/mamasjerkstation.com\/pt-br\/bate-papo-com-estranhos-online\/\"]}]},{\"@type\":\"BreadcrumbList\",\"@id\":\"https:\/\/mamasjerkstation.com\/pt-br\/bate-papo-com-estranhos-online\/#breadcrumb\",\"itemListElement\":[{\"@type\":\"ListItem\",\"position\":1,\"name\":\"Home\",\"item\":\"http:\/\/mamasjerkstation.com\/pt-br\/\"},{\"@type\":\"ListItem\",\"position\":2,\"name\":\"Bate-papo com estranhos online\"}]}]}<\/script>\n<!-- \/ Yoast SEO plugin. -->","yoast_head_json":{"title":"Bate-papo com estranhos online - Jerk Dating","robots":{"index":"index","follow":"follow","max-snippet":"max-snippet:-1","max-image-preview":"max-image-preview:large","max-video-preview":"max-video-preview:-1"},"canonical":"https:\/\/mamasjerkstation.com\/pt-br\/bate-papo-com-estranhos-online\/","og_locale":"pt_BR","og_type":"article","og_title":"Bate-papo com estranhos online - Jerk Dating","og_description":"Nem todas as garotas desses sites est\u00e3o procurando sexo. Alguns est\u00e3o entediados e querem falar com estranhos. Outros est\u00e3o procurando amigos. Mas mesmo que voc\u00ea &hellip;","og_url":"https:\/\/mamasjerkstation.com\/pt-br\/bate-papo-com-estranhos-online\/","og_site_name":"Jerk Dating","og_image":[{"width":500,"height":333,"url":"http:\/\/mamasjerkstation.com\/wp-content\/uploads\/2022\/08\/hookups.jpeg","type":"image\/jpeg"}],"twitter_card":"summary_large_image","twitter_misc":{"Est. tempo de leitura":"3 minutos"},"schema":{"@context":"https:\/\/schema.org","@graph":[{"@type":"WebSite","@id":"https:\/\/mamasjerkstation.com\/#website","url":"https:\/\/mamasjerkstation.com\/","name":"Jerk Dating","description":"Online Sex Websites","potentialAction":[{"@type":"SearchAction","target":{"@type":"EntryPoint","urlTemplate":"https:\/\/mamasjerkstation.com\/?s={search_term_string}"},"query-input":"required name=search_term_string"}],"inLanguage":"pt-BR"},{"@type":"ImageObject","@id":"https:\/\/mamasjerkstation.com\/pt-br\/bate-papo-com-estranhos-online\/#primaryimage","inLanguage":"pt-BR","url":"https:\/\/mamasjerkstation.com\/wp-content\/uploads\/2022\/08\/hookups.jpeg","contentUrl":"https:\/\/mamasjerkstation.com\/wp-content\/uploads\/2022\/08\/hookups.jpeg","width":500,"height":333},{"@type":"WebPage","@id":"https:\/\/mamasjerkstation.com\/pt-br\/bate-papo-com-estranhos-online\/#webpage","url":"https:\/\/mamasjerkstation.com\/pt-br\/bate-papo-com-estranhos-online\/","name":"Bate-papo com estranhos online - Jerk Dating","isPartOf":{"@id":"https:\/\/mamasjerkstation.com\/#website"},"primaryImageOfPage":{"@id":"https:\/\/mamasjerkstation.com\/pt-br\/bate-papo-com-estranhos-online\/#primaryimage"},"datePublished":"2022-08-19T17:48:22+00:00","dateModified":"2022-08-19T17:48:22+00:00","breadcrumb":{"@id":"https:\/\/mamasjerkstation.com\/pt-br\/bate-papo-com-estranhos-online\/#breadcrumb"},"inLanguage":"pt-BR","potentialAction":[{"@type":"ReadAction","target":["https:\/\/mamasjerkstation.com\/pt-br\/bate-papo-com-estranhos-online\/"]}]},{"@type":"BreadcrumbList","@id":"https:\/\/mamasjerkstation.com\/pt-br\/bate-papo-com-estranhos-online\/#breadcrumb","itemListElement":[{"@type":"ListItem","position":1,"name":"Home","item":"http:\/\/mamasjerkstation.com\/pt-br\/"},{"@type":"ListItem","position":2,"name":"Bate-papo com estranhos online"}]}]}},"_links":{"self":[{"href":"https:\/\/mamasjerkstation.com\/pt-br\/wp-json\/wp\/v2\/pages\/294"}],"collection":[{"href":"https:\/\/mamasjerkstation.com\/pt-br\/wp-json\/wp\/v2\/pages"}],"about":[{"href":"https:\/\/mamasjerkstation.com\/pt-br\/wp-json\/wp\/v2\/types\/page"}],"author":[{"embeddable":true,"href":"https:\/\/mamasjerkstation.com\/pt-br\/wp-json\/wp\/v2\/users\/1"}],"replies":[{"embeddable":true,"href":"https:\/\/mamasjerkstation.com\/pt-br\/wp-json\/wp\/v2\/comments?post=294"}],"version-history":[{"count":0,"href":"https:\/\/mamasjerkstation.com\/pt-br\/wp-json\/wp\/v2\/pages\/294\/revisions"}],"wp:featuredmedia":[{"embeddable":true,"href":"https:\/\/mamasjerkstation.com\/pt-br\/wp-json\/wp\/v2\/media\/164"}],"wp:attachment":[{"href":"https:\/\/mamasjerkstation.com\/pt-br\/wp-json\/wp\/v2\/media?parent=294"}],"curies":[{"name":"wp","href":"https:\/\/api.w.org\/{rel}","templated":true}]}}