{"id":285,"date":"2022-08-19T18:51:33","date_gmt":"2022-08-19T17:51:33","guid":{"rendered":"http:\/\/mamasjerkstation.com\/namoro-lgbt\/"},"modified":"2022-08-19T18:51:33","modified_gmt":"2022-08-19T17:51:33","slug":"namoro-lgbt","status":"publish","type":"page","link":"https:\/\/mamasjerkstation.com\/pt-br\/namoro-lgbt\/","title":{"rendered":"Namoro LGBT+"},"content":{"rendered":"<p>Quando voc\u00ea est\u00e1 procurando um bom aplicativo de conex\u00e3o, voc\u00ea quer algo que lhe d\u00ea acesso a muitas pessoas diferentes. Voc\u00ea n\u00e3o quer necessariamente pagar por cada pessoa que voc\u00ea conhece.<\/p>\n<h2>Aqui est\u00e3o nossas 3 principais dicas para usar aplicativos de namoro LGBT:<\/h2>\n<h3>Suporte m\u00f3vel<\/h3>\n<p>Voc\u00ea provavelmente usar\u00e1 seu telefone com mais frequ\u00eancia enquanto <a href=\"http:\/\/mamasjerkstation.com\/pt-br\/encontre-sexo-casual-perto-de-voce\/\">procura uma data<\/a>, especialmente porque muitos aplicativos de conex\u00e3o oferecem uma vers\u00e3o gratuita que permite que voc\u00ea navegue em perfis e envie mensagens. Mas certifique-se de que o aplicativo funcione bem em dispositivos iOS e Android. Nem todo mundo usa iPhones ou Androids, ent\u00e3o a compatibilidade importa. Se voc\u00ea decidir baixar o aplicativo completo, procure avalia\u00e7\u00f5es que mencionem como \u00e9 f\u00e1cil navegar e se as pessoas tiveram problemas para fazer login.<\/p>\n<h3>Ux<\/h3>\n<p>O design do aplicativo em si n\u00e3o \u00e9 importante, mas voc\u00ea pode querer experimentar alguns diferentes antes de se estabelecer em um. Alguns aplicativos se concentram em combinar pessoas com base na localiza\u00e7\u00e3o, enquanto outros permitem que voc\u00ea filtre por faixa et\u00e1ria ou sexo. Certifique-se de gostar do jeito que o aplicativo parece e se sente. N\u00e3o h\u00e1 nada pior do que ter um grande jogo esperando por voc\u00ea, s\u00f3 para descobrir que ele realmente n\u00e3o existe.<\/p>\n<h3>Sistema de correspond\u00eancia<\/h3>\n<p>Como o aplicativo determina quais pessoas s\u00e3o semelhantes umas \u00e0s outras? \u00c9 baseado em amigos em comum? Um interesse compartilhado por m\u00fasica ou livros? Ou talvez encontre pessoas que moram perto umas das outras? Quanto peso \u00e9 dado a cada fator? Esses fatores afetam quantas pessoas aparecem no seu feed e a probabilidade de voc\u00ea se conectar com eles.<\/p>\n<h2>Sentida<\/h2>\n<p>Feeld \u00e9 um dos melhores aplicativos de conex\u00e3o ao redor. Com mais de 10 milh\u00f5es de downloads, atende pessoas que procuram sexo casual e\/ou apenas alguma divers\u00e3o. Este app \u00e9 \u00f3timo para quem \u00e9 solteiro, h\u00e9tero, gay, bi, trans, l\u00e9sbica, bi, queer, pansexual, poliamoroso, etc.<\/p>\n<p>O aplicativo funciona como o Tinder, onde voc\u00ea desliza para a esquerda para passar e \u00e0 direita para combinar. Voc\u00ea pode escolher se quer ver fotos ou n\u00e3o. Se voc\u00ea decidir ver imagens, h\u00e1 filtros como sexo, idade, etnia, tipo de corpo, orienta\u00e7\u00e3o sexual, status de relacionamento, prefer\u00eancias de tabagismo, altura, cor do cabelo, cor dos olhos, religi\u00e3o, vis\u00f5es pol\u00edticas, ocupa\u00e7\u00e3o, n\u00edvel de escolaridade, renda e at\u00e9 tatuagens e piercings. Voc\u00ea tamb\u00e9m pode adicionar interesses e hobbies. Por exemplo, estou interessado em esportes, comida, m\u00fasica, arte, viagens e fitness. Quando algu\u00e9m me envia um pedido, posso aceitar ou recusar. Se ambos concordarmos em nos encontrar, podemos definir uma data e local.<\/p>\n<p>Se voc\u00ea decidir sair com algu\u00e9m, voc\u00ea pode conversar com ele ou ela atrav\u00e9s de mensagens de texto ou chamadas de v\u00eddeo. N\u00e3o h\u00e1 press\u00e3o para se encontrar. Voc\u00ea tamb\u00e9m pode enviar presentes, flores, chocolates e muito mais. Existem muitos recursos neste aplicativo, incluindo a capacidade de fazer amigos, encontrar datas, procurar perfis e visualizar partidas m\u00fatuas. Voc\u00ea tamb\u00e9m pode bloquear certos usu\u00e1rios.<\/p>\n<h2>Dela<\/h2>\n<p>Her \u00e9 o maior aplicativo de namoro gratuito do mundo para l\u00e9sbicas e mulheres bissexuais. Com mais de 50 milh\u00f5es de membros em todo o mundo, n\u00e3o faltam op\u00e7\u00f5es. Mas o que a faz se destacar da multid\u00e3o? Aqui est\u00e3o tr\u00eas raz\u00f5es pelas quais adoramos.<\/p>\n<h3>Eventos locais e not\u00edcias<\/h3>\n<p>O aplicativo compartilha not\u00edcias LGBTQ+, incluindo eventos locais e espa\u00e7os seguros onde voc\u00ea pode conhecer pessoas pr\u00f3ximas. Voc\u00ea pode at\u00e9 encontrar eventos perto de lugares como bares e clubes, facilitando a realiza\u00e7\u00e3o de uma data.<\/p>\n<h3>Espa\u00e7os Seguros<\/h3>\n<p>Se voc\u00ea quer sair sem se preocupar em ser assediado, agredido ou discriminado, ela fornece um espa\u00e7o seguro para todos. Assim como na vida real, voc\u00ea n\u00e3o tem que se preocupar em ter que &#8220;sair&#8221; para algu\u00e9m. Se voc\u00ea est\u00e1 nervoso por conhecer algu\u00e9m novo, basta falar com outros online ou pedir a um amigo para apresent\u00e1-lo.<\/p>\n<h3>Localizador de trio<\/h3>\n<p>Sabe como \u00e0s vezes voc\u00ea se sente como se realmente gostaria de tentar algo diferente? Bem, voc\u00ea pode fazer isso aqui. Embora a maioria dos aplicativos exija que voc\u00ea diga explicitamente que deseja se conectar, her permite que voc\u00ea configure encontros com outras pessoas com base em interesses m\u00fatuos. Assim, ningu\u00e9m fica de fora.<\/p>\n","protected":false},"excerpt":{"rendered":"<p>Quando voc\u00ea est\u00e1 procurando um bom aplicativo de conex\u00e3o, voc\u00ea quer algo que lhe d\u00ea acesso a muitas pessoas diferentes. Voc\u00ea n\u00e3o quer necessariamente pagar &hellip; <\/p>\n","protected":false},"author":1,"featured_media":89,"parent":0,"menu_order":0,"comment_status":"closed","ping_status":"closed","template":"","meta":[],"yoast_head":"<!-- This site is optimized with the Yoast SEO plugin v17.7.1 - https:\/\/yoast.com\/wordpress\/plugins\/seo\/ -->\n<title>Namoro LGBT+ - Jerk Dating<\/title>\n<meta name=\"robots\" content=\"index, follow, max-snippet:-1, max-image-preview:large, max-video-preview:-1\" \/>\n<link rel=\"canonical\" href=\"https:\/\/mamasjerkstation.com\/pt-br\/namoro-lgbt\/\" \/>\n<meta property=\"og:locale\" content=\"pt_BR\" \/>\n<meta property=\"og:type\" content=\"article\" \/>\n<meta property=\"og:title\" content=\"Namoro LGBT+ - Jerk Dating\" \/>\n<meta property=\"og:description\" content=\"Quando voc\u00ea est\u00e1 procurando um bom aplicativo de conex\u00e3o, voc\u00ea quer algo que lhe d\u00ea acesso a muitas pessoas diferentes. Voc\u00ea n\u00e3o quer necessariamente pagar &hellip;\" \/>\n<meta property=\"og:url\" content=\"https:\/\/mamasjerkstation.com\/pt-br\/namoro-lgbt\/\" \/>\n<meta property=\"og:site_name\" content=\"Jerk Dating\" \/>\n<meta property=\"og:image\" content=\"http:\/\/mamasjerkstation.com\/wp-content\/uploads\/2022\/08\/cam-sites.jpeg\" \/>\n\t<meta property=\"og:image:width\" content=\"1125\" \/>\n\t<meta property=\"og:image:height\" content=\"750\" \/>\n<meta name=\"twitter:card\" content=\"summary_large_image\" \/>\n<meta name=\"twitter:label1\" content=\"Est. tempo de leitura\" \/>\n\t<meta name=\"twitter:data1\" content=\"4 minutos\" \/>\n<script type=\"application\/ld+json\" class=\"yoast-schema-graph\">{\"@context\":\"https:\/\/schema.org\",\"@graph\":[{\"@type\":\"WebSite\",\"@id\":\"https:\/\/mamasjerkstation.com\/#website\",\"url\":\"https:\/\/mamasjerkstation.com\/\",\"name\":\"Jerk Dating\",\"description\":\"Online Sex Websites\",\"potentialAction\":[{\"@type\":\"SearchAction\",\"target\":{\"@type\":\"EntryPoint\",\"urlTemplate\":\"https:\/\/mamasjerkstation.com\/?s={search_term_string}\"},\"query-input\":\"required name=search_term_string\"}],\"inLanguage\":\"pt-BR\"},{\"@type\":\"ImageObject\",\"@id\":\"https:\/\/mamasjerkstation.com\/pt-br\/namoro-lgbt\/#primaryimage\",\"inLanguage\":\"pt-BR\",\"url\":\"https:\/\/mamasjerkstation.com\/wp-content\/uploads\/2022\/08\/cam-sites.jpeg\",\"contentUrl\":\"https:\/\/mamasjerkstation.com\/wp-content\/uploads\/2022\/08\/cam-sites.jpeg\",\"width\":1125,\"height\":750},{\"@type\":\"WebPage\",\"@id\":\"https:\/\/mamasjerkstation.com\/pt-br\/namoro-lgbt\/#webpage\",\"url\":\"https:\/\/mamasjerkstation.com\/pt-br\/namoro-lgbt\/\",\"name\":\"Namoro LGBT+ - Jerk Dating\",\"isPartOf\":{\"@id\":\"https:\/\/mamasjerkstation.com\/#website\"},\"primaryImageOfPage\":{\"@id\":\"https:\/\/mamasjerkstation.com\/pt-br\/namoro-lgbt\/#primaryimage\"},\"datePublished\":\"2022-08-19T17:51:33+00:00\",\"dateModified\":\"2022-08-19T17:51:33+00:00\",\"breadcrumb\":{\"@id\":\"https:\/\/mamasjerkstation.com\/pt-br\/namoro-lgbt\/#breadcrumb\"},\"inLanguage\":\"pt-BR\",\"potentialAction\":[{\"@type\":\"ReadAction\",\"target\":[\"https:\/\/mamasjerkstation.com\/pt-br\/namoro-lgbt\/\"]}]},{\"@type\":\"BreadcrumbList\",\"@id\":\"https:\/\/mamasjerkstation.com\/pt-br\/namoro-lgbt\/#breadcrumb\",\"itemListElement\":[{\"@type\":\"ListItem\",\"position\":1,\"name\":\"Home\",\"item\":\"http:\/\/mamasjerkstation.com\/pt-br\/\"},{\"@type\":\"ListItem\",\"position\":2,\"name\":\"Namoro LGBT+\"}]}]}<\/script>\n<!-- \/ Yoast SEO plugin. -->","yoast_head_json":{"title":"Namoro LGBT+ - Jerk Dating","robots":{"index":"index","follow":"follow","max-snippet":"max-snippet:-1","max-image-preview":"max-image-preview:large","max-video-preview":"max-video-preview:-1"},"canonical":"https:\/\/mamasjerkstation.com\/pt-br\/namoro-lgbt\/","og_locale":"pt_BR","og_type":"article","og_title":"Namoro LGBT+ - Jerk Dating","og_description":"Quando voc\u00ea est\u00e1 procurando um bom aplicativo de conex\u00e3o, voc\u00ea quer algo que lhe d\u00ea acesso a muitas pessoas diferentes. Voc\u00ea n\u00e3o quer necessariamente pagar &hellip;","og_url":"https:\/\/mamasjerkstation.com\/pt-br\/namoro-lgbt\/","og_site_name":"Jerk Dating","og_image":[{"width":1125,"height":750,"url":"http:\/\/mamasjerkstation.com\/wp-content\/uploads\/2022\/08\/cam-sites.jpeg","type":"image\/jpeg"}],"twitter_card":"summary_large_image","twitter_misc":{"Est. tempo de leitura":"4 minutos"},"schema":{"@context":"https:\/\/schema.org","@graph":[{"@type":"WebSite","@id":"https:\/\/mamasjerkstation.com\/#website","url":"https:\/\/mamasjerkstation.com\/","name":"Jerk Dating","description":"Online Sex Websites","potentialAction":[{"@type":"SearchAction","target":{"@type":"EntryPoint","urlTemplate":"https:\/\/mamasjerkstation.com\/?s={search_term_string}"},"query-input":"required name=search_term_string"}],"inLanguage":"pt-BR"},{"@type":"ImageObject","@id":"https:\/\/mamasjerkstation.com\/pt-br\/namoro-lgbt\/#primaryimage","inLanguage":"pt-BR","url":"https:\/\/mamasjerkstation.com\/wp-content\/uploads\/2022\/08\/cam-sites.jpeg","contentUrl":"https:\/\/mamasjerkstation.com\/wp-content\/uploads\/2022\/08\/cam-sites.jpeg","width":1125,"height":750},{"@type":"WebPage","@id":"https:\/\/mamasjerkstation.com\/pt-br\/namoro-lgbt\/#webpage","url":"https:\/\/mamasjerkstation.com\/pt-br\/namoro-lgbt\/","name":"Namoro LGBT+ - Jerk Dating","isPartOf":{"@id":"https:\/\/mamasjerkstation.com\/#website"},"primaryImageOfPage":{"@id":"https:\/\/mamasjerkstation.com\/pt-br\/namoro-lgbt\/#primaryimage"},"datePublished":"2022-08-19T17:51:33+00:00","dateModified":"2022-08-19T17:51:33+00:00","breadcrumb":{"@id":"https:\/\/mamasjerkstation.com\/pt-br\/namoro-lgbt\/#breadcrumb"},"inLanguage":"pt-BR","potentialAction":[{"@type":"ReadAction","target":["https:\/\/mamasjerkstation.com\/pt-br\/namoro-lgbt\/"]}]},{"@type":"BreadcrumbList","@id":"https:\/\/mamasjerkstation.com\/pt-br\/namoro-lgbt\/#breadcrumb","itemListElement":[{"@type":"ListItem","position":1,"name":"Home","item":"http:\/\/mamasjerkstation.com\/pt-br\/"},{"@type":"ListItem","position":2,"name":"Namoro LGBT+"}]}]}},"_links":{"self":[{"href":"https:\/\/mamasjerkstation.com\/pt-br\/wp-json\/wp\/v2\/pages\/285"}],"collection":[{"href":"https:\/\/mamasjerkstation.com\/pt-br\/wp-json\/wp\/v2\/pages"}],"about":[{"href":"https:\/\/mamasjerkstation.com\/pt-br\/wp-json\/wp\/v2\/types\/page"}],"author":[{"embeddable":true,"href":"https:\/\/mamasjerkstation.com\/pt-br\/wp-json\/wp\/v2\/users\/1"}],"replies":[{"embeddable":true,"href":"https:\/\/mamasjerkstation.com\/pt-br\/wp-json\/wp\/v2\/comments?post=285"}],"version-history":[{"count":0,"href":"https:\/\/mamasjerkstation.com\/pt-br\/wp-json\/wp\/v2\/pages\/285\/revisions"}],"wp:featuredmedia":[{"embeddable":true,"href":"https:\/\/mamasjerkstation.com\/pt-br\/wp-json\/wp\/v2\/media\/89"}],"wp:attachment":[{"href":"https:\/\/mamasjerkstation.com\/pt-br\/wp-json\/wp\/v2\/media?parent=285"}],"curies":[{"name":"wp","href":"https:\/\/api.w.org\/{rel}","templated":true}]}}