{"id":272,"date":"2022-08-19T19:01:00","date_gmt":"2022-08-19T18:01:00","guid":{"rendered":"http:\/\/mamasjerkstation.com\/encontre-sexo-casual-perto-de-voce\/"},"modified":"2022-08-19T19:01:00","modified_gmt":"2022-08-19T18:01:00","slug":"encontre-sexo-casual-perto-de-voce","status":"publish","type":"page","link":"https:\/\/mamasjerkstation.com\/pt-br\/encontre-sexo-casual-perto-de-voce\/","title":{"rendered":"Encontre sexo casual perto de voc\u00ea"},"content":{"rendered":"<p>Se voc\u00ea quer encontrar sexo casual na sua \u00e1rea, h\u00e1 algumas coisas que voc\u00ea provavelmente vai querer considerar. Primeiro, certifique-se de saber que tipo de experi\u00eancia voc\u00ea est\u00e1 procurando. Se voc\u00ea est\u00e1 apenas procurando conhecer um amigo fodido, v\u00e1 para um dos muitos aplicativos de namoro l\u00e1 fora.<\/p>\n<p>Recomendamos que voc\u00ea experimente alguns sites diferentes da nossa lista e veja qual deles funciona para voc\u00ea. Ningu\u00e9m quer passar horas passando por perfis intermin\u00e1veis s\u00f3 para encontrar um estranho. Ent\u00e3o, reunimos algumas dicas para ajud\u00e1-lo a navegar no mundo dos namoros online com seguran\u00e7a.<\/p>\n<h2>Nossas melhores escolhas para sexo casual<\/h2>\n<p>Se voc\u00ea quiser cortar todo o lixo online com <a href=\"http:\/\/mamasjerkstation.com\/pt-br\/conselhos-de-namoro-com-acucar\/\">aplicativos de namoro<\/a>, sugerimos que voc\u00ea d\u00ea algumas na nossa lista uma chance. Eles v\u00e3o ajud\u00e1-lo a encontrar o tipo de relacionamento que voc\u00ea quer.<\/p>\n<p>Consideramos a experi\u00eancia pessoal, as avalia\u00e7\u00f5es do usu\u00e1rio, os recursos de seguran\u00e7a\/privacidade e muito mais ao fazer esta lista.<\/p>\n<h3>AFF<\/h3>\n<p>AdultFriendFinder \u00e9 o site de namoro mais popular para encontrar parceiros sexuais casuais. O site existe desde 1995 e reivindica mais de 40 milh\u00f5es de membros em todo o mundo. O site oferece assinatura gratuita, mas voc\u00ea vai querer atualizar para acesso premium para ver mais perfis e usar mais ferramentas como mensagens, salas de bate-papo e v\u00eddeos de webcam. Al\u00e9m das informa\u00e7\u00f5es padr\u00e3o do perfil, voc\u00ea pode carregar fotos e v\u00eddeos, adicionar amigos, enviar piscadelas e navegar em listas locais.<\/p>\n<p>Se voc\u00ea quer namorar algu\u00e9m procurando por amor, swingers, casais, ou apenas alguma divers\u00e3o \u00e0 moda antiga, a AFF com certeza vai ajud\u00e1-lo.<\/p>\n<h3>Procurando<\/h3>\n<p>A SeekingArrangement foi fundada em 2004 e hoje conta com mais de 20 milh\u00f5es de usu\u00e1rios cadastrados. Seu slogan \u00e9 &#8220;Encontrando o amor online&#8221;. \u00c9 voltado para pessoas solteiras ricas que buscam relacionamentos de longo prazo. Voc\u00ea paga uma mensalidade para entrar no site, e pode escolher se est\u00e1 procurando amizade, romance, casamento ou algo totalmente.<\/p>\n<p>Este aplicativo de namoro foi projetado especificamente para aqueles que gostam de encontros luxuosos. Se voc\u00ea est\u00e1 interessado em conhecer mulheres bonitas que est\u00e3o prontas para gastar dinheiro com voc\u00ea, este \u00e9 o melhor lugar para encontr\u00e1-las.<\/p>\n<p>O bom deste site \u00e9 seguran\u00e7a, todos os membros t\u00eam que mostrar identidade para participar. Isso significa que voc\u00ea ter\u00e1 menos golpistas usando a plataforma.<\/p>\n<h3>Moedor<\/h3>\n<p>Esta \u00e9 uma rede social projetada especificamente para homens gays e bissexuais. \u00c9 um pouco diferente de outros sites porque n\u00e3o permite que os usu\u00e1rios encontrem datas; em vez disso, ele se concentra em ajud\u00e1-los a conhecer potenciais parceiros rom\u00e2nticos. Os membros podem ver as fotos uns dos outros e falar sobre si mesmos, seus hobbies e o que eles est\u00e3o interessados.<\/p>\n<h3>Sentida<\/h3>\n<p>Este \u00e9 um aplicativo de encontros estranho que \u00e9 focado em conectar gays em todo o mundo. \u00c9 semelhante ao Grindr, exceto que \u00e9 voltado para aqueles que buscam encontros casuais em vez de relacionamentos de longo prazo. Feeld \u00e9 completamente gratuito para baixar e usar, mas voc\u00ea tem que pagar US$ 9,99 por m\u00eas para desbloquear recursos adicionais, como bate-papos em grupo, eventos e clubes exclusivos.<\/p>\n<h3>HornySingles<\/h3>\n<p>HornySingles \u00e9 um aplicativo de namoro online gratuito onde as pessoas podem se conectar com base em interesses m\u00fatuos. Os membros podem navegar por perfis, enviar mensagens e fazer conex\u00f5es com outras pessoas pr\u00f3ximas. Os usu\u00e1rios podem configurar seu perfil para incluir fotos, v\u00eddeos e informa\u00e7\u00f5es adicionais sobre si mesmos. N\u00e3o h\u00e1 taxas associadas \u00e0 ades\u00e3o, tornando-o ideal para quem quer conhecer algu\u00e9m sem ter que gastar dinheiro antecipadamente.<\/p>\n<h2>Nosso conselho para voc\u00ea?<\/h2>\n<p>Voc\u00ea vai querer ter em mente que alguns sites s\u00e3o completamente gratuitos, enquanto outros t\u00eam uma pequena quantidade de recursos premium. Muitos dos sites populares, como Tinder, OKCupid e Bumble, oferecem vers\u00f5es gratuitas e pagas. No entanto, alguns s\u00e3o completamente gratuitos (e outros s\u00e3o mais exclusivos como Seeking). Voc\u00ea precisa encontrar o certo para voc\u00ea, recomendamos testar alguns e ver como voc\u00ea gosta deles.<\/p>\n","protected":false},"excerpt":{"rendered":"<p>Se voc\u00ea quer encontrar sexo casual na sua \u00e1rea, h\u00e1 algumas coisas que voc\u00ea provavelmente vai querer considerar. Primeiro, certifique-se de saber que tipo de &hellip; <\/p>\n","protected":false},"author":1,"featured_media":194,"parent":0,"menu_order":0,"comment_status":"closed","ping_status":"closed","template":"","meta":[],"yoast_head":"<!-- This site is optimized with the Yoast SEO plugin v17.7.1 - https:\/\/yoast.com\/wordpress\/plugins\/seo\/ -->\n<title>Encontre sexo casual perto de voc\u00ea - Jerk Dating<\/title>\n<meta name=\"robots\" content=\"index, follow, max-snippet:-1, max-image-preview:large, max-video-preview:-1\" \/>\n<link rel=\"canonical\" href=\"https:\/\/mamasjerkstation.com\/pt-br\/encontre-sexo-casual-perto-de-voce\/\" \/>\n<meta property=\"og:locale\" content=\"pt_BR\" \/>\n<meta property=\"og:type\" content=\"article\" \/>\n<meta property=\"og:title\" content=\"Encontre sexo casual perto de voc\u00ea - Jerk Dating\" \/>\n<meta property=\"og:description\" content=\"Se voc\u00ea quer encontrar sexo casual na sua \u00e1rea, h\u00e1 algumas coisas que voc\u00ea provavelmente vai querer considerar. Primeiro, certifique-se de saber que tipo de &hellip;\" \/>\n<meta property=\"og:url\" content=\"https:\/\/mamasjerkstation.com\/pt-br\/encontre-sexo-casual-perto-de-voce\/\" \/>\n<meta property=\"og:site_name\" content=\"Jerk Dating\" \/>\n<meta property=\"og:image\" content=\"http:\/\/mamasjerkstation.com\/wp-content\/uploads\/2022\/08\/casual-sex-dating-websites.jpeg\" \/>\n\t<meta property=\"og:image:width\" content=\"2094\" \/>\n\t<meta property=\"og:image:height\" content=\"1500\" \/>\n<meta name=\"twitter:card\" content=\"summary_large_image\" \/>\n<meta name=\"twitter:label1\" content=\"Est. tempo de leitura\" \/>\n\t<meta name=\"twitter:data1\" content=\"3 minutos\" \/>\n<script type=\"application\/ld+json\" class=\"yoast-schema-graph\">{\"@context\":\"https:\/\/schema.org\",\"@graph\":[{\"@type\":\"WebSite\",\"@id\":\"https:\/\/mamasjerkstation.com\/#website\",\"url\":\"https:\/\/mamasjerkstation.com\/\",\"name\":\"Jerk Dating\",\"description\":\"Online Sex Websites\",\"potentialAction\":[{\"@type\":\"SearchAction\",\"target\":{\"@type\":\"EntryPoint\",\"urlTemplate\":\"https:\/\/mamasjerkstation.com\/?s={search_term_string}\"},\"query-input\":\"required name=search_term_string\"}],\"inLanguage\":\"pt-BR\"},{\"@type\":\"ImageObject\",\"@id\":\"https:\/\/mamasjerkstation.com\/pt-br\/encontre-sexo-casual-perto-de-voce\/#primaryimage\",\"inLanguage\":\"pt-BR\",\"url\":\"https:\/\/mamasjerkstation.com\/wp-content\/uploads\/2022\/08\/casual-sex-dating-websites.jpeg\",\"contentUrl\":\"https:\/\/mamasjerkstation.com\/wp-content\/uploads\/2022\/08\/casual-sex-dating-websites.jpeg\",\"width\":2094,\"height\":1500},{\"@type\":\"WebPage\",\"@id\":\"https:\/\/mamasjerkstation.com\/pt-br\/encontre-sexo-casual-perto-de-voce\/#webpage\",\"url\":\"https:\/\/mamasjerkstation.com\/pt-br\/encontre-sexo-casual-perto-de-voce\/\",\"name\":\"Encontre sexo casual perto de voc\\u00ea - Jerk Dating\",\"isPartOf\":{\"@id\":\"https:\/\/mamasjerkstation.com\/#website\"},\"primaryImageOfPage\":{\"@id\":\"https:\/\/mamasjerkstation.com\/pt-br\/encontre-sexo-casual-perto-de-voce\/#primaryimage\"},\"datePublished\":\"2022-08-19T18:01:00+00:00\",\"dateModified\":\"2022-08-19T18:01:00+00:00\",\"breadcrumb\":{\"@id\":\"https:\/\/mamasjerkstation.com\/pt-br\/encontre-sexo-casual-perto-de-voce\/#breadcrumb\"},\"inLanguage\":\"pt-BR\",\"potentialAction\":[{\"@type\":\"ReadAction\",\"target\":[\"https:\/\/mamasjerkstation.com\/pt-br\/encontre-sexo-casual-perto-de-voce\/\"]}]},{\"@type\":\"BreadcrumbList\",\"@id\":\"https:\/\/mamasjerkstation.com\/pt-br\/encontre-sexo-casual-perto-de-voce\/#breadcrumb\",\"itemListElement\":[{\"@type\":\"ListItem\",\"position\":1,\"name\":\"Home\",\"item\":\"http:\/\/mamasjerkstation.com\/pt-br\/\"},{\"@type\":\"ListItem\",\"position\":2,\"name\":\"Encontre sexo casual perto de voc\\u00ea\"}]}]}<\/script>\n<!-- \/ Yoast SEO plugin. -->","yoast_head_json":{"title":"Encontre sexo casual perto de voc\u00ea - Jerk Dating","robots":{"index":"index","follow":"follow","max-snippet":"max-snippet:-1","max-image-preview":"max-image-preview:large","max-video-preview":"max-video-preview:-1"},"canonical":"https:\/\/mamasjerkstation.com\/pt-br\/encontre-sexo-casual-perto-de-voce\/","og_locale":"pt_BR","og_type":"article","og_title":"Encontre sexo casual perto de voc\u00ea - Jerk Dating","og_description":"Se voc\u00ea quer encontrar sexo casual na sua \u00e1rea, h\u00e1 algumas coisas que voc\u00ea provavelmente vai querer considerar. Primeiro, certifique-se de saber que tipo de &hellip;","og_url":"https:\/\/mamasjerkstation.com\/pt-br\/encontre-sexo-casual-perto-de-voce\/","og_site_name":"Jerk Dating","og_image":[{"width":2094,"height":1500,"url":"http:\/\/mamasjerkstation.com\/wp-content\/uploads\/2022\/08\/casual-sex-dating-websites.jpeg","type":"image\/jpeg"}],"twitter_card":"summary_large_image","twitter_misc":{"Est. tempo de leitura":"3 minutos"},"schema":{"@context":"https:\/\/schema.org","@graph":[{"@type":"WebSite","@id":"https:\/\/mamasjerkstation.com\/#website","url":"https:\/\/mamasjerkstation.com\/","name":"Jerk Dating","description":"Online Sex Websites","potentialAction":[{"@type":"SearchAction","target":{"@type":"EntryPoint","urlTemplate":"https:\/\/mamasjerkstation.com\/?s={search_term_string}"},"query-input":"required name=search_term_string"}],"inLanguage":"pt-BR"},{"@type":"ImageObject","@id":"https:\/\/mamasjerkstation.com\/pt-br\/encontre-sexo-casual-perto-de-voce\/#primaryimage","inLanguage":"pt-BR","url":"https:\/\/mamasjerkstation.com\/wp-content\/uploads\/2022\/08\/casual-sex-dating-websites.jpeg","contentUrl":"https:\/\/mamasjerkstation.com\/wp-content\/uploads\/2022\/08\/casual-sex-dating-websites.jpeg","width":2094,"height":1500},{"@type":"WebPage","@id":"https:\/\/mamasjerkstation.com\/pt-br\/encontre-sexo-casual-perto-de-voce\/#webpage","url":"https:\/\/mamasjerkstation.com\/pt-br\/encontre-sexo-casual-perto-de-voce\/","name":"Encontre sexo casual perto de voc\u00ea - Jerk Dating","isPartOf":{"@id":"https:\/\/mamasjerkstation.com\/#website"},"primaryImageOfPage":{"@id":"https:\/\/mamasjerkstation.com\/pt-br\/encontre-sexo-casual-perto-de-voce\/#primaryimage"},"datePublished":"2022-08-19T18:01:00+00:00","dateModified":"2022-08-19T18:01:00+00:00","breadcrumb":{"@id":"https:\/\/mamasjerkstation.com\/pt-br\/encontre-sexo-casual-perto-de-voce\/#breadcrumb"},"inLanguage":"pt-BR","potentialAction":[{"@type":"ReadAction","target":["https:\/\/mamasjerkstation.com\/pt-br\/encontre-sexo-casual-perto-de-voce\/"]}]},{"@type":"BreadcrumbList","@id":"https:\/\/mamasjerkstation.com\/pt-br\/encontre-sexo-casual-perto-de-voce\/#breadcrumb","itemListElement":[{"@type":"ListItem","position":1,"name":"Home","item":"http:\/\/mamasjerkstation.com\/pt-br\/"},{"@type":"ListItem","position":2,"name":"Encontre sexo casual perto de voc\u00ea"}]}]}},"_links":{"self":[{"href":"https:\/\/mamasjerkstation.com\/pt-br\/wp-json\/wp\/v2\/pages\/272"}],"collection":[{"href":"https:\/\/mamasjerkstation.com\/pt-br\/wp-json\/wp\/v2\/pages"}],"about":[{"href":"https:\/\/mamasjerkstation.com\/pt-br\/wp-json\/wp\/v2\/types\/page"}],"author":[{"embeddable":true,"href":"https:\/\/mamasjerkstation.com\/pt-br\/wp-json\/wp\/v2\/users\/1"}],"replies":[{"embeddable":true,"href":"https:\/\/mamasjerkstation.com\/pt-br\/wp-json\/wp\/v2\/comments?post=272"}],"version-history":[{"count":0,"href":"https:\/\/mamasjerkstation.com\/pt-br\/wp-json\/wp\/v2\/pages\/272\/revisions"}],"wp:featuredmedia":[{"embeddable":true,"href":"https:\/\/mamasjerkstation.com\/pt-br\/wp-json\/wp\/v2\/media\/194"}],"wp:attachment":[{"href":"https:\/\/mamasjerkstation.com\/pt-br\/wp-json\/wp\/v2\/media?parent=272"}],"curies":[{"name":"wp","href":"https:\/\/api.w.org\/{rel}","templated":true}]}}