{"id":271,"date":"2022-08-19T19:23:43","date_gmt":"2022-08-19T18:23:43","guid":{"rendered":"http:\/\/mamasjerkstation.com\/conselhos-de-namoro-com-acucar\/"},"modified":"2022-08-19T19:23:43","modified_gmt":"2022-08-19T18:23:43","slug":"conselhos-de-namoro-com-acucar","status":"publish","type":"page","link":"https:\/\/mamasjerkstation.com\/pt-br\/conselhos-de-namoro-com-acucar\/","title":{"rendered":"Conselhos de Namoro com A\u00e7\u00facar"},"content":{"rendered":"<h2>Voc\u00ea est\u00e1 solteiro e est\u00e1 procurando um Sugar Daddy?<\/h2>\n<p>H\u00e1 milhares de homens online que est\u00e3o dispostos a pagar por sexo. Eles se autodenominam &#8220;Sugar Daddies&#8221;.<\/p>\n<p>Parece que todo homem quer ser um Sugar Daddy. Por que? Porque faz ele sentir que tem poder. Ele escolhe a <a href=\"http:\/\/mamasjerkstation.com\/pt-br\/como-sext-chat-with-girls\/\">mulher<\/a> e diz-lhe o que fazer. Ela faz o que ele diz.<\/p>\n<p>Em troca, ela d\u00e1-lhe sexo. E se ele gosta dela, ele pode dar-lhe presentes tamb\u00e9m.<\/p>\n<p>Est\u00e1 interessado em namorar um Sugar Daddy? Se sim, ent\u00e3o leia este artigo com cuidado. Aqui est\u00e3o algumas dicas para ajud\u00e1-lo a encontrar um Sugar Daddy.<\/p>\n<h3>Saiba o que voc\u00ea quer<\/h3>\n<p>Antes de procurar um Sugar Daddy, voc\u00ea precisa saber exatamente o que quer. Voc\u00ea quer um relacionamento com ele? Voc\u00eas querem passar um tempo juntos? Voc\u00ea quer viajar com ele?<\/p>\n<p>Voc\u00ea quer se casar com ele?<\/p>\n<p>Essas perguntas ajudar\u00e3o voc\u00ea a determinar se voc\u00ea quer um Sugar Daddy ou um Sugar Baby.<\/p>\n<h3>Seja voc\u00ea mesmo<\/h3>\n<p>Seja voc\u00ea mesmo. N\u00e3o finja ser outra pessoa. Pode parecer \u00f3bvio, mas a maioria dos homens n\u00e3o quer namorar uma pessoa falsa. Eles querem sair com mulheres de verdade.<\/p>\n<h3>Encontre algu\u00e9m que compartilhe interesses semelhantes<\/h3>\n<p>Encontre algu\u00e9m que compartilhe interesses semelhantes. Por exemplo, se voc\u00ea gosta de esportes, ent\u00e3o encontre um homem que tamb\u00e9m goste de esportes.<\/p>\n<p>Isso lhe dar\u00e1 um ponto em comum para falar. E falar sobre coisas que voc\u00ea compartilha em comum vai ajud\u00e1-lo a se relacionar rapidamente.<\/p>\n<h3>Pergunte a ele sobre sua fam\u00edlia<\/h3>\n<p>Pergunte a ele sobre sua fam\u00edlia. Qual a idade da m\u00e3e? Ela ainda mora com ele\/seus pais?<\/p>\n<p>Tem irm\u00e3os?<\/p>\n<h2>Perguntas Freq\u00fcentes<\/h2>\n<h3>O que a NSA quer dizer com namoro com a\u00e7\u00facar?<\/h3>\n<p>NSA significa Sem Compromisso. Isso significa que voc\u00ea n\u00e3o precisa se preocupar em entrar em qualquer tipo de relacionamento. Encontros com a\u00e7\u00facar \u00e9 uma \u00f3tima maneira de conhecer novas pessoas que compartilham interesses semelhantes.<\/p>\n<h3>Como se tornar um beb\u00ea ou papai da NSA Sugar?<\/h3>\n<p>Se voc\u00ea quer ser um beb\u00ea ou papai, ent\u00e3o voc\u00ea precisa saber como encontr\u00e1-los. A melhor maneira de fazer isso \u00e9 atrav\u00e9s de um aplicativo de namoro como o Tinder. Uma vez que voc\u00ea encontrou algu\u00e9m que parece interessante, pe\u00e7a seu n\u00famero e ligue para eles. Esta \u00e9 a maneira mais f\u00e1cil de come\u00e7ar a falar com um beb\u00ea ou papai.<\/p>\n<h3>O que \u00e9 uma rela\u00e7\u00e3o com a NSA e como funciona?<\/h3>\n<p>Uma rela\u00e7\u00e3o com a NSA \u00e9 quando duas pessoas se encontram pela primeira vez e ambas se conhecem de encontros anteriores. A pessoa que inicia a reuni\u00e3o \u00e9 chamada de NSA (Novo C\u00f4njuge). Este termo foi cunhado pelo comediante Jerry Seinfeld em seu livro &#8220;O \u00c1rbitro do Casamento&#8221;, onde ele descreve o processo de encontrar o amor.<\/p>\n<h3>O que \u00e9 um sugar daddy?<\/h3>\n<p>Um sugar daddy \u00e9 algu\u00e9m que ajuda sua namorada financeiramente. Essa pessoa geralmente tem dinheiro e quer ajud\u00e1-la. Ele tamb\u00e9m pode estar disposto a dar-lhe presentes, como jantares caros e feriados. A rela\u00e7\u00e3o entre essas duas partes \u00e9 muitas vezes rom\u00e2ntica, embora alguns sugar daddies n\u00e3o queiram qualquer contato sexual.<\/p>\n","protected":false},"excerpt":{"rendered":"<p>Voc\u00ea est\u00e1 solteiro e est\u00e1 procurando um Sugar Daddy? H\u00e1 milhares de homens online que est\u00e3o dispostos a pagar por sexo. Eles se autodenominam &#8220;Sugar &hellip; <\/p>\n","protected":false},"author":1,"featured_media":209,"parent":0,"menu_order":0,"comment_status":"closed","ping_status":"closed","template":"","meta":[],"yoast_head":"<!-- This site is optimized with the Yoast SEO plugin v17.7.1 - https:\/\/yoast.com\/wordpress\/plugins\/seo\/ -->\n<title>Conselhos de Namoro com A\u00e7\u00facar: Torne-se um Jerk Dating - Sugar Daddy<\/title>\n<meta name=\"robots\" content=\"index, follow, max-snippet:-1, max-image-preview:large, max-video-preview:-1\" \/>\n<link rel=\"canonical\" href=\"https:\/\/mamasjerkstation.com\/pt-br\/conselhos-de-namoro-com-acucar\/\" \/>\n<meta property=\"og:locale\" content=\"pt_BR\" \/>\n<meta property=\"og:type\" content=\"article\" \/>\n<meta property=\"og:title\" content=\"Conselhos de Namoro com A\u00e7\u00facar: Torne-se um Jerk Dating - Sugar Daddy\" \/>\n<meta property=\"og:description\" content=\"Voc\u00ea est\u00e1 solteiro e est\u00e1 procurando um Sugar Daddy? H\u00e1 milhares de homens online que est\u00e3o dispostos a pagar por sexo. Eles se autodenominam &#8220;Sugar &hellip;\" \/>\n<meta property=\"og:url\" content=\"https:\/\/mamasjerkstation.com\/pt-br\/conselhos-de-namoro-com-acucar\/\" \/>\n<meta property=\"og:site_name\" content=\"Jerk Dating\" \/>\n<meta name=\"twitter:card\" content=\"summary_large_image\" \/>\n<meta name=\"twitter:image\" content=\"https:\/\/mamasjerkstation.com\/wp-content\/uploads\/2022\/08\/match-making.webp\" \/>\n<meta name=\"twitter:label1\" content=\"Est. tempo de leitura\" \/>\n\t<meta name=\"twitter:data1\" content=\"3 minutos\" \/>\n<script type=\"application\/ld+json\" class=\"yoast-schema-graph\">{\"@context\":\"https:\/\/schema.org\",\"@graph\":[{\"@type\":\"WebSite\",\"@id\":\"https:\/\/mamasjerkstation.com\/#website\",\"url\":\"https:\/\/mamasjerkstation.com\/\",\"name\":\"Jerk Dating\",\"description\":\"Online Sex Websites\",\"potentialAction\":[{\"@type\":\"SearchAction\",\"target\":{\"@type\":\"EntryPoint\",\"urlTemplate\":\"https:\/\/mamasjerkstation.com\/?s={search_term_string}\"},\"query-input\":\"required name=search_term_string\"}],\"inLanguage\":\"pt-BR\"},{\"@type\":\"ImageObject\",\"@id\":\"https:\/\/mamasjerkstation.com\/pt-br\/conselhos-de-namoro-com-acucar\/#primaryimage\",\"inLanguage\":\"pt-BR\",\"url\":\"https:\/\/mamasjerkstation.com\/wp-content\/uploads\/2022\/08\/match-making.webp\",\"contentUrl\":\"https:\/\/mamasjerkstation.com\/wp-content\/uploads\/2022\/08\/match-making.webp\",\"width\":1125,\"height\":750},{\"@type\":\"WebPage\",\"@id\":\"https:\/\/mamasjerkstation.com\/pt-br\/conselhos-de-namoro-com-acucar\/#webpage\",\"url\":\"https:\/\/mamasjerkstation.com\/pt-br\/conselhos-de-namoro-com-acucar\/\",\"name\":\"Conselhos de Namoro com A\\u00e7\\u00facar: Torne-se um Jerk Dating - Sugar Daddy\",\"isPartOf\":{\"@id\":\"https:\/\/mamasjerkstation.com\/#website\"},\"primaryImageOfPage\":{\"@id\":\"https:\/\/mamasjerkstation.com\/pt-br\/conselhos-de-namoro-com-acucar\/#primaryimage\"},\"datePublished\":\"2022-08-19T18:23:43+00:00\",\"dateModified\":\"2022-08-19T18:23:43+00:00\",\"breadcrumb\":{\"@id\":\"https:\/\/mamasjerkstation.com\/pt-br\/conselhos-de-namoro-com-acucar\/#breadcrumb\"},\"inLanguage\":\"pt-BR\",\"potentialAction\":[{\"@type\":\"ReadAction\",\"target\":[\"https:\/\/mamasjerkstation.com\/pt-br\/conselhos-de-namoro-com-acucar\/\"]}]},{\"@type\":\"BreadcrumbList\",\"@id\":\"https:\/\/mamasjerkstation.com\/pt-br\/conselhos-de-namoro-com-acucar\/#breadcrumb\",\"itemListElement\":[{\"@type\":\"ListItem\",\"position\":1,\"name\":\"Home\",\"item\":\"http:\/\/mamasjerkstation.com\/pt-br\/\"},{\"@type\":\"ListItem\",\"position\":2,\"name\":\"Conselhos de Namoro com A\\u00e7\\u00facar\"}]}]}<\/script>\n<!-- \/ Yoast SEO plugin. -->","yoast_head_json":{"title":"Conselhos de Namoro com A\u00e7\u00facar: Torne-se um Jerk Dating - Sugar Daddy","robots":{"index":"index","follow":"follow","max-snippet":"max-snippet:-1","max-image-preview":"max-image-preview:large","max-video-preview":"max-video-preview:-1"},"canonical":"https:\/\/mamasjerkstation.com\/pt-br\/conselhos-de-namoro-com-acucar\/","og_locale":"pt_BR","og_type":"article","og_title":"Conselhos de Namoro com A\u00e7\u00facar: Torne-se um Jerk Dating - Sugar Daddy","og_description":"Voc\u00ea est\u00e1 solteiro e est\u00e1 procurando um Sugar Daddy? H\u00e1 milhares de homens online que est\u00e3o dispostos a pagar por sexo. Eles se autodenominam &#8220;Sugar &hellip;","og_url":"https:\/\/mamasjerkstation.com\/pt-br\/conselhos-de-namoro-com-acucar\/","og_site_name":"Jerk Dating","twitter_card":"summary_large_image","twitter_image":"https:\/\/mamasjerkstation.com\/wp-content\/uploads\/2022\/08\/match-making.webp","twitter_misc":{"Est. tempo de leitura":"3 minutos"},"schema":{"@context":"https:\/\/schema.org","@graph":[{"@type":"WebSite","@id":"https:\/\/mamasjerkstation.com\/#website","url":"https:\/\/mamasjerkstation.com\/","name":"Jerk Dating","description":"Online Sex Websites","potentialAction":[{"@type":"SearchAction","target":{"@type":"EntryPoint","urlTemplate":"https:\/\/mamasjerkstation.com\/?s={search_term_string}"},"query-input":"required name=search_term_string"}],"inLanguage":"pt-BR"},{"@type":"ImageObject","@id":"https:\/\/mamasjerkstation.com\/pt-br\/conselhos-de-namoro-com-acucar\/#primaryimage","inLanguage":"pt-BR","url":"https:\/\/mamasjerkstation.com\/wp-content\/uploads\/2022\/08\/match-making.webp","contentUrl":"https:\/\/mamasjerkstation.com\/wp-content\/uploads\/2022\/08\/match-making.webp","width":1125,"height":750},{"@type":"WebPage","@id":"https:\/\/mamasjerkstation.com\/pt-br\/conselhos-de-namoro-com-acucar\/#webpage","url":"https:\/\/mamasjerkstation.com\/pt-br\/conselhos-de-namoro-com-acucar\/","name":"Conselhos de Namoro com A\u00e7\u00facar: Torne-se um Jerk Dating - Sugar Daddy","isPartOf":{"@id":"https:\/\/mamasjerkstation.com\/#website"},"primaryImageOfPage":{"@id":"https:\/\/mamasjerkstation.com\/pt-br\/conselhos-de-namoro-com-acucar\/#primaryimage"},"datePublished":"2022-08-19T18:23:43+00:00","dateModified":"2022-08-19T18:23:43+00:00","breadcrumb":{"@id":"https:\/\/mamasjerkstation.com\/pt-br\/conselhos-de-namoro-com-acucar\/#breadcrumb"},"inLanguage":"pt-BR","potentialAction":[{"@type":"ReadAction","target":["https:\/\/mamasjerkstation.com\/pt-br\/conselhos-de-namoro-com-acucar\/"]}]},{"@type":"BreadcrumbList","@id":"https:\/\/mamasjerkstation.com\/pt-br\/conselhos-de-namoro-com-acucar\/#breadcrumb","itemListElement":[{"@type":"ListItem","position":1,"name":"Home","item":"http:\/\/mamasjerkstation.com\/pt-br\/"},{"@type":"ListItem","position":2,"name":"Conselhos de Namoro com A\u00e7\u00facar"}]}]}},"_links":{"self":[{"href":"https:\/\/mamasjerkstation.com\/pt-br\/wp-json\/wp\/v2\/pages\/271"}],"collection":[{"href":"https:\/\/mamasjerkstation.com\/pt-br\/wp-json\/wp\/v2\/pages"}],"about":[{"href":"https:\/\/mamasjerkstation.com\/pt-br\/wp-json\/wp\/v2\/types\/page"}],"author":[{"embeddable":true,"href":"https:\/\/mamasjerkstation.com\/pt-br\/wp-json\/wp\/v2\/users\/1"}],"replies":[{"embeddable":true,"href":"https:\/\/mamasjerkstation.com\/pt-br\/wp-json\/wp\/v2\/comments?post=271"}],"version-history":[{"count":0,"href":"https:\/\/mamasjerkstation.com\/pt-br\/wp-json\/wp\/v2\/pages\/271\/revisions"}],"wp:featuredmedia":[{"embeddable":true,"href":"https:\/\/mamasjerkstation.com\/pt-br\/wp-json\/wp\/v2\/media\/209"}],"wp:attachment":[{"href":"https:\/\/mamasjerkstation.com\/pt-br\/wp-json\/wp\/v2\/media?parent=271"}],"curies":[{"name":"wp","href":"https:\/\/api.w.org\/{rel}","templated":true}]}}