{"id":242,"date":"2022-08-19T16:45:46","date_gmt":"2022-08-19T15:45:46","guid":{"rendered":"http:\/\/mamasjerkstation.com\/encontrando-o-site-certo-jerk-off-para-voce-sexting-on-line\/"},"modified":"2022-08-19T16:45:46","modified_gmt":"2022-08-19T15:45:46","slug":"encontrando-o-site-certo-jerk-off-para-voce-sexting-on-line","status":"publish","type":"page","link":"https:\/\/mamasjerkstation.com\/pt-br\/","title":{"rendered":"Encontrando o site certo jerk off para voc\u00ea: sexting on-line"},"content":{"rendered":"<p>O Sex Chat \u00e9 um tipo de comunica\u00e7\u00e3o online onde as pessoas se envolvem em atividades sexuais enquanto se comunicam atrav\u00e9s de mensagens de texto, aplicativos de mensagens instant\u00e2neas, plataformas de m\u00eddia social, etc. Esta forma de comunica\u00e7\u00e3o \u00e9 frequentemente referida como sexting, embora seja tecnicamente diferente do sexting porque envolve conversar sobre sexo em vez de enviar imagens ou v\u00eddeos expl\u00edcitos de si mesmo.<\/p>\n<h2>Encontrando os sites de c\u00e2mera certos<\/h2>\n<p>N\u00e3o h\u00e1 melhor maneira de <a href=\"http:\/\/mamasjerkstation.com\/pt-br\/namoro-lgbt\/\">conhecer indiv\u00edduos com mente semelhante<\/a> e discutir temas como BDSM, fetiches, tor\u00e7\u00e3o, roleplaying, desgaste fetiche e muito mais. Nosso recurso de bate-papo por v\u00eddeo ao vivo permite que voc\u00ea veja como os outros se parecem, para que voc\u00ea possa decidir se quer interagir com eles. Se voc\u00ea preferir ler, temos um monte de artigos escritos por pessoas reais discutindo tudo, desde como pegar garotas at\u00e9 como se tornar irresist\u00edvel.<\/p>\n<h3>Aplicativos de namoro ou sites de bate-papo sexual?<\/h3>\n<p>O mundo est\u00e1 cheio de pessoas procurando amor online. Se eles est\u00e3o procurando algu\u00e9m especial para namorar, ou apenas querem se conectar, h\u00e1 muitas maneiras de encontrar romance. Uma maneira de fazer isso \u00e9 atrav\u00e9s de um aplicativo de namoro como o Tinder. Mas, embora aplicativos como o Tinder sejam \u00f3timos para atender a datas potenciais, eles nem sempre oferecem a melhor experi\u00eancia para quem quer conhecer outros na vida real.<\/p>\n<p>\u00c9 por isso que existem muitos tipos diferentes de redes sociais projetadas para ajud\u00e1-lo a se conectar com pessoas pessoalmente. Alguns permitem que voc\u00ea se junte a grupos baseados em interesses, hobbies e muito mais. Outros permitem que voc\u00ea fa\u00e7a amizade com estranhos, ou simplesmente fale com pessoas pr\u00f3ximas. E ainda outros oferecem oportunidades para encontros casuais \u2014 como uma rapidinha em um parque ou uma noite em um quarto de hotel.<\/p>\n<p><img loading=\"lazy\" class=\"aligncenter wp-image-53\" src=\"http:\/\/mamasjerkstation.com\/wp-content\/uploads\/2022\/08\/adult-cams-1024x683.jpeg\" alt=\"\" width=\"705\" height=\"470\" srcset=\"https:\/\/mamasjerkstation.com\/wp-content\/uploads\/2022\/08\/adult-cams-1024x683.jpeg 1024w, https:\/\/mamasjerkstation.com\/wp-content\/uploads\/2022\/08\/adult-cams-300x200.jpeg 300w, https:\/\/mamasjerkstation.com\/wp-content\/uploads\/2022\/08\/adult-cams-768x512.jpeg 768w, https:\/\/mamasjerkstation.com\/wp-content\/uploads\/2022\/08\/adult-cams.jpeg 1125w\" sizes=\"(max-width: 705px) 100vw, 705px\" \/><\/p>\n<h3>E quanto ao uso de sites de c\u00e2meras?<\/h3>\n<p>Esses sites permitem que os indiv\u00edduos assistam outros se envolverem em atos sexuais sem ter que pagar. Alguns dos sites de c\u00e2meras de sexo ao vivo mais conhecidos incluem Chaturbate, LiveJasmin, Cam4, MyFreeCams e Streamberry.<\/p>\n<p>Embora algumas pessoas possam assumir que estrelas porn\u00f4 ganham a maior parte do dinheiro com webcams, acontece que muitos modelos realmente ganham menos de US $ 100 por m\u00eas. E embora haja certamente exce\u00e7\u00f5es, a maioria dos modelos n\u00e3o ganham dinheiro suficiente para se sustentar totalmente fora da webcam. Mas e aquelas vezes em que voc\u00ea n\u00e3o quer ver porn\u00f4? Ou talvez voc\u00ea s\u00f3 queira ver o qu\u00e3o sexy outra pessoa parece nua? H\u00e1 muitas maneiras de fazer isso tamb\u00e9m. Por exemplo, alguns sites de bate-papo sexual transmitem transmiss\u00f5es de v\u00eddeo ao vivo das webcams de seus membros. Essas transmiss\u00f5es ao vivo geralmente v\u00eam com um custo, mas \u00e0s vezes s\u00e3o completamente gr\u00e1tis.<\/p>\n<h2>Nossa Escolha Quente: Roleta Suja<\/h2>\n<p>Dirty Roulette \u00e9 um dos sites de webcam mais antigos online, foi lan\u00e7ado em 2005. Este site de bate-papo de v\u00eddeo adulto oferece c\u00e2meras de sexo ao vivo gratuitas com milhares de modelos de todo o mundo. Voc\u00ea nem precisa se registrar. Escolha um modelo que voc\u00ea goste e comece a conversar. Se quiser ver mais, d\u00ea gorjeta a ela, ela far\u00e1 qualquer coisa por dinheiro. Confira a lista das melhores cam girls aqui. Dirtyroulette \u00e9 um dos sites de c\u00e2mera ao vivo mais populares online. Voc\u00ea pode assistir centenas de garotas sensuais realizarem atos sexuais ao vivo como masturba\u00e7\u00e3o, boquetes e muito mais. Este site \u00e9 muito f\u00e1cil de usar. Basta se registrar e voc\u00ea pode come\u00e7ar a assistir instantaneamente. N\u00e3o s\u00e3o necess\u00e1rios downloads, basta se inscrever e come\u00e7ar a conversar.<\/p>\n<h2>Cam4<\/h2>\n<p>Cam4 \u00e9 um dos sites mais populares para assistir garotas de webcam ao vivo online. H\u00e1 milhares e milhares de mulheres bonitas esperando para conhec\u00ea-lo online. Tudo o que voc\u00ea precisa fazer \u00e9 se inscrever em uma conta gratuita e come\u00e7ar a navegar em suas garotas de webcam.<\/p>\n<p>Voc\u00ea notar\u00e1 que temos diferentes categorias com base no que voc\u00ea est\u00e1 interessado em encontrar. Sejam garotas adolescentes de webcam, garotas de webcam milf, ou mesmo apenas garotas amadoras de webcam, h\u00e1 algo para todos aqui. Navegue pelo site deles e veja quantas garotas de webcam quentes voc\u00ea pode encontrar. Depois de encontrar a modelo com quem quer conversar, basta entrar na sala de bate-papo dela e ela estar\u00e1 pronta para responder \u00e0s suas perguntas. Se voc\u00ea n\u00e3o sabe por onde come\u00e7ar, sinta-se livre para nos perguntar qualquer coisa sobre as garotas da webcam com quem gostaria de falar. Sua equipe de suporte ao cliente est\u00e1 sempre feliz em ajud\u00e1-lo.<\/p>\n<p>A principal raz\u00e3o pela qual o CAM4 se destaca do resto da competi\u00e7\u00e3o \u00e9 devido ao fato de que eles fornecem aos seus usu\u00e1rios a capacidade de interagir com cada modelo durante seu show ao vivo. Este recurso permite que voc\u00ea aproveite a a\u00e7\u00e3o enquanto conversa diretamente com os modelos. Al\u00e9m disso, voc\u00ea pode enviar mensagens de texto ilimitadas durante toda a sess\u00e3o, fazer perguntas sobre a apar\u00eancia do artista, tipo de corpo, etnia, cor do cabelo, idade e muitos<\/p>\n<h2>Nosso Conselho<\/h2>\n<p>Primeiro, d\u00ea os dois aplicativos que recomendamos acima de uma tentativa, se eles n\u00e3o forem para voc\u00ea, experimente outra escolha popular como o Chaturbate.<\/p>\n<p>Este \u00e9 provavelmente o maior nome em entretenimento adulto hoje. Com mais de 5 milh\u00f5es de visitas mensais, o Chaturbate \u00e9 a maior plataforma de camming ao vivo do mundo. Eles fornecem uma enorme variedade de recursos, incluindo bate-papos de v\u00eddeo sexy, galerias de fotos e at\u00e9 sess\u00f5es de sexo em grupo.<\/p>\n","protected":false},"excerpt":{"rendered":"<p>O Sex Chat \u00e9 um tipo de comunica\u00e7\u00e3o online onde as pessoas se envolvem em atividades sexuais enquanto se comunicam atrav\u00e9s de mensagens de texto, &hellip; <\/p>\n","protected":false},"author":1,"featured_media":104,"parent":0,"menu_order":0,"comment_status":"closed","ping_status":"closed","template":"","meta":[],"yoast_head":"<!-- This site is optimized with the Yoast SEO plugin v17.7.1 - https:\/\/yoast.com\/wordpress\/plugins\/seo\/ -->\n<title>Encontrando o site certo jerk off para voc\u00ea: sexting on-line - Jerk Dating<\/title>\n<meta name=\"robots\" content=\"index, follow, max-snippet:-1, max-image-preview:large, max-video-preview:-1\" \/>\n<link rel=\"canonical\" href=\"https:\/\/mamasjerkstation.com\/pt-br\/\" \/>\n<meta property=\"og:locale\" content=\"pt_BR\" \/>\n<meta property=\"og:type\" content=\"article\" \/>\n<meta property=\"og:title\" content=\"Encontrando o site certo jerk off para voc\u00ea: sexting on-line - Jerk Dating\" \/>\n<meta property=\"og:description\" content=\"O Sex Chat \u00e9 um tipo de comunica\u00e7\u00e3o online onde as pessoas se envolvem em atividades sexuais enquanto se comunicam atrav\u00e9s de mensagens de texto, &hellip;\" \/>\n<meta property=\"og:url\" content=\"https:\/\/mamasjerkstation.com\/pt-br\/\" \/>\n<meta property=\"og:site_name\" content=\"Jerk Dating\" \/>\n<meta property=\"og:image\" content=\"http:\/\/mamasjerkstation.com\/wp-content\/uploads\/2022\/08\/sexting-cam-rooms.jpeg\" \/>\n\t<meta property=\"og:image:width\" content=\"1125\" \/>\n\t<meta property=\"og:image:height\" content=\"750\" \/>\n<meta name=\"twitter:card\" content=\"summary_large_image\" \/>\n<meta name=\"twitter:label1\" content=\"Est. tempo de leitura\" \/>\n\t<meta name=\"twitter:data1\" content=\"5 minutos\" \/>\n<script type=\"application\/ld+json\" class=\"yoast-schema-graph\">{\"@context\":\"https:\/\/schema.org\",\"@graph\":[{\"@type\":\"WebSite\",\"@id\":\"https:\/\/mamasjerkstation.com\/#website\",\"url\":\"https:\/\/mamasjerkstation.com\/\",\"name\":\"Jerk Dating\",\"description\":\"Online Sex Websites\",\"potentialAction\":[{\"@type\":\"SearchAction\",\"target\":{\"@type\":\"EntryPoint\",\"urlTemplate\":\"https:\/\/mamasjerkstation.com\/?s={search_term_string}\"},\"query-input\":\"required name=search_term_string\"}],\"inLanguage\":\"pt-BR\"},{\"@type\":\"ImageObject\",\"@id\":\"https:\/\/mamasjerkstation.com\/pt-br\/#primaryimage\",\"inLanguage\":\"pt-BR\",\"url\":\"https:\/\/mamasjerkstation.com\/wp-content\/uploads\/2022\/08\/sexting-cam-rooms.jpeg\",\"contentUrl\":\"https:\/\/mamasjerkstation.com\/wp-content\/uploads\/2022\/08\/sexting-cam-rooms.jpeg\",\"width\":1125,\"height\":750},{\"@type\":\"WebPage\",\"@id\":\"https:\/\/mamasjerkstation.com\/pt-br\/#webpage\",\"url\":\"https:\/\/mamasjerkstation.com\/pt-br\/\",\"name\":\"Encontrando o site certo jerk off para voc\\u00ea: sexting on-line - Jerk Dating\",\"isPartOf\":{\"@id\":\"https:\/\/mamasjerkstation.com\/#website\"},\"primaryImageOfPage\":{\"@id\":\"https:\/\/mamasjerkstation.com\/pt-br\/#primaryimage\"},\"datePublished\":\"2022-08-19T15:45:46+00:00\",\"dateModified\":\"2022-08-19T15:45:46+00:00\",\"breadcrumb\":{\"@id\":\"https:\/\/mamasjerkstation.com\/pt-br\/#breadcrumb\"},\"inLanguage\":\"pt-BR\",\"potentialAction\":[{\"@type\":\"ReadAction\",\"target\":[\"https:\/\/mamasjerkstation.com\/pt-br\/\"]}]},{\"@type\":\"BreadcrumbList\",\"@id\":\"https:\/\/mamasjerkstation.com\/pt-br\/#breadcrumb\",\"itemListElement\":[{\"@type\":\"ListItem\",\"position\":1,\"name\":\"Home\",\"item\":\"http:\/\/mamasjerkstation.com\/pt-br\/\"},{\"@type\":\"ListItem\",\"position\":2,\"name\":\"Encontrando o site certo jerk off para voc\\u00ea: sexting on-line\"}]}]}<\/script>\n<!-- \/ Yoast SEO plugin. -->","yoast_head_json":{"title":"Encontrando o site certo jerk off para voc\u00ea: sexting on-line - Jerk Dating","robots":{"index":"index","follow":"follow","max-snippet":"max-snippet:-1","max-image-preview":"max-image-preview:large","max-video-preview":"max-video-preview:-1"},"canonical":"https:\/\/mamasjerkstation.com\/pt-br\/","og_locale":"pt_BR","og_type":"article","og_title":"Encontrando o site certo jerk off para voc\u00ea: sexting on-line - Jerk Dating","og_description":"O Sex Chat \u00e9 um tipo de comunica\u00e7\u00e3o online onde as pessoas se envolvem em atividades sexuais enquanto se comunicam atrav\u00e9s de mensagens de texto, &hellip;","og_url":"https:\/\/mamasjerkstation.com\/pt-br\/","og_site_name":"Jerk Dating","og_image":[{"width":1125,"height":750,"url":"http:\/\/mamasjerkstation.com\/wp-content\/uploads\/2022\/08\/sexting-cam-rooms.jpeg","type":"image\/jpeg"}],"twitter_card":"summary_large_image","twitter_misc":{"Est. tempo de leitura":"5 minutos"},"schema":{"@context":"https:\/\/schema.org","@graph":[{"@type":"WebSite","@id":"https:\/\/mamasjerkstation.com\/#website","url":"https:\/\/mamasjerkstation.com\/","name":"Jerk Dating","description":"Online Sex Websites","potentialAction":[{"@type":"SearchAction","target":{"@type":"EntryPoint","urlTemplate":"https:\/\/mamasjerkstation.com\/?s={search_term_string}"},"query-input":"required name=search_term_string"}],"inLanguage":"pt-BR"},{"@type":"ImageObject","@id":"https:\/\/mamasjerkstation.com\/pt-br\/#primaryimage","inLanguage":"pt-BR","url":"https:\/\/mamasjerkstation.com\/wp-content\/uploads\/2022\/08\/sexting-cam-rooms.jpeg","contentUrl":"https:\/\/mamasjerkstation.com\/wp-content\/uploads\/2022\/08\/sexting-cam-rooms.jpeg","width":1125,"height":750},{"@type":"WebPage","@id":"https:\/\/mamasjerkstation.com\/pt-br\/#webpage","url":"https:\/\/mamasjerkstation.com\/pt-br\/","name":"Encontrando o site certo jerk off para voc\u00ea: sexting on-line - Jerk Dating","isPartOf":{"@id":"https:\/\/mamasjerkstation.com\/#website"},"primaryImageOfPage":{"@id":"https:\/\/mamasjerkstation.com\/pt-br\/#primaryimage"},"datePublished":"2022-08-19T15:45:46+00:00","dateModified":"2022-08-19T15:45:46+00:00","breadcrumb":{"@id":"https:\/\/mamasjerkstation.com\/pt-br\/#breadcrumb"},"inLanguage":"pt-BR","potentialAction":[{"@type":"ReadAction","target":["https:\/\/mamasjerkstation.com\/pt-br\/"]}]},{"@type":"BreadcrumbList","@id":"https:\/\/mamasjerkstation.com\/pt-br\/#breadcrumb","itemListElement":[{"@type":"ListItem","position":1,"name":"Home","item":"http:\/\/mamasjerkstation.com\/pt-br\/"},{"@type":"ListItem","position":2,"name":"Encontrando o site certo jerk off para voc\u00ea: sexting on-line"}]}]}},"_links":{"self":[{"href":"https:\/\/mamasjerkstation.com\/pt-br\/wp-json\/wp\/v2\/pages\/242"}],"collection":[{"href":"https:\/\/mamasjerkstation.com\/pt-br\/wp-json\/wp\/v2\/pages"}],"about":[{"href":"https:\/\/mamasjerkstation.com\/pt-br\/wp-json\/wp\/v2\/types\/page"}],"author":[{"embeddable":true,"href":"https:\/\/mamasjerkstation.com\/pt-br\/wp-json\/wp\/v2\/users\/1"}],"replies":[{"embeddable":true,"href":"https:\/\/mamasjerkstation.com\/pt-br\/wp-json\/wp\/v2\/comments?post=242"}],"version-history":[{"count":0,"href":"https:\/\/mamasjerkstation.com\/pt-br\/wp-json\/wp\/v2\/pages\/242\/revisions"}],"wp:featuredmedia":[{"embeddable":true,"href":"https:\/\/mamasjerkstation.com\/pt-br\/wp-json\/wp\/v2\/media\/104"}],"wp:attachment":[{"href":"https:\/\/mamasjerkstation.com\/pt-br\/wp-json\/wp\/v2\/media?parent=242"}],"curies":[{"name":"wp","href":"https:\/\/api.w.org\/{rel}","templated":true}]}}