{"id":324,"date":"2022-08-19T16:45:46","date_gmt":"2022-08-19T15:45:46","guid":{"rendered":"http:\/\/mamasjerkstation.com\/znalezienie-odpowiedniego-palanta-poza-witryna-dla-ciebie-sexting-online\/"},"modified":"2022-08-19T16:45:46","modified_gmt":"2022-08-19T15:45:46","slug":"znalezienie-odpowiedniego-palanta-poza-witryna-dla-ciebie-sexting-online","status":"publish","type":"page","link":"https:\/\/mamasjerkstation.com\/pl\/","title":{"rendered":"Znalezienie odpowiedniego palanta poza witryn\u0105 dla Ciebie: Sexting Online"},"content":{"rendered":"<p>Sex Chat to rodzaj komunikacji online, w kt\u00f3rej ludzie anga\u017cuj\u0105 si\u0119 w czynno\u015bci seksualne podczas komunikowania si\u0119 za po\u015brednictwem wiadomo\u015bci tekstowych, aplikacji do przesy\u0142ania wiadomo\u015bci b\u0142yskawicznych, platform medi\u00f3w spo\u0142eczno\u015bciowych itp. Ta forma komunikacji jest cz\u0119sto okre\u015blana jako sexting, cho\u0107 technicznie r\u00f3\u017cni si\u0119 od sextingu, poniewa\u017c polega na rozmowie o seksie, a nie wysy\u0142aniu wyra\u017anych zdj\u0119\u0107 lub film\u00f3w z samym sob\u0105.<\/p>\n<h2>Znajdowanie odpowiednich witryn Jerk Cam<\/h2>\n<p>Nie ma lepszego sposobu na <a href=\"http:\/\/mamasjerkstation.com\/pl\/randki-lgbt\/\">poznanie podobnie my\u015bl\u0105cych os\u00f3b i om\u00f3wienie<\/a> temat\u00f3w takich jak BDSM, fetysze, za\u0142amanie, odgrywanie r\u00f3l, noszenie fetyszu i wiele innych. Nasza funkcja czatu wideo na \u017cywo pozwala zobaczy\u0107, jak wygl\u0105daj\u0105 inni, dzi\u0119ki czemu mo\u017cesz zdecydowa\u0107, czy chcesz z nimi wchodzi\u0107 w interakcje. Je\u015bli wolisz po prostu czyta\u0107, mamy mn\u00f3stwo artyku\u0142\u00f3w napisanych przez prawdziwych ludzi omawiaj\u0105cych wszystko, od tego, jak podnie\u015b\u0107 dziewczyny, po to, jak sprawi\u0107, by nie mo\u017cna by\u0142o si\u0119 oprze\u0107.<\/p>\n<h3>Aplikacje randkowe lub strony czatu seksualnego?<\/h3>\n<p>\u015awiat jest pe\u0142en ludzi szukaj\u0105cych mi\u0142o\u015bci online. Niezale\u017cnie od tego, czy szukaj\u0105 kogo\u015b wyj\u0105tkowego do tej pory, czy po prostu chc\u0105 si\u0119 po\u0142\u0105czy\u0107, istnieje wiele sposob\u00f3w na znalezienie romansu. Jednym ze sposob\u00f3w na to jest aplikacja randkowa, taka jak Tinder. Ale chocia\u017c aplikacje takie jak Tinder \u015bwietnie nadaj\u0105 si\u0119 do spotka\u0144 z potencjalnymi datami, nie zawsze zapewniaj\u0105 najlepsze wra\u017cenia tym, kt\u00f3rzy chc\u0105 spotka\u0107 innych w prawdziwym \u017cyciu.<\/p>\n<p>Dlatego istnieje wiele r\u00f3\u017cnych rodzaj\u00f3w sieci spo\u0142eczno\u015bciowych zaprojektowanych, aby pom\u00f3c Ci po\u0142\u0105czy\u0107 si\u0119 z lud\u017ami osobi\u015bcie. Niekt\u00f3re pozwalaj\u0105 do\u0142\u0105cza\u0107 do grup w oparciu o zainteresowania, hobby i nie tylko. Inne pozwalaj\u0105 zaprzyja\u017ani\u0107 si\u0119 z nieznajomymi lub po prostu porozmawia\u0107 z lud\u017ami w pobli\u017cu. A jeszcze inne oferuj\u0105 okazje do przypadkowych spotka\u0144 &#8211; takich jak quickie w parku lub jednonocne stoisko w pokoju hotelowym.<\/p>\n<p><img loading=\"lazy\" class=\"aligncenter wp-image-53\" src=\"http:\/\/mamasjerkstation.com\/wp-content\/uploads\/2022\/08\/adult-cams-1024x683.jpeg\" alt=\"\" width=\"705\" height=\"470\" srcset=\"https:\/\/mamasjerkstation.com\/wp-content\/uploads\/2022\/08\/adult-cams-1024x683.jpeg 1024w, https:\/\/mamasjerkstation.com\/wp-content\/uploads\/2022\/08\/adult-cams-300x200.jpeg 300w, https:\/\/mamasjerkstation.com\/wp-content\/uploads\/2022\/08\/adult-cams-768x512.jpeg 768w, https:\/\/mamasjerkstation.com\/wp-content\/uploads\/2022\/08\/adult-cams.jpeg 1125w\" sizes=\"(max-width: 705px) 100vw, 705px\" \/><\/p>\n<h3>A co z korzystaniem z witryn Cam?<\/h3>\n<p>Strony te pozwalaj\u0105 osobom obserwowa\u0107, jak inni anga\u017cuj\u0105 si\u0119 w akty seksualne bez konieczno\u015bci p\u0142acenia. Niekt\u00f3re z najbardziej znanych witryn z kamerami erotycznymi na \u017cywo to Chaturbate, LiveJasmin, Cam4, MyFreeCams i Streamberry.<\/p>\n<p>Podczas gdy niekt\u00f3rzy ludzie mog\u0105 za\u0142o\u017cy\u0107, \u017ce gwiazdy porno zarabiaj\u0105 wi\u0119kszo\u015b\u0107 pieni\u0119dzy na kamerach internetowych, okazuje si\u0119, \u017ce wiele modeli zarabia mniej ni\u017c 100 USD miesi\u0119cznie. I chocia\u017c z pewno\u015bci\u0105 s\u0105 wyj\u0105tki, wi\u0119kszo\u015b\u0107 modeli nie zarabia wystarczaj\u0105co du\u017co pieni\u0119dzy, aby utrzyma\u0107 si\u0119 ca\u0142kowicie poza kamer\u0105 internetow\u0105. Ale co z tymi czasami, kiedy nie masz ochoty ogl\u0105da\u0107 porno? A mo\u017ce po prostu chcesz zobaczy\u0107, jak seksownie inna osoba wygl\u0105da nago? Istnieje wiele sposob\u00f3w, aby to zrobi\u0107. Na przyk\u0142ad niekt\u00f3re witryny czat\u00f3w erotycznych przesy\u0142aj\u0105 strumieniowo kana\u0142y wideo na \u017cywo z kamer internetowych swoich cz\u0142onk\u00f3w. Te transmisje na \u017cywo zwykle wi\u0105\u017c\u0105 si\u0119 z kosztami, ale czasami s\u0105 ca\u0142kowicie bezp\u0142atne.<\/p>\n<h2>Nasz gor\u0105cy wyb\u00f3r: Brudna ruletka<\/h2>\n<p>Dirty Roulette to jedna z najstarszych witryn z kamerami internetowymi online, zosta\u0142a uruchomiona w 2005 roku. Ta strona czatu wideo dla doros\u0142ych oferuje bezp\u0142atne kamery erotyczne na \u017cywo z tysi\u0105cami modeli z ca\u0142ego \u015bwiata. Nie musisz si\u0119 nawet rejestrowa\u0107. Po prostu wybierz model, kt\u00f3ry Ci si\u0119 podoba i zacznij rozmawia\u0107. Je\u015bli chcesz zobaczy\u0107 wi\u0119cej, po prostu daj jej napiwek &#8211; zrobi wszystko dla pieni\u0119dzy. Sprawd\u017a list\u0119 najlepszych dziewczyn z kamery tutaj. Dirtyroulette to jedna z najpopularniejszych witryn z kamerami na \u017cywo w Internecie. Mo\u017cesz ogl\u0105da\u0107 setki seksownych dziewczyn wykonuj\u0105cych akty seksualne na \u017cywo, takie jak masturbacja, blowjobs i inne. Ta strona jest bardzo \u0142atwa w u\u017cyciu. Po prostu zarejestruj si\u0119 i mo\u017cesz natychmiast zacz\u0105\u0107 ogl\u0105da\u0107. Nie s\u0105 wymagane \u017cadne pliki do pobrania, po prostu zarejestruj si\u0119 i zacznij rozmawia\u0107.<\/p>\n<h2>Cam4<\/h2>\n<p>Cam4 to jedna z najpopularniejszych witryn do ogl\u0105dania dziewczyn z kamery internetowej na \u017cywo. Tysi\u0105ce pi\u0119knych kobiet czeka na spotkanie z Tob\u0105 online. Wszystko, co musisz zrobi\u0107, to za\u0142o\u017cy\u0107 darmowe konto i zacz\u0105\u0107 przegl\u0105da\u0107 swoje dziewczyny z kamery internetowej.<\/p>\n<p>Zauwa\u017cysz, \u017ce mamy r\u00f3\u017cne kategorie w zale\u017cno\u015bci od tego, co chcesz znale\u017a\u0107. Niezale\u017cnie od tego, czy s\u0105 to nastoletnie dziewczyny z kamery internetowej, dziewczyny z kamery internetowej MILF, czy nawet po prostu amatorskie dziewczyny z kamer internetowych, ka\u017cdy znajdzie tu co\u015b dla siebie. Przejrzyj ich stron\u0119 i zobacz, ile gor\u0105cych dziewczyn z kamer internetowych mo\u017cesz znale\u017a\u0107. Po znalezieniu modelki, z kt\u00f3r\u0105 chcesz porozmawia\u0107, po prostu wejd\u017a do jej pokoju rozm\u00f3w, a ona b\u0119dzie gotowa odpowiedzie\u0107 na Twoje pytania. Je\u015bli nie wiesz, od czego zacz\u0105\u0107, zapytaj nas o dziewczyny z kamery internetowej, z kt\u00f3rymi chcesz porozmawia\u0107. Ich zesp\u00f3\u0142 obs\u0142ugi klienta zawsze ch\u0119tnie Ci pomo\u017ce.<\/p>\n<p>G\u0142\u00f3wnym powodem, dla kt\u00f3rego CAM4 wyr\u00f3\u017cnia si\u0119 na tle konkurencji, jest fakt, \u017ce zapewniaj\u0105 swoim u\u017cytkownikom mo\u017cliwo\u015b\u0107 interakcji z ka\u017cdym modelem podczas pokazu na \u017cywo. Ta funkcja pozwala cieszy\u0107 si\u0119 akcj\u0105 podczas bezpo\u015bredniej rozmowy z modelami. Ponadto mo\u017cesz wysy\u0142a\u0107 nieograniczon\u0105 liczb\u0119 wiadomo\u015bci tekstowych podczas ca\u0142ej sesji, zadawa\u0107 pytania dotycz\u0105ce wygl\u0105du wykonawcy, typu cia\u0142a, pochodzenia etnicznego, koloru w\u0142os\u00f3w, wieku i wielu<\/p>\n<h2>Nasze porady<\/h2>\n<p>Najpierw wypr\u00f3buj dwie aplikacje, kt\u00f3re zalecamy powy\u017cej, je\u015bli nie s\u0105 dla Ciebie, wypr\u00f3buj inny popularny wyb\u00f3r, taki jak Chaturbate.<\/p>\n<p>Jest to prawdopodobnie najwi\u0119ksze nazwisko w dzisiejszej rozrywce dla doros\u0142ych. Z ponad 5 milionami miesi\u0119cznych wizyt, Chaturbate jest najwi\u0119ksz\u0105 na \u015bwiecie platform\u0105 do cammingu na \u017cywo. Zapewniaj\u0105 szeroki zakres funkcji, w tym seksowne czaty wideo, niegrzeczne galerie zdj\u0119\u0107, a nawet grupowe sesje seksualne.<\/p>\n","protected":false},"excerpt":{"rendered":"<p>Sex Chat to rodzaj komunikacji online, w kt\u00f3rej ludzie anga\u017cuj\u0105 si\u0119 w czynno\u015bci seksualne podczas komunikowania si\u0119 za po\u015brednictwem wiadomo\u015bci tekstowych, aplikacji do przesy\u0142ania wiadomo\u015bci &hellip; <\/p>\n","protected":false},"author":1,"featured_media":103,"parent":0,"menu_order":0,"comment_status":"closed","ping_status":"closed","template":"","meta":[],"yoast_head":"<!-- This site is optimized with the Yoast SEO plugin v17.7.1 - https:\/\/yoast.com\/wordpress\/plugins\/seo\/ -->\n<title>Znalezienie odpowiedniego palanta poza witryn\u0105 dla Ciebie: Sexting Online - Jerk Dating<\/title>\n<meta name=\"robots\" content=\"index, follow, max-snippet:-1, max-image-preview:large, max-video-preview:-1\" \/>\n<link rel=\"canonical\" href=\"https:\/\/mamasjerkstation.com\/pl\/\" \/>\n<meta property=\"og:locale\" content=\"pl_PL\" \/>\n<meta property=\"og:type\" content=\"article\" \/>\n<meta property=\"og:title\" content=\"Znalezienie odpowiedniego palanta poza witryn\u0105 dla Ciebie: Sexting Online - Jerk Dating\" \/>\n<meta property=\"og:description\" content=\"Sex Chat to rodzaj komunikacji online, w kt\u00f3rej ludzie anga\u017cuj\u0105 si\u0119 w czynno\u015bci seksualne podczas komunikowania si\u0119 za po\u015brednictwem wiadomo\u015bci tekstowych, aplikacji do przesy\u0142ania wiadomo\u015bci &hellip;\" \/>\n<meta property=\"og:url\" content=\"https:\/\/mamasjerkstation.com\/pl\/\" \/>\n<meta property=\"og:site_name\" content=\"Jerk Dating\" \/>\n<meta property=\"og:image\" content=\"https:\/\/mamasjerkstation.com\/wp-content\/uploads\/2022\/08\/sexting-cam-rooms.jpeg\" \/>\n\t<meta property=\"og:image:width\" content=\"1125\" \/>\n\t<meta property=\"og:image:height\" content=\"750\" \/>\n<meta name=\"twitter:card\" content=\"summary_large_image\" \/>\n<meta name=\"twitter:label1\" content=\"Szacowany czas czytania\" \/>\n\t<meta name=\"twitter:data1\" content=\"5 minut\" \/>\n<script type=\"application\/ld+json\" class=\"yoast-schema-graph\">{\"@context\":\"https:\/\/schema.org\",\"@graph\":[{\"@type\":\"WebSite\",\"@id\":\"https:\/\/mamasjerkstation.com\/#website\",\"url\":\"https:\/\/mamasjerkstation.com\/\",\"name\":\"Jerk Dating\",\"description\":\"Online Sex Websites\",\"potentialAction\":[{\"@type\":\"SearchAction\",\"target\":{\"@type\":\"EntryPoint\",\"urlTemplate\":\"https:\/\/mamasjerkstation.com\/?s={search_term_string}\"},\"query-input\":\"required name=search_term_string\"}],\"inLanguage\":\"pl-PL\"},{\"@type\":\"ImageObject\",\"@id\":\"https:\/\/mamasjerkstation.com\/pl\/#primaryimage\",\"inLanguage\":\"pl-PL\",\"url\":\"https:\/\/mamasjerkstation.com\/wp-content\/uploads\/2022\/08\/sexting-cam-rooms.jpeg\",\"contentUrl\":\"https:\/\/mamasjerkstation.com\/wp-content\/uploads\/2022\/08\/sexting-cam-rooms.jpeg\",\"width\":1125,\"height\":750},{\"@type\":\"WebPage\",\"@id\":\"https:\/\/mamasjerkstation.com\/pl\/#webpage\",\"url\":\"https:\/\/mamasjerkstation.com\/pl\/\",\"name\":\"Znalezienie odpowiedniego palanta poza witryn\\u0105 dla Ciebie: Sexting Online - Jerk Dating\",\"isPartOf\":{\"@id\":\"https:\/\/mamasjerkstation.com\/#website\"},\"primaryImageOfPage\":{\"@id\":\"https:\/\/mamasjerkstation.com\/pl\/#primaryimage\"},\"datePublished\":\"2022-08-19T15:45:46+00:00\",\"dateModified\":\"2022-08-19T15:45:46+00:00\",\"breadcrumb\":{\"@id\":\"https:\/\/mamasjerkstation.com\/pl\/#breadcrumb\"},\"inLanguage\":\"pl-PL\",\"potentialAction\":[{\"@type\":\"ReadAction\",\"target\":[\"https:\/\/mamasjerkstation.com\/pl\/\"]}]},{\"@type\":\"BreadcrumbList\",\"@id\":\"https:\/\/mamasjerkstation.com\/pl\/#breadcrumb\",\"itemListElement\":[{\"@type\":\"ListItem\",\"position\":1,\"name\":\"Home\",\"item\":\"https:\/\/mamasjerkstation.com\/pl\/\"},{\"@type\":\"ListItem\",\"position\":2,\"name\":\"Znalezienie odpowiedniego palanta poza witryn\\u0105 dla Ciebie: Sexting Online\"}]}]}<\/script>\n<!-- \/ Yoast SEO plugin. -->","yoast_head_json":{"title":"Znalezienie odpowiedniego palanta poza witryn\u0105 dla Ciebie: Sexting Online - Jerk Dating","robots":{"index":"index","follow":"follow","max-snippet":"max-snippet:-1","max-image-preview":"max-image-preview:large","max-video-preview":"max-video-preview:-1"},"canonical":"https:\/\/mamasjerkstation.com\/pl\/","og_locale":"pl_PL","og_type":"article","og_title":"Znalezienie odpowiedniego palanta poza witryn\u0105 dla Ciebie: Sexting Online - Jerk Dating","og_description":"Sex Chat to rodzaj komunikacji online, w kt\u00f3rej ludzie anga\u017cuj\u0105 si\u0119 w czynno\u015bci seksualne podczas komunikowania si\u0119 za po\u015brednictwem wiadomo\u015bci tekstowych, aplikacji do przesy\u0142ania wiadomo\u015bci &hellip;","og_url":"https:\/\/mamasjerkstation.com\/pl\/","og_site_name":"Jerk Dating","og_image":[{"width":1125,"height":750,"url":"https:\/\/mamasjerkstation.com\/wp-content\/uploads\/2022\/08\/sexting-cam-rooms.jpeg","type":"image\/jpeg"}],"twitter_card":"summary_large_image","twitter_misc":{"Szacowany czas czytania":"5 minut"},"schema":{"@context":"https:\/\/schema.org","@graph":[{"@type":"WebSite","@id":"https:\/\/mamasjerkstation.com\/#website","url":"https:\/\/mamasjerkstation.com\/","name":"Jerk Dating","description":"Online Sex Websites","potentialAction":[{"@type":"SearchAction","target":{"@type":"EntryPoint","urlTemplate":"https:\/\/mamasjerkstation.com\/?s={search_term_string}"},"query-input":"required name=search_term_string"}],"inLanguage":"pl-PL"},{"@type":"ImageObject","@id":"https:\/\/mamasjerkstation.com\/pl\/#primaryimage","inLanguage":"pl-PL","url":"https:\/\/mamasjerkstation.com\/wp-content\/uploads\/2022\/08\/sexting-cam-rooms.jpeg","contentUrl":"https:\/\/mamasjerkstation.com\/wp-content\/uploads\/2022\/08\/sexting-cam-rooms.jpeg","width":1125,"height":750},{"@type":"WebPage","@id":"https:\/\/mamasjerkstation.com\/pl\/#webpage","url":"https:\/\/mamasjerkstation.com\/pl\/","name":"Znalezienie odpowiedniego palanta poza witryn\u0105 dla Ciebie: Sexting Online - Jerk Dating","isPartOf":{"@id":"https:\/\/mamasjerkstation.com\/#website"},"primaryImageOfPage":{"@id":"https:\/\/mamasjerkstation.com\/pl\/#primaryimage"},"datePublished":"2022-08-19T15:45:46+00:00","dateModified":"2022-08-19T15:45:46+00:00","breadcrumb":{"@id":"https:\/\/mamasjerkstation.com\/pl\/#breadcrumb"},"inLanguage":"pl-PL","potentialAction":[{"@type":"ReadAction","target":["https:\/\/mamasjerkstation.com\/pl\/"]}]},{"@type":"BreadcrumbList","@id":"https:\/\/mamasjerkstation.com\/pl\/#breadcrumb","itemListElement":[{"@type":"ListItem","position":1,"name":"Home","item":"https:\/\/mamasjerkstation.com\/pl\/"},{"@type":"ListItem","position":2,"name":"Znalezienie odpowiedniego palanta poza witryn\u0105 dla Ciebie: Sexting Online"}]}]}},"_links":{"self":[{"href":"https:\/\/mamasjerkstation.com\/pl\/wp-json\/wp\/v2\/pages\/324"}],"collection":[{"href":"https:\/\/mamasjerkstation.com\/pl\/wp-json\/wp\/v2\/pages"}],"about":[{"href":"https:\/\/mamasjerkstation.com\/pl\/wp-json\/wp\/v2\/types\/page"}],"author":[{"embeddable":true,"href":"https:\/\/mamasjerkstation.com\/pl\/wp-json\/wp\/v2\/users\/1"}],"replies":[{"embeddable":true,"href":"https:\/\/mamasjerkstation.com\/pl\/wp-json\/wp\/v2\/comments?post=324"}],"version-history":[{"count":0,"href":"https:\/\/mamasjerkstation.com\/pl\/wp-json\/wp\/v2\/pages\/324\/revisions"}],"wp:featuredmedia":[{"embeddable":true,"href":"https:\/\/mamasjerkstation.com\/pl\/wp-json\/wp\/v2\/media\/103"}],"wp:attachment":[{"href":"https:\/\/mamasjerkstation.com\/pl\/wp-json\/wp\/v2\/media?parent=324"}],"curies":[{"name":"wp","href":"https:\/\/api.w.org\/{rel}","templated":true}]}}