{"id":320,"date":"2022-08-19T17:36:00","date_gmt":"2022-08-19T16:36:00","guid":{"rendered":"http:\/\/mamasjerkstation.com\/najlepsze-aplikacje-randkowe-w-2022-roku-dla-singli\/"},"modified":"2022-08-19T17:36:00","modified_gmt":"2022-08-19T16:36:00","slug":"najlepsze-aplikacje-randkowe-w-2022-roku-dla-singli","status":"publish","type":"page","link":"https:\/\/mamasjerkstation.com\/pl\/najlepsze-aplikacje-randkowe-w-2022-roku-dla-singli\/","title":{"rendered":"Najlepsze aplikacje randkowe w 2022 roku dla singli"},"content":{"rendered":"<p>Je\u015bli szukasz mi\u0142o\u015bci online, mo\u017ce by\u0107 trudno dowiedzie\u0107 si\u0119, od czego zacz\u0105\u0107. Z setkami aplikacji randkowych, sk\u0105d wiesz, kt\u00f3ry z nich jest odpowiedni dla Ciebie? Oto kilka wskaz\u00f3wek, kt\u00f3re pomog\u0105 Ci dokona\u0107 w\u0142a\u015bciwego wyboru.<\/p>\n<h2>Uzyskiwanie odpowiedniej aplikacji<\/h2>\n<p>Oczywi\u015bcie, poniewa\u017c jest to aplikacja randkowa, zawiera sekcj\u0119 do <a href=\"http:\/\/mamasjerkstation.com\/pl\/randki-lgbt\/\">flirtowania i czatowania<\/a>, ale koncentruje si\u0119 g\u0142\u00f3wnie na spotkaniach z lud\u017ami na rzeczywiste randki. A je\u015bli szukasz kogo\u015b, kto chce p\u00f3j\u015b\u0107 dalej, prawdopodobnie b\u0119dziesz chcia\u0142 poszuka\u0107 gdzie indziej.<\/p>\n<p>Tak wi\u0119c, je\u015bli szukasz mi\u0142ej randki online, niezale\u017cnie od tego, czy jest to jedna noc, czy zwi\u0105zek, na pewno nie pomylisz si\u0119 z jedn\u0105 z naszych rekomendacji<\/p>\n<h3>Mieszanie2<\/h3>\n<p>Mingle2 to jeden z najpopularniejszych darmowych serwis\u00f3w randkowych online. Z ponad 40 milionami zarejestrowanych u\u017cytkownik\u00f3w, nic dziwnego, \u017ce aplikacja sta\u0142a si\u0119 konieczno\u015bci\u0105 dla ka\u017cdego, kto szuka mi\u0142o\u015bci. Mo\u017cesz korzysta\u0107 z witryny, aby spotyka\u0107 si\u0119 z lud\u017ami w pobli\u017cu, rozmawia\u0107 i flirtowa\u0107 za po\u015brednictwem wiadomo\u015bci tekstowych.<\/p>\n<p>Aplikacja \u0142\u0105czy Ci\u0119 z singlami na podstawie Twojej lokalizacji, wieku i preferencji dotycz\u0105cych relacji. Mo\u017cesz przegl\u0105da\u0107 profile i wysy\u0142a\u0107 wirtualne prezenty, aby wyrazi\u0107 zainteresowanie. Gdy kto\u015b polubi Tw\u00f3j profil, otrzyma powiadomienie i mo\u017cesz rozpocz\u0105\u0107 rozmow\u0119. Je\u015bli obie strony s\u0105 zainteresowane, mo\u017cesz um\u00f3wi\u0107 si\u0119 na spotkanie.<\/p>\n<p>Nie musisz nawet nic p\u0142aci\u0107; dostrojenie do witryny jest ca\u0142kowicie bezp\u0142atne. A poniewa\u017c jest w\u0142asno\u015bci\u0105 Match Group, mo\u017cesz mie\u0107 pewno\u015b\u0107, \u017ce Twoje dane osobowe s\u0105 bezpieczne.<\/p>\n<h3>SilverSingles<\/h3>\n<p>SilverSingles to internetowy serwis randkowy, w kt\u00f3rym seniorzy spotykaj\u0105 ludzi szukaj\u0105cych mi\u0142o\u015bci. Uwa\u017caj\u0105, \u017ce wa\u017cne jest, aby rzeczy by\u0142y proste i \u0142atwe w u\u017cyciu. Dlatego nie wymagaj\u0105 op\u0142at cz\u0142onkowskich, krok\u00f3w weryfikacyjnych, a nawet e-maili. Wystarczy si\u0119 zarejestrowa\u0107 i rozpocz\u0105\u0107 przegl\u0105danie.<\/p>\n<h3>eHarmony<\/h3>\n<p>eHarmony to jeden z najstarszych internetowych serwis\u00f3w randkowych. Za\u0142o\u017cona w 2000 roku, oferuje testy zgodno\u015bci i dopasowania w oparciu o cechy osobowo\u015bci. U\u017cytkownicy otrzymuj\u0105 pytania dotycz\u0105ce ich zainteresowa\u0144, warto\u015bci, hobby, cel\u00f3w zawodowych itp. i otrzymuj\u0105 informacje zwrotne na temat tego, jak dobrze do siebie pasuj\u0105. Je\u015bli chcesz znale\u017a\u0107 mi\u0142o\u015b\u0107, eHarmony mo\u017ce po prostu zadzia\u0142a\u0107 dla Ciebie.<\/p>\n<h3>Szuka<\/h3>\n<p>Szukasz czego\u015b powa\u017cnego? Seek.com ma na celu pom\u00f3c Ci nawi\u0105za\u0107 kontakt z lud\u017ami poszukuj\u0105cymi d\u0142ugoterminowych relacji. Mo\u017cesz przegl\u0105da\u0107 profile na podstawie wieku, lokalizacji, statusu zwi\u0105zku, a nawet religii. Witryna umo\u017cliwia skonfigurowanie alert\u00f3w, aby powiadamia\u0107 Ci\u0119, gdy kto\u015b wy\u015ble Ci zaproszenie do grona znajomych lub napisze wiadomo\u015b\u0107. Rejestracja i przegl\u0105danie jest bezp\u0142atne, ale musisz zap\u0142aci\u0107, aby wysy\u0142a\u0107 wiadomo\u015bci do potencjalnych partner\u00f3w.<\/p>\n<h3>Ashley Madison<\/h3>\n<p>Ashley Madison jest uwa\u017cana za g\u0142\u00f3wne miejsce dla \u017conatych os\u00f3b poszukuj\u0105cych romans\u00f3w. Jako najpopularniejsza strona dla doros\u0142ych, Ashley Madison mo\u017ce pochwali\u0107 si\u0119 ponad 27 milionami aktywnych cz\u0142onk\u00f3w. U\u017cytkownicy mog\u0105 zarejestrowa\u0107 si\u0119 za darmo i rozpocz\u0105\u0107 przegl\u0105danie profili lokalnych m\u0119\u017cczyzn i kobiet. Po znalezieniu kogo\u015b, kogo chcesz pozna\u0107, mo\u017cesz zacz\u0105\u0107 rozmawia\u0107 i umawia\u0107 si\u0119 na spotkanie. Cz\u0142onkowie mog\u0105 dodatkowo p\u0142aci\u0107, aby otrzyma\u0107 specjalne korzy\u015bci, takie jak status VIP, ulepszone \u015brodki bezpiecze\u0144stwa i obs\u0142uga klienta 24\/7.<\/p>\n","protected":false},"excerpt":{"rendered":"<p>Je\u015bli szukasz mi\u0142o\u015bci online, mo\u017ce by\u0107 trudno dowiedzie\u0107 si\u0119, od czego zacz\u0105\u0107. Z setkami aplikacji randkowych, sk\u0105d wiesz, kt\u00f3ry z nich jest odpowiedni dla Ciebie? &hellip; <\/p>\n","protected":false},"author":1,"featured_media":133,"parent":0,"menu_order":0,"comment_status":"closed","ping_status":"closed","template":"","meta":[],"yoast_head":"<!-- This site is optimized with the Yoast SEO plugin v17.7.1 - https:\/\/yoast.com\/wordpress\/plugins\/seo\/ -->\n<title>Najlepsze aplikacje randkowe w 2022 roku dla singli - Jerk Dating<\/title>\n<meta name=\"robots\" content=\"index, follow, max-snippet:-1, max-image-preview:large, max-video-preview:-1\" \/>\n<link rel=\"canonical\" href=\"https:\/\/mamasjerkstation.com\/pl\/najlepsze-aplikacje-randkowe-w-2022-roku-dla-singli\/\" \/>\n<meta property=\"og:locale\" content=\"pl_PL\" \/>\n<meta property=\"og:type\" content=\"article\" \/>\n<meta property=\"og:title\" content=\"Najlepsze aplikacje randkowe w 2022 roku dla singli - Jerk Dating\" \/>\n<meta property=\"og:description\" content=\"Je\u015bli szukasz mi\u0142o\u015bci online, mo\u017ce by\u0107 trudno dowiedzie\u0107 si\u0119, od czego zacz\u0105\u0107. Z setkami aplikacji randkowych, sk\u0105d wiesz, kt\u00f3ry z nich jest odpowiedni dla Ciebie? &hellip;\" \/>\n<meta property=\"og:url\" content=\"https:\/\/mamasjerkstation.com\/pl\/najlepsze-aplikacje-randkowe-w-2022-roku-dla-singli\/\" \/>\n<meta property=\"og:site_name\" content=\"Jerk Dating\" \/>\n<meta property=\"og:image\" content=\"http:\/\/mamasjerkstation.com\/wp-content\/uploads\/2022\/08\/dating.jpeg\" \/>\n\t<meta property=\"og:image:width\" content=\"2000\" \/>\n\t<meta property=\"og:image:height\" content=\"1500\" \/>\n<meta name=\"twitter:card\" content=\"summary_large_image\" \/>\n<meta name=\"twitter:label1\" content=\"Szacowany czas czytania\" \/>\n\t<meta name=\"twitter:data1\" content=\"3 minuty\" \/>\n<script type=\"application\/ld+json\" class=\"yoast-schema-graph\">{\"@context\":\"https:\/\/schema.org\",\"@graph\":[{\"@type\":\"WebSite\",\"@id\":\"https:\/\/mamasjerkstation.com\/#website\",\"url\":\"https:\/\/mamasjerkstation.com\/\",\"name\":\"Jerk Dating\",\"description\":\"Online Sex Websites\",\"potentialAction\":[{\"@type\":\"SearchAction\",\"target\":{\"@type\":\"EntryPoint\",\"urlTemplate\":\"https:\/\/mamasjerkstation.com\/?s={search_term_string}\"},\"query-input\":\"required name=search_term_string\"}],\"inLanguage\":\"pl-PL\"},{\"@type\":\"ImageObject\",\"@id\":\"https:\/\/mamasjerkstation.com\/pl\/najlepsze-aplikacje-randkowe-w-2022-roku-dla-singli\/#primaryimage\",\"inLanguage\":\"pl-PL\",\"url\":\"https:\/\/mamasjerkstation.com\/wp-content\/uploads\/2022\/08\/dating.jpeg\",\"contentUrl\":\"https:\/\/mamasjerkstation.com\/wp-content\/uploads\/2022\/08\/dating.jpeg\",\"width\":2000,\"height\":1500},{\"@type\":\"WebPage\",\"@id\":\"https:\/\/mamasjerkstation.com\/pl\/najlepsze-aplikacje-randkowe-w-2022-roku-dla-singli\/#webpage\",\"url\":\"https:\/\/mamasjerkstation.com\/pl\/najlepsze-aplikacje-randkowe-w-2022-roku-dla-singli\/\",\"name\":\"Najlepsze aplikacje randkowe w 2022 roku dla singli - Jerk Dating\",\"isPartOf\":{\"@id\":\"https:\/\/mamasjerkstation.com\/#website\"},\"primaryImageOfPage\":{\"@id\":\"https:\/\/mamasjerkstation.com\/pl\/najlepsze-aplikacje-randkowe-w-2022-roku-dla-singli\/#primaryimage\"},\"datePublished\":\"2022-08-19T16:36:00+00:00\",\"dateModified\":\"2022-08-19T16:36:00+00:00\",\"breadcrumb\":{\"@id\":\"https:\/\/mamasjerkstation.com\/pl\/najlepsze-aplikacje-randkowe-w-2022-roku-dla-singli\/#breadcrumb\"},\"inLanguage\":\"pl-PL\",\"potentialAction\":[{\"@type\":\"ReadAction\",\"target\":[\"https:\/\/mamasjerkstation.com\/pl\/najlepsze-aplikacje-randkowe-w-2022-roku-dla-singli\/\"]}]},{\"@type\":\"BreadcrumbList\",\"@id\":\"https:\/\/mamasjerkstation.com\/pl\/najlepsze-aplikacje-randkowe-w-2022-roku-dla-singli\/#breadcrumb\",\"itemListElement\":[{\"@type\":\"ListItem\",\"position\":1,\"name\":\"Home\",\"item\":\"http:\/\/mamasjerkstation.com\/pl\/\"},{\"@type\":\"ListItem\",\"position\":2,\"name\":\"Najlepsze aplikacje randkowe w 2022 roku dla singli\"}]}]}<\/script>\n<!-- \/ Yoast SEO plugin. -->","yoast_head_json":{"title":"Najlepsze aplikacje randkowe w 2022 roku dla singli - Jerk Dating","robots":{"index":"index","follow":"follow","max-snippet":"max-snippet:-1","max-image-preview":"max-image-preview:large","max-video-preview":"max-video-preview:-1"},"canonical":"https:\/\/mamasjerkstation.com\/pl\/najlepsze-aplikacje-randkowe-w-2022-roku-dla-singli\/","og_locale":"pl_PL","og_type":"article","og_title":"Najlepsze aplikacje randkowe w 2022 roku dla singli - Jerk Dating","og_description":"Je\u015bli szukasz mi\u0142o\u015bci online, mo\u017ce by\u0107 trudno dowiedzie\u0107 si\u0119, od czego zacz\u0105\u0107. Z setkami aplikacji randkowych, sk\u0105d wiesz, kt\u00f3ry z nich jest odpowiedni dla Ciebie? &hellip;","og_url":"https:\/\/mamasjerkstation.com\/pl\/najlepsze-aplikacje-randkowe-w-2022-roku-dla-singli\/","og_site_name":"Jerk Dating","og_image":[{"width":2000,"height":1500,"url":"http:\/\/mamasjerkstation.com\/wp-content\/uploads\/2022\/08\/dating.jpeg","type":"image\/jpeg"}],"twitter_card":"summary_large_image","twitter_misc":{"Szacowany czas czytania":"3 minuty"},"schema":{"@context":"https:\/\/schema.org","@graph":[{"@type":"WebSite","@id":"https:\/\/mamasjerkstation.com\/#website","url":"https:\/\/mamasjerkstation.com\/","name":"Jerk Dating","description":"Online Sex Websites","potentialAction":[{"@type":"SearchAction","target":{"@type":"EntryPoint","urlTemplate":"https:\/\/mamasjerkstation.com\/?s={search_term_string}"},"query-input":"required name=search_term_string"}],"inLanguage":"pl-PL"},{"@type":"ImageObject","@id":"https:\/\/mamasjerkstation.com\/pl\/najlepsze-aplikacje-randkowe-w-2022-roku-dla-singli\/#primaryimage","inLanguage":"pl-PL","url":"https:\/\/mamasjerkstation.com\/wp-content\/uploads\/2022\/08\/dating.jpeg","contentUrl":"https:\/\/mamasjerkstation.com\/wp-content\/uploads\/2022\/08\/dating.jpeg","width":2000,"height":1500},{"@type":"WebPage","@id":"https:\/\/mamasjerkstation.com\/pl\/najlepsze-aplikacje-randkowe-w-2022-roku-dla-singli\/#webpage","url":"https:\/\/mamasjerkstation.com\/pl\/najlepsze-aplikacje-randkowe-w-2022-roku-dla-singli\/","name":"Najlepsze aplikacje randkowe w 2022 roku dla singli - Jerk Dating","isPartOf":{"@id":"https:\/\/mamasjerkstation.com\/#website"},"primaryImageOfPage":{"@id":"https:\/\/mamasjerkstation.com\/pl\/najlepsze-aplikacje-randkowe-w-2022-roku-dla-singli\/#primaryimage"},"datePublished":"2022-08-19T16:36:00+00:00","dateModified":"2022-08-19T16:36:00+00:00","breadcrumb":{"@id":"https:\/\/mamasjerkstation.com\/pl\/najlepsze-aplikacje-randkowe-w-2022-roku-dla-singli\/#breadcrumb"},"inLanguage":"pl-PL","potentialAction":[{"@type":"ReadAction","target":["https:\/\/mamasjerkstation.com\/pl\/najlepsze-aplikacje-randkowe-w-2022-roku-dla-singli\/"]}]},{"@type":"BreadcrumbList","@id":"https:\/\/mamasjerkstation.com\/pl\/najlepsze-aplikacje-randkowe-w-2022-roku-dla-singli\/#breadcrumb","itemListElement":[{"@type":"ListItem","position":1,"name":"Home","item":"http:\/\/mamasjerkstation.com\/pl\/"},{"@type":"ListItem","position":2,"name":"Najlepsze aplikacje randkowe w 2022 roku dla singli"}]}]}},"_links":{"self":[{"href":"https:\/\/mamasjerkstation.com\/pl\/wp-json\/wp\/v2\/pages\/320"}],"collection":[{"href":"https:\/\/mamasjerkstation.com\/pl\/wp-json\/wp\/v2\/pages"}],"about":[{"href":"https:\/\/mamasjerkstation.com\/pl\/wp-json\/wp\/v2\/types\/page"}],"author":[{"embeddable":true,"href":"https:\/\/mamasjerkstation.com\/pl\/wp-json\/wp\/v2\/users\/1"}],"replies":[{"embeddable":true,"href":"https:\/\/mamasjerkstation.com\/pl\/wp-json\/wp\/v2\/comments?post=320"}],"version-history":[{"count":0,"href":"https:\/\/mamasjerkstation.com\/pl\/wp-json\/wp\/v2\/pages\/320\/revisions"}],"wp:featuredmedia":[{"embeddable":true,"href":"https:\/\/mamasjerkstation.com\/pl\/wp-json\/wp\/v2\/media\/133"}],"wp:attachment":[{"href":"https:\/\/mamasjerkstation.com\/pl\/wp-json\/wp\/v2\/media?parent=320"}],"curies":[{"name":"wp","href":"https:\/\/api.w.org\/{rel}","templated":true}]}}