{"id":311,"date":"2022-08-19T18:41:19","date_gmt":"2022-08-19T17:41:19","guid":{"rendered":"http:\/\/mamasjerkstation.com\/czaty-erotyczne\/"},"modified":"2022-08-19T18:41:19","modified_gmt":"2022-08-19T17:41:19","slug":"czaty-erotyczne","status":"publish","type":"page","link":"https:\/\/mamasjerkstation.com\/pl\/czaty-erotyczne\/","title":{"rendered":"Czaty erotyczne"},"content":{"rendered":"<p>Meet in Chat to najlepsze miejsce, aby znale\u017a\u0107 prawdziwych ludzi, z kt\u00f3rymi mo\u017cna rozmawia\u0107 brudno online! Nie uwierzysz, jak \u0142atwo jest tu pozna\u0107 nowych przyjaci\u00f3\u0142 i jak fajnie jest flirtowa\u0107 z nieznajomymi. Mamy setki seksownych dziewczyn czekaj\u0105cych na Twoje telefony!<\/p>\n<p>Nigdy nie jeste\u015b za stary ani za m\u0142ody, aby wypr\u00f3bowa\u0107 nasze ca\u0142kowicie <a href=\"http:\/\/mamasjerkstation.com\/pl\/najlepsze-aplikacje-randkowe-w-2022-roku-dla-singli\/\">bezp\u0142atne czaty dla doros\u0142ych<\/a>. Po prostu wybierz jedn\u0105 z powy\u017cszych kategorii, zaloguj si\u0119 do pokoju i zacznij rozmawia\u0107!<\/p>\n<p>Nie ma ogranicze\u0144 co do tego, co mo\u017cesz robi\u0107 w naszych pokojach &#8211; po prostu zapytaj nas o cokolwiek! Je\u015bli chcesz dowiedzie\u0107 si\u0119 wi\u0119cej o zabawkach erotycznych, mo\u017cemy Ci w tym pom\u00f3c. Chcesz dowiedzie\u0107 si\u0119 wi\u0119cej o technikach seksu oralnego? Zapytaj nas! Chcesz dowiedzie\u0107 si\u0119 wi\u0119cej o BDSM? Daj nam zna\u0107! Uwielbiamy rozmawia\u0107 o wszystkim, co perwersyjne!<\/p>\n<h2>Jaka jest najlepsza strona do u\u017cycia?<\/h2>\n<p>Jestem pewien, \u017ce wielu z nas nie mo\u017ce si\u0119 doczeka\u0107 lepszej przysz\u0142o\u015bci, w kt\u00f3rej nie b\u0119dziemy ju\u017c musieli p\u0142aci\u0107 za pornografi\u0119 online. Ale tylko dlatego, \u017ce istnieje wiele \u015bwietnych darmowych stron pornograficznych, nie oznacza to, \u017ce znalezienie takiej, kt\u00f3ra dzia\u0142a dobrze, jest zawsze \u0142atwe. Kiedy szukasz witryny premium, kt\u00f3ra oferuje wysokiej jako\u015bci wideo, dziewczyny z kamery i czaty z kamer\u0105 internetow\u0105 na \u017cywo, chcesz mie\u0107 pewno\u015b\u0107, \u017ce wybierasz renomowane \u017ar\u00f3d\u0142o.<\/p>\n<h3>Chaturbate<\/h3>\n<p>Chaturbate to jedna z najpopularniejszych witryn z kamerami internetowymi online. Je\u015bli chcesz zobaczy\u0107 gor\u0105ce filmy erotyczne na \u017cywo, prawdopodobnie ju\u017c je znasz. Ale czy wiesz, \u017ce istnieje wiele r\u00f3\u017cnych sposob\u00f3w przegl\u0105dania dziewczyn z kamer? Oto trzy proste metody.<\/p>\n<p>Na Chaturbate s\u0105 tysi\u0105ce dziewczyn z kamery, a ka\u017cda modelka zwykle ma kilka klip\u00f3w wideo, w kt\u00f3rych wykonuje pewne czynno\u015bci seksualne. Na przyk\u0142ad, je\u015bli chcesz obserwowa\u0107 jej masturbacj\u0119, mo\u017cesz zajrze\u0107 do zak\u0142adki &#8222;masturbacja&#8221;. Niekt\u00f3re modele maj\u0105 wiele film\u00f3w masturbacyjnych, podczas gdy inne maj\u0105 tylko jeden lub dwa.<\/p>\n<h2>Czy musisz zap\u0142aci\u0107?<\/h2>\n<p>Wszystkie wymienione powy\u017cej witryny \/ dziewczyny s\u0105 ca\u0142kowicie bezp\u0142atne do przegl\u0105dania, wi\u0119c nie musisz si\u0119 martwi\u0107 o wydawanie pieni\u0119dzy na ich tre\u015bci. Je\u015bli jednak wolisz wspiera\u0107 dziewczyny z kamery, kt\u00f3re lubisz, wiele z nich akceptuje napiwki za po\u015brednictwem PayPal. U\u0142atwia to wysy\u0142anie im pieni\u0119dzy bezpo\u015brednio z przegl\u0105darki. Ponadto wiele witryn oferuje zni\u017cki na rejestracj\u0119 w celu uzyskania cz\u0142onkostwa premium. Na przyk\u0142ad mo\u017cesz zarejestrowa\u0107 si\u0119 na miesi\u0119czne cz\u0142onkostwo pr\u00f3bne za 1,99 USD dziennie lub zosta\u0107 cz\u0142onkiem VIP za 29,95 USD miesi\u0119cznie.<\/p>\n<p>Wi\u0119kszo\u015b\u0107 z nich odbywa si\u0119 na stronach z kamerami dla doros\u0142ych. Camming dla doros\u0142ych to praktyka anga\u017cowania si\u0119 w czaty z kamer\u0105 internetow\u0105 za po\u015brednictwem kana\u0142\u00f3w wideo na \u017cywo. Tego typu kamery internetowe pozwalaj\u0105 ludziom widzie\u0107 si\u0119 nawzajem podczas rozmowy twarz\u0105 w twarz. W rzeczywisto\u015bci wi\u0119kszo\u015b\u0107 ludzi korzysta z witryn z kamerami, poniewa\u017c nie chc\u0105 p\u0142aci\u0107 za po\u0142\u0105czenia telefoniczne. Jednak najwi\u0119ksz\u0105 r\u00f3\u017cnic\u0105 mi\u0119dzy normalnymi pokojami rozm\u00f3w a witrynami kamer jest to, \u017ce witryny z kamerami wymagaj\u0105 rejestracji. Opr\u00f3cz zapewnienia bezp\u0142atnego czatu wideo, witryny z kamerami cz\u0119sto oferuj\u0105 dodatkowe funkcje, takie jak wiadomo\u015bci b\u0142yskawiczne, czat tekstowy i poczta e-mail. Na przyk\u0142ad Chaturbate oferuje bezp\u0142atny czat wideo, transmisj\u0119 na \u017cywo i wiadomo\u015bci b\u0142yskawiczne. Inna popularna witryna, My Free Cams, zapewnia bezp\u0142atny czat wideo, czat audio i wiadomo\u015bci b\u0142yskawiczne.<\/p>\n","protected":false},"excerpt":{"rendered":"<p>Meet in Chat to najlepsze miejsce, aby znale\u017a\u0107 prawdziwych ludzi, z kt\u00f3rymi mo\u017cna rozmawia\u0107 brudno online! Nie uwierzysz, jak \u0142atwo jest tu pozna\u0107 nowych przyjaci\u00f3\u0142 &hellip; <\/p>\n","protected":false},"author":1,"featured_media":148,"parent":0,"menu_order":0,"comment_status":"closed","ping_status":"closed","template":"","meta":[],"yoast_head":"<!-- This site is optimized with the Yoast SEO plugin v17.7.1 - https:\/\/yoast.com\/wordpress\/plugins\/seo\/ -->\n<title>Czaty erotyczne - Jerk Dating<\/title>\n<meta name=\"robots\" content=\"index, follow, max-snippet:-1, max-image-preview:large, max-video-preview:-1\" \/>\n<link rel=\"canonical\" href=\"https:\/\/mamasjerkstation.com\/pl\/czaty-erotyczne\/\" \/>\n<meta property=\"og:locale\" content=\"pl_PL\" \/>\n<meta property=\"og:type\" content=\"article\" \/>\n<meta property=\"og:title\" content=\"Czaty erotyczne - Jerk Dating\" \/>\n<meta property=\"og:description\" content=\"Meet in Chat to najlepsze miejsce, aby znale\u017a\u0107 prawdziwych ludzi, z kt\u00f3rymi mo\u017cna rozmawia\u0107 brudno online! Nie uwierzysz, jak \u0142atwo jest tu pozna\u0107 nowych przyjaci\u00f3\u0142 &hellip;\" \/>\n<meta property=\"og:url\" content=\"https:\/\/mamasjerkstation.com\/pl\/czaty-erotyczne\/\" \/>\n<meta property=\"og:site_name\" content=\"Jerk Dating\" \/>\n<meta property=\"og:image\" content=\"http:\/\/mamasjerkstation.com\/wp-content\/uploads\/2022\/08\/online-sex-sites.jpeg\" \/>\n\t<meta property=\"og:image:width\" content=\"2250\" \/>\n\t<meta property=\"og:image:height\" content=\"1500\" \/>\n<meta name=\"twitter:card\" content=\"summary_large_image\" \/>\n<meta name=\"twitter:label1\" content=\"Szacowany czas czytania\" \/>\n\t<meta name=\"twitter:data1\" content=\"3 minuty\" \/>\n<script type=\"application\/ld+json\" class=\"yoast-schema-graph\">{\"@context\":\"https:\/\/schema.org\",\"@graph\":[{\"@type\":\"WebSite\",\"@id\":\"https:\/\/mamasjerkstation.com\/#website\",\"url\":\"https:\/\/mamasjerkstation.com\/\",\"name\":\"Jerk Dating\",\"description\":\"Online Sex Websites\",\"potentialAction\":[{\"@type\":\"SearchAction\",\"target\":{\"@type\":\"EntryPoint\",\"urlTemplate\":\"https:\/\/mamasjerkstation.com\/?s={search_term_string}\"},\"query-input\":\"required name=search_term_string\"}],\"inLanguage\":\"pl-PL\"},{\"@type\":\"ImageObject\",\"@id\":\"https:\/\/mamasjerkstation.com\/pl\/czaty-erotyczne\/#primaryimage\",\"inLanguage\":\"pl-PL\",\"url\":\"https:\/\/mamasjerkstation.com\/wp-content\/uploads\/2022\/08\/online-sex-sites.jpeg\",\"contentUrl\":\"https:\/\/mamasjerkstation.com\/wp-content\/uploads\/2022\/08\/online-sex-sites.jpeg\",\"width\":2250,\"height\":1500},{\"@type\":\"WebPage\",\"@id\":\"https:\/\/mamasjerkstation.com\/pl\/czaty-erotyczne\/#webpage\",\"url\":\"https:\/\/mamasjerkstation.com\/pl\/czaty-erotyczne\/\",\"name\":\"Czaty erotyczne - Jerk Dating\",\"isPartOf\":{\"@id\":\"https:\/\/mamasjerkstation.com\/#website\"},\"primaryImageOfPage\":{\"@id\":\"https:\/\/mamasjerkstation.com\/pl\/czaty-erotyczne\/#primaryimage\"},\"datePublished\":\"2022-08-19T17:41:19+00:00\",\"dateModified\":\"2022-08-19T17:41:19+00:00\",\"breadcrumb\":{\"@id\":\"https:\/\/mamasjerkstation.com\/pl\/czaty-erotyczne\/#breadcrumb\"},\"inLanguage\":\"pl-PL\",\"potentialAction\":[{\"@type\":\"ReadAction\",\"target\":[\"https:\/\/mamasjerkstation.com\/pl\/czaty-erotyczne\/\"]}]},{\"@type\":\"BreadcrumbList\",\"@id\":\"https:\/\/mamasjerkstation.com\/pl\/czaty-erotyczne\/#breadcrumb\",\"itemListElement\":[{\"@type\":\"ListItem\",\"position\":1,\"name\":\"Home\",\"item\":\"http:\/\/mamasjerkstation.com\/pl\/\"},{\"@type\":\"ListItem\",\"position\":2,\"name\":\"Czaty erotyczne\"}]}]}<\/script>\n<!-- \/ Yoast SEO plugin. -->","yoast_head_json":{"title":"Czaty erotyczne - Jerk Dating","robots":{"index":"index","follow":"follow","max-snippet":"max-snippet:-1","max-image-preview":"max-image-preview:large","max-video-preview":"max-video-preview:-1"},"canonical":"https:\/\/mamasjerkstation.com\/pl\/czaty-erotyczne\/","og_locale":"pl_PL","og_type":"article","og_title":"Czaty erotyczne - Jerk Dating","og_description":"Meet in Chat to najlepsze miejsce, aby znale\u017a\u0107 prawdziwych ludzi, z kt\u00f3rymi mo\u017cna rozmawia\u0107 brudno online! Nie uwierzysz, jak \u0142atwo jest tu pozna\u0107 nowych przyjaci\u00f3\u0142 &hellip;","og_url":"https:\/\/mamasjerkstation.com\/pl\/czaty-erotyczne\/","og_site_name":"Jerk Dating","og_image":[{"width":2250,"height":1500,"url":"http:\/\/mamasjerkstation.com\/wp-content\/uploads\/2022\/08\/online-sex-sites.jpeg","type":"image\/jpeg"}],"twitter_card":"summary_large_image","twitter_misc":{"Szacowany czas czytania":"3 minuty"},"schema":{"@context":"https:\/\/schema.org","@graph":[{"@type":"WebSite","@id":"https:\/\/mamasjerkstation.com\/#website","url":"https:\/\/mamasjerkstation.com\/","name":"Jerk Dating","description":"Online Sex Websites","potentialAction":[{"@type":"SearchAction","target":{"@type":"EntryPoint","urlTemplate":"https:\/\/mamasjerkstation.com\/?s={search_term_string}"},"query-input":"required name=search_term_string"}],"inLanguage":"pl-PL"},{"@type":"ImageObject","@id":"https:\/\/mamasjerkstation.com\/pl\/czaty-erotyczne\/#primaryimage","inLanguage":"pl-PL","url":"https:\/\/mamasjerkstation.com\/wp-content\/uploads\/2022\/08\/online-sex-sites.jpeg","contentUrl":"https:\/\/mamasjerkstation.com\/wp-content\/uploads\/2022\/08\/online-sex-sites.jpeg","width":2250,"height":1500},{"@type":"WebPage","@id":"https:\/\/mamasjerkstation.com\/pl\/czaty-erotyczne\/#webpage","url":"https:\/\/mamasjerkstation.com\/pl\/czaty-erotyczne\/","name":"Czaty erotyczne - Jerk Dating","isPartOf":{"@id":"https:\/\/mamasjerkstation.com\/#website"},"primaryImageOfPage":{"@id":"https:\/\/mamasjerkstation.com\/pl\/czaty-erotyczne\/#primaryimage"},"datePublished":"2022-08-19T17:41:19+00:00","dateModified":"2022-08-19T17:41:19+00:00","breadcrumb":{"@id":"https:\/\/mamasjerkstation.com\/pl\/czaty-erotyczne\/#breadcrumb"},"inLanguage":"pl-PL","potentialAction":[{"@type":"ReadAction","target":["https:\/\/mamasjerkstation.com\/pl\/czaty-erotyczne\/"]}]},{"@type":"BreadcrumbList","@id":"https:\/\/mamasjerkstation.com\/pl\/czaty-erotyczne\/#breadcrumb","itemListElement":[{"@type":"ListItem","position":1,"name":"Home","item":"http:\/\/mamasjerkstation.com\/pl\/"},{"@type":"ListItem","position":2,"name":"Czaty erotyczne"}]}]}},"_links":{"self":[{"href":"https:\/\/mamasjerkstation.com\/pl\/wp-json\/wp\/v2\/pages\/311"}],"collection":[{"href":"https:\/\/mamasjerkstation.com\/pl\/wp-json\/wp\/v2\/pages"}],"about":[{"href":"https:\/\/mamasjerkstation.com\/pl\/wp-json\/wp\/v2\/types\/page"}],"author":[{"embeddable":true,"href":"https:\/\/mamasjerkstation.com\/pl\/wp-json\/wp\/v2\/users\/1"}],"replies":[{"embeddable":true,"href":"https:\/\/mamasjerkstation.com\/pl\/wp-json\/wp\/v2\/comments?post=311"}],"version-history":[{"count":0,"href":"https:\/\/mamasjerkstation.com\/pl\/wp-json\/wp\/v2\/pages\/311\/revisions"}],"wp:featuredmedia":[{"embeddable":true,"href":"https:\/\/mamasjerkstation.com\/pl\/wp-json\/wp\/v2\/media\/148"}],"wp:attachment":[{"href":"https:\/\/mamasjerkstation.com\/pl\/wp-json\/wp\/v2\/media?parent=311"}],"curies":[{"name":"wp","href":"https:\/\/api.w.org\/{rel}","templated":true}]}}