{"id":293,"date":"2022-08-19T18:48:22","date_gmt":"2022-08-19T17:48:22","guid":{"rendered":"http:\/\/mamasjerkstation.com\/czatuj-z-nieznajomymi-online\/"},"modified":"2022-08-19T18:48:22","modified_gmt":"2022-08-19T17:48:22","slug":"czatuj-z-nieznajomymi-online","status":"publish","type":"page","link":"https:\/\/mamasjerkstation.com\/pl\/czatuj-z-nieznajomymi-online\/","title":{"rendered":"Czatuj z nieznajomymi online"},"content":{"rendered":"<p>Nie ka\u017cda dziewczyna na tych stronach szuka seksu. Niekt\u00f3rzy s\u0105 po prostu znudzeni i chc\u0105 rozmawia\u0107 z nieznajomymi. Inni szukaj\u0105 przyjaci\u00f3\u0142. Ale nawet je\u015bli nie spotkasz nikogo na \u017cadnej ze stron, nadal mo\u017cesz zobaczy\u0107 co\u015b, czego si\u0119 nie spodziewa\u0142e\u015b.<\/p>\n<h2>Witryny Cam lub czaty<\/h2>\n<p>Je\u015bli szukasz miejsca, w kt\u00f3rym mo\u017cesz pozna\u0107 prawdziwe dziewczyny online, s\u0105 szanse, \u017ce by\u0142e\u015b rozczarowany dost\u0119pnymi opcjami. Problem polega na tym, \u017ce znalezienie dobrej witryny nie jest \u0142atwe. Istnieje mn\u00f3stwo darmowych czat\u00f3w pornograficznych, ale wi\u0119kszo\u015b\u0107 z nich jest wype\u0142niona botami, a nie lud\u017ami. I chocia\u017c prawd\u0105 jest, \u017ce p\u0142atne witryny, takie jak MyFreeCams, oferuj\u0105 oryginalne dziewczyny z kamer, modele te nie zawsze s\u0105 aktywne lub ch\u0119tne do interakcji z odwiedzaj\u0105cymi.<\/p>\n<p>Przeszukali\u015bmy sie\u0107 w poszukiwaniu najlepszych stron czat\u00f3w erotycznych i znale\u017ali\u015bmy je wszystkie. Niezale\u017cnie od tego, czy chcesz rozmawia\u0107 z MILF, nastolatkami, BDSM, czy nawet parami, nasza lista zawiera wszystko, czego mo\u017cesz potrzebowa\u0107. Istnieje wiele r\u00f3\u017cnych rodzaj\u00f3w pokoi do wyboru, z kt\u00f3rych ka\u017cdy zaspokaja okre\u015blone potrzeby i pragnienia. Niekt\u00f3rzy ludzie wol\u0105 rozmawia\u0107 z nieznajomymi, podczas gdy inni lubi\u0105 spotyka\u0107 kogo\u015b, kogo ju\u017c znaj\u0105. Niekt\u00f3rzy ludzie uwielbiaj\u0105 m\u00f3wi\u0107 brudno, podczas gdy inni po prostu chc\u0105 rozmawia\u0107 o czymkolwiek innym ni\u017c seks.<\/p>\n<h2>Aplikacje randkowe<\/h2>\n<p>Istnieje wiele <a href=\"http:\/\/mamasjerkstation.com\/pl\/randki-lgbt\/\">internetowych platform randkowych<\/a> , ale gdy znajdziesz tak\u0105, kt\u00f3ra dzia\u0142a dla Ciebie, prawdopodobnie pozostaniesz przy niej przez jaki\u015b czas. Ale co si\u0119 stanie, gdy b\u0119dziesz gotowy, aby przej\u015b\u0107 dalej i spr\u00f3bowa\u0107 czego\u015b innego? Je\u015bli szukasz dobrej aplikacji do pod\u0142\u0105czania, oto wszystko, co musisz wiedzie\u0107. Istniej\u0105 dos\u0142ownie tysi\u0105ce r\u00f3\u017cnych aplikacji randkowych i stron internetowych, i nawet je\u015bli mo\u017cesz my\u015ble\u0107, \u017ce wiesz, co robisz, s\u0105 szanse, \u017ce mo\u017cesz \u0142atwo sko\u0144czy\u0107 marnuj\u0105c godziny na godziny swojego \u017cycia, szukaj\u0105c czego\u015b, czego nawet nie ma. Tak wi\u0119c, niezale\u017cnie od tego, czy szukasz przypadkowych po\u0142\u0105cze\u0144, d\u0142ugoterminowych zwi\u0105zk\u00f3w, a mo\u017ce nawet ma\u0142\u017ce\u0144stwa, mamy dla Ciebie ochron\u0119. W rzeczywisto\u015bci przygotowali\u015bmy list\u0119 najlepszych czat\u00f3w erotycznych w dzisiejszych czasach, wi\u0119c mo\u017cesz w ko\u0144cu przesta\u0107 martwi\u0107 si\u0119, \u017ce nie masz szcz\u0119\u015bcia w randkach online.<\/p>\n<p><strong>Na co zwr\u00f3ci\u0107 uwag\u0119 w serwisach randkowych:<\/strong><\/p>\n<h3>Funkcje bezpiecze\u0144stwa<\/h3>\n<p>Witryny typu hookup zwykle oferuj\u0105 funkcje bezpiecze\u0144stwa chroni\u0105ce przed oszustami, hakerami i z\u0142odziejami to\u017csamo\u015bci. Obejmuj\u0105 one metody weryfikacji, takie jak potwierdzenie adresu e-mail i weryfikacja numeru telefonu. Cz\u0119sto te\u017c prosz\u0105 o dodatkowe informacje o sobie, w tym o Tw\u00f3j wiek i lokalizacj\u0119, przed zezwoleniem na dost\u0119p. Je\u015bli widzisz co\u015b podejrzanego, s\u0105 du\u017ce szanse, \u017ce strona nie jest warta twojego czasu.<\/p>\n<h3>Zweryfikowane profile<\/h3>\n<p>Podczas rejestracji w aplikacji lub witrynie do pod\u0142\u0105czania upewnij si\u0119, \u017ce zweryfikowa\u0142e\u015b sw\u00f3j profil. Gwarantuje to, \u017ce to, co zapiszesz na papierze, pasuje do tego, co jest w pliku witryny. Wi\u0119kszo\u015b\u0107 witryn z pod\u0142\u0105czeniami umo\u017cliwia przes\u0142anie swojego zdj\u0119cia, co pomaga potwierdzi\u0107, \u017ce jeste\u015b prawdziwy. Nie musisz p\u0142aci\u0107 za weryfikacj\u0119 konta, ale niekt\u00f3re witryny pobieraj\u0105 dodatkowe op\u0142aty za weryfikacj\u0119.<\/p>\n<h3>Ochrona przed oszustwami<\/h3>\n<p>Wi\u0119kszo\u015b\u0107 witryn z pod\u0142\u0105czeniami ma sposoby zapobiegania nieuczciwym dzia\u0142aniom. Na przyk\u0142ad wiele witryn blokuje niekt\u00f3re typy kont, takie jak te u\u017cywane przez boty i oszust\u00f3w. Inne ograniczaj\u0105 ilo\u015b\u0107 informacji o karcie kredytowej, kt\u00f3rej mo\u017cesz u\u017cy\u0107 do zasilenia swojego konta. Jeszcze inni informuj\u0105 Ci\u0119, je\u015bli kto\u015b pr\u00f3buje Ci\u0119 oszuka\u0107. Poszukaj oznak oszustwa i unikaj podawania danych osobowych, chyba \u017ce czujesz si\u0119 komfortowo.<\/p>\n","protected":false},"excerpt":{"rendered":"<p>Nie ka\u017cda dziewczyna na tych stronach szuka seksu. Niekt\u00f3rzy s\u0105 po prostu znudzeni i chc\u0105 rozmawia\u0107 z nieznajomymi. Inni szukaj\u0105 przyjaci\u00f3\u0142. Ale nawet je\u015bli nie &hellip; <\/p>\n","protected":false},"author":1,"featured_media":163,"parent":0,"menu_order":0,"comment_status":"closed","ping_status":"closed","template":"","meta":[],"yoast_head":"<!-- This site is optimized with the Yoast SEO plugin v17.7.1 - https:\/\/yoast.com\/wordpress\/plugins\/seo\/ -->\n<title>Czatuj z nieznajomymi online - Jerk Dating<\/title>\n<meta name=\"robots\" content=\"index, follow, max-snippet:-1, max-image-preview:large, max-video-preview:-1\" \/>\n<link rel=\"canonical\" href=\"https:\/\/mamasjerkstation.com\/pl\/czatuj-z-nieznajomymi-online\/\" \/>\n<meta property=\"og:locale\" content=\"pl_PL\" \/>\n<meta property=\"og:type\" content=\"article\" \/>\n<meta property=\"og:title\" content=\"Czatuj z nieznajomymi online - Jerk Dating\" \/>\n<meta property=\"og:description\" content=\"Nie ka\u017cda dziewczyna na tych stronach szuka seksu. Niekt\u00f3rzy s\u0105 po prostu znudzeni i chc\u0105 rozmawia\u0107 z nieznajomymi. Inni szukaj\u0105 przyjaci\u00f3\u0142. Ale nawet je\u015bli nie &hellip;\" \/>\n<meta property=\"og:url\" content=\"https:\/\/mamasjerkstation.com\/pl\/czatuj-z-nieznajomymi-online\/\" \/>\n<meta property=\"og:site_name\" content=\"Jerk Dating\" \/>\n<meta property=\"og:image\" content=\"http:\/\/mamasjerkstation.com\/wp-content\/uploads\/2022\/08\/hookups.jpeg\" \/>\n\t<meta property=\"og:image:width\" content=\"500\" \/>\n\t<meta property=\"og:image:height\" content=\"333\" \/>\n<meta name=\"twitter:card\" content=\"summary_large_image\" \/>\n<meta name=\"twitter:label1\" content=\"Szacowany czas czytania\" \/>\n\t<meta name=\"twitter:data1\" content=\"3 minuty\" \/>\n<script type=\"application\/ld+json\" class=\"yoast-schema-graph\">{\"@context\":\"https:\/\/schema.org\",\"@graph\":[{\"@type\":\"WebSite\",\"@id\":\"https:\/\/mamasjerkstation.com\/#website\",\"url\":\"https:\/\/mamasjerkstation.com\/\",\"name\":\"Jerk Dating\",\"description\":\"Online Sex Websites\",\"potentialAction\":[{\"@type\":\"SearchAction\",\"target\":{\"@type\":\"EntryPoint\",\"urlTemplate\":\"https:\/\/mamasjerkstation.com\/?s={search_term_string}\"},\"query-input\":\"required name=search_term_string\"}],\"inLanguage\":\"pl-PL\"},{\"@type\":\"ImageObject\",\"@id\":\"https:\/\/mamasjerkstation.com\/pl\/czatuj-z-nieznajomymi-online\/#primaryimage\",\"inLanguage\":\"pl-PL\",\"url\":\"https:\/\/mamasjerkstation.com\/wp-content\/uploads\/2022\/08\/hookups.jpeg\",\"contentUrl\":\"https:\/\/mamasjerkstation.com\/wp-content\/uploads\/2022\/08\/hookups.jpeg\",\"width\":500,\"height\":333},{\"@type\":\"WebPage\",\"@id\":\"https:\/\/mamasjerkstation.com\/pl\/czatuj-z-nieznajomymi-online\/#webpage\",\"url\":\"https:\/\/mamasjerkstation.com\/pl\/czatuj-z-nieznajomymi-online\/\",\"name\":\"Czatuj z nieznajomymi online - Jerk Dating\",\"isPartOf\":{\"@id\":\"https:\/\/mamasjerkstation.com\/#website\"},\"primaryImageOfPage\":{\"@id\":\"https:\/\/mamasjerkstation.com\/pl\/czatuj-z-nieznajomymi-online\/#primaryimage\"},\"datePublished\":\"2022-08-19T17:48:22+00:00\",\"dateModified\":\"2022-08-19T17:48:22+00:00\",\"breadcrumb\":{\"@id\":\"https:\/\/mamasjerkstation.com\/pl\/czatuj-z-nieznajomymi-online\/#breadcrumb\"},\"inLanguage\":\"pl-PL\",\"potentialAction\":[{\"@type\":\"ReadAction\",\"target\":[\"https:\/\/mamasjerkstation.com\/pl\/czatuj-z-nieznajomymi-online\/\"]}]},{\"@type\":\"BreadcrumbList\",\"@id\":\"https:\/\/mamasjerkstation.com\/pl\/czatuj-z-nieznajomymi-online\/#breadcrumb\",\"itemListElement\":[{\"@type\":\"ListItem\",\"position\":1,\"name\":\"Home\",\"item\":\"http:\/\/mamasjerkstation.com\/pl\/\"},{\"@type\":\"ListItem\",\"position\":2,\"name\":\"Czatuj z nieznajomymi online\"}]}]}<\/script>\n<!-- \/ Yoast SEO plugin. -->","yoast_head_json":{"title":"Czatuj z nieznajomymi online - Jerk Dating","robots":{"index":"index","follow":"follow","max-snippet":"max-snippet:-1","max-image-preview":"max-image-preview:large","max-video-preview":"max-video-preview:-1"},"canonical":"https:\/\/mamasjerkstation.com\/pl\/czatuj-z-nieznajomymi-online\/","og_locale":"pl_PL","og_type":"article","og_title":"Czatuj z nieznajomymi online - Jerk Dating","og_description":"Nie ka\u017cda dziewczyna na tych stronach szuka seksu. Niekt\u00f3rzy s\u0105 po prostu znudzeni i chc\u0105 rozmawia\u0107 z nieznajomymi. Inni szukaj\u0105 przyjaci\u00f3\u0142. Ale nawet je\u015bli nie &hellip;","og_url":"https:\/\/mamasjerkstation.com\/pl\/czatuj-z-nieznajomymi-online\/","og_site_name":"Jerk Dating","og_image":[{"width":500,"height":333,"url":"http:\/\/mamasjerkstation.com\/wp-content\/uploads\/2022\/08\/hookups.jpeg","type":"image\/jpeg"}],"twitter_card":"summary_large_image","twitter_misc":{"Szacowany czas czytania":"3 minuty"},"schema":{"@context":"https:\/\/schema.org","@graph":[{"@type":"WebSite","@id":"https:\/\/mamasjerkstation.com\/#website","url":"https:\/\/mamasjerkstation.com\/","name":"Jerk Dating","description":"Online Sex Websites","potentialAction":[{"@type":"SearchAction","target":{"@type":"EntryPoint","urlTemplate":"https:\/\/mamasjerkstation.com\/?s={search_term_string}"},"query-input":"required name=search_term_string"}],"inLanguage":"pl-PL"},{"@type":"ImageObject","@id":"https:\/\/mamasjerkstation.com\/pl\/czatuj-z-nieznajomymi-online\/#primaryimage","inLanguage":"pl-PL","url":"https:\/\/mamasjerkstation.com\/wp-content\/uploads\/2022\/08\/hookups.jpeg","contentUrl":"https:\/\/mamasjerkstation.com\/wp-content\/uploads\/2022\/08\/hookups.jpeg","width":500,"height":333},{"@type":"WebPage","@id":"https:\/\/mamasjerkstation.com\/pl\/czatuj-z-nieznajomymi-online\/#webpage","url":"https:\/\/mamasjerkstation.com\/pl\/czatuj-z-nieznajomymi-online\/","name":"Czatuj z nieznajomymi online - Jerk Dating","isPartOf":{"@id":"https:\/\/mamasjerkstation.com\/#website"},"primaryImageOfPage":{"@id":"https:\/\/mamasjerkstation.com\/pl\/czatuj-z-nieznajomymi-online\/#primaryimage"},"datePublished":"2022-08-19T17:48:22+00:00","dateModified":"2022-08-19T17:48:22+00:00","breadcrumb":{"@id":"https:\/\/mamasjerkstation.com\/pl\/czatuj-z-nieznajomymi-online\/#breadcrumb"},"inLanguage":"pl-PL","potentialAction":[{"@type":"ReadAction","target":["https:\/\/mamasjerkstation.com\/pl\/czatuj-z-nieznajomymi-online\/"]}]},{"@type":"BreadcrumbList","@id":"https:\/\/mamasjerkstation.com\/pl\/czatuj-z-nieznajomymi-online\/#breadcrumb","itemListElement":[{"@type":"ListItem","position":1,"name":"Home","item":"http:\/\/mamasjerkstation.com\/pl\/"},{"@type":"ListItem","position":2,"name":"Czatuj z nieznajomymi online"}]}]}},"_links":{"self":[{"href":"https:\/\/mamasjerkstation.com\/pl\/wp-json\/wp\/v2\/pages\/293"}],"collection":[{"href":"https:\/\/mamasjerkstation.com\/pl\/wp-json\/wp\/v2\/pages"}],"about":[{"href":"https:\/\/mamasjerkstation.com\/pl\/wp-json\/wp\/v2\/types\/page"}],"author":[{"embeddable":true,"href":"https:\/\/mamasjerkstation.com\/pl\/wp-json\/wp\/v2\/users\/1"}],"replies":[{"embeddable":true,"href":"https:\/\/mamasjerkstation.com\/pl\/wp-json\/wp\/v2\/comments?post=293"}],"version-history":[{"count":0,"href":"https:\/\/mamasjerkstation.com\/pl\/wp-json\/wp\/v2\/pages\/293\/revisions"}],"wp:featuredmedia":[{"embeddable":true,"href":"https:\/\/mamasjerkstation.com\/pl\/wp-json\/wp\/v2\/media\/163"}],"wp:attachment":[{"href":"https:\/\/mamasjerkstation.com\/pl\/wp-json\/wp\/v2\/media?parent=293"}],"curies":[{"name":"wp","href":"https:\/\/api.w.org\/{rel}","templated":true}]}}