{"id":284,"date":"2022-08-19T18:51:33","date_gmt":"2022-08-19T17:51:33","guid":{"rendered":"http:\/\/mamasjerkstation.com\/randki-lgbt\/"},"modified":"2022-08-19T18:51:33","modified_gmt":"2022-08-19T17:51:33","slug":"randki-lgbt","status":"publish","type":"page","link":"https:\/\/mamasjerkstation.com\/pl\/randki-lgbt\/","title":{"rendered":"Randki LGBT+"},"content":{"rendered":"<p>Kiedy szukasz dobrej aplikacji do pod\u0142\u0105czania, potrzebujesz czego\u015b, co daje dost\u0119p do wielu r\u00f3\u017cnych os\u00f3b. Niekoniecznie chcesz p\u0142aci\u0107 za ka\u017cd\u0105 osob\u0119, kt\u00f3r\u0105 spotykasz.<\/p>\n<h2>Oto nasze 3 najlepsze wskaz\u00f3wki dotycz\u0105ce korzystania z aplikacji randkowych LGBT:<\/h2>\n<h3>Wsparcie mobilne<\/h3>\n<p>Prawdopodobnie b\u0119dziesz najcz\u0119\u015bciej korzysta\u0107 z telefonu podczas <a href=\"http:\/\/mamasjerkstation.com\/pl\/znajdz-przypadkowy-seks-w-poblizu\/\">wyszukiwania daty<\/a>, zw\u0142aszcza, \u017ce wiele aplikacji do pod\u0142\u0105czania oferuje bezp\u0142atn\u0105 wersj\u0119, kt\u00f3ra pozwala przegl\u0105da\u0107 profile i wysy\u0142a\u0107 wiadomo\u015bci. Ale upewnij si\u0119, \u017ce aplikacja dzia\u0142a dobrze zar\u00f3wno na urz\u0105dzeniach z systemem iOS, jak i Android. Nie wszyscy u\u017cywaj\u0105 iPhone&#8217;\u00f3w lub Android\u00f3w, wi\u0119c kompatybilno\u015b\u0107 ma znaczenie. Je\u015bli zdecydujesz si\u0119 pobra\u0107 pe\u0142n\u0105 aplikacj\u0119, poszukaj recenzji, kt\u00f3re wspominaj\u0105, jak \u0142atwo jest nawigowa\u0107 i czy ludzie mieli problemy z zalogowaniem si\u0119.<\/p>\n<h3>Ux<\/h3>\n<p>Sam projekt aplikacji nie jest wa\u017cny, ale mo\u017cesz wypr\u00f3bowa\u0107 kilka r\u00f3\u017cnych, zanim zdecydujesz si\u0119 na jedn\u0105. Niekt\u00f3re aplikacje koncentruj\u0105 si\u0119 na dopasowywaniu os\u00f3b na podstawie lokalizacji, podczas gdy inne umo\u017cliwiaj\u0105 filtrowanie wed\u0142ug przedzia\u0142u wiekowego lub p\u0142ci. Upewnij si\u0119, \u017ce podoba Ci si\u0119 wygl\u0105d i dzia\u0142anie aplikacji. Nie ma nic gorszego ni\u017c wielki mecz czekaj\u0105cy na ciebie, tylko po to, by odkry\u0107, \u017ce tak naprawd\u0119 nie istnieje.<\/p>\n<h3>System dopasowywania<\/h3>\n<p>W jaki spos\u00f3b aplikacja okre\u015bla, kt\u00f3rzy ludzie s\u0105 do siebie podobni? Czy opiera si\u0119 na wsp\u00f3lnych przyjacio\u0142ach? Wsp\u00f3lne zainteresowanie muzyk\u0105 lub ksi\u0105\u017ckami? A mo\u017ce po prostu znajduje ludzi, kt\u00f3rzy mieszkaj\u0105 blisko siebie? Ile wagi przypisuje si\u0119 ka\u017cdemu czynnikowi? Czynniki te wp\u0142ywaj\u0105 na to, ile os\u00f3b pojawia si\u0119 w Twoim kanale i jak prawdopodobne jest, \u017ce si\u0119 z nimi po\u0142\u0105czysz.<\/p>\n<h2>Czu\u0142y<\/h2>\n<p>Feeld to jedna z najlepszych aplikacji do pod\u0142\u0105czania. Z ponad 10 milionami pobra\u0144, zaspokaja potrzeby os\u00f3b szukaj\u0105cych przypadkowego seksu i \/ lub po prostu zabawy. Ta aplikacja jest \u015bwietna dla tych, kt\u00f3rzy s\u0105 samotni, heteroseksualni, geje, bi, trans, lesbijki, queer, panseksualni, poliamoryczni itp.<\/p>\n<p>Aplikacja dzia\u0142a jak Tinder, gdzie przesuwasz palcem w lewo, aby przej\u015b\u0107 i w prawo, aby dopasowa\u0107. Mo\u017cesz wybra\u0107, czy chcesz widzie\u0107 zdj\u0119cia, czy nie. Je\u015bli zdecydujesz si\u0119 zobaczy\u0107 zdj\u0119cia, istniej\u0105 filtry, takie jak p\u0142e\u0107, wiek, pochodzenie etniczne, typ cia\u0142a, orientacja seksualna, status zwi\u0105zku, preferencje dotycz\u0105ce palenia, wzrost, kolor w\u0142os\u00f3w, kolor oczu, religia, pogl\u0105dy polityczne, zaw\u00f3d, poziom wykszta\u0142cenia, dochody, a nawet tatua\u017ce i kolczyki. Mo\u017cesz tak\u017ce doda\u0107 zainteresowania i hobby. Na przyk\u0142ad interesuj\u0119 si\u0119 sportem, jedzeniem, muzyk\u0105, sztuk\u0105, podr\u00f3\u017cami i fitnessem. Gdy kto\u015b wy\u015ble mi pro\u015bb\u0119, mog\u0119 j\u0105 zaakceptowa\u0107 lub odrzuci\u0107. Je\u015bli oboje zgodzimy si\u0119 spotka\u0107, mo\u017cemy ustali\u0107 dat\u0119 i miejsce.<\/p>\n<p>Je\u015bli zdecydujesz si\u0119 wyj\u015b\u0107 z kim\u015b, mo\u017cesz rozmawia\u0107 z nim za po\u015brednictwem wiadomo\u015bci tekstowych lub po\u0142\u0105cze\u0144 wideo. Nie ma presji, aby si\u0119 spotka\u0107. Mo\u017cesz tak\u017ce wysy\u0142a\u0107 prezenty, kwiaty, czekoladki i wiele innych. Istnieje wiele funkcji w tej aplikacji, w tym mo\u017cliwo\u015b\u0107 nawi\u0105zywania przyja\u017ani, znajdowania dat, przegl\u0105dania profili i przegl\u0105dania wzajemnych dopasowa\u0144. Mo\u017cesz tak\u017ce zablokowa\u0107 niekt\u00f3rych u\u017cytkownik\u00f3w.<\/p>\n<h2>Jej<\/h2>\n<p>HER to najwi\u0119ksza na \u015bwiecie bezp\u0142atna aplikacja randkowa dla lesbijek i kobiet biseksualnych. Z ponad 50 milionami cz\u0142onk\u00f3w na ca\u0142ym \u015bwiecie, nie brakuje opcji. Ale co sprawia, \u017ce ONA wyr\u00f3\u017cnia si\u0119 z t\u0142umu? Oto trzy powody, dla kt\u00f3rych to kochamy.<\/p>\n<h3>Lokalne wydarzenia i aktualno\u015bci<\/h3>\n<p>Aplikacja udost\u0119pnia wiadomo\u015bci LGBTQ +, w tym lokalne wydarzenia i bezpieczne przestrzenie, w kt\u00f3rych mo\u017cna spotka\u0107 ludzi w pobli\u017cu. Mo\u017cesz nawet znale\u017a\u0107 wydarzenia w pobli\u017cu miejsc takich jak bary i kluby, co u\u0142atwia znalezienie daty.<\/p>\n<h3>Bezpieczne przestrzenie<\/h3>\n<p>Je\u015bli chcesz i\u015b\u0107 na randk\u0119, nie martwi\u0105c si\u0119 o to, \u017ce b\u0119dziesz n\u0119kany, atakowany lub dyskryminowany, HER zapewnia bezpieczn\u0105 przestrze\u0144 dla wszystkich. Podobnie jak w prawdziwym \u017cyciu, nie musisz si\u0119 martwi\u0107, \u017ce b\u0119dziesz musia\u0142 &#8222;wyj\u015b\u0107&#8221; do kogo\u015b. Je\u015bli denerwujesz si\u0119 spotkaniem z kim\u015b nowym, po prostu porozmawiaj z innymi online lub popro\u015b znajomego, aby Ci\u0119 przedstawi\u0142.<\/p>\n<h3>Wyszukiwarka tr\u00f3jkom<\/h3>\n<p>Wiesz, jak czasami czujesz, \u017ce naprawd\u0119 chcia\u0142by\u015b spr\u00f3bowa\u0107 czego\u015b innego? C\u00f3\u017c, mo\u017cesz to zrobi\u0107 tutaj. Podczas gdy wi\u0119kszo\u015b\u0107 aplikacji wymaga wyra\u017anego stwierdzenia, \u017ce chcesz si\u0119 po\u0142\u0105czy\u0107, HER pozwala ustawi\u0107 daty z innymi osobami na podstawie wsp\u00f3lnych zainteresowa\u0144. W ten spos\u00f3b nikt nie zostaje pomini\u0119ty.<\/p>\n","protected":false},"excerpt":{"rendered":"<p>Kiedy szukasz dobrej aplikacji do pod\u0142\u0105czania, potrzebujesz czego\u015b, co daje dost\u0119p do wielu r\u00f3\u017cnych os\u00f3b. Niekoniecznie chcesz p\u0142aci\u0107 za ka\u017cd\u0105 osob\u0119, kt\u00f3r\u0105 spotykasz. Oto nasze &hellip; <\/p>\n","protected":false},"author":1,"featured_media":88,"parent":0,"menu_order":0,"comment_status":"closed","ping_status":"closed","template":"","meta":[],"yoast_head":"<!-- This site is optimized with the Yoast SEO plugin v17.7.1 - https:\/\/yoast.com\/wordpress\/plugins\/seo\/ -->\n<title>Randki LGBT+ - Jerk Dating<\/title>\n<meta name=\"robots\" content=\"index, follow, max-snippet:-1, max-image-preview:large, max-video-preview:-1\" \/>\n<link rel=\"canonical\" href=\"https:\/\/mamasjerkstation.com\/pl\/randki-lgbt\/\" \/>\n<meta property=\"og:locale\" content=\"pl_PL\" \/>\n<meta property=\"og:type\" content=\"article\" \/>\n<meta property=\"og:title\" content=\"Randki LGBT+ - Jerk Dating\" \/>\n<meta property=\"og:description\" content=\"Kiedy szukasz dobrej aplikacji do pod\u0142\u0105czania, potrzebujesz czego\u015b, co daje dost\u0119p do wielu r\u00f3\u017cnych os\u00f3b. Niekoniecznie chcesz p\u0142aci\u0107 za ka\u017cd\u0105 osob\u0119, kt\u00f3r\u0105 spotykasz. Oto nasze &hellip;\" \/>\n<meta property=\"og:url\" content=\"https:\/\/mamasjerkstation.com\/pl\/randki-lgbt\/\" \/>\n<meta property=\"og:site_name\" content=\"Jerk Dating\" \/>\n<meta property=\"og:image\" content=\"https:\/\/mamasjerkstation.com\/wp-content\/uploads\/2022\/08\/cam-sites.jpeg\" \/>\n\t<meta property=\"og:image:width\" content=\"1125\" \/>\n\t<meta property=\"og:image:height\" content=\"750\" \/>\n<meta name=\"twitter:card\" content=\"summary_large_image\" \/>\n<meta name=\"twitter:label1\" content=\"Szacowany czas czytania\" \/>\n\t<meta name=\"twitter:data1\" content=\"4 minuty\" \/>\n<script type=\"application\/ld+json\" class=\"yoast-schema-graph\">{\"@context\":\"https:\/\/schema.org\",\"@graph\":[{\"@type\":\"WebSite\",\"@id\":\"https:\/\/mamasjerkstation.com\/#website\",\"url\":\"https:\/\/mamasjerkstation.com\/\",\"name\":\"Jerk Dating\",\"description\":\"Online Sex Websites\",\"potentialAction\":[{\"@type\":\"SearchAction\",\"target\":{\"@type\":\"EntryPoint\",\"urlTemplate\":\"https:\/\/mamasjerkstation.com\/?s={search_term_string}\"},\"query-input\":\"required name=search_term_string\"}],\"inLanguage\":\"pl-PL\"},{\"@type\":\"ImageObject\",\"@id\":\"https:\/\/mamasjerkstation.com\/pl\/randki-lgbt\/#primaryimage\",\"inLanguage\":\"pl-PL\",\"url\":\"https:\/\/mamasjerkstation.com\/wp-content\/uploads\/2022\/08\/cam-sites.jpeg\",\"contentUrl\":\"https:\/\/mamasjerkstation.com\/wp-content\/uploads\/2022\/08\/cam-sites.jpeg\",\"width\":1125,\"height\":750},{\"@type\":\"WebPage\",\"@id\":\"https:\/\/mamasjerkstation.com\/pl\/randki-lgbt\/#webpage\",\"url\":\"https:\/\/mamasjerkstation.com\/pl\/randki-lgbt\/\",\"name\":\"Randki LGBT+ - Jerk Dating\",\"isPartOf\":{\"@id\":\"https:\/\/mamasjerkstation.com\/#website\"},\"primaryImageOfPage\":{\"@id\":\"https:\/\/mamasjerkstation.com\/pl\/randki-lgbt\/#primaryimage\"},\"datePublished\":\"2022-08-19T17:51:33+00:00\",\"dateModified\":\"2022-08-19T17:51:33+00:00\",\"breadcrumb\":{\"@id\":\"https:\/\/mamasjerkstation.com\/pl\/randki-lgbt\/#breadcrumb\"},\"inLanguage\":\"pl-PL\",\"potentialAction\":[{\"@type\":\"ReadAction\",\"target\":[\"https:\/\/mamasjerkstation.com\/pl\/randki-lgbt\/\"]}]},{\"@type\":\"BreadcrumbList\",\"@id\":\"https:\/\/mamasjerkstation.com\/pl\/randki-lgbt\/#breadcrumb\",\"itemListElement\":[{\"@type\":\"ListItem\",\"position\":1,\"name\":\"Home\",\"item\":\"https:\/\/mamasjerkstation.com\/pl\/\"},{\"@type\":\"ListItem\",\"position\":2,\"name\":\"Randki LGBT+\"}]}]}<\/script>\n<!-- \/ Yoast SEO plugin. -->","yoast_head_json":{"title":"Randki LGBT+ - Jerk Dating","robots":{"index":"index","follow":"follow","max-snippet":"max-snippet:-1","max-image-preview":"max-image-preview:large","max-video-preview":"max-video-preview:-1"},"canonical":"https:\/\/mamasjerkstation.com\/pl\/randki-lgbt\/","og_locale":"pl_PL","og_type":"article","og_title":"Randki LGBT+ - Jerk Dating","og_description":"Kiedy szukasz dobrej aplikacji do pod\u0142\u0105czania, potrzebujesz czego\u015b, co daje dost\u0119p do wielu r\u00f3\u017cnych os\u00f3b. Niekoniecznie chcesz p\u0142aci\u0107 za ka\u017cd\u0105 osob\u0119, kt\u00f3r\u0105 spotykasz. Oto nasze &hellip;","og_url":"https:\/\/mamasjerkstation.com\/pl\/randki-lgbt\/","og_site_name":"Jerk Dating","og_image":[{"width":1125,"height":750,"url":"https:\/\/mamasjerkstation.com\/wp-content\/uploads\/2022\/08\/cam-sites.jpeg","type":"image\/jpeg"}],"twitter_card":"summary_large_image","twitter_misc":{"Szacowany czas czytania":"4 minuty"},"schema":{"@context":"https:\/\/schema.org","@graph":[{"@type":"WebSite","@id":"https:\/\/mamasjerkstation.com\/#website","url":"https:\/\/mamasjerkstation.com\/","name":"Jerk Dating","description":"Online Sex Websites","potentialAction":[{"@type":"SearchAction","target":{"@type":"EntryPoint","urlTemplate":"https:\/\/mamasjerkstation.com\/?s={search_term_string}"},"query-input":"required name=search_term_string"}],"inLanguage":"pl-PL"},{"@type":"ImageObject","@id":"https:\/\/mamasjerkstation.com\/pl\/randki-lgbt\/#primaryimage","inLanguage":"pl-PL","url":"https:\/\/mamasjerkstation.com\/wp-content\/uploads\/2022\/08\/cam-sites.jpeg","contentUrl":"https:\/\/mamasjerkstation.com\/wp-content\/uploads\/2022\/08\/cam-sites.jpeg","width":1125,"height":750},{"@type":"WebPage","@id":"https:\/\/mamasjerkstation.com\/pl\/randki-lgbt\/#webpage","url":"https:\/\/mamasjerkstation.com\/pl\/randki-lgbt\/","name":"Randki LGBT+ - Jerk Dating","isPartOf":{"@id":"https:\/\/mamasjerkstation.com\/#website"},"primaryImageOfPage":{"@id":"https:\/\/mamasjerkstation.com\/pl\/randki-lgbt\/#primaryimage"},"datePublished":"2022-08-19T17:51:33+00:00","dateModified":"2022-08-19T17:51:33+00:00","breadcrumb":{"@id":"https:\/\/mamasjerkstation.com\/pl\/randki-lgbt\/#breadcrumb"},"inLanguage":"pl-PL","potentialAction":[{"@type":"ReadAction","target":["https:\/\/mamasjerkstation.com\/pl\/randki-lgbt\/"]}]},{"@type":"BreadcrumbList","@id":"https:\/\/mamasjerkstation.com\/pl\/randki-lgbt\/#breadcrumb","itemListElement":[{"@type":"ListItem","position":1,"name":"Home","item":"https:\/\/mamasjerkstation.com\/pl\/"},{"@type":"ListItem","position":2,"name":"Randki LGBT+"}]}]}},"_links":{"self":[{"href":"https:\/\/mamasjerkstation.com\/pl\/wp-json\/wp\/v2\/pages\/284"}],"collection":[{"href":"https:\/\/mamasjerkstation.com\/pl\/wp-json\/wp\/v2\/pages"}],"about":[{"href":"https:\/\/mamasjerkstation.com\/pl\/wp-json\/wp\/v2\/types\/page"}],"author":[{"embeddable":true,"href":"https:\/\/mamasjerkstation.com\/pl\/wp-json\/wp\/v2\/users\/1"}],"replies":[{"embeddable":true,"href":"https:\/\/mamasjerkstation.com\/pl\/wp-json\/wp\/v2\/comments?post=284"}],"version-history":[{"count":0,"href":"https:\/\/mamasjerkstation.com\/pl\/wp-json\/wp\/v2\/pages\/284\/revisions"}],"wp:featuredmedia":[{"embeddable":true,"href":"https:\/\/mamasjerkstation.com\/pl\/wp-json\/wp\/v2\/media\/88"}],"wp:attachment":[{"href":"https:\/\/mamasjerkstation.com\/pl\/wp-json\/wp\/v2\/media?parent=284"}],"curies":[{"name":"wp","href":"https:\/\/api.w.org\/{rel}","templated":true}]}}