{"id":269,"date":"2022-08-19T19:01:00","date_gmt":"2022-08-19T18:01:00","guid":{"rendered":"http:\/\/mamasjerkstation.com\/znajdz-przypadkowy-seks-w-poblizu\/"},"modified":"2022-08-19T19:01:00","modified_gmt":"2022-08-19T18:01:00","slug":"znajdz-przypadkowy-seks-w-poblizu","status":"publish","type":"page","link":"https:\/\/mamasjerkstation.com\/pl\/znajdz-przypadkowy-seks-w-poblizu\/","title":{"rendered":"Znajd\u017a przypadkowy seks w pobli\u017cu"},"content":{"rendered":"<p>Je\u015bli chcesz znale\u017a\u0107 przygodny seks w swojej okolicy, jest kilka rzeczy, kt\u00f3re prawdopodobnie b\u0119dziesz chcia\u0142 rozwa\u017cy\u0107. Po pierwsze, upewnij si\u0119, \u017ce wiesz, jakiego rodzaju do\u015bwiadczenia szukasz. Je\u015bli po prostu chcesz pozna\u0107 pieprzonego kumpla, przejd\u017a do jednej z wielu aplikacji randkowych.<\/p>\n<p>Zalecamy wypr\u00f3bowanie kilku r\u00f3\u017cnych witryn z naszej listy i sprawdzenie, kt\u00f3ra z nich dzia\u0142a dla Ciebie. Nikt nie chce sp\u0119dza\u0107 godzin na przesuwaniu nieko\u0144cz\u0105cych si\u0119 profili tylko po to, aby spotka\u0107 si\u0119 z nieznajomym. Zebrali\u015bmy wi\u0119c kilka wskaz\u00f3wek, kt\u00f3re pomog\u0105 Ci bezpiecznie porusza\u0107 si\u0119 po \u015bwiecie randek online.<\/p>\n<h2>Nasze najlepsze propozycje dla casual sex<\/h2>\n<p>Je\u015bli chcesz przebi\u0107 si\u0119 przez wszystkie \u015bmieci online za pomoc\u0105 <a href=\"http:\/\/mamasjerkstation.com\/pl\/porady-dotyczace-randek-z-cukrem\/\">aplikacji randkowych<\/a>, sugerujemy, aby\u015b spr\u00f3bowa\u0142 kilku z naszej listy. Pomog\u0105 Ci znale\u017a\u0107 rodzaj relacji, kt\u00f3r\u0105 chcesz.<\/p>\n<p>Podczas tworzenia tej listy wzi\u0119li\u015bmy pod uwag\u0119 osobiste do\u015bwiadczenia, opinie u\u017cytkownik\u00f3w, funkcje bezpiecze\u0144stwa \/ prywatno\u015bci i wiele wi\u0119cej.<\/p>\n<h3>Aff<\/h3>\n<p>AdultFriendFinder to najpopularniejszy serwis randkowy do znajdowania przypadkowych partner\u00f3w seksualnych. Strona istnieje od 1995 roku i ma ponad 40 milion\u00f3w cz\u0142onk\u00f3w na ca\u0142ym \u015bwiecie. Witryna oferuje bezp\u0142atne cz\u0142onkostwo, ale b\u0119dziesz chcia\u0142 uaktualni\u0107 do dost\u0119pu premium, aby zobaczy\u0107 wi\u0119cej profili i korzysta\u0107 z wi\u0119kszej liczby narz\u0119dzi, takich jak wiadomo\u015bci, pokoje rozm\u00f3w i filmy z kamery internetowej. Opr\u00f3cz standardowych informacji profilowych mo\u017cesz przesy\u0142a\u0107 zdj\u0119cia i filmy, dodawa\u0107 znajomych, wysy\u0142a\u0107 mrugni\u0119cia i przegl\u0105da\u0107 lokalne aukcje.<\/p>\n<p>Niezale\u017cnie od tego, czy chcesz um\u00f3wi\u0107 si\u0119 z kim\u015b, kto szuka mi\u0142o\u015bci, swingers\u00f3w, par, czy po prostu dobrej, staromodnej zabawy, AFF z pewno\u015bci\u0105 Ci pomo\u017ce.<\/p>\n<h3>Szuka<\/h3>\n<p>SeekingArrangement zosta\u0142o za\u0142o\u017cone w 2004 roku i obecnie ma ponad 20 milion\u00f3w zarejestrowanych u\u017cytkownik\u00f3w. Jego motto brzmi &#8222;Finding Love Online&#8221;. Jest skierowany do bogatych samotnych ludzi poszukuj\u0105cych d\u0142ugoterminowych zwi\u0105zk\u00f3w. P\u0142acisz miesi\u0119czn\u0105 op\u0142at\u0119, aby do\u0142\u0105czy\u0107 do witryny i mo\u017cesz wybra\u0107, czy szukasz przyja\u017ani, romansu, ma\u0142\u017ce\u0144stwa, czy czego\u015b zupe\u0142nie innego.<\/p>\n<p>Ta aplikacja randkowa zosta\u0142a zaprojektowana specjalnie dla tych, kt\u00f3rzy lubi\u0105 luksusowe randki. Je\u015bli jeste\u015b zainteresowany spotkaniem pi\u0119knych kobiet, kt\u00f3re s\u0105 gotowe wyda\u0107 na ciebie pieni\u0105dze, jest to najlepsze miejsce, aby je znale\u017a\u0107.<\/p>\n<p>Dobr\u0105 rzecz\u0105 w tej witrynie jest bezpiecze\u0144stwo, wszyscy cz\u0142onkowie musz\u0105 pokaza\u0107 identyfikator, aby do\u0142\u0105czy\u0107. Oznacza to, \u017ce b\u0119dziesz mie\u0107 mniej oszust\u00f3w korzystaj\u0105cych z platformy.<\/p>\n<h3>Szlifierka<\/h3>\n<p>Jest to sie\u0107 spo\u0142eczno\u015bciowa zaprojektowana specjalnie dla gej\u00f3w i biseksualnych m\u0119\u017cczyzn. Jest troch\u0119 inny ni\u017c inne witryny, poniewa\u017c nie pozwala u\u017cytkownikom znale\u017a\u0107 dat; zamiast tego koncentruje si\u0119 na pomaganiu im w poznawaniu potencjalnych romantycznych partner\u00f3w. Cz\u0142onkowie mog\u0105 ogl\u0105da\u0107 nawzajem swoje zdj\u0119cia i rozmawia\u0107 o sobie, swoich hobby i tym, co ich interesuje.<\/p>\n<h3>Czu\u0142y<\/h3>\n<p>Jest to queerowa aplikacja randkowa, kt\u00f3ra koncentruje si\u0119 na \u0142\u0105czeniu gej\u00f3w na ca\u0142ym \u015bwiecie. Jest podobny do Grindra, z tym wyj\u0105tkiem, \u017ce jest skierowany do tych, kt\u00f3rzy szukaj\u0105 przypadkowych po\u0142\u0105cze\u0144, a nie d\u0142ugoterminowych relacji. Feeld jest ca\u0142kowicie darmowy do pobrania i u\u017cywania, ale musisz zap\u0142aci\u0107 9,99 USD miesi\u0119cznie, aby odblokowa\u0107 dodatkowe funkcje, takie jak czaty grupowe, wydarzenia i ekskluzywne kluby.<\/p>\n<h3>HornySingles<\/h3>\n<p>HornySingles to bezp\u0142atna aplikacja randkowa online, w kt\u00f3rej ludzie mog\u0105 \u0142\u0105czy\u0107 si\u0119 w oparciu o wzajemne zainteresowania. Cz\u0142onkowie mog\u0105 przegl\u0105da\u0107 profile, wysy\u0142a\u0107 wiadomo\u015bci i nawi\u0105zywa\u0107 po\u0142\u0105czenia z innymi osobami w pobli\u017cu. U\u017cytkownicy mog\u0105 skonfigurowa\u0107 sw\u00f3j profil tak, aby zawiera\u0142 zdj\u0119cia, filmy i dodatkowe informacje o sobie. Nie ma \u017cadnych op\u0142at zwi\u0105zanych z cz\u0142onkostwem, dzi\u0119ki czemu jest to idealne rozwi\u0105zanie dla tych, kt\u00f3rzy chc\u0105 kogo\u015b pozna\u0107 bez konieczno\u015bci wydawania pieni\u0119dzy z g\u00f3ry.<\/p>\n<h2>Nasza rada dla Ciebie?<\/h2>\n<p>Pami\u0119taj, \u017ce niekt\u00f3re witryny s\u0105 ca\u0142kowicie bezp\u0142atne, podczas gdy inne maj\u0105 niewielk\u0105 liczb\u0119 funkcji premium. Wiele popularnych witryn, takich jak Tinder, OKCupid i Bumble, oferuje zar\u00f3wno wersje bezp\u0142atne, jak i p\u0142atne. Jednak niekt\u00f3re s\u0105 ca\u0142kowicie bezp\u0142atne (a inne s\u0105 bardziej ekskluzywne, jak Seeking). Musisz znale\u017a\u0107 odpowiedni dla siebie, zalecamy przetestowanie kilku z nich i zobaczenie, jak Ci si\u0119 podobaj\u0105.<\/p>\n","protected":false},"excerpt":{"rendered":"<p>Je\u015bli chcesz znale\u017a\u0107 przygodny seks w swojej okolicy, jest kilka rzeczy, kt\u00f3re prawdopodobnie b\u0119dziesz chcia\u0142 rozwa\u017cy\u0107. Po pierwsze, upewnij si\u0119, \u017ce wiesz, jakiego rodzaju do\u015bwiadczenia &hellip; <\/p>\n","protected":false},"author":1,"featured_media":193,"parent":0,"menu_order":0,"comment_status":"closed","ping_status":"closed","template":"","meta":[],"yoast_head":"<!-- This site is optimized with the Yoast SEO plugin v17.7.1 - https:\/\/yoast.com\/wordpress\/plugins\/seo\/ -->\n<title>Znajd\u017a przypadkowy seks w pobli\u017cu - Jerk Dating<\/title>\n<meta name=\"robots\" content=\"index, follow, max-snippet:-1, max-image-preview:large, max-video-preview:-1\" \/>\n<link rel=\"canonical\" href=\"https:\/\/mamasjerkstation.com\/pl\/znajdz-przypadkowy-seks-w-poblizu\/\" \/>\n<meta property=\"og:locale\" content=\"pl_PL\" \/>\n<meta property=\"og:type\" content=\"article\" \/>\n<meta property=\"og:title\" content=\"Znajd\u017a przypadkowy seks w pobli\u017cu - Jerk Dating\" \/>\n<meta property=\"og:description\" content=\"Je\u015bli chcesz znale\u017a\u0107 przygodny seks w swojej okolicy, jest kilka rzeczy, kt\u00f3re prawdopodobnie b\u0119dziesz chcia\u0142 rozwa\u017cy\u0107. Po pierwsze, upewnij si\u0119, \u017ce wiesz, jakiego rodzaju do\u015bwiadczenia &hellip;\" \/>\n<meta property=\"og:url\" content=\"https:\/\/mamasjerkstation.com\/pl\/znajdz-przypadkowy-seks-w-poblizu\/\" \/>\n<meta property=\"og:site_name\" content=\"Jerk Dating\" \/>\n<meta property=\"og:image\" content=\"http:\/\/mamasjerkstation.com\/wp-content\/uploads\/2022\/08\/casual-sex-dating-websites.jpeg\" \/>\n\t<meta property=\"og:image:width\" content=\"2094\" \/>\n\t<meta property=\"og:image:height\" content=\"1500\" \/>\n<meta name=\"twitter:card\" content=\"summary_large_image\" \/>\n<meta name=\"twitter:label1\" content=\"Szacowany czas czytania\" \/>\n\t<meta name=\"twitter:data1\" content=\"4 minuty\" \/>\n<script type=\"application\/ld+json\" class=\"yoast-schema-graph\">{\"@context\":\"https:\/\/schema.org\",\"@graph\":[{\"@type\":\"WebSite\",\"@id\":\"https:\/\/mamasjerkstation.com\/#website\",\"url\":\"https:\/\/mamasjerkstation.com\/\",\"name\":\"Jerk Dating\",\"description\":\"Online Sex Websites\",\"potentialAction\":[{\"@type\":\"SearchAction\",\"target\":{\"@type\":\"EntryPoint\",\"urlTemplate\":\"https:\/\/mamasjerkstation.com\/?s={search_term_string}\"},\"query-input\":\"required name=search_term_string\"}],\"inLanguage\":\"pl-PL\"},{\"@type\":\"ImageObject\",\"@id\":\"https:\/\/mamasjerkstation.com\/pl\/znajdz-przypadkowy-seks-w-poblizu\/#primaryimage\",\"inLanguage\":\"pl-PL\",\"url\":\"https:\/\/mamasjerkstation.com\/wp-content\/uploads\/2022\/08\/casual-sex-dating-websites.jpeg\",\"contentUrl\":\"https:\/\/mamasjerkstation.com\/wp-content\/uploads\/2022\/08\/casual-sex-dating-websites.jpeg\",\"width\":2094,\"height\":1500},{\"@type\":\"WebPage\",\"@id\":\"https:\/\/mamasjerkstation.com\/pl\/znajdz-przypadkowy-seks-w-poblizu\/#webpage\",\"url\":\"https:\/\/mamasjerkstation.com\/pl\/znajdz-przypadkowy-seks-w-poblizu\/\",\"name\":\"Znajd\\u017a przypadkowy seks w pobli\\u017cu - Jerk Dating\",\"isPartOf\":{\"@id\":\"https:\/\/mamasjerkstation.com\/#website\"},\"primaryImageOfPage\":{\"@id\":\"https:\/\/mamasjerkstation.com\/pl\/znajdz-przypadkowy-seks-w-poblizu\/#primaryimage\"},\"datePublished\":\"2022-08-19T18:01:00+00:00\",\"dateModified\":\"2022-08-19T18:01:00+00:00\",\"breadcrumb\":{\"@id\":\"https:\/\/mamasjerkstation.com\/pl\/znajdz-przypadkowy-seks-w-poblizu\/#breadcrumb\"},\"inLanguage\":\"pl-PL\",\"potentialAction\":[{\"@type\":\"ReadAction\",\"target\":[\"https:\/\/mamasjerkstation.com\/pl\/znajdz-przypadkowy-seks-w-poblizu\/\"]}]},{\"@type\":\"BreadcrumbList\",\"@id\":\"https:\/\/mamasjerkstation.com\/pl\/znajdz-przypadkowy-seks-w-poblizu\/#breadcrumb\",\"itemListElement\":[{\"@type\":\"ListItem\",\"position\":1,\"name\":\"Home\",\"item\":\"http:\/\/mamasjerkstation.com\/pl\/\"},{\"@type\":\"ListItem\",\"position\":2,\"name\":\"Znajd\\u017a przypadkowy seks w pobli\\u017cu\"}]}]}<\/script>\n<!-- \/ Yoast SEO plugin. -->","yoast_head_json":{"title":"Znajd\u017a przypadkowy seks w pobli\u017cu - Jerk Dating","robots":{"index":"index","follow":"follow","max-snippet":"max-snippet:-1","max-image-preview":"max-image-preview:large","max-video-preview":"max-video-preview:-1"},"canonical":"https:\/\/mamasjerkstation.com\/pl\/znajdz-przypadkowy-seks-w-poblizu\/","og_locale":"pl_PL","og_type":"article","og_title":"Znajd\u017a przypadkowy seks w pobli\u017cu - Jerk Dating","og_description":"Je\u015bli chcesz znale\u017a\u0107 przygodny seks w swojej okolicy, jest kilka rzeczy, kt\u00f3re prawdopodobnie b\u0119dziesz chcia\u0142 rozwa\u017cy\u0107. Po pierwsze, upewnij si\u0119, \u017ce wiesz, jakiego rodzaju do\u015bwiadczenia &hellip;","og_url":"https:\/\/mamasjerkstation.com\/pl\/znajdz-przypadkowy-seks-w-poblizu\/","og_site_name":"Jerk Dating","og_image":[{"width":2094,"height":1500,"url":"http:\/\/mamasjerkstation.com\/wp-content\/uploads\/2022\/08\/casual-sex-dating-websites.jpeg","type":"image\/jpeg"}],"twitter_card":"summary_large_image","twitter_misc":{"Szacowany czas czytania":"4 minuty"},"schema":{"@context":"https:\/\/schema.org","@graph":[{"@type":"WebSite","@id":"https:\/\/mamasjerkstation.com\/#website","url":"https:\/\/mamasjerkstation.com\/","name":"Jerk Dating","description":"Online Sex Websites","potentialAction":[{"@type":"SearchAction","target":{"@type":"EntryPoint","urlTemplate":"https:\/\/mamasjerkstation.com\/?s={search_term_string}"},"query-input":"required name=search_term_string"}],"inLanguage":"pl-PL"},{"@type":"ImageObject","@id":"https:\/\/mamasjerkstation.com\/pl\/znajdz-przypadkowy-seks-w-poblizu\/#primaryimage","inLanguage":"pl-PL","url":"https:\/\/mamasjerkstation.com\/wp-content\/uploads\/2022\/08\/casual-sex-dating-websites.jpeg","contentUrl":"https:\/\/mamasjerkstation.com\/wp-content\/uploads\/2022\/08\/casual-sex-dating-websites.jpeg","width":2094,"height":1500},{"@type":"WebPage","@id":"https:\/\/mamasjerkstation.com\/pl\/znajdz-przypadkowy-seks-w-poblizu\/#webpage","url":"https:\/\/mamasjerkstation.com\/pl\/znajdz-przypadkowy-seks-w-poblizu\/","name":"Znajd\u017a przypadkowy seks w pobli\u017cu - Jerk Dating","isPartOf":{"@id":"https:\/\/mamasjerkstation.com\/#website"},"primaryImageOfPage":{"@id":"https:\/\/mamasjerkstation.com\/pl\/znajdz-przypadkowy-seks-w-poblizu\/#primaryimage"},"datePublished":"2022-08-19T18:01:00+00:00","dateModified":"2022-08-19T18:01:00+00:00","breadcrumb":{"@id":"https:\/\/mamasjerkstation.com\/pl\/znajdz-przypadkowy-seks-w-poblizu\/#breadcrumb"},"inLanguage":"pl-PL","potentialAction":[{"@type":"ReadAction","target":["https:\/\/mamasjerkstation.com\/pl\/znajdz-przypadkowy-seks-w-poblizu\/"]}]},{"@type":"BreadcrumbList","@id":"https:\/\/mamasjerkstation.com\/pl\/znajdz-przypadkowy-seks-w-poblizu\/#breadcrumb","itemListElement":[{"@type":"ListItem","position":1,"name":"Home","item":"http:\/\/mamasjerkstation.com\/pl\/"},{"@type":"ListItem","position":2,"name":"Znajd\u017a przypadkowy seks w pobli\u017cu"}]}]}},"_links":{"self":[{"href":"https:\/\/mamasjerkstation.com\/pl\/wp-json\/wp\/v2\/pages\/269"}],"collection":[{"href":"https:\/\/mamasjerkstation.com\/pl\/wp-json\/wp\/v2\/pages"}],"about":[{"href":"https:\/\/mamasjerkstation.com\/pl\/wp-json\/wp\/v2\/types\/page"}],"author":[{"embeddable":true,"href":"https:\/\/mamasjerkstation.com\/pl\/wp-json\/wp\/v2\/users\/1"}],"replies":[{"embeddable":true,"href":"https:\/\/mamasjerkstation.com\/pl\/wp-json\/wp\/v2\/comments?post=269"}],"version-history":[{"count":0,"href":"https:\/\/mamasjerkstation.com\/pl\/wp-json\/wp\/v2\/pages\/269\/revisions"}],"wp:featuredmedia":[{"embeddable":true,"href":"https:\/\/mamasjerkstation.com\/pl\/wp-json\/wp\/v2\/media\/193"}],"wp:attachment":[{"href":"https:\/\/mamasjerkstation.com\/pl\/wp-json\/wp\/v2\/media?parent=269"}],"curies":[{"name":"wp","href":"https:\/\/api.w.org\/{rel}","templated":true}]}}