{"id":259,"date":"2022-08-19T19:23:43","date_gmt":"2022-08-19T18:23:43","guid":{"rendered":"http:\/\/mamasjerkstation.com\/porady-dotyczace-randek-z-cukrem\/"},"modified":"2022-08-19T19:23:43","modified_gmt":"2022-08-19T18:23:43","slug":"porady-dotyczace-randek-z-cukrem","status":"publish","type":"page","link":"https:\/\/mamasjerkstation.com\/pl\/porady-dotyczace-randek-z-cukrem\/","title":{"rendered":"Porady dotycz\u0105ce randek z cukrem"},"content":{"rendered":"<h2>Jeste\u015b singlem i szukasz Sugar Daddy?<\/h2>\n<p>W Internecie s\u0105 tysi\u0105ce m\u0119\u017cczyzn, kt\u00f3rzy s\u0105 gotowi zap\u0142aci\u0107 za seks. Nazywaj\u0105 siebie &#8222;Sugar Daddies&#8221;.<\/p>\n<p>Wygl\u0105da na to, \u017ce ka\u017cdy m\u0119\u017cczyzna chce by\u0107 Sugar Daddy. Dlaczego? Poniewa\u017c sprawia, \u017ce czuje, \u017ce ma moc. Wybiera <a href=\"http:\/\/mamasjerkstation.com\/pl\/jak-sext-i-rozmawiac-z-dziewczynami\/\">swoj\u0105 kobiet\u0119<\/a> i m\u00f3wi jej, co ma robi\u0107. Robi wszystko, co m\u00f3wi.<\/p>\n<p>W zamian daje mu seks. A je\u015bli j\u0105 lubi, mo\u017ce te\u017c da\u0107 jej prezenty.<\/p>\n<p>Czy jeste\u015b zainteresowany randk\u0105 z Sugar Daddy? Je\u015bli tak, przeczytaj uwa\u017cnie ten artyku\u0142. Oto kilka wskaz\u00f3wek, kt\u00f3re pomog\u0105 Ci znale\u017a\u0107 Sugar Daddy.<\/p>\n<h3>Wiedz, czego chcesz<\/h3>\n<p>Zanim zaczniesz szuka\u0107 Sugar Daddy, musisz dok\u0142adnie wiedzie\u0107, czego chcesz. Czy chcesz mie\u0107 z nim zwi\u0105zek? Chcesz sp\u0119dzi\u0107 razem czas? Chcesz z nim podr\u00f3\u017cowa\u0107?<\/p>\n<p>Czy chcesz si\u0119 z nim o\u017ceni\u0107?<\/p>\n<p>Te pytania pomog\u0105 Ci okre\u015bli\u0107, czy chcesz Sugar Daddy czy Sugar Baby.<\/p>\n<h3>B\u0105d\u017a sob\u0105<\/h3>\n<p>B\u0105d\u017a sob\u0105. Nie udawaj, \u017ce jeste\u015b kim\u015b innym. Mo\u017ce si\u0119 to wydawa\u0107 oczywiste, ale wi\u0119kszo\u015b\u0107 m\u0119\u017cczyzn nie chce umawia\u0107 si\u0119 z fa\u0142szyw\u0105 osob\u0105. Chc\u0105 umawia\u0107 si\u0119 z prawdziwymi kobietami.<\/p>\n<h3>Znajd\u017a kogo\u015b, kto ma podobne zainteresowania<\/h3>\n<p>Znajd\u017a kogo\u015b, kto ma podobne zainteresowania. Na przyk\u0142ad, je\u015bli lubisz sport, znajd\u017a m\u0119\u017cczyzn\u0119, kt\u00f3ry r\u00f3wnie\u017c lubi sport.<\/p>\n<p>To da ci wsp\u00f3ln\u0105 p\u0142aszczyzn\u0119 do rozmowy. A m\u00f3wienie o rzeczach, kt\u00f3re dzielisz, pomo\u017ce ci szybko si\u0119 zwi\u0105za\u0107.<\/p>\n<h3>Zapytaj go o jego rodzin\u0119<\/h3>\n<p>Zapytaj go o jego rodzin\u0119. Ile lat ma jego matka? Czy nadal mieszka z nim\/jego rodzicami?<\/p>\n<p>Czy ma rodze\u0144stwo?<\/p>\n<h2>FAQ<\/h2>\n<h3>Co NSA ma na my\u015bli w randkach z cukrem?<\/h3>\n<p>NSA oznacza No Strings Attached. Oznacza to, \u017ce nie musisz si\u0119 martwi\u0107 o wej\u015bcie w jakikolwiek zwi\u0105zek. Sugar dating to \u015bwietny spos\u00f3b na poznanie nowych ludzi, kt\u00f3rzy maj\u0105 podobne zainteresowania.<\/p>\n<h3>Jak zosta\u0107 CUKROWYM DZIECKIEM NSA lub tat\u0105?<\/h3>\n<p>Je\u015bli chcesz by\u0107 cukrowym dzieckiem lub tat\u0105, musisz wiedzie\u0107, jak je znale\u017a\u0107. Najlepszym sposobem na to jest aplikacja randkowa, taka jak Tinder. Gdy znajdziesz kogo\u015b, kto wydaje si\u0119 interesuj\u0105cy, popro\u015b o jego numer i zadzwo\u0144 do niego. Jest to najprostszy spos\u00f3b, aby zacz\u0105\u0107 rozmawia\u0107 z cukrowym dzieckiem lub tat\u0105.<\/p>\n<h3>Co to jest relacja NSA i jak dzia\u0142a?<\/h3>\n<p>Zwi\u0105zek NSA ma miejsce, gdy dwoje ludzi spotyka si\u0119 po raz pierwszy i oboje znaj\u0105 si\u0119 z poprzednich spotka\u0144. Osoba, kt\u00f3ra inicjuje spotkanie, nazywa si\u0119 NSA (New Spouse). Termin ten zosta\u0142 ukuty przez komika Jerry&#8217;ego Seinfelda w jego ksi\u0105\u017cce &#8222;The Marriage Ref&#8221;, w kt\u00f3rej opisuje proces znajdowania mi\u0142o\u015bci.<\/p>\n<h3>Co to jest cukrowy tatu\u015b?<\/h3>\n<p>Sugar Daddy to kto\u015b, kto pomaga swojej dziewczynie finansowo. Ta osoba zwykle ma pieni\u0105dze i chce jej pom\u00f3c. Mo\u017ce by\u0107 r\u00f3wnie\u017c sk\u0142onny da\u0107 jej prezenty, takie jak drogie obiady i \u015bwi\u0119ta. Zwi\u0105zek mi\u0119dzy tymi dwiema stronami jest cz\u0119sto romantyczny, chocia\u017c niekt\u00f3rzy cukrowi tatusiowie nie chc\u0105 \u017cadnych kontakt\u00f3w seksualnych.<\/p>\n","protected":false},"excerpt":{"rendered":"<p>Jeste\u015b singlem i szukasz Sugar Daddy? W Internecie s\u0105 tysi\u0105ce m\u0119\u017cczyzn, kt\u00f3rzy s\u0105 gotowi zap\u0142aci\u0107 za seks. Nazywaj\u0105 siebie &#8222;Sugar Daddies&#8221;. Wygl\u0105da na to, \u017ce &hellip; <\/p>\n","protected":false},"author":1,"featured_media":208,"parent":0,"menu_order":0,"comment_status":"closed","ping_status":"closed","template":"","meta":[],"yoast_head":"<!-- This site is optimized with the Yoast SEO plugin v17.7.1 - https:\/\/yoast.com\/wordpress\/plugins\/seo\/ -->\n<title>Porady dotycz\u0105ce randek z cukrem: Become a Sugar Daddy - Jerk Dating<\/title>\n<meta name=\"robots\" content=\"index, follow, max-snippet:-1, max-image-preview:large, max-video-preview:-1\" \/>\n<link rel=\"canonical\" href=\"https:\/\/mamasjerkstation.com\/pl\/porady-dotyczace-randek-z-cukrem\/\" \/>\n<meta property=\"og:locale\" content=\"pl_PL\" \/>\n<meta property=\"og:type\" content=\"article\" \/>\n<meta property=\"og:title\" content=\"Porady dotycz\u0105ce randek z cukrem: Become a Sugar Daddy - Jerk Dating\" \/>\n<meta property=\"og:description\" content=\"Jeste\u015b singlem i szukasz Sugar Daddy? W Internecie s\u0105 tysi\u0105ce m\u0119\u017cczyzn, kt\u00f3rzy s\u0105 gotowi zap\u0142aci\u0107 za seks. Nazywaj\u0105 siebie &#8222;Sugar Daddies&#8221;. Wygl\u0105da na to, \u017ce &hellip;\" \/>\n<meta property=\"og:url\" content=\"https:\/\/mamasjerkstation.com\/pl\/porady-dotyczace-randek-z-cukrem\/\" \/>\n<meta property=\"og:site_name\" content=\"Jerk Dating\" \/>\n<meta name=\"twitter:card\" content=\"summary_large_image\" \/>\n<meta name=\"twitter:image\" content=\"https:\/\/mamasjerkstation.com\/wp-content\/uploads\/2022\/08\/match-making.webp\" \/>\n<meta name=\"twitter:label1\" content=\"Szacowany czas czytania\" \/>\n\t<meta name=\"twitter:data1\" content=\"3 minuty\" \/>\n<script type=\"application\/ld+json\" class=\"yoast-schema-graph\">{\"@context\":\"https:\/\/schema.org\",\"@graph\":[{\"@type\":\"WebSite\",\"@id\":\"https:\/\/mamasjerkstation.com\/#website\",\"url\":\"https:\/\/mamasjerkstation.com\/\",\"name\":\"Jerk Dating\",\"description\":\"Online Sex Websites\",\"potentialAction\":[{\"@type\":\"SearchAction\",\"target\":{\"@type\":\"EntryPoint\",\"urlTemplate\":\"https:\/\/mamasjerkstation.com\/?s={search_term_string}\"},\"query-input\":\"required name=search_term_string\"}],\"inLanguage\":\"pl-PL\"},{\"@type\":\"ImageObject\",\"@id\":\"https:\/\/mamasjerkstation.com\/pl\/porady-dotyczace-randek-z-cukrem\/#primaryimage\",\"inLanguage\":\"pl-PL\",\"url\":\"https:\/\/mamasjerkstation.com\/wp-content\/uploads\/2022\/08\/match-making.webp\",\"contentUrl\":\"https:\/\/mamasjerkstation.com\/wp-content\/uploads\/2022\/08\/match-making.webp\",\"width\":1125,\"height\":750},{\"@type\":\"WebPage\",\"@id\":\"https:\/\/mamasjerkstation.com\/pl\/porady-dotyczace-randek-z-cukrem\/#webpage\",\"url\":\"https:\/\/mamasjerkstation.com\/pl\/porady-dotyczace-randek-z-cukrem\/\",\"name\":\"Porady dotycz\\u0105ce randek z cukrem: Become a Sugar Daddy - Jerk Dating\",\"isPartOf\":{\"@id\":\"https:\/\/mamasjerkstation.com\/#website\"},\"primaryImageOfPage\":{\"@id\":\"https:\/\/mamasjerkstation.com\/pl\/porady-dotyczace-randek-z-cukrem\/#primaryimage\"},\"datePublished\":\"2022-08-19T18:23:43+00:00\",\"dateModified\":\"2022-08-19T18:23:43+00:00\",\"breadcrumb\":{\"@id\":\"https:\/\/mamasjerkstation.com\/pl\/porady-dotyczace-randek-z-cukrem\/#breadcrumb\"},\"inLanguage\":\"pl-PL\",\"potentialAction\":[{\"@type\":\"ReadAction\",\"target\":[\"https:\/\/mamasjerkstation.com\/pl\/porady-dotyczace-randek-z-cukrem\/\"]}]},{\"@type\":\"BreadcrumbList\",\"@id\":\"https:\/\/mamasjerkstation.com\/pl\/porady-dotyczace-randek-z-cukrem\/#breadcrumb\",\"itemListElement\":[{\"@type\":\"ListItem\",\"position\":1,\"name\":\"Home\",\"item\":\"http:\/\/mamasjerkstation.com\/pl\/\"},{\"@type\":\"ListItem\",\"position\":2,\"name\":\"Porady dotycz\\u0105ce randek z cukrem\"}]}]}<\/script>\n<!-- \/ Yoast SEO plugin. -->","yoast_head_json":{"title":"Porady dotycz\u0105ce randek z cukrem: Become a Sugar Daddy - Jerk Dating","robots":{"index":"index","follow":"follow","max-snippet":"max-snippet:-1","max-image-preview":"max-image-preview:large","max-video-preview":"max-video-preview:-1"},"canonical":"https:\/\/mamasjerkstation.com\/pl\/porady-dotyczace-randek-z-cukrem\/","og_locale":"pl_PL","og_type":"article","og_title":"Porady dotycz\u0105ce randek z cukrem: Become a Sugar Daddy - Jerk Dating","og_description":"Jeste\u015b singlem i szukasz Sugar Daddy? W Internecie s\u0105 tysi\u0105ce m\u0119\u017cczyzn, kt\u00f3rzy s\u0105 gotowi zap\u0142aci\u0107 za seks. Nazywaj\u0105 siebie &#8222;Sugar Daddies&#8221;. Wygl\u0105da na to, \u017ce &hellip;","og_url":"https:\/\/mamasjerkstation.com\/pl\/porady-dotyczace-randek-z-cukrem\/","og_site_name":"Jerk Dating","twitter_card":"summary_large_image","twitter_image":"https:\/\/mamasjerkstation.com\/wp-content\/uploads\/2022\/08\/match-making.webp","twitter_misc":{"Szacowany czas czytania":"3 minuty"},"schema":{"@context":"https:\/\/schema.org","@graph":[{"@type":"WebSite","@id":"https:\/\/mamasjerkstation.com\/#website","url":"https:\/\/mamasjerkstation.com\/","name":"Jerk Dating","description":"Online Sex Websites","potentialAction":[{"@type":"SearchAction","target":{"@type":"EntryPoint","urlTemplate":"https:\/\/mamasjerkstation.com\/?s={search_term_string}"},"query-input":"required name=search_term_string"}],"inLanguage":"pl-PL"},{"@type":"ImageObject","@id":"https:\/\/mamasjerkstation.com\/pl\/porady-dotyczace-randek-z-cukrem\/#primaryimage","inLanguage":"pl-PL","url":"https:\/\/mamasjerkstation.com\/wp-content\/uploads\/2022\/08\/match-making.webp","contentUrl":"https:\/\/mamasjerkstation.com\/wp-content\/uploads\/2022\/08\/match-making.webp","width":1125,"height":750},{"@type":"WebPage","@id":"https:\/\/mamasjerkstation.com\/pl\/porady-dotyczace-randek-z-cukrem\/#webpage","url":"https:\/\/mamasjerkstation.com\/pl\/porady-dotyczace-randek-z-cukrem\/","name":"Porady dotycz\u0105ce randek z cukrem: Become a Sugar Daddy - Jerk Dating","isPartOf":{"@id":"https:\/\/mamasjerkstation.com\/#website"},"primaryImageOfPage":{"@id":"https:\/\/mamasjerkstation.com\/pl\/porady-dotyczace-randek-z-cukrem\/#primaryimage"},"datePublished":"2022-08-19T18:23:43+00:00","dateModified":"2022-08-19T18:23:43+00:00","breadcrumb":{"@id":"https:\/\/mamasjerkstation.com\/pl\/porady-dotyczace-randek-z-cukrem\/#breadcrumb"},"inLanguage":"pl-PL","potentialAction":[{"@type":"ReadAction","target":["https:\/\/mamasjerkstation.com\/pl\/porady-dotyczace-randek-z-cukrem\/"]}]},{"@type":"BreadcrumbList","@id":"https:\/\/mamasjerkstation.com\/pl\/porady-dotyczace-randek-z-cukrem\/#breadcrumb","itemListElement":[{"@type":"ListItem","position":1,"name":"Home","item":"http:\/\/mamasjerkstation.com\/pl\/"},{"@type":"ListItem","position":2,"name":"Porady dotycz\u0105ce randek z cukrem"}]}]}},"_links":{"self":[{"href":"https:\/\/mamasjerkstation.com\/pl\/wp-json\/wp\/v2\/pages\/259"}],"collection":[{"href":"https:\/\/mamasjerkstation.com\/pl\/wp-json\/wp\/v2\/pages"}],"about":[{"href":"https:\/\/mamasjerkstation.com\/pl\/wp-json\/wp\/v2\/types\/page"}],"author":[{"embeddable":true,"href":"https:\/\/mamasjerkstation.com\/pl\/wp-json\/wp\/v2\/users\/1"}],"replies":[{"embeddable":true,"href":"https:\/\/mamasjerkstation.com\/pl\/wp-json\/wp\/v2\/comments?post=259"}],"version-history":[{"count":0,"href":"https:\/\/mamasjerkstation.com\/pl\/wp-json\/wp\/v2\/pages\/259\/revisions"}],"wp:featuredmedia":[{"embeddable":true,"href":"https:\/\/mamasjerkstation.com\/pl\/wp-json\/wp\/v2\/media\/208"}],"wp:attachment":[{"href":"https:\/\/mamasjerkstation.com\/pl\/wp-json\/wp\/v2\/media?parent=259"}],"curies":[{"name":"wp","href":"https:\/\/api.w.org\/{rel}","templated":true}]}}