{"id":334,"date":"2022-08-19T18:41:19","date_gmt":"2022-08-19T17:41:19","guid":{"rendered":"http:\/\/mamasjerkstation.com\/chat-room-di-sesso\/"},"modified":"2022-08-19T18:41:19","modified_gmt":"2022-08-19T17:41:19","slug":"chat-room-di-sesso","status":"publish","type":"page","link":"https:\/\/mamasjerkstation.com\/it\/chat-room-di-sesso\/","title":{"rendered":"Chat room di sesso"},"content":{"rendered":"<p>Meet in Chat \u00e8 il posto migliore per trovare persone reali con cui parlare sporco online! Non crederai a quanto sia facile fare nuove amicizie qui e quanto sia divertente flirtare con estranei. Abbiamo centinaia di ragazze sexy in attesa di rispondere alle tue chiamate!<\/p>\n<p>Non sei mai troppo vecchio o troppo giovane per provare le nostre <a href=\"http:\/\/mamasjerkstation.com\/it\/le-migliori-app-di-appuntamenti-nel-2022-per-single\/\">chat room per adulti completamente gratuite<\/a>. Basta scegliere una delle categorie sopra, accedere alla stanza e iniziare a chattare!<\/p>\n<p>Non ci sono limiti a ci\u00f2 che puoi fare nelle nostre camere &#8211; basta chiederci qualsiasi cosa! Se vuoi saperne di pi\u00f9 sui giocattoli sessuali, possiamo aiutarti anche l\u00ec. Vuoi saperne di pi\u00f9 sulle tecniche del sesso orale? Chiedi a noi! Vuoi saperne di pi\u00f9 sul BDSM? Facci sapere! Amiamo parlare di tutto ci\u00f2 che \u00e8 stravagante!<\/p>\n<h2>Qual \u00e8 il miglior sito da utilizzare?<\/h2>\n<p>Sono sicuro che molti di noi non vedono l&#8217;ora di un futuro migliore in cui non dobbiamo pi\u00f9 pagare per il porno online. Ma solo perch\u00e9 ci sono molti grandi siti porno gratuiti l\u00e0 fuori non significa che trovarne uno che funzioni bene sia sempre facile. Quando stai cercando un sito premium che offra video di alta qualit\u00e0, cam girls e chat in webcam dal vivo, vuoi assicurarti di scegliere una fonte affidabile.<\/p>\n<h3>Chaturbate<\/h3>\n<p>Chaturbate \u00e8 uno dei siti di webcam pi\u00f9 popolari online. Se vuoi vedere alcuni video di sesso dal vivo, probabilmente lo conosci gi\u00e0. Ma lo sapevi che ci sono molti modi diversi per sfogliare le cam girl? Ecco tre semplici metodi.<\/p>\n<p>Ci sono migliaia di cam girl su Chaturbate, e ogni modello di solito ha diversi video clip in cui esegue determinati atti sessuali. Ad esempio, se vuoi guardarla masturbarsi, potresti guardare sotto la scheda &#8220;masturbazione&#8221;. Alcuni modelli hanno pi\u00f9 video di masturbazione, mentre altri ne hanno solo uno o due.<\/p>\n<h2>Devi pagare?<\/h2>\n<p>Tutti i siti \/ ragazze sopra elencati sono completamente liberi di navigare, quindi non dovrai preoccuparti di spendere soldi per il loro contenuto. Tuttavia, se preferisci sostenere le cam girls che ti piacciono, molte di loro accettano suggerimenti tramite PayPal. Questo rende pi\u00f9 facile inviare loro denaro direttamente dal tuo browser. Inoltre, molti dei siti offrono sconti per l&#8217;iscrizione agli abbonamenti premium. Ad esempio, puoi iscriverti a un abbonamento di prova di un mese per $ 1.99 al giorno oppure puoi diventare un membro VIP per $ 29.95 al mese.<\/p>\n<p>La maggior parte di questo avviene su siti di cam per adulti. Adult camming \u00e8 la pratica di impegnarsi in chat webcam tramite feed video in diretta. Questi tipi di webcam consentono alle persone di vedersi mentre parlano faccia a faccia. In effetti, la maggior parte delle persone utilizza i siti di cam perch\u00e9 non vuole dover pagare per le telefonate. Tuttavia, la pi\u00f9 grande differenza tra le normali chat room e i siti di cam \u00e8 che i siti di cam richiedono la registrazione. Oltre a fornire chat video gratuite, i siti di cam offrono spesso funzionalit\u00e0 aggiuntive come messaggistica istantanea, chat di testo ed e-mail. Ad esempio, Chaturbate offre chat video gratuite, trasmissioni in diretta e messaggistica istantanea. Un altro sito popolare, My Free Cams, offre chat video gratuite, chat audio e messaggistica istantanea.<\/p>\n","protected":false},"excerpt":{"rendered":"<p>Meet in Chat \u00e8 il posto migliore per trovare persone reali con cui parlare sporco online! Non crederai a quanto sia facile fare nuove amicizie &hellip; <\/p>\n","protected":false},"author":1,"featured_media":144,"parent":0,"menu_order":0,"comment_status":"closed","ping_status":"closed","template":"","meta":[],"yoast_head":"<!-- This site is optimized with the Yoast SEO plugin v17.7.1 - https:\/\/yoast.com\/wordpress\/plugins\/seo\/ -->\n<title>Chat room di sesso - Jerk Dating<\/title>\n<meta name=\"robots\" content=\"index, follow, max-snippet:-1, max-image-preview:large, max-video-preview:-1\" \/>\n<link rel=\"canonical\" href=\"https:\/\/mamasjerkstation.com\/it\/chat-room-di-sesso\/\" \/>\n<meta property=\"og:locale\" content=\"it_IT\" \/>\n<meta property=\"og:type\" content=\"article\" \/>\n<meta property=\"og:title\" content=\"Chat room di sesso - Jerk Dating\" \/>\n<meta property=\"og:description\" content=\"Meet in Chat \u00e8 il posto migliore per trovare persone reali con cui parlare sporco online! Non crederai a quanto sia facile fare nuove amicizie &hellip;\" \/>\n<meta property=\"og:url\" content=\"https:\/\/mamasjerkstation.com\/it\/chat-room-di-sesso\/\" \/>\n<meta property=\"og:site_name\" content=\"Jerk Dating\" \/>\n<meta property=\"og:image\" content=\"https:\/\/mamasjerkstation.com\/wp-content\/uploads\/2022\/08\/online-sex-sites.jpeg\" \/>\n\t<meta property=\"og:image:width\" content=\"2250\" \/>\n\t<meta property=\"og:image:height\" content=\"1500\" \/>\n<meta name=\"twitter:card\" content=\"summary_large_image\" \/>\n<meta name=\"twitter:label1\" content=\"Tempo di lettura stimato\" \/>\n\t<meta name=\"twitter:data1\" content=\"3 minuti\" \/>\n<script type=\"application\/ld+json\" class=\"yoast-schema-graph\">{\"@context\":\"https:\/\/schema.org\",\"@graph\":[{\"@type\":\"WebSite\",\"@id\":\"https:\/\/mamasjerkstation.com\/#website\",\"url\":\"https:\/\/mamasjerkstation.com\/\",\"name\":\"Jerk Dating\",\"description\":\"Online Sex Websites\",\"potentialAction\":[{\"@type\":\"SearchAction\",\"target\":{\"@type\":\"EntryPoint\",\"urlTemplate\":\"https:\/\/mamasjerkstation.com\/?s={search_term_string}\"},\"query-input\":\"required name=search_term_string\"}],\"inLanguage\":\"it-IT\"},{\"@type\":\"ImageObject\",\"@id\":\"https:\/\/mamasjerkstation.com\/it\/chat-room-di-sesso\/#primaryimage\",\"inLanguage\":\"it-IT\",\"url\":\"https:\/\/mamasjerkstation.com\/wp-content\/uploads\/2022\/08\/online-sex-sites.jpeg\",\"contentUrl\":\"https:\/\/mamasjerkstation.com\/wp-content\/uploads\/2022\/08\/online-sex-sites.jpeg\",\"width\":2250,\"height\":1500},{\"@type\":\"WebPage\",\"@id\":\"https:\/\/mamasjerkstation.com\/it\/chat-room-di-sesso\/#webpage\",\"url\":\"https:\/\/mamasjerkstation.com\/it\/chat-room-di-sesso\/\",\"name\":\"Chat room di sesso - Jerk Dating\",\"isPartOf\":{\"@id\":\"https:\/\/mamasjerkstation.com\/#website\"},\"primaryImageOfPage\":{\"@id\":\"https:\/\/mamasjerkstation.com\/it\/chat-room-di-sesso\/#primaryimage\"},\"datePublished\":\"2022-08-19T17:41:19+00:00\",\"dateModified\":\"2022-08-19T17:41:19+00:00\",\"breadcrumb\":{\"@id\":\"https:\/\/mamasjerkstation.com\/it\/chat-room-di-sesso\/#breadcrumb\"},\"inLanguage\":\"it-IT\",\"potentialAction\":[{\"@type\":\"ReadAction\",\"target\":[\"https:\/\/mamasjerkstation.com\/it\/chat-room-di-sesso\/\"]}]},{\"@type\":\"BreadcrumbList\",\"@id\":\"https:\/\/mamasjerkstation.com\/it\/chat-room-di-sesso\/#breadcrumb\",\"itemListElement\":[{\"@type\":\"ListItem\",\"position\":1,\"name\":\"Home\",\"item\":\"http:\/\/mamasjerkstation.com\/it\/\"},{\"@type\":\"ListItem\",\"position\":2,\"name\":\"Chat room di sesso\"}]}]}<\/script>\n<!-- \/ Yoast SEO plugin. -->","yoast_head_json":{"title":"Chat room di sesso - Jerk Dating","robots":{"index":"index","follow":"follow","max-snippet":"max-snippet:-1","max-image-preview":"max-image-preview:large","max-video-preview":"max-video-preview:-1"},"canonical":"https:\/\/mamasjerkstation.com\/it\/chat-room-di-sesso\/","og_locale":"it_IT","og_type":"article","og_title":"Chat room di sesso - Jerk Dating","og_description":"Meet in Chat \u00e8 il posto migliore per trovare persone reali con cui parlare sporco online! Non crederai a quanto sia facile fare nuove amicizie &hellip;","og_url":"https:\/\/mamasjerkstation.com\/it\/chat-room-di-sesso\/","og_site_name":"Jerk Dating","og_image":[{"width":2250,"height":1500,"url":"https:\/\/mamasjerkstation.com\/wp-content\/uploads\/2022\/08\/online-sex-sites.jpeg","type":"image\/jpeg"}],"twitter_card":"summary_large_image","twitter_misc":{"Tempo di lettura stimato":"3 minuti"},"schema":{"@context":"https:\/\/schema.org","@graph":[{"@type":"WebSite","@id":"https:\/\/mamasjerkstation.com\/#website","url":"https:\/\/mamasjerkstation.com\/","name":"Jerk Dating","description":"Online Sex Websites","potentialAction":[{"@type":"SearchAction","target":{"@type":"EntryPoint","urlTemplate":"https:\/\/mamasjerkstation.com\/?s={search_term_string}"},"query-input":"required name=search_term_string"}],"inLanguage":"it-IT"},{"@type":"ImageObject","@id":"https:\/\/mamasjerkstation.com\/it\/chat-room-di-sesso\/#primaryimage","inLanguage":"it-IT","url":"https:\/\/mamasjerkstation.com\/wp-content\/uploads\/2022\/08\/online-sex-sites.jpeg","contentUrl":"https:\/\/mamasjerkstation.com\/wp-content\/uploads\/2022\/08\/online-sex-sites.jpeg","width":2250,"height":1500},{"@type":"WebPage","@id":"https:\/\/mamasjerkstation.com\/it\/chat-room-di-sesso\/#webpage","url":"https:\/\/mamasjerkstation.com\/it\/chat-room-di-sesso\/","name":"Chat room di sesso - Jerk Dating","isPartOf":{"@id":"https:\/\/mamasjerkstation.com\/#website"},"primaryImageOfPage":{"@id":"https:\/\/mamasjerkstation.com\/it\/chat-room-di-sesso\/#primaryimage"},"datePublished":"2022-08-19T17:41:19+00:00","dateModified":"2022-08-19T17:41:19+00:00","breadcrumb":{"@id":"https:\/\/mamasjerkstation.com\/it\/chat-room-di-sesso\/#breadcrumb"},"inLanguage":"it-IT","potentialAction":[{"@type":"ReadAction","target":["https:\/\/mamasjerkstation.com\/it\/chat-room-di-sesso\/"]}]},{"@type":"BreadcrumbList","@id":"https:\/\/mamasjerkstation.com\/it\/chat-room-di-sesso\/#breadcrumb","itemListElement":[{"@type":"ListItem","position":1,"name":"Home","item":"http:\/\/mamasjerkstation.com\/it\/"},{"@type":"ListItem","position":2,"name":"Chat room di sesso"}]}]}},"_links":{"self":[{"href":"https:\/\/mamasjerkstation.com\/it\/wp-json\/wp\/v2\/pages\/334"}],"collection":[{"href":"https:\/\/mamasjerkstation.com\/it\/wp-json\/wp\/v2\/pages"}],"about":[{"href":"https:\/\/mamasjerkstation.com\/it\/wp-json\/wp\/v2\/types\/page"}],"author":[{"embeddable":true,"href":"https:\/\/mamasjerkstation.com\/it\/wp-json\/wp\/v2\/users\/1"}],"replies":[{"embeddable":true,"href":"https:\/\/mamasjerkstation.com\/it\/wp-json\/wp\/v2\/comments?post=334"}],"version-history":[{"count":0,"href":"https:\/\/mamasjerkstation.com\/it\/wp-json\/wp\/v2\/pages\/334\/revisions"}],"wp:featuredmedia":[{"embeddable":true,"href":"https:\/\/mamasjerkstation.com\/it\/wp-json\/wp\/v2\/media\/144"}],"wp:attachment":[{"href":"https:\/\/mamasjerkstation.com\/it\/wp-json\/wp\/v2\/media?parent=334"}],"curies":[{"name":"wp","href":"https:\/\/api.w.org\/{rel}","templated":true}]}}