{"id":314,"date":"2022-08-19T17:36:00","date_gmt":"2022-08-19T16:36:00","guid":{"rendered":"http:\/\/mamasjerkstation.com\/le-migliori-app-di-appuntamenti-nel-2022-per-single\/"},"modified":"2022-08-19T17:36:00","modified_gmt":"2022-08-19T16:36:00","slug":"le-migliori-app-di-appuntamenti-nel-2022-per-single","status":"publish","type":"page","link":"https:\/\/mamasjerkstation.com\/it\/le-migliori-app-di-appuntamenti-nel-2022-per-single\/","title":{"rendered":"Le migliori app di appuntamenti nel 2022 per single"},"content":{"rendered":"<p>Se stai cercando l&#8217;amore online, pu\u00f2 essere difficile capire da dove iniziare. Con centinaia di app di appuntamenti l\u00e0 fuori, come fai a sapere quale \u00e8 giusto per te? Ecco alcuni suggerimenti per aiutarti a fare la scelta giusta.<\/p>\n<h2>Ottenere l&#8217;app giusta<\/h2>\n<p>Naturalmente, poich\u00e9 si tratta di un&#8217;app di appuntamenti, include una sezione per <a href=\"http:\/\/mamasjerkstation.com\/it\/incontri-lgbt\/\">flirtare e chattare<\/a>, ma si concentra principalmente sull&#8217;incontro con persone per appuntamenti reali. E se stai cercando qualcuno che vuole andare oltre, allora probabilmente vorrai cercare da qualche altra parte.<\/p>\n<p>Quindi, se stai cercando di trovare un bel appuntamento online, che si tratti di un incontro di una notte o di una relazione, sicuramente non sbaglierai con uno dei nostri consigli<\/p>\n<h3>Miscuglio2<\/h3>\n<p>Mingle2 \u00e8 uno dei siti di incontri online gratuiti pi\u00f9 popolari l\u00e0 fuori. Con oltre 40 milioni di utenti registrati, non sorprende che l&#8217;app sia diventata un must per chiunque cerchi l&#8217;amore. Puoi utilizzare il sito per incontrare persone nelle vicinanze, chattare e flirtare tramite messaggi di testo.<\/p>\n<p>L&#8217;app ti connette con i single in base alla tua posizione, et\u00e0 e preferenze di relazione. Puoi sfogliare i profili e inviare regali virtuali per esprimere interesse. Quando qualcuno mette &#8220;Mi piace&#8221; al tuo profilo, ricever\u00e0 una notifica e potrai iniziare a chattare. Se entrambe le parti sono interessate, puoi organizzare un incontro.<\/p>\n<p>Non devi nemmeno pagare nulla; l&#8217;iscrizione al sito \u00e8 completamente gratuita. E poich\u00e9 \u00e8 di propriet\u00e0 di Match Group, puoi essere certo che le tue informazioni personali sono al sicuro.<\/p>\n<h3>SilverSingles<\/h3>\n<p>SilverSingles \u00e8 un sito di incontri online in cui gli anziani incontrano persone in cerca di amore. Credono che sia importante mantenere le cose semplici e facili da usare. Questo \u00e8 il motivo per cui non richiedono quote associative, passaggi di verifica o persino e-mail. Basta registrarsi e iniziare a navigare.<\/p>\n<h3>eHarmony<\/h3>\n<p>eHarmony \u00e8 uno dei pi\u00f9 antichi siti di incontri online in circolazione. Fondata nel 2000, offre test di compatibilit\u00e0 e corrispondenze basate sui tratti della personalit\u00e0. Agli utenti vengono poste domande sui loro interessi, valori, hobby, obiettivi di carriera, ecc. E ricevono feedback su quanto bene si adattano insieme. Se vuoi trovare l&#8217;amore, eHarmony potrebbe funzionare per te.<\/p>\n<h3>Riercare<\/h3>\n<p>Cerchi qualcosa di serio? Seek.com \u00e8 progettato per aiutarti a connetterti con persone che cercano relazioni a lungo termine. Puoi sfogliare i profili in base all&#8217;et\u00e0, alla posizione, allo stato della relazione e persino alla religione. Il sito ti consente di impostare avvisi per avvisarti ogni volta che qualcuno ti invia una richiesta di amicizia o ti scrive un messaggio. \u00c8 gratuito registrarsi e navigare, ma devi pagare per inviare messaggi a potenziali compagni.<\/p>\n<h3>Ashley Madison<\/h3>\n<p>Ashley Madison \u00e8 considerata la destinazione principale per le persone sposate in cerca di relazioni. Come il sito di personalit\u00e0 per adulti pi\u00f9 popolare, Ashley Madison vanta oltre 27 milioni di membri attivi. Gli utenti possono registrarsi gratuitamente e iniziare a navigare tra i profili di uomini e donne locali. Una volta trovato qualcuno che vorresti incontrare, puoi iniziare a chattare e organizzare per incontrarti. I membri possono pagare un extra per ricevere vantaggi speciali come lo stato VIP, misure di sicurezza avanzate e assistenza clienti 24 ore su 24, 7 giorni su 7.<\/p>\n","protected":false},"excerpt":{"rendered":"<p>Se stai cercando l&#8217;amore online, pu\u00f2 essere difficile capire da dove iniziare. Con centinaia di app di appuntamenti l\u00e0 fuori, come fai a sapere quale &hellip; <\/p>\n","protected":false},"author":1,"featured_media":129,"parent":0,"menu_order":0,"comment_status":"closed","ping_status":"closed","template":"","meta":[],"yoast_head":"<!-- This site is optimized with the Yoast SEO plugin v17.7.1 - https:\/\/yoast.com\/wordpress\/plugins\/seo\/ -->\n<title>Le migliori app di appuntamenti nel 2022 per single - Jerk Dating<\/title>\n<meta name=\"robots\" content=\"index, follow, max-snippet:-1, max-image-preview:large, max-video-preview:-1\" \/>\n<link rel=\"canonical\" href=\"https:\/\/mamasjerkstation.com\/it\/le-migliori-app-di-appuntamenti-nel-2022-per-single\/\" \/>\n<meta property=\"og:locale\" content=\"it_IT\" \/>\n<meta property=\"og:type\" content=\"article\" \/>\n<meta property=\"og:title\" content=\"Le migliori app di appuntamenti nel 2022 per single - Jerk Dating\" \/>\n<meta property=\"og:description\" content=\"Se stai cercando l&#8217;amore online, pu\u00f2 essere difficile capire da dove iniziare. Con centinaia di app di appuntamenti l\u00e0 fuori, come fai a sapere quale &hellip;\" \/>\n<meta property=\"og:url\" content=\"https:\/\/mamasjerkstation.com\/it\/le-migliori-app-di-appuntamenti-nel-2022-per-single\/\" \/>\n<meta property=\"og:site_name\" content=\"Jerk Dating\" \/>\n<meta property=\"og:image\" content=\"http:\/\/mamasjerkstation.com\/wp-content\/uploads\/2022\/08\/dating.jpeg\" \/>\n\t<meta property=\"og:image:width\" content=\"2000\" \/>\n\t<meta property=\"og:image:height\" content=\"1500\" \/>\n<meta name=\"twitter:card\" content=\"summary_large_image\" \/>\n<meta name=\"twitter:label1\" content=\"Tempo di lettura stimato\" \/>\n\t<meta name=\"twitter:data1\" content=\"3 minuti\" \/>\n<script type=\"application\/ld+json\" class=\"yoast-schema-graph\">{\"@context\":\"https:\/\/schema.org\",\"@graph\":[{\"@type\":\"WebSite\",\"@id\":\"https:\/\/mamasjerkstation.com\/#website\",\"url\":\"https:\/\/mamasjerkstation.com\/\",\"name\":\"Jerk Dating\",\"description\":\"Online Sex Websites\",\"potentialAction\":[{\"@type\":\"SearchAction\",\"target\":{\"@type\":\"EntryPoint\",\"urlTemplate\":\"https:\/\/mamasjerkstation.com\/?s={search_term_string}\"},\"query-input\":\"required name=search_term_string\"}],\"inLanguage\":\"it-IT\"},{\"@type\":\"ImageObject\",\"@id\":\"https:\/\/mamasjerkstation.com\/it\/le-migliori-app-di-appuntamenti-nel-2022-per-single\/#primaryimage\",\"inLanguage\":\"it-IT\",\"url\":\"https:\/\/mamasjerkstation.com\/wp-content\/uploads\/2022\/08\/dating.jpeg\",\"contentUrl\":\"https:\/\/mamasjerkstation.com\/wp-content\/uploads\/2022\/08\/dating.jpeg\",\"width\":2000,\"height\":1500},{\"@type\":\"WebPage\",\"@id\":\"https:\/\/mamasjerkstation.com\/it\/le-migliori-app-di-appuntamenti-nel-2022-per-single\/#webpage\",\"url\":\"https:\/\/mamasjerkstation.com\/it\/le-migliori-app-di-appuntamenti-nel-2022-per-single\/\",\"name\":\"Le migliori app di appuntamenti nel 2022 per single - Jerk Dating\",\"isPartOf\":{\"@id\":\"https:\/\/mamasjerkstation.com\/#website\"},\"primaryImageOfPage\":{\"@id\":\"https:\/\/mamasjerkstation.com\/it\/le-migliori-app-di-appuntamenti-nel-2022-per-single\/#primaryimage\"},\"datePublished\":\"2022-08-19T16:36:00+00:00\",\"dateModified\":\"2022-08-19T16:36:00+00:00\",\"breadcrumb\":{\"@id\":\"https:\/\/mamasjerkstation.com\/it\/le-migliori-app-di-appuntamenti-nel-2022-per-single\/#breadcrumb\"},\"inLanguage\":\"it-IT\",\"potentialAction\":[{\"@type\":\"ReadAction\",\"target\":[\"https:\/\/mamasjerkstation.com\/it\/le-migliori-app-di-appuntamenti-nel-2022-per-single\/\"]}]},{\"@type\":\"BreadcrumbList\",\"@id\":\"https:\/\/mamasjerkstation.com\/it\/le-migliori-app-di-appuntamenti-nel-2022-per-single\/#breadcrumb\",\"itemListElement\":[{\"@type\":\"ListItem\",\"position\":1,\"name\":\"Home\",\"item\":\"http:\/\/mamasjerkstation.com\/it\/\"},{\"@type\":\"ListItem\",\"position\":2,\"name\":\"Le migliori app di appuntamenti nel 2022 per single\"}]}]}<\/script>\n<!-- \/ Yoast SEO plugin. -->","yoast_head_json":{"title":"Le migliori app di appuntamenti nel 2022 per single - Jerk Dating","robots":{"index":"index","follow":"follow","max-snippet":"max-snippet:-1","max-image-preview":"max-image-preview:large","max-video-preview":"max-video-preview:-1"},"canonical":"https:\/\/mamasjerkstation.com\/it\/le-migliori-app-di-appuntamenti-nel-2022-per-single\/","og_locale":"it_IT","og_type":"article","og_title":"Le migliori app di appuntamenti nel 2022 per single - Jerk Dating","og_description":"Se stai cercando l&#8217;amore online, pu\u00f2 essere difficile capire da dove iniziare. Con centinaia di app di appuntamenti l\u00e0 fuori, come fai a sapere quale &hellip;","og_url":"https:\/\/mamasjerkstation.com\/it\/le-migliori-app-di-appuntamenti-nel-2022-per-single\/","og_site_name":"Jerk Dating","og_image":[{"width":2000,"height":1500,"url":"http:\/\/mamasjerkstation.com\/wp-content\/uploads\/2022\/08\/dating.jpeg","type":"image\/jpeg"}],"twitter_card":"summary_large_image","twitter_misc":{"Tempo di lettura stimato":"3 minuti"},"schema":{"@context":"https:\/\/schema.org","@graph":[{"@type":"WebSite","@id":"https:\/\/mamasjerkstation.com\/#website","url":"https:\/\/mamasjerkstation.com\/","name":"Jerk Dating","description":"Online Sex Websites","potentialAction":[{"@type":"SearchAction","target":{"@type":"EntryPoint","urlTemplate":"https:\/\/mamasjerkstation.com\/?s={search_term_string}"},"query-input":"required name=search_term_string"}],"inLanguage":"it-IT"},{"@type":"ImageObject","@id":"https:\/\/mamasjerkstation.com\/it\/le-migliori-app-di-appuntamenti-nel-2022-per-single\/#primaryimage","inLanguage":"it-IT","url":"https:\/\/mamasjerkstation.com\/wp-content\/uploads\/2022\/08\/dating.jpeg","contentUrl":"https:\/\/mamasjerkstation.com\/wp-content\/uploads\/2022\/08\/dating.jpeg","width":2000,"height":1500},{"@type":"WebPage","@id":"https:\/\/mamasjerkstation.com\/it\/le-migliori-app-di-appuntamenti-nel-2022-per-single\/#webpage","url":"https:\/\/mamasjerkstation.com\/it\/le-migliori-app-di-appuntamenti-nel-2022-per-single\/","name":"Le migliori app di appuntamenti nel 2022 per single - Jerk Dating","isPartOf":{"@id":"https:\/\/mamasjerkstation.com\/#website"},"primaryImageOfPage":{"@id":"https:\/\/mamasjerkstation.com\/it\/le-migliori-app-di-appuntamenti-nel-2022-per-single\/#primaryimage"},"datePublished":"2022-08-19T16:36:00+00:00","dateModified":"2022-08-19T16:36:00+00:00","breadcrumb":{"@id":"https:\/\/mamasjerkstation.com\/it\/le-migliori-app-di-appuntamenti-nel-2022-per-single\/#breadcrumb"},"inLanguage":"it-IT","potentialAction":[{"@type":"ReadAction","target":["https:\/\/mamasjerkstation.com\/it\/le-migliori-app-di-appuntamenti-nel-2022-per-single\/"]}]},{"@type":"BreadcrumbList","@id":"https:\/\/mamasjerkstation.com\/it\/le-migliori-app-di-appuntamenti-nel-2022-per-single\/#breadcrumb","itemListElement":[{"@type":"ListItem","position":1,"name":"Home","item":"http:\/\/mamasjerkstation.com\/it\/"},{"@type":"ListItem","position":2,"name":"Le migliori app di appuntamenti nel 2022 per single"}]}]}},"_links":{"self":[{"href":"https:\/\/mamasjerkstation.com\/it\/wp-json\/wp\/v2\/pages\/314"}],"collection":[{"href":"https:\/\/mamasjerkstation.com\/it\/wp-json\/wp\/v2\/pages"}],"about":[{"href":"https:\/\/mamasjerkstation.com\/it\/wp-json\/wp\/v2\/types\/page"}],"author":[{"embeddable":true,"href":"https:\/\/mamasjerkstation.com\/it\/wp-json\/wp\/v2\/users\/1"}],"replies":[{"embeddable":true,"href":"https:\/\/mamasjerkstation.com\/it\/wp-json\/wp\/v2\/comments?post=314"}],"version-history":[{"count":0,"href":"https:\/\/mamasjerkstation.com\/it\/wp-json\/wp\/v2\/pages\/314\/revisions"}],"wp:featuredmedia":[{"embeddable":true,"href":"https:\/\/mamasjerkstation.com\/it\/wp-json\/wp\/v2\/media\/129"}],"wp:attachment":[{"href":"https:\/\/mamasjerkstation.com\/it\/wp-json\/wp\/v2\/media?parent=314"}],"curies":[{"name":"wp","href":"https:\/\/api.w.org\/{rel}","templated":true}]}}