{"id":307,"date":"2022-08-19T18:48:22","date_gmt":"2022-08-19T17:48:22","guid":{"rendered":"http:\/\/mamasjerkstation.com\/chatta-con-estranei-online\/"},"modified":"2022-08-19T18:48:22","modified_gmt":"2022-08-19T17:48:22","slug":"chatta-con-estranei-online","status":"publish","type":"page","link":"https:\/\/mamasjerkstation.com\/it\/chatta-con-estranei-online\/","title":{"rendered":"Chatta con estranei online"},"content":{"rendered":"<p>Non tutte le ragazze su quei siti sono alla ricerca di sesso. Alcuni sono solo annoiati e vogliono parlare con estranei. Altri sono alla ricerca di amici. Ma anche se non incontrerai nessuno su nessuno dei due siti, potresti comunque finire per vedere qualcosa che non ti aspettavi.<\/p>\n<h2>Siti di cam o chat room<\/h2>\n<p>Se stai cercando un posto dove puoi incontrare ragazze reali online, \u00e8 probabile che tu sia rimasto deluso dalle opzioni l\u00e0 fuori. Il problema \u00e8 che trovare un buon sito non \u00e8 facile. Ci sono tonnellate di chat room porno gratuite l\u00e0 fuori, ma la maggior parte di esse sono piene di bot piuttosto che di umani. E mentre \u00e8 vero che i siti a pagamento come MyFreeCams offrono vere cam girl, quei modelli non sono sempre attivi o disposti a interagire con i visitatori.<\/p>\n<p>Abbiamo setacciato il web alla ricerca dei migliori siti di chat sessuale in circolazione e li abbiamo trovati tutti. Quindi, sia che tu voglia chattare con MILF, adolescenti, BDSM o anche coppie, la nostra lista ha tutto ci\u00f2 di cui potresti aver bisogno. Ci sono molti diversi tipi di camere tra cui scegliere, ognuna adatta a esigenze e desideri specifici. Alcune persone preferiscono chattare con estranei mentre ad altri piace incontrare qualcuno che gi\u00e0 conoscono. Alcune persone amano parlare sporco, mentre altri vogliono semplicemente parlare di qualsiasi altra cosa tranne il sesso.<\/p>\n<h2>App di appuntamenti<\/h2>\n<p>Ci sono molte <a href=\"http:\/\/mamasjerkstation.com\/it\/incontri-lgbt\/\">piattaforme di incontri online<\/a> l\u00e0 fuori, ma una volta che ne hai trovata una che funziona per te, probabilmente rimarrai con essa per un po &#8216;. Ma cosa succede quando sei pronto ad andare avanti e provare qualcos&#8217;altro? Se stai cercando una buona app di collegamento, ecco tutto ci\u00f2 che devi sapere. Ci sono letteralmente migliaia di diverse app e siti web di appuntamenti l\u00e0 fuori, e anche se potresti pensare di sapere cosa stai facendo, \u00e8 probabile che potresti facilmente finire per perdere ore e ore della tua vita alla ricerca di qualcosa che non c&#8217;\u00e8 nemmeno. Quindi, sia che tu stia cercando incontri casuali, relazioni a lungo termine o forse anche il matrimonio, ti abbiamo coperto. In effetti, abbiamo compilato un elenco delle migliori chat room di sesso in circolazione oggi, in modo da poter finalmente smettere di preoccuparti di non avere fortuna con gli appuntamenti online.<\/p>\n<p><strong>Cosa cercare sui siti di incontri:<\/strong><\/p>\n<h3>Caratteristiche di sicurezza<\/h3>\n<p>I siti di collegamento di solito offrono funzionalit\u00e0 di sicurezza per proteggersi da truffatori, hacker e ladri di identit\u00e0. Questi includono metodi di verifica come la conferma dell&#8217;indirizzo e-mail e la verifica del numero di telefono. Spesso ti chiederanno anche ulteriori informazioni su di te, inclusa la tua et\u00e0 e posizione, prima di consentirti l&#8217;accesso. Se vedi qualcosa di sospetto, \u00e8 probabile che il sito non valga il tuo tempo.<\/p>\n<h3>Profili verificati<\/h3>\n<p>Quando ti registri per un&#8217;app o un sito di collegamento, assicurati di verificare il tuo profilo. Ci\u00f2 garantisce che ci\u00f2 che metti su carta corrisponda a ci\u00f2 che \u00e8 in archivio con il sito. La maggior parte dei siti di collegamento ti consente di caricare una tua foto, il che aiuta a confermare che sei reale. Non dovresti pagare per verificare il tuo account, ma alcuni siti addebitano costi aggiuntivi per la verifica.<\/p>\n<h3>Protezione dalle truffe<\/h3>\n<p>La maggior parte dei siti di collegamento ha modi per prevenire attivit\u00e0 fraudolente. Ad esempio, molti siti vietano determinati tipi di account, come quelli utilizzati da bot e truffatori. Altri limitano la quantit\u00e0 di informazioni sulla carta di credito che puoi utilizzare per finanziare il tuo account. Altri ancora ti fanno sapere se qualcuno cerca di truffarti. Cerca segni di frode ed evita di fornire informazioni personali a meno che tu non ti senta a tuo agio nel farlo.<\/p>\n","protected":false},"excerpt":{"rendered":"<p>Non tutte le ragazze su quei siti sono alla ricerca di sesso. Alcuni sono solo annoiati e vogliono parlare con estranei. Altri sono alla ricerca &hellip; <\/p>\n","protected":false},"author":1,"featured_media":159,"parent":0,"menu_order":0,"comment_status":"closed","ping_status":"closed","template":"","meta":[],"yoast_head":"<!-- This site is optimized with the Yoast SEO plugin v17.7.1 - https:\/\/yoast.com\/wordpress\/plugins\/seo\/ -->\n<title>Chatta con estranei online - Jerk Dating<\/title>\n<meta name=\"robots\" content=\"index, follow, max-snippet:-1, max-image-preview:large, max-video-preview:-1\" \/>\n<link rel=\"canonical\" href=\"https:\/\/mamasjerkstation.com\/it\/chatta-con-estranei-online\/\" \/>\n<meta property=\"og:locale\" content=\"it_IT\" \/>\n<meta property=\"og:type\" content=\"article\" \/>\n<meta property=\"og:title\" content=\"Chatta con estranei online - Jerk Dating\" \/>\n<meta property=\"og:description\" content=\"Non tutte le ragazze su quei siti sono alla ricerca di sesso. Alcuni sono solo annoiati e vogliono parlare con estranei. Altri sono alla ricerca &hellip;\" \/>\n<meta property=\"og:url\" content=\"https:\/\/mamasjerkstation.com\/it\/chatta-con-estranei-online\/\" \/>\n<meta property=\"og:site_name\" content=\"Jerk Dating\" \/>\n<meta property=\"og:image\" content=\"http:\/\/mamasjerkstation.com\/wp-content\/uploads\/2022\/08\/hookups.jpeg\" \/>\n\t<meta property=\"og:image:width\" content=\"500\" \/>\n\t<meta property=\"og:image:height\" content=\"333\" \/>\n<meta name=\"twitter:card\" content=\"summary_large_image\" \/>\n<meta name=\"twitter:label1\" content=\"Tempo di lettura stimato\" \/>\n\t<meta name=\"twitter:data1\" content=\"3 minuti\" \/>\n<script type=\"application\/ld+json\" class=\"yoast-schema-graph\">{\"@context\":\"https:\/\/schema.org\",\"@graph\":[{\"@type\":\"WebSite\",\"@id\":\"https:\/\/mamasjerkstation.com\/#website\",\"url\":\"https:\/\/mamasjerkstation.com\/\",\"name\":\"Jerk Dating\",\"description\":\"Online Sex Websites\",\"potentialAction\":[{\"@type\":\"SearchAction\",\"target\":{\"@type\":\"EntryPoint\",\"urlTemplate\":\"https:\/\/mamasjerkstation.com\/?s={search_term_string}\"},\"query-input\":\"required name=search_term_string\"}],\"inLanguage\":\"it-IT\"},{\"@type\":\"ImageObject\",\"@id\":\"https:\/\/mamasjerkstation.com\/it\/chatta-con-estranei-online\/#primaryimage\",\"inLanguage\":\"it-IT\",\"url\":\"https:\/\/mamasjerkstation.com\/wp-content\/uploads\/2022\/08\/hookups.jpeg\",\"contentUrl\":\"https:\/\/mamasjerkstation.com\/wp-content\/uploads\/2022\/08\/hookups.jpeg\",\"width\":500,\"height\":333},{\"@type\":\"WebPage\",\"@id\":\"https:\/\/mamasjerkstation.com\/it\/chatta-con-estranei-online\/#webpage\",\"url\":\"https:\/\/mamasjerkstation.com\/it\/chatta-con-estranei-online\/\",\"name\":\"Chatta con estranei online - Jerk Dating\",\"isPartOf\":{\"@id\":\"https:\/\/mamasjerkstation.com\/#website\"},\"primaryImageOfPage\":{\"@id\":\"https:\/\/mamasjerkstation.com\/it\/chatta-con-estranei-online\/#primaryimage\"},\"datePublished\":\"2022-08-19T17:48:22+00:00\",\"dateModified\":\"2022-08-19T17:48:22+00:00\",\"breadcrumb\":{\"@id\":\"https:\/\/mamasjerkstation.com\/it\/chatta-con-estranei-online\/#breadcrumb\"},\"inLanguage\":\"it-IT\",\"potentialAction\":[{\"@type\":\"ReadAction\",\"target\":[\"https:\/\/mamasjerkstation.com\/it\/chatta-con-estranei-online\/\"]}]},{\"@type\":\"BreadcrumbList\",\"@id\":\"https:\/\/mamasjerkstation.com\/it\/chatta-con-estranei-online\/#breadcrumb\",\"itemListElement\":[{\"@type\":\"ListItem\",\"position\":1,\"name\":\"Home\",\"item\":\"http:\/\/mamasjerkstation.com\/it\/\"},{\"@type\":\"ListItem\",\"position\":2,\"name\":\"Chatta con estranei online\"}]}]}<\/script>\n<!-- \/ Yoast SEO plugin. -->","yoast_head_json":{"title":"Chatta con estranei online - Jerk Dating","robots":{"index":"index","follow":"follow","max-snippet":"max-snippet:-1","max-image-preview":"max-image-preview:large","max-video-preview":"max-video-preview:-1"},"canonical":"https:\/\/mamasjerkstation.com\/it\/chatta-con-estranei-online\/","og_locale":"it_IT","og_type":"article","og_title":"Chatta con estranei online - Jerk Dating","og_description":"Non tutte le ragazze su quei siti sono alla ricerca di sesso. Alcuni sono solo annoiati e vogliono parlare con estranei. Altri sono alla ricerca &hellip;","og_url":"https:\/\/mamasjerkstation.com\/it\/chatta-con-estranei-online\/","og_site_name":"Jerk Dating","og_image":[{"width":500,"height":333,"url":"http:\/\/mamasjerkstation.com\/wp-content\/uploads\/2022\/08\/hookups.jpeg","type":"image\/jpeg"}],"twitter_card":"summary_large_image","twitter_misc":{"Tempo di lettura stimato":"3 minuti"},"schema":{"@context":"https:\/\/schema.org","@graph":[{"@type":"WebSite","@id":"https:\/\/mamasjerkstation.com\/#website","url":"https:\/\/mamasjerkstation.com\/","name":"Jerk Dating","description":"Online Sex Websites","potentialAction":[{"@type":"SearchAction","target":{"@type":"EntryPoint","urlTemplate":"https:\/\/mamasjerkstation.com\/?s={search_term_string}"},"query-input":"required name=search_term_string"}],"inLanguage":"it-IT"},{"@type":"ImageObject","@id":"https:\/\/mamasjerkstation.com\/it\/chatta-con-estranei-online\/#primaryimage","inLanguage":"it-IT","url":"https:\/\/mamasjerkstation.com\/wp-content\/uploads\/2022\/08\/hookups.jpeg","contentUrl":"https:\/\/mamasjerkstation.com\/wp-content\/uploads\/2022\/08\/hookups.jpeg","width":500,"height":333},{"@type":"WebPage","@id":"https:\/\/mamasjerkstation.com\/it\/chatta-con-estranei-online\/#webpage","url":"https:\/\/mamasjerkstation.com\/it\/chatta-con-estranei-online\/","name":"Chatta con estranei online - Jerk Dating","isPartOf":{"@id":"https:\/\/mamasjerkstation.com\/#website"},"primaryImageOfPage":{"@id":"https:\/\/mamasjerkstation.com\/it\/chatta-con-estranei-online\/#primaryimage"},"datePublished":"2022-08-19T17:48:22+00:00","dateModified":"2022-08-19T17:48:22+00:00","breadcrumb":{"@id":"https:\/\/mamasjerkstation.com\/it\/chatta-con-estranei-online\/#breadcrumb"},"inLanguage":"it-IT","potentialAction":[{"@type":"ReadAction","target":["https:\/\/mamasjerkstation.com\/it\/chatta-con-estranei-online\/"]}]},{"@type":"BreadcrumbList","@id":"https:\/\/mamasjerkstation.com\/it\/chatta-con-estranei-online\/#breadcrumb","itemListElement":[{"@type":"ListItem","position":1,"name":"Home","item":"http:\/\/mamasjerkstation.com\/it\/"},{"@type":"ListItem","position":2,"name":"Chatta con estranei online"}]}]}},"_links":{"self":[{"href":"https:\/\/mamasjerkstation.com\/it\/wp-json\/wp\/v2\/pages\/307"}],"collection":[{"href":"https:\/\/mamasjerkstation.com\/it\/wp-json\/wp\/v2\/pages"}],"about":[{"href":"https:\/\/mamasjerkstation.com\/it\/wp-json\/wp\/v2\/types\/page"}],"author":[{"embeddable":true,"href":"https:\/\/mamasjerkstation.com\/it\/wp-json\/wp\/v2\/users\/1"}],"replies":[{"embeddable":true,"href":"https:\/\/mamasjerkstation.com\/it\/wp-json\/wp\/v2\/comments?post=307"}],"version-history":[{"count":0,"href":"https:\/\/mamasjerkstation.com\/it\/wp-json\/wp\/v2\/pages\/307\/revisions"}],"wp:featuredmedia":[{"embeddable":true,"href":"https:\/\/mamasjerkstation.com\/it\/wp-json\/wp\/v2\/media\/159"}],"wp:attachment":[{"href":"https:\/\/mamasjerkstation.com\/it\/wp-json\/wp\/v2\/media?parent=307"}],"curies":[{"name":"wp","href":"https:\/\/api.w.org\/{rel}","templated":true}]}}