{"id":291,"date":"2022-08-19T18:51:33","date_gmt":"2022-08-19T17:51:33","guid":{"rendered":"http:\/\/mamasjerkstation.com\/incontri-lgbt\/"},"modified":"2022-08-19T18:51:33","modified_gmt":"2022-08-19T17:51:33","slug":"incontri-lgbt","status":"publish","type":"page","link":"https:\/\/mamasjerkstation.com\/it\/incontri-lgbt\/","title":{"rendered":"Incontri LGBT+"},"content":{"rendered":"<p>Quando stai cercando una buona app di collegamento, vuoi qualcosa che ti dia accesso a molte persone diverse. Non vuoi necessariamente pagare per ogni singola persona che incontri.<\/p>\n<h2>Ecco i nostri 3 migliori consigli per l&#8217;utilizzo delle app di appuntamenti LGBT:<\/h2>\n<h3>Supporto mobile<\/h3>\n<p>Probabilmente utilizzerai il telefono pi\u00f9 spesso durante <a href=\"http:\/\/mamasjerkstation.com\/it\/trova-sesso-occasionale-vicino-a-te\/\">la ricerca di una data<\/a>, soprattutto perch\u00e9 molte app di collegamento offrono una versione gratuita che ti consente di sfogliare i profili e inviare messaggi. Ma assicurati che l&#8217;app funzioni bene su dispositivi iOS e Android. Non tutti usano iPhone o Android, quindi la compatibilit\u00e0 \u00e8 importante. Se decidi di scaricare l&#8217;app completa, cerca recensioni che menzionino quanto sia facile navigare e se le persone hanno avuto problemi ad accedere.<\/p>\n<h3>Ux<\/h3>\n<p>Il design dell&#8217;app in s\u00e9 non \u00e8 importante, ma potresti provarne alcuni diversi prima di stabilirti su uno. Alcune app si concentrano sulla corrispondenza delle persone in base alla posizione, mentre altre ti consentono di filtrare per fascia di et\u00e0 o sesso. Assicurati che ti piaccia il modo in cui l&#8217;app appare e si sente. Non c&#8217;\u00e8 niente di peggio che avere una grande partita che ti aspetta, solo per scoprire che in realt\u00e0 non esiste.<\/p>\n<h3>Sistema di abbinamento<\/h3>\n<p>In che modo l&#8217;app determina quali persone sono simili tra loro? Si basa su amici comuni? Un interesse condiviso per la musica o i libri? O forse trova solo persone che vivono l&#8217;una vicino all&#8217;altra? Quanto peso viene dato a ciascun fattore? Questi fattori influenzano il numero di persone che compaiono nel tuo feed e la probabilit\u00e0 che tu ti connetti con loro.<\/p>\n<h2>Sentito<\/h2>\n<p>Feeld \u00e8 una delle migliori app di collegamento in circolazione. Con oltre 10 milioni di download, si rivolge a persone in cerca di sesso occasionale e \/ o solo un po &#8216;di divertimento. Questa app \u00e8 ottima per coloro che sono single, etero, gay, bi, trans, lesbiche, queer, pansessuali, poliamorosi, ecc.<\/p>\n<p>L&#8217;app funziona come Tinder dove scorri verso sinistra per passare e verso destra per abbinare. Puoi scegliere se vuoi vedere le foto o meno. Se decidi di vedere le immagini, ci sono filtri come sesso, et\u00e0, etnia, tipo di corporatura, orientamento sessuale, stato sentimentale, preferenze di fumo, altezza, colore dei capelli, colore degli occhi, religione, opinioni politiche, occupazione, livello di istruzione, reddito e persino tatuaggi e piercing. Puoi anche aggiungere interessi e hobby. Ad esempio, sono interessato a sport, cibo, musica, arte, viaggi e fitness. Quando qualcuno mi invia una richiesta, posso accettarla o rifiutarla. Se entrambi accettiamo di incontrarci, possiamo impostare una data e un luogo.<\/p>\n<p>Se decidi di uscire con qualcuno, puoi chattare con lui o lei tramite messaggi di testo o videochiamate. Non c&#8217;\u00e8 pressione per incontrarsi. Puoi anche inviare regali, fiori, cioccolatini e molto altro. Ci sono molte funzionalit\u00e0 su questa app tra cui la possibilit\u00e0 di fare amicizia, trovare date, sfogliare profili e visualizzare corrispondenze reciproche. Puoi anche bloccare determinati utenti.<\/p>\n<h2>Suo<\/h2>\n<p>HER \u00e8 la pi\u00f9 grande app di appuntamenti gratuiti al mondo per lesbiche e bisessuali. Con oltre 50 milioni di membri in tutto il mondo, le opzioni non mancano. Ma cosa la distingue dalla massa? Ecco tre motivi per cui lo amiamo.<\/p>\n<h3>Eventi locali &amp; News<\/h3>\n<p>L&#8217;app condivide notizie LGBTQ+, tra cui eventi locali e spazi sicuri dove puoi incontrare persone nelle vicinanze. Puoi anche trovare eventi vicino a luoghi come bar e club, rendendo pi\u00f9 facile trovare un appuntamento.<\/p>\n<h3>Spazi sicuri<\/h3>\n<p>Se vuoi andare a un appuntamento senza preoccuparti di essere molestato, aggredito o discriminato, HER offre uno spazio sicuro per tutti. Proprio come nella vita reale, non devi preoccuparti di dover &#8220;uscire&#8221; con qualcuno. Se ti senti nervoso all&#8217;idea di incontrare qualcuno di nuovo, parla con gli altri online o chiedi a un amico di presentarti.<\/p>\n<h3>Finder a tre<\/h3>\n<p>Sai come a volte ti senti come se ti piacerebbe davvero provare qualcosa di diverso? Bene, puoi farlo qui. Mentre la maggior parte delle app richiede di dichiarare esplicitamente che si desidera collegarsi, HER consente di impostare appuntamenti con altre persone in base agli interessi reciproci. In questo modo, nessuno viene lasciato fuori.<\/p>\n","protected":false},"excerpt":{"rendered":"<p>Quando stai cercando una buona app di collegamento, vuoi qualcosa che ti dia accesso a molte persone diverse. Non vuoi necessariamente pagare per ogni singola &hellip; <\/p>\n","protected":false},"author":1,"featured_media":84,"parent":0,"menu_order":0,"comment_status":"closed","ping_status":"closed","template":"","meta":[],"yoast_head":"<!-- This site is optimized with the Yoast SEO plugin v17.7.1 - https:\/\/yoast.com\/wordpress\/plugins\/seo\/ -->\n<title>Incontri LGBT+ - Jerk Dating<\/title>\n<meta name=\"robots\" content=\"index, follow, max-snippet:-1, max-image-preview:large, max-video-preview:-1\" \/>\n<link rel=\"canonical\" href=\"https:\/\/mamasjerkstation.com\/it\/incontri-lgbt\/\" \/>\n<meta property=\"og:locale\" content=\"it_IT\" \/>\n<meta property=\"og:type\" content=\"article\" \/>\n<meta property=\"og:title\" content=\"Incontri LGBT+ - Jerk Dating\" \/>\n<meta property=\"og:description\" content=\"Quando stai cercando una buona app di collegamento, vuoi qualcosa che ti dia accesso a molte persone diverse. Non vuoi necessariamente pagare per ogni singola &hellip;\" \/>\n<meta property=\"og:url\" content=\"https:\/\/mamasjerkstation.com\/it\/incontri-lgbt\/\" \/>\n<meta property=\"og:site_name\" content=\"Jerk Dating\" \/>\n<meta property=\"og:image\" content=\"http:\/\/mamasjerkstation.com\/wp-content\/uploads\/2022\/08\/cam-sites.jpeg\" \/>\n\t<meta property=\"og:image:width\" content=\"1125\" \/>\n\t<meta property=\"og:image:height\" content=\"750\" \/>\n<meta name=\"twitter:card\" content=\"summary_large_image\" \/>\n<meta name=\"twitter:label1\" content=\"Tempo di lettura stimato\" \/>\n\t<meta name=\"twitter:data1\" content=\"3 minuti\" \/>\n<script type=\"application\/ld+json\" class=\"yoast-schema-graph\">{\"@context\":\"https:\/\/schema.org\",\"@graph\":[{\"@type\":\"WebSite\",\"@id\":\"https:\/\/mamasjerkstation.com\/#website\",\"url\":\"https:\/\/mamasjerkstation.com\/\",\"name\":\"Jerk Dating\",\"description\":\"Online Sex Websites\",\"potentialAction\":[{\"@type\":\"SearchAction\",\"target\":{\"@type\":\"EntryPoint\",\"urlTemplate\":\"https:\/\/mamasjerkstation.com\/?s={search_term_string}\"},\"query-input\":\"required name=search_term_string\"}],\"inLanguage\":\"it-IT\"},{\"@type\":\"ImageObject\",\"@id\":\"https:\/\/mamasjerkstation.com\/it\/incontri-lgbt\/#primaryimage\",\"inLanguage\":\"it-IT\",\"url\":\"https:\/\/mamasjerkstation.com\/wp-content\/uploads\/2022\/08\/cam-sites.jpeg\",\"contentUrl\":\"https:\/\/mamasjerkstation.com\/wp-content\/uploads\/2022\/08\/cam-sites.jpeg\",\"width\":1125,\"height\":750},{\"@type\":\"WebPage\",\"@id\":\"https:\/\/mamasjerkstation.com\/it\/incontri-lgbt\/#webpage\",\"url\":\"https:\/\/mamasjerkstation.com\/it\/incontri-lgbt\/\",\"name\":\"Incontri LGBT+ - Jerk Dating\",\"isPartOf\":{\"@id\":\"https:\/\/mamasjerkstation.com\/#website\"},\"primaryImageOfPage\":{\"@id\":\"https:\/\/mamasjerkstation.com\/it\/incontri-lgbt\/#primaryimage\"},\"datePublished\":\"2022-08-19T17:51:33+00:00\",\"dateModified\":\"2022-08-19T17:51:33+00:00\",\"breadcrumb\":{\"@id\":\"https:\/\/mamasjerkstation.com\/it\/incontri-lgbt\/#breadcrumb\"},\"inLanguage\":\"it-IT\",\"potentialAction\":[{\"@type\":\"ReadAction\",\"target\":[\"https:\/\/mamasjerkstation.com\/it\/incontri-lgbt\/\"]}]},{\"@type\":\"BreadcrumbList\",\"@id\":\"https:\/\/mamasjerkstation.com\/it\/incontri-lgbt\/#breadcrumb\",\"itemListElement\":[{\"@type\":\"ListItem\",\"position\":1,\"name\":\"Home\",\"item\":\"http:\/\/mamasjerkstation.com\/it\/\"},{\"@type\":\"ListItem\",\"position\":2,\"name\":\"Incontri LGBT+\"}]}]}<\/script>\n<!-- \/ Yoast SEO plugin. -->","yoast_head_json":{"title":"Incontri LGBT+ - Jerk Dating","robots":{"index":"index","follow":"follow","max-snippet":"max-snippet:-1","max-image-preview":"max-image-preview:large","max-video-preview":"max-video-preview:-1"},"canonical":"https:\/\/mamasjerkstation.com\/it\/incontri-lgbt\/","og_locale":"it_IT","og_type":"article","og_title":"Incontri LGBT+ - Jerk Dating","og_description":"Quando stai cercando una buona app di collegamento, vuoi qualcosa che ti dia accesso a molte persone diverse. Non vuoi necessariamente pagare per ogni singola &hellip;","og_url":"https:\/\/mamasjerkstation.com\/it\/incontri-lgbt\/","og_site_name":"Jerk Dating","og_image":[{"width":1125,"height":750,"url":"http:\/\/mamasjerkstation.com\/wp-content\/uploads\/2022\/08\/cam-sites.jpeg","type":"image\/jpeg"}],"twitter_card":"summary_large_image","twitter_misc":{"Tempo di lettura stimato":"3 minuti"},"schema":{"@context":"https:\/\/schema.org","@graph":[{"@type":"WebSite","@id":"https:\/\/mamasjerkstation.com\/#website","url":"https:\/\/mamasjerkstation.com\/","name":"Jerk Dating","description":"Online Sex Websites","potentialAction":[{"@type":"SearchAction","target":{"@type":"EntryPoint","urlTemplate":"https:\/\/mamasjerkstation.com\/?s={search_term_string}"},"query-input":"required name=search_term_string"}],"inLanguage":"it-IT"},{"@type":"ImageObject","@id":"https:\/\/mamasjerkstation.com\/it\/incontri-lgbt\/#primaryimage","inLanguage":"it-IT","url":"https:\/\/mamasjerkstation.com\/wp-content\/uploads\/2022\/08\/cam-sites.jpeg","contentUrl":"https:\/\/mamasjerkstation.com\/wp-content\/uploads\/2022\/08\/cam-sites.jpeg","width":1125,"height":750},{"@type":"WebPage","@id":"https:\/\/mamasjerkstation.com\/it\/incontri-lgbt\/#webpage","url":"https:\/\/mamasjerkstation.com\/it\/incontri-lgbt\/","name":"Incontri LGBT+ - Jerk Dating","isPartOf":{"@id":"https:\/\/mamasjerkstation.com\/#website"},"primaryImageOfPage":{"@id":"https:\/\/mamasjerkstation.com\/it\/incontri-lgbt\/#primaryimage"},"datePublished":"2022-08-19T17:51:33+00:00","dateModified":"2022-08-19T17:51:33+00:00","breadcrumb":{"@id":"https:\/\/mamasjerkstation.com\/it\/incontri-lgbt\/#breadcrumb"},"inLanguage":"it-IT","potentialAction":[{"@type":"ReadAction","target":["https:\/\/mamasjerkstation.com\/it\/incontri-lgbt\/"]}]},{"@type":"BreadcrumbList","@id":"https:\/\/mamasjerkstation.com\/it\/incontri-lgbt\/#breadcrumb","itemListElement":[{"@type":"ListItem","position":1,"name":"Home","item":"http:\/\/mamasjerkstation.com\/it\/"},{"@type":"ListItem","position":2,"name":"Incontri LGBT+"}]}]}},"_links":{"self":[{"href":"https:\/\/mamasjerkstation.com\/it\/wp-json\/wp\/v2\/pages\/291"}],"collection":[{"href":"https:\/\/mamasjerkstation.com\/it\/wp-json\/wp\/v2\/pages"}],"about":[{"href":"https:\/\/mamasjerkstation.com\/it\/wp-json\/wp\/v2\/types\/page"}],"author":[{"embeddable":true,"href":"https:\/\/mamasjerkstation.com\/it\/wp-json\/wp\/v2\/users\/1"}],"replies":[{"embeddable":true,"href":"https:\/\/mamasjerkstation.com\/it\/wp-json\/wp\/v2\/comments?post=291"}],"version-history":[{"count":0,"href":"https:\/\/mamasjerkstation.com\/it\/wp-json\/wp\/v2\/pages\/291\/revisions"}],"wp:featuredmedia":[{"embeddable":true,"href":"https:\/\/mamasjerkstation.com\/it\/wp-json\/wp\/v2\/media\/84"}],"wp:attachment":[{"href":"https:\/\/mamasjerkstation.com\/it\/wp-json\/wp\/v2\/media?parent=291"}],"curies":[{"name":"wp","href":"https:\/\/api.w.org\/{rel}","templated":true}]}}