{"id":268,"date":"2022-08-19T19:23:43","date_gmt":"2022-08-19T18:23:43","guid":{"rendered":"http:\/\/mamasjerkstation.com\/consigli-sugli-appuntamenti-con-lo-zucchero\/"},"modified":"2022-08-19T19:23:43","modified_gmt":"2022-08-19T18:23:43","slug":"consigli-sugli-appuntamenti-con-lo-zucchero","status":"publish","type":"page","link":"https:\/\/mamasjerkstation.com\/it\/consigli-sugli-appuntamenti-con-lo-zucchero\/","title":{"rendered":"Consigli sugli appuntamenti con lo zucchero"},"content":{"rendered":"<h2>Sei single e stai cercando uno Sugar Daddy?<\/h2>\n<p>Ci sono migliaia di uomini online che sono disposti a pagare per il sesso. Si fanno chiamare &#8220;Sugar Daddies&#8221;.<\/p>\n<p>Sembra che ogni uomo voglia essere uno Sugar Daddy. Perch\u00e9? Perch\u00e9 lo fa sentire come se avesse potere. Arriva a <a href=\"http:\/\/mamasjerkstation.com\/it\/come-fare-sext-e-chattare-con-le-ragazze\/\">scegliere la sua donna<\/a> e dirle cosa fare. Lei fa quello che dice lui.<\/p>\n<p>In cambio, lei gli d\u00e0 sesso. E se gli piace, pu\u00f2 anche darle dei regali.<\/p>\n<p>Sei interessato a uscire con uno Sugar Daddy? Se s\u00ec, leggi attentamente questo articolo. Ecco alcuni suggerimenti per aiutarti a trovare uno Sugar Daddy.<\/p>\n<h3>Sapere cosa vuoi<\/h3>\n<p>Prima di andare alla ricerca di uno Sugar Daddy, devi sapere esattamente cosa vuoi. Vuoi una relazione con lui\/lei? Vuoi passare del tempo insieme? Vuoi viaggiare con lui\/lei?<\/p>\n<p>Vuoi sposarlo?<\/p>\n<p>Queste domande ti aiuteranno a determinare se vuoi uno Sugar Daddy o uno Sugar Baby.<\/p>\n<h3>Sii te stesso<\/h3>\n<p>Sii te stesso. Non fingere di essere qualcun altro. Questo pu\u00f2 sembrare ovvio, ma la maggior parte degli uomini non vuole uscire con una persona falsa. Vogliono uscire con donne vere.<\/p>\n<h3>Trova qualcuno che condivide interessi simili<\/h3>\n<p>Trova qualcuno che condivida interessi simili. Ad esempio, se ti piace lo sport, trova un uomo a cui piace anche lo sport.<\/p>\n<p>Questo ti dar\u00e0 un terreno comune di cui parlare. E parlare di cose che condividi in comune ti aiuter\u00e0 a legare rapidamente.<\/p>\n<h3>Chiedigli della sua famiglia<\/h3>\n<p>Chiedigli della sua famiglia. Quanti anni ha sua madre? Vive ancora con lui\/i suoi genitori?<\/p>\n<p>Ha fratelli?<\/p>\n<h2>Domande frequenti<\/h2>\n<h3>Cosa significa NSA negli appuntamenti con lo zucchero?<\/h3>\n<p>NSA \u00e8 l&#8217;acronimo di No Strings Attached. Ci\u00f2 significa che non devi preoccuparti di entrare in qualsiasi tipo di relazione. Gli appuntamenti con lo zucchero sono un ottimo modo per incontrare nuove persone che condividono interessi simili.<\/p>\n<h3>Come diventare un NSA Sugar Baby o pap\u00e0?<\/h3>\n<p>Se vuoi essere un bambino o un pap\u00e0 di zucchero, allora devi sapere come trovarli. Il modo migliore per farlo \u00e8 attraverso un&#8217;app di appuntamenti come Tinder. Una volta trovato qualcuno che sembra interessante, chiedi il suo numero e chiamalo. Questo \u00e8 il modo pi\u00f9 semplice per iniziare a parlare con un bambino o un pap\u00e0 di zucchero.<\/p>\n<h3>Cos&#8217;\u00e8 una relazione NSA e come funziona?<\/h3>\n<p>Una relazione NSA \u00e8 quando due persone si incontrano per la prima volta ed entrambi si conoscono da incontri precedenti. La persona che avvia la riunione \u00e8 chiamata NSA (New Spouse). Questo termine \u00e8 stato coniato dal comico Jerry Seinfeld nel suo libro &#8220;The Marriage Ref&#8221; dove descrive il processo di ricerca dell&#8217;amore.<\/p>\n<h3>Cos&#8217;\u00e8 uno sugar daddy?<\/h3>\n<p>Uno sugar daddy \u00e8 qualcuno che aiuta finanziariamente la sua ragazza. Questa persona di solito ha soldi e vuole aiutarla. Potrebbe anche essere disposto a darle regali come cene costose e vacanze. Il rapporto tra queste due parti \u00e8 spesso romantico, anche se alcuni sugar daddy non vogliono alcun contatto sessuale.<\/p>\n","protected":false},"excerpt":{"rendered":"<p>Sei single e stai cercando uno Sugar Daddy? Ci sono migliaia di uomini online che sono disposti a pagare per il sesso. Si fanno chiamare &hellip; <\/p>\n","protected":false},"author":1,"featured_media":204,"parent":0,"menu_order":0,"comment_status":"closed","ping_status":"closed","template":"","meta":[],"yoast_head":"<!-- This site is optimized with the Yoast SEO plugin v17.7.1 - https:\/\/yoast.com\/wordpress\/plugins\/seo\/ -->\n<title>Consigli sugli appuntamenti con lo zucchero: Diventa un Sugar Daddy - Jerk Dating<\/title>\n<meta name=\"robots\" content=\"index, follow, max-snippet:-1, max-image-preview:large, max-video-preview:-1\" \/>\n<link rel=\"canonical\" href=\"https:\/\/mamasjerkstation.com\/it\/consigli-sugli-appuntamenti-con-lo-zucchero\/\" \/>\n<meta property=\"og:locale\" content=\"it_IT\" \/>\n<meta property=\"og:type\" content=\"article\" \/>\n<meta property=\"og:title\" content=\"Consigli sugli appuntamenti con lo zucchero: Diventa un Sugar Daddy - Jerk Dating\" \/>\n<meta property=\"og:description\" content=\"Sei single e stai cercando uno Sugar Daddy? Ci sono migliaia di uomini online che sono disposti a pagare per il sesso. Si fanno chiamare &hellip;\" \/>\n<meta property=\"og:url\" content=\"https:\/\/mamasjerkstation.com\/it\/consigli-sugli-appuntamenti-con-lo-zucchero\/\" \/>\n<meta property=\"og:site_name\" content=\"Jerk Dating\" \/>\n<meta name=\"twitter:card\" content=\"summary_large_image\" \/>\n<meta name=\"twitter:image\" content=\"https:\/\/mamasjerkstation.com\/wp-content\/uploads\/2022\/08\/match-making.webp\" \/>\n<meta name=\"twitter:label1\" content=\"Tempo di lettura stimato\" \/>\n\t<meta name=\"twitter:data1\" content=\"2 minuti\" \/>\n<script type=\"application\/ld+json\" class=\"yoast-schema-graph\">{\"@context\":\"https:\/\/schema.org\",\"@graph\":[{\"@type\":\"WebSite\",\"@id\":\"https:\/\/mamasjerkstation.com\/#website\",\"url\":\"https:\/\/mamasjerkstation.com\/\",\"name\":\"Jerk Dating\",\"description\":\"Online Sex Websites\",\"potentialAction\":[{\"@type\":\"SearchAction\",\"target\":{\"@type\":\"EntryPoint\",\"urlTemplate\":\"https:\/\/mamasjerkstation.com\/?s={search_term_string}\"},\"query-input\":\"required name=search_term_string\"}],\"inLanguage\":\"it-IT\"},{\"@type\":\"ImageObject\",\"@id\":\"https:\/\/mamasjerkstation.com\/it\/consigli-sugli-appuntamenti-con-lo-zucchero\/#primaryimage\",\"inLanguage\":\"it-IT\",\"url\":\"https:\/\/mamasjerkstation.com\/wp-content\/uploads\/2022\/08\/match-making.webp\",\"contentUrl\":\"https:\/\/mamasjerkstation.com\/wp-content\/uploads\/2022\/08\/match-making.webp\",\"width\":1125,\"height\":750},{\"@type\":\"WebPage\",\"@id\":\"https:\/\/mamasjerkstation.com\/it\/consigli-sugli-appuntamenti-con-lo-zucchero\/#webpage\",\"url\":\"https:\/\/mamasjerkstation.com\/it\/consigli-sugli-appuntamenti-con-lo-zucchero\/\",\"name\":\"Consigli sugli appuntamenti con lo zucchero: Diventa un Sugar Daddy - Jerk Dating\",\"isPartOf\":{\"@id\":\"https:\/\/mamasjerkstation.com\/#website\"},\"primaryImageOfPage\":{\"@id\":\"https:\/\/mamasjerkstation.com\/it\/consigli-sugli-appuntamenti-con-lo-zucchero\/#primaryimage\"},\"datePublished\":\"2022-08-19T18:23:43+00:00\",\"dateModified\":\"2022-08-19T18:23:43+00:00\",\"breadcrumb\":{\"@id\":\"https:\/\/mamasjerkstation.com\/it\/consigli-sugli-appuntamenti-con-lo-zucchero\/#breadcrumb\"},\"inLanguage\":\"it-IT\",\"potentialAction\":[{\"@type\":\"ReadAction\",\"target\":[\"https:\/\/mamasjerkstation.com\/it\/consigli-sugli-appuntamenti-con-lo-zucchero\/\"]}]},{\"@type\":\"BreadcrumbList\",\"@id\":\"https:\/\/mamasjerkstation.com\/it\/consigli-sugli-appuntamenti-con-lo-zucchero\/#breadcrumb\",\"itemListElement\":[{\"@type\":\"ListItem\",\"position\":1,\"name\":\"Home\",\"item\":\"http:\/\/mamasjerkstation.com\/it\/\"},{\"@type\":\"ListItem\",\"position\":2,\"name\":\"Consigli sugli appuntamenti con lo zucchero\"}]}]}<\/script>\n<!-- \/ Yoast SEO plugin. -->","yoast_head_json":{"title":"Consigli sugli appuntamenti con lo zucchero: Diventa un Sugar Daddy - Jerk Dating","robots":{"index":"index","follow":"follow","max-snippet":"max-snippet:-1","max-image-preview":"max-image-preview:large","max-video-preview":"max-video-preview:-1"},"canonical":"https:\/\/mamasjerkstation.com\/it\/consigli-sugli-appuntamenti-con-lo-zucchero\/","og_locale":"it_IT","og_type":"article","og_title":"Consigli sugli appuntamenti con lo zucchero: Diventa un Sugar Daddy - Jerk Dating","og_description":"Sei single e stai cercando uno Sugar Daddy? Ci sono migliaia di uomini online che sono disposti a pagare per il sesso. Si fanno chiamare &hellip;","og_url":"https:\/\/mamasjerkstation.com\/it\/consigli-sugli-appuntamenti-con-lo-zucchero\/","og_site_name":"Jerk Dating","twitter_card":"summary_large_image","twitter_image":"https:\/\/mamasjerkstation.com\/wp-content\/uploads\/2022\/08\/match-making.webp","twitter_misc":{"Tempo di lettura stimato":"2 minuti"},"schema":{"@context":"https:\/\/schema.org","@graph":[{"@type":"WebSite","@id":"https:\/\/mamasjerkstation.com\/#website","url":"https:\/\/mamasjerkstation.com\/","name":"Jerk Dating","description":"Online Sex Websites","potentialAction":[{"@type":"SearchAction","target":{"@type":"EntryPoint","urlTemplate":"https:\/\/mamasjerkstation.com\/?s={search_term_string}"},"query-input":"required name=search_term_string"}],"inLanguage":"it-IT"},{"@type":"ImageObject","@id":"https:\/\/mamasjerkstation.com\/it\/consigli-sugli-appuntamenti-con-lo-zucchero\/#primaryimage","inLanguage":"it-IT","url":"https:\/\/mamasjerkstation.com\/wp-content\/uploads\/2022\/08\/match-making.webp","contentUrl":"https:\/\/mamasjerkstation.com\/wp-content\/uploads\/2022\/08\/match-making.webp","width":1125,"height":750},{"@type":"WebPage","@id":"https:\/\/mamasjerkstation.com\/it\/consigli-sugli-appuntamenti-con-lo-zucchero\/#webpage","url":"https:\/\/mamasjerkstation.com\/it\/consigli-sugli-appuntamenti-con-lo-zucchero\/","name":"Consigli sugli appuntamenti con lo zucchero: Diventa un Sugar Daddy - Jerk Dating","isPartOf":{"@id":"https:\/\/mamasjerkstation.com\/#website"},"primaryImageOfPage":{"@id":"https:\/\/mamasjerkstation.com\/it\/consigli-sugli-appuntamenti-con-lo-zucchero\/#primaryimage"},"datePublished":"2022-08-19T18:23:43+00:00","dateModified":"2022-08-19T18:23:43+00:00","breadcrumb":{"@id":"https:\/\/mamasjerkstation.com\/it\/consigli-sugli-appuntamenti-con-lo-zucchero\/#breadcrumb"},"inLanguage":"it-IT","potentialAction":[{"@type":"ReadAction","target":["https:\/\/mamasjerkstation.com\/it\/consigli-sugli-appuntamenti-con-lo-zucchero\/"]}]},{"@type":"BreadcrumbList","@id":"https:\/\/mamasjerkstation.com\/it\/consigli-sugli-appuntamenti-con-lo-zucchero\/#breadcrumb","itemListElement":[{"@type":"ListItem","position":1,"name":"Home","item":"http:\/\/mamasjerkstation.com\/it\/"},{"@type":"ListItem","position":2,"name":"Consigli sugli appuntamenti con lo zucchero"}]}]}},"_links":{"self":[{"href":"https:\/\/mamasjerkstation.com\/it\/wp-json\/wp\/v2\/pages\/268"}],"collection":[{"href":"https:\/\/mamasjerkstation.com\/it\/wp-json\/wp\/v2\/pages"}],"about":[{"href":"https:\/\/mamasjerkstation.com\/it\/wp-json\/wp\/v2\/types\/page"}],"author":[{"embeddable":true,"href":"https:\/\/mamasjerkstation.com\/it\/wp-json\/wp\/v2\/users\/1"}],"replies":[{"embeddable":true,"href":"https:\/\/mamasjerkstation.com\/it\/wp-json\/wp\/v2\/comments?post=268"}],"version-history":[{"count":0,"href":"https:\/\/mamasjerkstation.com\/it\/wp-json\/wp\/v2\/pages\/268\/revisions"}],"wp:featuredmedia":[{"embeddable":true,"href":"https:\/\/mamasjerkstation.com\/it\/wp-json\/wp\/v2\/media\/204"}],"wp:attachment":[{"href":"https:\/\/mamasjerkstation.com\/it\/wp-json\/wp\/v2\/media?parent=268"}],"curies":[{"name":"wp","href":"https:\/\/api.w.org\/{rel}","templated":true}]}}