{"id":262,"date":"2022-08-19T19:01:00","date_gmt":"2022-08-19T18:01:00","guid":{"rendered":"http:\/\/mamasjerkstation.com\/trova-sesso-occasionale-vicino-a-te\/"},"modified":"2022-08-19T19:01:00","modified_gmt":"2022-08-19T18:01:00","slug":"trova-sesso-occasionale-vicino-a-te","status":"publish","type":"page","link":"https:\/\/mamasjerkstation.com\/it\/trova-sesso-occasionale-vicino-a-te\/","title":{"rendered":"Trova sesso occasionale vicino a te"},"content":{"rendered":"<p>Se vuoi trovare sesso occasionale nella tua zona, ci sono alcune cose che probabilmente vorrai considerare. Prima di tutto, assicurati di sapere che tipo di esperienza stai cercando. Se stai solo cercando di incontrare un amico del cazzo, vai su una delle tante app di appuntamenti l\u00e0 fuori.<\/p>\n<p>Ti consigliamo di provare alcuni siti diversi dal nostro elenco e vedere quale funziona per te. Nessuno vuole passare ore a scorrere infiniti profili solo per incontrare uno sconosciuto. Quindi abbiamo messo insieme alcuni suggerimenti per aiutarti a navigare nel mondo degli appuntamenti online in sicurezza.<\/p>\n<h2>Le nostre scelte top per il sesso occasionale<\/h2>\n<p>Se vuoi tagliare tutta la spazzatura online con le <a href=\"http:\/\/mamasjerkstation.com\/it\/consigli-sugli-appuntamenti-con-lo-zucchero\/\">app di appuntamenti<\/a>, ti suggeriamo di provarne alcuni nella nostra lista. Ti aiuteranno a trovare il tipo di relazione che desideri.<\/p>\n<p>Abbiamo preso in considerazione l&#8217;esperienza personale, le recensioni degli utenti, le funzionalit\u00e0 di sicurezza \/ privacy e molto altro ancora quando abbiamo creato questo elenco.<\/p>\n<h3>Aff<\/h3>\n<p>AdultFriendFinder \u00e8 il sito di incontri pi\u00f9 popolare per trovare partner sessuali occasionali. Il sito esiste dal 1995 e vanta oltre 40 milioni di membri in tutto il mondo. Il sito offre l&#8217;abbonamento gratuito, ma ti consigliamo di passare all&#8217;accesso premium per vedere pi\u00f9 profili e utilizzare pi\u00f9 strumenti come messaggistica, chat room e video webcam. Oltre alle informazioni standard del profilo, puoi caricare foto e video, aggiungere amici, inviare ammiccamenti e sfogliare elenchi locali.<\/p>\n<p>Sia che tu voglia uscire con qualcuno in cerca di amore, scambisti, coppie o solo un buon divertimento vecchio stile, AFF \u00e8 sicuro di aiutarti.<\/p>\n<h3>Riercare<\/h3>\n<p>SeekingArrangement \u00e8 stata fondata nel 2004 e ora ha oltre 20 milioni di utenti registrati. Il suo slogan \u00e8 &#8220;Finding Love Online&#8221;. \u00c8 orientato verso le persone single benestanti che cercano relazioni a lungo termine. Paghi una tariffa mensile per iscriverti al sito e puoi scegliere se stai cercando amicizia, romanticismo, matrimonio o qualcos&#8217;altro.<\/p>\n<p>Questa app di appuntamenti \u00e8 progettata specificamente per coloro che amano gli appuntamenti di lusso. Se sei interessato a incontrare belle donne che sono pronte a spendere soldi per te, questo \u00e8 il posto migliore per trovarle.<\/p>\n<p>La cosa buona di questo sito \u00e8 la sicurezza, tutti i membri devono mostrare l&#8217;ID per iscriversi. Ci\u00f2 significa che avrai meno truffatori che utilizzano la piattaforma.<\/p>\n<h3>Smerigliatrice<\/h3>\n<p>Questo \u00e8 un social network progettato specificamente per uomini gay e bisessuali. \u00c8 un po &#8216;diverso da altri siti perch\u00e9 non consente agli utenti di trovare le date; invece, si concentra sull&#8217;aiutarli a incontrare potenziali partner romantici. I membri possono visualizzare le foto degli altri e parlare di se stessi, dei loro hobby e di ci\u00f2 a cui sono interessati.<\/p>\n<h3>Sentito<\/h3>\n<p>Questa \u00e8 un&#8217;app di appuntamenti queer che si concentra sulla connessione di uomini gay in tutto il mondo. \u00c8 simile a Grindr, tranne per il fatto che \u00e8 orientato verso coloro che cercano incontri casuali piuttosto che relazioni a lungo termine. Feeld \u00e8 completamente gratuito da scaricare e utilizzare, ma devi pagare $ 9.99 al mese per sbloccare funzionalit\u00e0 aggiuntive come chat di gruppo, eventi e club esclusivi.<\/p>\n<h3>HornySingles<\/h3>\n<p>HornySingles \u00e8 un&#8217;app di appuntamenti online gratuita in cui le persone possono connettersi in base agli interessi reciproci. I membri possono sfogliare i profili, inviare messaggi e stabilire connessioni con altri nelle vicinanze. Gli utenti sono in grado di impostare il proprio profilo per includere foto, video e informazioni aggiuntive su se stessi. Non ci sono commissioni associate all&#8217;iscrizione, rendendolo ideale per coloro che cercano di incontrare qualcuno senza dover spendere soldi in anticipo.<\/p>\n<h2>Il nostro consiglio a voi?<\/h2>\n<p>Ti consigliamo di tenere presente che alcuni siti sono completamente gratuiti, mentre altri hanno una piccola quantit\u00e0 di funzionalit\u00e0 premium. Molti dei siti popolari, come Tinder, OKCupid e Bumble, offrono sia versioni gratuite che a pagamento. Tuttavia, alcuni sono completamente gratuiti (e altri sono pi\u00f9 esclusivi come Seeking). Devi trovare quello giusto per te, ti consigliamo di testarne alcuni e vedere come ti piacciono.<\/p>\n","protected":false},"excerpt":{"rendered":"<p>Se vuoi trovare sesso occasionale nella tua zona, ci sono alcune cose che probabilmente vorrai considerare. Prima di tutto, assicurati di sapere che tipo di &hellip; <\/p>\n","protected":false},"author":1,"featured_media":189,"parent":0,"menu_order":0,"comment_status":"closed","ping_status":"closed","template":"","meta":[],"yoast_head":"<!-- This site is optimized with the Yoast SEO plugin v17.7.1 - https:\/\/yoast.com\/wordpress\/plugins\/seo\/ -->\n<title>Trova sesso occasionale vicino a te - Jerk Dating<\/title>\n<meta name=\"robots\" content=\"index, follow, max-snippet:-1, max-image-preview:large, max-video-preview:-1\" \/>\n<link rel=\"canonical\" href=\"https:\/\/mamasjerkstation.com\/it\/trova-sesso-occasionale-vicino-a-te\/\" \/>\n<meta property=\"og:locale\" content=\"it_IT\" \/>\n<meta property=\"og:type\" content=\"article\" \/>\n<meta property=\"og:title\" content=\"Trova sesso occasionale vicino a te - Jerk Dating\" \/>\n<meta property=\"og:description\" content=\"Se vuoi trovare sesso occasionale nella tua zona, ci sono alcune cose che probabilmente vorrai considerare. Prima di tutto, assicurati di sapere che tipo di &hellip;\" \/>\n<meta property=\"og:url\" content=\"https:\/\/mamasjerkstation.com\/it\/trova-sesso-occasionale-vicino-a-te\/\" \/>\n<meta property=\"og:site_name\" content=\"Jerk Dating\" \/>\n<meta property=\"og:image\" content=\"https:\/\/mamasjerkstation.com\/wp-content\/uploads\/2022\/08\/casual-sex-dating-websites.jpeg\" \/>\n\t<meta property=\"og:image:width\" content=\"2094\" \/>\n\t<meta property=\"og:image:height\" content=\"1500\" \/>\n<meta name=\"twitter:card\" content=\"summary_large_image\" \/>\n<meta name=\"twitter:label1\" content=\"Tempo di lettura stimato\" \/>\n\t<meta name=\"twitter:data1\" content=\"3 minuti\" \/>\n<script type=\"application\/ld+json\" class=\"yoast-schema-graph\">{\"@context\":\"https:\/\/schema.org\",\"@graph\":[{\"@type\":\"WebSite\",\"@id\":\"https:\/\/mamasjerkstation.com\/#website\",\"url\":\"https:\/\/mamasjerkstation.com\/\",\"name\":\"Jerk Dating\",\"description\":\"Online Sex Websites\",\"potentialAction\":[{\"@type\":\"SearchAction\",\"target\":{\"@type\":\"EntryPoint\",\"urlTemplate\":\"https:\/\/mamasjerkstation.com\/?s={search_term_string}\"},\"query-input\":\"required name=search_term_string\"}],\"inLanguage\":\"it-IT\"},{\"@type\":\"ImageObject\",\"@id\":\"https:\/\/mamasjerkstation.com\/it\/trova-sesso-occasionale-vicino-a-te\/#primaryimage\",\"inLanguage\":\"it-IT\",\"url\":\"https:\/\/mamasjerkstation.com\/wp-content\/uploads\/2022\/08\/casual-sex-dating-websites.jpeg\",\"contentUrl\":\"https:\/\/mamasjerkstation.com\/wp-content\/uploads\/2022\/08\/casual-sex-dating-websites.jpeg\",\"width\":2094,\"height\":1500},{\"@type\":\"WebPage\",\"@id\":\"https:\/\/mamasjerkstation.com\/it\/trova-sesso-occasionale-vicino-a-te\/#webpage\",\"url\":\"https:\/\/mamasjerkstation.com\/it\/trova-sesso-occasionale-vicino-a-te\/\",\"name\":\"Trova sesso occasionale vicino a te - Jerk Dating\",\"isPartOf\":{\"@id\":\"https:\/\/mamasjerkstation.com\/#website\"},\"primaryImageOfPage\":{\"@id\":\"https:\/\/mamasjerkstation.com\/it\/trova-sesso-occasionale-vicino-a-te\/#primaryimage\"},\"datePublished\":\"2022-08-19T18:01:00+00:00\",\"dateModified\":\"2022-08-19T18:01:00+00:00\",\"breadcrumb\":{\"@id\":\"https:\/\/mamasjerkstation.com\/it\/trova-sesso-occasionale-vicino-a-te\/#breadcrumb\"},\"inLanguage\":\"it-IT\",\"potentialAction\":[{\"@type\":\"ReadAction\",\"target\":[\"https:\/\/mamasjerkstation.com\/it\/trova-sesso-occasionale-vicino-a-te\/\"]}]},{\"@type\":\"BreadcrumbList\",\"@id\":\"https:\/\/mamasjerkstation.com\/it\/trova-sesso-occasionale-vicino-a-te\/#breadcrumb\",\"itemListElement\":[{\"@type\":\"ListItem\",\"position\":1,\"name\":\"Home\",\"item\":\"http:\/\/mamasjerkstation.com\/it\/\"},{\"@type\":\"ListItem\",\"position\":2,\"name\":\"Trova sesso occasionale vicino a te\"}]}]}<\/script>\n<!-- \/ Yoast SEO plugin. -->","yoast_head_json":{"title":"Trova sesso occasionale vicino a te - Jerk Dating","robots":{"index":"index","follow":"follow","max-snippet":"max-snippet:-1","max-image-preview":"max-image-preview:large","max-video-preview":"max-video-preview:-1"},"canonical":"https:\/\/mamasjerkstation.com\/it\/trova-sesso-occasionale-vicino-a-te\/","og_locale":"it_IT","og_type":"article","og_title":"Trova sesso occasionale vicino a te - Jerk Dating","og_description":"Se vuoi trovare sesso occasionale nella tua zona, ci sono alcune cose che probabilmente vorrai considerare. Prima di tutto, assicurati di sapere che tipo di &hellip;","og_url":"https:\/\/mamasjerkstation.com\/it\/trova-sesso-occasionale-vicino-a-te\/","og_site_name":"Jerk Dating","og_image":[{"width":2094,"height":1500,"url":"https:\/\/mamasjerkstation.com\/wp-content\/uploads\/2022\/08\/casual-sex-dating-websites.jpeg","type":"image\/jpeg"}],"twitter_card":"summary_large_image","twitter_misc":{"Tempo di lettura stimato":"3 minuti"},"schema":{"@context":"https:\/\/schema.org","@graph":[{"@type":"WebSite","@id":"https:\/\/mamasjerkstation.com\/#website","url":"https:\/\/mamasjerkstation.com\/","name":"Jerk Dating","description":"Online Sex Websites","potentialAction":[{"@type":"SearchAction","target":{"@type":"EntryPoint","urlTemplate":"https:\/\/mamasjerkstation.com\/?s={search_term_string}"},"query-input":"required name=search_term_string"}],"inLanguage":"it-IT"},{"@type":"ImageObject","@id":"https:\/\/mamasjerkstation.com\/it\/trova-sesso-occasionale-vicino-a-te\/#primaryimage","inLanguage":"it-IT","url":"https:\/\/mamasjerkstation.com\/wp-content\/uploads\/2022\/08\/casual-sex-dating-websites.jpeg","contentUrl":"https:\/\/mamasjerkstation.com\/wp-content\/uploads\/2022\/08\/casual-sex-dating-websites.jpeg","width":2094,"height":1500},{"@type":"WebPage","@id":"https:\/\/mamasjerkstation.com\/it\/trova-sesso-occasionale-vicino-a-te\/#webpage","url":"https:\/\/mamasjerkstation.com\/it\/trova-sesso-occasionale-vicino-a-te\/","name":"Trova sesso occasionale vicino a te - Jerk Dating","isPartOf":{"@id":"https:\/\/mamasjerkstation.com\/#website"},"primaryImageOfPage":{"@id":"https:\/\/mamasjerkstation.com\/it\/trova-sesso-occasionale-vicino-a-te\/#primaryimage"},"datePublished":"2022-08-19T18:01:00+00:00","dateModified":"2022-08-19T18:01:00+00:00","breadcrumb":{"@id":"https:\/\/mamasjerkstation.com\/it\/trova-sesso-occasionale-vicino-a-te\/#breadcrumb"},"inLanguage":"it-IT","potentialAction":[{"@type":"ReadAction","target":["https:\/\/mamasjerkstation.com\/it\/trova-sesso-occasionale-vicino-a-te\/"]}]},{"@type":"BreadcrumbList","@id":"https:\/\/mamasjerkstation.com\/it\/trova-sesso-occasionale-vicino-a-te\/#breadcrumb","itemListElement":[{"@type":"ListItem","position":1,"name":"Home","item":"http:\/\/mamasjerkstation.com\/it\/"},{"@type":"ListItem","position":2,"name":"Trova sesso occasionale vicino a te"}]}]}},"_links":{"self":[{"href":"https:\/\/mamasjerkstation.com\/it\/wp-json\/wp\/v2\/pages\/262"}],"collection":[{"href":"https:\/\/mamasjerkstation.com\/it\/wp-json\/wp\/v2\/pages"}],"about":[{"href":"https:\/\/mamasjerkstation.com\/it\/wp-json\/wp\/v2\/types\/page"}],"author":[{"embeddable":true,"href":"https:\/\/mamasjerkstation.com\/it\/wp-json\/wp\/v2\/users\/1"}],"replies":[{"embeddable":true,"href":"https:\/\/mamasjerkstation.com\/it\/wp-json\/wp\/v2\/comments?post=262"}],"version-history":[{"count":0,"href":"https:\/\/mamasjerkstation.com\/it\/wp-json\/wp\/v2\/pages\/262\/revisions"}],"wp:featuredmedia":[{"embeddable":true,"href":"https:\/\/mamasjerkstation.com\/it\/wp-json\/wp\/v2\/media\/189"}],"wp:attachment":[{"href":"https:\/\/mamasjerkstation.com\/it\/wp-json\/wp\/v2\/media?parent=262"}],"curies":[{"name":"wp","href":"https:\/\/api.w.org\/{rel}","templated":true}]}}