{"id":254,"date":"2022-08-19T16:45:46","date_gmt":"2022-08-19T15:45:46","guid":{"rendered":"http:\/\/mamasjerkstation.com\/trovare-il-jerk-giusto-fuori-dal-sito-per-te-sexting-online\/"},"modified":"2022-08-31T12:37:08","modified_gmt":"2022-08-31T11:37:08","slug":"trovare-il-jerk-giusto-fuori-dal-sito-per-te-sexting-online","status":"publish","type":"page","link":"https:\/\/mamasjerkstation.com\/it\/","title":{"rendered":"Trovare il jerk giusto fuori dal sito per te: sexting online"},"content":{"rendered":"<p>Sex Chat \u00e8 un tipo di comunicazione online in cui le persone si impegnano in attivit\u00e0 sessuali mentre comunicano tramite messaggi di testo, app di messaggistica istantanea, piattaforme di social media, ecc. Questa forma di comunicazione \u00e8 spesso indicata come sexting, anche se \u00e8 tecnicamente diversa dal sexting perch\u00e9 comporta chattare sul sesso piuttosto che inviare immagini o video espliciti di se stessi.<\/p>\n<h2>Trovare i giusti siti di Jerk Cam<\/h2>\n<p>Non c&#8217;\u00e8 modo migliore per <a href=\"http:\/\/mamasjerkstation.com\/it\/incontri-lgbt\/\">incontrare persone che la pensano allo stesso modo<\/a> e discutere argomenti come BDSM, feticci, kink, giochi di ruolo, abbigliamento fetish e molto altro. La nostra funzione di chat video in diretta ti consente di vedere come appaiono gli altri, in modo da poter decidere se vuoi interagire con loro. Se preferisci semplicemente leggere, abbiamo un sacco di articoli scritti da persone reali che discutono di tutto, da come prendere le ragazze a come renderti irresistibile.<\/p>\n<h3>App di incontri o siti di chat sessuale?<\/h3>\n<p>Il mondo \u00e8 pieno di persone che cercano l&#8217;amore online. Sia che stiano cercando qualcuno di speciale con cui uscire, o semplicemente vogliano collegarsi, ci sono molti modi per trovare il romanticismo. Un modo per farlo \u00e8 tramite un&#8217;app di appuntamenti come Tinder. Ma mentre app come Tinder sono ottime per incontrare potenziali appuntamenti <a href=\"http:\/\/www.incontri-per-sesso.com\">Incontri-Per-Sesso.com<\/a>, non sempre forniscono la migliore esperienza per coloro che cercano di incontrare altri nella vita reale.<\/p>\n<p>Ecco perch\u00e9 ci sono molti diversi tipi di social network progettati per aiutarti a connetterti con le persone di persona. Alcuni ti consentono di unirti a gruppi basati su interessi, hobby e altro ancora. Altri ti permettono di fare amicizia con estranei o semplicemente di parlare con persone vicine. E altri ancora offrono opportunit\u00e0 per incontri casuali, come una sveltina in un parco o una notte in una stanza d&#8217;albergo.<\/p>\n<p><img loading=\"lazy\" class=\"aligncenter wp-image-53\" src=\"http:\/\/mamasjerkstation.com\/wp-content\/uploads\/2022\/08\/adult-cams-1024x683.jpeg\" alt=\"\" width=\"705\" height=\"470\" srcset=\"https:\/\/mamasjerkstation.com\/wp-content\/uploads\/2022\/08\/adult-cams-1024x683.jpeg 1024w, https:\/\/mamasjerkstation.com\/wp-content\/uploads\/2022\/08\/adult-cams-300x200.jpeg 300w, https:\/\/mamasjerkstation.com\/wp-content\/uploads\/2022\/08\/adult-cams-768x512.jpeg 768w, https:\/\/mamasjerkstation.com\/wp-content\/uploads\/2022\/08\/adult-cams.jpeg 1125w\" sizes=\"(max-width: 705px) 100vw, 705px\" \/><\/p>\n<h3>Che dire dell&#8217;utilizzo dei siti cam?<\/h3>\n<p>Questi siti consentono alle persone di guardare gli altri impegnarsi in atti sessuali senza dover pagare. Alcuni dei pi\u00f9 noti siti di sex cam dal vivo includono Chaturbate, LiveJasmin, Cam4, MyFreeCams e Streamberry.<\/p>\n<p>Mentre alcune persone potrebbero presumere che le pornostar guadagnino la maggior parte dei soldi dal webcamming, si scopre che molti modelli in realt\u00e0 guadagnano meno di $ 100 al mese. E mentre ci sono certamente delle eccezioni, la maggior parte dei modelli non guadagna abbastanza soldi per sostenersi interamente fuori dal webcamming. Ma che dire di quelle volte in cui non hai voglia di guardare porno? O forse vuoi solo vedere quanto \u00e8 sexy un&#8217;altra persona che sembra nuda? Ci sono molti modi per farlo anche tu. Ad esempio, alcuni siti di chat sessuale trasmettono in streaming feed video in diretta dalle webcam dei loro membri. Questi live streaming di solito hanno un costo, ma a volte sono completamente gratuiti.<\/p>\n<h2>La nostra scelta calda: Dirty Roulette<\/h2>\n<p>Dirty Roulette \u00e8 uno dei pi\u00f9 antichi siti di webcam online, \u00e8 stato lanciato nel 2005. Questo sito di chat video per adulti offre video cam gratuite <a href=\"http:\/\/www.sito-per-sesso.com\">Sito-Per-Sesso.com<\/a> dal vivo con migliaia di modelli da tutto il mondo. Non \u00e8 nemmeno necessario registrarsi. Basta scegliere un modello che ti piace e iniziare a chattare. Se vuoi vedere di pi\u00f9, basta darle una mancia: far\u00e0 qualsiasi cosa per soldi. Dai un&#8217;occhiata alla lista delle migliori cam girl qui. Dirtyroulette \u00e8 uno dei siti di live cam pi\u00f9 popolari online. Puoi guardare centinaia di ragazze sexy eseguire atti sessuali dal vivo come masturbazione, pompini e altro ancora. Questo sito \u00e8 molto facile da usare. Basta registrarsi e puoi iniziare a guardare all&#8217;istante. Non sono richiesti download, basta registrarsi e iniziare a chattare.<\/p>\n<h2>Cam4 \u00b7<\/h2>\n<p>Cam4 \u00e8 uno dei siti pi\u00f9 popolari per guardare le ragazze webcam in diretta online. Ci sono migliaia e migliaia di belle donne in attesa di incontrarti online. Tutto quello che devi fare \u00e8 registrarti per un account gratuito e iniziare a navigare nelle loro ragazze webcam.<\/p>\n<p>Noterai che abbiamo diverse categorie in base a ci\u00f2 che ti interessa trovare. Che si tratti di ragazze adolescenti in webcam, ragazze webcam MILF o anche solo ragazze webcam amatoriali, c&#8217;\u00e8 qualcosa per tutti qui. Naviga nel loro sito e vedi quante ragazze webcam calde puoi trovare. Una volta trovata la modella con cui vuoi parlare, entra semplicemente nella sua chat room e sar\u00e0 pronta a rispondere alle tue domande. Se non sai da dove cominciare, sentiti libero di chiederci qualcosa sulle ragazze webcam con cui vorresti parlare. Il loro team di assistenza clienti \u00e8 sempre felice di aiutarti.<\/p>\n<p>Il motivo principale per cui <a href=\"https:\/\/www.siti-incontri.net\/\">www.siti-incontri.net<\/a> si distingue dal resto della concorrenza \u00e8 dovuto al fatto che forniscono ai propri utenti la possibilit\u00e0 di interagire con ciascun modello durante il loro spettacolo dal vivo. Questa funzione ti consente di goderti l&#8217;azione mentre chatti direttamente con i modelli. Inoltre, puoi inviare messaggi di testo illimitati durante l&#8217;intera sessione, porre domande sull&#8217;aspetto dell&#8217;esecutore, sul tipo di corporatura, sull&#8217;etnia, sul colore dei capelli, sull&#8217;et\u00e0 e molti<\/p>\n<h2>I nostri consigli<\/h2>\n<p>Innanzitutto, prova le due app che abbiamo consigliato sopra, se non fanno per te, prova un&#8217;altra scelta popolare come Chaturbate.<\/p>\n<p>Questo \u00e8 probabilmente il pi\u00f9 grande nome nell&#8217;intrattenimento per adulti oggi. Con oltre 5 milioni di visite mensili, Chaturbate \u00e8 la pi\u00f9 grande piattaforma di camming dal vivo al mondo. Forniscono una vasta gamma di funzionalit\u00e0 tra cui chat video sexy, gallerie fotografiche cattive e persino sessioni di sesso di gruppo.<\/p>\n","protected":false},"excerpt":{"rendered":"<p>Sex Chat \u00e8 un tipo di comunicazione online in cui le persone si impegnano in attivit\u00e0 sessuali mentre comunicano tramite messaggi di testo, app di &hellip; <\/p>\n","protected":false},"author":1,"featured_media":99,"parent":0,"menu_order":0,"comment_status":"closed","ping_status":"closed","template":"","meta":[],"yoast_head":"<!-- This site is optimized with the Yoast SEO plugin v17.7.1 - https:\/\/yoast.com\/wordpress\/plugins\/seo\/ -->\n<title>Trovare il jerk giusto fuori dal sito per te: sexting online - Jerk Dating<\/title>\n<meta name=\"robots\" content=\"index, follow, max-snippet:-1, max-image-preview:large, max-video-preview:-1\" \/>\n<link rel=\"canonical\" href=\"https:\/\/mamasjerkstation.com\/it\/\" \/>\n<meta property=\"og:locale\" content=\"it_IT\" \/>\n<meta property=\"og:type\" content=\"article\" \/>\n<meta property=\"og:title\" content=\"Trovare il jerk giusto fuori dal sito per te: sexting online - Jerk Dating\" \/>\n<meta property=\"og:description\" content=\"Sex Chat \u00e8 un tipo di comunicazione online in cui le persone si impegnano in attivit\u00e0 sessuali mentre comunicano tramite messaggi di testo, app di &hellip;\" \/>\n<meta property=\"og:url\" content=\"https:\/\/mamasjerkstation.com\/it\/\" \/>\n<meta property=\"og:site_name\" content=\"Jerk Dating\" \/>\n<meta property=\"article:modified_time\" content=\"2022-08-31T11:37:08+00:00\" \/>\n<meta property=\"og:image\" content=\"http:\/\/mamasjerkstation.com\/wp-content\/uploads\/2022\/08\/sexting-cam-rooms.jpeg\" \/>\n\t<meta property=\"og:image:width\" content=\"1125\" \/>\n\t<meta property=\"og:image:height\" content=\"750\" \/>\n<meta name=\"twitter:card\" content=\"summary_large_image\" \/>\n<meta name=\"twitter:label1\" content=\"Tempo di lettura stimato\" \/>\n\t<meta name=\"twitter:data1\" content=\"4 minuti\" \/>\n<script type=\"application\/ld+json\" class=\"yoast-schema-graph\">{\"@context\":\"https:\/\/schema.org\",\"@graph\":[{\"@type\":\"WebSite\",\"@id\":\"https:\/\/mamasjerkstation.com\/#website\",\"url\":\"https:\/\/mamasjerkstation.com\/\",\"name\":\"Jerk Dating\",\"description\":\"Online Sex Websites\",\"potentialAction\":[{\"@type\":\"SearchAction\",\"target\":{\"@type\":\"EntryPoint\",\"urlTemplate\":\"https:\/\/mamasjerkstation.com\/?s={search_term_string}\"},\"query-input\":\"required name=search_term_string\"}],\"inLanguage\":\"it-IT\"},{\"@type\":\"ImageObject\",\"@id\":\"https:\/\/mamasjerkstation.com\/it\/#primaryimage\",\"inLanguage\":\"it-IT\",\"url\":\"https:\/\/mamasjerkstation.com\/wp-content\/uploads\/2022\/08\/sexting-cam-rooms.jpeg\",\"contentUrl\":\"https:\/\/mamasjerkstation.com\/wp-content\/uploads\/2022\/08\/sexting-cam-rooms.jpeg\",\"width\":1125,\"height\":750},{\"@type\":\"WebPage\",\"@id\":\"https:\/\/mamasjerkstation.com\/it\/#webpage\",\"url\":\"https:\/\/mamasjerkstation.com\/it\/\",\"name\":\"Trovare il jerk giusto fuori dal sito per te: sexting online - Jerk Dating\",\"isPartOf\":{\"@id\":\"https:\/\/mamasjerkstation.com\/#website\"},\"primaryImageOfPage\":{\"@id\":\"https:\/\/mamasjerkstation.com\/it\/#primaryimage\"},\"datePublished\":\"2022-08-19T15:45:46+00:00\",\"dateModified\":\"2022-08-31T11:37:08+00:00\",\"breadcrumb\":{\"@id\":\"https:\/\/mamasjerkstation.com\/it\/#breadcrumb\"},\"inLanguage\":\"it-IT\",\"potentialAction\":[{\"@type\":\"ReadAction\",\"target\":[\"https:\/\/mamasjerkstation.com\/it\/\"]}]},{\"@type\":\"BreadcrumbList\",\"@id\":\"https:\/\/mamasjerkstation.com\/it\/#breadcrumb\",\"itemListElement\":[{\"@type\":\"ListItem\",\"position\":1,\"name\":\"Home\",\"item\":\"http:\/\/mamasjerkstation.com\/it\/\"},{\"@type\":\"ListItem\",\"position\":2,\"name\":\"Trovare il jerk giusto fuori dal sito per te: sexting online\"}]}]}<\/script>\n<!-- \/ Yoast SEO plugin. -->","yoast_head_json":{"title":"Trovare il jerk giusto fuori dal sito per te: sexting online - Jerk Dating","robots":{"index":"index","follow":"follow","max-snippet":"max-snippet:-1","max-image-preview":"max-image-preview:large","max-video-preview":"max-video-preview:-1"},"canonical":"https:\/\/mamasjerkstation.com\/it\/","og_locale":"it_IT","og_type":"article","og_title":"Trovare il jerk giusto fuori dal sito per te: sexting online - Jerk Dating","og_description":"Sex Chat \u00e8 un tipo di comunicazione online in cui le persone si impegnano in attivit\u00e0 sessuali mentre comunicano tramite messaggi di testo, app di &hellip;","og_url":"https:\/\/mamasjerkstation.com\/it\/","og_site_name":"Jerk Dating","article_modified_time":"2022-08-31T11:37:08+00:00","og_image":[{"width":1125,"height":750,"url":"http:\/\/mamasjerkstation.com\/wp-content\/uploads\/2022\/08\/sexting-cam-rooms.jpeg","type":"image\/jpeg"}],"twitter_card":"summary_large_image","twitter_misc":{"Tempo di lettura stimato":"4 minuti"},"schema":{"@context":"https:\/\/schema.org","@graph":[{"@type":"WebSite","@id":"https:\/\/mamasjerkstation.com\/#website","url":"https:\/\/mamasjerkstation.com\/","name":"Jerk Dating","description":"Online Sex Websites","potentialAction":[{"@type":"SearchAction","target":{"@type":"EntryPoint","urlTemplate":"https:\/\/mamasjerkstation.com\/?s={search_term_string}"},"query-input":"required name=search_term_string"}],"inLanguage":"it-IT"},{"@type":"ImageObject","@id":"https:\/\/mamasjerkstation.com\/it\/#primaryimage","inLanguage":"it-IT","url":"https:\/\/mamasjerkstation.com\/wp-content\/uploads\/2022\/08\/sexting-cam-rooms.jpeg","contentUrl":"https:\/\/mamasjerkstation.com\/wp-content\/uploads\/2022\/08\/sexting-cam-rooms.jpeg","width":1125,"height":750},{"@type":"WebPage","@id":"https:\/\/mamasjerkstation.com\/it\/#webpage","url":"https:\/\/mamasjerkstation.com\/it\/","name":"Trovare il jerk giusto fuori dal sito per te: sexting online - Jerk Dating","isPartOf":{"@id":"https:\/\/mamasjerkstation.com\/#website"},"primaryImageOfPage":{"@id":"https:\/\/mamasjerkstation.com\/it\/#primaryimage"},"datePublished":"2022-08-19T15:45:46+00:00","dateModified":"2022-08-31T11:37:08+00:00","breadcrumb":{"@id":"https:\/\/mamasjerkstation.com\/it\/#breadcrumb"},"inLanguage":"it-IT","potentialAction":[{"@type":"ReadAction","target":["https:\/\/mamasjerkstation.com\/it\/"]}]},{"@type":"BreadcrumbList","@id":"https:\/\/mamasjerkstation.com\/it\/#breadcrumb","itemListElement":[{"@type":"ListItem","position":1,"name":"Home","item":"http:\/\/mamasjerkstation.com\/it\/"},{"@type":"ListItem","position":2,"name":"Trovare il jerk giusto fuori dal sito per te: sexting online"}]}]}},"_links":{"self":[{"href":"https:\/\/mamasjerkstation.com\/it\/wp-json\/wp\/v2\/pages\/254"}],"collection":[{"href":"https:\/\/mamasjerkstation.com\/it\/wp-json\/wp\/v2\/pages"}],"about":[{"href":"https:\/\/mamasjerkstation.com\/it\/wp-json\/wp\/v2\/types\/page"}],"author":[{"embeddable":true,"href":"https:\/\/mamasjerkstation.com\/it\/wp-json\/wp\/v2\/users\/1"}],"replies":[{"embeddable":true,"href":"https:\/\/mamasjerkstation.com\/it\/wp-json\/wp\/v2\/comments?post=254"}],"version-history":[{"count":2,"href":"https:\/\/mamasjerkstation.com\/it\/wp-json\/wp\/v2\/pages\/254\/revisions"}],"predecessor-version":[{"id":344,"href":"https:\/\/mamasjerkstation.com\/it\/wp-json\/wp\/v2\/pages\/254\/revisions\/344"}],"wp:featuredmedia":[{"embeddable":true,"href":"https:\/\/mamasjerkstation.com\/it\/wp-json\/wp\/v2\/media\/99"}],"wp:attachment":[{"href":"https:\/\/mamasjerkstation.com\/it\/wp-json\/wp\/v2\/media?parent=254"}],"curies":[{"name":"wp","href":"https:\/\/api.w.org\/{rel}","templated":true}]}}