{"id":327,"date":"2022-08-19T17:36:00","date_gmt":"2022-08-19T16:36:00","guid":{"rendered":"http:\/\/mamasjerkstation.com\/najbolje-aplikacije-za-upoznavanje-2022-za-samce\/"},"modified":"2022-08-19T17:36:00","modified_gmt":"2022-08-19T16:36:00","slug":"najbolje-aplikacije-za-upoznavanje-2022-za-samce","status":"publish","type":"page","link":"https:\/\/mamasjerkstation.com\/hr\/najbolje-aplikacije-za-upoznavanje-2022-za-samce\/","title":{"rendered":"Najbolje aplikacije za upoznavanje 2022. za samce"},"content":{"rendered":"<p>Ako tra\u017eite ljubav na mre\u017ei, mo\u017ee biti te\u0161ko shvatiti odakle po\u010deti. Sa stotinama aplikacija za upoznavanje, kako znate koja je prava za vas? Evo nekoliko savjeta koji \u0107e vam pomo\u0107i da napravite pravi izbor.<\/p>\n<h2>Dohva\u0107anje prave aplikacije<\/h2>\n<p>Naravno, budu\u0107i da je ovo aplikacija za upoznavanje, uklju\u010duje odjeljak za <a href=\"http:\/\/mamasjerkstation.com\/hr\/lgbt-upoznavanje\/\">flert i \u010davrljanje<\/a>, ali uglavnom je usredoto\u010dena na upoznavanje ljudi za stvarne datume. A ako tra\u017eite nekoga tko \u017eeli i\u0107i dalje, onda \u0107ete vjerojatno htjeti potra\u017eiti negdje drugdje.<\/p>\n<p>Dakle, ako \u017eelite prona\u0107i lijep datum na mre\u017ei, bilo da se radi o seksu za jednu no\u0107 ili vezi, definitivno ne\u0107ete pogrije\u0161iti s jednom od na\u0161ih preporuka<\/p>\n<h3>Mingle2<\/h3>\n<p>Mingle2 je jedna od najpopularnijih besplatnih internetskih stranica za upoznavanje. S vi\u0161e od 40 milijuna registriranih korisnika, ne \u010dudi \u0161to je aplikacija postala nezaobilazna za sve koji tra\u017ee ljubav. Web mjesto mo\u017eete koristiti za upoznavanje ljudi u blizini, \u010davrljanje i koketiranje putem tekstualnih poruka.<\/p>\n<p>Aplikacija vas povezuje sa samcima na temelju va\u0161e lokacije, dobi i preferencija odnosa. Mo\u017eete pregledavati profile i slati virtualne darove kako biste izrazili interes. Kada se nekome svidi va\u0161 profil, primit \u0107e obavijest i mo\u017eete po\u010deti \u010davrljati. Ako su obje strane zainteresirane, mo\u017eete dogovoriti sastanak.<\/p>\n<p>Ne morate ni\u0161ta ni platiti; stranica je potpuno besplatna za pridru\u017eivanje. Budu\u0107i da je u vlasni\u0161tvu Match Group, mo\u017eete biti sigurni da su va\u0161i osobni podaci sigurni.<\/p>\n<h3>SilverSingles<\/h3>\n<p>SilverSingles je internetska stranica za upoznavanje na kojoj stariji ljudi upoznaju ljude koji tra\u017ee ljubav. Vjeruju da je va\u017eno da stvari budu jednostavne i jednostavne za upotrebu. Zbog toga ne zahtijevaju \u010dlanarine, korake provjere ili \u010dak e-po\u0161tu. Samo se prijavite i po\u010dnite pregledavati.<\/p>\n<h3>eHarmony<\/h3>\n<p>eHarmony je jedna od najstarijih internetskih stranica za upoznavanje. Osnovana 2000. godine, nudi testiranje kompatibilnosti i podudaranja temeljena na osobinama li\u010dnosti. Korisnicima se postavljaju pitanja o njihovim interesima, vrijednostima, hobijima, ciljevima karijere itd. i dobivaju povratne informacije o tome koliko se dobro uklapaju. Ako \u017eelite prona\u0107i ljubav, eHarmony bi vam mogao uspjeti.<\/p>\n<h3>Tra\u017ee<\/h3>\n<p>Tra\u017eite ne\u0161to ozbiljno? Seek.com osmi\u0161ljen je kako bi vam pomogao da se pove\u017eete s ljudima koji tra\u017ee dugoro\u010dne veze. Profile mo\u017eete pregledavati na temelju dobi, lokacije, statusa veze, pa \u010dak i religije. Web mjesto vam omogu\u0107uje postavljanje upozorenja koja \u0107e vas obavijestiti kad god vam netko po\u0161alje zahtjev za prijateljstvo ili vam napi\u0161e poruku. Besplatno je prijaviti se i pregledavati, ali morate platiti za slanje poruka potencijalnim prijateljima.<\/p>\n<h3>Ashley Madison<\/h3>\n<p>Ashley Madison smatra se glavnim odredi\u0161tem za o\u017eenjene ljude koji tra\u017ee afere. Kao najpopularnija stranica za osobne osobe za odrasle, Ashley Madison mo\u017ee se pohvaliti s vi\u0161e od 27 milijuna aktivnih \u010dlanova. Korisnici se mogu besplatno prijaviti i po\u010deti pregledavati profile lokalnih mu\u0161karaca i \u017eena. Nakon \u0161to prona\u0111ete nekoga koga biste \u017eeljeli upoznati, mo\u017eete po\u010deti razgovarati i dogovarati sastanak. \u010clanovi mogu dodatno platiti za primanje posebnih pogodnosti kao \u0161to su VIP status, pobolj\u0161ane sigurnosne mjere i 24\/7 korisni\u010dka podr\u0161ka.<\/p>\n","protected":false},"excerpt":{"rendered":"<p>Ako tra\u017eite ljubav na mre\u017ei, mo\u017ee biti te\u0161ko shvatiti odakle po\u010deti. Sa stotinama aplikacija za upoznavanje, kako znate koja je prava za vas? Evo nekoliko &hellip; <\/p>\n","protected":false},"author":1,"featured_media":123,"parent":0,"menu_order":0,"comment_status":"closed","ping_status":"closed","template":"","meta":[],"yoast_head":"<!-- This site is optimized with the Yoast SEO plugin v17.7.1 - https:\/\/yoast.com\/wordpress\/plugins\/seo\/ -->\n<title>Najbolje aplikacije za upoznavanje 2022. za samce - Jerk Dating<\/title>\n<meta name=\"robots\" content=\"index, follow, max-snippet:-1, max-image-preview:large, max-video-preview:-1\" \/>\n<link rel=\"canonical\" href=\"https:\/\/mamasjerkstation.com\/hr\/najbolje-aplikacije-za-upoznavanje-2022-za-samce\/\" \/>\n<meta property=\"og:locale\" content=\"hr_HR\" \/>\n<meta property=\"og:type\" content=\"article\" \/>\n<meta property=\"og:title\" content=\"Najbolje aplikacije za upoznavanje 2022. za samce - Jerk Dating\" \/>\n<meta property=\"og:description\" content=\"Ako tra\u017eite ljubav na mre\u017ei, mo\u017ee biti te\u0161ko shvatiti odakle po\u010deti. Sa stotinama aplikacija za upoznavanje, kako znate koja je prava za vas? Evo nekoliko &hellip;\" \/>\n<meta property=\"og:url\" content=\"https:\/\/mamasjerkstation.com\/hr\/najbolje-aplikacije-za-upoznavanje-2022-za-samce\/\" \/>\n<meta property=\"og:site_name\" content=\"Jerk Dating\" \/>\n<meta property=\"og:image\" content=\"http:\/\/mamasjerkstation.com\/wp-content\/uploads\/2022\/08\/dating.jpeg\" \/>\n\t<meta property=\"og:image:width\" content=\"2000\" \/>\n\t<meta property=\"og:image:height\" content=\"1500\" \/>\n<meta name=\"twitter:card\" content=\"summary_large_image\" \/>\n<meta name=\"twitter:label1\" content=\"Procijenjeno vrijeme \u010ditanja\" \/>\n\t<meta name=\"twitter:data1\" content=\"3 minute\" \/>\n<script type=\"application\/ld+json\" class=\"yoast-schema-graph\">{\"@context\":\"https:\/\/schema.org\",\"@graph\":[{\"@type\":\"WebSite\",\"@id\":\"https:\/\/mamasjerkstation.com\/#website\",\"url\":\"https:\/\/mamasjerkstation.com\/\",\"name\":\"Jerk Dating\",\"description\":\"Online Sex Websites\",\"potentialAction\":[{\"@type\":\"SearchAction\",\"target\":{\"@type\":\"EntryPoint\",\"urlTemplate\":\"https:\/\/mamasjerkstation.com\/?s={search_term_string}\"},\"query-input\":\"required name=search_term_string\"}],\"inLanguage\":\"hr\"},{\"@type\":\"ImageObject\",\"@id\":\"https:\/\/mamasjerkstation.com\/hr\/najbolje-aplikacije-za-upoznavanje-2022-za-samce\/#primaryimage\",\"inLanguage\":\"hr\",\"url\":\"https:\/\/mamasjerkstation.com\/wp-content\/uploads\/2022\/08\/dating.jpeg\",\"contentUrl\":\"https:\/\/mamasjerkstation.com\/wp-content\/uploads\/2022\/08\/dating.jpeg\",\"width\":2000,\"height\":1500},{\"@type\":\"WebPage\",\"@id\":\"https:\/\/mamasjerkstation.com\/hr\/najbolje-aplikacije-za-upoznavanje-2022-za-samce\/#webpage\",\"url\":\"https:\/\/mamasjerkstation.com\/hr\/najbolje-aplikacije-za-upoznavanje-2022-za-samce\/\",\"name\":\"Najbolje aplikacije za upoznavanje 2022. za samce - Jerk Dating\",\"isPartOf\":{\"@id\":\"https:\/\/mamasjerkstation.com\/#website\"},\"primaryImageOfPage\":{\"@id\":\"https:\/\/mamasjerkstation.com\/hr\/najbolje-aplikacije-za-upoznavanje-2022-za-samce\/#primaryimage\"},\"datePublished\":\"2022-08-19T16:36:00+00:00\",\"dateModified\":\"2022-08-19T16:36:00+00:00\",\"breadcrumb\":{\"@id\":\"https:\/\/mamasjerkstation.com\/hr\/najbolje-aplikacije-za-upoznavanje-2022-za-samce\/#breadcrumb\"},\"inLanguage\":\"hr\",\"potentialAction\":[{\"@type\":\"ReadAction\",\"target\":[\"https:\/\/mamasjerkstation.com\/hr\/najbolje-aplikacije-za-upoznavanje-2022-za-samce\/\"]}]},{\"@type\":\"BreadcrumbList\",\"@id\":\"https:\/\/mamasjerkstation.com\/hr\/najbolje-aplikacije-za-upoznavanje-2022-za-samce\/#breadcrumb\",\"itemListElement\":[{\"@type\":\"ListItem\",\"position\":1,\"name\":\"Home\",\"item\":\"https:\/\/mamasjerkstation.com\/hr\/\"},{\"@type\":\"ListItem\",\"position\":2,\"name\":\"Najbolje aplikacije za upoznavanje 2022. za samce\"}]}]}<\/script>\n<!-- \/ Yoast SEO plugin. -->","yoast_head_json":{"title":"Najbolje aplikacije za upoznavanje 2022. za samce - Jerk Dating","robots":{"index":"index","follow":"follow","max-snippet":"max-snippet:-1","max-image-preview":"max-image-preview:large","max-video-preview":"max-video-preview:-1"},"canonical":"https:\/\/mamasjerkstation.com\/hr\/najbolje-aplikacije-za-upoznavanje-2022-za-samce\/","og_locale":"hr_HR","og_type":"article","og_title":"Najbolje aplikacije za upoznavanje 2022. za samce - Jerk Dating","og_description":"Ako tra\u017eite ljubav na mre\u017ei, mo\u017ee biti te\u0161ko shvatiti odakle po\u010deti. Sa stotinama aplikacija za upoznavanje, kako znate koja je prava za vas? Evo nekoliko &hellip;","og_url":"https:\/\/mamasjerkstation.com\/hr\/najbolje-aplikacije-za-upoznavanje-2022-za-samce\/","og_site_name":"Jerk Dating","og_image":[{"width":2000,"height":1500,"url":"http:\/\/mamasjerkstation.com\/wp-content\/uploads\/2022\/08\/dating.jpeg","type":"image\/jpeg"}],"twitter_card":"summary_large_image","twitter_misc":{"Procijenjeno vrijeme \u010ditanja":"3 minute"},"schema":{"@context":"https:\/\/schema.org","@graph":[{"@type":"WebSite","@id":"https:\/\/mamasjerkstation.com\/#website","url":"https:\/\/mamasjerkstation.com\/","name":"Jerk Dating","description":"Online Sex Websites","potentialAction":[{"@type":"SearchAction","target":{"@type":"EntryPoint","urlTemplate":"https:\/\/mamasjerkstation.com\/?s={search_term_string}"},"query-input":"required name=search_term_string"}],"inLanguage":"hr"},{"@type":"ImageObject","@id":"https:\/\/mamasjerkstation.com\/hr\/najbolje-aplikacije-za-upoznavanje-2022-za-samce\/#primaryimage","inLanguage":"hr","url":"https:\/\/mamasjerkstation.com\/wp-content\/uploads\/2022\/08\/dating.jpeg","contentUrl":"https:\/\/mamasjerkstation.com\/wp-content\/uploads\/2022\/08\/dating.jpeg","width":2000,"height":1500},{"@type":"WebPage","@id":"https:\/\/mamasjerkstation.com\/hr\/najbolje-aplikacije-za-upoznavanje-2022-za-samce\/#webpage","url":"https:\/\/mamasjerkstation.com\/hr\/najbolje-aplikacije-za-upoznavanje-2022-za-samce\/","name":"Najbolje aplikacije za upoznavanje 2022. za samce - Jerk Dating","isPartOf":{"@id":"https:\/\/mamasjerkstation.com\/#website"},"primaryImageOfPage":{"@id":"https:\/\/mamasjerkstation.com\/hr\/najbolje-aplikacije-za-upoznavanje-2022-za-samce\/#primaryimage"},"datePublished":"2022-08-19T16:36:00+00:00","dateModified":"2022-08-19T16:36:00+00:00","breadcrumb":{"@id":"https:\/\/mamasjerkstation.com\/hr\/najbolje-aplikacije-za-upoznavanje-2022-za-samce\/#breadcrumb"},"inLanguage":"hr","potentialAction":[{"@type":"ReadAction","target":["https:\/\/mamasjerkstation.com\/hr\/najbolje-aplikacije-za-upoznavanje-2022-za-samce\/"]}]},{"@type":"BreadcrumbList","@id":"https:\/\/mamasjerkstation.com\/hr\/najbolje-aplikacije-za-upoznavanje-2022-za-samce\/#breadcrumb","itemListElement":[{"@type":"ListItem","position":1,"name":"Home","item":"https:\/\/mamasjerkstation.com\/hr\/"},{"@type":"ListItem","position":2,"name":"Najbolje aplikacije za upoznavanje 2022. za samce"}]}]}},"_links":{"self":[{"href":"https:\/\/mamasjerkstation.com\/hr\/wp-json\/wp\/v2\/pages\/327"}],"collection":[{"href":"https:\/\/mamasjerkstation.com\/hr\/wp-json\/wp\/v2\/pages"}],"about":[{"href":"https:\/\/mamasjerkstation.com\/hr\/wp-json\/wp\/v2\/types\/page"}],"author":[{"embeddable":true,"href":"https:\/\/mamasjerkstation.com\/hr\/wp-json\/wp\/v2\/users\/1"}],"replies":[{"embeddable":true,"href":"https:\/\/mamasjerkstation.com\/hr\/wp-json\/wp\/v2\/comments?post=327"}],"version-history":[{"count":0,"href":"https:\/\/mamasjerkstation.com\/hr\/wp-json\/wp\/v2\/pages\/327\/revisions"}],"wp:featuredmedia":[{"embeddable":true,"href":"https:\/\/mamasjerkstation.com\/hr\/wp-json\/wp\/v2\/media\/123"}],"wp:attachment":[{"href":"https:\/\/mamasjerkstation.com\/hr\/wp-json\/wp\/v2\/media?parent=327"}],"curies":[{"name":"wp","href":"https:\/\/api.w.org\/{rel}","templated":true}]}}