{"id":306,"date":"2022-08-19T18:48:22","date_gmt":"2022-08-19T17:48:22","guid":{"rendered":"http:\/\/mamasjerkstation.com\/razgovarajte-sa-strancima-na-mrezi\/"},"modified":"2022-08-19T18:48:22","modified_gmt":"2022-08-19T17:48:22","slug":"razgovarajte-sa-strancima-na-mrezi","status":"publish","type":"page","link":"https:\/\/mamasjerkstation.com\/hr\/razgovarajte-sa-strancima-na-mrezi\/","title":{"rendered":"Razgovarajte sa strancima na mre\u017ei"},"content":{"rendered":"<p>Ne tra\u017ei svaka djevojka na tim stranicama seks. Nekima je samo dosadno i \u017eele razgovarati sa strancima. Drugi tra\u017ee prijatelje. No, iako ne\u0107ete nikoga upoznati ni na jednoj web stranici, mo\u017eda \u0107ete ipak na kraju vidjeti ne\u0161to \u0161to niste o\u010dekivali.<\/p>\n<h2>Cam sites ili chat sobe<\/h2>\n<p>Ako tra\u017eite mjesto na kojem mo\u017eete upoznati prave djevojke na mre\u017ei, velike su \u0161anse da ste razo\u010darani opcijama vani. Problem je \u0161to pronala\u017eenje dobre web stranice nije lako. Postoji mno\u0161tvo besplatnih porno chat soba, ali ve\u0107ina ih je ispunjena botovima, a ne ljudima. Iako je istina da pla\u0107ene web stranice poput MyFreeCams nude prave cam djevojke, ti modeli nisu uvijek aktivni ili spremni komunicirati s posjetiteljima.<\/p>\n<p>Pretra\u017eili smo web za najbolje web stranice za sex chat i prona\u0161li smo ih sve. Dakle, bez obzira \u017eelite li razgovarati s MILF-ovima, tinejd\u017eerima, BDSM-om ili \u010dak parovima, na\u0161 popis ima sve \u0161to bi vam moglo zatrebati. Postoji mnogo razli\u010ditih vrsta soba koje mo\u017eete izabrati, od kojih svaka ugostiteljstvo za specifi\u010dne potrebe i \u017eelje. Neki ljudi vi\u0161e vole razgovarati sa strancima, dok drugi u\u017eivaju u upoznavanju nekoga koga ve\u0107 poznaju. Neki ljudi vole govoriti prljavo, dok drugi jednostavno \u017eele razgovarati o bilo \u010demu drugom osim o seksu.<\/p>\n<h2>Aplikacije za upoznavanje<\/h2>\n<p>Postoji mnogo <a href=\"http:\/\/mamasjerkstation.com\/hr\/lgbt-upoznavanje\/\">internetskih platformi za upoznavanje<\/a> , ali nakon \u0161to prona\u0111ete jednu koja vam odgovara, vjerojatno \u0107ete je se neko vrijeme dr\u017eati. Ali \u0161to se doga\u0111a kada ste spremni krenuti dalje i poku\u0161ati ne\u0161to drugo? Ako tra\u017eite dobru aplikaciju za spajanje, evo svega \u0161to trebate znati. Postoje doslovno tisu\u0107e razli\u010ditih aplikacija za upoznavanje i web stranica, a iako biste mogli pomisliti da znate \u0161to radite, velike su \u0161anse da biste lako mogli izgubiti sate na sate svog \u017eivota tra\u017ee\u0107i ne\u0161to \u010dega \u010dak i nema. Dakle, bilo da tra\u017eite povremene veze, dugoro\u010dne veze ili mo\u017eda \u010dak brak, pokrili smo vas. Zapravo, sastavili smo popis najboljih soba za seksualni chat danas, tako da napokon mo\u017eete prestati brinuti o tome da nemate sre\u0107e s online spojevima.<\/p>\n<p><strong>Na \u0161to treba paziti na web lokacijama za upoznavanje:<\/strong><\/p>\n<h3>Sigurnosne zna\u010dajke<\/h3>\n<p>Web stranice za spajanje obi\u010dno nude sigurnosne zna\u010dajke za za\u0161titu od prevaranata, hakera i kradljivaca identiteta. To uklju\u010duje metode provjere kao \u0161to su potvrda adrese e-po\u0161te i provjera telefonskog broja. Tako\u0111er \u0107e \u010desto tra\u017eiti dodatne informacije o sebi, uklju\u010duju\u0107i va\u0161u dob i lokaciju, prije nego \u0161to vam omogu\u0107e pristup. Ako vidite ne\u0161to sumnjivo, velike su \u0161anse da stranica nije vrijedna va\u0161eg vremena.<\/p>\n<h3>Potvr\u0111eni profili<\/h3>\n<p>Kada se prijavite za aplikaciju ili web-lokaciju za spajanje, provjerite jeste li potvrdili svoj profil. Time se osigurava da ono \u0161to stavite na papir odgovara onome \u0161to je u datoteci s web-mjestom. Ve\u0107ina web lokacija za spajanje omogu\u0107uje vam da prenesete svoju fotografiju, \u0161to poma\u017ee potvrditi da ste stvarni. Ne biste trebali platiti da biste potvrdili svoj ra\u010dun, ali neke web stranice napla\u0107uju dodatne naknade za provjeru.<\/p>\n<h3>Za\u0161tita od prijevara<\/h3>\n<p>Ve\u0107ina web lokacija za spajanje ima na\u010dine za spre\u010davanje prijevarnih aktivnosti. Na primjer, mnoge web stranice zabranjuju odre\u0111ene vrste ra\u010duna, poput onih koje koriste botovi i prevaranti. Drugi ograni\u010davaju koli\u010dinu podataka o kreditnoj kartici koje mo\u017eete koristiti za financiranje svog ra\u010duna. Drugi vam pak daju do znanja ako vas netko poku\u0161a prevariti. Potra\u017eite znakove prijevare i izbjegavajte davati osobne podatke, osim ako se pritom ne osje\u0107ate ugodno.<\/p>\n","protected":false},"excerpt":{"rendered":"<p>Ne tra\u017ei svaka djevojka na tim stranicama seks. Nekima je samo dosadno i \u017eele razgovarati sa strancima. Drugi tra\u017ee prijatelje. No, iako ne\u0107ete nikoga upoznati &hellip; <\/p>\n","protected":false},"author":1,"featured_media":153,"parent":0,"menu_order":0,"comment_status":"closed","ping_status":"closed","template":"","meta":[],"yoast_head":"<!-- This site is optimized with the Yoast SEO plugin v17.7.1 - https:\/\/yoast.com\/wordpress\/plugins\/seo\/ -->\n<title>Razgovarajte sa strancima na mre\u017ei - Jerk Dating<\/title>\n<meta name=\"robots\" content=\"index, follow, max-snippet:-1, max-image-preview:large, max-video-preview:-1\" \/>\n<link rel=\"canonical\" href=\"https:\/\/mamasjerkstation.com\/hr\/razgovarajte-sa-strancima-na-mrezi\/\" \/>\n<meta property=\"og:locale\" content=\"hr_HR\" \/>\n<meta property=\"og:type\" content=\"article\" \/>\n<meta property=\"og:title\" content=\"Razgovarajte sa strancima na mre\u017ei - Jerk Dating\" \/>\n<meta property=\"og:description\" content=\"Ne tra\u017ei svaka djevojka na tim stranicama seks. Nekima je samo dosadno i \u017eele razgovarati sa strancima. Drugi tra\u017ee prijatelje. No, iako ne\u0107ete nikoga upoznati &hellip;\" \/>\n<meta property=\"og:url\" content=\"https:\/\/mamasjerkstation.com\/hr\/razgovarajte-sa-strancima-na-mrezi\/\" \/>\n<meta property=\"og:site_name\" content=\"Jerk Dating\" \/>\n<meta property=\"og:image\" content=\"https:\/\/mamasjerkstation.com\/wp-content\/uploads\/2022\/08\/hookups.jpeg\" \/>\n\t<meta property=\"og:image:width\" content=\"500\" \/>\n\t<meta property=\"og:image:height\" content=\"333\" \/>\n<meta name=\"twitter:card\" content=\"summary_large_image\" \/>\n<meta name=\"twitter:label1\" content=\"Procijenjeno vrijeme \u010ditanja\" \/>\n\t<meta name=\"twitter:data1\" content=\"3 minute\" \/>\n<script type=\"application\/ld+json\" class=\"yoast-schema-graph\">{\"@context\":\"https:\/\/schema.org\",\"@graph\":[{\"@type\":\"WebSite\",\"@id\":\"https:\/\/mamasjerkstation.com\/#website\",\"url\":\"https:\/\/mamasjerkstation.com\/\",\"name\":\"Jerk Dating\",\"description\":\"Online Sex Websites\",\"potentialAction\":[{\"@type\":\"SearchAction\",\"target\":{\"@type\":\"EntryPoint\",\"urlTemplate\":\"https:\/\/mamasjerkstation.com\/?s={search_term_string}\"},\"query-input\":\"required name=search_term_string\"}],\"inLanguage\":\"hr\"},{\"@type\":\"ImageObject\",\"@id\":\"https:\/\/mamasjerkstation.com\/hr\/razgovarajte-sa-strancima-na-mrezi\/#primaryimage\",\"inLanguage\":\"hr\",\"url\":\"https:\/\/mamasjerkstation.com\/wp-content\/uploads\/2022\/08\/hookups.jpeg\",\"contentUrl\":\"https:\/\/mamasjerkstation.com\/wp-content\/uploads\/2022\/08\/hookups.jpeg\",\"width\":500,\"height\":333},{\"@type\":\"WebPage\",\"@id\":\"https:\/\/mamasjerkstation.com\/hr\/razgovarajte-sa-strancima-na-mrezi\/#webpage\",\"url\":\"https:\/\/mamasjerkstation.com\/hr\/razgovarajte-sa-strancima-na-mrezi\/\",\"name\":\"Razgovarajte sa strancima na mre\\u017ei - Jerk Dating\",\"isPartOf\":{\"@id\":\"https:\/\/mamasjerkstation.com\/#website\"},\"primaryImageOfPage\":{\"@id\":\"https:\/\/mamasjerkstation.com\/hr\/razgovarajte-sa-strancima-na-mrezi\/#primaryimage\"},\"datePublished\":\"2022-08-19T17:48:22+00:00\",\"dateModified\":\"2022-08-19T17:48:22+00:00\",\"breadcrumb\":{\"@id\":\"https:\/\/mamasjerkstation.com\/hr\/razgovarajte-sa-strancima-na-mrezi\/#breadcrumb\"},\"inLanguage\":\"hr\",\"potentialAction\":[{\"@type\":\"ReadAction\",\"target\":[\"https:\/\/mamasjerkstation.com\/hr\/razgovarajte-sa-strancima-na-mrezi\/\"]}]},{\"@type\":\"BreadcrumbList\",\"@id\":\"https:\/\/mamasjerkstation.com\/hr\/razgovarajte-sa-strancima-na-mrezi\/#breadcrumb\",\"itemListElement\":[{\"@type\":\"ListItem\",\"position\":1,\"name\":\"Home\",\"item\":\"https:\/\/mamasjerkstation.com\/hr\/\"},{\"@type\":\"ListItem\",\"position\":2,\"name\":\"Razgovarajte sa strancima na mre\\u017ei\"}]}]}<\/script>\n<!-- \/ Yoast SEO plugin. -->","yoast_head_json":{"title":"Razgovarajte sa strancima na mre\u017ei - Jerk Dating","robots":{"index":"index","follow":"follow","max-snippet":"max-snippet:-1","max-image-preview":"max-image-preview:large","max-video-preview":"max-video-preview:-1"},"canonical":"https:\/\/mamasjerkstation.com\/hr\/razgovarajte-sa-strancima-na-mrezi\/","og_locale":"hr_HR","og_type":"article","og_title":"Razgovarajte sa strancima na mre\u017ei - Jerk Dating","og_description":"Ne tra\u017ei svaka djevojka na tim stranicama seks. Nekima je samo dosadno i \u017eele razgovarati sa strancima. Drugi tra\u017ee prijatelje. No, iako ne\u0107ete nikoga upoznati &hellip;","og_url":"https:\/\/mamasjerkstation.com\/hr\/razgovarajte-sa-strancima-na-mrezi\/","og_site_name":"Jerk Dating","og_image":[{"width":500,"height":333,"url":"https:\/\/mamasjerkstation.com\/wp-content\/uploads\/2022\/08\/hookups.jpeg","type":"image\/jpeg"}],"twitter_card":"summary_large_image","twitter_misc":{"Procijenjeno vrijeme \u010ditanja":"3 minute"},"schema":{"@context":"https:\/\/schema.org","@graph":[{"@type":"WebSite","@id":"https:\/\/mamasjerkstation.com\/#website","url":"https:\/\/mamasjerkstation.com\/","name":"Jerk Dating","description":"Online Sex Websites","potentialAction":[{"@type":"SearchAction","target":{"@type":"EntryPoint","urlTemplate":"https:\/\/mamasjerkstation.com\/?s={search_term_string}"},"query-input":"required name=search_term_string"}],"inLanguage":"hr"},{"@type":"ImageObject","@id":"https:\/\/mamasjerkstation.com\/hr\/razgovarajte-sa-strancima-na-mrezi\/#primaryimage","inLanguage":"hr","url":"https:\/\/mamasjerkstation.com\/wp-content\/uploads\/2022\/08\/hookups.jpeg","contentUrl":"https:\/\/mamasjerkstation.com\/wp-content\/uploads\/2022\/08\/hookups.jpeg","width":500,"height":333},{"@type":"WebPage","@id":"https:\/\/mamasjerkstation.com\/hr\/razgovarajte-sa-strancima-na-mrezi\/#webpage","url":"https:\/\/mamasjerkstation.com\/hr\/razgovarajte-sa-strancima-na-mrezi\/","name":"Razgovarajte sa strancima na mre\u017ei - Jerk Dating","isPartOf":{"@id":"https:\/\/mamasjerkstation.com\/#website"},"primaryImageOfPage":{"@id":"https:\/\/mamasjerkstation.com\/hr\/razgovarajte-sa-strancima-na-mrezi\/#primaryimage"},"datePublished":"2022-08-19T17:48:22+00:00","dateModified":"2022-08-19T17:48:22+00:00","breadcrumb":{"@id":"https:\/\/mamasjerkstation.com\/hr\/razgovarajte-sa-strancima-na-mrezi\/#breadcrumb"},"inLanguage":"hr","potentialAction":[{"@type":"ReadAction","target":["https:\/\/mamasjerkstation.com\/hr\/razgovarajte-sa-strancima-na-mrezi\/"]}]},{"@type":"BreadcrumbList","@id":"https:\/\/mamasjerkstation.com\/hr\/razgovarajte-sa-strancima-na-mrezi\/#breadcrumb","itemListElement":[{"@type":"ListItem","position":1,"name":"Home","item":"https:\/\/mamasjerkstation.com\/hr\/"},{"@type":"ListItem","position":2,"name":"Razgovarajte sa strancima na mre\u017ei"}]}]}},"_links":{"self":[{"href":"https:\/\/mamasjerkstation.com\/hr\/wp-json\/wp\/v2\/pages\/306"}],"collection":[{"href":"https:\/\/mamasjerkstation.com\/hr\/wp-json\/wp\/v2\/pages"}],"about":[{"href":"https:\/\/mamasjerkstation.com\/hr\/wp-json\/wp\/v2\/types\/page"}],"author":[{"embeddable":true,"href":"https:\/\/mamasjerkstation.com\/hr\/wp-json\/wp\/v2\/users\/1"}],"replies":[{"embeddable":true,"href":"https:\/\/mamasjerkstation.com\/hr\/wp-json\/wp\/v2\/comments?post=306"}],"version-history":[{"count":0,"href":"https:\/\/mamasjerkstation.com\/hr\/wp-json\/wp\/v2\/pages\/306\/revisions"}],"wp:featuredmedia":[{"embeddable":true,"href":"https:\/\/mamasjerkstation.com\/hr\/wp-json\/wp\/v2\/media\/153"}],"wp:attachment":[{"href":"https:\/\/mamasjerkstation.com\/hr\/wp-json\/wp\/v2\/media?parent=306"}],"curies":[{"name":"wp","href":"https:\/\/api.w.org\/{rel}","templated":true}]}}