{"id":298,"date":"2022-08-19T18:41:19","date_gmt":"2022-08-19T17:41:19","guid":{"rendered":"http:\/\/mamasjerkstation.com\/sobe-za-seks-chat\/"},"modified":"2022-08-19T18:41:19","modified_gmt":"2022-08-19T17:41:19","slug":"sobe-za-seks-chat","status":"publish","type":"page","link":"https:\/\/mamasjerkstation.com\/hr\/sobe-za-seks-chat\/","title":{"rendered":"Sobe za seks chat"},"content":{"rendered":"<p>Upoznajte se u Chatu najbolje je mjesto za pronala\u017eenje stvarnih ljudi s kojima \u0107ete prljavo razgovarati na mre\u017ei! Ne\u0107ete vjerovati kako je ovdje lako ste\u0107i nove prijatelje i koliko je zabavno koketirati sa strancima. Imamo stotine seksi djevojaka koje \u010dekaju da vam se jave na pozive!<\/p>\n<p>Nikada niste prestari ili premladi da isprobate na\u0161e potpuno <a href=\"http:\/\/mamasjerkstation.com\/hr\/najbolje-aplikacije-za-upoznavanje-2022-za-samce\/\">besplatne chat sobe za odrasle<\/a>. Samo odaberite jednu od gornjih kategorija, prijavite se u sobu i po\u010dnite \u010davrljati!<\/p>\n<p>Ne postoje ograni\u010denja u onome \u0161to mo\u017eete u\u010diniti u na\u0161im sobama &#8211; samo nas pitajte bilo \u0161to! Ako \u017eelite znati vi\u0161e o seksualnim igra\u010dkama, mo\u017eemo vam pomo\u0107i i tamo. \u017delite saznati vi\u0161e o tehnikama oralnog seksa? Pitajte nas! \u017delite li saznati vi\u0161e o BDSM-u? Javite nam! Volimo pri\u010dati o svemu nastranom!<\/p>\n<h2>Koje je najbolje web mjesto za kori\u0161tenje?<\/h2>\n<p>Siguran sam da se mnogi od nas raduju boljoj budu\u0107nosti u kojoj vi\u0161e ne moramo pla\u0107ati pornografiju putem interneta. Ali samo zato \u0161to postoji mnogo sjajnih besplatnih porno stranica ne zna\u010di da je pronala\u017eenje one koja dobro funkcionira uvijek jednostavno. Kada tra\u017eite premium web mjesto koje nudi visokokvalitetne video, cam djevojke i chatove putem web kamere u\u017eivo, \u017eelite biti sigurni da odabirete ugledni izvor.<\/p>\n<h3>Chaturbate<\/h3>\n<p>Chaturbate je jedna od najpopularnijih web stranica s web kamerama na mre\u017ei. Ako \u017eelite vidjeti neke vru\u0107e seks videozapise u\u017eivo, vjerojatno ste ve\u0107 upoznati s tim. Ali jeste li znali da postoji mnogo razli\u010ditih na\u010dina za pregledavanje cam djevojaka? Evo tri jednostavne metode.<\/p>\n<p>Na Chaturbateu postoje tisu\u0107e cam djevojaka, a svaki model obi\u010dno ima nekoliko video isje\u010daka u kojima izvodi odre\u0111ene seksualne radnje. Na primjer, ako \u017eelite gledati kako masturbira, mo\u017eete pogledati ispod kartice &#8220;masturbacija&#8221;. Neki modeli imaju vi\u0161e videozapisa o masturbaciji, dok drugi imaju samo jedan ili dva.<\/p>\n<h2>Mora\u0161 li platiti?<\/h2>\n<p>Sve gore navedene web stranice \/ djevojke potpuno su besplatne za pregledavanje, tako da ne\u0107ete morati brinuti o tro\u0161enju novca na njihov sadr\u017eaj. Me\u0111utim, ako vi\u0161e volite podr\u017eavati cam djevojke koje vam se svi\u0111aju, mnoge od njih prihva\u0107aju savjete putem PayPal. To im olak\u0161ava slanje novca izravno iz va\u0161eg preglednika. Osim toga, mnoge web stranice nude popuste za registraciju za premium \u010dlanstva. Na primjer, mo\u017eete se prijaviti za jednomjese\u010dno probno \u010dlanstvo za 1.99 USD dnevno ili mo\u017eete postati VIP \u010dlan za 29.95 USD mjese\u010dno.<\/p>\n<p>Ve\u0107ina toga odvija se na stranicama s kamerama za odrasle. Adult camming je praksa uklju\u010divanja u chatove s web kamerama putem video feedova u\u017eivo. Ove vrste web kamera omogu\u0107uju ljudima da se vide dok razgovaraju licem u lice. Zapravo, ve\u0107ina ljudi koristi web stranice s kamerama jer ne \u017eele pla\u0107ati telefonske pozive. Me\u0111utim, najve\u0107a razlika izme\u0111u uobi\u010dajenih chat soba i web lokacija s kamerama je u tome \u0161to web stranice s kamerama zahtijevaju registraciju. Osim \u0161to pru\u017eaju besplatni video chat, web stranice s kamerama \u010desto nude dodatne zna\u010dajke kao \u0161to su razmjena izravnih poruka, tekstualni chat i e-po\u0161ta. Na primjer, Chaturbate nudi besplatni video chat, emitiranje u\u017eivo i razmjenu izravnih poruka. Jo\u0161 jedna popularna web stranica, My Free Cams, pru\u017ea besplatni video chat, audio chat i razmjenu izravnih poruka.<\/p>\n","protected":false},"excerpt":{"rendered":"<p>Upoznajte se u Chatu najbolje je mjesto za pronala\u017eenje stvarnih ljudi s kojima \u0107ete prljavo razgovarati na mre\u017ei! Ne\u0107ete vjerovati kako je ovdje lako ste\u0107i &hellip; <\/p>\n","protected":false},"author":1,"featured_media":138,"parent":0,"menu_order":0,"comment_status":"closed","ping_status":"closed","template":"","meta":[],"yoast_head":"<!-- This site is optimized with the Yoast SEO plugin v17.7.1 - https:\/\/yoast.com\/wordpress\/plugins\/seo\/ -->\n<title>Sobe za seks chat - Jerk Dating<\/title>\n<meta name=\"robots\" content=\"index, follow, max-snippet:-1, max-image-preview:large, max-video-preview:-1\" \/>\n<link rel=\"canonical\" href=\"https:\/\/mamasjerkstation.com\/hr\/sobe-za-seks-chat\/\" \/>\n<meta property=\"og:locale\" content=\"hr_HR\" \/>\n<meta property=\"og:type\" content=\"article\" \/>\n<meta property=\"og:title\" content=\"Sobe za seks chat - Jerk Dating\" \/>\n<meta property=\"og:description\" content=\"Upoznajte se u Chatu najbolje je mjesto za pronala\u017eenje stvarnih ljudi s kojima \u0107ete prljavo razgovarati na mre\u017ei! Ne\u0107ete vjerovati kako je ovdje lako ste\u0107i &hellip;\" \/>\n<meta property=\"og:url\" content=\"https:\/\/mamasjerkstation.com\/hr\/sobe-za-seks-chat\/\" \/>\n<meta property=\"og:site_name\" content=\"Jerk Dating\" \/>\n<meta property=\"og:image\" content=\"http:\/\/mamasjerkstation.com\/wp-content\/uploads\/2022\/08\/online-sex-sites.jpeg\" \/>\n\t<meta property=\"og:image:width\" content=\"2250\" \/>\n\t<meta property=\"og:image:height\" content=\"1500\" \/>\n<meta name=\"twitter:card\" content=\"summary_large_image\" \/>\n<meta name=\"twitter:label1\" content=\"Procijenjeno vrijeme \u010ditanja\" \/>\n\t<meta name=\"twitter:data1\" content=\"3 minute\" \/>\n<script type=\"application\/ld+json\" class=\"yoast-schema-graph\">{\"@context\":\"https:\/\/schema.org\",\"@graph\":[{\"@type\":\"WebSite\",\"@id\":\"https:\/\/mamasjerkstation.com\/#website\",\"url\":\"https:\/\/mamasjerkstation.com\/\",\"name\":\"Jerk Dating\",\"description\":\"Online Sex Websites\",\"potentialAction\":[{\"@type\":\"SearchAction\",\"target\":{\"@type\":\"EntryPoint\",\"urlTemplate\":\"https:\/\/mamasjerkstation.com\/?s={search_term_string}\"},\"query-input\":\"required name=search_term_string\"}],\"inLanguage\":\"hr\"},{\"@type\":\"ImageObject\",\"@id\":\"https:\/\/mamasjerkstation.com\/hr\/sobe-za-seks-chat\/#primaryimage\",\"inLanguage\":\"hr\",\"url\":\"https:\/\/mamasjerkstation.com\/wp-content\/uploads\/2022\/08\/online-sex-sites.jpeg\",\"contentUrl\":\"https:\/\/mamasjerkstation.com\/wp-content\/uploads\/2022\/08\/online-sex-sites.jpeg\",\"width\":2250,\"height\":1500},{\"@type\":\"WebPage\",\"@id\":\"https:\/\/mamasjerkstation.com\/hr\/sobe-za-seks-chat\/#webpage\",\"url\":\"https:\/\/mamasjerkstation.com\/hr\/sobe-za-seks-chat\/\",\"name\":\"Sobe za seks chat - Jerk Dating\",\"isPartOf\":{\"@id\":\"https:\/\/mamasjerkstation.com\/#website\"},\"primaryImageOfPage\":{\"@id\":\"https:\/\/mamasjerkstation.com\/hr\/sobe-za-seks-chat\/#primaryimage\"},\"datePublished\":\"2022-08-19T17:41:19+00:00\",\"dateModified\":\"2022-08-19T17:41:19+00:00\",\"breadcrumb\":{\"@id\":\"https:\/\/mamasjerkstation.com\/hr\/sobe-za-seks-chat\/#breadcrumb\"},\"inLanguage\":\"hr\",\"potentialAction\":[{\"@type\":\"ReadAction\",\"target\":[\"https:\/\/mamasjerkstation.com\/hr\/sobe-za-seks-chat\/\"]}]},{\"@type\":\"BreadcrumbList\",\"@id\":\"https:\/\/mamasjerkstation.com\/hr\/sobe-za-seks-chat\/#breadcrumb\",\"itemListElement\":[{\"@type\":\"ListItem\",\"position\":1,\"name\":\"Home\",\"item\":\"https:\/\/mamasjerkstation.com\/hr\/\"},{\"@type\":\"ListItem\",\"position\":2,\"name\":\"Sobe za seks chat\"}]}]}<\/script>\n<!-- \/ Yoast SEO plugin. -->","yoast_head_json":{"title":"Sobe za seks chat - Jerk Dating","robots":{"index":"index","follow":"follow","max-snippet":"max-snippet:-1","max-image-preview":"max-image-preview:large","max-video-preview":"max-video-preview:-1"},"canonical":"https:\/\/mamasjerkstation.com\/hr\/sobe-za-seks-chat\/","og_locale":"hr_HR","og_type":"article","og_title":"Sobe za seks chat - Jerk Dating","og_description":"Upoznajte se u Chatu najbolje je mjesto za pronala\u017eenje stvarnih ljudi s kojima \u0107ete prljavo razgovarati na mre\u017ei! Ne\u0107ete vjerovati kako je ovdje lako ste\u0107i &hellip;","og_url":"https:\/\/mamasjerkstation.com\/hr\/sobe-za-seks-chat\/","og_site_name":"Jerk Dating","og_image":[{"width":2250,"height":1500,"url":"http:\/\/mamasjerkstation.com\/wp-content\/uploads\/2022\/08\/online-sex-sites.jpeg","type":"image\/jpeg"}],"twitter_card":"summary_large_image","twitter_misc":{"Procijenjeno vrijeme \u010ditanja":"3 minute"},"schema":{"@context":"https:\/\/schema.org","@graph":[{"@type":"WebSite","@id":"https:\/\/mamasjerkstation.com\/#website","url":"https:\/\/mamasjerkstation.com\/","name":"Jerk Dating","description":"Online Sex Websites","potentialAction":[{"@type":"SearchAction","target":{"@type":"EntryPoint","urlTemplate":"https:\/\/mamasjerkstation.com\/?s={search_term_string}"},"query-input":"required name=search_term_string"}],"inLanguage":"hr"},{"@type":"ImageObject","@id":"https:\/\/mamasjerkstation.com\/hr\/sobe-za-seks-chat\/#primaryimage","inLanguage":"hr","url":"https:\/\/mamasjerkstation.com\/wp-content\/uploads\/2022\/08\/online-sex-sites.jpeg","contentUrl":"https:\/\/mamasjerkstation.com\/wp-content\/uploads\/2022\/08\/online-sex-sites.jpeg","width":2250,"height":1500},{"@type":"WebPage","@id":"https:\/\/mamasjerkstation.com\/hr\/sobe-za-seks-chat\/#webpage","url":"https:\/\/mamasjerkstation.com\/hr\/sobe-za-seks-chat\/","name":"Sobe za seks chat - Jerk Dating","isPartOf":{"@id":"https:\/\/mamasjerkstation.com\/#website"},"primaryImageOfPage":{"@id":"https:\/\/mamasjerkstation.com\/hr\/sobe-za-seks-chat\/#primaryimage"},"datePublished":"2022-08-19T17:41:19+00:00","dateModified":"2022-08-19T17:41:19+00:00","breadcrumb":{"@id":"https:\/\/mamasjerkstation.com\/hr\/sobe-za-seks-chat\/#breadcrumb"},"inLanguage":"hr","potentialAction":[{"@type":"ReadAction","target":["https:\/\/mamasjerkstation.com\/hr\/sobe-za-seks-chat\/"]}]},{"@type":"BreadcrumbList","@id":"https:\/\/mamasjerkstation.com\/hr\/sobe-za-seks-chat\/#breadcrumb","itemListElement":[{"@type":"ListItem","position":1,"name":"Home","item":"https:\/\/mamasjerkstation.com\/hr\/"},{"@type":"ListItem","position":2,"name":"Sobe za seks chat"}]}]}},"_links":{"self":[{"href":"https:\/\/mamasjerkstation.com\/hr\/wp-json\/wp\/v2\/pages\/298"}],"collection":[{"href":"https:\/\/mamasjerkstation.com\/hr\/wp-json\/wp\/v2\/pages"}],"about":[{"href":"https:\/\/mamasjerkstation.com\/hr\/wp-json\/wp\/v2\/types\/page"}],"author":[{"embeddable":true,"href":"https:\/\/mamasjerkstation.com\/hr\/wp-json\/wp\/v2\/users\/1"}],"replies":[{"embeddable":true,"href":"https:\/\/mamasjerkstation.com\/hr\/wp-json\/wp\/v2\/comments?post=298"}],"version-history":[{"count":0,"href":"https:\/\/mamasjerkstation.com\/hr\/wp-json\/wp\/v2\/pages\/298\/revisions"}],"wp:featuredmedia":[{"embeddable":true,"href":"https:\/\/mamasjerkstation.com\/hr\/wp-json\/wp\/v2\/media\/138"}],"wp:attachment":[{"href":"https:\/\/mamasjerkstation.com\/hr\/wp-json\/wp\/v2\/media?parent=298"}],"curies":[{"name":"wp","href":"https:\/\/api.w.org\/{rel}","templated":true}]}}