{"id":280,"date":"2022-08-19T18:51:33","date_gmt":"2022-08-19T17:51:33","guid":{"rendered":"http:\/\/mamasjerkstation.com\/lgbt-upoznavanje\/"},"modified":"2022-08-19T18:51:33","modified_gmt":"2022-08-19T17:51:33","slug":"lgbt-upoznavanje","status":"publish","type":"page","link":"https:\/\/mamasjerkstation.com\/hr\/lgbt-upoznavanje\/","title":{"rendered":"LGBT+ upoznavanje"},"content":{"rendered":"<p>Kada tra\u017eite dobru aplikaciju za spajanje, \u017eelite ne\u0161to \u0161to vam omogu\u0107uje pristup mnogim razli\u010ditim ljudima. Ne \u017eelite nu\u017eno platiti za svaku osobu koju upoznate.<\/p>\n<h2>Evo na\u0161a 3 najbolja savjeta za kori\u0161tenje LGBT aplikacija za upoznavanje:<\/h2>\n<h3>Mobilna podr\u0161ka<\/h3>\n<p>Telefon \u0107ete vjerojatno naj\u010de\u0161\u0107e koristiti dok <a href=\"http:\/\/mamasjerkstation.com\/hr\/pronadite-povremeni-seks-u-svojoj-blizini\/\">tra\u017eite datum<\/a>, pogotovo jer mnoge aplikacije za spajanje nude besplatnu verziju koja vam omogu\u0107uje pregledavanje profila i slanje poruka. Ali provjerite radi li aplikacija dobro i na iOS i Android ure\u0111ajima. Ne koriste svi iPhone ili Androide, pa je kompatibilnost va\u017ena. Ako odlu\u010dite preuzeti cijelu aplikaciju, potra\u017eite recenzije u kojima se spominje koliko je lako kretati se i jesu li ljudi imali problema s prijavom.<\/p>\n<h3>Ux<\/h3>\n<p>Sam dizajn aplikacije nije va\u017ean, ali mo\u017eda biste trebali isprobati nekoliko razli\u010ditih prije nego \u0161to se smjestite na jednu. Neke se aplikacije usredoto\u010duju na podudaranje osoba na temelju lokacije, dok vam druge omogu\u0107uju filtriranje prema dobnom rasponu ili spolu. Pobrinite se da vam se svi\u0111a na\u010din na koji aplikacija izgleda i osje\u0107a se. Nema ni\u0161ta gore od toga da vas \u010deka sjajan me\u010d, samo da biste otkrili da on zapravo ne postoji.<\/p>\n<h3>Odgovaraju\u0107i sustav<\/h3>\n<p>Kako aplikacija odre\u0111uje koji su ljudi me\u0111usobno sli\u010dni? Temelji li se na zajedni\u010dkim prijateljima? Zajedni\u010dko zanimanje za glazbu ili knjige? Ili mo\u017eda samo pronalazi ljude koji \u017eive blizu jedan drugoga? Koliko se te\u017eine daje svakom faktoru? Ti \u010dimbenici utje\u010du na to koliko se ljudi pojavljuje u va\u0161em feedu i koliko je vjerojatno da \u0107ete se povezati s njima.<\/p>\n<h2>Feltd<\/h2>\n<p>Feeld je jedna od najboljih aplikacija za spajanje. S vi\u0161e od 10 milijuna preuzimanja, zadovoljava ljude koji tra\u017ee povremeni seks i \/ ili samo malo zabave. Ova je aplikacija izvrsna za one koji su samci, hetero, homoseksualci, bi, trans, lezbijke, queer, panseksualni, poliamorni itd.<\/p>\n<p>Aplikacija funkcionira kao Tinder na kojem prije\u0111ete prstom ulijevo da biste pro\u0161li i udesno kako bi se podudarali. Mo\u017eete odabrati \u017eelite li vidjeti fotografije ili ne. Ako odlu\u010dite vidjeti slike, postoje filtri kao \u0161to su spol, dob, etni\u010dka pripadnost, tip tijela, seksualna orijentacija, status odnosa, sklonosti pu\u0161enju, visina, boja kose, boja o\u010diju, religija, politi\u010dki pogledi, zanimanje, razina obrazovanja, prihodi, pa \u010dak i tetova\u017ee i piercing. Tako\u0111er mo\u017eete dodati interese i hobije. Na primjer, zanimaju me sport, hrana, glazba, umjetnost, putovanja i fitness. Kad mi netko po\u0161alje zahtjev, mogu ga ili prihvatiti ili odbiti. Ako se oboje slo\u017eimo da se na\u0111emo, mo\u017eemo odrediti datum i lokaciju.<\/p>\n<p>Ako odlu\u010dite iza\u0107i s nekim, mo\u017eete razgovarati s njim ili njom putem TEKSTUALNIH PORUKA ili videopoziva. Nema pritiska da se na\u0111emo. Tako\u0111er mo\u017eete poslati darove, cvije\u0107e, \u010dokolade i jo\u0161 mnogo toga. U ovoj aplikaciji postoje mnoge zna\u010dajke, uklju\u010duju\u0107i mogu\u0107nost sklapanja prijateljstava, pronala\u017eenja datuma, pregledavanja profila i pregledavanja me\u0111usobnih podudaranja. Tako\u0111er mo\u017eete blokirati odre\u0111ene korisnike.<\/p>\n<h2>Njen<\/h2>\n<p>HER je najve\u0107a svjetska besplatna aplikacija za upoznavanje lezbijki i biseksualnih \u017eena. S vi\u0161e od 50 milijuna \u010dlanova \u0161irom svijeta, opcija ne nedostaje. Ali po \u010demu se ona izdvaja iz gomile? Evo tri razloga za\u0161to ga volimo.<\/p>\n<h3>Lokalni doga\u0111aji i vijesti<\/h3>\n<p>Aplikacija dijeli LGBTQ+ vijesti, uklju\u010duju\u0107i lokalne doga\u0111aje i sigurne prostore u kojima mo\u017eete upoznati ljude u blizini. \u010cak mo\u017eete prona\u0107i doga\u0111aje u blizini mjesta poput barova i klubova, \u0161to olak\u0161ava pronala\u017eenje datuma.<\/p>\n<h3>Sigurni prostori<\/h3>\n<p>Ako \u017eelite i\u0107i na spoj bez brige da \u0107ete biti uznemiravani, napadnuti ili diskriminirani, HER pru\u017ea siguran prostor za sve. Ba\u0161 kao i stvarni \u017eivot, ne morate se brinuti da \u0107ete morati nekome &#8220;iza\u0107i&#8221;. Ako ste nervozni zbog susreta s nekim novim, samo razgovarajte s drugima na mre\u017ei ili zamolite prijatelja da vas upozna.<\/p>\n<h3>Trojka Finder<\/h3>\n<p>Zna\u0161 kako se ponekad osje\u0107a\u0161 kao da bi stvarno volio probati ne\u0161to druga\u010dije? Pa, to mo\u017eete u\u010diniti ovdje. Iako ve\u0107ina aplikacija zahtijeva od vas da izri\u010dito izjavite da se \u017eelite spojiti, HER vam omogu\u0107uje postavljanje datuma s drugim ljudima na temelju obostranih interesa. Ovako nitko ne smije biti izostavljen.<\/p>\n","protected":false},"excerpt":{"rendered":"<p>Kada tra\u017eite dobru aplikaciju za spajanje, \u017eelite ne\u0161to \u0161to vam omogu\u0107uje pristup mnogim razli\u010ditim ljudima. Ne \u017eelite nu\u017eno platiti za svaku osobu koju upoznate. Evo &hellip; <\/p>\n","protected":false},"author":1,"featured_media":78,"parent":0,"menu_order":0,"comment_status":"closed","ping_status":"closed","template":"","meta":[],"yoast_head":"<!-- This site is optimized with the Yoast SEO plugin v17.7.1 - https:\/\/yoast.com\/wordpress\/plugins\/seo\/ -->\n<title>LGBT+ upoznavanje - Jerk Dating<\/title>\n<meta name=\"robots\" content=\"index, follow, max-snippet:-1, max-image-preview:large, max-video-preview:-1\" \/>\n<link rel=\"canonical\" href=\"https:\/\/mamasjerkstation.com\/hr\/lgbt-upoznavanje\/\" \/>\n<meta property=\"og:locale\" content=\"hr_HR\" \/>\n<meta property=\"og:type\" content=\"article\" \/>\n<meta property=\"og:title\" content=\"LGBT+ upoznavanje - Jerk Dating\" \/>\n<meta property=\"og:description\" content=\"Kada tra\u017eite dobru aplikaciju za spajanje, \u017eelite ne\u0161to \u0161to vam omogu\u0107uje pristup mnogim razli\u010ditim ljudima. Ne \u017eelite nu\u017eno platiti za svaku osobu koju upoznate. Evo &hellip;\" \/>\n<meta property=\"og:url\" content=\"https:\/\/mamasjerkstation.com\/hr\/lgbt-upoznavanje\/\" \/>\n<meta property=\"og:site_name\" content=\"Jerk Dating\" \/>\n<meta property=\"og:image\" content=\"https:\/\/mamasjerkstation.com\/wp-content\/uploads\/2022\/08\/cam-sites.jpeg\" \/>\n\t<meta property=\"og:image:width\" content=\"1125\" \/>\n\t<meta property=\"og:image:height\" content=\"750\" \/>\n<meta name=\"twitter:card\" content=\"summary_large_image\" \/>\n<meta name=\"twitter:label1\" content=\"Procijenjeno vrijeme \u010ditanja\" \/>\n\t<meta name=\"twitter:data1\" content=\"4 minute\" \/>\n<script type=\"application\/ld+json\" class=\"yoast-schema-graph\">{\"@context\":\"https:\/\/schema.org\",\"@graph\":[{\"@type\":\"WebSite\",\"@id\":\"https:\/\/mamasjerkstation.com\/#website\",\"url\":\"https:\/\/mamasjerkstation.com\/\",\"name\":\"Jerk Dating\",\"description\":\"Online Sex Websites\",\"potentialAction\":[{\"@type\":\"SearchAction\",\"target\":{\"@type\":\"EntryPoint\",\"urlTemplate\":\"https:\/\/mamasjerkstation.com\/?s={search_term_string}\"},\"query-input\":\"required name=search_term_string\"}],\"inLanguage\":\"hr\"},{\"@type\":\"ImageObject\",\"@id\":\"https:\/\/mamasjerkstation.com\/hr\/lgbt-upoznavanje\/#primaryimage\",\"inLanguage\":\"hr\",\"url\":\"https:\/\/mamasjerkstation.com\/wp-content\/uploads\/2022\/08\/cam-sites.jpeg\",\"contentUrl\":\"https:\/\/mamasjerkstation.com\/wp-content\/uploads\/2022\/08\/cam-sites.jpeg\",\"width\":1125,\"height\":750},{\"@type\":\"WebPage\",\"@id\":\"https:\/\/mamasjerkstation.com\/hr\/lgbt-upoznavanje\/#webpage\",\"url\":\"https:\/\/mamasjerkstation.com\/hr\/lgbt-upoznavanje\/\",\"name\":\"LGBT+ upoznavanje - Jerk Dating\",\"isPartOf\":{\"@id\":\"https:\/\/mamasjerkstation.com\/#website\"},\"primaryImageOfPage\":{\"@id\":\"https:\/\/mamasjerkstation.com\/hr\/lgbt-upoznavanje\/#primaryimage\"},\"datePublished\":\"2022-08-19T17:51:33+00:00\",\"dateModified\":\"2022-08-19T17:51:33+00:00\",\"breadcrumb\":{\"@id\":\"https:\/\/mamasjerkstation.com\/hr\/lgbt-upoznavanje\/#breadcrumb\"},\"inLanguage\":\"hr\",\"potentialAction\":[{\"@type\":\"ReadAction\",\"target\":[\"https:\/\/mamasjerkstation.com\/hr\/lgbt-upoznavanje\/\"]}]},{\"@type\":\"BreadcrumbList\",\"@id\":\"https:\/\/mamasjerkstation.com\/hr\/lgbt-upoznavanje\/#breadcrumb\",\"itemListElement\":[{\"@type\":\"ListItem\",\"position\":1,\"name\":\"Home\",\"item\":\"http:\/\/mamasjerkstation.com\/hr\/\"},{\"@type\":\"ListItem\",\"position\":2,\"name\":\"LGBT+ upoznavanje\"}]}]}<\/script>\n<!-- \/ Yoast SEO plugin. -->","yoast_head_json":{"title":"LGBT+ upoznavanje - Jerk Dating","robots":{"index":"index","follow":"follow","max-snippet":"max-snippet:-1","max-image-preview":"max-image-preview:large","max-video-preview":"max-video-preview:-1"},"canonical":"https:\/\/mamasjerkstation.com\/hr\/lgbt-upoznavanje\/","og_locale":"hr_HR","og_type":"article","og_title":"LGBT+ upoznavanje - Jerk Dating","og_description":"Kada tra\u017eite dobru aplikaciju za spajanje, \u017eelite ne\u0161to \u0161to vam omogu\u0107uje pristup mnogim razli\u010ditim ljudima. Ne \u017eelite nu\u017eno platiti za svaku osobu koju upoznate. Evo &hellip;","og_url":"https:\/\/mamasjerkstation.com\/hr\/lgbt-upoznavanje\/","og_site_name":"Jerk Dating","og_image":[{"width":1125,"height":750,"url":"https:\/\/mamasjerkstation.com\/wp-content\/uploads\/2022\/08\/cam-sites.jpeg","type":"image\/jpeg"}],"twitter_card":"summary_large_image","twitter_misc":{"Procijenjeno vrijeme \u010ditanja":"4 minute"},"schema":{"@context":"https:\/\/schema.org","@graph":[{"@type":"WebSite","@id":"https:\/\/mamasjerkstation.com\/#website","url":"https:\/\/mamasjerkstation.com\/","name":"Jerk Dating","description":"Online Sex Websites","potentialAction":[{"@type":"SearchAction","target":{"@type":"EntryPoint","urlTemplate":"https:\/\/mamasjerkstation.com\/?s={search_term_string}"},"query-input":"required name=search_term_string"}],"inLanguage":"hr"},{"@type":"ImageObject","@id":"https:\/\/mamasjerkstation.com\/hr\/lgbt-upoznavanje\/#primaryimage","inLanguage":"hr","url":"https:\/\/mamasjerkstation.com\/wp-content\/uploads\/2022\/08\/cam-sites.jpeg","contentUrl":"https:\/\/mamasjerkstation.com\/wp-content\/uploads\/2022\/08\/cam-sites.jpeg","width":1125,"height":750},{"@type":"WebPage","@id":"https:\/\/mamasjerkstation.com\/hr\/lgbt-upoznavanje\/#webpage","url":"https:\/\/mamasjerkstation.com\/hr\/lgbt-upoznavanje\/","name":"LGBT+ upoznavanje - Jerk Dating","isPartOf":{"@id":"https:\/\/mamasjerkstation.com\/#website"},"primaryImageOfPage":{"@id":"https:\/\/mamasjerkstation.com\/hr\/lgbt-upoznavanje\/#primaryimage"},"datePublished":"2022-08-19T17:51:33+00:00","dateModified":"2022-08-19T17:51:33+00:00","breadcrumb":{"@id":"https:\/\/mamasjerkstation.com\/hr\/lgbt-upoznavanje\/#breadcrumb"},"inLanguage":"hr","potentialAction":[{"@type":"ReadAction","target":["https:\/\/mamasjerkstation.com\/hr\/lgbt-upoznavanje\/"]}]},{"@type":"BreadcrumbList","@id":"https:\/\/mamasjerkstation.com\/hr\/lgbt-upoznavanje\/#breadcrumb","itemListElement":[{"@type":"ListItem","position":1,"name":"Home","item":"http:\/\/mamasjerkstation.com\/hr\/"},{"@type":"ListItem","position":2,"name":"LGBT+ upoznavanje"}]}]}},"_links":{"self":[{"href":"https:\/\/mamasjerkstation.com\/hr\/wp-json\/wp\/v2\/pages\/280"}],"collection":[{"href":"https:\/\/mamasjerkstation.com\/hr\/wp-json\/wp\/v2\/pages"}],"about":[{"href":"https:\/\/mamasjerkstation.com\/hr\/wp-json\/wp\/v2\/types\/page"}],"author":[{"embeddable":true,"href":"https:\/\/mamasjerkstation.com\/hr\/wp-json\/wp\/v2\/users\/1"}],"replies":[{"embeddable":true,"href":"https:\/\/mamasjerkstation.com\/hr\/wp-json\/wp\/v2\/comments?post=280"}],"version-history":[{"count":0,"href":"https:\/\/mamasjerkstation.com\/hr\/wp-json\/wp\/v2\/pages\/280\/revisions"}],"wp:featuredmedia":[{"embeddable":true,"href":"https:\/\/mamasjerkstation.com\/hr\/wp-json\/wp\/v2\/media\/78"}],"wp:attachment":[{"href":"https:\/\/mamasjerkstation.com\/hr\/wp-json\/wp\/v2\/media?parent=280"}],"curies":[{"name":"wp","href":"https:\/\/api.w.org\/{rel}","templated":true}]}}