{"id":261,"date":"2022-08-19T19:01:00","date_gmt":"2022-08-19T18:01:00","guid":{"rendered":"http:\/\/mamasjerkstation.com\/pronadite-povremeni-seks-u-svojoj-blizini\/"},"modified":"2022-08-19T19:01:00","modified_gmt":"2022-08-19T18:01:00","slug":"pronadite-povremeni-seks-u-svojoj-blizini","status":"publish","type":"page","link":"https:\/\/mamasjerkstation.com\/hr\/pronadite-povremeni-seks-u-svojoj-blizini\/","title":{"rendered":"Prona\u0111ite povremeni seks u svojoj blizini"},"content":{"rendered":"<p>Ako \u017eelite prona\u0107i neobavezni seks u svom podru\u010dju, postoji nekoliko stvari koje \u0107ete vjerojatno htjeti razmotriti. Prvo, pobrinite se da znate koju vrstu iskustva tra\u017eite. Ako samo \u017eelite upoznati jebenog prijatelja, idite na jednu od mnogih aplikacija za upoznavanje.<\/p>\n<p>Preporu\u010dujemo da isprobate nekoliko razli\u010ditih web stranica s na\u0161eg popisa i vidite koja vam odgovara. Nitko ne \u017eeli provesti sate provla\u010de\u0107i se kroz beskrajne profile samo da bi se susreo sa strancem. Stoga smo sastavili nekoliko savjeta koji \u0107e vam pomo\u0107i da se sigurno sna\u0111ete u svijetu internetskih spojeva.<\/p>\n<h2>Na\u0161i najbolji izbori za povremeni seks<\/h2>\n<p>Ako \u017eelite prerezati sve sme\u0107e na mre\u017ei pomo\u0107u <a href=\"http:\/\/mamasjerkstation.com\/hr\/savjeti-za-upoznavanje-secera\/\">aplikacija za upoznavanje<\/a>, predla\u017eemo da isprobate nekoliko na na\u0161em popisu. Oni \u0107e vam pomo\u0107i da prona\u0111ete vrstu odnosa koju \u017eelite.<\/p>\n<p>Uzeli smo u obzir osobno iskustvo, korisni\u010dke recenzije, zna\u010dajke sigurnosti \/ privatnosti i jo\u0161 mnogo toga prilikom izrade ovog popisa.<\/p>\n<h3>Aff<\/h3>\n<p>AdultFriendFinder najpopularnije je mjesto za upoznavanje za pronala\u017eenje povremenih seksualnih partnera. Stranica postoji od 1995. godine i potra\u017euje preko 40 milijuna \u010dlanova \u0161irom svijeta. Stranica nudi besplatno \u010dlanstvo, ali morat \u0107ete nadograditi na premium pristup kako biste vidjeli vi\u0161e profila i koristili vi\u0161e alata poput poruka, chat soba i videozapisa s web kamerama. Osim standardnih podataka o profilu, mo\u017eete prenijeti fotografije i videozapise, dodati prijatelje, slati migove i pregledavati lokalne oglase.<\/p>\n<p>Bez obzira \u017eelite li izlaziti s nekim tko tra\u017ei ljubav, swingere, parove ili samo neku dobru staru zabavu, AFF \u0107e vam sigurno pomo\u0107i.<\/p>\n<h3>Tra\u017ee<\/h3>\n<p>SeekingArrangement osnovan je 2004. godine i sada ima preko 20 milijuna registriranih korisnika. Njegov slogan je &#8220;Pronala\u017eenje ljubavi na mre\u017ei&#8221;. Usmjerena je prema bogatim samcima koji tra\u017ee dugoro\u010dne veze. Pla\u0107ate mjese\u010dnu naknadu za pridru\u017eivanje web mjestu i mo\u017eete odabrati tra\u017eite li prijateljstvo, romantiku, brak ili ne\u0161to sasvim drugo.<\/p>\n<p>Ova aplikacija za upoznavanje dizajnirana je posebno za one koji u\u017eivaju u luksuznim spojevima. Ako ste zainteresirani za upoznavanje lijepih \u017eena koje su spremne potro\u0161iti novac na vas, ovo je najbolje mjesto za njihovo pronala\u017eenje.<\/p>\n<p>Dobra stvar na ovoj stranici je sigurnost, svi \u010dlanovi moraju pokazati osobnu iskaznicu da bi se pridru\u017eili. To zna\u010di da \u0107ete imati manje prevaranata koji koriste platformu.<\/p>\n<h3>Brusilica<\/h3>\n<p>Ovo je dru\u0161tvena mre\u017ea dizajnirana posebno za homoseksualce i biseksualne mu\u0161karce. Malo se razlikuje od ostalih web-lokacija jer korisnicima ne dopu\u0161ta pronala\u017eenje datuma; umjesto toga, usredoto\u010duje se na pomaganje u upoznavanju potencijalnih romanti\u010dnih partnera. \u010clanovi mogu pregledavati slike jedni drugih i razgovarati o sebi, svojim hobijima i onome \u0161to ih zanima.<\/p>\n<h3>Feltd<\/h3>\n<p>Ovo je \u010dudna aplikacija za upoznavanje koja je usmjerena na povezivanje homoseksualaca \u0161irom svijeta. Sli\u010dno je Grindru, osim \u0161to je usmjereno prema onima koji tra\u017ee povremene veze, a ne dugoro\u010dne veze. Feltd je potpuno besplatan za preuzimanje i kori\u0161tenje, ali morate platiti 9.99 USD mjese\u010dno za otklju\u010davanje dodatnih zna\u010dajki poput grupnih chatova, doga\u0111aja i ekskluzivnih klubova.<\/p>\n<h3>HornySingles<\/h3>\n<p>HornySingles besplatna je internetska aplikacija za upoznavanje u kojoj se ljudi mogu povezati na temelju zajedni\u010dkih interesa. \u010clanovi mogu pregledavati profile, slati poruke i povezivati se s drugima u blizini. Korisnici mogu postaviti svoj profil tako da uklju\u010duje fotografije, videozapise i dodatne informacije o sebi. Ne postoje naknade povezane s \u010dlanstvom, \u0161to ga \u010dini idealnim za one koji \u017eele upoznati nekoga bez potrebe za tro\u0161enjem novca unaprijed.<\/p>\n<h2>Na\u0161 savjet vama?<\/h2>\n<p>Morat \u0107ete imati na umu da su neke web stranice potpuno besplatne, dok druge imaju malu koli\u010dinu premium zna\u010dajki. Mnoge popularne web stranice, kao \u0161to su Tinder, OKCupid i Bumble, nude i besplatne i pla\u0107ene verzije. Me\u0111utim, neki su potpuno besplatni (a drugi su ekskluzivniji poput Tra\u017eenja). Morate prona\u0107i onu pravu za vas, preporu\u010dujemo da testirate nekoliko i vidite kako vam se svi\u0111aju.<\/p>\n","protected":false},"excerpt":{"rendered":"<p>Ako \u017eelite prona\u0107i neobavezni seks u svom podru\u010dju, postoji nekoliko stvari koje \u0107ete vjerojatno htjeti razmotriti. Prvo, pobrinite se da znate koju vrstu iskustva tra\u017eite. &hellip; <\/p>\n","protected":false},"author":1,"featured_media":183,"parent":0,"menu_order":0,"comment_status":"closed","ping_status":"closed","template":"","meta":[],"yoast_head":"<!-- This site is optimized with the Yoast SEO plugin v17.7.1 - https:\/\/yoast.com\/wordpress\/plugins\/seo\/ -->\n<title>Prona\u0111ite povremeni seks u svojoj blizini - Jerk Dating<\/title>\n<meta name=\"robots\" content=\"index, follow, max-snippet:-1, max-image-preview:large, max-video-preview:-1\" \/>\n<link rel=\"canonical\" href=\"https:\/\/mamasjerkstation.com\/hr\/pronadite-povremeni-seks-u-svojoj-blizini\/\" \/>\n<meta property=\"og:locale\" content=\"hr_HR\" \/>\n<meta property=\"og:type\" content=\"article\" \/>\n<meta property=\"og:title\" content=\"Prona\u0111ite povremeni seks u svojoj blizini - Jerk Dating\" \/>\n<meta property=\"og:description\" content=\"Ako \u017eelite prona\u0107i neobavezni seks u svom podru\u010dju, postoji nekoliko stvari koje \u0107ete vjerojatno htjeti razmotriti. Prvo, pobrinite se da znate koju vrstu iskustva tra\u017eite. &hellip;\" \/>\n<meta property=\"og:url\" content=\"https:\/\/mamasjerkstation.com\/hr\/pronadite-povremeni-seks-u-svojoj-blizini\/\" \/>\n<meta property=\"og:site_name\" content=\"Jerk Dating\" \/>\n<meta property=\"og:image\" content=\"http:\/\/mamasjerkstation.com\/wp-content\/uploads\/2022\/08\/casual-sex-dating-websites.jpeg\" \/>\n\t<meta property=\"og:image:width\" content=\"2094\" \/>\n\t<meta property=\"og:image:height\" content=\"1500\" \/>\n<meta name=\"twitter:card\" content=\"summary_large_image\" \/>\n<meta name=\"twitter:label1\" content=\"Procijenjeno vrijeme \u010ditanja\" \/>\n\t<meta name=\"twitter:data1\" content=\"3 minute\" \/>\n<script type=\"application\/ld+json\" class=\"yoast-schema-graph\">{\"@context\":\"https:\/\/schema.org\",\"@graph\":[{\"@type\":\"WebSite\",\"@id\":\"https:\/\/mamasjerkstation.com\/#website\",\"url\":\"https:\/\/mamasjerkstation.com\/\",\"name\":\"Jerk Dating\",\"description\":\"Online Sex Websites\",\"potentialAction\":[{\"@type\":\"SearchAction\",\"target\":{\"@type\":\"EntryPoint\",\"urlTemplate\":\"https:\/\/mamasjerkstation.com\/?s={search_term_string}\"},\"query-input\":\"required name=search_term_string\"}],\"inLanguage\":\"hr\"},{\"@type\":\"ImageObject\",\"@id\":\"https:\/\/mamasjerkstation.com\/hr\/pronadite-povremeni-seks-u-svojoj-blizini\/#primaryimage\",\"inLanguage\":\"hr\",\"url\":\"https:\/\/mamasjerkstation.com\/wp-content\/uploads\/2022\/08\/casual-sex-dating-websites.jpeg\",\"contentUrl\":\"https:\/\/mamasjerkstation.com\/wp-content\/uploads\/2022\/08\/casual-sex-dating-websites.jpeg\",\"width\":2094,\"height\":1500},{\"@type\":\"WebPage\",\"@id\":\"https:\/\/mamasjerkstation.com\/hr\/pronadite-povremeni-seks-u-svojoj-blizini\/#webpage\",\"url\":\"https:\/\/mamasjerkstation.com\/hr\/pronadite-povremeni-seks-u-svojoj-blizini\/\",\"name\":\"Prona\\u0111ite povremeni seks u svojoj blizini - Jerk Dating\",\"isPartOf\":{\"@id\":\"https:\/\/mamasjerkstation.com\/#website\"},\"primaryImageOfPage\":{\"@id\":\"https:\/\/mamasjerkstation.com\/hr\/pronadite-povremeni-seks-u-svojoj-blizini\/#primaryimage\"},\"datePublished\":\"2022-08-19T18:01:00+00:00\",\"dateModified\":\"2022-08-19T18:01:00+00:00\",\"breadcrumb\":{\"@id\":\"https:\/\/mamasjerkstation.com\/hr\/pronadite-povremeni-seks-u-svojoj-blizini\/#breadcrumb\"},\"inLanguage\":\"hr\",\"potentialAction\":[{\"@type\":\"ReadAction\",\"target\":[\"https:\/\/mamasjerkstation.com\/hr\/pronadite-povremeni-seks-u-svojoj-blizini\/\"]}]},{\"@type\":\"BreadcrumbList\",\"@id\":\"https:\/\/mamasjerkstation.com\/hr\/pronadite-povremeni-seks-u-svojoj-blizini\/#breadcrumb\",\"itemListElement\":[{\"@type\":\"ListItem\",\"position\":1,\"name\":\"Home\",\"item\":\"https:\/\/mamasjerkstation.com\/hr\/\"},{\"@type\":\"ListItem\",\"position\":2,\"name\":\"Prona\\u0111ite povremeni seks u svojoj blizini\"}]}]}<\/script>\n<!-- \/ Yoast SEO plugin. -->","yoast_head_json":{"title":"Prona\u0111ite povremeni seks u svojoj blizini - Jerk Dating","robots":{"index":"index","follow":"follow","max-snippet":"max-snippet:-1","max-image-preview":"max-image-preview:large","max-video-preview":"max-video-preview:-1"},"canonical":"https:\/\/mamasjerkstation.com\/hr\/pronadite-povremeni-seks-u-svojoj-blizini\/","og_locale":"hr_HR","og_type":"article","og_title":"Prona\u0111ite povremeni seks u svojoj blizini - Jerk Dating","og_description":"Ako \u017eelite prona\u0107i neobavezni seks u svom podru\u010dju, postoji nekoliko stvari koje \u0107ete vjerojatno htjeti razmotriti. Prvo, pobrinite se da znate koju vrstu iskustva tra\u017eite. &hellip;","og_url":"https:\/\/mamasjerkstation.com\/hr\/pronadite-povremeni-seks-u-svojoj-blizini\/","og_site_name":"Jerk Dating","og_image":[{"width":2094,"height":1500,"url":"http:\/\/mamasjerkstation.com\/wp-content\/uploads\/2022\/08\/casual-sex-dating-websites.jpeg","type":"image\/jpeg"}],"twitter_card":"summary_large_image","twitter_misc":{"Procijenjeno vrijeme \u010ditanja":"3 minute"},"schema":{"@context":"https:\/\/schema.org","@graph":[{"@type":"WebSite","@id":"https:\/\/mamasjerkstation.com\/#website","url":"https:\/\/mamasjerkstation.com\/","name":"Jerk Dating","description":"Online Sex Websites","potentialAction":[{"@type":"SearchAction","target":{"@type":"EntryPoint","urlTemplate":"https:\/\/mamasjerkstation.com\/?s={search_term_string}"},"query-input":"required name=search_term_string"}],"inLanguage":"hr"},{"@type":"ImageObject","@id":"https:\/\/mamasjerkstation.com\/hr\/pronadite-povremeni-seks-u-svojoj-blizini\/#primaryimage","inLanguage":"hr","url":"https:\/\/mamasjerkstation.com\/wp-content\/uploads\/2022\/08\/casual-sex-dating-websites.jpeg","contentUrl":"https:\/\/mamasjerkstation.com\/wp-content\/uploads\/2022\/08\/casual-sex-dating-websites.jpeg","width":2094,"height":1500},{"@type":"WebPage","@id":"https:\/\/mamasjerkstation.com\/hr\/pronadite-povremeni-seks-u-svojoj-blizini\/#webpage","url":"https:\/\/mamasjerkstation.com\/hr\/pronadite-povremeni-seks-u-svojoj-blizini\/","name":"Prona\u0111ite povremeni seks u svojoj blizini - Jerk Dating","isPartOf":{"@id":"https:\/\/mamasjerkstation.com\/#website"},"primaryImageOfPage":{"@id":"https:\/\/mamasjerkstation.com\/hr\/pronadite-povremeni-seks-u-svojoj-blizini\/#primaryimage"},"datePublished":"2022-08-19T18:01:00+00:00","dateModified":"2022-08-19T18:01:00+00:00","breadcrumb":{"@id":"https:\/\/mamasjerkstation.com\/hr\/pronadite-povremeni-seks-u-svojoj-blizini\/#breadcrumb"},"inLanguage":"hr","potentialAction":[{"@type":"ReadAction","target":["https:\/\/mamasjerkstation.com\/hr\/pronadite-povremeni-seks-u-svojoj-blizini\/"]}]},{"@type":"BreadcrumbList","@id":"https:\/\/mamasjerkstation.com\/hr\/pronadite-povremeni-seks-u-svojoj-blizini\/#breadcrumb","itemListElement":[{"@type":"ListItem","position":1,"name":"Home","item":"https:\/\/mamasjerkstation.com\/hr\/"},{"@type":"ListItem","position":2,"name":"Prona\u0111ite povremeni seks u svojoj blizini"}]}]}},"_links":{"self":[{"href":"https:\/\/mamasjerkstation.com\/hr\/wp-json\/wp\/v2\/pages\/261"}],"collection":[{"href":"https:\/\/mamasjerkstation.com\/hr\/wp-json\/wp\/v2\/pages"}],"about":[{"href":"https:\/\/mamasjerkstation.com\/hr\/wp-json\/wp\/v2\/types\/page"}],"author":[{"embeddable":true,"href":"https:\/\/mamasjerkstation.com\/hr\/wp-json\/wp\/v2\/users\/1"}],"replies":[{"embeddable":true,"href":"https:\/\/mamasjerkstation.com\/hr\/wp-json\/wp\/v2\/comments?post=261"}],"version-history":[{"count":0,"href":"https:\/\/mamasjerkstation.com\/hr\/wp-json\/wp\/v2\/pages\/261\/revisions"}],"wp:featuredmedia":[{"embeddable":true,"href":"https:\/\/mamasjerkstation.com\/hr\/wp-json\/wp\/v2\/media\/183"}],"wp:attachment":[{"href":"https:\/\/mamasjerkstation.com\/hr\/wp-json\/wp\/v2\/media?parent=261"}],"curies":[{"name":"wp","href":"https:\/\/api.w.org\/{rel}","templated":true}]}}