{"id":253,"date":"2022-08-19T19:23:43","date_gmt":"2022-08-19T18:23:43","guid":{"rendered":"http:\/\/mamasjerkstation.com\/savjeti-za-upoznavanje-secera\/"},"modified":"2022-08-19T19:23:43","modified_gmt":"2022-08-19T18:23:43","slug":"savjeti-za-upoznavanje-secera","status":"publish","type":"page","link":"https:\/\/mamasjerkstation.com\/hr\/savjeti-za-upoznavanje-secera\/","title":{"rendered":"Savjeti za upoznavanje \u0161e\u0107era"},"content":{"rendered":"<h2>Jesi li slobodna i tra\u017ei\u0161 Sugar Daddyja?<\/h2>\n<p>Na internetu postoje tisu\u0107e mu\u0161karaca koji su spremni platiti za seks. Zovu se &#8220;Sugar Daddies&#8221;.<\/p>\n<p>\u010cini se kao da svaki \u010dovjek \u017eeli biti Sugar Daddy. Za\u0161to? Zato \u0161to se zbog toga osje\u0107a kao da ima mo\u0107. On mo\u017ee <a href=\"http:\/\/mamasjerkstation.com\/hr\/kako-sekst-i-razgovarati-s-djevojkama\/\">izabrati svoju \u017eenu<\/a> i re\u0107i joj \u0161to da radi. Ona radi sve \u0161to on ka\u017ee.<\/p>\n<p>Zauzvrat, ona mu daje seks. A ako mu se svi\u0111a, mo\u017ee joj dati i darove.<\/p>\n<p>Jeste li zainteresirani za izlaske sa Sugar Daddyjem? Ako da, onda pa\u017eljivo pro\u010ditajte ovaj \u010dlanak. Evo nekoliko savjeta koji \u0107e vam pomo\u0107i da prona\u0111ete Sugar Daddy.<\/p>\n<h3>Znajte \u0161to \u017eelite<\/h3>\n<p>Prije nego \u0161to krenete u potragu za Sugar Daddyjem, morate to\u010dno znati \u0161to \u017eelite. \u017delite li vezu s njim \/ njom? \u017delite li provoditi vrijeme zajedno? \u017delite li putovati s njim \/ njom?<\/p>\n<p>\u017deli\u0161 li se udati za njega\/ nju?<\/p>\n<p>Ova \u0107e vam pitanja pomo\u0107i da utvrdite \u017eelite li Sugar Daddy ili Sugar Baby.<\/p>\n<h3>Budite svoji<\/h3>\n<p>Budite svoji. Nemoj se pretvarati da si netko drugi. Ovo mo\u017eda zvu\u010di o\u010dito, ali ve\u0107ina mu\u0161karaca ne \u017eeli izlaziti s la\u017enom osobom. \u017dele izlaziti sa pravim \u017eenama.<\/p>\n<h3>Prona\u0111ite nekoga tko dijeli sli\u010dne interese<\/h3>\n<p>Prona\u0111ite nekoga tko dijeli sli\u010dne interese. Na primjer, ako volite sport, onda prona\u0111ite \u010dovjeka koji voli i sport.<\/p>\n<p>To \u0107e vam dati zajedni\u010dki jezik za razgovor. A razgovor o stvarima koje dijelite zajedni\u010dko pomo\u0107i \u0107e vam da se brzo pove\u017eete.<\/p>\n<h3>Pitajte ga o njegovoj obitelji<\/h3>\n<p>Pitajte ga o njegovoj\/njezinoj obitelji. Koliko njegova\/njezina majka ima godina? \u017divi li jo\u0161 uvijek s njim \/ njegovim roditeljima?<\/p>\n<p>Ima li bra\u0107e i sestara?<\/p>\n<h2>Faq<\/h2>\n<h3>\u0160to NSA zna\u010di u datiranju \u0161e\u0107erom?<\/h3>\n<p>NSA je kratica za No Strings Attached. To zna\u010di da ne morate brinuti o ulasku u bilo kakvu vezu. Upoznavanje sa \u0161e\u0107erom izvrstan je na\u010din upoznavanja novih ljudi koji dijele sli\u010dne interese.<\/p>\n<h3>Kako postati NSA Sugar Baby ili tata?<\/h3>\n<p>Ako \u017eelite biti \u0161e\u0107erna beba ili tata, onda morate znati kako ih prona\u0107i. Najbolji na\u010din za to je putem aplikacije za upoznavanje poput Tindera. Nakon \u0161to prona\u0111ete nekoga tko se \u010dini zanimljivim, zatra\u017eite njegov broj i nazovite ga. Ovo je najlak\u0161i na\u010din da po\u010dnete razgovarati sa \u0161e\u0107ernom bebom ili tatom.<\/p>\n<h3>\u0160to je odnos NSA i kako funkcionira?<\/h3>\n<p>NSA odnos je kada se dvoje ljudi prvi put susre\u0107u i oboje se poznaju iz prethodnih susreta. Osoba koja inicira sastanak zove se NSA (Novi supru\u017enik). Ovaj izraz skovao je komi\u010dar Jerry Seinfeld u svojoj knjizi &#8220;The Marriage Ref&#8221; gdje opisuje proces pronala\u017eenja ljubavi.<\/p>\n<h3>\u0160to je \u0161e\u0107erni tata?<\/h3>\n<p>\u0160e\u0107erni tata je netko tko financijski poma\u017ee svojoj djevojci. Ta osoba obi\u010dno ima novca i \u017eeli joj pomo\u0107i. Mo\u017eda \u0107e joj biti spreman dati i darove poput skupih ve\u010dera i praznika. Odnos izme\u0111u ove dvije strane \u010desto je romanti\u010dan, iako neki \u0161e\u0107erni tatice ne \u017eele nikakav seksualni kontakt.<\/p>\n","protected":false},"excerpt":{"rendered":"<p>Jesi li slobodna i tra\u017ei\u0161 Sugar Daddyja? Na internetu postoje tisu\u0107e mu\u0161karaca koji su spremni platiti za seks. Zovu se &#8220;Sugar Daddies&#8221;. \u010cini se kao &hellip; <\/p>\n","protected":false},"author":1,"featured_media":198,"parent":0,"menu_order":0,"comment_status":"closed","ping_status":"closed","template":"","meta":[],"yoast_head":"<!-- This site is optimized with the Yoast SEO plugin v17.7.1 - https:\/\/yoast.com\/wordpress\/plugins\/seo\/ -->\n<title>Savjeti za upoznavanje \u0161e\u0107era: Postanite Jerk Dating - Sugar Daddy<\/title>\n<meta name=\"robots\" content=\"index, follow, max-snippet:-1, max-image-preview:large, max-video-preview:-1\" \/>\n<link rel=\"canonical\" href=\"https:\/\/mamasjerkstation.com\/hr\/savjeti-za-upoznavanje-secera\/\" \/>\n<meta property=\"og:locale\" content=\"hr_HR\" \/>\n<meta property=\"og:type\" content=\"article\" \/>\n<meta property=\"og:title\" content=\"Savjeti za upoznavanje \u0161e\u0107era: Postanite Jerk Dating - Sugar Daddy\" \/>\n<meta property=\"og:description\" content=\"Jesi li slobodna i tra\u017ei\u0161 Sugar Daddyja? Na internetu postoje tisu\u0107e mu\u0161karaca koji su spremni platiti za seks. Zovu se &#8220;Sugar Daddies&#8221;. \u010cini se kao &hellip;\" \/>\n<meta property=\"og:url\" content=\"https:\/\/mamasjerkstation.com\/hr\/savjeti-za-upoznavanje-secera\/\" \/>\n<meta property=\"og:site_name\" content=\"Jerk Dating\" \/>\n<meta name=\"twitter:card\" content=\"summary_large_image\" \/>\n<meta name=\"twitter:image\" content=\"https:\/\/mamasjerkstation.com\/wp-content\/uploads\/2022\/08\/match-making.webp\" \/>\n<meta name=\"twitter:label1\" content=\"Procijenjeno vrijeme \u010ditanja\" \/>\n\t<meta name=\"twitter:data1\" content=\"3 minute\" \/>\n<script type=\"application\/ld+json\" class=\"yoast-schema-graph\">{\"@context\":\"https:\/\/schema.org\",\"@graph\":[{\"@type\":\"WebSite\",\"@id\":\"https:\/\/mamasjerkstation.com\/#website\",\"url\":\"https:\/\/mamasjerkstation.com\/\",\"name\":\"Jerk Dating\",\"description\":\"Online Sex Websites\",\"potentialAction\":[{\"@type\":\"SearchAction\",\"target\":{\"@type\":\"EntryPoint\",\"urlTemplate\":\"https:\/\/mamasjerkstation.com\/?s={search_term_string}\"},\"query-input\":\"required name=search_term_string\"}],\"inLanguage\":\"hr\"},{\"@type\":\"ImageObject\",\"@id\":\"https:\/\/mamasjerkstation.com\/hr\/savjeti-za-upoznavanje-secera\/#primaryimage\",\"inLanguage\":\"hr\",\"url\":\"https:\/\/mamasjerkstation.com\/wp-content\/uploads\/2022\/08\/match-making.webp\",\"contentUrl\":\"https:\/\/mamasjerkstation.com\/wp-content\/uploads\/2022\/08\/match-making.webp\",\"width\":1125,\"height\":750},{\"@type\":\"WebPage\",\"@id\":\"https:\/\/mamasjerkstation.com\/hr\/savjeti-za-upoznavanje-secera\/#webpage\",\"url\":\"https:\/\/mamasjerkstation.com\/hr\/savjeti-za-upoznavanje-secera\/\",\"name\":\"Savjeti za upoznavanje \\u0161e\\u0107era: Postanite Jerk Dating - Sugar Daddy\",\"isPartOf\":{\"@id\":\"https:\/\/mamasjerkstation.com\/#website\"},\"primaryImageOfPage\":{\"@id\":\"https:\/\/mamasjerkstation.com\/hr\/savjeti-za-upoznavanje-secera\/#primaryimage\"},\"datePublished\":\"2022-08-19T18:23:43+00:00\",\"dateModified\":\"2022-08-19T18:23:43+00:00\",\"breadcrumb\":{\"@id\":\"https:\/\/mamasjerkstation.com\/hr\/savjeti-za-upoznavanje-secera\/#breadcrumb\"},\"inLanguage\":\"hr\",\"potentialAction\":[{\"@type\":\"ReadAction\",\"target\":[\"https:\/\/mamasjerkstation.com\/hr\/savjeti-za-upoznavanje-secera\/\"]}]},{\"@type\":\"BreadcrumbList\",\"@id\":\"https:\/\/mamasjerkstation.com\/hr\/savjeti-za-upoznavanje-secera\/#breadcrumb\",\"itemListElement\":[{\"@type\":\"ListItem\",\"position\":1,\"name\":\"Home\",\"item\":\"https:\/\/mamasjerkstation.com\/hr\/\"},{\"@type\":\"ListItem\",\"position\":2,\"name\":\"Savjeti za upoznavanje \\u0161e\\u0107era\"}]}]}<\/script>\n<!-- \/ Yoast SEO plugin. -->","yoast_head_json":{"title":"Savjeti za upoznavanje \u0161e\u0107era: Postanite Jerk Dating - Sugar Daddy","robots":{"index":"index","follow":"follow","max-snippet":"max-snippet:-1","max-image-preview":"max-image-preview:large","max-video-preview":"max-video-preview:-1"},"canonical":"https:\/\/mamasjerkstation.com\/hr\/savjeti-za-upoznavanje-secera\/","og_locale":"hr_HR","og_type":"article","og_title":"Savjeti za upoznavanje \u0161e\u0107era: Postanite Jerk Dating - Sugar Daddy","og_description":"Jesi li slobodna i tra\u017ei\u0161 Sugar Daddyja? Na internetu postoje tisu\u0107e mu\u0161karaca koji su spremni platiti za seks. Zovu se &#8220;Sugar Daddies&#8221;. \u010cini se kao &hellip;","og_url":"https:\/\/mamasjerkstation.com\/hr\/savjeti-za-upoznavanje-secera\/","og_site_name":"Jerk Dating","twitter_card":"summary_large_image","twitter_image":"https:\/\/mamasjerkstation.com\/wp-content\/uploads\/2022\/08\/match-making.webp","twitter_misc":{"Procijenjeno vrijeme \u010ditanja":"3 minute"},"schema":{"@context":"https:\/\/schema.org","@graph":[{"@type":"WebSite","@id":"https:\/\/mamasjerkstation.com\/#website","url":"https:\/\/mamasjerkstation.com\/","name":"Jerk Dating","description":"Online Sex Websites","potentialAction":[{"@type":"SearchAction","target":{"@type":"EntryPoint","urlTemplate":"https:\/\/mamasjerkstation.com\/?s={search_term_string}"},"query-input":"required name=search_term_string"}],"inLanguage":"hr"},{"@type":"ImageObject","@id":"https:\/\/mamasjerkstation.com\/hr\/savjeti-za-upoznavanje-secera\/#primaryimage","inLanguage":"hr","url":"https:\/\/mamasjerkstation.com\/wp-content\/uploads\/2022\/08\/match-making.webp","contentUrl":"https:\/\/mamasjerkstation.com\/wp-content\/uploads\/2022\/08\/match-making.webp","width":1125,"height":750},{"@type":"WebPage","@id":"https:\/\/mamasjerkstation.com\/hr\/savjeti-za-upoznavanje-secera\/#webpage","url":"https:\/\/mamasjerkstation.com\/hr\/savjeti-za-upoznavanje-secera\/","name":"Savjeti za upoznavanje \u0161e\u0107era: Postanite Jerk Dating - Sugar Daddy","isPartOf":{"@id":"https:\/\/mamasjerkstation.com\/#website"},"primaryImageOfPage":{"@id":"https:\/\/mamasjerkstation.com\/hr\/savjeti-za-upoznavanje-secera\/#primaryimage"},"datePublished":"2022-08-19T18:23:43+00:00","dateModified":"2022-08-19T18:23:43+00:00","breadcrumb":{"@id":"https:\/\/mamasjerkstation.com\/hr\/savjeti-za-upoznavanje-secera\/#breadcrumb"},"inLanguage":"hr","potentialAction":[{"@type":"ReadAction","target":["https:\/\/mamasjerkstation.com\/hr\/savjeti-za-upoznavanje-secera\/"]}]},{"@type":"BreadcrumbList","@id":"https:\/\/mamasjerkstation.com\/hr\/savjeti-za-upoznavanje-secera\/#breadcrumb","itemListElement":[{"@type":"ListItem","position":1,"name":"Home","item":"https:\/\/mamasjerkstation.com\/hr\/"},{"@type":"ListItem","position":2,"name":"Savjeti za upoznavanje \u0161e\u0107era"}]}]}},"_links":{"self":[{"href":"https:\/\/mamasjerkstation.com\/hr\/wp-json\/wp\/v2\/pages\/253"}],"collection":[{"href":"https:\/\/mamasjerkstation.com\/hr\/wp-json\/wp\/v2\/pages"}],"about":[{"href":"https:\/\/mamasjerkstation.com\/hr\/wp-json\/wp\/v2\/types\/page"}],"author":[{"embeddable":true,"href":"https:\/\/mamasjerkstation.com\/hr\/wp-json\/wp\/v2\/users\/1"}],"replies":[{"embeddable":true,"href":"https:\/\/mamasjerkstation.com\/hr\/wp-json\/wp\/v2\/comments?post=253"}],"version-history":[{"count":0,"href":"https:\/\/mamasjerkstation.com\/hr\/wp-json\/wp\/v2\/pages\/253\/revisions"}],"wp:featuredmedia":[{"embeddable":true,"href":"https:\/\/mamasjerkstation.com\/hr\/wp-json\/wp\/v2\/media\/198"}],"wp:attachment":[{"href":"https:\/\/mamasjerkstation.com\/hr\/wp-json\/wp\/v2\/media?parent=253"}],"curies":[{"name":"wp","href":"https:\/\/api.w.org\/{rel}","templated":true}]}}