{"id":244,"date":"2022-08-19T16:45:46","date_gmt":"2022-08-19T15:45:46","guid":{"rendered":"http:\/\/mamasjerkstation.com\/pronalazenje-pravog-kretena-izvan-stranice-za-vas-sexting-online\/"},"modified":"2022-08-19T16:45:46","modified_gmt":"2022-08-19T15:45:46","slug":"pronalazenje-pravog-kretena-izvan-stranice-za-vas-sexting-online","status":"publish","type":"page","link":"https:\/\/mamasjerkstation.com\/hr\/","title":{"rendered":"Pronala\u017eenje pravog kretena izvan stranice za vas: Sexting online"},"content":{"rendered":"<p>Sex Chat je vrsta internetske komunikacije u kojoj se ljudi bave seksualnim aktivnostima dok komuniciraju putem tekstualnih poruka, aplikacija za razmjenu izravnih poruka, platformi dru\u0161tvenih medija itd. Ovaj oblik komunikacije \u010desto se naziva sexting, iako se tehni\u010dki razlikuje od sextinga jer uklju\u010duje razgovor o seksu, a ne slanje eksplicitnih slika ili videozapisa o sebi.<\/p>\n<h2>Pronala\u017eenje pravih web stranica s trzajnim kamerama<\/h2>\n<p>Nema boljeg na\u010dina za <a href=\"http:\/\/mamasjerkstation.com\/hr\/lgbt-upoznavanje\/\">upoznavanje istomi\u0161ljenika i raspravu<\/a> o temama kao \u0161to su BDSM, feti\u0161i, kink, igranje uloga, no\u0161enje feti\u0161a i jo\u0161 mnogo toga. Na\u0161a zna\u010dajka video chata u\u017eivo omogu\u0107uje vam da vidite kako drugi izgledaju, tako da mo\u017eete odlu\u010diti \u017eelite li komunicirati s njima. Ako biste radije samo \u010ditali, imamo mno\u0161tvo \u010dlanaka koje su napisali stvarni ljudi koji raspravljaju o svemu, od toga kako pokupiti djevojke do toga kako se u\u010diniti neodoljivim.<\/p>\n<h3>Aplikacije za upoznavanje ili web stranice za sex chat?<\/h3>\n<p>Svijet je pun ljudi koji tra\u017ee ljubav na internetu. Bilo da tra\u017ee nekoga posebnog do danas ili se samo \u017eele spojiti, postoji mnogo na\u010dina za pronala\u017eenje romantike. Jedan od na\u010dina za to je putem aplikacije za upoznavanje poput Tindera. No, iako su aplikacije poput Tindera izvrsne za upoznavanje potencijalnih datuma, ne pru\u017eaju uvijek najbolje iskustvo onima koji \u017eele upoznati druge u stvarnom \u017eivotu.<\/p>\n<p>Zato postoji mnogo razli\u010ditih vrsta dru\u0161tvenih mre\u017ea dizajniranih da vam pomognu da se osobno pove\u017eete s ljudima. Neki vam omogu\u0107uju da se pridru\u017eite grupama na temelju interesa, hobija i jo\u0161 mnogo toga. Drugi vam omogu\u0107uju da se sprijateljite sa strancima ili jednostavno razgovarate s ljudima u blizini. A drugi nude mogu\u0107nosti za povremene susrete &#8211; poput brzog nabrda u parku ili veze za jednu no\u0107 u hotelskoj sobi.<\/p>\n<p><img loading=\"lazy\" class=\"aligncenter wp-image-53\" src=\"http:\/\/mamasjerkstation.com\/wp-content\/uploads\/2022\/08\/adult-cams-1024x683.jpeg\" alt=\"\" width=\"705\" height=\"470\" srcset=\"https:\/\/mamasjerkstation.com\/wp-content\/uploads\/2022\/08\/adult-cams-1024x683.jpeg 1024w, https:\/\/mamasjerkstation.com\/wp-content\/uploads\/2022\/08\/adult-cams-300x200.jpeg 300w, https:\/\/mamasjerkstation.com\/wp-content\/uploads\/2022\/08\/adult-cams-768x512.jpeg 768w, https:\/\/mamasjerkstation.com\/wp-content\/uploads\/2022\/08\/adult-cams.jpeg 1125w\" sizes=\"(max-width: 705px) 100vw, 705px\" \/><\/p>\n<h3>\u0160to je s kori\u0161tenjem web stranica s kamerama?<\/h3>\n<p>Ove web stranice omogu\u0107uju pojedincima da gledaju druge kako sudjeluju u seksualnim \u010dinovima bez pla\u0107anja. Neke od najpoznatijih web stranica sa seks kamerama u\u017eivo uklju\u010duju Chaturbate, LiveJasmin, Cam4, MyFreeCams i Streamberry.<\/p>\n<p>Iako bi neki ljudi mogli pretpostaviti da porno zvijezde zara\u0111uju ve\u0107inu novca od webcamminga, ispada da mnogi modeli zapravo zara\u0111uju manje od 100 USD mjese\u010dno. Iako svakako postoje iznimke, ve\u0107ina modela ne zara\u0111uje dovoljno novca da se u potpunosti podr\u017ei s webcamminga. Ali \u0161to je s onim vremenima kada vam se ne da gledati pornografiju? Ili mo\u017eda samo \u017eelite vidjeti kako seksi druga osoba izgleda gola? Postoji mnogo na\u010dina i za to. Na primjer, neke web stranice za seks chat streamaju video feedove u\u017eivo s web kamera svojih \u010dlanova. Ovi prijenosi u\u017eivo obi\u010dno imaju cijenu, ali ponekad su potpuno besplatni.<\/p>\n<h2>Na\u0161 vru\u0107i izbor: Prljavi rulet<\/h2>\n<p>Dirty Roulette jedna je od najstarijih web stranica na mre\u017ei, pokrenuta je 2005. godine. Ova stranica za video chat za odrasle nudi besplatne seks kamere u\u017eivo s tisu\u0107ama modela iz cijelog svijeta. Ne morate se ni registrirati. Samo odaberite model koji vam se svi\u0111a i po\u010dnite \u010davrljati. Ako \u017eelite vidjeti vi\u0161e, samo joj dajte napojnicu &#8211; u\u010dinit \u0107e sve za novac. Popis najboljih cam djevojaka pogledajte ovdje. Dirtyroulette je jedna od najpopularnijih web lokacija u\u017eivo na mre\u017ei. Mo\u017eete gledati stotine seksi djevojaka kako izvode seksualne radnje u\u017eivo poput masturbacije, pu\u0161enje i jo\u0161 mnogo toga. Ova stranica je vrlo jednostavna za kori\u0161tenje. Samo se registrirajte i mo\u017eete odmah po\u010deti gledati. Nisu potrebna preuzimanja, samo se prijavite i po\u010dnite razgovarati.<\/p>\n<h2>Cam4<\/h2>\n<p>Cam4 je jedno od najpopularnijih web mjesta za gledanje djevojaka s web kamere u\u017eivo na mre\u017ei. Tisu\u0107e i tisu\u0107e lijepih \u017eena \u010dekaju da vas upoznaju na internetu. Sve \u0161to trebate u\u010diniti je prijaviti se za besplatni ra\u010dun i po\u010deti pregledavati njihove djevojke s web kamere.<\/p>\n<p>Primijetit \u0107ete da imamo razli\u010dite kategorije na temelju onoga \u0161to vas zanima. Bilo da se radi o tinejd\u017eerskim djevojkama s web kamere, MILF djevojkama s web kamere ili \u010dak samo amaterskim djevojkama s web kamere, ovdje ima pone\u0161to za svakoga. Pregledajte njihovu web stranicu i pogledajte koliko vru\u0107ih djevojaka s web kamere mo\u017eete prona\u0107i. Nakon \u0161to prona\u0111ete model s kojim \u017eelite razgovarati, jednostavno u\u0111ite u njezinu sobu za razgovor i ona \u0107e biti spremna odgovoriti na va\u0161a pitanja. Ako ne znate odakle po\u010deti, slobodno nas pitajte bilo \u0161to o djevojkama s web kamere s kojima biste \u017eeljeli razgovarati. Njihov tim za korisni\u010dku podr\u0161ku uvijek vam rado poma\u017ee.<\/p>\n<p>Glavni razlog za\u0161to se CAM4 izdvaja od ostatka natjecanja je \u010dinjenica da svojim korisnicima pru\u017eaju mogu\u0107nost interakcije sa svakim modelom tijekom njihove emisije u\u017eivo. Ova zna\u010dajka omogu\u0107uje vam da u\u017eivate u akciji dok izravno razgovarate s modelima. Osim toga, tijekom cijele sesije mo\u017eete slati neograni\u010dene tekstualne poruke, postavljati pitanja o izgledu izvo\u0111a\u010da, tipu tijela, etni\u010dkoj pripadnosti, boji kose, dobi i mnogima<\/p>\n<h2>Na\u0161 savjet<\/h2>\n<p>Prvo isprobajte dvije aplikacije koje smo preporu\u010dili iznad, ako nisu za vas, isprobajte jo\u0161 jedan popularan izbor poput Chaturbatea.<\/p>\n<p>Ovo je vjerojatno najve\u0107e ime u zabavi za odrasle danas. S vi\u0161e od 5 milijuna mjese\u010dnih posjeta, Chaturbate je najve\u0107a svjetska platforma za spajanje u\u017eivo. Pru\u017eaju veliki raspon zna\u010dajki, uklju\u010duju\u0107i seksi video chatove, nesta\u0161ne galerije fotografija, pa \u010dak i grupne seksualne sesije.<\/p>\n","protected":false},"excerpt":{"rendered":"<p>Sex Chat je vrsta internetske komunikacije u kojoj se ljudi bave seksualnim aktivnostima dok komuniciraju putem tekstualnih poruka, aplikacija za razmjenu izravnih poruka, platformi dru\u0161tvenih &hellip; <\/p>\n","protected":false},"author":1,"featured_media":93,"parent":0,"menu_order":0,"comment_status":"closed","ping_status":"closed","template":"","meta":[],"yoast_head":"<!-- This site is optimized with the Yoast SEO plugin v17.7.1 - https:\/\/yoast.com\/wordpress\/plugins\/seo\/ -->\n<title>Pronala\u017eenje pravog kretena izvan stranice za vas: Sexting online - Jerk Dating<\/title>\n<meta name=\"robots\" content=\"index, follow, max-snippet:-1, max-image-preview:large, max-video-preview:-1\" \/>\n<link rel=\"canonical\" href=\"https:\/\/mamasjerkstation.com\/hr\/\" \/>\n<meta property=\"og:locale\" content=\"hr_HR\" \/>\n<meta property=\"og:type\" content=\"article\" \/>\n<meta property=\"og:title\" content=\"Pronala\u017eenje pravog kretena izvan stranice za vas: Sexting online - Jerk Dating\" \/>\n<meta property=\"og:description\" content=\"Sex Chat je vrsta internetske komunikacije u kojoj se ljudi bave seksualnim aktivnostima dok komuniciraju putem tekstualnih poruka, aplikacija za razmjenu izravnih poruka, platformi dru\u0161tvenih &hellip;\" \/>\n<meta property=\"og:url\" content=\"https:\/\/mamasjerkstation.com\/hr\/\" \/>\n<meta property=\"og:site_name\" content=\"Jerk Dating\" \/>\n<meta property=\"og:image\" content=\"http:\/\/mamasjerkstation.com\/wp-content\/uploads\/2022\/08\/sexting-cam-rooms.jpeg\" \/>\n\t<meta property=\"og:image:width\" content=\"1125\" \/>\n\t<meta property=\"og:image:height\" content=\"750\" \/>\n<meta name=\"twitter:card\" content=\"summary_large_image\" \/>\n<meta name=\"twitter:label1\" content=\"Procijenjeno vrijeme \u010ditanja\" \/>\n\t<meta name=\"twitter:data1\" content=\"5 minuta\" \/>\n<script type=\"application\/ld+json\" class=\"yoast-schema-graph\">{\"@context\":\"https:\/\/schema.org\",\"@graph\":[{\"@type\":\"WebSite\",\"@id\":\"https:\/\/mamasjerkstation.com\/#website\",\"url\":\"https:\/\/mamasjerkstation.com\/\",\"name\":\"Jerk Dating\",\"description\":\"Online Sex Websites\",\"potentialAction\":[{\"@type\":\"SearchAction\",\"target\":{\"@type\":\"EntryPoint\",\"urlTemplate\":\"https:\/\/mamasjerkstation.com\/?s={search_term_string}\"},\"query-input\":\"required name=search_term_string\"}],\"inLanguage\":\"hr\"},{\"@type\":\"ImageObject\",\"@id\":\"https:\/\/mamasjerkstation.com\/hr\/#primaryimage\",\"inLanguage\":\"hr\",\"url\":\"https:\/\/mamasjerkstation.com\/wp-content\/uploads\/2022\/08\/sexting-cam-rooms.jpeg\",\"contentUrl\":\"https:\/\/mamasjerkstation.com\/wp-content\/uploads\/2022\/08\/sexting-cam-rooms.jpeg\",\"width\":1125,\"height\":750},{\"@type\":\"WebPage\",\"@id\":\"https:\/\/mamasjerkstation.com\/hr\/#webpage\",\"url\":\"https:\/\/mamasjerkstation.com\/hr\/\",\"name\":\"Pronala\\u017eenje pravog kretena izvan stranice za vas: Sexting online - Jerk Dating\",\"isPartOf\":{\"@id\":\"https:\/\/mamasjerkstation.com\/#website\"},\"primaryImageOfPage\":{\"@id\":\"https:\/\/mamasjerkstation.com\/hr\/#primaryimage\"},\"datePublished\":\"2022-08-19T15:45:46+00:00\",\"dateModified\":\"2022-08-19T15:45:46+00:00\",\"breadcrumb\":{\"@id\":\"https:\/\/mamasjerkstation.com\/hr\/#breadcrumb\"},\"inLanguage\":\"hr\",\"potentialAction\":[{\"@type\":\"ReadAction\",\"target\":[\"https:\/\/mamasjerkstation.com\/hr\/\"]}]},{\"@type\":\"BreadcrumbList\",\"@id\":\"https:\/\/mamasjerkstation.com\/hr\/#breadcrumb\",\"itemListElement\":[{\"@type\":\"ListItem\",\"position\":1,\"name\":\"Home\",\"item\":\"http:\/\/mamasjerkstation.com\/hr\/\"},{\"@type\":\"ListItem\",\"position\":2,\"name\":\"Pronala\\u017eenje pravog kretena izvan stranice za vas: Sexting online\"}]}]}<\/script>\n<!-- \/ Yoast SEO plugin. -->","yoast_head_json":{"title":"Pronala\u017eenje pravog kretena izvan stranice za vas: Sexting online - Jerk Dating","robots":{"index":"index","follow":"follow","max-snippet":"max-snippet:-1","max-image-preview":"max-image-preview:large","max-video-preview":"max-video-preview:-1"},"canonical":"https:\/\/mamasjerkstation.com\/hr\/","og_locale":"hr_HR","og_type":"article","og_title":"Pronala\u017eenje pravog kretena izvan stranice za vas: Sexting online - Jerk Dating","og_description":"Sex Chat je vrsta internetske komunikacije u kojoj se ljudi bave seksualnim aktivnostima dok komuniciraju putem tekstualnih poruka, aplikacija za razmjenu izravnih poruka, platformi dru\u0161tvenih &hellip;","og_url":"https:\/\/mamasjerkstation.com\/hr\/","og_site_name":"Jerk Dating","og_image":[{"width":1125,"height":750,"url":"http:\/\/mamasjerkstation.com\/wp-content\/uploads\/2022\/08\/sexting-cam-rooms.jpeg","type":"image\/jpeg"}],"twitter_card":"summary_large_image","twitter_misc":{"Procijenjeno vrijeme \u010ditanja":"5 minuta"},"schema":{"@context":"https:\/\/schema.org","@graph":[{"@type":"WebSite","@id":"https:\/\/mamasjerkstation.com\/#website","url":"https:\/\/mamasjerkstation.com\/","name":"Jerk Dating","description":"Online Sex Websites","potentialAction":[{"@type":"SearchAction","target":{"@type":"EntryPoint","urlTemplate":"https:\/\/mamasjerkstation.com\/?s={search_term_string}"},"query-input":"required name=search_term_string"}],"inLanguage":"hr"},{"@type":"ImageObject","@id":"https:\/\/mamasjerkstation.com\/hr\/#primaryimage","inLanguage":"hr","url":"https:\/\/mamasjerkstation.com\/wp-content\/uploads\/2022\/08\/sexting-cam-rooms.jpeg","contentUrl":"https:\/\/mamasjerkstation.com\/wp-content\/uploads\/2022\/08\/sexting-cam-rooms.jpeg","width":1125,"height":750},{"@type":"WebPage","@id":"https:\/\/mamasjerkstation.com\/hr\/#webpage","url":"https:\/\/mamasjerkstation.com\/hr\/","name":"Pronala\u017eenje pravog kretena izvan stranice za vas: Sexting online - Jerk Dating","isPartOf":{"@id":"https:\/\/mamasjerkstation.com\/#website"},"primaryImageOfPage":{"@id":"https:\/\/mamasjerkstation.com\/hr\/#primaryimage"},"datePublished":"2022-08-19T15:45:46+00:00","dateModified":"2022-08-19T15:45:46+00:00","breadcrumb":{"@id":"https:\/\/mamasjerkstation.com\/hr\/#breadcrumb"},"inLanguage":"hr","potentialAction":[{"@type":"ReadAction","target":["https:\/\/mamasjerkstation.com\/hr\/"]}]},{"@type":"BreadcrumbList","@id":"https:\/\/mamasjerkstation.com\/hr\/#breadcrumb","itemListElement":[{"@type":"ListItem","position":1,"name":"Home","item":"http:\/\/mamasjerkstation.com\/hr\/"},{"@type":"ListItem","position":2,"name":"Pronala\u017eenje pravog kretena izvan stranice za vas: Sexting online"}]}]}},"_links":{"self":[{"href":"https:\/\/mamasjerkstation.com\/hr\/wp-json\/wp\/v2\/pages\/244"}],"collection":[{"href":"https:\/\/mamasjerkstation.com\/hr\/wp-json\/wp\/v2\/pages"}],"about":[{"href":"https:\/\/mamasjerkstation.com\/hr\/wp-json\/wp\/v2\/types\/page"}],"author":[{"embeddable":true,"href":"https:\/\/mamasjerkstation.com\/hr\/wp-json\/wp\/v2\/users\/1"}],"replies":[{"embeddable":true,"href":"https:\/\/mamasjerkstation.com\/hr\/wp-json\/wp\/v2\/comments?post=244"}],"version-history":[{"count":0,"href":"https:\/\/mamasjerkstation.com\/hr\/wp-json\/wp\/v2\/pages\/244\/revisions"}],"wp:featuredmedia":[{"embeddable":true,"href":"https:\/\/mamasjerkstation.com\/hr\/wp-json\/wp\/v2\/media\/93"}],"wp:attachment":[{"href":"https:\/\/mamasjerkstation.com\/hr\/wp-json\/wp\/v2\/media?parent=244"}],"curies":[{"name":"wp","href":"https:\/\/api.w.org\/{rel}","templated":true}]}}