{"id":338,"date":"2022-08-19T17:36:00","date_gmt":"2022-08-19T16:36:00","guid":{"rendered":"http:\/\/mamasjerkstation.com\/meilleures-applications-de-rencontres-en-2022-pour-les-celibataires\/"},"modified":"2022-08-19T17:36:00","modified_gmt":"2022-08-19T16:36:00","slug":"meilleures-applications-de-rencontres-en-2022-pour-les-celibataires","status":"publish","type":"page","link":"https:\/\/mamasjerkstation.com\/fr\/meilleures-applications-de-rencontres-en-2022-pour-les-celibataires\/","title":{"rendered":"Meilleures applications de rencontres en 2022 pour les c\u00e9libataires"},"content":{"rendered":"<p>Si vous recherchez l\u2019amour en ligne, il peut \u00eatre difficile de savoir par o\u00f9 commencer. Avec des centaines d\u2019applications de rencontres, comment savez-vous laquelle vous convient le mieux? Voici quelques conseils pour vous aider \u00e0 faire le bon choix.<\/p>\n<h2>Obtenir la bonne application<\/h2>\n<p>Bien s\u00fbr, comme il s\u2019agit d\u2019une application de rencontres, elle comprend une section pour <a href=\"http:\/\/mamasjerkstation.com\/fr\/rencontres-lgbt\/\">flirter et discuter<\/a>, mais elle est principalement ax\u00e9e sur la rencontre de personnes pour des rendez-vous r\u00e9els. Et si vous cherchez quelqu\u2019un qui veut aller plus loin, alors vous voudrez probablement chercher ailleurs.<\/p>\n<p>Donc, si vous cherchez \u00e0 trouver un bon rendez-vous en ligne, que ce soit pour une aventure d\u2019un soir ou une relation, vous ne vous tromperez certainement pas avec l\u2019une de nos recommandations.<\/p>\n<h3>M\u00ealer2<\/h3>\n<p>Mingle2 est l\u2019un des sites de rencontres en ligne gratuits les plus populaires. Avec plus de 40 millions d\u2019utilisateurs enregistr\u00e9s, il n\u2019est pas surprenant que l\u2019application soit devenue un incontournable pour tous ceux qui recherchent l\u2019amour. Vous pouvez utiliser le site pour rencontrer des gens \u00e0 proximit\u00e9, discuter et flirter via des messages texte.<\/p>\n<p>L\u2019application vous connecte avec des c\u00e9libataires en fonction de votre emplacement, de votre \u00e2ge et de vos pr\u00e9f\u00e9rences relationnelles. Vous pouvez parcourir les profils et envoyer des cadeaux virtuels pour exprimer votre int\u00e9r\u00eat. Lorsque quelqu\u2019un aime votre profil, il re\u00e7oit une notification et vous pouvez commencer \u00e0 discuter. Si les deux parties sont int\u00e9ress\u00e9es, vous pouvez organiser une rencontre.<\/p>\n<p>Vous n\u2019avez m\u00eame pas \u00e0 payer quoi que ce soit; l\u2019adh\u00e9sion au site est enti\u00e8rement gratuite. Et parce qu\u2019il appartient \u00e0 Match Group, vous pouvez \u00eatre assur\u00e9 que vos informations personnelles sont en s\u00e9curit\u00e9.<\/p>\n<h3>SilverSingles<\/h3>\n<p>SilverSingles est un site de rencontre en ligne o\u00f9 les personnes \u00e2g\u00e9es rencontrent des personnes \u00e0 la recherche de l\u2019amour. Ils croient qu\u2019il est important de garder les choses simples et faciles \u00e0 utiliser. C\u2019est pourquoi ils n\u2019exigent pas de frais d\u2019adh\u00e9sion, d\u2019\u00e9tapes de v\u00e9rification ou m\u00eame d\u2019e-mails. Il vous suffit de vous inscrire et de commencer \u00e0 naviguer.<\/p>\n<h3>eHarmonie<\/h3>\n<p>eHarmony est l\u2019un des plus anciens sites de rencontres en ligne. Fond\u00e9e en 2000, elle propose des tests de compatibilit\u00e9 et des correspondances bas\u00e9es sur les traits de personnalit\u00e9. On pose aux utilisateurs des questions sur leurs int\u00e9r\u00eats, leurs valeurs, leurs passe-temps, leurs objectifs de carri\u00e8re, etc., et re\u00e7oivent des commentaires sur leur ad\u00e9quation. Si vous voulez trouver l\u2019amour, eHarmony pourrait bien fonctionner pour vous.<\/p>\n<h3>Recherche<\/h3>\n<p>Vous cherchez quelque chose de s\u00e9rieux? Seek.com est con\u00e7u pour vous aider \u00e0 vous connecter avec des personnes \u00e0 la recherche de relations \u00e0 long terme. Vous pouvez parcourir les profils en fonction de l\u2019\u00e2ge, de l\u2019emplacement, du statut de la relation et m\u00eame de la religion. Le site vous permet de configurer des alertes pour vous avertir chaque fois que quelqu\u2019un vous envoie une demande d\u2019ami ou vous \u00e9crit un message. Il est gratuit de s\u2019inscrire et de naviguer, mais vous devez payer pour envoyer des messages \u00e0 des partenaires potentiels.<\/p>\n<h3>Ashley Madison<\/h3>\n<p>Ashley Madison est consid\u00e9r\u00e9e comme la premi\u00e8re destination pour les personnes mari\u00e9es \u00e0 la recherche d\u2019affaires. En tant que site personnel pour adultes le plus populaire, Ashley Madison compte plus de 27 millions de membres actifs. Les utilisateurs peuvent s\u2019inscrire gratuitement et commencer \u00e0 parcourir les profils des hommes et des femmes locaux. Une fois que vous avez trouv\u00e9 quelqu\u2019un que vous aimeriez rencontrer, vous pouvez commencer \u00e0 discuter et \u00e0 organiser une rencontre. Les membres peuvent payer un suppl\u00e9ment pour recevoir des avantages sp\u00e9ciaux tels que le statut VIP, des mesures de s\u00e9curit\u00e9 renforc\u00e9es et un support client 24h \/ 24 et 7j \/ 7.<\/p>\n","protected":false},"excerpt":{"rendered":"<p>Si vous recherchez l\u2019amour en ligne, il peut \u00eatre difficile de savoir par o\u00f9 commencer. Avec des centaines d\u2019applications de rencontres, comment savez-vous laquelle vous &hellip; <\/p>\n","protected":false},"author":1,"featured_media":127,"parent":0,"menu_order":0,"comment_status":"closed","ping_status":"closed","template":"","meta":[],"yoast_head":"<!-- This site is optimized with the Yoast SEO plugin v17.7.1 - https:\/\/yoast.com\/wordpress\/plugins\/seo\/ -->\n<title>Meilleures applications de rencontres en 2022 pour les c\u00e9libataires - Jerk Dating<\/title>\n<meta name=\"robots\" content=\"index, follow, max-snippet:-1, max-image-preview:large, max-video-preview:-1\" \/>\n<link rel=\"canonical\" href=\"https:\/\/mamasjerkstation.com\/fr\/meilleures-applications-de-rencontres-en-2022-pour-les-celibataires\/\" \/>\n<meta property=\"og:locale\" content=\"fr_FR\" \/>\n<meta property=\"og:type\" content=\"article\" \/>\n<meta property=\"og:title\" content=\"Meilleures applications de rencontres en 2022 pour les c\u00e9libataires - Jerk Dating\" \/>\n<meta property=\"og:description\" content=\"Si vous recherchez l\u2019amour en ligne, il peut \u00eatre difficile de savoir par o\u00f9 commencer. Avec des centaines d\u2019applications de rencontres, comment savez-vous laquelle vous &hellip;\" \/>\n<meta property=\"og:url\" content=\"https:\/\/mamasjerkstation.com\/fr\/meilleures-applications-de-rencontres-en-2022-pour-les-celibataires\/\" \/>\n<meta property=\"og:site_name\" content=\"Jerk Dating\" \/>\n<meta property=\"og:image\" content=\"http:\/\/mamasjerkstation.com\/wp-content\/uploads\/2022\/08\/dating.jpeg\" \/>\n\t<meta property=\"og:image:width\" content=\"2000\" \/>\n\t<meta property=\"og:image:height\" content=\"1500\" \/>\n<meta name=\"twitter:card\" content=\"summary_large_image\" \/>\n<meta name=\"twitter:label1\" content=\"Dur\u00e9e de lecture estim\u00e9e\" \/>\n\t<meta name=\"twitter:data1\" content=\"3 minutes\" \/>\n<script type=\"application\/ld+json\" class=\"yoast-schema-graph\">{\"@context\":\"https:\/\/schema.org\",\"@graph\":[{\"@type\":\"WebSite\",\"@id\":\"https:\/\/mamasjerkstation.com\/#website\",\"url\":\"https:\/\/mamasjerkstation.com\/\",\"name\":\"Jerk Dating\",\"description\":\"Online Sex Websites\",\"potentialAction\":[{\"@type\":\"SearchAction\",\"target\":{\"@type\":\"EntryPoint\",\"urlTemplate\":\"https:\/\/mamasjerkstation.com\/?s={search_term_string}\"},\"query-input\":\"required name=search_term_string\"}],\"inLanguage\":\"fr-FR\"},{\"@type\":\"ImageObject\",\"@id\":\"https:\/\/mamasjerkstation.com\/fr\/meilleures-applications-de-rencontres-en-2022-pour-les-celibataires\/#primaryimage\",\"inLanguage\":\"fr-FR\",\"url\":\"https:\/\/mamasjerkstation.com\/wp-content\/uploads\/2022\/08\/dating.jpeg\",\"contentUrl\":\"https:\/\/mamasjerkstation.com\/wp-content\/uploads\/2022\/08\/dating.jpeg\",\"width\":2000,\"height\":1500},{\"@type\":\"WebPage\",\"@id\":\"https:\/\/mamasjerkstation.com\/fr\/meilleures-applications-de-rencontres-en-2022-pour-les-celibataires\/#webpage\",\"url\":\"https:\/\/mamasjerkstation.com\/fr\/meilleures-applications-de-rencontres-en-2022-pour-les-celibataires\/\",\"name\":\"Meilleures applications de rencontres en 2022 pour les c\\u00e9libataires - Jerk Dating\",\"isPartOf\":{\"@id\":\"https:\/\/mamasjerkstation.com\/#website\"},\"primaryImageOfPage\":{\"@id\":\"https:\/\/mamasjerkstation.com\/fr\/meilleures-applications-de-rencontres-en-2022-pour-les-celibataires\/#primaryimage\"},\"datePublished\":\"2022-08-19T16:36:00+00:00\",\"dateModified\":\"2022-08-19T16:36:00+00:00\",\"breadcrumb\":{\"@id\":\"https:\/\/mamasjerkstation.com\/fr\/meilleures-applications-de-rencontres-en-2022-pour-les-celibataires\/#breadcrumb\"},\"inLanguage\":\"fr-FR\",\"potentialAction\":[{\"@type\":\"ReadAction\",\"target\":[\"https:\/\/mamasjerkstation.com\/fr\/meilleures-applications-de-rencontres-en-2022-pour-les-celibataires\/\"]}]},{\"@type\":\"BreadcrumbList\",\"@id\":\"https:\/\/mamasjerkstation.com\/fr\/meilleures-applications-de-rencontres-en-2022-pour-les-celibataires\/#breadcrumb\",\"itemListElement\":[{\"@type\":\"ListItem\",\"position\":1,\"name\":\"Home\",\"item\":\"http:\/\/mamasjerkstation.com\/fr\/\"},{\"@type\":\"ListItem\",\"position\":2,\"name\":\"Meilleures applications de rencontres en 2022 pour les c\\u00e9libataires\"}]}]}<\/script>\n<!-- \/ Yoast SEO plugin. -->","yoast_head_json":{"title":"Meilleures applications de rencontres en 2022 pour les c\u00e9libataires - Jerk Dating","robots":{"index":"index","follow":"follow","max-snippet":"max-snippet:-1","max-image-preview":"max-image-preview:large","max-video-preview":"max-video-preview:-1"},"canonical":"https:\/\/mamasjerkstation.com\/fr\/meilleures-applications-de-rencontres-en-2022-pour-les-celibataires\/","og_locale":"fr_FR","og_type":"article","og_title":"Meilleures applications de rencontres en 2022 pour les c\u00e9libataires - Jerk Dating","og_description":"Si vous recherchez l\u2019amour en ligne, il peut \u00eatre difficile de savoir par o\u00f9 commencer. Avec des centaines d\u2019applications de rencontres, comment savez-vous laquelle vous &hellip;","og_url":"https:\/\/mamasjerkstation.com\/fr\/meilleures-applications-de-rencontres-en-2022-pour-les-celibataires\/","og_site_name":"Jerk Dating","og_image":[{"width":2000,"height":1500,"url":"http:\/\/mamasjerkstation.com\/wp-content\/uploads\/2022\/08\/dating.jpeg","type":"image\/jpeg"}],"twitter_card":"summary_large_image","twitter_misc":{"Dur\u00e9e de lecture estim\u00e9e":"3 minutes"},"schema":{"@context":"https:\/\/schema.org","@graph":[{"@type":"WebSite","@id":"https:\/\/mamasjerkstation.com\/#website","url":"https:\/\/mamasjerkstation.com\/","name":"Jerk Dating","description":"Online Sex Websites","potentialAction":[{"@type":"SearchAction","target":{"@type":"EntryPoint","urlTemplate":"https:\/\/mamasjerkstation.com\/?s={search_term_string}"},"query-input":"required name=search_term_string"}],"inLanguage":"fr-FR"},{"@type":"ImageObject","@id":"https:\/\/mamasjerkstation.com\/fr\/meilleures-applications-de-rencontres-en-2022-pour-les-celibataires\/#primaryimage","inLanguage":"fr-FR","url":"https:\/\/mamasjerkstation.com\/wp-content\/uploads\/2022\/08\/dating.jpeg","contentUrl":"https:\/\/mamasjerkstation.com\/wp-content\/uploads\/2022\/08\/dating.jpeg","width":2000,"height":1500},{"@type":"WebPage","@id":"https:\/\/mamasjerkstation.com\/fr\/meilleures-applications-de-rencontres-en-2022-pour-les-celibataires\/#webpage","url":"https:\/\/mamasjerkstation.com\/fr\/meilleures-applications-de-rencontres-en-2022-pour-les-celibataires\/","name":"Meilleures applications de rencontres en 2022 pour les c\u00e9libataires - Jerk Dating","isPartOf":{"@id":"https:\/\/mamasjerkstation.com\/#website"},"primaryImageOfPage":{"@id":"https:\/\/mamasjerkstation.com\/fr\/meilleures-applications-de-rencontres-en-2022-pour-les-celibataires\/#primaryimage"},"datePublished":"2022-08-19T16:36:00+00:00","dateModified":"2022-08-19T16:36:00+00:00","breadcrumb":{"@id":"https:\/\/mamasjerkstation.com\/fr\/meilleures-applications-de-rencontres-en-2022-pour-les-celibataires\/#breadcrumb"},"inLanguage":"fr-FR","potentialAction":[{"@type":"ReadAction","target":["https:\/\/mamasjerkstation.com\/fr\/meilleures-applications-de-rencontres-en-2022-pour-les-celibataires\/"]}]},{"@type":"BreadcrumbList","@id":"https:\/\/mamasjerkstation.com\/fr\/meilleures-applications-de-rencontres-en-2022-pour-les-celibataires\/#breadcrumb","itemListElement":[{"@type":"ListItem","position":1,"name":"Home","item":"http:\/\/mamasjerkstation.com\/fr\/"},{"@type":"ListItem","position":2,"name":"Meilleures applications de rencontres en 2022 pour les c\u00e9libataires"}]}]}},"_links":{"self":[{"href":"https:\/\/mamasjerkstation.com\/fr\/wp-json\/wp\/v2\/pages\/338"}],"collection":[{"href":"https:\/\/mamasjerkstation.com\/fr\/wp-json\/wp\/v2\/pages"}],"about":[{"href":"https:\/\/mamasjerkstation.com\/fr\/wp-json\/wp\/v2\/types\/page"}],"author":[{"embeddable":true,"href":"https:\/\/mamasjerkstation.com\/fr\/wp-json\/wp\/v2\/users\/1"}],"replies":[{"embeddable":true,"href":"https:\/\/mamasjerkstation.com\/fr\/wp-json\/wp\/v2\/comments?post=338"}],"version-history":[{"count":0,"href":"https:\/\/mamasjerkstation.com\/fr\/wp-json\/wp\/v2\/pages\/338\/revisions"}],"wp:featuredmedia":[{"embeddable":true,"href":"https:\/\/mamasjerkstation.com\/fr\/wp-json\/wp\/v2\/media\/127"}],"wp:attachment":[{"href":"https:\/\/mamasjerkstation.com\/fr\/wp-json\/wp\/v2\/media?parent=338"}],"curies":[{"name":"wp","href":"https:\/\/api.w.org\/{rel}","templated":true}]}}