{"id":328,"date":"2022-08-19T18:41:19","date_gmt":"2022-08-19T17:41:19","guid":{"rendered":"http:\/\/mamasjerkstation.com\/salles-de-chat-sexuel\/"},"modified":"2022-08-19T18:41:19","modified_gmt":"2022-08-19T17:41:19","slug":"salles-de-chat-sexuel","status":"publish","type":"page","link":"https:\/\/mamasjerkstation.com\/fr\/salles-de-chat-sexuel\/","title":{"rendered":"Salles de chat sexuel"},"content":{"rendered":"<p>Meet in Chat est le meilleur endroit pour trouver de vraies personnes \u00e0 qui parler sale en ligne! Vous ne croirez pas \u00e0 quel point il est facile de se faire de nouveaux amis ici et \u00e0 quel point il est amusant de flirter avec des \u00e9trangers. Nous avons des centaines de filles sexy qui attendent de prendre vos appels!<\/p>\n<p>Vous n\u2019\u00eates jamais trop vieux ou trop jeune pour essayer nos <a href=\"http:\/\/mamasjerkstation.com\/fr\/meilleures-applications-de-rencontres-en-2022-pour-les-celibataires\/\">salles de discussion pour adultes enti\u00e8rement gratuites<\/a>. Choisissez simplement l\u2019une des cat\u00e9gories ci-dessus, connectez-vous \u00e0 la pi\u00e8ce et commencez \u00e0 discuter!<\/p>\n<p>Il n\u2019y a pas de limites \u00e0 ce que vous pouvez faire dans nos chambres &#8211; il suffit de nous demander n\u2019importe quoi! Si vous voulez en savoir plus sur les jouets sexuels, nous pouvons vous aider l\u00e0 aussi. Vous voulez en savoir plus sur les techniques de sexe oral? Demandez-nous! Vous voulez en savoir plus sur le BDSM ? Faites-le nous savoir! Nous aimons parler de tout ce qui est bizarre!<\/p>\n<h2>Quel est le meilleur site \u00e0 utiliser?<\/h2>\n<p>Je suis s\u00fbr que beaucoup d\u2019entre nous attendent avec impatience un avenir meilleur o\u00f9 nous n\u2019aurons plus \u00e0 payer pour du porno en ligne. Mais ce n\u2019est pas parce qu\u2019il existe de nombreux sites pornographiques gratuits que trouver celui qui fonctionne bien est toujours facile. Lorsque vous recherchez un site premium qui offre des vid\u00e9os de haute qualit\u00e9, des cam girls et des chats webcam en direct, vous voulez vous assurer que vous choisissez une source fiable.<\/p>\n<h3>Chaturbate<\/h3>\n<p>Chaturbate est l\u2019un des sites de webcam les plus populaires en ligne. Si vous voulez voir des vid\u00e9os de sexe en direct chaudes, alors vous \u00eates probablement d\u00e9j\u00e0 familier avec elle. Mais saviez-vous qu\u2019il existe de nombreuses fa\u00e7ons de parcourir les cam girls? Voici trois m\u00e9thodes simples.<\/p>\n<p>Il y a des milliers de cam girls sur Chaturbate, et chaque mod\u00e8le a g\u00e9n\u00e9ralement plusieurs clips vid\u00e9o o\u00f9 elle effectue certains actes sexuels. Par exemple, si vous voulez la regarder se masturber, vous pouvez regarder sous l\u2019onglet \u00ab&nbsp;masturbation&nbsp;\u00bb. Certains mod\u00e8les ont plusieurs vid\u00e9os de masturbation, tandis que d\u2019autres n\u2019en ont qu\u2019une ou deux.<\/p>\n<h2>Devez-vous payer?<\/h2>\n<p>Tous les sites \/ filles \u00e9num\u00e9r\u00e9s ci-dessus sont enti\u00e8rement gratuits \u00e0 parcourir, vous n\u2019aurez donc pas \u00e0 vous soucier de d\u00e9penser de l\u2019argent sur leur contenu. Cependant, si vous pr\u00e9f\u00e9rez soutenir les cam girls que vous aimez, beaucoup d\u2019entre elles acceptent les conseils via PayPal. Cela facilite l\u2019envoi d\u2019argent directement \u00e0 partir de votre navigateur. En outre, de nombreux sites offrent des r\u00e9ductions pour l\u2019inscription \u00e0 des abonnements premium. Par exemple, vous pouvez vous inscrire \u00e0 un abonnement d\u2019essai d\u2019un mois pour 1,99 $ par jour, ou vous pouvez devenir membre VIP pour 29,95 $ par mois.<\/p>\n<p>La plupart de cela se passe sur des sites de webcams pour adultes. Le camming pour adultes est la pratique consistant \u00e0 s\u2019engager dans des chats par webcam via des flux vid\u00e9o en direct. Ces types de webcams permettent aux gens de se voir tout en parlant en face \u00e0 face. En fait, la plupart des gens utilisent des sites de webcams parce qu\u2019ils ne veulent pas avoir \u00e0 payer pour des appels t\u00e9l\u00e9phoniques. Cependant, la plus grande diff\u00e9rence entre les salles de discussion normales et les sites de webcams est que les sites de webcams n\u00e9cessitent une inscription. En plus de fournir un chat vid\u00e9o gratuit, les sites de webcams offrent souvent des fonctionnalit\u00e9s suppl\u00e9mentaires telles que la messagerie instantan\u00e9e, le chat texte et le courrier \u00e9lectronique. Par exemple, Chaturbate propose un chat vid\u00e9o gratuit, une diffusion en direct et une messagerie instantan\u00e9e. Un autre site populaire, My Free Cams, fournit gratuitement le chat vid\u00e9o, le chat audio et la messagerie instantan\u00e9e.<\/p>\n","protected":false},"excerpt":{"rendered":"<p>Meet in Chat est le meilleur endroit pour trouver de vraies personnes \u00e0 qui parler sale en ligne! Vous ne croirez pas \u00e0 quel point &hellip; <\/p>\n","protected":false},"author":1,"featured_media":142,"parent":0,"menu_order":0,"comment_status":"closed","ping_status":"closed","template":"","meta":[],"yoast_head":"<!-- This site is optimized with the Yoast SEO plugin v17.7.1 - https:\/\/yoast.com\/wordpress\/plugins\/seo\/ -->\n<title>Salles de chat sexuel - Jerk Dating<\/title>\n<meta name=\"robots\" content=\"index, follow, max-snippet:-1, max-image-preview:large, max-video-preview:-1\" \/>\n<link rel=\"canonical\" href=\"https:\/\/mamasjerkstation.com\/fr\/salles-de-chat-sexuel\/\" \/>\n<meta property=\"og:locale\" content=\"fr_FR\" \/>\n<meta property=\"og:type\" content=\"article\" \/>\n<meta property=\"og:title\" content=\"Salles de chat sexuel - Jerk Dating\" \/>\n<meta property=\"og:description\" content=\"Meet in Chat est le meilleur endroit pour trouver de vraies personnes \u00e0 qui parler sale en ligne! Vous ne croirez pas \u00e0 quel point &hellip;\" \/>\n<meta property=\"og:url\" content=\"https:\/\/mamasjerkstation.com\/fr\/salles-de-chat-sexuel\/\" \/>\n<meta property=\"og:site_name\" content=\"Jerk Dating\" \/>\n<meta property=\"og:image\" content=\"https:\/\/mamasjerkstation.com\/wp-content\/uploads\/2022\/08\/online-sex-sites.jpeg\" \/>\n\t<meta property=\"og:image:width\" content=\"2250\" \/>\n\t<meta property=\"og:image:height\" content=\"1500\" \/>\n<meta name=\"twitter:card\" content=\"summary_large_image\" \/>\n<meta name=\"twitter:label1\" content=\"Dur\u00e9e de lecture estim\u00e9e\" \/>\n\t<meta name=\"twitter:data1\" content=\"3 minutes\" \/>\n<script type=\"application\/ld+json\" class=\"yoast-schema-graph\">{\"@context\":\"https:\/\/schema.org\",\"@graph\":[{\"@type\":\"WebSite\",\"@id\":\"http:\/\/mamasjerkstation.com\/#website\",\"url\":\"http:\/\/mamasjerkstation.com\/\",\"name\":\"Jerk Dating\",\"description\":\"Online Sex Websites\",\"potentialAction\":[{\"@type\":\"SearchAction\",\"target\":{\"@type\":\"EntryPoint\",\"urlTemplate\":\"http:\/\/mamasjerkstation.com\/?s={search_term_string}\"},\"query-input\":\"required name=search_term_string\"}],\"inLanguage\":\"fr-FR\"},{\"@type\":\"ImageObject\",\"@id\":\"https:\/\/mamasjerkstation.com\/fr\/salles-de-chat-sexuel\/#primaryimage\",\"inLanguage\":\"fr-FR\",\"url\":\"https:\/\/mamasjerkstation.com\/wp-content\/uploads\/2022\/08\/online-sex-sites.jpeg\",\"contentUrl\":\"https:\/\/mamasjerkstation.com\/wp-content\/uploads\/2022\/08\/online-sex-sites.jpeg\",\"width\":2250,\"height\":1500},{\"@type\":\"WebPage\",\"@id\":\"https:\/\/mamasjerkstation.com\/fr\/salles-de-chat-sexuel\/#webpage\",\"url\":\"https:\/\/mamasjerkstation.com\/fr\/salles-de-chat-sexuel\/\",\"name\":\"Salles de chat sexuel - Jerk Dating\",\"isPartOf\":{\"@id\":\"http:\/\/mamasjerkstation.com\/#website\"},\"primaryImageOfPage\":{\"@id\":\"https:\/\/mamasjerkstation.com\/fr\/salles-de-chat-sexuel\/#primaryimage\"},\"datePublished\":\"2022-08-19T17:41:19+00:00\",\"dateModified\":\"2022-08-19T17:41:19+00:00\",\"breadcrumb\":{\"@id\":\"https:\/\/mamasjerkstation.com\/fr\/salles-de-chat-sexuel\/#breadcrumb\"},\"inLanguage\":\"fr-FR\",\"potentialAction\":[{\"@type\":\"ReadAction\",\"target\":[\"https:\/\/mamasjerkstation.com\/fr\/salles-de-chat-sexuel\/\"]}]},{\"@type\":\"BreadcrumbList\",\"@id\":\"https:\/\/mamasjerkstation.com\/fr\/salles-de-chat-sexuel\/#breadcrumb\",\"itemListElement\":[{\"@type\":\"ListItem\",\"position\":1,\"name\":\"Home\",\"item\":\"http:\/\/mamasjerkstation.com\/fr\/\"},{\"@type\":\"ListItem\",\"position\":2,\"name\":\"Salles de chat sexuel\"}]}]}<\/script>\n<!-- \/ Yoast SEO plugin. -->","yoast_head_json":{"title":"Salles de chat sexuel - Jerk Dating","robots":{"index":"index","follow":"follow","max-snippet":"max-snippet:-1","max-image-preview":"max-image-preview:large","max-video-preview":"max-video-preview:-1"},"canonical":"https:\/\/mamasjerkstation.com\/fr\/salles-de-chat-sexuel\/","og_locale":"fr_FR","og_type":"article","og_title":"Salles de chat sexuel - Jerk Dating","og_description":"Meet in Chat est le meilleur endroit pour trouver de vraies personnes \u00e0 qui parler sale en ligne! Vous ne croirez pas \u00e0 quel point &hellip;","og_url":"https:\/\/mamasjerkstation.com\/fr\/salles-de-chat-sexuel\/","og_site_name":"Jerk Dating","og_image":[{"width":2250,"height":1500,"url":"https:\/\/mamasjerkstation.com\/wp-content\/uploads\/2022\/08\/online-sex-sites.jpeg","type":"image\/jpeg"}],"twitter_card":"summary_large_image","twitter_misc":{"Dur\u00e9e de lecture estim\u00e9e":"3 minutes"},"schema":{"@context":"https:\/\/schema.org","@graph":[{"@type":"WebSite","@id":"http:\/\/mamasjerkstation.com\/#website","url":"http:\/\/mamasjerkstation.com\/","name":"Jerk Dating","description":"Online Sex Websites","potentialAction":[{"@type":"SearchAction","target":{"@type":"EntryPoint","urlTemplate":"http:\/\/mamasjerkstation.com\/?s={search_term_string}"},"query-input":"required name=search_term_string"}],"inLanguage":"fr-FR"},{"@type":"ImageObject","@id":"https:\/\/mamasjerkstation.com\/fr\/salles-de-chat-sexuel\/#primaryimage","inLanguage":"fr-FR","url":"https:\/\/mamasjerkstation.com\/wp-content\/uploads\/2022\/08\/online-sex-sites.jpeg","contentUrl":"https:\/\/mamasjerkstation.com\/wp-content\/uploads\/2022\/08\/online-sex-sites.jpeg","width":2250,"height":1500},{"@type":"WebPage","@id":"https:\/\/mamasjerkstation.com\/fr\/salles-de-chat-sexuel\/#webpage","url":"https:\/\/mamasjerkstation.com\/fr\/salles-de-chat-sexuel\/","name":"Salles de chat sexuel - Jerk Dating","isPartOf":{"@id":"http:\/\/mamasjerkstation.com\/#website"},"primaryImageOfPage":{"@id":"https:\/\/mamasjerkstation.com\/fr\/salles-de-chat-sexuel\/#primaryimage"},"datePublished":"2022-08-19T17:41:19+00:00","dateModified":"2022-08-19T17:41:19+00:00","breadcrumb":{"@id":"https:\/\/mamasjerkstation.com\/fr\/salles-de-chat-sexuel\/#breadcrumb"},"inLanguage":"fr-FR","potentialAction":[{"@type":"ReadAction","target":["https:\/\/mamasjerkstation.com\/fr\/salles-de-chat-sexuel\/"]}]},{"@type":"BreadcrumbList","@id":"https:\/\/mamasjerkstation.com\/fr\/salles-de-chat-sexuel\/#breadcrumb","itemListElement":[{"@type":"ListItem","position":1,"name":"Home","item":"http:\/\/mamasjerkstation.com\/fr\/"},{"@type":"ListItem","position":2,"name":"Salles de chat sexuel"}]}]}},"_links":{"self":[{"href":"https:\/\/mamasjerkstation.com\/fr\/wp-json\/wp\/v2\/pages\/328"}],"collection":[{"href":"https:\/\/mamasjerkstation.com\/fr\/wp-json\/wp\/v2\/pages"}],"about":[{"href":"https:\/\/mamasjerkstation.com\/fr\/wp-json\/wp\/v2\/types\/page"}],"author":[{"embeddable":true,"href":"https:\/\/mamasjerkstation.com\/fr\/wp-json\/wp\/v2\/users\/1"}],"replies":[{"embeddable":true,"href":"https:\/\/mamasjerkstation.com\/fr\/wp-json\/wp\/v2\/comments?post=328"}],"version-history":[{"count":0,"href":"https:\/\/mamasjerkstation.com\/fr\/wp-json\/wp\/v2\/pages\/328\/revisions"}],"wp:featuredmedia":[{"embeddable":true,"href":"https:\/\/mamasjerkstation.com\/fr\/wp-json\/wp\/v2\/media\/142"}],"wp:attachment":[{"href":"https:\/\/mamasjerkstation.com\/fr\/wp-json\/wp\/v2\/media?parent=328"}],"curies":[{"name":"wp","href":"https:\/\/api.w.org\/{rel}","templated":true}]}}