{"id":301,"date":"2022-08-19T18:48:22","date_gmt":"2022-08-19T17:48:22","guid":{"rendered":"http:\/\/mamasjerkstation.com\/discuter-avec-des-etrangers-en-ligne\/"},"modified":"2022-08-19T18:48:22","modified_gmt":"2022-08-19T17:48:22","slug":"discuter-avec-des-etrangers-en-ligne","status":"publish","type":"page","link":"https:\/\/mamasjerkstation.com\/fr\/discuter-avec-des-etrangers-en-ligne\/","title":{"rendered":"Discuter avec des \u00e9trangers en ligne"},"content":{"rendered":"<p>Toutes les filles sur ces sites ne recherchent pas le sexe. Certains s\u2019ennuient et veulent parler \u00e0 des \u00e9trangers. D\u2019autres cherchent des amis. Mais m\u00eame si vous ne rencontrerez personne sur l\u2019un ou l\u2019autre site, vous pourriez toujours finir par voir quelque chose que vous n\u2019attendiez pas.<\/p>\n<h2>Sites de webcams ou salles de chat<\/h2>\n<p>Si vous cherchez un endroit o\u00f9 vous pouvez rencontrer de vraies filles en ligne, il y a de fortes chances que vous ayez \u00e9t\u00e9 d\u00e9\u00e7u par les options disponibles. Le probl\u00e8me est que trouver un bon site n\u2019est pas facile. Il existe des tonnes de salles de discussion pornographiques gratuites, mais la plupart d\u2019entre elles sont remplies de robots plut\u00f4t que d\u2019humains. Et s\u2019il est vrai que les sites payants comme MyFreeCams offrent de v\u00e9ritables cam girls, ces mod\u00e8les ne sont pas toujours actifs ou dispos\u00e9s \u00e0 interagir avec les visiteurs.<\/p>\n<p>Nous avons parcouru le Web \u00e0 la recherche des meilleurs sites de chat sexuel et nous les avons tous trouv\u00e9s. Donc, que vous souhaitiez discuter avec des MILF, des adolescents, du BDSM ou m\u00eame des couples, notre liste contient tout ce dont vous pourriez avoir besoin. Il existe de nombreux types de chambres parmi lesquelles choisir, chacune r\u00e9pondant \u00e0 des besoins et des d\u00e9sirs sp\u00e9cifiques. Certaines personnes pr\u00e9f\u00e8rent discuter avec des \u00e9trangers tandis que d\u2019autres aiment rencontrer quelqu\u2019un qu\u2019elles connaissent d\u00e9j\u00e0. Certaines personnes aiment parler sale, tandis que d\u2019autres veulent simplement parler d\u2019autre chose que de sexe.<\/p>\n<h2>Applications de rencontres<\/h2>\n<p>Il existe de <a href=\"http:\/\/mamasjerkstation.com\/fr\/rencontres-lgbt\/\">nombreuses plateformes de rencontres en ligne<\/a> , mais une fois que vous en aurez trouv\u00e9 une qui fonctionne pour vous, vous vous y tiendrez probablement pendant un certain temps. Mais que se passe-t-il lorsque vous \u00eates pr\u00eat \u00e0 passer \u00e0 autre chose et \u00e0 essayer autre chose ? Si vous recherchez une bonne application de connexion, voici tout ce que vous devez savoir. Il existe litt\u00e9ralement des milliers d\u2019applications et de sites Web de rencontres diff\u00e9rents, et m\u00eame si vous pensez que vous savez ce que vous faites, il y a de fortes chances que vous finissiez facilement par perdre des heures et des heures de votre vie \u00e0 chercher quelque chose qui n\u2019est m\u00eame pas l\u00e0. Donc, que vous recherchiez des rencontres occasionnelles, des relations \u00e0 long terme ou peut-\u00eatre m\u00eame un mariage, nous avons ce qu\u2019il vous faut. En fait, nous avons compil\u00e9 une liste des meilleures salles de chat sexuel aujourd\u2019hui, afin que vous puissiez enfin cesser de vous inqui\u00e9ter de ne pas avoir de chance avec les rencontres en ligne.<\/p>\n<p><strong>Ce qu\u2019il faut surveiller sur les sites de rencontres:<\/strong><\/p>\n<h3>Caract\u00e9ristiques de s\u00e9curit\u00e9<\/h3>\n<p>Les sites de connexion offrent g\u00e9n\u00e9ralement des fonctionnalit\u00e9s de s\u00e9curit\u00e9 pour se prot\u00e9ger contre les escrocs, les pirates informatiques et les voleurs d\u2019identit\u00e9. Il s\u2019agit notamment de m\u00e9thodes de v\u00e9rification telles que la confirmation de l\u2019adresse e-mail et la v\u00e9rification du num\u00e9ro de t\u00e9l\u00e9phone. Ils vous demanderont \u00e9galement souvent des informations suppl\u00e9mentaires sur vous-m\u00eame, y compris votre \u00e2ge et votre emplacement, avant de vous autoriser l\u2019acc\u00e8s. Si vous voyez quelque chose de louche, il y a de fortes chances que le site ne vaille pas votre temps.<\/p>\n<h3>Profils v\u00e9rifi\u00e9s<\/h3>\n<p>Lorsque vous vous inscrivez \u00e0 une application ou \u00e0 un site de connexion, assurez-vous de v\u00e9rifier votre profil. Cela garantit que ce que vous mettez sur papier correspond \u00e0 ce qui est enregistr\u00e9 sur le site. La plupart des sites de connexion vous permettent de t\u00e9l\u00e9charger une photo de vous-m\u00eame, ce qui permet de confirmer que vous \u00eates r\u00e9el. Vous ne devriez pas avoir \u00e0 payer pour v\u00e9rifier votre compte, mais certains sites facturent des frais suppl\u00e9mentaires pour la v\u00e9rification.<\/p>\n<h3>Protection contre les escroqueries<\/h3>\n<p>La plupart des sites de connexion ont des moyens de pr\u00e9venir les activit\u00e9s frauduleuses. Par exemple, de nombreux sites interdisent certains types de comptes, tels que ceux utilis\u00e9s par les robots et les escrocs. D\u2019autres limitent la quantit\u00e9 d\u2019informations de carte de cr\u00e9dit que vous pouvez utiliser pour approvisionner votre compte. D\u2019autres encore vous font savoir si quelqu\u2019un essaie de vous arnaquer. Recherchez les signes de fraude et \u00e9vitez de donner des renseignements personnels \u00e0 moins que vous ne vous sentiez \u00e0 l\u2019aise de le faire.<\/p>\n","protected":false},"excerpt":{"rendered":"<p>Toutes les filles sur ces sites ne recherchent pas le sexe. Certains s\u2019ennuient et veulent parler \u00e0 des \u00e9trangers. D\u2019autres cherchent des amis. Mais m\u00eame &hellip; <\/p>\n","protected":false},"author":1,"featured_media":157,"parent":0,"menu_order":0,"comment_status":"closed","ping_status":"closed","template":"","meta":[],"yoast_head":"<!-- This site is optimized with the Yoast SEO plugin v17.7.1 - https:\/\/yoast.com\/wordpress\/plugins\/seo\/ -->\n<title>Discuter avec des \u00e9trangers en ligne - Jerk Dating<\/title>\n<meta name=\"robots\" content=\"index, follow, max-snippet:-1, max-image-preview:large, max-video-preview:-1\" \/>\n<link rel=\"canonical\" href=\"https:\/\/mamasjerkstation.com\/fr\/discuter-avec-des-etrangers-en-ligne\/\" \/>\n<meta property=\"og:locale\" content=\"fr_FR\" \/>\n<meta property=\"og:type\" content=\"article\" \/>\n<meta property=\"og:title\" content=\"Discuter avec des \u00e9trangers en ligne - Jerk Dating\" \/>\n<meta property=\"og:description\" content=\"Toutes les filles sur ces sites ne recherchent pas le sexe. Certains s\u2019ennuient et veulent parler \u00e0 des \u00e9trangers. D\u2019autres cherchent des amis. Mais m\u00eame &hellip;\" \/>\n<meta property=\"og:url\" content=\"https:\/\/mamasjerkstation.com\/fr\/discuter-avec-des-etrangers-en-ligne\/\" \/>\n<meta property=\"og:site_name\" content=\"Jerk Dating\" \/>\n<meta property=\"og:image\" content=\"http:\/\/mamasjerkstation.com\/wp-content\/uploads\/2022\/08\/hookups.jpeg\" \/>\n\t<meta property=\"og:image:width\" content=\"500\" \/>\n\t<meta property=\"og:image:height\" content=\"333\" \/>\n<meta name=\"twitter:card\" content=\"summary_large_image\" \/>\n<meta name=\"twitter:label1\" content=\"Dur\u00e9e de lecture estim\u00e9e\" \/>\n\t<meta name=\"twitter:data1\" content=\"4 minutes\" \/>\n<script type=\"application\/ld+json\" class=\"yoast-schema-graph\">{\"@context\":\"https:\/\/schema.org\",\"@graph\":[{\"@type\":\"WebSite\",\"@id\":\"https:\/\/mamasjerkstation.com\/#website\",\"url\":\"https:\/\/mamasjerkstation.com\/\",\"name\":\"Jerk Dating\",\"description\":\"Online Sex Websites\",\"potentialAction\":[{\"@type\":\"SearchAction\",\"target\":{\"@type\":\"EntryPoint\",\"urlTemplate\":\"https:\/\/mamasjerkstation.com\/?s={search_term_string}\"},\"query-input\":\"required name=search_term_string\"}],\"inLanguage\":\"fr-FR\"},{\"@type\":\"ImageObject\",\"@id\":\"https:\/\/mamasjerkstation.com\/fr\/discuter-avec-des-etrangers-en-ligne\/#primaryimage\",\"inLanguage\":\"fr-FR\",\"url\":\"https:\/\/mamasjerkstation.com\/wp-content\/uploads\/2022\/08\/hookups.jpeg\",\"contentUrl\":\"https:\/\/mamasjerkstation.com\/wp-content\/uploads\/2022\/08\/hookups.jpeg\",\"width\":500,\"height\":333},{\"@type\":\"WebPage\",\"@id\":\"https:\/\/mamasjerkstation.com\/fr\/discuter-avec-des-etrangers-en-ligne\/#webpage\",\"url\":\"https:\/\/mamasjerkstation.com\/fr\/discuter-avec-des-etrangers-en-ligne\/\",\"name\":\"Discuter avec des \\u00e9trangers en ligne - Jerk Dating\",\"isPartOf\":{\"@id\":\"https:\/\/mamasjerkstation.com\/#website\"},\"primaryImageOfPage\":{\"@id\":\"https:\/\/mamasjerkstation.com\/fr\/discuter-avec-des-etrangers-en-ligne\/#primaryimage\"},\"datePublished\":\"2022-08-19T17:48:22+00:00\",\"dateModified\":\"2022-08-19T17:48:22+00:00\",\"breadcrumb\":{\"@id\":\"https:\/\/mamasjerkstation.com\/fr\/discuter-avec-des-etrangers-en-ligne\/#breadcrumb\"},\"inLanguage\":\"fr-FR\",\"potentialAction\":[{\"@type\":\"ReadAction\",\"target\":[\"https:\/\/mamasjerkstation.com\/fr\/discuter-avec-des-etrangers-en-ligne\/\"]}]},{\"@type\":\"BreadcrumbList\",\"@id\":\"https:\/\/mamasjerkstation.com\/fr\/discuter-avec-des-etrangers-en-ligne\/#breadcrumb\",\"itemListElement\":[{\"@type\":\"ListItem\",\"position\":1,\"name\":\"Home\",\"item\":\"http:\/\/mamasjerkstation.com\/fr\/\"},{\"@type\":\"ListItem\",\"position\":2,\"name\":\"Discuter avec des \\u00e9trangers en ligne\"}]}]}<\/script>\n<!-- \/ Yoast SEO plugin. -->","yoast_head_json":{"title":"Discuter avec des \u00e9trangers en ligne - Jerk Dating","robots":{"index":"index","follow":"follow","max-snippet":"max-snippet:-1","max-image-preview":"max-image-preview:large","max-video-preview":"max-video-preview:-1"},"canonical":"https:\/\/mamasjerkstation.com\/fr\/discuter-avec-des-etrangers-en-ligne\/","og_locale":"fr_FR","og_type":"article","og_title":"Discuter avec des \u00e9trangers en ligne - Jerk Dating","og_description":"Toutes les filles sur ces sites ne recherchent pas le sexe. Certains s\u2019ennuient et veulent parler \u00e0 des \u00e9trangers. D\u2019autres cherchent des amis. Mais m\u00eame &hellip;","og_url":"https:\/\/mamasjerkstation.com\/fr\/discuter-avec-des-etrangers-en-ligne\/","og_site_name":"Jerk Dating","og_image":[{"width":500,"height":333,"url":"http:\/\/mamasjerkstation.com\/wp-content\/uploads\/2022\/08\/hookups.jpeg","type":"image\/jpeg"}],"twitter_card":"summary_large_image","twitter_misc":{"Dur\u00e9e de lecture estim\u00e9e":"4 minutes"},"schema":{"@context":"https:\/\/schema.org","@graph":[{"@type":"WebSite","@id":"https:\/\/mamasjerkstation.com\/#website","url":"https:\/\/mamasjerkstation.com\/","name":"Jerk Dating","description":"Online Sex Websites","potentialAction":[{"@type":"SearchAction","target":{"@type":"EntryPoint","urlTemplate":"https:\/\/mamasjerkstation.com\/?s={search_term_string}"},"query-input":"required name=search_term_string"}],"inLanguage":"fr-FR"},{"@type":"ImageObject","@id":"https:\/\/mamasjerkstation.com\/fr\/discuter-avec-des-etrangers-en-ligne\/#primaryimage","inLanguage":"fr-FR","url":"https:\/\/mamasjerkstation.com\/wp-content\/uploads\/2022\/08\/hookups.jpeg","contentUrl":"https:\/\/mamasjerkstation.com\/wp-content\/uploads\/2022\/08\/hookups.jpeg","width":500,"height":333},{"@type":"WebPage","@id":"https:\/\/mamasjerkstation.com\/fr\/discuter-avec-des-etrangers-en-ligne\/#webpage","url":"https:\/\/mamasjerkstation.com\/fr\/discuter-avec-des-etrangers-en-ligne\/","name":"Discuter avec des \u00e9trangers en ligne - Jerk Dating","isPartOf":{"@id":"https:\/\/mamasjerkstation.com\/#website"},"primaryImageOfPage":{"@id":"https:\/\/mamasjerkstation.com\/fr\/discuter-avec-des-etrangers-en-ligne\/#primaryimage"},"datePublished":"2022-08-19T17:48:22+00:00","dateModified":"2022-08-19T17:48:22+00:00","breadcrumb":{"@id":"https:\/\/mamasjerkstation.com\/fr\/discuter-avec-des-etrangers-en-ligne\/#breadcrumb"},"inLanguage":"fr-FR","potentialAction":[{"@type":"ReadAction","target":["https:\/\/mamasjerkstation.com\/fr\/discuter-avec-des-etrangers-en-ligne\/"]}]},{"@type":"BreadcrumbList","@id":"https:\/\/mamasjerkstation.com\/fr\/discuter-avec-des-etrangers-en-ligne\/#breadcrumb","itemListElement":[{"@type":"ListItem","position":1,"name":"Home","item":"http:\/\/mamasjerkstation.com\/fr\/"},{"@type":"ListItem","position":2,"name":"Discuter avec des \u00e9trangers en ligne"}]}]}},"_links":{"self":[{"href":"https:\/\/mamasjerkstation.com\/fr\/wp-json\/wp\/v2\/pages\/301"}],"collection":[{"href":"https:\/\/mamasjerkstation.com\/fr\/wp-json\/wp\/v2\/pages"}],"about":[{"href":"https:\/\/mamasjerkstation.com\/fr\/wp-json\/wp\/v2\/types\/page"}],"author":[{"embeddable":true,"href":"https:\/\/mamasjerkstation.com\/fr\/wp-json\/wp\/v2\/users\/1"}],"replies":[{"embeddable":true,"href":"https:\/\/mamasjerkstation.com\/fr\/wp-json\/wp\/v2\/comments?post=301"}],"version-history":[{"count":0,"href":"https:\/\/mamasjerkstation.com\/fr\/wp-json\/wp\/v2\/pages\/301\/revisions"}],"wp:featuredmedia":[{"embeddable":true,"href":"https:\/\/mamasjerkstation.com\/fr\/wp-json\/wp\/v2\/media\/157"}],"wp:attachment":[{"href":"https:\/\/mamasjerkstation.com\/fr\/wp-json\/wp\/v2\/media?parent=301"}],"curies":[{"name":"wp","href":"https:\/\/api.w.org\/{rel}","templated":true}]}}