{"id":288,"date":"2022-08-19T18:51:33","date_gmt":"2022-08-19T17:51:33","guid":{"rendered":"http:\/\/mamasjerkstation.com\/rencontres-lgbt\/"},"modified":"2022-08-19T18:51:33","modified_gmt":"2022-08-19T17:51:33","slug":"rencontres-lgbt","status":"publish","type":"page","link":"https:\/\/mamasjerkstation.com\/fr\/rencontres-lgbt\/","title":{"rendered":"Rencontres LGBT+"},"content":{"rendered":"<p>Lorsque vous recherchez une bonne application de connexion, vous voulez quelque chose qui vous donne acc\u00e8s \u00e0 de nombreuses personnes diff\u00e9rentes. Vous ne voulez pas n\u00e9cessairement payer pour chaque personne que vous rencontrez.<\/p>\n<h2>Voici nos 3 meilleurs conseils pour utiliser les applications de rencontres LGBT:<\/h2>\n<h3>Assistance mobile<\/h3>\n<p>Vous utiliserez probablement votre t\u00e9l\u00e9phone le plus souvent lors <a href=\"http:\/\/mamasjerkstation.com\/fr\/trouvez-du-sexe-occasionnel-pres-de-chez-vous\/\">de la recherche d\u2019une date, d\u2019autant<\/a> plus que de nombreuses applications de connexion offrent une version gratuite qui vous permet de parcourir les profils et d\u2019envoyer des messages. Mais assurez-vous que l\u2019application fonctionne bien sur les appareils iOS et Android. Tout le monde n\u2019utilise pas d\u2019iPhone ou d\u2019Android, donc la compatibilit\u00e9 est importante. Si vous d\u00e9cidez de t\u00e9l\u00e9charger l\u2019application compl\u00e8te, recherchez des avis qui mentionnent \u00e0 quel point il est facile de naviguer et si les gens ont eu du mal \u00e0 se connecter.<\/p>\n<h3>Ux<\/h3>\n<p>La conception de l\u2019application elle-m\u00eame n\u2019est pas importante, mais vous voudrez peut-\u00eatre en essayer quelques-unes diff\u00e9rentes avant d\u2019en choisir une. Certaines applications se concentrent sur la correspondance des personnes en fonction de l\u2019emplacement, tandis que d\u2019autres vous permettent de filtrer par tranche d\u2019\u00e2ge ou par sexe. Assurez-vous d\u2019aimer l\u2019apparence et la convivialit\u00e9 de l\u2019application. Il n\u2019y a rien de pire que d\u2019avoir un grand match qui vous attend, seulement pour d\u00e9couvrir qu\u2019il n\u2019existe pas r\u00e9ellement.<\/p>\n<h3>Syst\u00e8me d\u2019appariement<\/h3>\n<p>Comment l\u2019application d\u00e9termine-t-elle quelles personnes sont similaires les unes aux autres? Est-ce bas\u00e9 sur des amis communs? Un int\u00e9r\u00eat commun pour la musique ou les livres ? Ou peut-\u00eatre trouve-t-il simplement des gens qui vivent pr\u00e8s les uns des autres? Quel poids accorde-t-on \u00e0 chaque facteur? Ces facteurs affectent le nombre de personnes qui apparaissent dans votre flux et la probabilit\u00e9 que vous vous connectiez avec elles.<\/p>\n<h2>Ressenti<\/h2>\n<p>Feeld est l\u2019une des meilleures applications de connexion. Avec plus de 10 millions de t\u00e9l\u00e9chargements, il s\u2019adresse aux personnes \u00e0 la recherche de sexe occasionnel et \/ ou simplement de plaisir. Cette application est id\u00e9ale pour ceux qui sont c\u00e9libataires, h\u00e9t\u00e9rosexuels, gays, bi, trans, lesbiennes, queer, pansexuels, polyamoureux, etc.<\/p>\n<p>L\u2019application fonctionne comme Tinder o\u00f9 vous faites glisser votre doigt vers la gauche pour passer et vers la droite pour correspondre. Vous pouvez choisir si vous voulez voir des photos ou non. Si vous d\u00e9cidez de voir des photos, il existe des filtres tels que le sexe, l\u2019\u00e2ge, l\u2019origine ethnique, le type de corps, l\u2019orientation sexuelle, le statut de la relation, les pr\u00e9f\u00e9rences tabagiques, la taille, la couleur des cheveux, la couleur des yeux, la religion, les opinions politiques, la profession, le niveau d\u2019\u00e9ducation, le revenu et m\u00eame les tatouages et les piercings. Vous pouvez \u00e9galement ajouter des int\u00e9r\u00eats et des passe-temps. Par exemple, je m\u2019int\u00e9resse au sport, \u00e0 la nourriture, \u00e0 la musique, \u00e0 l\u2019art, aux voyages et au fitness. Lorsque quelqu\u2019un m\u2019envoie une demande, je peux l\u2019accepter ou la refuser. Si nous acceptons tous les deux de nous rencontrer, nous pouvons fixer une date et un lieu.<\/p>\n<p>Si vous d\u00e9cidez de sortir avec quelqu\u2019un, vous pouvez discuter avec lui par SMS ou appels vid\u00e9o. Il n\u2019y a pas de pression pour se rencontrer. Vous pouvez \u00e9galement envoyer des cadeaux, des fleurs, des chocolats et bien plus encore. Il existe de nombreuses fonctionnalit\u00e9s sur cette application, notamment la possibilit\u00e9 de se faire des amis, de trouver des dates, de parcourir les profils et d\u2019afficher les correspondances mutuelles. Vous pouvez \u00e9galement bloquer certains utilisateurs.<\/p>\n<h2>Son<\/h2>\n<p>HER est la plus grande application de rencontres gratuite au monde pour les lesbiennes et les femmes bisexuelles. Avec plus de 50 millions de membres dans le monde, les options ne manquent pas. Mais qu\u2019est-ce qui la distingue de la foule? Voici trois raisons pour lesquelles nous l\u2019aimons.<\/p>\n<h3>\u00c9v\u00e9nements locaux et nouvelles<\/h3>\n<p>L\u2019application partage des nouvelles LGBTQ +, y compris des \u00e9v\u00e9nements locaux et des espaces s\u00fbrs o\u00f9 vous pouvez rencontrer des gens \u00e0 proximit\u00e9. Vous pouvez m\u00eame trouver des \u00e9v\u00e9nements \u00e0 proximit\u00e9 d\u2019endroits comme les bars et les clubs, ce qui facilite la recherche d\u2019une date.<\/p>\n<h3>Espaces s\u00fbrs<\/h3>\n<p>Si vous voulez aller \u00e0 un rendez-vous sans vous soucier d\u2019\u00eatre harcel\u00e9, agress\u00e9 ou discrimin\u00e9, HER offre un espace s\u00fbr pour tout le monde. Tout comme dans la vraie vie, vous n\u2019avez pas \u00e0 vous soucier d\u2019avoir \u00e0 \u00ab&nbsp;faire son coming out&nbsp;\u00bb \u00e0 quelqu\u2019un. Si vous vous sentez nerveux \u00e0 l\u2019id\u00e9e de rencontrer quelqu\u2019un de nouveau, parlez simplement \u00e0 d\u2019autres personnes en ligne ou demandez \u00e0 un ami de vous pr\u00e9senter.<\/p>\n<h3>Threesome Finder<\/h3>\n<p>Vous savez comment parfois vous avez l\u2019impression que vous aimeriez vraiment essayer quelque chose de diff\u00e9rent? Eh bien, vous pouvez le faire ici. Alors que la plupart des applications exigent que vous indiquiez explicitement que vous souhaitez vous connecter, HER vous permet de d\u00e9finir des rendez-vous avec d\u2019autres personnes en fonction d\u2019int\u00e9r\u00eats mutuels. De cette fa\u00e7on, personne n\u2019est laiss\u00e9 de c\u00f4t\u00e9.<\/p>\n","protected":false},"excerpt":{"rendered":"<p>Lorsque vous recherchez une bonne application de connexion, vous voulez quelque chose qui vous donne acc\u00e8s \u00e0 de nombreuses personnes diff\u00e9rentes. Vous ne voulez pas &hellip; <\/p>\n","protected":false},"author":1,"featured_media":82,"parent":0,"menu_order":0,"comment_status":"closed","ping_status":"closed","template":"","meta":[],"yoast_head":"<!-- This site is optimized with the Yoast SEO plugin v17.7.1 - https:\/\/yoast.com\/wordpress\/plugins\/seo\/ -->\n<title>Rencontres LGBT+ - Jerk Dating<\/title>\n<meta name=\"robots\" content=\"index, follow, max-snippet:-1, max-image-preview:large, max-video-preview:-1\" \/>\n<link rel=\"canonical\" href=\"https:\/\/mamasjerkstation.com\/fr\/rencontres-lgbt\/\" \/>\n<meta property=\"og:locale\" content=\"fr_FR\" \/>\n<meta property=\"og:type\" content=\"article\" \/>\n<meta property=\"og:title\" content=\"Rencontres LGBT+ - Jerk Dating\" \/>\n<meta property=\"og:description\" content=\"Lorsque vous recherchez une bonne application de connexion, vous voulez quelque chose qui vous donne acc\u00e8s \u00e0 de nombreuses personnes diff\u00e9rentes. Vous ne voulez pas &hellip;\" \/>\n<meta property=\"og:url\" content=\"https:\/\/mamasjerkstation.com\/fr\/rencontres-lgbt\/\" \/>\n<meta property=\"og:site_name\" content=\"Jerk Dating\" \/>\n<meta property=\"og:image\" content=\"http:\/\/mamasjerkstation.com\/wp-content\/uploads\/2022\/08\/cam-sites.jpeg\" \/>\n\t<meta property=\"og:image:width\" content=\"1125\" \/>\n\t<meta property=\"og:image:height\" content=\"750\" \/>\n<meta name=\"twitter:card\" content=\"summary_large_image\" \/>\n<meta name=\"twitter:label1\" content=\"Dur\u00e9e de lecture estim\u00e9e\" \/>\n\t<meta name=\"twitter:data1\" content=\"4 minutes\" \/>\n<script type=\"application\/ld+json\" class=\"yoast-schema-graph\">{\"@context\":\"https:\/\/schema.org\",\"@graph\":[{\"@type\":\"WebSite\",\"@id\":\"https:\/\/mamasjerkstation.com\/#website\",\"url\":\"https:\/\/mamasjerkstation.com\/\",\"name\":\"Jerk Dating\",\"description\":\"Online Sex Websites\",\"potentialAction\":[{\"@type\":\"SearchAction\",\"target\":{\"@type\":\"EntryPoint\",\"urlTemplate\":\"https:\/\/mamasjerkstation.com\/?s={search_term_string}\"},\"query-input\":\"required name=search_term_string\"}],\"inLanguage\":\"fr-FR\"},{\"@type\":\"ImageObject\",\"@id\":\"https:\/\/mamasjerkstation.com\/fr\/rencontres-lgbt\/#primaryimage\",\"inLanguage\":\"fr-FR\",\"url\":\"https:\/\/mamasjerkstation.com\/wp-content\/uploads\/2022\/08\/cam-sites.jpeg\",\"contentUrl\":\"https:\/\/mamasjerkstation.com\/wp-content\/uploads\/2022\/08\/cam-sites.jpeg\",\"width\":1125,\"height\":750},{\"@type\":\"WebPage\",\"@id\":\"https:\/\/mamasjerkstation.com\/fr\/rencontres-lgbt\/#webpage\",\"url\":\"https:\/\/mamasjerkstation.com\/fr\/rencontres-lgbt\/\",\"name\":\"Rencontres LGBT+ - Jerk Dating\",\"isPartOf\":{\"@id\":\"https:\/\/mamasjerkstation.com\/#website\"},\"primaryImageOfPage\":{\"@id\":\"https:\/\/mamasjerkstation.com\/fr\/rencontres-lgbt\/#primaryimage\"},\"datePublished\":\"2022-08-19T17:51:33+00:00\",\"dateModified\":\"2022-08-19T17:51:33+00:00\",\"breadcrumb\":{\"@id\":\"https:\/\/mamasjerkstation.com\/fr\/rencontres-lgbt\/#breadcrumb\"},\"inLanguage\":\"fr-FR\",\"potentialAction\":[{\"@type\":\"ReadAction\",\"target\":[\"https:\/\/mamasjerkstation.com\/fr\/rencontres-lgbt\/\"]}]},{\"@type\":\"BreadcrumbList\",\"@id\":\"https:\/\/mamasjerkstation.com\/fr\/rencontres-lgbt\/#breadcrumb\",\"itemListElement\":[{\"@type\":\"ListItem\",\"position\":1,\"name\":\"Home\",\"item\":\"http:\/\/mamasjerkstation.com\/fr\/\"},{\"@type\":\"ListItem\",\"position\":2,\"name\":\"Rencontres LGBT+\"}]}]}<\/script>\n<!-- \/ Yoast SEO plugin. -->","yoast_head_json":{"title":"Rencontres LGBT+ - Jerk Dating","robots":{"index":"index","follow":"follow","max-snippet":"max-snippet:-1","max-image-preview":"max-image-preview:large","max-video-preview":"max-video-preview:-1"},"canonical":"https:\/\/mamasjerkstation.com\/fr\/rencontres-lgbt\/","og_locale":"fr_FR","og_type":"article","og_title":"Rencontres LGBT+ - Jerk Dating","og_description":"Lorsque vous recherchez une bonne application de connexion, vous voulez quelque chose qui vous donne acc\u00e8s \u00e0 de nombreuses personnes diff\u00e9rentes. Vous ne voulez pas &hellip;","og_url":"https:\/\/mamasjerkstation.com\/fr\/rencontres-lgbt\/","og_site_name":"Jerk Dating","og_image":[{"width":1125,"height":750,"url":"http:\/\/mamasjerkstation.com\/wp-content\/uploads\/2022\/08\/cam-sites.jpeg","type":"image\/jpeg"}],"twitter_card":"summary_large_image","twitter_misc":{"Dur\u00e9e de lecture estim\u00e9e":"4 minutes"},"schema":{"@context":"https:\/\/schema.org","@graph":[{"@type":"WebSite","@id":"https:\/\/mamasjerkstation.com\/#website","url":"https:\/\/mamasjerkstation.com\/","name":"Jerk Dating","description":"Online Sex Websites","potentialAction":[{"@type":"SearchAction","target":{"@type":"EntryPoint","urlTemplate":"https:\/\/mamasjerkstation.com\/?s={search_term_string}"},"query-input":"required name=search_term_string"}],"inLanguage":"fr-FR"},{"@type":"ImageObject","@id":"https:\/\/mamasjerkstation.com\/fr\/rencontres-lgbt\/#primaryimage","inLanguage":"fr-FR","url":"https:\/\/mamasjerkstation.com\/wp-content\/uploads\/2022\/08\/cam-sites.jpeg","contentUrl":"https:\/\/mamasjerkstation.com\/wp-content\/uploads\/2022\/08\/cam-sites.jpeg","width":1125,"height":750},{"@type":"WebPage","@id":"https:\/\/mamasjerkstation.com\/fr\/rencontres-lgbt\/#webpage","url":"https:\/\/mamasjerkstation.com\/fr\/rencontres-lgbt\/","name":"Rencontres LGBT+ - Jerk Dating","isPartOf":{"@id":"https:\/\/mamasjerkstation.com\/#website"},"primaryImageOfPage":{"@id":"https:\/\/mamasjerkstation.com\/fr\/rencontres-lgbt\/#primaryimage"},"datePublished":"2022-08-19T17:51:33+00:00","dateModified":"2022-08-19T17:51:33+00:00","breadcrumb":{"@id":"https:\/\/mamasjerkstation.com\/fr\/rencontres-lgbt\/#breadcrumb"},"inLanguage":"fr-FR","potentialAction":[{"@type":"ReadAction","target":["https:\/\/mamasjerkstation.com\/fr\/rencontres-lgbt\/"]}]},{"@type":"BreadcrumbList","@id":"https:\/\/mamasjerkstation.com\/fr\/rencontres-lgbt\/#breadcrumb","itemListElement":[{"@type":"ListItem","position":1,"name":"Home","item":"http:\/\/mamasjerkstation.com\/fr\/"},{"@type":"ListItem","position":2,"name":"Rencontres LGBT+"}]}]}},"_links":{"self":[{"href":"https:\/\/mamasjerkstation.com\/fr\/wp-json\/wp\/v2\/pages\/288"}],"collection":[{"href":"https:\/\/mamasjerkstation.com\/fr\/wp-json\/wp\/v2\/pages"}],"about":[{"href":"https:\/\/mamasjerkstation.com\/fr\/wp-json\/wp\/v2\/types\/page"}],"author":[{"embeddable":true,"href":"https:\/\/mamasjerkstation.com\/fr\/wp-json\/wp\/v2\/users\/1"}],"replies":[{"embeddable":true,"href":"https:\/\/mamasjerkstation.com\/fr\/wp-json\/wp\/v2\/comments?post=288"}],"version-history":[{"count":0,"href":"https:\/\/mamasjerkstation.com\/fr\/wp-json\/wp\/v2\/pages\/288\/revisions"}],"wp:featuredmedia":[{"embeddable":true,"href":"https:\/\/mamasjerkstation.com\/fr\/wp-json\/wp\/v2\/media\/82"}],"wp:attachment":[{"href":"https:\/\/mamasjerkstation.com\/fr\/wp-json\/wp\/v2\/media?parent=288"}],"curies":[{"name":"wp","href":"https:\/\/api.w.org\/{rel}","templated":true}]}}