{"id":258,"date":"2022-08-19T19:01:00","date_gmt":"2022-08-19T18:01:00","guid":{"rendered":"http:\/\/mamasjerkstation.com\/trouvez-du-sexe-occasionnel-pres-de-chez-vous\/"},"modified":"2022-08-19T19:01:00","modified_gmt":"2022-08-19T18:01:00","slug":"trouvez-du-sexe-occasionnel-pres-de-chez-vous","status":"publish","type":"page","link":"https:\/\/mamasjerkstation.com\/fr\/trouvez-du-sexe-occasionnel-pres-de-chez-vous\/","title":{"rendered":"Trouvez du sexe occasionnel pr\u00e8s de chez vous"},"content":{"rendered":"<p>Si vous voulez trouver du sexe occasionnel dans votre r\u00e9gion, il y a quelques choses que vous voudrez probablement consid\u00e9rer. Tout d\u2019abord, assurez-vous de savoir quel type d\u2019exp\u00e9rience vous recherchez. Si vous cherchez juste \u00e0 rencontrer un copain de baise, allez \u00e0 l\u2019une des nombreuses applications de rencontres l\u00e0-bas.<\/p>\n<p>Nous vous recommandons d\u2019essayer quelques sites diff\u00e9rents de notre liste et de voir lequel fonctionne pour vous. Personne ne veut passer des heures \u00e0 parcourir des profils sans fin juste pour rencontrer un \u00e9tranger. Nous avons donc rassembl\u00e9 quelques conseils pour vous aider \u00e0 naviguer dans le monde des rencontres en ligne en toute s\u00e9curit\u00e9.<\/p>\n<h2>Nos meilleurs choix pour le sexe occasionnel<\/h2>\n<p>Si vous voulez couper \u00e0 travers toutes les ordures en ligne avec des <a href=\"http:\/\/mamasjerkstation.com\/fr\/conseils-de-rencontres-au-sucre\/\">applications de rencontres<\/a>, nous vous sugg\u00e9rons d\u2019en essayer quelques-unes sur notre liste. Ils vous aideront \u00e0 trouver le type de relation que vous voulez.<\/p>\n<p>Nous avons pris en compte l\u2019exp\u00e9rience personnelle, les avis des utilisateurs, les fonctionnalit\u00e9s de s\u00e9curit\u00e9 \/ confidentialit\u00e9 et bien plus encore lors de la cr\u00e9ation de cette liste.<\/p>\n<h3>Aff<\/h3>\n<p>AdultFriendFinder est le site de rencontre le plus populaire pour trouver des partenaires sexuels occasionnels. Le site existe depuis 1995 et revendique plus de 40 millions de membres dans le monde. Le site offre un abonnement gratuit, mais vous voudrez passer \u00e0 un acc\u00e8s premium pour voir plus de profils et utiliser plus d\u2019outils comme la messagerie, les salles de discussion et les vid\u00e9os par webcam. En plus des informations de profil standard, vous pouvez t\u00e9l\u00e9charger des photos et des vid\u00e9os, ajouter des amis, envoyer des clins d\u2019\u0153il et parcourir les listes locales.<\/p>\n<p>Que vous souhaitiez sortir avec quelqu\u2019un \u00e0 la recherche d\u2019amour, d\u2019\u00e9changistes, de couples ou simplement d\u2019un bon vieux plaisir, AFF est s\u00fbr de vous aider.<\/p>\n<h3>Recherche<\/h3>\n<p>SeekingArrangement a \u00e9t\u00e9 fond\u00e9e en 2004 et compte aujourd\u2019hui plus de 20 millions d\u2019utilisateurs enregistr\u00e9s. Son slogan est \u00ab Trouver l\u2019amour en ligne \u00bb. Il s\u2019adresse aux c\u00e9libataires riches \u00e0 la recherche de relations \u00e0 long terme. Vous payez des frais mensuels pour rejoindre le site et pouvez choisir si vous recherchez l\u2019amiti\u00e9, la romance, le mariage ou autre chose.<\/p>\n<p>Cette application de rencontres est con\u00e7ue sp\u00e9cifiquement pour ceux qui aiment les rencontres de luxe. Si vous \u00eates int\u00e9ress\u00e9 \u00e0 rencontrer de belles femmes qui sont pr\u00eates \u00e0 d\u00e9penser de l\u2019argent pour vous, c\u2019est le meilleur endroit pour les trouver.<\/p>\n<p>La bonne chose \u00e0 propos de ce site est la s\u00e9curit\u00e9, tous les membres doivent montrer une pi\u00e8ce d\u2019identit\u00e9 pour rejoindre. Cela signifie que vous aurez moins d\u2019escrocs utilisant la plate-forme.<\/p>\n<h3>Broyeur<\/h3>\n<p>Il s\u2019agit d\u2019un r\u00e9seau social con\u00e7u sp\u00e9cifiquement pour les hommes gais et bisexuels. C\u2019est un peu diff\u00e9rent des autres sites car il ne permet pas aux utilisateurs de trouver des dates; au lieu de cela, il se concentre sur les aider \u00e0 rencontrer des partenaires romantiques potentiels. Les membres peuvent voir les photos des autres et parler d\u2019eux-m\u00eames, de leurs passe-temps et de ce qui les int\u00e9resse.<\/p>\n<h3>Ressenti<\/h3>\n<p>Il s\u2019agit d\u2019une application de rencontres queer qui se concentre sur la connexion des hommes gays \u00e0 travers le monde. Il est similaire \u00e0 Grindr, sauf qu\u2019il est destin\u00e9 \u00e0 ceux qui recherchent des relations occasionnelles plut\u00f4t que des relations \u00e0 long terme. Feeld est enti\u00e8rement gratuit \u00e0 t\u00e9l\u00e9charger et \u00e0 utiliser, mais vous devez payer 9,99 $ par mois pour d\u00e9bloquer des fonctionnalit\u00e9s suppl\u00e9mentaires telles que des discussions de groupe, des \u00e9v\u00e9nements et des clubs exclusifs.<\/p>\n<h3>HornySingles<\/h3>\n<p>HornySingles est une application de rencontres en ligne gratuite o\u00f9 les gens peuvent se connecter en fonction de leurs int\u00e9r\u00eats mutuels. Les membres peuvent parcourir les profils, envoyer des messages et \u00e9tablir des connexions avec d\u2019autres personnes \u00e0 proximit\u00e9. Les utilisateurs peuvent configurer leur profil pour inclure des photos, des vid\u00e9os et des informations suppl\u00e9mentaires sur eux-m\u00eames. Il n\u2019y a pas de frais associ\u00e9s \u00e0 l\u2019adh\u00e9sion, ce qui le rend id\u00e9al pour ceux qui cherchent \u00e0 rencontrer quelqu\u2019un sans avoir \u00e0 d\u00e9penser de l\u2019argent \u00e0 l\u2019avance.<\/p>\n<h2>Notre conseil pour vous ?<\/h2>\n<p>Vous voudrez garder \u00e0 l\u2019esprit que certains sites sont enti\u00e8rement gratuits, tandis que d\u2019autres ont une petite quantit\u00e9 de fonctionnalit\u00e9s premium. De nombreux sites populaires, tels que Tinder, OKCupid et Bumble, proposent des versions gratuites et payantes. Cependant, certains sont compl\u00e8tement gratuits (et d\u2019autres sont plus exclusifs comme Seeking). Vous devez trouver celui qui vous convient, nous vous recommandons d\u2019en tester quelques-uns et de voir comment vous les aimez.<\/p>\n","protected":false},"excerpt":{"rendered":"<p>Si vous voulez trouver du sexe occasionnel dans votre r\u00e9gion, il y a quelques choses que vous voudrez probablement consid\u00e9rer. Tout d\u2019abord, assurez-vous de savoir &hellip; <\/p>\n","protected":false},"author":1,"featured_media":187,"parent":0,"menu_order":0,"comment_status":"closed","ping_status":"closed","template":"","meta":[],"yoast_head":"<!-- This site is optimized with the Yoast SEO plugin v17.7.1 - https:\/\/yoast.com\/wordpress\/plugins\/seo\/ -->\n<title>Trouvez du sexe occasionnel pr\u00e8s de chez vous - Jerk Dating<\/title>\n<meta name=\"robots\" content=\"index, follow, max-snippet:-1, max-image-preview:large, max-video-preview:-1\" \/>\n<link rel=\"canonical\" href=\"https:\/\/mamasjerkstation.com\/fr\/trouvez-du-sexe-occasionnel-pres-de-chez-vous\/\" \/>\n<meta property=\"og:locale\" content=\"fr_FR\" \/>\n<meta property=\"og:type\" content=\"article\" \/>\n<meta property=\"og:title\" content=\"Trouvez du sexe occasionnel pr\u00e8s de chez vous - Jerk Dating\" \/>\n<meta property=\"og:description\" content=\"Si vous voulez trouver du sexe occasionnel dans votre r\u00e9gion, il y a quelques choses que vous voudrez probablement consid\u00e9rer. Tout d\u2019abord, assurez-vous de savoir &hellip;\" \/>\n<meta property=\"og:url\" content=\"https:\/\/mamasjerkstation.com\/fr\/trouvez-du-sexe-occasionnel-pres-de-chez-vous\/\" \/>\n<meta property=\"og:site_name\" content=\"Jerk Dating\" \/>\n<meta property=\"og:image\" content=\"http:\/\/mamasjerkstation.com\/wp-content\/uploads\/2022\/08\/casual-sex-dating-websites.jpeg\" \/>\n\t<meta property=\"og:image:width\" content=\"2094\" \/>\n\t<meta property=\"og:image:height\" content=\"1500\" \/>\n<meta name=\"twitter:card\" content=\"summary_large_image\" \/>\n<meta name=\"twitter:label1\" content=\"Dur\u00e9e de lecture estim\u00e9e\" \/>\n\t<meta name=\"twitter:data1\" content=\"4 minutes\" \/>\n<script type=\"application\/ld+json\" class=\"yoast-schema-graph\">{\"@context\":\"https:\/\/schema.org\",\"@graph\":[{\"@type\":\"WebSite\",\"@id\":\"https:\/\/mamasjerkstation.com\/#website\",\"url\":\"https:\/\/mamasjerkstation.com\/\",\"name\":\"Jerk Dating\",\"description\":\"Online Sex Websites\",\"potentialAction\":[{\"@type\":\"SearchAction\",\"target\":{\"@type\":\"EntryPoint\",\"urlTemplate\":\"https:\/\/mamasjerkstation.com\/?s={search_term_string}\"},\"query-input\":\"required name=search_term_string\"}],\"inLanguage\":\"fr-FR\"},{\"@type\":\"ImageObject\",\"@id\":\"https:\/\/mamasjerkstation.com\/fr\/trouvez-du-sexe-occasionnel-pres-de-chez-vous\/#primaryimage\",\"inLanguage\":\"fr-FR\",\"url\":\"https:\/\/mamasjerkstation.com\/wp-content\/uploads\/2022\/08\/casual-sex-dating-websites.jpeg\",\"contentUrl\":\"https:\/\/mamasjerkstation.com\/wp-content\/uploads\/2022\/08\/casual-sex-dating-websites.jpeg\",\"width\":2094,\"height\":1500},{\"@type\":\"WebPage\",\"@id\":\"https:\/\/mamasjerkstation.com\/fr\/trouvez-du-sexe-occasionnel-pres-de-chez-vous\/#webpage\",\"url\":\"https:\/\/mamasjerkstation.com\/fr\/trouvez-du-sexe-occasionnel-pres-de-chez-vous\/\",\"name\":\"Trouvez du sexe occasionnel pr\\u00e8s de chez vous - Jerk Dating\",\"isPartOf\":{\"@id\":\"https:\/\/mamasjerkstation.com\/#website\"},\"primaryImageOfPage\":{\"@id\":\"https:\/\/mamasjerkstation.com\/fr\/trouvez-du-sexe-occasionnel-pres-de-chez-vous\/#primaryimage\"},\"datePublished\":\"2022-08-19T18:01:00+00:00\",\"dateModified\":\"2022-08-19T18:01:00+00:00\",\"breadcrumb\":{\"@id\":\"https:\/\/mamasjerkstation.com\/fr\/trouvez-du-sexe-occasionnel-pres-de-chez-vous\/#breadcrumb\"},\"inLanguage\":\"fr-FR\",\"potentialAction\":[{\"@type\":\"ReadAction\",\"target\":[\"https:\/\/mamasjerkstation.com\/fr\/trouvez-du-sexe-occasionnel-pres-de-chez-vous\/\"]}]},{\"@type\":\"BreadcrumbList\",\"@id\":\"https:\/\/mamasjerkstation.com\/fr\/trouvez-du-sexe-occasionnel-pres-de-chez-vous\/#breadcrumb\",\"itemListElement\":[{\"@type\":\"ListItem\",\"position\":1,\"name\":\"Home\",\"item\":\"http:\/\/mamasjerkstation.com\/fr\/\"},{\"@type\":\"ListItem\",\"position\":2,\"name\":\"Trouvez du sexe occasionnel pr\\u00e8s de chez vous\"}]}]}<\/script>\n<!-- \/ Yoast SEO plugin. -->","yoast_head_json":{"title":"Trouvez du sexe occasionnel pr\u00e8s de chez vous - Jerk Dating","robots":{"index":"index","follow":"follow","max-snippet":"max-snippet:-1","max-image-preview":"max-image-preview:large","max-video-preview":"max-video-preview:-1"},"canonical":"https:\/\/mamasjerkstation.com\/fr\/trouvez-du-sexe-occasionnel-pres-de-chez-vous\/","og_locale":"fr_FR","og_type":"article","og_title":"Trouvez du sexe occasionnel pr\u00e8s de chez vous - Jerk Dating","og_description":"Si vous voulez trouver du sexe occasionnel dans votre r\u00e9gion, il y a quelques choses que vous voudrez probablement consid\u00e9rer. Tout d\u2019abord, assurez-vous de savoir &hellip;","og_url":"https:\/\/mamasjerkstation.com\/fr\/trouvez-du-sexe-occasionnel-pres-de-chez-vous\/","og_site_name":"Jerk Dating","og_image":[{"width":2094,"height":1500,"url":"http:\/\/mamasjerkstation.com\/wp-content\/uploads\/2022\/08\/casual-sex-dating-websites.jpeg","type":"image\/jpeg"}],"twitter_card":"summary_large_image","twitter_misc":{"Dur\u00e9e de lecture estim\u00e9e":"4 minutes"},"schema":{"@context":"https:\/\/schema.org","@graph":[{"@type":"WebSite","@id":"https:\/\/mamasjerkstation.com\/#website","url":"https:\/\/mamasjerkstation.com\/","name":"Jerk Dating","description":"Online Sex Websites","potentialAction":[{"@type":"SearchAction","target":{"@type":"EntryPoint","urlTemplate":"https:\/\/mamasjerkstation.com\/?s={search_term_string}"},"query-input":"required name=search_term_string"}],"inLanguage":"fr-FR"},{"@type":"ImageObject","@id":"https:\/\/mamasjerkstation.com\/fr\/trouvez-du-sexe-occasionnel-pres-de-chez-vous\/#primaryimage","inLanguage":"fr-FR","url":"https:\/\/mamasjerkstation.com\/wp-content\/uploads\/2022\/08\/casual-sex-dating-websites.jpeg","contentUrl":"https:\/\/mamasjerkstation.com\/wp-content\/uploads\/2022\/08\/casual-sex-dating-websites.jpeg","width":2094,"height":1500},{"@type":"WebPage","@id":"https:\/\/mamasjerkstation.com\/fr\/trouvez-du-sexe-occasionnel-pres-de-chez-vous\/#webpage","url":"https:\/\/mamasjerkstation.com\/fr\/trouvez-du-sexe-occasionnel-pres-de-chez-vous\/","name":"Trouvez du sexe occasionnel pr\u00e8s de chez vous - Jerk Dating","isPartOf":{"@id":"https:\/\/mamasjerkstation.com\/#website"},"primaryImageOfPage":{"@id":"https:\/\/mamasjerkstation.com\/fr\/trouvez-du-sexe-occasionnel-pres-de-chez-vous\/#primaryimage"},"datePublished":"2022-08-19T18:01:00+00:00","dateModified":"2022-08-19T18:01:00+00:00","breadcrumb":{"@id":"https:\/\/mamasjerkstation.com\/fr\/trouvez-du-sexe-occasionnel-pres-de-chez-vous\/#breadcrumb"},"inLanguage":"fr-FR","potentialAction":[{"@type":"ReadAction","target":["https:\/\/mamasjerkstation.com\/fr\/trouvez-du-sexe-occasionnel-pres-de-chez-vous\/"]}]},{"@type":"BreadcrumbList","@id":"https:\/\/mamasjerkstation.com\/fr\/trouvez-du-sexe-occasionnel-pres-de-chez-vous\/#breadcrumb","itemListElement":[{"@type":"ListItem","position":1,"name":"Home","item":"http:\/\/mamasjerkstation.com\/fr\/"},{"@type":"ListItem","position":2,"name":"Trouvez du sexe occasionnel pr\u00e8s de chez vous"}]}]}},"_links":{"self":[{"href":"https:\/\/mamasjerkstation.com\/fr\/wp-json\/wp\/v2\/pages\/258"}],"collection":[{"href":"https:\/\/mamasjerkstation.com\/fr\/wp-json\/wp\/v2\/pages"}],"about":[{"href":"https:\/\/mamasjerkstation.com\/fr\/wp-json\/wp\/v2\/types\/page"}],"author":[{"embeddable":true,"href":"https:\/\/mamasjerkstation.com\/fr\/wp-json\/wp\/v2\/users\/1"}],"replies":[{"embeddable":true,"href":"https:\/\/mamasjerkstation.com\/fr\/wp-json\/wp\/v2\/comments?post=258"}],"version-history":[{"count":0,"href":"https:\/\/mamasjerkstation.com\/fr\/wp-json\/wp\/v2\/pages\/258\/revisions"}],"wp:featuredmedia":[{"embeddable":true,"href":"https:\/\/mamasjerkstation.com\/fr\/wp-json\/wp\/v2\/media\/187"}],"wp:attachment":[{"href":"https:\/\/mamasjerkstation.com\/fr\/wp-json\/wp\/v2\/media?parent=258"}],"curies":[{"name":"wp","href":"https:\/\/api.w.org\/{rel}","templated":true}]}}