{"id":250,"date":"2022-08-19T19:23:43","date_gmt":"2022-08-19T18:23:43","guid":{"rendered":"http:\/\/mamasjerkstation.com\/conseils-de-rencontres-au-sucre\/"},"modified":"2022-08-19T19:23:43","modified_gmt":"2022-08-19T18:23:43","slug":"conseils-de-rencontres-au-sucre","status":"publish","type":"page","link":"https:\/\/mamasjerkstation.com\/fr\/conseils-de-rencontres-au-sucre\/","title":{"rendered":"Conseils de rencontres au sucre"},"content":{"rendered":"<h2>Vous \u00eates c\u00e9libataire et \u00e0 la recherche d\u2019un Sugar Daddy ?<\/h2>\n<p>Il y a des milliers d\u2019hommes en ligne qui sont pr\u00eats \u00e0 payer pour le sexe. Ils s\u2019appellent eux-m\u00eames \u00ab&nbsp;Sugar Daddies&nbsp;\u00bb.<\/p>\n<p>Il semble que chaque homme veuille \u00eatre un Sugar Daddy. Pourquoi? Parce que cela lui donne l\u2019impression d\u2019avoir du pouvoir. Il peut <a href=\"http:\/\/mamasjerkstation.com\/fr\/comment-sexto-et-discuter-avec-des-filles\/\">choisir sa femme<\/a> et lui dire quoi faire. Elle fait tout ce qu\u2019il dit.<\/p>\n<p>En retour, elle lui donne des relations sexuelles. Et s\u2019il l\u2019aime, il peut aussi lui donner des cadeaux.<\/p>\n<p>\u00cates-vous int\u00e9ress\u00e9 \u00e0 sortir avec un Sugar Daddy? Si oui, lisez attentivement cet article. Voici quelques conseils pour vous aider \u00e0 trouver un Sugar Daddy.<\/p>\n<h3>Sachez ce que vous voulez<\/h3>\n<p>Avant de partir \u00e0 la recherche d\u2019un Sugar Daddy, vous devez savoir exactement ce que vous voulez. Voulez-vous une relation avec lui \/ elle? Voulez-vous passer du temps ensemble? Voulez-vous voyager avec lui \/ elle?<\/p>\n<p>Voulez-vous l\u2019\u00e9pouser?<\/p>\n<p>Ces questions vous aideront \u00e0 d\u00e9terminer si vous voulez un Sugar Daddy ou un Sugar Baby.<\/p>\n<h3>Soyez vous-m\u00eame<\/h3>\n<p>Soyez vous-m\u00eame. Ne pr\u00e9tendez pas \u00eatre quelqu\u2019un d\u2019autre. Cela peut sembler \u00e9vident, mais la plupart des hommes ne veulent pas sortir avec une fausse personne. Ils veulent sortir avec de vraies femmes.<\/p>\n<h3>Trouver quelqu\u2019un qui partage des int\u00e9r\u00eats similaires<\/h3>\n<p>Trouvez quelqu\u2019un qui partage des int\u00e9r\u00eats similaires. Par exemple, si vous aimez le sport, trouvez un homme qui aime aussi le sport.<\/p>\n<p>Cela vous donnera un terrain d\u2019entente pour en parler. Et parler de choses que vous partagez en commun vous aidera \u00e0 cr\u00e9er des liens rapidement.<\/p>\n<h3>Posez-lui des questions sur sa famille<\/h3>\n<p>Posez-lui des questions sur sa famille. Quel \u00e2ge a sa m\u00e8re? Vit-elle toujours avec lui\/ses parents?<\/p>\n<p>A-t-il des fr\u00e8res et s\u0153urs?<\/p>\n<h2>FAQ<\/h2>\n<h3>Que signifie NSA dans la datation du sucre?<\/h3>\n<p>NSA signifie No Strings Attached. Cela signifie que vous n\u2019avez pas \u00e0 vous soucier d\u2019entrer dans n\u2019importe quel type de relation. Sugar dating est un excellent moyen de rencontrer de nouvelles personnes qui partagent des int\u00e9r\u00eats similaires.<\/p>\n<h3>Comment devenir un Sugar Baby ou un papa de la NSA?<\/h3>\n<p>Si vous voulez \u00eatre un sugar baby ou un papa, alors vous devez savoir comment les trouver. La meilleure fa\u00e7on de le faire est via une application de rencontres comme Tinder. Une fois que vous avez trouv\u00e9 quelqu\u2019un qui semble int\u00e9ressant, demandez son num\u00e9ro et appelez-le. C\u2019est le moyen le plus simple de commencer \u00e0 parler \u00e0 un sugar baby ou \u00e0 un papa.<\/p>\n<h3>Qu\u2019est-ce qu\u2019une relation NSA et comment fonctionne-t-elle ?<\/h3>\n<p>Une relation NSA, c\u2019est quand deux personnes se rencontrent pour la premi\u00e8re fois et qu\u2019elles se connaissent toutes les deux depuis des rencontres pr\u00e9c\u00e9dentes. La personne qui initie la r\u00e9union s\u2019appelle la NSA (New Spouse). Ce terme a \u00e9t\u00e9 invent\u00e9 par le com\u00e9dien Jerry Seinfeld dans son livre \u00ab&nbsp;The Marriage Ref&nbsp;\u00bb o\u00f9 il d\u00e9crit le processus de recherche de l\u2019amour.<\/p>\n<h3>Qu\u2019est-ce qu\u2019un sugar daddy ?<\/h3>\n<p>Un sugar daddy est quelqu\u2019un qui aide financi\u00e8rement sa petite amie. Cette personne a g\u00e9n\u00e9ralement de l\u2019argent et veut l\u2019aider. Il peut \u00e9galement \u00eatre pr\u00eat \u00e0 lui donner des cadeaux tels que des d\u00eeners co\u00fbteux et des vacances. La relation entre ces deux parties est souvent romantique, bien que certains sugar daddies ne veulent aucun contact sexuel.<\/p>\n","protected":false},"excerpt":{"rendered":"<p>Vous \u00eates c\u00e9libataire et \u00e0 la recherche d\u2019un Sugar Daddy ? Il y a des milliers d\u2019hommes en ligne qui sont pr\u00eats \u00e0 payer pour &hellip; <\/p>\n","protected":false},"author":1,"featured_media":202,"parent":0,"menu_order":0,"comment_status":"closed","ping_status":"closed","template":"","meta":[],"yoast_head":"<!-- This site is optimized with the Yoast SEO plugin v17.7.1 - https:\/\/yoast.com\/wordpress\/plugins\/seo\/ -->\n<title>Conseils de rencontres au sucre: Devenez un Sugar Daddy - Jerk Dating<\/title>\n<meta name=\"robots\" content=\"index, follow, max-snippet:-1, max-image-preview:large, max-video-preview:-1\" \/>\n<link rel=\"canonical\" href=\"https:\/\/mamasjerkstation.com\/fr\/conseils-de-rencontres-au-sucre\/\" \/>\n<meta property=\"og:locale\" content=\"fr_FR\" \/>\n<meta property=\"og:type\" content=\"article\" \/>\n<meta property=\"og:title\" content=\"Conseils de rencontres au sucre: Devenez un Sugar Daddy - Jerk Dating\" \/>\n<meta property=\"og:description\" content=\"Vous \u00eates c\u00e9libataire et \u00e0 la recherche d\u2019un Sugar Daddy ? Il y a des milliers d\u2019hommes en ligne qui sont pr\u00eats \u00e0 payer pour &hellip;\" \/>\n<meta property=\"og:url\" content=\"https:\/\/mamasjerkstation.com\/fr\/conseils-de-rencontres-au-sucre\/\" \/>\n<meta property=\"og:site_name\" content=\"Jerk Dating\" \/>\n<meta name=\"twitter:card\" content=\"summary_large_image\" \/>\n<meta name=\"twitter:image\" content=\"https:\/\/mamasjerkstation.com\/wp-content\/uploads\/2022\/08\/match-making.webp\" \/>\n<meta name=\"twitter:label1\" content=\"Dur\u00e9e de lecture estim\u00e9e\" \/>\n\t<meta name=\"twitter:data1\" content=\"3 minutes\" \/>\n<script type=\"application\/ld+json\" class=\"yoast-schema-graph\">{\"@context\":\"https:\/\/schema.org\",\"@graph\":[{\"@type\":\"WebSite\",\"@id\":\"https:\/\/mamasjerkstation.com\/#website\",\"url\":\"https:\/\/mamasjerkstation.com\/\",\"name\":\"Jerk Dating\",\"description\":\"Online Sex Websites\",\"potentialAction\":[{\"@type\":\"SearchAction\",\"target\":{\"@type\":\"EntryPoint\",\"urlTemplate\":\"https:\/\/mamasjerkstation.com\/?s={search_term_string}\"},\"query-input\":\"required name=search_term_string\"}],\"inLanguage\":\"fr-FR\"},{\"@type\":\"ImageObject\",\"@id\":\"https:\/\/mamasjerkstation.com\/fr\/conseils-de-rencontres-au-sucre\/#primaryimage\",\"inLanguage\":\"fr-FR\",\"url\":\"https:\/\/mamasjerkstation.com\/wp-content\/uploads\/2022\/08\/match-making.webp\",\"contentUrl\":\"https:\/\/mamasjerkstation.com\/wp-content\/uploads\/2022\/08\/match-making.webp\",\"width\":1125,\"height\":750},{\"@type\":\"WebPage\",\"@id\":\"https:\/\/mamasjerkstation.com\/fr\/conseils-de-rencontres-au-sucre\/#webpage\",\"url\":\"https:\/\/mamasjerkstation.com\/fr\/conseils-de-rencontres-au-sucre\/\",\"name\":\"Conseils de rencontres au sucre: Devenez un Sugar Daddy - Jerk Dating\",\"isPartOf\":{\"@id\":\"https:\/\/mamasjerkstation.com\/#website\"},\"primaryImageOfPage\":{\"@id\":\"https:\/\/mamasjerkstation.com\/fr\/conseils-de-rencontres-au-sucre\/#primaryimage\"},\"datePublished\":\"2022-08-19T18:23:43+00:00\",\"dateModified\":\"2022-08-19T18:23:43+00:00\",\"breadcrumb\":{\"@id\":\"https:\/\/mamasjerkstation.com\/fr\/conseils-de-rencontres-au-sucre\/#breadcrumb\"},\"inLanguage\":\"fr-FR\",\"potentialAction\":[{\"@type\":\"ReadAction\",\"target\":[\"https:\/\/mamasjerkstation.com\/fr\/conseils-de-rencontres-au-sucre\/\"]}]},{\"@type\":\"BreadcrumbList\",\"@id\":\"https:\/\/mamasjerkstation.com\/fr\/conseils-de-rencontres-au-sucre\/#breadcrumb\",\"itemListElement\":[{\"@type\":\"ListItem\",\"position\":1,\"name\":\"Home\",\"item\":\"http:\/\/mamasjerkstation.com\/fr\/\"},{\"@type\":\"ListItem\",\"position\":2,\"name\":\"Conseils de rencontres au sucre\"}]}]}<\/script>\n<!-- \/ Yoast SEO plugin. -->","yoast_head_json":{"title":"Conseils de rencontres au sucre: Devenez un Sugar Daddy - Jerk Dating","robots":{"index":"index","follow":"follow","max-snippet":"max-snippet:-1","max-image-preview":"max-image-preview:large","max-video-preview":"max-video-preview:-1"},"canonical":"https:\/\/mamasjerkstation.com\/fr\/conseils-de-rencontres-au-sucre\/","og_locale":"fr_FR","og_type":"article","og_title":"Conseils de rencontres au sucre: Devenez un Sugar Daddy - Jerk Dating","og_description":"Vous \u00eates c\u00e9libataire et \u00e0 la recherche d\u2019un Sugar Daddy ? Il y a des milliers d\u2019hommes en ligne qui sont pr\u00eats \u00e0 payer pour &hellip;","og_url":"https:\/\/mamasjerkstation.com\/fr\/conseils-de-rencontres-au-sucre\/","og_site_name":"Jerk Dating","twitter_card":"summary_large_image","twitter_image":"https:\/\/mamasjerkstation.com\/wp-content\/uploads\/2022\/08\/match-making.webp","twitter_misc":{"Dur\u00e9e de lecture estim\u00e9e":"3 minutes"},"schema":{"@context":"https:\/\/schema.org","@graph":[{"@type":"WebSite","@id":"https:\/\/mamasjerkstation.com\/#website","url":"https:\/\/mamasjerkstation.com\/","name":"Jerk Dating","description":"Online Sex Websites","potentialAction":[{"@type":"SearchAction","target":{"@type":"EntryPoint","urlTemplate":"https:\/\/mamasjerkstation.com\/?s={search_term_string}"},"query-input":"required name=search_term_string"}],"inLanguage":"fr-FR"},{"@type":"ImageObject","@id":"https:\/\/mamasjerkstation.com\/fr\/conseils-de-rencontres-au-sucre\/#primaryimage","inLanguage":"fr-FR","url":"https:\/\/mamasjerkstation.com\/wp-content\/uploads\/2022\/08\/match-making.webp","contentUrl":"https:\/\/mamasjerkstation.com\/wp-content\/uploads\/2022\/08\/match-making.webp","width":1125,"height":750},{"@type":"WebPage","@id":"https:\/\/mamasjerkstation.com\/fr\/conseils-de-rencontres-au-sucre\/#webpage","url":"https:\/\/mamasjerkstation.com\/fr\/conseils-de-rencontres-au-sucre\/","name":"Conseils de rencontres au sucre: Devenez un Sugar Daddy - Jerk Dating","isPartOf":{"@id":"https:\/\/mamasjerkstation.com\/#website"},"primaryImageOfPage":{"@id":"https:\/\/mamasjerkstation.com\/fr\/conseils-de-rencontres-au-sucre\/#primaryimage"},"datePublished":"2022-08-19T18:23:43+00:00","dateModified":"2022-08-19T18:23:43+00:00","breadcrumb":{"@id":"https:\/\/mamasjerkstation.com\/fr\/conseils-de-rencontres-au-sucre\/#breadcrumb"},"inLanguage":"fr-FR","potentialAction":[{"@type":"ReadAction","target":["https:\/\/mamasjerkstation.com\/fr\/conseils-de-rencontres-au-sucre\/"]}]},{"@type":"BreadcrumbList","@id":"https:\/\/mamasjerkstation.com\/fr\/conseils-de-rencontres-au-sucre\/#breadcrumb","itemListElement":[{"@type":"ListItem","position":1,"name":"Home","item":"http:\/\/mamasjerkstation.com\/fr\/"},{"@type":"ListItem","position":2,"name":"Conseils de rencontres au sucre"}]}]}},"_links":{"self":[{"href":"https:\/\/mamasjerkstation.com\/fr\/wp-json\/wp\/v2\/pages\/250"}],"collection":[{"href":"https:\/\/mamasjerkstation.com\/fr\/wp-json\/wp\/v2\/pages"}],"about":[{"href":"https:\/\/mamasjerkstation.com\/fr\/wp-json\/wp\/v2\/types\/page"}],"author":[{"embeddable":true,"href":"https:\/\/mamasjerkstation.com\/fr\/wp-json\/wp\/v2\/users\/1"}],"replies":[{"embeddable":true,"href":"https:\/\/mamasjerkstation.com\/fr\/wp-json\/wp\/v2\/comments?post=250"}],"version-history":[{"count":0,"href":"https:\/\/mamasjerkstation.com\/fr\/wp-json\/wp\/v2\/pages\/250\/revisions"}],"wp:featuredmedia":[{"embeddable":true,"href":"https:\/\/mamasjerkstation.com\/fr\/wp-json\/wp\/v2\/media\/202"}],"wp:attachment":[{"href":"https:\/\/mamasjerkstation.com\/fr\/wp-json\/wp\/v2\/media?parent=250"}],"curies":[{"name":"wp","href":"https:\/\/api.w.org\/{rel}","templated":true}]}}