{"id":239,"date":"2022-08-19T16:45:46","date_gmt":"2022-08-19T15:45:46","guid":{"rendered":"http:\/\/mamasjerkstation.com\/trouver-le-bon-site-jerk-off-pour-vous-sexting-en-ligne\/"},"modified":"2022-08-31T13:03:17","modified_gmt":"2022-08-31T12:03:17","slug":"trouver-le-bon-site-jerk-off-pour-vous-sexting-en-ligne","status":"publish","type":"page","link":"https:\/\/mamasjerkstation.com\/fr\/","title":{"rendered":"Trouver le bon site Jerk Off pour vous: Sexting en ligne"},"content":{"rendered":"<p>Sex Chat est un type de communication en ligne o\u00f9 les gens s\u2019engagent dans des activit\u00e9s sexuelles tout en communiquant via des messages texte, des applications de messagerie instantan\u00e9e, des plateformes de m\u00e9dias sociaux, etc. Cette forme de communication est souvent appel\u00e9e sexting, bien qu\u2019elle soit techniquement diff\u00e9rente du sexting car elle implique de discuter de sexe plut\u00f4t que d\u2019envoyer des images ou des vid\u00e9os explicites de soi-m\u00eame.<\/p>\n<h2>Trouver les bons sites de Jerk Cam<\/h2>\n<p>Il n\u2019y a pas de meilleure fa\u00e7on de <a href=\"http:\/\/mamasjerkstation.com\/fr\/rencontres-lgbt\/\">rencontrer des personnes partageant les m\u00eames id\u00e9es<\/a> et de discuter de sujets tels que le BDSM, les f\u00e9tiches, le kink, le jeu de r\u00f4le, les v\u00eatements f\u00e9tiches et bien plus encore. Notre fonction de chat vid\u00e9o en direct vous permet de voir \u00e0 quoi ressemblent les autres, afin que vous puissiez d\u00e9cider si vous souhaitez interagir avec eux. Si vous pr\u00e9f\u00e9rez simplement lire, nous avons beaucoup d\u2019articles \u00e9crits par de vraies personnes discutant de tout, de la fa\u00e7on de ramasser les filles \u00e0 la fa\u00e7on de vous rendre irr\u00e9sistible.<\/p>\n<h3>Applications de rencontres ou sites de chat sexuel?<\/h3>\n<p>Le monde est plein de gens \u00e0 la recherche de l\u2019amour en ligne. Qu\u2019ils soient \u00e0 la recherche de quelqu\u2019un de sp\u00e9cial \u00e0 ce jour ou qu\u2019ils veuillent simplement se connecter, il existe de nombreuses fa\u00e7ons de trouver la romance. Une fa\u00e7on de le faire est via une application de rencontres comme Tinder. Mais bien que des applications comme Tinder soient id\u00e9ales pour rencontrer des rendez-vous potentiels, elles n\u2019offrent pas toujours la meilleure exp\u00e9rience pour ceux qui cherchent \u00e0 rencontrer d\u2019autres personnes dans la vie r\u00e9elle.<\/p>\n<p>C\u2019est pourquoi il existe de nombreux types de r\u00e9seaux sociaux con\u00e7us pour vous aider \u00e0 vous connecter <a href=\"https:\/\/www.fuck-buddies.net\/fr\/meilleurs-jeux-porno-sur-steam\/\">jeu porno steam<\/a> avec les gens en personne. Certains vous permettent de rejoindre des groupes en fonction de vos int\u00e9r\u00eats, de vos passe-temps, etc. D\u2019autres vous permettent de vous faire des amis avec des \u00e9trangers, ou simplement de parler \u00e0 des gens \u00e0 proximit\u00e9. Et d\u2019autres encore offrent des possibilit\u00e9s de rencontres d\u00e9contract\u00e9es, comme un quickie dans un parc ou une aventure d\u2019une nuit dans une chambre d\u2019h\u00f4tel.<\/p>\n<p><img loading=\"lazy\" class=\"aligncenter wp-image-53\" src=\"http:\/\/mamasjerkstation.com\/wp-content\/uploads\/2022\/08\/adult-cams-1024x683.jpeg\" alt=\"\" width=\"705\" height=\"470\" srcset=\"https:\/\/mamasjerkstation.com\/wp-content\/uploads\/2022\/08\/adult-cams-1024x683.jpeg 1024w, https:\/\/mamasjerkstation.com\/wp-content\/uploads\/2022\/08\/adult-cams-300x200.jpeg 300w, https:\/\/mamasjerkstation.com\/wp-content\/uploads\/2022\/08\/adult-cams-768x512.jpeg 768w, https:\/\/mamasjerkstation.com\/wp-content\/uploads\/2022\/08\/adult-cams.jpeg 1125w\" sizes=\"(max-width: 705px) 100vw, 705px\" \/><\/p>\n<h3>Qu\u2019en est-il de l\u2019utilisation des sites de webcams?<\/h3>\n<p>Ces sites permettent aux individus de regarder d\u2019autres personnes se livrer \u00e0 des actes sexuels sans avoir \u00e0 payer. Certains des sites de webcams de sexe en direct les plus connus incluent Chaturbate, LiveJasmin, Cam4, MyFreeCams et Streamberry.<\/p>\n<p>Alors que certaines personnes pourraient supposer que les stars du porno gagnent la majeure partie de l\u2019argent gr\u00e2ce \u00e0 la webcam, il s\u2019av\u00e8re que de nombreux mod\u00e8les gagnent en fait moins de 100 $ par mois. Et bien qu\u2019il y ait certainement des exceptions, la plupart des mod\u00e8les ne gagnent pas assez d\u2019argent pour se soutenir enti\u00e8rement gr\u00e2ce \u00e0 la webcam. Mais qu\u2019en est-il de ces moments o\u00f9 vous n\u2019avez pas envie de regarder du porno? Ou peut-\u00eatre voulez-vous simplement voir \u00e0 quel point une autre personne a l\u2019air sexy nue? Il y a beaucoup de fa\u00e7ons de le faire aussi. Par exemple, certains sites de chat sexuel diffusent des flux vid\u00e9o en direct \u00e0 partir des webcams de leurs membres. Ces flux en direct ont g\u00e9n\u00e9ralement un co\u00fbt, mais parfois ils sont compl\u00e8tement gratuits.<\/p>\n<h2>Notre hot pick: Dirty Roulette<\/h2>\n<p>Dirty Roulette est l\u2019un des plus anciens sites de webcam en ligne, il a \u00e9t\u00e9 lanc\u00e9 en 2005. Ce site de chat vid\u00e9o pour adultes propose des webcams de sexe en direct gratuites avec des milliers de mod\u00e8les du monde entier. Vous n\u2019avez m\u00eame pas besoin de vous inscrire. Choisissez simplement un mod\u00e8le que vous aimez et commencez \u00e0 discuter. Si vous voulez en voir plus, donnez-lui un pourboire &#8211; elle fera n\u2019importe quoi pour <a href=\"https:\/\/www.free-adult-cams.com\/fr\/cam2cam-gratuit\/\">cam adult gratuite<\/a> de l\u2019argent. Consultez la liste des meilleures cam girls ici. Dirtyroulette est l\u2019un des sites de webcams en direct les plus populaires en ligne. Vous pouvez regarder des centaines de filles sexy effectuer des actes sexuels en direct comme la masturbation, la fellation, et plus encore. Ce site est tr\u00e8s facile \u00e0 utiliser. Il suffit de s\u2019inscrire et vous pouvez commencer \u00e0 regarder instantan\u00e9ment. Aucun t\u00e9l\u00e9chargement n\u2019est requis, il suffit de s\u2019inscrire et de commencer \u00e0 discuter.<\/p>\n<h2>Cam4<\/h2>\n<p>Cam4 est l\u2019un des sites les plus populaires pour regarder des webcams en direct en ligne. Il y a des milliers et des milliers de belles femmes qui attendent de vous rencontrer en ligne. Tout ce que vous avez \u00e0 faire est de vous inscrire pour un compte gratuit et de commencer \u00e0 parcourir leurs filles webcam.<\/p>\n<p>Vous remarquerez que nous avons diff\u00e9rentes cat\u00e9gories en fonction de ce que vous souhaitez trouver. Qu\u2019il s\u2019agisse d\u2019adolescentes webcam girls, de webcams MILF ou m\u00eame simplement de webcams amateurs, il y en a pour tous les go\u00fbts ici. Parcourez leur site et voyez combien de filles webcam chaudes vous pouvez trouver. Une fois que vous avez trouv\u00e9 le mod\u00e8le \u00e0 qui vous voulez parler, entrez simplement dans son salon de discussion et elle sera pr\u00eate \u00e0 r\u00e9pondre \u00e0 vos questions. Si vous ne savez pas par o\u00f9 commencer, n\u2019h\u00e9sitez pas \u00e0 nous demander quoi que ce soit sur les filles webcam \u00e0 qui vous aimeriez parler. Leur \u00e9quipe de support client est toujours heureuse de vous aider.<\/p>\n<p>La principale raison pour laquelle CAM4 se d\u00e9marque du reste de la concurrence est le fait qu\u2019ils offrent \u00e0 leurs utilisateurs la possibilit\u00e9 d\u2019interagir avec chaque mod\u00e8le pendant leur spectacle en direct. Cette fonctionnalit\u00e9 vous permet de profiter de l\u2019action tout en discutant directement avec les mod\u00e8les. En outre, vous pouvez envoyer des messages texte illimit\u00e9s pendant toute la session, poser des questions sur l\u2019apparence de l\u2019artiste, le type de corps, l\u2019origine ethnique, la couleur des cheveux, l\u2019\u00e2ge et bien d\u2019autres<\/p>\n<h2>Nos conseils<\/h2>\n<p>Tout d\u2019abord, essayez les deux applications que nous avons recommand\u00e9es ci-dessus, si elles ne sont pas pour vous, essayez un autre choix populaire comme Chaturbate.<\/p>\n<p>C\u2019est probablement le plus grand nom du divertissement pour adultes aujourd\u2019hui. Avec plus de 5 millions de visites mensuelles, Chaturbate est la plus grande plateforme de webcams en direct au monde. Ils offrent une vaste gamme de fonctionnalit\u00e9s, y compris des chats vid\u00e9o sexy, des galeries de photos coquines et m\u00eame des s\u00e9ances de sexe en groupe.<\/p>\n","protected":false},"excerpt":{"rendered":"<p>Sex Chat est un type de communication en ligne o\u00f9 les gens s\u2019engagent dans des activit\u00e9s sexuelles tout en communiquant via des messages texte, des &hellip; <\/p>\n","protected":false},"author":1,"featured_media":97,"parent":0,"menu_order":0,"comment_status":"closed","ping_status":"closed","template":"","meta":[],"yoast_head":"<!-- This site is optimized with the Yoast SEO plugin v17.7.1 - https:\/\/yoast.com\/wordpress\/plugins\/seo\/ -->\n<title>Trouver le bon site Jerk Off pour vous: Sexting en ligne - Jerk Dating<\/title>\n<meta name=\"robots\" content=\"index, follow, max-snippet:-1, max-image-preview:large, max-video-preview:-1\" \/>\n<link rel=\"canonical\" href=\"https:\/\/mamasjerkstation.com\/fr\/\" \/>\n<meta property=\"og:locale\" content=\"fr_FR\" \/>\n<meta property=\"og:type\" content=\"article\" \/>\n<meta property=\"og:title\" content=\"Trouver le bon site Jerk Off pour vous: Sexting en ligne - Jerk Dating\" \/>\n<meta property=\"og:description\" content=\"Sex Chat est un type de communication en ligne o\u00f9 les gens s\u2019engagent dans des activit\u00e9s sexuelles tout en communiquant via des messages texte, des &hellip;\" \/>\n<meta property=\"og:url\" content=\"https:\/\/mamasjerkstation.com\/fr\/\" \/>\n<meta property=\"og:site_name\" content=\"Jerk Dating\" \/>\n<meta property=\"article:modified_time\" content=\"2022-08-31T12:03:17+00:00\" \/>\n<meta property=\"og:image\" content=\"https:\/\/mamasjerkstation.com\/wp-content\/uploads\/2022\/08\/sexting-cam-rooms.jpeg\" \/>\n\t<meta property=\"og:image:width\" content=\"1125\" \/>\n\t<meta property=\"og:image:height\" content=\"750\" \/>\n<meta name=\"twitter:card\" content=\"summary_large_image\" \/>\n<meta name=\"twitter:label1\" content=\"Dur\u00e9e de lecture estim\u00e9e\" \/>\n\t<meta name=\"twitter:data1\" content=\"6 minutes\" \/>\n<script type=\"application\/ld+json\" class=\"yoast-schema-graph\">{\"@context\":\"https:\/\/schema.org\",\"@graph\":[{\"@type\":\"WebSite\",\"@id\":\"https:\/\/mamasjerkstation.com\/#website\",\"url\":\"https:\/\/mamasjerkstation.com\/\",\"name\":\"Jerk Dating\",\"description\":\"Online Sex Websites\",\"potentialAction\":[{\"@type\":\"SearchAction\",\"target\":{\"@type\":\"EntryPoint\",\"urlTemplate\":\"https:\/\/mamasjerkstation.com\/?s={search_term_string}\"},\"query-input\":\"required name=search_term_string\"}],\"inLanguage\":\"fr-FR\"},{\"@type\":\"ImageObject\",\"@id\":\"https:\/\/mamasjerkstation.com\/fr\/#primaryimage\",\"inLanguage\":\"fr-FR\",\"url\":\"https:\/\/mamasjerkstation.com\/wp-content\/uploads\/2022\/08\/sexting-cam-rooms.jpeg\",\"contentUrl\":\"https:\/\/mamasjerkstation.com\/wp-content\/uploads\/2022\/08\/sexting-cam-rooms.jpeg\",\"width\":1125,\"height\":750},{\"@type\":\"WebPage\",\"@id\":\"https:\/\/mamasjerkstation.com\/fr\/#webpage\",\"url\":\"https:\/\/mamasjerkstation.com\/fr\/\",\"name\":\"Trouver le bon site Jerk Off pour vous: Sexting en ligne - Jerk Dating\",\"isPartOf\":{\"@id\":\"https:\/\/mamasjerkstation.com\/#website\"},\"primaryImageOfPage\":{\"@id\":\"https:\/\/mamasjerkstation.com\/fr\/#primaryimage\"},\"datePublished\":\"2022-08-19T15:45:46+00:00\",\"dateModified\":\"2022-08-31T12:03:17+00:00\",\"breadcrumb\":{\"@id\":\"https:\/\/mamasjerkstation.com\/fr\/#breadcrumb\"},\"inLanguage\":\"fr-FR\",\"potentialAction\":[{\"@type\":\"ReadAction\",\"target\":[\"https:\/\/mamasjerkstation.com\/fr\/\"]}]},{\"@type\":\"BreadcrumbList\",\"@id\":\"https:\/\/mamasjerkstation.com\/fr\/#breadcrumb\",\"itemListElement\":[{\"@type\":\"ListItem\",\"position\":1,\"name\":\"Home\",\"item\":\"https:\/\/mamasjerkstation.com\/fr\/\"},{\"@type\":\"ListItem\",\"position\":2,\"name\":\"Trouver le bon site Jerk Off pour vous: Sexting en ligne\"}]}]}<\/script>\n<!-- \/ Yoast SEO plugin. -->","yoast_head_json":{"title":"Trouver le bon site Jerk Off pour vous: Sexting en ligne - Jerk Dating","robots":{"index":"index","follow":"follow","max-snippet":"max-snippet:-1","max-image-preview":"max-image-preview:large","max-video-preview":"max-video-preview:-1"},"canonical":"https:\/\/mamasjerkstation.com\/fr\/","og_locale":"fr_FR","og_type":"article","og_title":"Trouver le bon site Jerk Off pour vous: Sexting en ligne - Jerk Dating","og_description":"Sex Chat est un type de communication en ligne o\u00f9 les gens s\u2019engagent dans des activit\u00e9s sexuelles tout en communiquant via des messages texte, des &hellip;","og_url":"https:\/\/mamasjerkstation.com\/fr\/","og_site_name":"Jerk Dating","article_modified_time":"2022-08-31T12:03:17+00:00","og_image":[{"width":1125,"height":750,"url":"https:\/\/mamasjerkstation.com\/wp-content\/uploads\/2022\/08\/sexting-cam-rooms.jpeg","type":"image\/jpeg"}],"twitter_card":"summary_large_image","twitter_misc":{"Dur\u00e9e de lecture estim\u00e9e":"6 minutes"},"schema":{"@context":"https:\/\/schema.org","@graph":[{"@type":"WebSite","@id":"https:\/\/mamasjerkstation.com\/#website","url":"https:\/\/mamasjerkstation.com\/","name":"Jerk Dating","description":"Online Sex Websites","potentialAction":[{"@type":"SearchAction","target":{"@type":"EntryPoint","urlTemplate":"https:\/\/mamasjerkstation.com\/?s={search_term_string}"},"query-input":"required name=search_term_string"}],"inLanguage":"fr-FR"},{"@type":"ImageObject","@id":"https:\/\/mamasjerkstation.com\/fr\/#primaryimage","inLanguage":"fr-FR","url":"https:\/\/mamasjerkstation.com\/wp-content\/uploads\/2022\/08\/sexting-cam-rooms.jpeg","contentUrl":"https:\/\/mamasjerkstation.com\/wp-content\/uploads\/2022\/08\/sexting-cam-rooms.jpeg","width":1125,"height":750},{"@type":"WebPage","@id":"https:\/\/mamasjerkstation.com\/fr\/#webpage","url":"https:\/\/mamasjerkstation.com\/fr\/","name":"Trouver le bon site Jerk Off pour vous: Sexting en ligne - Jerk Dating","isPartOf":{"@id":"https:\/\/mamasjerkstation.com\/#website"},"primaryImageOfPage":{"@id":"https:\/\/mamasjerkstation.com\/fr\/#primaryimage"},"datePublished":"2022-08-19T15:45:46+00:00","dateModified":"2022-08-31T12:03:17+00:00","breadcrumb":{"@id":"https:\/\/mamasjerkstation.com\/fr\/#breadcrumb"},"inLanguage":"fr-FR","potentialAction":[{"@type":"ReadAction","target":["https:\/\/mamasjerkstation.com\/fr\/"]}]},{"@type":"BreadcrumbList","@id":"https:\/\/mamasjerkstation.com\/fr\/#breadcrumb","itemListElement":[{"@type":"ListItem","position":1,"name":"Home","item":"https:\/\/mamasjerkstation.com\/fr\/"},{"@type":"ListItem","position":2,"name":"Trouver le bon site Jerk Off pour vous: Sexting en ligne"}]}]}},"_links":{"self":[{"href":"https:\/\/mamasjerkstation.com\/fr\/wp-json\/wp\/v2\/pages\/239"}],"collection":[{"href":"https:\/\/mamasjerkstation.com\/fr\/wp-json\/wp\/v2\/pages"}],"about":[{"href":"https:\/\/mamasjerkstation.com\/fr\/wp-json\/wp\/v2\/types\/page"}],"author":[{"embeddable":true,"href":"https:\/\/mamasjerkstation.com\/fr\/wp-json\/wp\/v2\/users\/1"}],"replies":[{"embeddable":true,"href":"https:\/\/mamasjerkstation.com\/fr\/wp-json\/wp\/v2\/comments?post=239"}],"version-history":[{"count":1,"href":"https:\/\/mamasjerkstation.com\/fr\/wp-json\/wp\/v2\/pages\/239\/revisions"}],"predecessor-version":[{"id":345,"href":"https:\/\/mamasjerkstation.com\/fr\/wp-json\/wp\/v2\/pages\/239\/revisions\/345"}],"wp:featuredmedia":[{"embeddable":true,"href":"https:\/\/mamasjerkstation.com\/fr\/wp-json\/wp\/v2\/media\/97"}],"wp:attachment":[{"href":"https:\/\/mamasjerkstation.com\/fr\/wp-json\/wp\/v2\/media?parent=239"}],"curies":[{"name":"wp","href":"https:\/\/api.w.org\/{rel}","templated":true}]}}