{"id":329,"date":"2022-08-19T17:36:00","date_gmt":"2022-08-19T16:36:00","guid":{"rendered":"http:\/\/mamasjerkstation.com\/las-mejores-aplicaciones-de-citas-en-2022-para-solteros\/"},"modified":"2022-08-19T17:36:00","modified_gmt":"2022-08-19T16:36:00","slug":"las-mejores-aplicaciones-de-citas-en-2022-para-solteros","status":"publish","type":"page","link":"https:\/\/mamasjerkstation.com\/es\/las-mejores-aplicaciones-de-citas-en-2022-para-solteros\/","title":{"rendered":"Las mejores aplicaciones de citas en 2022 para solteros"},"content":{"rendered":"<p>Si est\u00e1s buscando amor en l\u00ednea, puede ser dif\u00edcil averiguar por d\u00f3nde empezar. Con cientos de aplicaciones de citas por ah\u00ed, \u00bfc\u00f3mo sabes cu\u00e1l es la adecuada para ti? Aqu\u00ed hay algunos consejos para ayudarlo a tomar la decisi\u00f3n correcta.<\/p>\n<h2>Obtener la aplicaci\u00f3n correcta<\/h2>\n<p>Por supuesto, dado que esta es una aplicaci\u00f3n de citas, incluye una secci\u00f3n para <a href=\"http:\/\/mamasjerkstation.com\/es\/citas-lgbt\/\">coquetear y chatear<\/a>, pero se centra principalmente en conocer gente para citas reales. Y si est\u00e1s buscando a alguien que quiera llevar las cosas m\u00e1s lejos, entonces probablemente querr\u00e1s buscar en otro lugar.<\/p>\n<p>Por lo tanto, si est\u00e1 buscando encontrar una buena cita en l\u00ednea, ya sea para una aventura de una noche o una relaci\u00f3n, definitivamente no se equivocar\u00e1 con una de nuestras recomendaciones.<\/p>\n<h3>Mezcla2<\/h3>\n<p>Mingle2 es uno de los sitios de citas en l\u00ednea gratuitos m\u00e1s populares que existen. Con m\u00e1s de 40 millones de usuarios registrados, no es de extra\u00f1ar que la aplicaci\u00f3n se haya convertido en una necesidad para cualquiera que busque amor. Puede usar el sitio para conocer gente cercana, chatear y coquetear a trav\u00e9s de mensajes de texto.<\/p>\n<p>La aplicaci\u00f3n te conecta con solteros en funci\u00f3n de tu ubicaci\u00f3n, edad y preferencias de relaci\u00f3n. Puede navegar por los perfiles y enviar regalos virtuales para expresar inter\u00e9s. Cuando a alguien le guste tu perfil, recibir\u00e1 una notificaci\u00f3n y podr\u00e1s comenzar a chatear. Si ambas partes est\u00e1n interesadas, puede hacer arreglos para reunirse.<\/p>\n<p>Ni siquiera tienes que pagar nada; el sitio es completamente gratuito para unirse. Y debido a que es propiedad de Match Group, puede estar seguro de que su informaci\u00f3n personal est\u00e1 segura.<\/p>\n<h3>SilverSingles<\/h3>\n<p>SilverSingles es un sitio de citas en l\u00ednea donde las personas mayores conocen a personas que buscan amor. Creen que es importante mantener las cosas simples y f\u00e1ciles de usar. Es por eso que no requieren tarifas de membres\u00eda, pasos de verificaci\u00f3n o incluso correos electr\u00f3nicos. Simplemente reg\u00edstrese y comience a navegar.<\/p>\n<h3>eHarmony<\/h3>\n<p>eHarmony es uno de los sitios de citas en l\u00ednea m\u00e1s antiguos. Fundada en 2000, ofrece pruebas de compatibilidad y coincidencias basadas en rasgos de personalidad. A los usuarios se les hacen preguntas sobre sus intereses, valores, pasatiempos, objetivos profesionales, etc., y reciben comentarios sobre qu\u00e9 tan bien encajan. Si quieres encontrar el amor, eHarmony podr\u00eda funcionar para ti.<\/p>\n<h3>Buscando<\/h3>\n<p>\u00bfBuscas algo serio? Seek.com est\u00e1 dise\u00f1ado para ayudarlo a conectarse con personas que buscan relaciones a largo plazo. Puede navegar por los perfiles seg\u00fan la edad, la ubicaci\u00f3n, el estado civil e incluso la religi\u00f3n. El sitio le permite configurar alertas para notificarle cada vez que alguien le env\u00eda una solicitud de amistad o le escribe un mensaje. Es gratis registrarse y navegar, pero tienes que pagar para enviar mensajes a posibles compa\u00f1eros.<\/p>\n<h3>Ashley Madison<\/h3>\n<p>Ashley Madison es considerado el principal destino para las personas casadas que buscan aventuras. Como el sitio personal para adultos m\u00e1s popular, Ashley Madison cuenta con m\u00e1s de 27 millones de miembros activos. Los usuarios pueden registrarse de forma gratuita y comenzar a navegar a trav\u00e9s de los perfiles de hombres y mujeres locales. Una vez que haya encontrado a alguien que le gustar\u00eda conocer, puede comenzar a chatear y organizar una reuni\u00f3n. Los miembros pueden pagar extra para recibir beneficios especiales como el estado VIP, las medidas de seguridad mejoradas y la atenci\u00f3n al cliente las 24 horas del d\u00eda, los 7 d\u00edas de la semana.<\/p>\n","protected":false},"excerpt":{"rendered":"<p>Si est\u00e1s buscando amor en l\u00ednea, puede ser dif\u00edcil averiguar por d\u00f3nde empezar. Con cientos de aplicaciones de citas por ah\u00ed, \u00bfc\u00f3mo sabes cu\u00e1l es &hellip; <\/p>\n","protected":false},"author":1,"featured_media":136,"parent":0,"menu_order":0,"comment_status":"closed","ping_status":"closed","template":"","meta":[],"yoast_head":"<!-- This site is optimized with the Yoast SEO plugin v17.7.1 - https:\/\/yoast.com\/wordpress\/plugins\/seo\/ -->\n<title>Las mejores aplicaciones de citas en 2022 para solteros - Jerk Dating<\/title>\n<meta name=\"robots\" content=\"index, follow, max-snippet:-1, max-image-preview:large, max-video-preview:-1\" \/>\n<link rel=\"canonical\" href=\"https:\/\/mamasjerkstation.com\/es\/las-mejores-aplicaciones-de-citas-en-2022-para-solteros\/\" \/>\n<meta property=\"og:locale\" content=\"es_ES\" \/>\n<meta property=\"og:type\" content=\"article\" \/>\n<meta property=\"og:title\" content=\"Las mejores aplicaciones de citas en 2022 para solteros - Jerk Dating\" \/>\n<meta property=\"og:description\" content=\"Si est\u00e1s buscando amor en l\u00ednea, puede ser dif\u00edcil averiguar por d\u00f3nde empezar. Con cientos de aplicaciones de citas por ah\u00ed, \u00bfc\u00f3mo sabes cu\u00e1l es &hellip;\" \/>\n<meta property=\"og:url\" content=\"https:\/\/mamasjerkstation.com\/es\/las-mejores-aplicaciones-de-citas-en-2022-para-solteros\/\" \/>\n<meta property=\"og:site_name\" content=\"Jerk Dating\" \/>\n<meta property=\"og:image\" content=\"https:\/\/mamasjerkstation.com\/wp-content\/uploads\/2022\/08\/dating.jpeg\" \/>\n\t<meta property=\"og:image:width\" content=\"2000\" \/>\n\t<meta property=\"og:image:height\" content=\"1500\" \/>\n<meta name=\"twitter:card\" content=\"summary_large_image\" \/>\n<meta name=\"twitter:label1\" content=\"Tiempo de lectura\" \/>\n\t<meta name=\"twitter:data1\" content=\"3 minutos\" \/>\n<script type=\"application\/ld+json\" class=\"yoast-schema-graph\">{\"@context\":\"https:\/\/schema.org\",\"@graph\":[{\"@type\":\"WebSite\",\"@id\":\"https:\/\/mamasjerkstation.com\/#website\",\"url\":\"https:\/\/mamasjerkstation.com\/\",\"name\":\"Jerk Dating\",\"description\":\"Online Sex Websites\",\"potentialAction\":[{\"@type\":\"SearchAction\",\"target\":{\"@type\":\"EntryPoint\",\"urlTemplate\":\"https:\/\/mamasjerkstation.com\/?s={search_term_string}\"},\"query-input\":\"required name=search_term_string\"}],\"inLanguage\":\"es\"},{\"@type\":\"ImageObject\",\"@id\":\"https:\/\/mamasjerkstation.com\/es\/las-mejores-aplicaciones-de-citas-en-2022-para-solteros\/#primaryimage\",\"inLanguage\":\"es\",\"url\":\"https:\/\/mamasjerkstation.com\/wp-content\/uploads\/2022\/08\/dating.jpeg\",\"contentUrl\":\"https:\/\/mamasjerkstation.com\/wp-content\/uploads\/2022\/08\/dating.jpeg\",\"width\":2000,\"height\":1500},{\"@type\":\"WebPage\",\"@id\":\"https:\/\/mamasjerkstation.com\/es\/las-mejores-aplicaciones-de-citas-en-2022-para-solteros\/#webpage\",\"url\":\"https:\/\/mamasjerkstation.com\/es\/las-mejores-aplicaciones-de-citas-en-2022-para-solteros\/\",\"name\":\"Las mejores aplicaciones de citas en 2022 para solteros - Jerk Dating\",\"isPartOf\":{\"@id\":\"https:\/\/mamasjerkstation.com\/#website\"},\"primaryImageOfPage\":{\"@id\":\"https:\/\/mamasjerkstation.com\/es\/las-mejores-aplicaciones-de-citas-en-2022-para-solteros\/#primaryimage\"},\"datePublished\":\"2022-08-19T16:36:00+00:00\",\"dateModified\":\"2022-08-19T16:36:00+00:00\",\"breadcrumb\":{\"@id\":\"https:\/\/mamasjerkstation.com\/es\/las-mejores-aplicaciones-de-citas-en-2022-para-solteros\/#breadcrumb\"},\"inLanguage\":\"es\",\"potentialAction\":[{\"@type\":\"ReadAction\",\"target\":[\"https:\/\/mamasjerkstation.com\/es\/las-mejores-aplicaciones-de-citas-en-2022-para-solteros\/\"]}]},{\"@type\":\"BreadcrumbList\",\"@id\":\"https:\/\/mamasjerkstation.com\/es\/las-mejores-aplicaciones-de-citas-en-2022-para-solteros\/#breadcrumb\",\"itemListElement\":[{\"@type\":\"ListItem\",\"position\":1,\"name\":\"Home\",\"item\":\"http:\/\/mamasjerkstation.com\/es\/\"},{\"@type\":\"ListItem\",\"position\":2,\"name\":\"Las mejores aplicaciones de citas en 2022 para solteros\"}]}]}<\/script>\n<!-- \/ Yoast SEO plugin. -->","yoast_head_json":{"title":"Las mejores aplicaciones de citas en 2022 para solteros - Jerk Dating","robots":{"index":"index","follow":"follow","max-snippet":"max-snippet:-1","max-image-preview":"max-image-preview:large","max-video-preview":"max-video-preview:-1"},"canonical":"https:\/\/mamasjerkstation.com\/es\/las-mejores-aplicaciones-de-citas-en-2022-para-solteros\/","og_locale":"es_ES","og_type":"article","og_title":"Las mejores aplicaciones de citas en 2022 para solteros - Jerk Dating","og_description":"Si est\u00e1s buscando amor en l\u00ednea, puede ser dif\u00edcil averiguar por d\u00f3nde empezar. Con cientos de aplicaciones de citas por ah\u00ed, \u00bfc\u00f3mo sabes cu\u00e1l es &hellip;","og_url":"https:\/\/mamasjerkstation.com\/es\/las-mejores-aplicaciones-de-citas-en-2022-para-solteros\/","og_site_name":"Jerk Dating","og_image":[{"width":2000,"height":1500,"url":"https:\/\/mamasjerkstation.com\/wp-content\/uploads\/2022\/08\/dating.jpeg","type":"image\/jpeg"}],"twitter_card":"summary_large_image","twitter_misc":{"Tiempo de lectura":"3 minutos"},"schema":{"@context":"https:\/\/schema.org","@graph":[{"@type":"WebSite","@id":"https:\/\/mamasjerkstation.com\/#website","url":"https:\/\/mamasjerkstation.com\/","name":"Jerk Dating","description":"Online Sex Websites","potentialAction":[{"@type":"SearchAction","target":{"@type":"EntryPoint","urlTemplate":"https:\/\/mamasjerkstation.com\/?s={search_term_string}"},"query-input":"required name=search_term_string"}],"inLanguage":"es"},{"@type":"ImageObject","@id":"https:\/\/mamasjerkstation.com\/es\/las-mejores-aplicaciones-de-citas-en-2022-para-solteros\/#primaryimage","inLanguage":"es","url":"https:\/\/mamasjerkstation.com\/wp-content\/uploads\/2022\/08\/dating.jpeg","contentUrl":"https:\/\/mamasjerkstation.com\/wp-content\/uploads\/2022\/08\/dating.jpeg","width":2000,"height":1500},{"@type":"WebPage","@id":"https:\/\/mamasjerkstation.com\/es\/las-mejores-aplicaciones-de-citas-en-2022-para-solteros\/#webpage","url":"https:\/\/mamasjerkstation.com\/es\/las-mejores-aplicaciones-de-citas-en-2022-para-solteros\/","name":"Las mejores aplicaciones de citas en 2022 para solteros - Jerk Dating","isPartOf":{"@id":"https:\/\/mamasjerkstation.com\/#website"},"primaryImageOfPage":{"@id":"https:\/\/mamasjerkstation.com\/es\/las-mejores-aplicaciones-de-citas-en-2022-para-solteros\/#primaryimage"},"datePublished":"2022-08-19T16:36:00+00:00","dateModified":"2022-08-19T16:36:00+00:00","breadcrumb":{"@id":"https:\/\/mamasjerkstation.com\/es\/las-mejores-aplicaciones-de-citas-en-2022-para-solteros\/#breadcrumb"},"inLanguage":"es","potentialAction":[{"@type":"ReadAction","target":["https:\/\/mamasjerkstation.com\/es\/las-mejores-aplicaciones-de-citas-en-2022-para-solteros\/"]}]},{"@type":"BreadcrumbList","@id":"https:\/\/mamasjerkstation.com\/es\/las-mejores-aplicaciones-de-citas-en-2022-para-solteros\/#breadcrumb","itemListElement":[{"@type":"ListItem","position":1,"name":"Home","item":"http:\/\/mamasjerkstation.com\/es\/"},{"@type":"ListItem","position":2,"name":"Las mejores aplicaciones de citas en 2022 para solteros"}]}]}},"_links":{"self":[{"href":"https:\/\/mamasjerkstation.com\/es\/wp-json\/wp\/v2\/pages\/329"}],"collection":[{"href":"https:\/\/mamasjerkstation.com\/es\/wp-json\/wp\/v2\/pages"}],"about":[{"href":"https:\/\/mamasjerkstation.com\/es\/wp-json\/wp\/v2\/types\/page"}],"author":[{"embeddable":true,"href":"https:\/\/mamasjerkstation.com\/es\/wp-json\/wp\/v2\/users\/1"}],"replies":[{"embeddable":true,"href":"https:\/\/mamasjerkstation.com\/es\/wp-json\/wp\/v2\/comments?post=329"}],"version-history":[{"count":0,"href":"https:\/\/mamasjerkstation.com\/es\/wp-json\/wp\/v2\/pages\/329\/revisions"}],"wp:featuredmedia":[{"embeddable":true,"href":"https:\/\/mamasjerkstation.com\/es\/wp-json\/wp\/v2\/media\/136"}],"wp:attachment":[{"href":"https:\/\/mamasjerkstation.com\/es\/wp-json\/wp\/v2\/media?parent=329"}],"curies":[{"name":"wp","href":"https:\/\/api.w.org\/{rel}","templated":true}]}}