{"id":317,"date":"2022-08-19T18:41:19","date_gmt":"2022-08-19T17:41:19","guid":{"rendered":"http:\/\/mamasjerkstation.com\/salas-de-chat-sexuales\/"},"modified":"2022-08-19T18:41:19","modified_gmt":"2022-08-19T17:41:19","slug":"salas-de-chat-sexuales","status":"publish","type":"page","link":"https:\/\/mamasjerkstation.com\/es\/salas-de-chat-sexuales\/","title":{"rendered":"Salas de chat sexuales"},"content":{"rendered":"<p>\u00a1Meet in Chat es el mejor lugar para encontrar personas reales con las que hablar sucio en l\u00ednea! No creer\u00e1s lo f\u00e1cil que es hacer nuevos amigos aqu\u00ed, y lo divertido que es coquetear con extra\u00f1os. \u00a1Tenemos cientos de chicas sexys esperando para atender tus llamadas!<\/p>\n<p>Nunca eres demasiado viejo o demasiado joven para probar nuestras salas de chat para <a href=\"http:\/\/mamasjerkstation.com\/es\/las-mejores-aplicaciones-de-citas-en-2022-para-solteros\/\">adultos completamente gratuitas<\/a>. \u00a1Simplemente elija una de las categor\u00edas anteriores, inicie sesi\u00f3n en la sala y comience a chatear!<\/p>\n<p>No hay l\u00edmites para lo que puede hacer en nuestras habitaciones, \u00a1solo preg\u00fantenos cualquier cosa! Si quieres saber m\u00e1s sobre los juguetes sexuales, tambi\u00e9n podemos ayudarte all\u00ed. \u00bfQuieres aprender m\u00e1s sobre las t\u00e9cnicas de sexo oral? \u00a1Preg\u00fantanos! \u00bfQuieres saber m\u00e1s sobre BDSM? \u00a1H\u00e1ganoslo saber! \u00a1Nos encanta hablar de todo lo pervertido!<\/p>\n<h2>\u00bfCu\u00e1l es el mejor sitio para usar?<\/h2>\n<p>Estoy seguro de que muchos de nosotros esperamos un futuro mejor en el que ya no tengamos que pagar por la pornograf\u00eda en l\u00ednea. Pero solo porque haya muchos sitios de pornograf\u00eda gratuita excelentes no significa que encontrar uno que funcione bien siempre sea f\u00e1cil. Cuando est\u00e9 buscando un sitio premium que ofrezca video de alta calidad, chicas de c\u00e1mara y chats de c\u00e1mara web en vivo, debe asegurarse de elegir una fuente de buena reputaci\u00f3n.<\/p>\n<h3>Chaturbate<\/h3>\n<p>Chaturbate es uno de los sitios de c\u00e1maras web m\u00e1s populares en l\u00ednea. Si quieres ver algunos videos de sexo en vivo, entonces probablemente ya est\u00e9s familiarizado con \u00e9l. Pero, \u00bfsab\u00edas que hay muchas maneras diferentes de navegar por las chicas de c\u00e1mara? Aqu\u00ed hay tres m\u00e9todos f\u00e1ciles.<\/p>\n<p>Hay miles de chicas de c\u00e1mara en Chaturbate, y cada modelo suele tener varios videoclips donde realiza ciertos actos sexuales. Por ejemplo, si quieres verla masturbarse, puedes mirar debajo de la pesta\u00f1a \u00abmasturbaci\u00f3n\u00bb. Algunas modelos tienen m\u00faltiples videos de masturbaci\u00f3n, mientras que otras tienen solo uno o dos.<\/p>\n<h2>\u00bfTienes que pagar?<\/h2>\n<p>Todos los sitios \/ chicas enumerados anteriormente son completamente gratuitos para navegar, por lo que no tendr\u00e1 que preocuparse por gastar dinero en su contenido. Sin embargo, si prefieres apoyar a las chicas de c\u00e1mara que te gustan, muchas de ellas aceptan consejos a trav\u00e9s de PayPal. Esto hace que sea m\u00e1s f\u00e1cil enviarles dinero directamente desde su navegador. Adem\u00e1s, muchos de los sitios ofrecen descuentos por registrarse para membres\u00edas premium. Por ejemplo, puede registrarse para obtener una membres\u00eda de prueba de un mes por $ 1.99 por d\u00eda, o puede convertirse en miembro VIP por $ 29.95 al mes.<\/p>\n<p>La mayor parte de esto tiene lugar en sitios de c\u00e1maras para adultos. La c\u00e1mara para adultos es la pr\u00e1ctica de participar en chats de c\u00e1mara web a trav\u00e9s de transmisiones de video en vivo. Este tipo de c\u00e1maras web permiten que las personas se vean mientras hablan cara a cara. De hecho, la mayor\u00eda de las personas usan sitios de c\u00e1maras porque no quieren tener que pagar por las llamadas telef\u00f3nicas. Sin embargo, la mayor diferencia entre las salas de chat normales y los sitios de c\u00e1maras es que los sitios de c\u00e1maras requieren registro. Adem\u00e1s de proporcionar video chat de video gratuito, los sitios de c\u00e1maras a menudo ofrecen caracter\u00edsticas adicionales como mensajer\u00eda instant\u00e1nea, chat de texto y correo electr\u00f3nico. Por ejemplo, Chaturbate ofrece video chat gratuito, transmisi\u00f3n en vivo y mensajer\u00eda instant\u00e1nea. Otro sitio popular, My Free Cams, ofrece chat de video gratuito, chat de audio y mensajer\u00eda instant\u00e1nea.<\/p>\n","protected":false},"excerpt":{"rendered":"<p>\u00a1Meet in Chat es el mejor lugar para encontrar personas reales con las que hablar sucio en l\u00ednea! No creer\u00e1s lo f\u00e1cil que es hacer &hellip; <\/p>\n","protected":false},"author":1,"featured_media":151,"parent":0,"menu_order":0,"comment_status":"closed","ping_status":"closed","template":"","meta":[],"yoast_head":"<!-- This site is optimized with the Yoast SEO plugin v17.7.1 - https:\/\/yoast.com\/wordpress\/plugins\/seo\/ -->\n<title>Salas de chat sexuales - Jerk Dating<\/title>\n<meta name=\"robots\" content=\"index, follow, max-snippet:-1, max-image-preview:large, max-video-preview:-1\" \/>\n<link rel=\"canonical\" href=\"https:\/\/mamasjerkstation.com\/es\/salas-de-chat-sexuales\/\" \/>\n<meta property=\"og:locale\" content=\"es_ES\" \/>\n<meta property=\"og:type\" content=\"article\" \/>\n<meta property=\"og:title\" content=\"Salas de chat sexuales - Jerk Dating\" \/>\n<meta property=\"og:description\" content=\"\u00a1Meet in Chat es el mejor lugar para encontrar personas reales con las que hablar sucio en l\u00ednea! No creer\u00e1s lo f\u00e1cil que es hacer &hellip;\" \/>\n<meta property=\"og:url\" content=\"https:\/\/mamasjerkstation.com\/es\/salas-de-chat-sexuales\/\" \/>\n<meta property=\"og:site_name\" content=\"Jerk Dating\" \/>\n<meta property=\"og:image\" content=\"http:\/\/mamasjerkstation.com\/wp-content\/uploads\/2022\/08\/online-sex-sites.jpeg\" \/>\n\t<meta property=\"og:image:width\" content=\"2250\" \/>\n\t<meta property=\"og:image:height\" content=\"1500\" \/>\n<meta name=\"twitter:card\" content=\"summary_large_image\" \/>\n<meta name=\"twitter:label1\" content=\"Tiempo de lectura\" \/>\n\t<meta name=\"twitter:data1\" content=\"3 minutos\" \/>\n<script type=\"application\/ld+json\" class=\"yoast-schema-graph\">{\"@context\":\"https:\/\/schema.org\",\"@graph\":[{\"@type\":\"WebSite\",\"@id\":\"https:\/\/mamasjerkstation.com\/#website\",\"url\":\"https:\/\/mamasjerkstation.com\/\",\"name\":\"Jerk Dating\",\"description\":\"Online Sex Websites\",\"potentialAction\":[{\"@type\":\"SearchAction\",\"target\":{\"@type\":\"EntryPoint\",\"urlTemplate\":\"https:\/\/mamasjerkstation.com\/?s={search_term_string}\"},\"query-input\":\"required name=search_term_string\"}],\"inLanguage\":\"es\"},{\"@type\":\"ImageObject\",\"@id\":\"https:\/\/mamasjerkstation.com\/es\/salas-de-chat-sexuales\/#primaryimage\",\"inLanguage\":\"es\",\"url\":\"https:\/\/mamasjerkstation.com\/wp-content\/uploads\/2022\/08\/online-sex-sites.jpeg\",\"contentUrl\":\"https:\/\/mamasjerkstation.com\/wp-content\/uploads\/2022\/08\/online-sex-sites.jpeg\",\"width\":2250,\"height\":1500},{\"@type\":\"WebPage\",\"@id\":\"https:\/\/mamasjerkstation.com\/es\/salas-de-chat-sexuales\/#webpage\",\"url\":\"https:\/\/mamasjerkstation.com\/es\/salas-de-chat-sexuales\/\",\"name\":\"Salas de chat sexuales - Jerk Dating\",\"isPartOf\":{\"@id\":\"https:\/\/mamasjerkstation.com\/#website\"},\"primaryImageOfPage\":{\"@id\":\"https:\/\/mamasjerkstation.com\/es\/salas-de-chat-sexuales\/#primaryimage\"},\"datePublished\":\"2022-08-19T17:41:19+00:00\",\"dateModified\":\"2022-08-19T17:41:19+00:00\",\"breadcrumb\":{\"@id\":\"https:\/\/mamasjerkstation.com\/es\/salas-de-chat-sexuales\/#breadcrumb\"},\"inLanguage\":\"es\",\"potentialAction\":[{\"@type\":\"ReadAction\",\"target\":[\"https:\/\/mamasjerkstation.com\/es\/salas-de-chat-sexuales\/\"]}]},{\"@type\":\"BreadcrumbList\",\"@id\":\"https:\/\/mamasjerkstation.com\/es\/salas-de-chat-sexuales\/#breadcrumb\",\"itemListElement\":[{\"@type\":\"ListItem\",\"position\":1,\"name\":\"Home\",\"item\":\"http:\/\/mamasjerkstation.com\/es\/\"},{\"@type\":\"ListItem\",\"position\":2,\"name\":\"Salas de chat sexuales\"}]}]}<\/script>\n<!-- \/ Yoast SEO plugin. -->","yoast_head_json":{"title":"Salas de chat sexuales - Jerk Dating","robots":{"index":"index","follow":"follow","max-snippet":"max-snippet:-1","max-image-preview":"max-image-preview:large","max-video-preview":"max-video-preview:-1"},"canonical":"https:\/\/mamasjerkstation.com\/es\/salas-de-chat-sexuales\/","og_locale":"es_ES","og_type":"article","og_title":"Salas de chat sexuales - Jerk Dating","og_description":"\u00a1Meet in Chat es el mejor lugar para encontrar personas reales con las que hablar sucio en l\u00ednea! No creer\u00e1s lo f\u00e1cil que es hacer &hellip;","og_url":"https:\/\/mamasjerkstation.com\/es\/salas-de-chat-sexuales\/","og_site_name":"Jerk Dating","og_image":[{"width":2250,"height":1500,"url":"http:\/\/mamasjerkstation.com\/wp-content\/uploads\/2022\/08\/online-sex-sites.jpeg","type":"image\/jpeg"}],"twitter_card":"summary_large_image","twitter_misc":{"Tiempo de lectura":"3 minutos"},"schema":{"@context":"https:\/\/schema.org","@graph":[{"@type":"WebSite","@id":"https:\/\/mamasjerkstation.com\/#website","url":"https:\/\/mamasjerkstation.com\/","name":"Jerk Dating","description":"Online Sex Websites","potentialAction":[{"@type":"SearchAction","target":{"@type":"EntryPoint","urlTemplate":"https:\/\/mamasjerkstation.com\/?s={search_term_string}"},"query-input":"required name=search_term_string"}],"inLanguage":"es"},{"@type":"ImageObject","@id":"https:\/\/mamasjerkstation.com\/es\/salas-de-chat-sexuales\/#primaryimage","inLanguage":"es","url":"https:\/\/mamasjerkstation.com\/wp-content\/uploads\/2022\/08\/online-sex-sites.jpeg","contentUrl":"https:\/\/mamasjerkstation.com\/wp-content\/uploads\/2022\/08\/online-sex-sites.jpeg","width":2250,"height":1500},{"@type":"WebPage","@id":"https:\/\/mamasjerkstation.com\/es\/salas-de-chat-sexuales\/#webpage","url":"https:\/\/mamasjerkstation.com\/es\/salas-de-chat-sexuales\/","name":"Salas de chat sexuales - Jerk Dating","isPartOf":{"@id":"https:\/\/mamasjerkstation.com\/#website"},"primaryImageOfPage":{"@id":"https:\/\/mamasjerkstation.com\/es\/salas-de-chat-sexuales\/#primaryimage"},"datePublished":"2022-08-19T17:41:19+00:00","dateModified":"2022-08-19T17:41:19+00:00","breadcrumb":{"@id":"https:\/\/mamasjerkstation.com\/es\/salas-de-chat-sexuales\/#breadcrumb"},"inLanguage":"es","potentialAction":[{"@type":"ReadAction","target":["https:\/\/mamasjerkstation.com\/es\/salas-de-chat-sexuales\/"]}]},{"@type":"BreadcrumbList","@id":"https:\/\/mamasjerkstation.com\/es\/salas-de-chat-sexuales\/#breadcrumb","itemListElement":[{"@type":"ListItem","position":1,"name":"Home","item":"http:\/\/mamasjerkstation.com\/es\/"},{"@type":"ListItem","position":2,"name":"Salas de chat sexuales"}]}]}},"_links":{"self":[{"href":"https:\/\/mamasjerkstation.com\/es\/wp-json\/wp\/v2\/pages\/317"}],"collection":[{"href":"https:\/\/mamasjerkstation.com\/es\/wp-json\/wp\/v2\/pages"}],"about":[{"href":"https:\/\/mamasjerkstation.com\/es\/wp-json\/wp\/v2\/types\/page"}],"author":[{"embeddable":true,"href":"https:\/\/mamasjerkstation.com\/es\/wp-json\/wp\/v2\/users\/1"}],"replies":[{"embeddable":true,"href":"https:\/\/mamasjerkstation.com\/es\/wp-json\/wp\/v2\/comments?post=317"}],"version-history":[{"count":0,"href":"https:\/\/mamasjerkstation.com\/es\/wp-json\/wp\/v2\/pages\/317\/revisions"}],"wp:featuredmedia":[{"embeddable":true,"href":"https:\/\/mamasjerkstation.com\/es\/wp-json\/wp\/v2\/media\/151"}],"wp:attachment":[{"href":"https:\/\/mamasjerkstation.com\/es\/wp-json\/wp\/v2\/media?parent=317"}],"curies":[{"name":"wp","href":"https:\/\/api.w.org\/{rel}","templated":true}]}}