{"id":300,"date":"2022-08-19T18:48:22","date_gmt":"2022-08-19T17:48:22","guid":{"rendered":"http:\/\/mamasjerkstation.com\/chatea-con-extranos-en-linea\/"},"modified":"2022-08-19T18:48:22","modified_gmt":"2022-08-19T17:48:22","slug":"chatea-con-extranos-en-linea","status":"publish","type":"page","link":"https:\/\/mamasjerkstation.com\/es\/chatea-con-extranos-en-linea\/","title":{"rendered":"Chatea con extra\u00f1os en l\u00ednea"},"content":{"rendered":"<p>No todas las chicas en esos sitios est\u00e1n buscando sexo. Algunos simplemente est\u00e1n aburridos y quieren hablar con extra\u00f1os. Otros est\u00e1n buscando amigos. Pero a pesar de que no conocer\u00e1s a nadie en ninguno de los sitios, es posible que termines viendo algo que no esperabas.<\/p>\n<h2>Sitios de c\u00e1mara o salas de chat<\/h2>\n<p>Si est\u00e1s buscando un lugar donde puedas conocer chicas reales en l\u00ednea, es probable que te hayan decepcionado las opciones que existen. El problema es que encontrar un buen sitio no es f\u00e1cil. Hay toneladas de salas de chat porno gratuitas por ah\u00ed, pero la mayor\u00eda de ellas est\u00e1n llenas de bots en lugar de humanos. Y si bien es cierto que los sitios de pago como MyFreeCams ofrecen chicas de c\u00e1mara genuinas, esos modelos no siempre est\u00e1n activos o dispuestos a interactuar con los visitantes.<\/p>\n<p>Recorrimos la web en busca de los mejores sitios de chat de sexo, y los encontramos todos. Entonces, ya sea que desee chatear con MILF, adolescentes, BDSM o incluso parejas, nuestra lista tiene todo lo que pueda necesitar. Hay muchos tipos diferentes de habitaciones para elegir, cada una de las cuales atiende a necesidades y deseos espec\u00edficos. Algunas personas prefieren chatear con extra\u00f1os, mientras que otras disfrutan conocer a alguien que ya conocen. A algunas personas les encanta hablar sucio, mientras que otras simplemente quieren hablar de cualquier otra cosa que no sea sexo.<\/p>\n<h2>Aplicaciones de citas<\/h2>\n<p>Hay <a href=\"http:\/\/mamasjerkstation.com\/es\/citas-lgbt\/\">muchas plataformas de citas en l\u00ednea<\/a> por ah\u00ed, pero una vez que haya encontrado una que funcione para usted, probablemente se quedar\u00e1 con ella por un tiempo. Pero, \u00bfqu\u00e9 sucede cuando est\u00e1s listo para seguir adelante y probar otra cosa? Si est\u00e1 buscando una buena aplicaci\u00f3n de conexi\u00f3n, aqu\u00ed est\u00e1 todo lo que necesita saber. Hay literalmente miles de aplicaciones y sitios web de citas diferentes por ah\u00ed, y aunque pueda pensar que sabe lo que est\u00e1 haciendo, es probable que f\u00e1cilmente termine perdiendo horas y horas de su vida buscando algo que ni siquiera est\u00e1 all\u00ed. Entonces, ya sea que est\u00e9 buscando conexiones casuales, relaciones a largo plazo o tal vez incluso matrimonio, lo tenemos cubierto. De hecho, hemos compilado una lista de las mejores salas de chat de sexo en la actualidad, para que finalmente pueda dejar de preocuparse por no tener suerte con las citas en l\u00ednea.<\/p>\n<p><strong>Qu\u00e9 buscar en los sitios de citas:<\/strong><\/p>\n<h3>Caracter\u00edsticas de seguridad<\/h3>\n<p>Los sitios de conexi\u00f3n generalmente ofrecen caracter\u00edsticas de seguridad para protegerse contra estafadores, piratas inform\u00e1ticos y ladrones de identidad. Estos incluyen m\u00e9todos de verificaci\u00f3n como la confirmaci\u00f3n de la direcci\u00f3n de correo electr\u00f3nico y la verificaci\u00f3n del n\u00famero de tel\u00e9fono. A menudo tambi\u00e9n le pedir\u00e1n informaci\u00f3n adicional sobre usted, incluida su edad y ubicaci\u00f3n, antes de permitirle el acceso. Si ves algo sospechoso, es muy probable que el sitio no valga la pena.<\/p>\n<h3>Perfiles verificados<\/h3>\n<p>Cuando te registres en una aplicaci\u00f3n o sitio de conexi\u00f3n, aseg\u00farate de verificar tu perfil. Esto asegura que lo que pones en papel coincida con lo que est\u00e1 archivado en el sitio. La mayor\u00eda de los sitios de conexi\u00f3n te permiten subir una foto tuya, lo que ayuda a confirmar que eres real. No deber\u00eda tener que pagar para verificar su cuenta, pero algunos sitios cobran tarifas adicionales por la verificaci\u00f3n.<\/p>\n<h3>Protecci\u00f3n contra estafas<\/h3>\n<p>La mayor\u00eda de los sitios de conexi\u00f3n tienen formas de prevenir la actividad fraudulenta. Por ejemplo, muchos sitios proh\u00edben ciertos tipos de cuentas, como las utilizadas por bots y estafadores. Otros limitan la cantidad de informaci\u00f3n de la tarjeta de cr\u00e9dito que puede usar para depositar fondos en su cuenta. Otros te avisan si alguien intenta estafarte. Busque signos de fraude y evite dar informaci\u00f3n personal a menos que se sienta c\u00f3modo haci\u00e9ndolo.<\/p>\n","protected":false},"excerpt":{"rendered":"<p>No todas las chicas en esos sitios est\u00e1n buscando sexo. Algunos simplemente est\u00e1n aburridos y quieren hablar con extra\u00f1os. Otros est\u00e1n buscando amigos. Pero a &hellip; <\/p>\n","protected":false},"author":1,"featured_media":166,"parent":0,"menu_order":0,"comment_status":"closed","ping_status":"closed","template":"","meta":[],"yoast_head":"<!-- This site is optimized with the Yoast SEO plugin v17.7.1 - https:\/\/yoast.com\/wordpress\/plugins\/seo\/ -->\n<title>Chatea con extra\u00f1os en l\u00ednea - Jerk Dating<\/title>\n<meta name=\"robots\" content=\"index, follow, max-snippet:-1, max-image-preview:large, max-video-preview:-1\" \/>\n<link rel=\"canonical\" href=\"https:\/\/mamasjerkstation.com\/es\/chatea-con-extranos-en-linea\/\" \/>\n<meta property=\"og:locale\" content=\"es_ES\" \/>\n<meta property=\"og:type\" content=\"article\" \/>\n<meta property=\"og:title\" content=\"Chatea con extra\u00f1os en l\u00ednea - Jerk Dating\" \/>\n<meta property=\"og:description\" content=\"No todas las chicas en esos sitios est\u00e1n buscando sexo. Algunos simplemente est\u00e1n aburridos y quieren hablar con extra\u00f1os. Otros est\u00e1n buscando amigos. Pero a &hellip;\" \/>\n<meta property=\"og:url\" content=\"https:\/\/mamasjerkstation.com\/es\/chatea-con-extranos-en-linea\/\" \/>\n<meta property=\"og:site_name\" content=\"Jerk Dating\" \/>\n<meta property=\"og:image\" content=\"http:\/\/mamasjerkstation.com\/wp-content\/uploads\/2022\/08\/hookups.jpeg\" \/>\n\t<meta property=\"og:image:width\" content=\"500\" \/>\n\t<meta property=\"og:image:height\" content=\"333\" \/>\n<meta name=\"twitter:card\" content=\"summary_large_image\" \/>\n<meta name=\"twitter:label1\" content=\"Tiempo de lectura\" \/>\n\t<meta name=\"twitter:data1\" content=\"3 minutos\" \/>\n<script type=\"application\/ld+json\" class=\"yoast-schema-graph\">{\"@context\":\"https:\/\/schema.org\",\"@graph\":[{\"@type\":\"WebSite\",\"@id\":\"https:\/\/mamasjerkstation.com\/#website\",\"url\":\"https:\/\/mamasjerkstation.com\/\",\"name\":\"Jerk Dating\",\"description\":\"Online Sex Websites\",\"potentialAction\":[{\"@type\":\"SearchAction\",\"target\":{\"@type\":\"EntryPoint\",\"urlTemplate\":\"https:\/\/mamasjerkstation.com\/?s={search_term_string}\"},\"query-input\":\"required name=search_term_string\"}],\"inLanguage\":\"es\"},{\"@type\":\"ImageObject\",\"@id\":\"https:\/\/mamasjerkstation.com\/es\/chatea-con-extranos-en-linea\/#primaryimage\",\"inLanguage\":\"es\",\"url\":\"https:\/\/mamasjerkstation.com\/wp-content\/uploads\/2022\/08\/hookups.jpeg\",\"contentUrl\":\"https:\/\/mamasjerkstation.com\/wp-content\/uploads\/2022\/08\/hookups.jpeg\",\"width\":500,\"height\":333},{\"@type\":\"WebPage\",\"@id\":\"https:\/\/mamasjerkstation.com\/es\/chatea-con-extranos-en-linea\/#webpage\",\"url\":\"https:\/\/mamasjerkstation.com\/es\/chatea-con-extranos-en-linea\/\",\"name\":\"Chatea con extra\\u00f1os en l\\u00ednea - Jerk Dating\",\"isPartOf\":{\"@id\":\"https:\/\/mamasjerkstation.com\/#website\"},\"primaryImageOfPage\":{\"@id\":\"https:\/\/mamasjerkstation.com\/es\/chatea-con-extranos-en-linea\/#primaryimage\"},\"datePublished\":\"2022-08-19T17:48:22+00:00\",\"dateModified\":\"2022-08-19T17:48:22+00:00\",\"breadcrumb\":{\"@id\":\"https:\/\/mamasjerkstation.com\/es\/chatea-con-extranos-en-linea\/#breadcrumb\"},\"inLanguage\":\"es\",\"potentialAction\":[{\"@type\":\"ReadAction\",\"target\":[\"https:\/\/mamasjerkstation.com\/es\/chatea-con-extranos-en-linea\/\"]}]},{\"@type\":\"BreadcrumbList\",\"@id\":\"https:\/\/mamasjerkstation.com\/es\/chatea-con-extranos-en-linea\/#breadcrumb\",\"itemListElement\":[{\"@type\":\"ListItem\",\"position\":1,\"name\":\"Home\",\"item\":\"http:\/\/mamasjerkstation.com\/es\/\"},{\"@type\":\"ListItem\",\"position\":2,\"name\":\"Chatea con extra\\u00f1os en l\\u00ednea\"}]}]}<\/script>\n<!-- \/ Yoast SEO plugin. -->","yoast_head_json":{"title":"Chatea con extra\u00f1os en l\u00ednea - Jerk Dating","robots":{"index":"index","follow":"follow","max-snippet":"max-snippet:-1","max-image-preview":"max-image-preview:large","max-video-preview":"max-video-preview:-1"},"canonical":"https:\/\/mamasjerkstation.com\/es\/chatea-con-extranos-en-linea\/","og_locale":"es_ES","og_type":"article","og_title":"Chatea con extra\u00f1os en l\u00ednea - Jerk Dating","og_description":"No todas las chicas en esos sitios est\u00e1n buscando sexo. Algunos simplemente est\u00e1n aburridos y quieren hablar con extra\u00f1os. Otros est\u00e1n buscando amigos. Pero a &hellip;","og_url":"https:\/\/mamasjerkstation.com\/es\/chatea-con-extranos-en-linea\/","og_site_name":"Jerk Dating","og_image":[{"width":500,"height":333,"url":"http:\/\/mamasjerkstation.com\/wp-content\/uploads\/2022\/08\/hookups.jpeg","type":"image\/jpeg"}],"twitter_card":"summary_large_image","twitter_misc":{"Tiempo de lectura":"3 minutos"},"schema":{"@context":"https:\/\/schema.org","@graph":[{"@type":"WebSite","@id":"https:\/\/mamasjerkstation.com\/#website","url":"https:\/\/mamasjerkstation.com\/","name":"Jerk Dating","description":"Online Sex Websites","potentialAction":[{"@type":"SearchAction","target":{"@type":"EntryPoint","urlTemplate":"https:\/\/mamasjerkstation.com\/?s={search_term_string}"},"query-input":"required name=search_term_string"}],"inLanguage":"es"},{"@type":"ImageObject","@id":"https:\/\/mamasjerkstation.com\/es\/chatea-con-extranos-en-linea\/#primaryimage","inLanguage":"es","url":"https:\/\/mamasjerkstation.com\/wp-content\/uploads\/2022\/08\/hookups.jpeg","contentUrl":"https:\/\/mamasjerkstation.com\/wp-content\/uploads\/2022\/08\/hookups.jpeg","width":500,"height":333},{"@type":"WebPage","@id":"https:\/\/mamasjerkstation.com\/es\/chatea-con-extranos-en-linea\/#webpage","url":"https:\/\/mamasjerkstation.com\/es\/chatea-con-extranos-en-linea\/","name":"Chatea con extra\u00f1os en l\u00ednea - Jerk Dating","isPartOf":{"@id":"https:\/\/mamasjerkstation.com\/#website"},"primaryImageOfPage":{"@id":"https:\/\/mamasjerkstation.com\/es\/chatea-con-extranos-en-linea\/#primaryimage"},"datePublished":"2022-08-19T17:48:22+00:00","dateModified":"2022-08-19T17:48:22+00:00","breadcrumb":{"@id":"https:\/\/mamasjerkstation.com\/es\/chatea-con-extranos-en-linea\/#breadcrumb"},"inLanguage":"es","potentialAction":[{"@type":"ReadAction","target":["https:\/\/mamasjerkstation.com\/es\/chatea-con-extranos-en-linea\/"]}]},{"@type":"BreadcrumbList","@id":"https:\/\/mamasjerkstation.com\/es\/chatea-con-extranos-en-linea\/#breadcrumb","itemListElement":[{"@type":"ListItem","position":1,"name":"Home","item":"http:\/\/mamasjerkstation.com\/es\/"},{"@type":"ListItem","position":2,"name":"Chatea con extra\u00f1os en l\u00ednea"}]}]}},"_links":{"self":[{"href":"https:\/\/mamasjerkstation.com\/es\/wp-json\/wp\/v2\/pages\/300"}],"collection":[{"href":"https:\/\/mamasjerkstation.com\/es\/wp-json\/wp\/v2\/pages"}],"about":[{"href":"https:\/\/mamasjerkstation.com\/es\/wp-json\/wp\/v2\/types\/page"}],"author":[{"embeddable":true,"href":"https:\/\/mamasjerkstation.com\/es\/wp-json\/wp\/v2\/users\/1"}],"replies":[{"embeddable":true,"href":"https:\/\/mamasjerkstation.com\/es\/wp-json\/wp\/v2\/comments?post=300"}],"version-history":[{"count":0,"href":"https:\/\/mamasjerkstation.com\/es\/wp-json\/wp\/v2\/pages\/300\/revisions"}],"wp:featuredmedia":[{"embeddable":true,"href":"https:\/\/mamasjerkstation.com\/es\/wp-json\/wp\/v2\/media\/166"}],"wp:attachment":[{"href":"https:\/\/mamasjerkstation.com\/es\/wp-json\/wp\/v2\/media?parent=300"}],"curies":[{"name":"wp","href":"https:\/\/api.w.org\/{rel}","templated":true}]}}