{"id":296,"date":"2022-08-19T18:51:33","date_gmt":"2022-08-19T17:51:33","guid":{"rendered":"http:\/\/mamasjerkstation.com\/citas-lgbt\/"},"modified":"2022-08-19T18:51:33","modified_gmt":"2022-08-19T17:51:33","slug":"citas-lgbt","status":"publish","type":"page","link":"https:\/\/mamasjerkstation.com\/es\/citas-lgbt\/","title":{"rendered":"Citas LGBT+"},"content":{"rendered":"<p>Cuando buscas una buena aplicaci\u00f3n de conexi\u00f3n, quieres algo que te d\u00e9 acceso a muchas personas diferentes. No necesariamente quieres pagar por cada persona que conoces.<\/p>\n<h2>Aqu\u00ed est\u00e1n nuestros 3 mejores consejos para usar aplicaciones de citas LGBT:<\/h2>\n<h3>Soporte m\u00f3vil<\/h3>\n<p>Probablemente usar\u00e1 su tel\u00e9fono con mayor frecuencia mientras <a href=\"http:\/\/mamasjerkstation.com\/es\/encuentra-sexo-casual-cerca-de-ti\/\">busca una cita<\/a>, especialmente porque muchas aplicaciones de conexi\u00f3n ofrecen una versi\u00f3n gratuita que le permite navegar por perfiles y enviar mensajes. Pero aseg\u00farese de que la aplicaci\u00f3n funcione bien en dispositivos iOS y Android. No todo el mundo usa iPhones o Androids, por lo que la compatibilidad es importante. Si decide descargar la aplicaci\u00f3n completa, busque revisiones que mencionen lo f\u00e1cil que es navegar y si las personas tuvieron problemas para iniciar sesi\u00f3n.<\/p>\n<h3>Ux<\/h3>\n<p>El dise\u00f1o de la aplicaci\u00f3n en s\u00ed no es importante, pero es posible que desee probar algunos diferentes antes de decidirse por uno. Algunas aplicaciones se centran en hacer coincidir a las personas en funci\u00f3n de la ubicaci\u00f3n, mientras que otras te permiten filtrar por rango de edad o g\u00e9nero. Aseg\u00farate de que te gusta la forma en que se ve y se siente la aplicaci\u00f3n. No hay nada peor que tener un gran partido esper\u00e1ndote, solo para descubrir que en realidad no existe.<\/p>\n<h3>Sistema de emparejamiento<\/h3>\n<p>\u00bfC\u00f3mo determina la aplicaci\u00f3n qu\u00e9 personas son similares entre s\u00ed? \u00bfSe basa en amigos en com\u00fan? \u00bfUn inter\u00e9s compartido en la m\u00fasica o los libros? \u00bfO tal vez solo encuentra personas que viven cerca unas de otras? \u00bfCu\u00e1nto peso se le da a cada factor? Estos factores afectan la cantidad de personas que aparecen en su feed y la probabilidad de que se conecte con ellos.<\/p>\n<h2>Sentido<\/h2>\n<p>Feeld es una de las mejores aplicaciones de conexi\u00f3n. Con m\u00e1s de 10 millones de descargas, atiende a personas que buscan sexo casual y \/ o simplemente algo de diversi\u00f3n. Esta aplicaci\u00f3n es ideal para aquellos que son solteros, heterosexuales, gays, bi, trans, lesbianas, queer, pansexuales, poliamorosos, etc.<\/p>\n<p>La aplicaci\u00f3n funciona como Tinder, donde deslizas el dedo hacia la izquierda para pasar y hacia la derecha para que coincida. Puede elegir si desea ver fotos o no. Si decide ver im\u00e1genes, hay filtros como g\u00e9nero, edad, etnia, tipo de cuerpo, orientaci\u00f3n sexual, estado civil, preferencias de fumar, altura, color de cabello, color de ojos, religi\u00f3n, opiniones pol\u00edticas, ocupaci\u00f3n, nivel de educaci\u00f3n, ingresos e incluso tatuajes y piercings. Tambi\u00e9n puede agregar intereses y pasatiempos. Por ejemplo, me interesan los deportes, la comida, la m\u00fasica, el arte, los viajes y el fitness. Cuando alguien me env\u00eda una solicitud, puedo aceptarla o rechazarla. Si ambos estamos de acuerdo en reunirnos, podemos establecer una fecha y un lugar.<\/p>\n<p>Si decides salir con alguien, puedes chatear con \u00e9l o ella a trav\u00e9s de mensajes de texto o videollamadas. No hay presi\u00f3n para reunirse. Tambi\u00e9n puede enviar regalos, flores, chocolates y mucho m\u00e1s. Hay muchas caracter\u00edsticas en esta aplicaci\u00f3n, incluida la capacidad de hacer amigos, encontrar fechas, navegar por perfiles y ver coincidencias mutuas. Tambi\u00e9n puede bloquear a ciertos usuarios.<\/p>\n<h2>Su<\/h2>\n<p>HER es la aplicaci\u00f3n de citas gratuita m\u00e1s grande del mundo para lesbianas y mujeres bisexuales. Con m\u00e1s de 50 millones de miembros en todo el mundo, no hay escasez de opciones. Pero, \u00bfqu\u00e9 hace que HER se destaque entre la multitud? Aqu\u00ed hay tres razones por las que nos encanta.<\/p>\n<h3>Eventos y noticias locales<\/h3>\n<p>La aplicaci\u00f3n comparte noticias LGBTQ +, incluidos eventos locales y espacios seguros donde puedes conocer gente cercana. Incluso puede encontrar eventos cerca de lugares como bares y clubes, lo que facilita la b\u00fasqueda de una cita.<\/p>\n<h3>Espacios seguros<\/h3>\n<p>Si desea tener una cita sin preocuparse por ser acosado, agredido o discriminado, HER proporciona un espacio seguro para todos. Al igual que en la vida real, no tienes que preocuparte por tener que \u00absalir\u00bb con alguien. Si te sientes nervioso por conocer a alguien nuevo, simplemente habla con otras personas en l\u00ednea o p\u00eddele a un amigo que te presente.<\/p>\n<h3>Buscador de tr\u00edos<\/h3>\n<p>\u00bfSabes c\u00f3mo a veces sientes que realmente te gustar\u00eda probar algo diferente? Bueno, puedes hacerlo aqu\u00ed. Si bien la mayor\u00eda de las aplicaciones requieren que declare expl\u00edcitamente que desea conectarse, HER le permite establecer citas con otras personas en funci\u00f3n de intereses mutuos. De esta manera, nadie se queda fuera.<\/p>\n","protected":false},"excerpt":{"rendered":"<p>Cuando buscas una buena aplicaci\u00f3n de conexi\u00f3n, quieres algo que te d\u00e9 acceso a muchas personas diferentes. No necesariamente quieres pagar por cada persona que &hellip; <\/p>\n","protected":false},"author":1,"featured_media":91,"parent":0,"menu_order":0,"comment_status":"closed","ping_status":"closed","template":"","meta":[],"yoast_head":"<!-- This site is optimized with the Yoast SEO plugin v17.7.1 - https:\/\/yoast.com\/wordpress\/plugins\/seo\/ -->\n<title>Citas LGBT+ - Jerk Dating<\/title>\n<meta name=\"robots\" content=\"index, follow, max-snippet:-1, max-image-preview:large, max-video-preview:-1\" \/>\n<link rel=\"canonical\" href=\"https:\/\/mamasjerkstation.com\/es\/citas-lgbt\/\" \/>\n<meta property=\"og:locale\" content=\"es_ES\" \/>\n<meta property=\"og:type\" content=\"article\" \/>\n<meta property=\"og:title\" content=\"Citas LGBT+ - Jerk Dating\" \/>\n<meta property=\"og:description\" content=\"Cuando buscas una buena aplicaci\u00f3n de conexi\u00f3n, quieres algo que te d\u00e9 acceso a muchas personas diferentes. No necesariamente quieres pagar por cada persona que &hellip;\" \/>\n<meta property=\"og:url\" content=\"https:\/\/mamasjerkstation.com\/es\/citas-lgbt\/\" \/>\n<meta property=\"og:site_name\" content=\"Jerk Dating\" \/>\n<meta property=\"og:image\" content=\"http:\/\/mamasjerkstation.com\/wp-content\/uploads\/2022\/08\/cam-sites.jpeg\" \/>\n\t<meta property=\"og:image:width\" content=\"1125\" \/>\n\t<meta property=\"og:image:height\" content=\"750\" \/>\n<meta name=\"twitter:card\" content=\"summary_large_image\" \/>\n<meta name=\"twitter:label1\" content=\"Tiempo de lectura\" \/>\n\t<meta name=\"twitter:data1\" content=\"4 minutos\" \/>\n<script type=\"application\/ld+json\" class=\"yoast-schema-graph\">{\"@context\":\"https:\/\/schema.org\",\"@graph\":[{\"@type\":\"WebSite\",\"@id\":\"https:\/\/mamasjerkstation.com\/#website\",\"url\":\"https:\/\/mamasjerkstation.com\/\",\"name\":\"Jerk Dating\",\"description\":\"Online Sex Websites\",\"potentialAction\":[{\"@type\":\"SearchAction\",\"target\":{\"@type\":\"EntryPoint\",\"urlTemplate\":\"https:\/\/mamasjerkstation.com\/?s={search_term_string}\"},\"query-input\":\"required name=search_term_string\"}],\"inLanguage\":\"es\"},{\"@type\":\"ImageObject\",\"@id\":\"https:\/\/mamasjerkstation.com\/es\/citas-lgbt\/#primaryimage\",\"inLanguage\":\"es\",\"url\":\"https:\/\/mamasjerkstation.com\/wp-content\/uploads\/2022\/08\/cam-sites.jpeg\",\"contentUrl\":\"https:\/\/mamasjerkstation.com\/wp-content\/uploads\/2022\/08\/cam-sites.jpeg\",\"width\":1125,\"height\":750},{\"@type\":\"WebPage\",\"@id\":\"https:\/\/mamasjerkstation.com\/es\/citas-lgbt\/#webpage\",\"url\":\"https:\/\/mamasjerkstation.com\/es\/citas-lgbt\/\",\"name\":\"Citas LGBT+ - Jerk Dating\",\"isPartOf\":{\"@id\":\"https:\/\/mamasjerkstation.com\/#website\"},\"primaryImageOfPage\":{\"@id\":\"https:\/\/mamasjerkstation.com\/es\/citas-lgbt\/#primaryimage\"},\"datePublished\":\"2022-08-19T17:51:33+00:00\",\"dateModified\":\"2022-08-19T17:51:33+00:00\",\"breadcrumb\":{\"@id\":\"https:\/\/mamasjerkstation.com\/es\/citas-lgbt\/#breadcrumb\"},\"inLanguage\":\"es\",\"potentialAction\":[{\"@type\":\"ReadAction\",\"target\":[\"https:\/\/mamasjerkstation.com\/es\/citas-lgbt\/\"]}]},{\"@type\":\"BreadcrumbList\",\"@id\":\"https:\/\/mamasjerkstation.com\/es\/citas-lgbt\/#breadcrumb\",\"itemListElement\":[{\"@type\":\"ListItem\",\"position\":1,\"name\":\"Home\",\"item\":\"http:\/\/mamasjerkstation.com\/es\/\"},{\"@type\":\"ListItem\",\"position\":2,\"name\":\"Citas LGBT+\"}]}]}<\/script>\n<!-- \/ Yoast SEO plugin. -->","yoast_head_json":{"title":"Citas LGBT+ - Jerk Dating","robots":{"index":"index","follow":"follow","max-snippet":"max-snippet:-1","max-image-preview":"max-image-preview:large","max-video-preview":"max-video-preview:-1"},"canonical":"https:\/\/mamasjerkstation.com\/es\/citas-lgbt\/","og_locale":"es_ES","og_type":"article","og_title":"Citas LGBT+ - Jerk Dating","og_description":"Cuando buscas una buena aplicaci\u00f3n de conexi\u00f3n, quieres algo que te d\u00e9 acceso a muchas personas diferentes. No necesariamente quieres pagar por cada persona que &hellip;","og_url":"https:\/\/mamasjerkstation.com\/es\/citas-lgbt\/","og_site_name":"Jerk Dating","og_image":[{"width":1125,"height":750,"url":"http:\/\/mamasjerkstation.com\/wp-content\/uploads\/2022\/08\/cam-sites.jpeg","type":"image\/jpeg"}],"twitter_card":"summary_large_image","twitter_misc":{"Tiempo de lectura":"4 minutos"},"schema":{"@context":"https:\/\/schema.org","@graph":[{"@type":"WebSite","@id":"https:\/\/mamasjerkstation.com\/#website","url":"https:\/\/mamasjerkstation.com\/","name":"Jerk Dating","description":"Online Sex Websites","potentialAction":[{"@type":"SearchAction","target":{"@type":"EntryPoint","urlTemplate":"https:\/\/mamasjerkstation.com\/?s={search_term_string}"},"query-input":"required name=search_term_string"}],"inLanguage":"es"},{"@type":"ImageObject","@id":"https:\/\/mamasjerkstation.com\/es\/citas-lgbt\/#primaryimage","inLanguage":"es","url":"https:\/\/mamasjerkstation.com\/wp-content\/uploads\/2022\/08\/cam-sites.jpeg","contentUrl":"https:\/\/mamasjerkstation.com\/wp-content\/uploads\/2022\/08\/cam-sites.jpeg","width":1125,"height":750},{"@type":"WebPage","@id":"https:\/\/mamasjerkstation.com\/es\/citas-lgbt\/#webpage","url":"https:\/\/mamasjerkstation.com\/es\/citas-lgbt\/","name":"Citas LGBT+ - Jerk Dating","isPartOf":{"@id":"https:\/\/mamasjerkstation.com\/#website"},"primaryImageOfPage":{"@id":"https:\/\/mamasjerkstation.com\/es\/citas-lgbt\/#primaryimage"},"datePublished":"2022-08-19T17:51:33+00:00","dateModified":"2022-08-19T17:51:33+00:00","breadcrumb":{"@id":"https:\/\/mamasjerkstation.com\/es\/citas-lgbt\/#breadcrumb"},"inLanguage":"es","potentialAction":[{"@type":"ReadAction","target":["https:\/\/mamasjerkstation.com\/es\/citas-lgbt\/"]}]},{"@type":"BreadcrumbList","@id":"https:\/\/mamasjerkstation.com\/es\/citas-lgbt\/#breadcrumb","itemListElement":[{"@type":"ListItem","position":1,"name":"Home","item":"http:\/\/mamasjerkstation.com\/es\/"},{"@type":"ListItem","position":2,"name":"Citas LGBT+"}]}]}},"_links":{"self":[{"href":"https:\/\/mamasjerkstation.com\/es\/wp-json\/wp\/v2\/pages\/296"}],"collection":[{"href":"https:\/\/mamasjerkstation.com\/es\/wp-json\/wp\/v2\/pages"}],"about":[{"href":"https:\/\/mamasjerkstation.com\/es\/wp-json\/wp\/v2\/types\/page"}],"author":[{"embeddable":true,"href":"https:\/\/mamasjerkstation.com\/es\/wp-json\/wp\/v2\/users\/1"}],"replies":[{"embeddable":true,"href":"https:\/\/mamasjerkstation.com\/es\/wp-json\/wp\/v2\/comments?post=296"}],"version-history":[{"count":0,"href":"https:\/\/mamasjerkstation.com\/es\/wp-json\/wp\/v2\/pages\/296\/revisions"}],"wp:featuredmedia":[{"embeddable":true,"href":"https:\/\/mamasjerkstation.com\/es\/wp-json\/wp\/v2\/media\/91"}],"wp:attachment":[{"href":"https:\/\/mamasjerkstation.com\/es\/wp-json\/wp\/v2\/media?parent=296"}],"curies":[{"name":"wp","href":"https:\/\/api.w.org\/{rel}","templated":true}]}}