{"id":278,"date":"2022-08-19T19:01:00","date_gmt":"2022-08-19T18:01:00","guid":{"rendered":"http:\/\/mamasjerkstation.com\/encuentra-sexo-casual-cerca-de-ti\/"},"modified":"2022-08-19T19:01:00","modified_gmt":"2022-08-19T18:01:00","slug":"encuentra-sexo-casual-cerca-de-ti","status":"publish","type":"page","link":"https:\/\/mamasjerkstation.com\/es\/encuentra-sexo-casual-cerca-de-ti\/","title":{"rendered":"Encuentra sexo casual cerca de ti"},"content":{"rendered":"<p>Si desea encontrar sexo casual en su \u00e1rea, hay algunas cosas que probablemente querr\u00e1 considerar. En primer lugar, aseg\u00farese de saber qu\u00e9 tipo de experiencia est\u00e1 buscando. Si solo est\u00e1s buscando conocer a un amigo de mierda, ve a una de las muchas aplicaciones de citas que existen.<\/p>\n<p>Le recomendamos que pruebe algunos sitios diferentes de nuestra lista y vea cu\u00e1l funciona para usted. Nadie quiere pasar horas deslizando a trav\u00e9s de un sinf\u00edn de perfiles solo para encontrarse con un extra\u00f1o. As\u00ed que hemos reunido algunos consejos para ayudarlo a navegar por el mundo de las citas en l\u00ednea de manera segura.<\/p>\n<h2>Nuestras mejores selecciones para el sexo casual<\/h2>\n<p>Si desea cortar toda la basura en l\u00ednea con <a href=\"http:\/\/mamasjerkstation.com\/es\/consejos-de-citas-de-sugar\/\">aplicaciones de citas<\/a>, le sugerimos que pruebe algunas de nuestra lista. Te ayudar\u00e1n a encontrar el tipo de relaci\u00f3n que deseas.<\/p>\n<p>Hemos tenido en cuenta la experiencia personal, las opiniones de los usuarios, las caracter\u00edsticas de seguridad \/ privacidad y mucho m\u00e1s al hacer esta lista.<\/p>\n<h3>Aff<\/h3>\n<p>AdultFriendFinder es el sitio de citas m\u00e1s popular para encontrar parejas sexuales casuales. El sitio ha existido desde 1995 y cuenta con m\u00e1s de 40 millones de miembros en todo el mundo. El sitio ofrece membres\u00eda gratuita, pero querr\u00e1 actualizar a acceso premium para ver m\u00e1s perfiles y usar m\u00e1s herramientas como mensajer\u00eda, salas de chat y videos de c\u00e1maras web. Adem\u00e1s de la informaci\u00f3n de perfil est\u00e1ndar, puede cargar fotos y videos, agregar amigos, enviar gui\u00f1os y navegar por listados locales.<\/p>\n<p>Ya sea que desee salir con alguien que busca amor, swingers, parejas o simplemente algo de diversi\u00f3n a la antigua, AFF seguramente lo ayudar\u00e1.<\/p>\n<h3>Buscando<\/h3>\n<p>SeekingArrangement fue fundada en 2004 y ahora tiene m\u00e1s de 20 millones de usuarios registrados. Su lema es \u00abEncontrando el amor en l\u00ednea\u00bb. Est\u00e1 dirigido a personas solteras ricas que buscan relaciones a largo plazo. Usted paga una tarifa mensual para unirse al sitio, y puede elegir si est\u00e1 buscando amistad, romance, matrimonio o algo completamente diferente.<\/p>\n<p>Esta aplicaci\u00f3n de citas est\u00e1 dise\u00f1ada espec\u00edficamente para aquellos que disfrutan de las citas de lujo. Si est\u00e1s interesado en conocer mujeres hermosas que est\u00e9n listas para gastar dinero en ti, este es el mejor lugar para encontrarlas.<\/p>\n<p>Lo bueno de este sitio es la seguridad, todos los miembros tienen que mostrar una identificaci\u00f3n para unirse. Esto significa que tendr\u00e1 menos estafadores que usar\u00e1n la plataforma.<\/p>\n<h3>Molinillo<\/h3>\n<p>Esta es una red social dise\u00f1ada espec\u00edficamente para hombres homosexuales y bisexuales. Es un poco diferente a otros sitios porque no permite a los usuarios encontrar fechas; en cambio, se centra en ayudarlos a conocer posibles parejas rom\u00e1nticas. Los miembros pueden ver las fotos de los dem\u00e1s y hablar sobre s\u00ed mismos, sus pasatiempos y lo que les interesa.<\/p>\n<h3>Sentido<\/h3>\n<p>Esta es una aplicaci\u00f3n de citas queer que se centra en conectar a hombres homosexuales de todo el mundo. Es similar a Grindr, excepto que est\u00e1 dirigido a aquellos que buscan conexiones casuales en lugar de relaciones a largo plazo. Feeld es completamente gratuito para descargar y usar, pero tiene que pagar $ 9.99 por mes para desbloquear funciones adicionales como chats grupales, eventos y clubes exclusivos.<\/p>\n<h3>HornySingles<\/h3>\n<p>HornySingles es una aplicaci\u00f3n gratuita de citas en l\u00ednea donde las personas pueden conectarse en funci\u00f3n de intereses mutuos. Los miembros pueden navegar por perfiles, enviar mensajes y establecer conexiones con otras personas cercanas. Los usuarios pueden configurar su perfil para incluir fotos, videos e informaci\u00f3n adicional sobre ellos mismos. No hay tarifas asociadas con la membres\u00eda, por lo que es ideal para aquellos que buscan conocer a alguien sin tener que gastar dinero por adelantado.<\/p>\n<h2>\u00bfNuestro consejo para ti?<\/h2>\n<p>Querr\u00e1 tener en cuenta que algunos sitios son completamente gratuitos, mientras que otros tienen una peque\u00f1a cantidad de funciones premium. Muchos de los sitios populares, como Tinder, OKCupid y Bumble, ofrecen versiones gratuitas y de pago. Sin embargo, algunos son completamente gratuitos (y otros son m\u00e1s exclusivos como Seeking). Necesitas encontrar el adecuado para ti, te recomendamos probar algunos y ver c\u00f3mo te gustan.<\/p>\n","protected":false},"excerpt":{"rendered":"<p>Si desea encontrar sexo casual en su \u00e1rea, hay algunas cosas que probablemente querr\u00e1 considerar. En primer lugar, aseg\u00farese de saber qu\u00e9 tipo de experiencia &hellip; <\/p>\n","protected":false},"author":1,"featured_media":196,"parent":0,"menu_order":0,"comment_status":"closed","ping_status":"closed","template":"","meta":[],"yoast_head":"<!-- This site is optimized with the Yoast SEO plugin v17.7.1 - https:\/\/yoast.com\/wordpress\/plugins\/seo\/ -->\n<title>Encuentra sexo casual cerca de ti - Jerk Dating<\/title>\n<meta name=\"robots\" content=\"index, follow, max-snippet:-1, max-image-preview:large, max-video-preview:-1\" \/>\n<link rel=\"canonical\" href=\"https:\/\/mamasjerkstation.com\/es\/encuentra-sexo-casual-cerca-de-ti\/\" \/>\n<meta property=\"og:locale\" content=\"es_ES\" \/>\n<meta property=\"og:type\" content=\"article\" \/>\n<meta property=\"og:title\" content=\"Encuentra sexo casual cerca de ti - Jerk Dating\" \/>\n<meta property=\"og:description\" content=\"Si desea encontrar sexo casual en su \u00e1rea, hay algunas cosas que probablemente querr\u00e1 considerar. En primer lugar, aseg\u00farese de saber qu\u00e9 tipo de experiencia &hellip;\" \/>\n<meta property=\"og:url\" content=\"https:\/\/mamasjerkstation.com\/es\/encuentra-sexo-casual-cerca-de-ti\/\" \/>\n<meta property=\"og:site_name\" content=\"Jerk Dating\" \/>\n<meta property=\"og:image\" content=\"http:\/\/mamasjerkstation.com\/wp-content\/uploads\/2022\/08\/casual-sex-dating-websites.jpeg\" \/>\n\t<meta property=\"og:image:width\" content=\"2094\" \/>\n\t<meta property=\"og:image:height\" content=\"1500\" \/>\n<meta name=\"twitter:card\" content=\"summary_large_image\" \/>\n<meta name=\"twitter:label1\" content=\"Tiempo de lectura\" \/>\n\t<meta name=\"twitter:data1\" content=\"4 minutos\" \/>\n<script type=\"application\/ld+json\" class=\"yoast-schema-graph\">{\"@context\":\"https:\/\/schema.org\",\"@graph\":[{\"@type\":\"WebSite\",\"@id\":\"https:\/\/mamasjerkstation.com\/#website\",\"url\":\"https:\/\/mamasjerkstation.com\/\",\"name\":\"Jerk Dating\",\"description\":\"Online Sex Websites\",\"potentialAction\":[{\"@type\":\"SearchAction\",\"target\":{\"@type\":\"EntryPoint\",\"urlTemplate\":\"https:\/\/mamasjerkstation.com\/?s={search_term_string}\"},\"query-input\":\"required name=search_term_string\"}],\"inLanguage\":\"es\"},{\"@type\":\"ImageObject\",\"@id\":\"https:\/\/mamasjerkstation.com\/es\/encuentra-sexo-casual-cerca-de-ti\/#primaryimage\",\"inLanguage\":\"es\",\"url\":\"https:\/\/mamasjerkstation.com\/wp-content\/uploads\/2022\/08\/casual-sex-dating-websites.jpeg\",\"contentUrl\":\"https:\/\/mamasjerkstation.com\/wp-content\/uploads\/2022\/08\/casual-sex-dating-websites.jpeg\",\"width\":2094,\"height\":1500},{\"@type\":\"WebPage\",\"@id\":\"https:\/\/mamasjerkstation.com\/es\/encuentra-sexo-casual-cerca-de-ti\/#webpage\",\"url\":\"https:\/\/mamasjerkstation.com\/es\/encuentra-sexo-casual-cerca-de-ti\/\",\"name\":\"Encuentra sexo casual cerca de ti - Jerk Dating\",\"isPartOf\":{\"@id\":\"https:\/\/mamasjerkstation.com\/#website\"},\"primaryImageOfPage\":{\"@id\":\"https:\/\/mamasjerkstation.com\/es\/encuentra-sexo-casual-cerca-de-ti\/#primaryimage\"},\"datePublished\":\"2022-08-19T18:01:00+00:00\",\"dateModified\":\"2022-08-19T18:01:00+00:00\",\"breadcrumb\":{\"@id\":\"https:\/\/mamasjerkstation.com\/es\/encuentra-sexo-casual-cerca-de-ti\/#breadcrumb\"},\"inLanguage\":\"es\",\"potentialAction\":[{\"@type\":\"ReadAction\",\"target\":[\"https:\/\/mamasjerkstation.com\/es\/encuentra-sexo-casual-cerca-de-ti\/\"]}]},{\"@type\":\"BreadcrumbList\",\"@id\":\"https:\/\/mamasjerkstation.com\/es\/encuentra-sexo-casual-cerca-de-ti\/#breadcrumb\",\"itemListElement\":[{\"@type\":\"ListItem\",\"position\":1,\"name\":\"Home\",\"item\":\"http:\/\/mamasjerkstation.com\/es\/\"},{\"@type\":\"ListItem\",\"position\":2,\"name\":\"Encuentra sexo casual cerca de ti\"}]}]}<\/script>\n<!-- \/ Yoast SEO plugin. -->","yoast_head_json":{"title":"Encuentra sexo casual cerca de ti - Jerk Dating","robots":{"index":"index","follow":"follow","max-snippet":"max-snippet:-1","max-image-preview":"max-image-preview:large","max-video-preview":"max-video-preview:-1"},"canonical":"https:\/\/mamasjerkstation.com\/es\/encuentra-sexo-casual-cerca-de-ti\/","og_locale":"es_ES","og_type":"article","og_title":"Encuentra sexo casual cerca de ti - Jerk Dating","og_description":"Si desea encontrar sexo casual en su \u00e1rea, hay algunas cosas que probablemente querr\u00e1 considerar. En primer lugar, aseg\u00farese de saber qu\u00e9 tipo de experiencia &hellip;","og_url":"https:\/\/mamasjerkstation.com\/es\/encuentra-sexo-casual-cerca-de-ti\/","og_site_name":"Jerk Dating","og_image":[{"width":2094,"height":1500,"url":"http:\/\/mamasjerkstation.com\/wp-content\/uploads\/2022\/08\/casual-sex-dating-websites.jpeg","type":"image\/jpeg"}],"twitter_card":"summary_large_image","twitter_misc":{"Tiempo de lectura":"4 minutos"},"schema":{"@context":"https:\/\/schema.org","@graph":[{"@type":"WebSite","@id":"https:\/\/mamasjerkstation.com\/#website","url":"https:\/\/mamasjerkstation.com\/","name":"Jerk Dating","description":"Online Sex Websites","potentialAction":[{"@type":"SearchAction","target":{"@type":"EntryPoint","urlTemplate":"https:\/\/mamasjerkstation.com\/?s={search_term_string}"},"query-input":"required name=search_term_string"}],"inLanguage":"es"},{"@type":"ImageObject","@id":"https:\/\/mamasjerkstation.com\/es\/encuentra-sexo-casual-cerca-de-ti\/#primaryimage","inLanguage":"es","url":"https:\/\/mamasjerkstation.com\/wp-content\/uploads\/2022\/08\/casual-sex-dating-websites.jpeg","contentUrl":"https:\/\/mamasjerkstation.com\/wp-content\/uploads\/2022\/08\/casual-sex-dating-websites.jpeg","width":2094,"height":1500},{"@type":"WebPage","@id":"https:\/\/mamasjerkstation.com\/es\/encuentra-sexo-casual-cerca-de-ti\/#webpage","url":"https:\/\/mamasjerkstation.com\/es\/encuentra-sexo-casual-cerca-de-ti\/","name":"Encuentra sexo casual cerca de ti - Jerk Dating","isPartOf":{"@id":"https:\/\/mamasjerkstation.com\/#website"},"primaryImageOfPage":{"@id":"https:\/\/mamasjerkstation.com\/es\/encuentra-sexo-casual-cerca-de-ti\/#primaryimage"},"datePublished":"2022-08-19T18:01:00+00:00","dateModified":"2022-08-19T18:01:00+00:00","breadcrumb":{"@id":"https:\/\/mamasjerkstation.com\/es\/encuentra-sexo-casual-cerca-de-ti\/#breadcrumb"},"inLanguage":"es","potentialAction":[{"@type":"ReadAction","target":["https:\/\/mamasjerkstation.com\/es\/encuentra-sexo-casual-cerca-de-ti\/"]}]},{"@type":"BreadcrumbList","@id":"https:\/\/mamasjerkstation.com\/es\/encuentra-sexo-casual-cerca-de-ti\/#breadcrumb","itemListElement":[{"@type":"ListItem","position":1,"name":"Home","item":"http:\/\/mamasjerkstation.com\/es\/"},{"@type":"ListItem","position":2,"name":"Encuentra sexo casual cerca de ti"}]}]}},"_links":{"self":[{"href":"https:\/\/mamasjerkstation.com\/es\/wp-json\/wp\/v2\/pages\/278"}],"collection":[{"href":"https:\/\/mamasjerkstation.com\/es\/wp-json\/wp\/v2\/pages"}],"about":[{"href":"https:\/\/mamasjerkstation.com\/es\/wp-json\/wp\/v2\/types\/page"}],"author":[{"embeddable":true,"href":"https:\/\/mamasjerkstation.com\/es\/wp-json\/wp\/v2\/users\/1"}],"replies":[{"embeddable":true,"href":"https:\/\/mamasjerkstation.com\/es\/wp-json\/wp\/v2\/comments?post=278"}],"version-history":[{"count":0,"href":"https:\/\/mamasjerkstation.com\/es\/wp-json\/wp\/v2\/pages\/278\/revisions"}],"wp:featuredmedia":[{"embeddable":true,"href":"https:\/\/mamasjerkstation.com\/es\/wp-json\/wp\/v2\/media\/196"}],"wp:attachment":[{"href":"https:\/\/mamasjerkstation.com\/es\/wp-json\/wp\/v2\/media?parent=278"}],"curies":[{"name":"wp","href":"https:\/\/api.w.org\/{rel}","templated":true}]}}