{"id":249,"date":"2022-08-19T16:45:46","date_gmt":"2022-08-19T15:45:46","guid":{"rendered":"http:\/\/mamasjerkstation.com\/encontrar-el-sitio-de-jerk-off-adecuado-para-usted-sexting-en-linea\/"},"modified":"2022-08-31T12:28:54","modified_gmt":"2022-08-31T11:28:54","slug":"encontrar-el-sitio-de-jerk-off-adecuado-para-usted-sexting-en-linea","status":"publish","type":"page","link":"https:\/\/mamasjerkstation.com\/es\/","title":{"rendered":"Encontrar el sitio de Jerk Off adecuado para usted: Sexting en l\u00ednea"},"content":{"rendered":"<p>Sex Chat es un tipo de comunicaci\u00f3n en l\u00ednea donde las personas participan en actividades sexuales mientras se comunican a trav\u00e9s de mensajes de texto, aplicaciones de mensajer\u00eda instant\u00e1nea, plataformas de redes sociales, etc. Esta forma de comunicaci\u00f3n a menudo se conoce como sexting, aunque es t\u00e9cnicamente diferente del sexting porque implica chatear sobre sexo en lugar de enviar im\u00e1genes o videos expl\u00edcitos de uno mismo.<\/p>\n<h2>Encontrar los sitios de Jerk Cam adecuados<\/h2>\n<p>No hay mejor manera de conocer a <a href=\"http:\/\/mamasjerkstation.com\/es\/citas-lgbt\/\">personas de ideas afines<\/a> y discutir temas como BDSM, fetiches, torceduras, juegos de rol, ropa fetichista y mucho m\u00e1s. Nuestra funci\u00f3n de chat de video en vivo le permite ver c\u00f3mo se ven los dem\u00e1s, para que pueda decidir si desea interactuar con ellos. Si prefieres leer, tenemos un mont\u00f3n de art\u00edculos escritos por personas reales que discuten todo, desde c\u00f3mo recoger chicas hasta c\u00f3mo hacerte irresistible.<\/p>\n<h3>\u00bfAplicaciones de citas o sitios de chat sexual?<\/h3>\n<p>El mundo est\u00e1 lleno de personas que buscan amor en l\u00ednea. Ya sea que est\u00e9n buscando a alguien especial para salir, o simplemente quieran conectarse, hay muchas maneras de encontrar el romance. Una forma de hacerlo es a trav\u00e9s de una aplicaci\u00f3n de citas como Tinder. Pero si bien las aplicaciones como Tinder son excelentes para conocer posibles citas, no siempre brindan la mejor experiencia para aquellos que buscan conocer a otros en la vida real.<\/p>\n<p>Es por eso que hay muchos tipos diferentes de redes sociales dise\u00f1adas para ayudarlo <a href=\"http:\/\/www.citas-con-mujeres.com\">Citas-Con-Mujeres.com<\/a> a conectarse con las personas en persona. Algunos te permiten unirte a grupos basados en intereses, pasatiempos y m\u00e1s. Otros te permiten hacerte amigo de extra\u00f1os, o simplemente hablar con personas cercanas. Y otros ofrecen oportunidades para encuentros casuales, como un quickie en un parque o una aventura de una noche en una habitaci\u00f3n de hotel.<\/p>\n<p><img loading=\"lazy\" class=\"aligncenter wp-image-53\" src=\"http:\/\/mamasjerkstation.com\/wp-content\/uploads\/2022\/08\/adult-cams-1024x683.jpeg\" alt=\"\" width=\"705\" height=\"470\" srcset=\"https:\/\/mamasjerkstation.com\/wp-content\/uploads\/2022\/08\/adult-cams-1024x683.jpeg 1024w, https:\/\/mamasjerkstation.com\/wp-content\/uploads\/2022\/08\/adult-cams-300x200.jpeg 300w, https:\/\/mamasjerkstation.com\/wp-content\/uploads\/2022\/08\/adult-cams-768x512.jpeg 768w, https:\/\/mamasjerkstation.com\/wp-content\/uploads\/2022\/08\/adult-cams.jpeg 1125w\" sizes=\"(max-width: 705px) 100vw, 705px\" \/><\/p>\n<h3>\u00bfQu\u00e9 pasa con el uso de sitios de c\u00e1maras?<\/h3>\n<p>Estos sitios permiten a las personas ver a otros participar en actos sexuales sin tener que pagar. Algunos de los sitios de c\u00e1maras de sexo en vivo m\u00e1s conocidos incluyen Chaturbate, LiveJasmin, Cam4, MyFreeCams y Streamberry.<\/p>\n<p>Si bien algunas personas pueden suponer que las estrellas porno ganan la mayor parte del dinero con la c\u00e1mara web, resulta que muchas modelos en realidad ganan menos de $ 100 por mes. Y aunque ciertamente hay excepciones, la mayor\u00eda de los modelos no ganan suficiente dinero para mantenerse completamente fuera de la c\u00e1mara web. Pero, \u00bfqu\u00e9 pasa con esos momentos en los que no tienes ganas de ver porno? \u00bfO tal vez solo quieres ver lo sexy que se ve desnuda otra persona? Tambi\u00e9n hay muchas maneras de hacerlo. Por ejemplo, algunos sitios de chat sexual transmiten transmisiones de video en vivo desde las c\u00e1maras web de sus miembros. Estas transmisiones en vivo generalmente tienen un costo <a href=\"http:\/\/www.paginas-para-follar.com\/\">Paginas-Para-Follar.com<\/a>, pero a veces son completamente gratuitas.<\/p>\n<h2>Nuestra hot pick: Ruleta sucia<\/h2>\n<p>Dirty Roulette es uno de los sitios de c\u00e1maras web m\u00e1s antiguos en l\u00ednea, se lanz\u00f3 en 2005. Este sitio de chat de video para adultos ofrece c\u00e1maras de sexo en vivo gratuitas con miles de modelos de todo el mundo. Ni siquiera necesitas registrarte. Simplemente elige un modelo que te guste y comienza a chatear. Si quieres ver m\u00e1s, solo dale una propina: har\u00e1 cualquier cosa por dinero. Echa un vistazo a la lista de las mejores chicas de c\u00e1mara aqu\u00ed. Dirtyroulette es uno de los sitios de c\u00e1maras en vivo m\u00e1s populares en l\u00ednea. Puedes ver a cientos de chicas sexys realizar actos sexuales en vivo como masturbaci\u00f3n, mamadas y m\u00e1s. Este sitio es muy f\u00e1cil de usar. Simplemente reg\u00edstrese y podr\u00e1 comenzar a ver al instante. No se requieren descargas, solo reg\u00edstrese y comience a chatear.<\/p>\n<h2>Cam4<\/h2>\n<p>Cam4 es uno de los sitios m\u00e1s populares para ver chicas webcam en vivo en l\u00ednea. Hay miles y miles de mujeres hermosas esperando conocerte en l\u00ednea. Todo lo que tiene que hacer es registrarse para obtener una cuenta gratuita y comenzar a navegar por sus chicas de la c\u00e1mara web.<\/p>\n<p>Notar\u00e1s que tenemos diferentes categor\u00edas basadas en lo que te interesa encontrar. Ya sea que se trate de chicas de c\u00e1mara web adolescentes, chicas de c\u00e1mara web MILF o incluso simplemente chicas de c\u00e1mara web aficionadas, hay algo para todos aqu\u00ed. Navegue por su sitio y vea cu\u00e1ntas chicas de c\u00e1mara web calientes puede encontrar. Una vez que haya encontrado el modelo con el que desea hablar <a href=\"https:\/\/www.citas-gratis.com\">Citas-Gratis.com<\/a>, simplemente ingrese a su sala de chat y estar\u00e1 listo para responder sus preguntas. Si no sabes por d\u00f3nde empezar, no dudes en preguntarnos cualquier cosa sobre las chicas webcam con las que te gustar\u00eda hablar. Su equipo de atenci\u00f3n al cliente siempre estar\u00e1 encantado de ayudarle.<\/p>\n<p>La raz\u00f3n principal por la que CAM4 se destaca del resto de la competencia es por el hecho de que brindan a sus usuarios la capacidad de interactuar con cada modelo durante su show en vivo. Esta caracter\u00edstica le permite disfrutar de la acci\u00f3n mientras chatea con los modelos directamente. Adem\u00e1s, puede enviar mensajes de texto ilimitados durante toda la sesi\u00f3n, hacer preguntas sobre la apariencia del artista, el tipo de cuerpo, el origen \u00e9tnico, el color del cabello, la edad y muchos.<\/p>\n<h2>Nuestros Consejos<\/h2>\n<p>Primero, pruebe las dos aplicaciones que recomendamos anteriormente, si no son para usted, pruebe otra opci\u00f3n popular como Chaturbate.<\/p>\n<p>Este es probablemente el nombre m\u00e1s grande en el entretenimiento para adultos hoy en d\u00eda. Con m\u00e1s de 5 millones de visitas mensuales, Chaturbate es la plataforma de c\u00e1maras en vivo m\u00e1s grande del mundo. Proporcionan una amplia gama de caracter\u00edsticas que incluyen chats de video sexys, galer\u00edas de fotos traviesas e incluso sesiones de sexo en grupo.<\/p>\n","protected":false},"excerpt":{"rendered":"<p>Sex Chat es un tipo de comunicaci\u00f3n en l\u00ednea donde las personas participan en actividades sexuales mientras se comunican a trav\u00e9s de mensajes de texto, &hellip; <\/p>\n","protected":false},"author":1,"featured_media":106,"parent":0,"menu_order":0,"comment_status":"closed","ping_status":"closed","template":"","meta":[],"yoast_head":"<!-- This site is optimized with the Yoast SEO plugin v17.7.1 - https:\/\/yoast.com\/wordpress\/plugins\/seo\/ -->\n<title>Encontrar el sitio de Jerk Off adecuado para usted: Sexting en l\u00ednea - Jerk Dating<\/title>\n<meta name=\"robots\" content=\"index, follow, max-snippet:-1, max-image-preview:large, max-video-preview:-1\" \/>\n<link rel=\"canonical\" href=\"https:\/\/mamasjerkstation.com\/es\/\" \/>\n<meta property=\"og:locale\" content=\"es_ES\" \/>\n<meta property=\"og:type\" content=\"article\" \/>\n<meta property=\"og:title\" content=\"Encontrar el sitio de Jerk Off adecuado para usted: Sexting en l\u00ednea - Jerk Dating\" \/>\n<meta property=\"og:description\" content=\"Sex Chat es un tipo de comunicaci\u00f3n en l\u00ednea donde las personas participan en actividades sexuales mientras se comunican a trav\u00e9s de mensajes de texto, &hellip;\" \/>\n<meta property=\"og:url\" content=\"https:\/\/mamasjerkstation.com\/es\/\" \/>\n<meta property=\"og:site_name\" content=\"Jerk Dating\" \/>\n<meta property=\"article:modified_time\" content=\"2022-08-31T11:28:54+00:00\" \/>\n<meta property=\"og:image\" content=\"http:\/\/mamasjerkstation.com\/wp-content\/uploads\/2022\/08\/sexting-cam-rooms.jpeg\" \/>\n\t<meta property=\"og:image:width\" content=\"1125\" \/>\n\t<meta property=\"og:image:height\" content=\"750\" \/>\n<meta name=\"twitter:card\" content=\"summary_large_image\" \/>\n<meta name=\"twitter:label1\" content=\"Tiempo de lectura\" \/>\n\t<meta name=\"twitter:data1\" content=\"5 minutos\" \/>\n<script type=\"application\/ld+json\" class=\"yoast-schema-graph\">{\"@context\":\"https:\/\/schema.org\",\"@graph\":[{\"@type\":\"WebSite\",\"@id\":\"https:\/\/mamasjerkstation.com\/#website\",\"url\":\"https:\/\/mamasjerkstation.com\/\",\"name\":\"Jerk Dating\",\"description\":\"Online Sex Websites\",\"potentialAction\":[{\"@type\":\"SearchAction\",\"target\":{\"@type\":\"EntryPoint\",\"urlTemplate\":\"https:\/\/mamasjerkstation.com\/?s={search_term_string}\"},\"query-input\":\"required name=search_term_string\"}],\"inLanguage\":\"es\"},{\"@type\":\"ImageObject\",\"@id\":\"https:\/\/mamasjerkstation.com\/es\/#primaryimage\",\"inLanguage\":\"es\",\"url\":\"https:\/\/mamasjerkstation.com\/wp-content\/uploads\/2022\/08\/sexting-cam-rooms.jpeg\",\"contentUrl\":\"https:\/\/mamasjerkstation.com\/wp-content\/uploads\/2022\/08\/sexting-cam-rooms.jpeg\",\"width\":1125,\"height\":750},{\"@type\":\"WebPage\",\"@id\":\"https:\/\/mamasjerkstation.com\/es\/#webpage\",\"url\":\"https:\/\/mamasjerkstation.com\/es\/\",\"name\":\"Encontrar el sitio de Jerk Off adecuado para usted: Sexting en l\\u00ednea - Jerk Dating\",\"isPartOf\":{\"@id\":\"https:\/\/mamasjerkstation.com\/#website\"},\"primaryImageOfPage\":{\"@id\":\"https:\/\/mamasjerkstation.com\/es\/#primaryimage\"},\"datePublished\":\"2022-08-19T15:45:46+00:00\",\"dateModified\":\"2022-08-31T11:28:54+00:00\",\"breadcrumb\":{\"@id\":\"https:\/\/mamasjerkstation.com\/es\/#breadcrumb\"},\"inLanguage\":\"es\",\"potentialAction\":[{\"@type\":\"ReadAction\",\"target\":[\"https:\/\/mamasjerkstation.com\/es\/\"]}]},{\"@type\":\"BreadcrumbList\",\"@id\":\"https:\/\/mamasjerkstation.com\/es\/#breadcrumb\",\"itemListElement\":[{\"@type\":\"ListItem\",\"position\":1,\"name\":\"Home\",\"item\":\"http:\/\/mamasjerkstation.com\/es\/\"},{\"@type\":\"ListItem\",\"position\":2,\"name\":\"Encontrar el sitio de Jerk Off adecuado para usted: Sexting en l\\u00ednea\"}]}]}<\/script>\n<!-- \/ Yoast SEO plugin. -->","yoast_head_json":{"title":"Encontrar el sitio de Jerk Off adecuado para usted: Sexting en l\u00ednea - Jerk Dating","robots":{"index":"index","follow":"follow","max-snippet":"max-snippet:-1","max-image-preview":"max-image-preview:large","max-video-preview":"max-video-preview:-1"},"canonical":"https:\/\/mamasjerkstation.com\/es\/","og_locale":"es_ES","og_type":"article","og_title":"Encontrar el sitio de Jerk Off adecuado para usted: Sexting en l\u00ednea - Jerk Dating","og_description":"Sex Chat es un tipo de comunicaci\u00f3n en l\u00ednea donde las personas participan en actividades sexuales mientras se comunican a trav\u00e9s de mensajes de texto, &hellip;","og_url":"https:\/\/mamasjerkstation.com\/es\/","og_site_name":"Jerk Dating","article_modified_time":"2022-08-31T11:28:54+00:00","og_image":[{"width":1125,"height":750,"url":"http:\/\/mamasjerkstation.com\/wp-content\/uploads\/2022\/08\/sexting-cam-rooms.jpeg","type":"image\/jpeg"}],"twitter_card":"summary_large_image","twitter_misc":{"Tiempo de lectura":"5 minutos"},"schema":{"@context":"https:\/\/schema.org","@graph":[{"@type":"WebSite","@id":"https:\/\/mamasjerkstation.com\/#website","url":"https:\/\/mamasjerkstation.com\/","name":"Jerk Dating","description":"Online Sex Websites","potentialAction":[{"@type":"SearchAction","target":{"@type":"EntryPoint","urlTemplate":"https:\/\/mamasjerkstation.com\/?s={search_term_string}"},"query-input":"required name=search_term_string"}],"inLanguage":"es"},{"@type":"ImageObject","@id":"https:\/\/mamasjerkstation.com\/es\/#primaryimage","inLanguage":"es","url":"https:\/\/mamasjerkstation.com\/wp-content\/uploads\/2022\/08\/sexting-cam-rooms.jpeg","contentUrl":"https:\/\/mamasjerkstation.com\/wp-content\/uploads\/2022\/08\/sexting-cam-rooms.jpeg","width":1125,"height":750},{"@type":"WebPage","@id":"https:\/\/mamasjerkstation.com\/es\/#webpage","url":"https:\/\/mamasjerkstation.com\/es\/","name":"Encontrar el sitio de Jerk Off adecuado para usted: Sexting en l\u00ednea - Jerk Dating","isPartOf":{"@id":"https:\/\/mamasjerkstation.com\/#website"},"primaryImageOfPage":{"@id":"https:\/\/mamasjerkstation.com\/es\/#primaryimage"},"datePublished":"2022-08-19T15:45:46+00:00","dateModified":"2022-08-31T11:28:54+00:00","breadcrumb":{"@id":"https:\/\/mamasjerkstation.com\/es\/#breadcrumb"},"inLanguage":"es","potentialAction":[{"@type":"ReadAction","target":["https:\/\/mamasjerkstation.com\/es\/"]}]},{"@type":"BreadcrumbList","@id":"https:\/\/mamasjerkstation.com\/es\/#breadcrumb","itemListElement":[{"@type":"ListItem","position":1,"name":"Home","item":"http:\/\/mamasjerkstation.com\/es\/"},{"@type":"ListItem","position":2,"name":"Encontrar el sitio de Jerk Off adecuado para usted: Sexting en l\u00ednea"}]}]}},"_links":{"self":[{"href":"https:\/\/mamasjerkstation.com\/es\/wp-json\/wp\/v2\/pages\/249"}],"collection":[{"href":"https:\/\/mamasjerkstation.com\/es\/wp-json\/wp\/v2\/pages"}],"about":[{"href":"https:\/\/mamasjerkstation.com\/es\/wp-json\/wp\/v2\/types\/page"}],"author":[{"embeddable":true,"href":"https:\/\/mamasjerkstation.com\/es\/wp-json\/wp\/v2\/users\/1"}],"replies":[{"embeddable":true,"href":"https:\/\/mamasjerkstation.com\/es\/wp-json\/wp\/v2\/comments?post=249"}],"version-history":[{"count":1,"href":"https:\/\/mamasjerkstation.com\/es\/wp-json\/wp\/v2\/pages\/249\/revisions"}],"predecessor-version":[{"id":342,"href":"https:\/\/mamasjerkstation.com\/es\/wp-json\/wp\/v2\/pages\/249\/revisions\/342"}],"wp:featuredmedia":[{"embeddable":true,"href":"https:\/\/mamasjerkstation.com\/es\/wp-json\/wp\/v2\/media\/106"}],"wp:attachment":[{"href":"https:\/\/mamasjerkstation.com\/es\/wp-json\/wp\/v2\/media?parent=249"}],"curies":[{"name":"wp","href":"https:\/\/api.w.org\/{rel}","templated":true}]}}