{"id":230,"date":"2022-08-19T19:23:43","date_gmt":"2022-08-19T18:23:43","guid":{"rendered":"http:\/\/mamasjerkstation.com\/consejos-de-citas-de-sugar\/"},"modified":"2022-08-19T19:23:43","modified_gmt":"2022-08-19T18:23:43","slug":"consejos-de-citas-de-sugar","status":"publish","type":"page","link":"https:\/\/mamasjerkstation.com\/es\/consejos-de-citas-de-sugar\/","title":{"rendered":"Consejos de citas de Sugar"},"content":{"rendered":"<h2>\u00bfEst\u00e1s soltero y buscando un Sugar Daddy?<\/h2>\n<p>Hay miles de hombres en l\u00ednea que est\u00e1n dispuestos a pagar por sexo. Se llaman a s\u00ed mismos \u00abSugar Daddies\u00bb.<\/p>\n<p>Parece que todo hombre quiere ser un Sugar Daddy. \u00bfPor qu\u00e9? Porque le hace sentir que tiene poder. \u00c9l puede <a href=\"http:\/\/mamasjerkstation.com\/es\/como-hacer-sext-y-chatear-con-chicas\/\">elegir a su mujer<\/a> y decirle qu\u00e9 hacer. Ella hace lo que \u00e9l dice.<\/p>\n<p>A cambio, ella le da sexo. Y si le gusta, tambi\u00e9n puede darle regalos.<\/p>\n<p>\u00bfEst\u00e1s interesado en salir con un Sugar Daddy? En caso afirmativo, lea este art\u00edculo cuidadosamente. Aqu\u00ed hay algunos consejos para ayudarlo a encontrar un Sugar Daddy.<\/p>\n<h3>Sepa lo que quiere<\/h3>\n<p>Antes de ir a buscar un Sugar Daddy, necesitas saber exactamente lo que quieres. \u00bfQuieres una relaci\u00f3n con \u00e9l\/ella? \u00bfQuieres pasar tiempo juntos? \u00bfQuieres viajar con \u00e9l\/ella?<\/p>\n<p>\u00bfQuieres casarte con \u00e9l\/ella?<\/p>\n<p>Estas preguntas te ayudar\u00e1n a determinar si quieres un Sugar Daddy o un Sugar Baby.<\/p>\n<h3>S\u00e9 t\u00fa mismo<\/h3>\n<p>S\u00e9 t\u00fa mismo. No finjas ser otra persona. Esto puede sonar obvio, pero la mayor\u00eda de los hombres no quieren salir con una persona falsa. Quieren salir con mujeres reales.<\/p>\n<h3>Encuentre a alguien que comparta intereses similares<\/h3>\n<p>Encuentra a alguien que comparta intereses similares. Por ejemplo, si te gustan los deportes, entonces encuentra un hombre al que tambi\u00e9n le gusten los deportes.<\/p>\n<p>Esto le dar\u00e1 un terreno com\u00fan para hablar. Y hablar de cosas que compartes en com\u00fan te ayudar\u00e1 a vincularte r\u00e1pidamente.<\/p>\n<h3>Preg\u00fantale sobre su familia<\/h3>\n<p>Preg\u00fantele acerca de su familia. \u00bfCu\u00e1ntos a\u00f1os tiene su madre? \u00bfTodav\u00eda vive con \u00e9l \/ sus padres?<\/p>\n<p>\u00bfTiene hermanos?<\/p>\n<h2>Preguntas m\u00e1s frecuentes<\/h2>\n<h3>\u00bfQu\u00e9 significa NSA en las citas con az\u00facar?<\/h3>\n<p>NSA significa No Strings Attached. Esto significa que no necesitas preocuparte por entrar en ning\u00fan tipo de relaci\u00f3n. Las citas de az\u00facar son una excelente manera de conocer gente nueva que comparte intereses similares.<\/p>\n<h3>\u00bfC\u00f3mo convertirse en un Sugar Baby o pap\u00e1 de la NSA?<\/h3>\n<p>Si quieres ser un sugar baby o un pap\u00e1, entonces necesitas saber c\u00f3mo encontrarlos. La mejor manera de hacerlo es a trav\u00e9s de una aplicaci\u00f3n de citas como Tinder. Una vez que hayas encontrado a alguien que parezca interesante, pide su n\u00famero y ll\u00e1malo. Esta es la forma m\u00e1s f\u00e1cil de comenzar a hablar con un beb\u00e9 o pap\u00e1 azucarado.<\/p>\n<h3>\u00bfQu\u00e9 es una relaci\u00f3n nsa y c\u00f3mo funciona?<\/h3>\n<p>Una relaci\u00f3n de la NSA es cuando dos personas se conocen por primera vez y ambos se conocen de encuentros anteriores. La persona que inicia la reuni\u00f3n se llama NSA (Nuevo C\u00f3nyuge). Este t\u00e9rmino fue acu\u00f1ado por el comediante Jerry Seinfeld en su libro \u00abThe Marriage Ref\u00bb donde describe el proceso de encontrar el amor.<\/p>\n<h3>\u00bfQu\u00e9 es un sugar daddy?<\/h3>\n<p>Un sugar daddy es alguien que ayuda financieramente a su novia. Esta persona generalmente tiene dinero y quiere ayudarla. Tambi\u00e9n puede estar dispuesto a darle regalos, como cenas caras y d\u00edas festivos. La relaci\u00f3n entre estas dos partes es a menudo rom\u00e1ntica, aunque algunos sugar daddies no quieren ning\u00fan contacto sexual.<\/p>\n","protected":false},"excerpt":{"rendered":"<p>\u00bfEst\u00e1s soltero y buscando un Sugar Daddy? Hay miles de hombres en l\u00ednea que est\u00e1n dispuestos a pagar por sexo. Se llaman a s\u00ed mismos &hellip; <\/p>\n","protected":false},"author":1,"featured_media":211,"parent":0,"menu_order":0,"comment_status":"closed","ping_status":"closed","template":"","meta":[],"yoast_head":"<!-- This site is optimized with the Yoast SEO plugin v17.7.1 - https:\/\/yoast.com\/wordpress\/plugins\/seo\/ -->\n<title>Consejos de citas de Sugar: Become a Sugar Daddy - Jerk Dating<\/title>\n<meta name=\"robots\" content=\"index, follow, max-snippet:-1, max-image-preview:large, max-video-preview:-1\" \/>\n<link rel=\"canonical\" href=\"https:\/\/mamasjerkstation.com\/es\/consejos-de-citas-de-sugar\/\" \/>\n<meta property=\"og:locale\" content=\"es_ES\" \/>\n<meta property=\"og:type\" content=\"article\" \/>\n<meta property=\"og:title\" content=\"Consejos de citas de Sugar: Become a Sugar Daddy - Jerk Dating\" \/>\n<meta property=\"og:description\" content=\"\u00bfEst\u00e1s soltero y buscando un Sugar Daddy? Hay miles de hombres en l\u00ednea que est\u00e1n dispuestos a pagar por sexo. Se llaman a s\u00ed mismos &hellip;\" \/>\n<meta property=\"og:url\" content=\"https:\/\/mamasjerkstation.com\/es\/consejos-de-citas-de-sugar\/\" \/>\n<meta property=\"og:site_name\" content=\"Jerk Dating\" \/>\n<meta name=\"twitter:card\" content=\"summary_large_image\" \/>\n<meta name=\"twitter:image\" content=\"https:\/\/mamasjerkstation.com\/wp-content\/uploads\/2022\/08\/match-making.webp\" \/>\n<meta name=\"twitter:label1\" content=\"Tiempo de lectura\" \/>\n\t<meta name=\"twitter:data1\" content=\"3 minutos\" \/>\n<script type=\"application\/ld+json\" class=\"yoast-schema-graph\">{\"@context\":\"https:\/\/schema.org\",\"@graph\":[{\"@type\":\"WebSite\",\"@id\":\"https:\/\/mamasjerkstation.com\/#website\",\"url\":\"https:\/\/mamasjerkstation.com\/\",\"name\":\"Jerk Dating\",\"description\":\"Online Sex Websites\",\"potentialAction\":[{\"@type\":\"SearchAction\",\"target\":{\"@type\":\"EntryPoint\",\"urlTemplate\":\"https:\/\/mamasjerkstation.com\/?s={search_term_string}\"},\"query-input\":\"required name=search_term_string\"}],\"inLanguage\":\"es\"},{\"@type\":\"ImageObject\",\"@id\":\"https:\/\/mamasjerkstation.com\/es\/consejos-de-citas-de-sugar\/#primaryimage\",\"inLanguage\":\"es\",\"url\":\"https:\/\/mamasjerkstation.com\/wp-content\/uploads\/2022\/08\/match-making.webp\",\"contentUrl\":\"https:\/\/mamasjerkstation.com\/wp-content\/uploads\/2022\/08\/match-making.webp\",\"width\":1125,\"height\":750},{\"@type\":\"WebPage\",\"@id\":\"https:\/\/mamasjerkstation.com\/es\/consejos-de-citas-de-sugar\/#webpage\",\"url\":\"https:\/\/mamasjerkstation.com\/es\/consejos-de-citas-de-sugar\/\",\"name\":\"Consejos de citas de Sugar: Become a Sugar Daddy - Jerk Dating\",\"isPartOf\":{\"@id\":\"https:\/\/mamasjerkstation.com\/#website\"},\"primaryImageOfPage\":{\"@id\":\"https:\/\/mamasjerkstation.com\/es\/consejos-de-citas-de-sugar\/#primaryimage\"},\"datePublished\":\"2022-08-19T18:23:43+00:00\",\"dateModified\":\"2022-08-19T18:23:43+00:00\",\"breadcrumb\":{\"@id\":\"https:\/\/mamasjerkstation.com\/es\/consejos-de-citas-de-sugar\/#breadcrumb\"},\"inLanguage\":\"es\",\"potentialAction\":[{\"@type\":\"ReadAction\",\"target\":[\"https:\/\/mamasjerkstation.com\/es\/consejos-de-citas-de-sugar\/\"]}]},{\"@type\":\"BreadcrumbList\",\"@id\":\"https:\/\/mamasjerkstation.com\/es\/consejos-de-citas-de-sugar\/#breadcrumb\",\"itemListElement\":[{\"@type\":\"ListItem\",\"position\":1,\"name\":\"Home\",\"item\":\"http:\/\/mamasjerkstation.com\/es\/\"},{\"@type\":\"ListItem\",\"position\":2,\"name\":\"Consejos de citas de Sugar\"}]}]}<\/script>\n<!-- \/ Yoast SEO plugin. -->","yoast_head_json":{"title":"Consejos de citas de Sugar: Become a Sugar Daddy - Jerk Dating","robots":{"index":"index","follow":"follow","max-snippet":"max-snippet:-1","max-image-preview":"max-image-preview:large","max-video-preview":"max-video-preview:-1"},"canonical":"https:\/\/mamasjerkstation.com\/es\/consejos-de-citas-de-sugar\/","og_locale":"es_ES","og_type":"article","og_title":"Consejos de citas de Sugar: Become a Sugar Daddy - Jerk Dating","og_description":"\u00bfEst\u00e1s soltero y buscando un Sugar Daddy? Hay miles de hombres en l\u00ednea que est\u00e1n dispuestos a pagar por sexo. Se llaman a s\u00ed mismos &hellip;","og_url":"https:\/\/mamasjerkstation.com\/es\/consejos-de-citas-de-sugar\/","og_site_name":"Jerk Dating","twitter_card":"summary_large_image","twitter_image":"https:\/\/mamasjerkstation.com\/wp-content\/uploads\/2022\/08\/match-making.webp","twitter_misc":{"Tiempo de lectura":"3 minutos"},"schema":{"@context":"https:\/\/schema.org","@graph":[{"@type":"WebSite","@id":"https:\/\/mamasjerkstation.com\/#website","url":"https:\/\/mamasjerkstation.com\/","name":"Jerk Dating","description":"Online Sex Websites","potentialAction":[{"@type":"SearchAction","target":{"@type":"EntryPoint","urlTemplate":"https:\/\/mamasjerkstation.com\/?s={search_term_string}"},"query-input":"required name=search_term_string"}],"inLanguage":"es"},{"@type":"ImageObject","@id":"https:\/\/mamasjerkstation.com\/es\/consejos-de-citas-de-sugar\/#primaryimage","inLanguage":"es","url":"https:\/\/mamasjerkstation.com\/wp-content\/uploads\/2022\/08\/match-making.webp","contentUrl":"https:\/\/mamasjerkstation.com\/wp-content\/uploads\/2022\/08\/match-making.webp","width":1125,"height":750},{"@type":"WebPage","@id":"https:\/\/mamasjerkstation.com\/es\/consejos-de-citas-de-sugar\/#webpage","url":"https:\/\/mamasjerkstation.com\/es\/consejos-de-citas-de-sugar\/","name":"Consejos de citas de Sugar: Become a Sugar Daddy - Jerk Dating","isPartOf":{"@id":"https:\/\/mamasjerkstation.com\/#website"},"primaryImageOfPage":{"@id":"https:\/\/mamasjerkstation.com\/es\/consejos-de-citas-de-sugar\/#primaryimage"},"datePublished":"2022-08-19T18:23:43+00:00","dateModified":"2022-08-19T18:23:43+00:00","breadcrumb":{"@id":"https:\/\/mamasjerkstation.com\/es\/consejos-de-citas-de-sugar\/#breadcrumb"},"inLanguage":"es","potentialAction":[{"@type":"ReadAction","target":["https:\/\/mamasjerkstation.com\/es\/consejos-de-citas-de-sugar\/"]}]},{"@type":"BreadcrumbList","@id":"https:\/\/mamasjerkstation.com\/es\/consejos-de-citas-de-sugar\/#breadcrumb","itemListElement":[{"@type":"ListItem","position":1,"name":"Home","item":"http:\/\/mamasjerkstation.com\/es\/"},{"@type":"ListItem","position":2,"name":"Consejos de citas de Sugar"}]}]}},"_links":{"self":[{"href":"https:\/\/mamasjerkstation.com\/es\/wp-json\/wp\/v2\/pages\/230"}],"collection":[{"href":"https:\/\/mamasjerkstation.com\/es\/wp-json\/wp\/v2\/pages"}],"about":[{"href":"https:\/\/mamasjerkstation.com\/es\/wp-json\/wp\/v2\/types\/page"}],"author":[{"embeddable":true,"href":"https:\/\/mamasjerkstation.com\/es\/wp-json\/wp\/v2\/users\/1"}],"replies":[{"embeddable":true,"href":"https:\/\/mamasjerkstation.com\/es\/wp-json\/wp\/v2\/comments?post=230"}],"version-history":[{"count":0,"href":"https:\/\/mamasjerkstation.com\/es\/wp-json\/wp\/v2\/pages\/230\/revisions"}],"wp:featuredmedia":[{"embeddable":true,"href":"https:\/\/mamasjerkstation.com\/es\/wp-json\/wp\/v2\/media\/211"}],"wp:attachment":[{"href":"https:\/\/mamasjerkstation.com\/es\/wp-json\/wp\/v2\/media?parent=230"}],"curies":[{"name":"wp","href":"https:\/\/api.w.org\/{rel}","templated":true}]}}