{"id":333,"date":"2022-08-19T18:41:19","date_gmt":"2022-08-19T17:41:19","guid":{"rendered":"http:\/\/mamasjerkstation.com\/sex-chat-raeume\/"},"modified":"2022-08-19T18:41:19","modified_gmt":"2022-08-19T17:41:19","slug":"sex-chat-raeume","status":"publish","type":"page","link":"https:\/\/mamasjerkstation.com\/de\/sex-chat-raeume\/","title":{"rendered":"Sex-Chat-R\u00e4ume"},"content":{"rendered":"<p>Meet in Chat ist der beste Ort, um echte Menschen zu finden, mit denen man online schmutzig reden kann! Sie werden nicht glauben, wie einfach es ist, hier neue Freunde zu finden, und wie viel Spa\u00df es macht, mit Fremden zu flirten. Wir haben Hunderte von sexy M\u00e4dchen, die darauf warten, Ihre Anrufe entgegenzunehmen!<\/p>\n<p>Sie sind nie zu alt oder zu jung, um unsere v\u00f6llig <a href=\"http:\/\/mamasjerkstation.com\/de\/beste-dating-apps-im-jahr-2022-fuer-singles\/\">kostenlosen Chatrooms f\u00fcr Erwachsene auszuprobieren.<\/a> W\u00e4hlen Sie einfach eine der oben genannten Kategorien aus, melden Sie sich im Raum an und beginnen Sie zu chatten!<\/p>\n<p>Es gibt keine Grenzen f\u00fcr das, was Sie in unseren Zimmern tun k\u00f6nnen &#8211; fragen Sie uns einfach alles! Wenn Sie mehr \u00fcber Sexspielzeug erfahren m\u00f6chten, k\u00f6nnen wir auch dort helfen. M\u00f6chten Sie mehr \u00fcber Oralsex-Techniken erfahren? Fragen Sie uns! M\u00f6chten Sie mehr \u00fcber BDSM erfahren? Lassen Sie es uns wissen! Wir lieben es, \u00fcber alles zu reden, was verworren ist!<\/p>\n<h2>Was ist die beste Website zu verwenden?<\/h2>\n<p>Ich bin mir sicher, dass sich viele von uns auf eine bessere Zukunft freuen, in der wir nicht mehr online f\u00fcr Pornos bezahlen m\u00fcssen. Aber nur weil es viele gro\u00dfartige kostenlose Pornoseiten gibt, bedeutet das nicht, dass es immer einfach ist, eine zu finden, die gut funktioniert. Wenn Sie nach einer Premium-Site suchen, die qualitativ hochwertige Videos, Cam-Girls und Live-Webcam-Chats anbietet, sollten Sie sicherstellen, dass Sie eine seri\u00f6se Quelle ausw\u00e4hlen.<\/p>\n<h3>Chaturbate |<\/h3>\n<p>Chaturbate ist eine der beliebtesten Webcam-Sites online. Wenn Sie einige hei\u00dfe Live-Sex-Videos sehen m\u00f6chten, dann sind Sie wahrscheinlich bereits damit vertraut. Aber wussten Sie, dass es viele verschiedene M\u00f6glichkeiten gibt, Cam Girls zu durchsuchen? Hier sind drei einfache Methoden.<\/p>\n<p>Es gibt Tausende von Cam-Girls auf Chaturbate, und jedes Model hat normalerweise mehrere Videoclips, in denen sie bestimmte sexuelle Handlungen ausf\u00fchrt. Wenn Sie zum Beispiel zusehen m\u00f6chten, wie sie masturbiert, k\u00f6nnen Sie unter der Registerkarte &#8222;Masturbation&#8220; nachsehen. Einige Modelle haben mehrere Masturbationsvideos, w\u00e4hrend andere nur ein oder zwei haben.<\/p>\n<h2>M\u00fcssen Sie bezahlen?<\/h2>\n<p>Alle oben aufgef\u00fchrten Websites \/ M\u00e4dchen sind v\u00f6llig kostenlos zu durchsuchen, so dass Sie sich keine Sorgen machen m\u00fcssen, Geld f\u00fcr ihre Inhalte auszugeben. Wenn Sie jedoch lieber die Cam-Girls unterst\u00fctzen, die Sie m\u00f6gen, akzeptieren viele von ihnen Tipps \u00fcber PayPal. Dies macht es einfacher, ihnen Geld direkt von Ihrem Browser zu senden. Dar\u00fcber hinaus bieten viele der Websites Rabatte f\u00fcr die Anmeldung zu Premium-Mitgliedschaften an. Sie k\u00f6nnen sich beispielsweise f\u00fcr eine einmonatige Probemitgliedschaft f\u00fcr 1,99 USD pro Tag anmelden oder VIP-Mitglied f\u00fcr 29,95 USD pro Monat werden.<\/p>\n<p>Das meiste davon findet auf Cam-Sites f\u00fcr Erwachsene statt. Camming f\u00fcr Erwachsene ist die Praxis, sich \u00fcber Live-Video-Feeds an Webcam-Chats zu beteiligen. Diese Arten von Webcams erm\u00f6glichen es den Menschen, sich zu sehen, w\u00e4hrend sie von Angesicht zu Angesicht sprechen. Tats\u00e4chlich nutzen die meisten Menschen Cam-Sites, weil sie nicht f\u00fcr Telefonanrufe bezahlen m\u00f6chten. Der gr\u00f6\u00dfte Unterschied zwischen normalen Chatrooms und Cam-Sites besteht jedoch darin, dass Cam-Sites eine Registrierung erfordern. Neben der Bereitstellung von kostenlosem Video-Chat bieten Cam-Sites h\u00e4ufig zus\u00e4tzliche Funktionen wie Instant Messaging, Text-Chat und E-Mail. Chaturbate bietet beispielsweise kostenlosen Video-Chat, Live-\u00dcbertragungen und Instant Messaging. Eine weitere beliebte Website, My Free Cams, bietet kostenlosen Video-Chat, Audio-Chat und Instant Messaging.<\/p>\n","protected":false},"excerpt":{"rendered":"<p>Meet in Chat ist der beste Ort, um echte Menschen zu finden, mit denen man online schmutzig reden kann! Sie werden nicht glauben, wie einfach &hellip; <\/p>\n","protected":false},"author":1,"featured_media":143,"parent":0,"menu_order":0,"comment_status":"closed","ping_status":"closed","template":"","meta":[],"yoast_head":"<!-- This site is optimized with the Yoast SEO plugin v17.7.1 - https:\/\/yoast.com\/wordpress\/plugins\/seo\/ -->\n<title>Sex-Chat-R\u00e4ume - Jerk Dating<\/title>\n<meta name=\"robots\" content=\"index, follow, max-snippet:-1, max-image-preview:large, max-video-preview:-1\" \/>\n<link rel=\"canonical\" href=\"https:\/\/mamasjerkstation.com\/de\/sex-chat-raeume\/\" \/>\n<meta property=\"og:locale\" content=\"de_DE\" \/>\n<meta property=\"og:type\" content=\"article\" \/>\n<meta property=\"og:title\" content=\"Sex-Chat-R\u00e4ume - Jerk Dating\" \/>\n<meta property=\"og:description\" content=\"Meet in Chat ist der beste Ort, um echte Menschen zu finden, mit denen man online schmutzig reden kann! Sie werden nicht glauben, wie einfach &hellip;\" \/>\n<meta property=\"og:url\" content=\"https:\/\/mamasjerkstation.com\/de\/sex-chat-raeume\/\" \/>\n<meta property=\"og:site_name\" content=\"Jerk Dating\" \/>\n<meta property=\"og:image\" content=\"http:\/\/mamasjerkstation.com\/wp-content\/uploads\/2022\/08\/online-sex-sites.jpeg\" \/>\n\t<meta property=\"og:image:width\" content=\"2250\" \/>\n\t<meta property=\"og:image:height\" content=\"1500\" \/>\n<meta name=\"twitter:card\" content=\"summary_large_image\" \/>\n<meta name=\"twitter:label1\" content=\"Gesch\u00e4tzte Lesezeit\" \/>\n\t<meta name=\"twitter:data1\" content=\"3\u00a0Minuten\" \/>\n<script type=\"application\/ld+json\" class=\"yoast-schema-graph\">{\"@context\":\"https:\/\/schema.org\",\"@graph\":[{\"@type\":\"WebSite\",\"@id\":\"https:\/\/mamasjerkstation.com\/#website\",\"url\":\"https:\/\/mamasjerkstation.com\/\",\"name\":\"Jerk Dating\",\"description\":\"Online Sex Websites\",\"potentialAction\":[{\"@type\":\"SearchAction\",\"target\":{\"@type\":\"EntryPoint\",\"urlTemplate\":\"https:\/\/mamasjerkstation.com\/?s={search_term_string}\"},\"query-input\":\"required name=search_term_string\"}],\"inLanguage\":\"de\"},{\"@type\":\"ImageObject\",\"@id\":\"https:\/\/mamasjerkstation.com\/de\/sex-chat-raeume\/#primaryimage\",\"inLanguage\":\"de\",\"url\":\"https:\/\/mamasjerkstation.com\/wp-content\/uploads\/2022\/08\/online-sex-sites.jpeg\",\"contentUrl\":\"https:\/\/mamasjerkstation.com\/wp-content\/uploads\/2022\/08\/online-sex-sites.jpeg\",\"width\":2250,\"height\":1500},{\"@type\":\"WebPage\",\"@id\":\"https:\/\/mamasjerkstation.com\/de\/sex-chat-raeume\/#webpage\",\"url\":\"https:\/\/mamasjerkstation.com\/de\/sex-chat-raeume\/\",\"name\":\"Sex-Chat-R\\u00e4ume - Jerk Dating\",\"isPartOf\":{\"@id\":\"https:\/\/mamasjerkstation.com\/#website\"},\"primaryImageOfPage\":{\"@id\":\"https:\/\/mamasjerkstation.com\/de\/sex-chat-raeume\/#primaryimage\"},\"datePublished\":\"2022-08-19T17:41:19+00:00\",\"dateModified\":\"2022-08-19T17:41:19+00:00\",\"breadcrumb\":{\"@id\":\"https:\/\/mamasjerkstation.com\/de\/sex-chat-raeume\/#breadcrumb\"},\"inLanguage\":\"de\",\"potentialAction\":[{\"@type\":\"ReadAction\",\"target\":[\"https:\/\/mamasjerkstation.com\/de\/sex-chat-raeume\/\"]}]},{\"@type\":\"BreadcrumbList\",\"@id\":\"https:\/\/mamasjerkstation.com\/de\/sex-chat-raeume\/#breadcrumb\",\"itemListElement\":[{\"@type\":\"ListItem\",\"position\":1,\"name\":\"Home\",\"item\":\"http:\/\/mamasjerkstation.com\/de\/\"},{\"@type\":\"ListItem\",\"position\":2,\"name\":\"Sex-Chat-R\\u00e4ume\"}]}]}<\/script>\n<!-- \/ Yoast SEO plugin. -->","yoast_head_json":{"title":"Sex-Chat-R\u00e4ume - Jerk Dating","robots":{"index":"index","follow":"follow","max-snippet":"max-snippet:-1","max-image-preview":"max-image-preview:large","max-video-preview":"max-video-preview:-1"},"canonical":"https:\/\/mamasjerkstation.com\/de\/sex-chat-raeume\/","og_locale":"de_DE","og_type":"article","og_title":"Sex-Chat-R\u00e4ume - Jerk Dating","og_description":"Meet in Chat ist der beste Ort, um echte Menschen zu finden, mit denen man online schmutzig reden kann! Sie werden nicht glauben, wie einfach &hellip;","og_url":"https:\/\/mamasjerkstation.com\/de\/sex-chat-raeume\/","og_site_name":"Jerk Dating","og_image":[{"width":2250,"height":1500,"url":"http:\/\/mamasjerkstation.com\/wp-content\/uploads\/2022\/08\/online-sex-sites.jpeg","type":"image\/jpeg"}],"twitter_card":"summary_large_image","twitter_misc":{"Gesch\u00e4tzte Lesezeit":"3\u00a0Minuten"},"schema":{"@context":"https:\/\/schema.org","@graph":[{"@type":"WebSite","@id":"https:\/\/mamasjerkstation.com\/#website","url":"https:\/\/mamasjerkstation.com\/","name":"Jerk Dating","description":"Online Sex Websites","potentialAction":[{"@type":"SearchAction","target":{"@type":"EntryPoint","urlTemplate":"https:\/\/mamasjerkstation.com\/?s={search_term_string}"},"query-input":"required name=search_term_string"}],"inLanguage":"de"},{"@type":"ImageObject","@id":"https:\/\/mamasjerkstation.com\/de\/sex-chat-raeume\/#primaryimage","inLanguage":"de","url":"https:\/\/mamasjerkstation.com\/wp-content\/uploads\/2022\/08\/online-sex-sites.jpeg","contentUrl":"https:\/\/mamasjerkstation.com\/wp-content\/uploads\/2022\/08\/online-sex-sites.jpeg","width":2250,"height":1500},{"@type":"WebPage","@id":"https:\/\/mamasjerkstation.com\/de\/sex-chat-raeume\/#webpage","url":"https:\/\/mamasjerkstation.com\/de\/sex-chat-raeume\/","name":"Sex-Chat-R\u00e4ume - Jerk Dating","isPartOf":{"@id":"https:\/\/mamasjerkstation.com\/#website"},"primaryImageOfPage":{"@id":"https:\/\/mamasjerkstation.com\/de\/sex-chat-raeume\/#primaryimage"},"datePublished":"2022-08-19T17:41:19+00:00","dateModified":"2022-08-19T17:41:19+00:00","breadcrumb":{"@id":"https:\/\/mamasjerkstation.com\/de\/sex-chat-raeume\/#breadcrumb"},"inLanguage":"de","potentialAction":[{"@type":"ReadAction","target":["https:\/\/mamasjerkstation.com\/de\/sex-chat-raeume\/"]}]},{"@type":"BreadcrumbList","@id":"https:\/\/mamasjerkstation.com\/de\/sex-chat-raeume\/#breadcrumb","itemListElement":[{"@type":"ListItem","position":1,"name":"Home","item":"http:\/\/mamasjerkstation.com\/de\/"},{"@type":"ListItem","position":2,"name":"Sex-Chat-R\u00e4ume"}]}]}},"_links":{"self":[{"href":"https:\/\/mamasjerkstation.com\/de\/wp-json\/wp\/v2\/pages\/333"}],"collection":[{"href":"https:\/\/mamasjerkstation.com\/de\/wp-json\/wp\/v2\/pages"}],"about":[{"href":"https:\/\/mamasjerkstation.com\/de\/wp-json\/wp\/v2\/types\/page"}],"author":[{"embeddable":true,"href":"https:\/\/mamasjerkstation.com\/de\/wp-json\/wp\/v2\/users\/1"}],"replies":[{"embeddable":true,"href":"https:\/\/mamasjerkstation.com\/de\/wp-json\/wp\/v2\/comments?post=333"}],"version-history":[{"count":0,"href":"https:\/\/mamasjerkstation.com\/de\/wp-json\/wp\/v2\/pages\/333\/revisions"}],"wp:featuredmedia":[{"embeddable":true,"href":"https:\/\/mamasjerkstation.com\/de\/wp-json\/wp\/v2\/media\/143"}],"wp:attachment":[{"href":"https:\/\/mamasjerkstation.com\/de\/wp-json\/wp\/v2\/media?parent=333"}],"curies":[{"name":"wp","href":"https:\/\/api.w.org\/{rel}","templated":true}]}}